{"id":10180,"date":"2021-07-12T17:12:01","date_gmt":"2021-07-12T17:12:01","guid":{"rendered":"https:\/\/legendatours.com\/?page_id=10180"},"modified":"2021-08-22T18:37:29","modified_gmt":"2021-08-22T18:37:29","slug":"declaring-climate-emergency","status":"publish","type":"page","link":"https:\/\/legendatours.com\/de\/declaring-climate-emergency\/","title":{"rendered":"Legendary Adventure erkl\u00e4rt Klimanotstand"},"content":{"rendered":"<div id=\"testimonials\"  data-column-margin=\"default\" data-midnight=\"dark\" data-bottom-percent=\"8%\"  class=\"wpb_row vc_row-fluid vc_row full-width-content vc_row-o-equal-height vc_row-flex vc_row-o-content-top\"  style=\"padding-top: 0px; padding-bottom: calc(100vw * 0.08); \"><div class=\"row-bg-wrap\" data-bg-animation=\"none\" data-bg-animation-delay=\"\" data-bg-overlay=\"false\"><div class=\"inner-wrap row-bg-layer\" ><div class=\"row-bg viewport-desktop\"  style=\"\"><\/div><\/div><\/div><div class=\"row_col_wrap_12 col span_12 dark left\">\n\t<div  class=\"vc_col-sm-12 wpb_column column_container vc_column_container col no-extra-padding inherit_tablet inherit_phone\"  data-padding-pos=\"all\" data-has-bg-color=\"false\" data-bg-color=\"\" data-bg-opacity=\"1\" data-animation=\"\" data-delay=\"0\" >\n\t\t<div class=\"vc_column-inner\" >\n\t\t\t<div class=\"wpb_wrapper\">\n\t\t\t\t\n\t\t\t<\/div> \n\t\t<\/div>\n\t<\/div> \n<\/div><\/div>\n\t\t<div id=\"testimonials\"  data-column-margin=\"default\" data-midnight=\"dark\"  class=\"wpb_row vc_row-fluid vc_row full-width-section\"  style=\"padding-top: 0px; padding-bottom: 0px; \"><div class=\"row-bg-wrap\" data-bg-animation=\"none\" data-bg-animation-delay=\"\" data-bg-overlay=\"false\"><div class=\"inner-wrap row-bg-layer\" ><div class=\"row-bg viewport-desktop\"  style=\"\"><\/div><\/div><\/div><div class=\"row_col_wrap_12 col span_12 dark left\">\n\t<div  class=\"vc_col-sm-12 wpb_column column_container vc_column_container col no-extra-padding inherit_tablet inherit_phone\"  data-padding-pos=\"all\" data-has-bg-color=\"false\" data-bg-color=\"\" data-bg-opacity=\"1\" data-animation=\"\" data-delay=\"0\" >\n\t\t<div class=\"vc_column-inner\" >\n\t\t\t<div class=\"wpb_wrapper\">\n\t\t\t\t<div id=\"fws_69e36fb02610f\" data-midnight=\"\" data-column-margin=\"default\" class=\"wpb_row vc_row-fluid vc_row inner_row\"  style=\"\"><div class=\"row-bg-wrap\"> <div class=\"row-bg\" ><\/div> <\/div><div class=\"row_col_wrap_12_inner col span_12  left\">\n\t<div  class=\"vc_col-sm-12 wpb_column column_container vc_column_container col child_column no-extra-padding inherit_tablet inherit_phone\"   data-padding-pos=\"all\" data-has-bg-color=\"false\" data-bg-color=\"\" data-bg-opacity=\"1\" data-animation=\"\" data-delay=\"0\" >\n\t\t<div class=\"vc_column-inner\" >\n\t\t<div class=\"wpb_wrapper\">\n\t\t\t<h2 style=\"color: #1e1e31;text-align: left;font-family:Yanone Kaffeesatz;font-weight:400;font-style:normal\" class=\"vc_custom_heading vc_do_custom_heading\" >LEGEND\u00c4RES ABENTEUER ERKL\u00c4RT EINE KLIMANOTWENDIGKEIT<\/h2><div class=\"divider-wrap\" data-alignment=\"default\"><div style=\"margin-top: 10px; height: 1px; margin-bottom: 10px;\" data-width=\"100%\" data-animate=\"\" data-animation-delay=\"\" data-color=\"default\" class=\"divider-border\"><\/div><\/div>\n<div class=\"wpb_text_column wpb_content_element  vc_custom_1626111380280\" >\n\t<p>&nbsp;<\/p>\n<h3>Aus diesem Grund:<\/h3>\n<p>&nbsp;<\/p>\n<p>In den letzten 10 Jahren begr\u00fc\u00dft Legendary Adventure kleine Gruppen von Wanderern und Naturreisenden in Portugal und bietet ihnen engen Kontakt mit den Naturwundern und der Kultur unseres Landes.<\/p>\n<p>Wir haben schon immer einen langsamen Reiseansatz verfolgt, mit Erfahrungen, die die Orte, die wir besuchen, und die Menschen, die wir treffen, zur\u00fcckgeben. Wir verwenden lokale Lieferanten, die sich im Besitz der Einheimischen befinden und von ihnen betrieben werden, essen in lokalen Restaurants und \u00fcbernachten in lokal gef\u00fchrten Unterk\u00fcnften.<\/p>\n<p>Wir sind vom portugiesischen Tourismusverband als nachhaltiges Tourismusunternehmen anerkannt und der Kern unseres Gesch\u00e4fts besteht darin, unser wundersch\u00f6nes Land zu Fu\u00df oder mit dem Fahrrad zu erkunden, aber wir k\u00f6nnen nicht ignorieren, dass wir Teil einer Branche mit einer riesigen negative Auswirkungen auf unseren Planeten und auf unsere gemeinsamen Ressourcen.<\/p>\n<p>Allein die Tourismusbranche ist f\u00fcr 81 TP1T des weltweiten CO2-Fu\u00dfabdrucks verantwortlich. Aus diesem Grund und weil ein Wechsel unbedingt notwendig und unvermeidlich ist, haben wir uns entschlossen, der <a href=\"https:\/\/www.tourismdeclares.com\/\" target=\"_blank\" rel=\"noopener\">Netzwerk von Organisationen, Unternehmen und Einzelpersonen, die im Tourismus t\u00e4tig sind und den Klimanotstand ausgerufen haben<\/a>.<\/p>\n<p>Wir glauben, dass es unsere pers\u00f6nliche und soziale Verantwortung ist, als Unternehmen und als Gruppe von Menschen, die die Natur lieben und das Reisen lieben, alles zu tun, um diese Erde f\u00fcr unsere zuk\u00fcnftigen Generationen zu erhalten.<\/p>\n<p>Wir arbeiten bereits in unserer Zentrale an einer Zero-Waste-to-Deponie-Richtlinie und pr\u00fcfen L\u00f6sungen, um unseren Fu\u00dfabdruck noch weiter zu reduzieren.<\/p>\n<p>Aus diesem Grund haben wir uns dem Tourismusverband \u201eTourism Declares a Climate Emergency\u201c angeschlossen, einem Kollektiv von 287 Reiseorganisationen, Unternehmen und Fachleuten, die den Klimanotstand ausgerufen haben und zusammenkommen, um L\u00f6sungen zu finden.<\/p>\n<p>Wir erkennen die wissenschaftliche Aussage an, dass wir jetzt handeln m\u00fcssen, um diese Krise im n\u00e4chsten Jahrzehnt zu bew\u00e4ltigen.<\/p>\n<p>Wir nehmen unsere Verantwortung wahr, um die Wahrheit zu sagen, arbeiten zusammen und helfen beim Aufbau einer neuen, regenerativen Tourismusbranche.<\/p>\n<p>Wir haben uns zu folgenden f\u00fcnf Ma\u00dfnahmen verpflichtet:<\/p>\n<ol>\n<li>Entwickeln Sie innerhalb der n\u00e4chsten 12 Monate einen \u201eKlimanotfallplan\u201c, der unsere Absichten zur Reduzierung der CO2-Emissionen im n\u00e4chsten Jahrzehnt darlegt.<\/li>\n<li>Teilen Sie eine erste \u00f6ffentliche Erkl\u00e4rung unseres \u201eKlimanotfallplans\u201c und informieren Sie sich jedes Jahr \u00fcber die Fortschritte.<\/li>\n<li>Akzeptieren Sie den aktuellen Rat des IPCC, der besagt, dass die globalen CO2-Emissionen bis 2030 auf 551 TP1T unter das Niveau von 2017 gesenkt werden m\u00fcssen, um die Erw\u00e4rmung des Planeten innerhalb von 1,5 Grad zu halten. Wir werden sicherstellen, dass unser \u201eKlimanotfallplan\u201c Ma\u00dfnahmen darstellt, die darauf ausgerichtet sind, dies zumindest zu erreichen, indem wir transparente, messbare und zunehmende Reduzierungen der Gesamtkohlenstoffemissionen pro Kunde aus unserem Betrieb und den von uns verkauften Reisedienstleistungen liefern.<\/li>\n<li>Ermutigen Sie unsere Lieferanten und Partner, dieselbe Erkl\u00e4rung abzugeben; Austausch bew\u00e4hrter Verfahren unter Kollegen; und aktiv an der Tourism Declares Community teilnehmen<\/li>\n<li>Anwalt f\u00fcr Ver\u00e4nderung. Wir erkennen die Notwendigkeit eines Systemwechsels in der gesamten Branche an und fordern dringend regulatorische Ma\u00dfnahmen, um den \u00dcbergang zu einem CO2-freien Flugverkehr zu beschleunigen.<\/li>\n<\/ol>\n<p>Wir teilen die Grund\u00fcberzeugung, dass verantwortungsvolles Reisen zu nachhaltigem Tourismus f\u00fchrt, und die grundlegenden Prinzipien und Ziele unserer Nachhaltigkeitsrichtlinien k\u00f6nnen nachgelesen werden <a href=\"https:\/\/legendatours.com\/de\/sustainable-tourism\/\">Hier<\/a>.<\/p>\n<p>Dies ist ein Dokument und ein laufender Prozess f\u00fcr eine bessere und gerechtere Art des Reisens.<\/p>\n<\/div>\n\n\n\n\n\t\t<\/div> \n\t<\/div>\n\t<\/div> \n<\/div><\/div>\n\t\t\t<\/div> \n\t\t<\/div>\n\t<\/div> \n<\/div><\/div>","protected":false},"excerpt":{"rendered":"LEGENDARY ADVENTURE ERKL\u00c4RT DEN KLIMANOTFALL Aus diesem Grund: In den letzten 10 Jahren hat Legendary Adventure kleine Gruppen von Wanderern und Naturreisenden in Portugal willkommen gehei\u00dfen und ihnen engen Kontakt mit den Naturwundern und der Kultur unseres Landes erm\u00f6glicht. Wir hatten schon immer einen langsamen Reiseansatz, mit Erfahrungen, die den Orten, die wir besuchen, etwas zur\u00fcckgeben, und die...","protected":false},"author":8,"featured_media":0,"parent":0,"menu_order":0,"comment_status":"closed","ping_status":"closed","template":"","meta":{"_acf_changed":false,"inline_featured_image":false,"footnotes":""},"class_list":["post-10180","page","type-page","status-publish"],"acf":[],"yoast_head":"<!-- This site is optimized with the Yoast SEO Premium plugin v26.8 (Yoast SEO v27.4) - https:\/\/yoast.com\/product\/yoast-seo-premium-wordpress\/ -->\n<title>Legendary Adventure is declaring Climate Emergency<\/title>\n<meta name=\"description\" content=\"LEGENDARY ADVENTURE DECLARES A CLIMATE EMERGENCY\" \/>\n<meta name=\"robots\" content=\"index, follow, max-snippet:-1, max-image-preview:large, max-video-preview:-1\" \/>\n<link rel=\"canonical\" href=\"https:\/\/legendatours.com\/de\/declaring-climate-emergency\/\" \/>\n<meta property=\"og:locale\" content=\"de_DE\" \/>\n<meta property=\"og:type\" content=\"article\" \/>\n<meta property=\"og:title\" content=\"LEGENDARY ADVENTURE DECLARES A CLIMATE EMERGENCY\" \/>\n<meta property=\"og:description\" content=\"LEGENDARY ADVENTURE DECLARES A CLIMATE EMERGENCY\" \/>\n<meta property=\"og:url\" content=\"https:\/\/legendatours.com\/de\/declaring-climate-emergency\/\" \/>\n<meta property=\"og:site_name\" content=\"Legendary Adventure DMC Portugal\" \/>\n<meta property=\"article:publisher\" content=\"https:\/\/www.facebook.com\/legendaryadventuredmc\/\" \/>\n<meta property=\"article:modified_time\" content=\"2021-08-22T18:37:29+00:00\" \/>\n<meta property=\"og:image\" content=\"https:\/\/legendatours.com\/wp-content\/uploads\/sites\/12\/2021\/06\/legendary_adventure_declares_climate_emergency.png\" \/>\n\t<meta property=\"og:image:width\" content=\"134\" \/>\n\t<meta property=\"og:image:height\" content=\"59\" \/>\n\t<meta property=\"og:image:type\" content=\"image\/png\" \/>\n<meta name=\"twitter:card\" content=\"summary_large_image\" \/>\n<meta name=\"twitter:title\" content=\"LEGENDARY ADVENTURE DECLARES A CLIMATE EMERGENCY\" \/>\n<meta name=\"twitter:description\" content=\"LEGENDARY ADVENTURE DECLARES A CLIMATE EMERGENCY\" \/>\n<meta name=\"twitter:image\" content=\"https:\/\/legendatours.com\/wp-content\/uploads\/sites\/12\/2021\/06\/legendary_adventure_declares_climate_emergency.png\" \/>\n<meta name=\"twitter:label1\" content=\"Gesch\u00e4tzte Lesezeit\" \/>\n\t<meta name=\"twitter:data1\" content=\"3\u00a0Minuten\" \/>\n<script type=\"application\/ld+json\" class=\"yoast-schema-graph\">{\"@context\":\"https:\\\/\\\/schema.org\",\"@graph\":[{\"@type\":\"WebPage\",\"@id\":\"https:\\\/\\\/legendatours.com\\\/fr\\\/declaring-climate-emergency\\\/\",\"url\":\"https:\\\/\\\/legendatours.com\\\/fr\\\/declaring-climate-emergency\\\/\",\"name\":\"Legendary Adventure is declaring Climate Emergency\",\"isPartOf\":{\"@id\":\"https:\\\/\\\/legendatours.com\\\/#website\"},\"datePublished\":\"2021-07-12T17:12:01+00:00\",\"dateModified\":\"2021-08-22T18:37:29+00:00\",\"description\":\"LEGENDARY ADVENTURE DECLARES A CLIMATE EMERGENCY\",\"breadcrumb\":{\"@id\":\"https:\\\/\\\/legendatours.com\\\/fr\\\/declaring-climate-emergency\\\/#breadcrumb\"},\"inLanguage\":\"de\",\"potentialAction\":[{\"@type\":\"ReadAction\",\"target\":[\"https:\\\/\\\/legendatours.com\\\/fr\\\/declaring-climate-emergency\\\/\"]}]},{\"@type\":\"BreadcrumbList\",\"@id\":\"https:\\\/\\\/legendatours.com\\\/fr\\\/declaring-climate-emergency\\\/#breadcrumb\",\"itemListElement\":[{\"@type\":\"ListItem\",\"position\":1,\"name\":\"Home\",\"item\":\"https:\\\/\\\/legendatours.com\\\/\"},{\"@type\":\"ListItem\",\"position\":2,\"name\":\"Legendary Adventure is declaring Climate Emergency\"}]},{\"@type\":\"WebSite\",\"@id\":\"https:\\\/\\\/legendatours.com\\\/#website\",\"url\":\"https:\\\/\\\/legendatours.com\\\/\",\"name\":\"Legendary Adventure DMC Portugal\",\"description\":\"Responsible Walking &amp; Nature Holidays in Portugal\",\"publisher\":{\"@id\":\"https:\\\/\\\/legendatours.com\\\/#organization\"},\"alternateName\":\"Legendary Adventure Portugal\",\"potentialAction\":[{\"@type\":\"SearchAction\",\"target\":{\"@type\":\"EntryPoint\",\"urlTemplate\":\"https:\\\/\\\/legendatours.com\\\/?s={search_term_string}\"},\"query-input\":{\"@type\":\"PropertyValueSpecification\",\"valueRequired\":true,\"valueName\":\"search_term_string\"}}],\"inLanguage\":\"de\"},{\"@type\":\"Organization\",\"@id\":\"https:\\\/\\\/legendatours.com\\\/#organization\",\"name\":\"legendatours.com\",\"url\":\"https:\\\/\\\/legendatours.com\\\/\",\"logo\":{\"@type\":\"ImageObject\",\"inLanguage\":\"de\",\"@id\":\"https:\\\/\\\/legendatours.com\\\/#\\\/schema\\\/logo\\\/image\\\/\",\"url\":\"https:\\\/\\\/legendatours.com\\\/wp-content\\\/uploads\\\/sites\\\/12\\\/2021\\\/06\\\/legendary_adventure_dmc.png\",\"contentUrl\":\"https:\\\/\\\/legendatours.com\\\/wp-content\\\/uploads\\\/sites\\\/12\\\/2021\\\/06\\\/legendary_adventure_dmc.png\",\"width\":250,\"height\":74,\"caption\":\"legendatours.com\"},\"image\":{\"@id\":\"https:\\\/\\\/legendatours.com\\\/#\\\/schema\\\/logo\\\/image\\\/\"},\"sameAs\":[\"https:\\\/\\\/www.facebook.com\\\/legendaryadventuredmc\\\/\",\"https:\\\/\\\/www.linkedin.com\\\/company\\\/legendary-adventure-dmc-portugal\",\"https:\\\/\\\/www.youtube.com\\\/channel\\\/UCOIRDx_KM6ynIcacQkZjb6g\"]}]}<\/script>\n<!-- \/ Yoast SEO Premium plugin. -->","yoast_head_json":{"title":"Legendary Adventure erkl\u00e4rt Klimanotstand","description":"LEGEND\u00c4RES ABENTEUER ERKL\u00c4RT EINE KLIMANOTWENDIGKEIT","robots":{"index":"index","follow":"follow","max-snippet":"max-snippet:-1","max-image-preview":"max-image-preview:large","max-video-preview":"max-video-preview:-1"},"canonical":"https:\/\/legendatours.com\/de\/declaring-climate-emergency\/","og_locale":"de_DE","og_type":"article","og_title":"LEGENDARY ADVENTURE DECLARES A CLIMATE EMERGENCY","og_description":"LEGENDARY ADVENTURE DECLARES A CLIMATE EMERGENCY","og_url":"https:\/\/legendatours.com\/de\/declaring-climate-emergency\/","og_site_name":"Legendary Adventure DMC Portugal","article_publisher":"https:\/\/www.facebook.com\/legendaryadventuredmc\/","article_modified_time":"2021-08-22T18:37:29+00:00","og_image":[{"width":134,"height":59,"url":"https:\/\/legendatours.com\/wp-content\/uploads\/sites\/12\/2021\/06\/legendary_adventure_declares_climate_emergency.png","type":"image\/png"}],"twitter_card":"summary_large_image","twitter_title":"LEGENDARY ADVENTURE DECLARES A CLIMATE EMERGENCY","twitter_description":"LEGENDARY ADVENTURE DECLARES A CLIMATE EMERGENCY","twitter_image":"https:\/\/legendatours.com\/wp-content\/uploads\/sites\/12\/2021\/06\/legendary_adventure_declares_climate_emergency.png","twitter_misc":{"Gesch\u00e4tzte Lesezeit":"3\u00a0Minuten"},"schema":{"@context":"https:\/\/schema.org","@graph":[{"@type":"WebPage","@id":"https:\/\/legendatours.com\/fr\/declaring-climate-emergency\/","url":"https:\/\/legendatours.com\/fr\/declaring-climate-emergency\/","name":"Legendary Adventure erkl\u00e4rt Klimanotstand","isPartOf":{"@id":"https:\/\/legendatours.com\/#website"},"datePublished":"2021-07-12T17:12:01+00:00","dateModified":"2021-08-22T18:37:29+00:00","description":"LEGEND\u00c4RES ABENTEUER ERKL\u00c4RT EINE KLIMANOTWENDIGKEIT","breadcrumb":{"@id":"https:\/\/legendatours.com\/fr\/declaring-climate-emergency\/#breadcrumb"},"inLanguage":"de","potentialAction":[{"@type":"ReadAction","target":["https:\/\/legendatours.com\/fr\/declaring-climate-emergency\/"]}]},{"@type":"BreadcrumbList","@id":"https:\/\/legendatours.com\/fr\/declaring-climate-emergency\/#breadcrumb","itemListElement":[{"@type":"ListItem","position":1,"name":"Home","item":"https:\/\/legendatours.com\/"},{"@type":"ListItem","position":2,"name":"Legendary Adventure is declaring Climate Emergency"}]},{"@type":"WebSite","@id":"https:\/\/legendatours.com\/#website","url":"https:\/\/legendatours.com\/","name":"Legend\u00e4res Abenteuer DMC Portugal","description":"Verantwortungsvolles Wandern und Natururlaub in Portugal","publisher":{"@id":"https:\/\/legendatours.com\/#organization"},"alternateName":"Legendary Adventure Portugal","potentialAction":[{"@type":"SearchAction","target":{"@type":"EntryPoint","urlTemplate":"https:\/\/legendatours.com\/?s={search_term_string}"},"query-input":{"@type":"PropertyValueSpecification","valueRequired":true,"valueName":"search_term_string"}}],"inLanguage":"de"},{"@type":"Organization","@id":"https:\/\/legendatours.com\/#organization","name":"legendatours.com","url":"https:\/\/legendatours.com\/","logo":{"@type":"ImageObject","inLanguage":"de","@id":"https:\/\/legendatours.com\/#\/schema\/logo\/image\/","url":"https:\/\/legendatours.com\/wp-content\/uploads\/sites\/12\/2021\/06\/legendary_adventure_dmc.png","contentUrl":"https:\/\/legendatours.com\/wp-content\/uploads\/sites\/12\/2021\/06\/legendary_adventure_dmc.png","width":250,"height":74,"caption":"legendatours.com"},"image":{"@id":"https:\/\/legendatours.com\/#\/schema\/logo\/image\/"},"sameAs":["https:\/\/www.facebook.com\/legendaryadventuredmc\/","https:\/\/www.linkedin.com\/company\/legendary-adventure-dmc-portugal","https:\/\/www.youtube.com\/channel\/UCOIRDx_KM6ynIcacQkZjb6g"]}]}},"_links":{"self":[{"href":"https:\/\/legendatours.com\/de\/wp-json\/wp\/v2\/pages\/10180","targetHints":{"allow":["GET"]}}],"collection":[{"href":"https:\/\/legendatours.com\/de\/wp-json\/wp\/v2\/pages"}],"about":[{"href":"https:\/\/legendatours.com\/de\/wp-json\/wp\/v2\/types\/page"}],"author":[{"embeddable":true,"href":"https:\/\/legendatours.com\/de\/wp-json\/wp\/v2\/users\/8"}],"replies":[{"embeddable":true,"href":"https:\/\/legendatours.com\/de\/wp-json\/wp\/v2\/comments?post=10180"}],"version-history":[{"count":0,"href":"https:\/\/legendatours.com\/de\/wp-json\/wp\/v2\/pages\/10180\/revisions"}],"wp:attachment":[{"href":"https:\/\/legendatours.com\/de\/wp-json\/wp\/v2\/media?parent=10180"}],"curies":[{"name":"wp","href":"https:\/\/api.w.org\/{rel}","templated":true}]}}