{"id":8573,"date":"2021-04-28T15:56:11","date_gmt":"2021-04-28T15:56:11","guid":{"rendered":"https:\/\/legendatours.com\/?page_id=8573"},"modified":"2021-08-22T09:56:32","modified_gmt":"2021-08-22T09:56:32","slug":"bespoke-services-tours-portugal","status":"publish","type":"page","link":"https:\/\/legendatours.com\/de\/our-services\/bespoke-services-tours-portugal\/","title":{"rendered":"Ma\u00dfgeschneiderte Dienstleistungen und Touren"},"content":{"rendered":"<div id=\"testimonials\"  data-column-margin=\"default\" data-midnight=\"dark\" data-bottom-percent=\"8%\"  class=\"wpb_row vc_row-fluid vc_row full-width-content vc_row-o-equal-height vc_row-flex vc_row-o-content-top\"  style=\"padding-top: 0px; padding-bottom: calc(100vw * 0.08); \"><div class=\"row-bg-wrap\" data-bg-animation=\"none\" data-bg-animation-delay=\"\" data-bg-overlay=\"false\"><div class=\"inner-wrap row-bg-layer\" ><div class=\"row-bg viewport-desktop\"  style=\"\"><\/div><\/div><\/div><div class=\"row_col_wrap_12 col span_12 dark left\">\n\t<div  class=\"vc_col-sm-12 wpb_column column_container vc_column_container col no-extra-padding inherit_tablet inherit_phone\"  data-padding-pos=\"all\" data-has-bg-color=\"false\" data-bg-color=\"\" data-bg-opacity=\"1\" data-animation=\"\" data-delay=\"0\" >\n\t\t<div class=\"vc_column-inner\" >\n\t\t\t<div class=\"wpb_wrapper\">\n\t\t\t\t\n\t\t\t<\/div> \n\t\t<\/div>\n\t<\/div> \n<\/div><\/div>\n\t\t<div id=\"testimonials\"  data-column-margin=\"default\" data-midnight=\"dark\"  class=\"wpb_row vc_row-fluid vc_row full-width-section\"  style=\"padding-top: 0px; padding-bottom: 0px; \"><div class=\"row-bg-wrap\" data-bg-animation=\"none\" data-bg-animation-delay=\"\" data-bg-overlay=\"false\"><div class=\"inner-wrap row-bg-layer\" ><div class=\"row-bg viewport-desktop\"  style=\"\"><\/div><\/div><\/div><div class=\"row_col_wrap_12 col span_12 dark left\">\n\t<div  class=\"vc_col-sm-12 wpb_column column_container vc_column_container col no-extra-padding inherit_tablet inherit_phone\"  data-padding-pos=\"all\" data-has-bg-color=\"false\" data-bg-color=\"\" data-bg-opacity=\"1\" data-animation=\"\" data-delay=\"0\" >\n\t\t<div class=\"vc_column-inner\" >\n\t\t\t<div class=\"wpb_wrapper\">\n\t\t\t\t<div id=\"fws_6a045fa52300e\" data-midnight=\"\" data-column-margin=\"default\" class=\"wpb_row vc_row-fluid vc_row inner_row\"  style=\"\"><div class=\"row-bg-wrap\"> <div class=\"row-bg\" ><\/div> <\/div><div class=\"row_col_wrap_12_inner col span_12  left\">\n\t<div  class=\"vc_col-sm-12 wpb_column column_container vc_column_container col child_column no-extra-padding inherit_tablet inherit_phone\"   data-padding-pos=\"all\" data-has-bg-color=\"false\" data-bg-color=\"\" data-bg-opacity=\"1\" data-animation=\"\" data-delay=\"0\" >\n\t\t<div class=\"vc_column-inner\" >\n\t\t<div class=\"wpb_wrapper\">\n\t\t\t<h2 style=\"color: #1e1e31;text-align: left;font-family:Yanone Kaffeesatz;font-weight:400;font-style:normal\" class=\"vc_custom_heading vc_do_custom_heading\" >MASSGESCHNEIDERTE TOUREN &amp; DIENSTLEISTUNGEN<\/h2><div class=\"divider-wrap\" data-alignment=\"default\"><div style=\"margin-top: 10px; height: 1px; margin-bottom: 10px;\" data-width=\"100%\" data-animate=\"\" data-animation-delay=\"\" data-color=\"default\" class=\"divider-border\"><\/div><\/div>\n<div class=\"wpb_text_column wpb_content_element  vc_custom_1624297228306\" >\n\t<p><span data-preserver-spaces=\"true\">W\u00e4hlen Sie eine Tour aus dem Legendary Adventure\u00a0<\/span><a class=\"editor-rtfLink\" href=\"https:\/\/legendatours.com\/de\/our-services\/small-group-holidays-portugal\/\" target=\"_blank\" rel=\"noopener\"><span data-preserver-spaces=\"true\">Gef\u00fchrte Gruppen<\/span><\/a><span data-preserver-spaces=\"true\"> Katalog! Wir k\u00f6nnen jede Reiseroute und jeden Service an Ihre Bed\u00fcrfnisse und Anforderungen anpassen oder mit Ihnen zusammenarbeiten, um eine brandneue Tour zu entwerfen.<br \/>\n<\/span><\/p>\n<p><span data-preserver-spaces=\"true\">Sie finden das umfangreichste Portfolio an <\/span><a class=\"editor-rtfLink\" href=\"https:\/\/legendatours.com\/de\/our-services\/small-group-holidays-portugal\/walking-holidays-portugal\/\" target=\"_blank\" rel=\"noopener\"><span data-preserver-spaces=\"true\">Gehen<\/span><\/a><span data-preserver-spaces=\"true\">,\u00a0<\/span><a class=\"editor-rtfLink\" href=\"https:\/\/legendatours.com\/de\/our-services\/small-group-holidays-portugal\/birdwatching-holidays-portugal\/\" target=\"_blank\" rel=\"noopener\"><span data-preserver-spaces=\"true\">V\u00f6gel beobachten<\/span><\/a><span data-preserver-spaces=\"true\">,\u00a0<\/span><a class=\"editor-rtfLink\" href=\"https:\/\/legendatours.com\/de\/our-services\/small-group-holidays-portugal\/cycling-holidays-portugal\/\" target=\"_blank\" rel=\"noopener\"><span data-preserver-spaces=\"true\">Radfahren<\/span><\/a><span data-preserver-spaces=\"true\">,\u00a0<\/span><a class=\"editor-rtfLink\" href=\"https:\/\/legendatours.com\/de\/our-services\/small-group-holidays-portugal\/train-rail-holidays-portugal\/\" target=\"_blank\" rel=\"noopener\"><span data-preserver-spaces=\"true\">Bahnreisen<\/span><\/a><span data-preserver-spaces=\"true\">,\u00a0<\/span><a class=\"editor-rtfLink\" href=\"https:\/\/legendatours.com\/de\/our-services\/small-group-holidays-portugal\/cultural-holidays-portugal\/\" target=\"_blank\" rel=\"noopener\"><span data-preserver-spaces=\"true\">Kultur,\u00a0<\/span><\/a><span data-preserver-spaces=\"true\">und\u00a0<\/span><a class=\"editor-rtfLink\" href=\"https:\/\/legendatours.com\/de\/our-services\/small-group-holidays-portugal\/\" target=\"_blank\" rel=\"noopener\"><span data-preserver-spaces=\"true\">Spezialreisen in Portugal<\/span><\/a><span data-preserver-spaces=\"true\">, das das ganze Land umfasst. Sorgf\u00e4ltig entworfen, getestet und geplant, um strenge Qualit\u00e4tskriterien zu erf\u00fcllen und\u00a0<\/span><a class=\"editor-rtfLink\" href=\"https:\/\/legendatours.com\/de\/sustainability\/\" target=\"_blank\" rel=\"noopener\"><span data-preserver-spaces=\"true\">Nachhaltigkeit<\/span><\/a><span data-preserver-spaces=\"true\">.<\/span><\/p>\n<p><span data-preserver-spaces=\"true\">Unser\u00a0<\/span><a class=\"editor-rtfLink\" href=\"https:\/\/legendatours.com\/de\/our-services\/self-guided-holidays-portugal\/\" target=\"_blank\" rel=\"noopener\"><span data-preserver-spaces=\"true\">Selbstgef\u00fchrte Touren<\/span><\/a><span data-preserver-spaces=\"true\">\u00a0stehen auch f\u00fcr Anpassungen zur Verf\u00fcgung: in Bezug auf Unterkunftsm\u00f6glichkeiten und andere Dienstleistungen, um Ihren Kunden einen besseren Service zu bieten.<\/span><\/p>\n<p><a class=\"editor-rtfLink\" href=\"mailto:info@legendatours.com\" target=\"_blank\" rel=\"noopener\"><span data-preserver-spaces=\"true\">Kontaktiere uns<\/span><\/a><span data-preserver-spaces=\"true\">: Unser erfahrenes Team wird weit dar\u00fcber hinaus gehen, um Ihnen die besten Programme und Reisel\u00f6sungen zu pr\u00e4sentieren.<\/span><\/p>\n<\/div>\n\n\n\n\n\t\t<\/div> \n\t<\/div>\n\t<\/div> \n<\/div><\/div>\n\t\t\t<\/div> \n\t\t<\/div>\n\t<\/div> \n<\/div><\/div>","protected":false},"excerpt":{"rendered":"MASSGESCHNEIDERTE TOUREN UND SERVICES W\u00e4hlen Sie eine beliebige Tour aus dem Katalog der Legendary Adventure Guided Groups! Wir k\u00f6nnen jede Reiseroute und jeden Service Ihren Bed\u00fcrfnissen und Anforderungen entsprechend ma\u00dfschneidern oder gemeinsam mit Ihnen eine brandneue Tour entwerfen. Sie finden das umfangreichste Portfolio an Wander-, Vogelbeobachtungs-, Rad-, Bahn-, Kultur- und Spezialtouren in Portugal, das das ganze Land abdeckt. Sorgf\u00e4ltig entworfen, getestet und geplant, um...","protected":false},"author":8,"featured_media":0,"parent":8567,"menu_order":0,"comment_status":"closed","ping_status":"closed","template":"","meta":{"_acf_changed":false,"inline_featured_image":false,"footnotes":""},"class_list":["post-8573","page","type-page","status-publish"],"acf":[],"yoast_head":"<!-- This site is optimized with the Yoast SEO Premium plugin v26.8 (Yoast SEO v27.6) - https:\/\/yoast.com\/product\/yoast-seo-premium-wordpress\/ -->\n<title>Bespoke Services &amp; Tours - Legendary Adventure DMC Portugal<\/title>\n<meta name=\"description\" content=\"Chose any tour from the Legendary Adventure Guided Groups catalogue! We can tailor any itinerary and services to fit your needs and requirements.\" \/>\n<meta name=\"robots\" content=\"index, follow, max-snippet:-1, max-image-preview:large, max-video-preview:-1\" \/>\n<link rel=\"canonical\" href=\"https:\/\/legendatours.com\/de\/our-services\/bespoke-services-tours-portugal\/\" \/>\n<meta property=\"og:locale\" content=\"de_DE\" \/>\n<meta property=\"og:type\" content=\"article\" \/>\n<meta property=\"og:title\" content=\"Portugal Bespoke Services &amp; Tours\" \/>\n<meta property=\"og:description\" content=\"You\u2019ll find the most extensive portfolio of Walking, Birdwatching, Cycling, Train Tours, Cultural, and Special Interest Tours in Portugal, covering the entire country. Meticulously designed, tested, and planned to meet strict criteria of quality and sustainability.\" \/>\n<meta property=\"og:url\" content=\"https:\/\/legendatours.com\/de\/our-services\/bespoke-services-tours-portugal\/\" \/>\n<meta property=\"og:site_name\" content=\"Legendary Adventure DMC Portugal\" \/>\n<meta property=\"article:publisher\" content=\"https:\/\/www.facebook.com\/legendaryadventuredmc\/\" \/>\n<meta property=\"article:modified_time\" content=\"2021-08-22T09:56:32+00:00\" \/>\n<meta property=\"og:image\" content=\"https:\/\/legendatours.com\/wp-content\/uploads\/sites\/12\/2021\/04\/bidwatching_algarve-1-e1611676672171.jpg\" \/>\n\t<meta property=\"og:image:width\" content=\"1024\" \/>\n\t<meta property=\"og:image:height\" content=\"732\" \/>\n\t<meta property=\"og:image:type\" content=\"image\/jpeg\" \/>\n<meta name=\"twitter:card\" content=\"summary_large_image\" \/>\n<meta name=\"twitter:title\" content=\"Portugal Bespoke Services &amp; Tours\" \/>\n<meta name=\"twitter:description\" content=\"You\u2019ll find the most extensive portfolio of Walking, Birdwatching, Cycling, Train Tours, Cultural, and Special Interest Tours in Portugal, covering the entire country. Meticulously designed, tested, and planned to meet strict criteria of quality and sustainability.\" \/>\n<meta name=\"twitter:image\" content=\"https:\/\/legendatours.com\/wp-content\/uploads\/sites\/12\/2021\/04\/bidwatching_algarve-1-e1611676672171.jpg\" \/>\n<meta name=\"twitter:label1\" content=\"Gesch\u00e4tzte Lesezeit\" \/>\n\t<meta name=\"twitter:data1\" content=\"3\u00a0Minuten\" \/>\n<script type=\"application\/ld+json\" class=\"yoast-schema-graph\">{\"@context\":\"https:\\\/\\\/schema.org\",\"@graph\":[{\"@type\":\"WebPage\",\"@id\":\"https:\\\/\\\/legendatours.com\\\/our-services\\\/bespoke-services-tours-portugal\\\/\",\"url\":\"https:\\\/\\\/legendatours.com\\\/our-services\\\/bespoke-services-tours-portugal\\\/\",\"name\":\"Bespoke Services & Tours - Legendary Adventure DMC Portugal\",\"isPartOf\":{\"@id\":\"https:\\\/\\\/legendatours.com\\\/#website\"},\"datePublished\":\"2021-04-28T15:56:11+00:00\",\"dateModified\":\"2021-08-22T09:56:32+00:00\",\"description\":\"Chose any tour from the Legendary Adventure Guided Groups catalogue! We can tailor any itinerary and services to fit your needs and requirements.\",\"breadcrumb\":{\"@id\":\"https:\\\/\\\/legendatours.com\\\/our-services\\\/bespoke-services-tours-portugal\\\/#breadcrumb\"},\"inLanguage\":\"de\",\"potentialAction\":[{\"@type\":\"ReadAction\",\"target\":[\"https:\\\/\\\/legendatours.com\\\/our-services\\\/bespoke-services-tours-portugal\\\/\"]}]},{\"@type\":\"BreadcrumbList\",\"@id\":\"https:\\\/\\\/legendatours.com\\\/our-services\\\/bespoke-services-tours-portugal\\\/#breadcrumb\",\"itemListElement\":[{\"@type\":\"ListItem\",\"position\":1,\"name\":\"Home\",\"item\":\"https:\\\/\\\/legendatours.com\\\/\"},{\"@type\":\"ListItem\",\"position\":2,\"name\":\"Our Services\",\"item\":\"https:\\\/\\\/legendatours.com\\\/our-services\\\/\"},{\"@type\":\"ListItem\",\"position\":3,\"name\":\"Bespoke Services &#038; Tours\"}]},{\"@type\":\"WebSite\",\"@id\":\"https:\\\/\\\/legendatours.com\\\/#website\",\"url\":\"https:\\\/\\\/legendatours.com\\\/\",\"name\":\"Legendary Adventure DMC Portugal\",\"description\":\"Responsible Walking &amp; Nature Holidays in Portugal\",\"publisher\":{\"@id\":\"https:\\\/\\\/legendatours.com\\\/#organization\"},\"alternateName\":\"Legendary Adventure Portugal\",\"potentialAction\":[{\"@type\":\"SearchAction\",\"target\":{\"@type\":\"EntryPoint\",\"urlTemplate\":\"https:\\\/\\\/legendatours.com\\\/?s={search_term_string}\"},\"query-input\":{\"@type\":\"PropertyValueSpecification\",\"valueRequired\":true,\"valueName\":\"search_term_string\"}}],\"inLanguage\":\"de\"},{\"@type\":\"Organization\",\"@id\":\"https:\\\/\\\/legendatours.com\\\/#organization\",\"name\":\"legendatours.com\",\"url\":\"https:\\\/\\\/legendatours.com\\\/\",\"logo\":{\"@type\":\"ImageObject\",\"inLanguage\":\"de\",\"@id\":\"https:\\\/\\\/legendatours.com\\\/#\\\/schema\\\/logo\\\/image\\\/\",\"url\":\"https:\\\/\\\/legendatours.com\\\/wp-content\\\/uploads\\\/sites\\\/12\\\/2021\\\/06\\\/legendary_adventure_dmc.png\",\"contentUrl\":\"https:\\\/\\\/legendatours.com\\\/wp-content\\\/uploads\\\/sites\\\/12\\\/2021\\\/06\\\/legendary_adventure_dmc.png\",\"width\":250,\"height\":74,\"caption\":\"legendatours.com\"},\"image\":{\"@id\":\"https:\\\/\\\/legendatours.com\\\/#\\\/schema\\\/logo\\\/image\\\/\"},\"sameAs\":[\"https:\\\/\\\/www.facebook.com\\\/legendaryadventuredmc\\\/\",\"https:\\\/\\\/www.linkedin.com\\\/company\\\/legendary-adventure-dmc-portugal\",\"https:\\\/\\\/www.youtube.com\\\/channel\\\/UCOIRDx_KM6ynIcacQkZjb6g\"]}]}<\/script>\n<!-- \/ Yoast SEO Premium plugin. -->","yoast_head_json":{"title":"Ma\u00dfgeschneiderte Services und Touren - Legend\u00e4res Abenteuer DMC Portugal","description":"W\u00e4hlen Sie eine Tour aus dem Legendary Adventure Guided Groups-Katalog! Wir k\u00f6nnen jede Reiseroute und Dienstleistungen an Ihre Bed\u00fcrfnisse und Anforderungen anpassen.","robots":{"index":"index","follow":"follow","max-snippet":"max-snippet:-1","max-image-preview":"max-image-preview:large","max-video-preview":"max-video-preview:-1"},"canonical":"https:\/\/legendatours.com\/de\/our-services\/bespoke-services-tours-portugal\/","og_locale":"de_DE","og_type":"article","og_title":"Portugal Bespoke Services & Tours","og_description":"You\u2019ll find the most extensive portfolio of Walking, Birdwatching, Cycling, Train Tours, Cultural, and Special Interest Tours in Portugal, covering the entire country. Meticulously designed, tested, and planned to meet strict criteria of quality and sustainability.","og_url":"https:\/\/legendatours.com\/de\/our-services\/bespoke-services-tours-portugal\/","og_site_name":"Legendary Adventure DMC Portugal","article_publisher":"https:\/\/www.facebook.com\/legendaryadventuredmc\/","article_modified_time":"2021-08-22T09:56:32+00:00","og_image":[{"width":1024,"height":732,"url":"https:\/\/legendatours.com\/wp-content\/uploads\/sites\/12\/2021\/04\/bidwatching_algarve-1-e1611676672171.jpg","type":"image\/jpeg"}],"twitter_card":"summary_large_image","twitter_title":"Portugal Bespoke Services & Tours","twitter_description":"You\u2019ll find the most extensive portfolio of Walking, Birdwatching, Cycling, Train Tours, Cultural, and Special Interest Tours in Portugal, covering the entire country. Meticulously designed, tested, and planned to meet strict criteria of quality and sustainability.","twitter_image":"https:\/\/legendatours.com\/wp-content\/uploads\/sites\/12\/2021\/04\/bidwatching_algarve-1-e1611676672171.jpg","twitter_misc":{"Gesch\u00e4tzte Lesezeit":"3\u00a0Minuten"},"schema":{"@context":"https:\/\/schema.org","@graph":[{"@type":"WebPage","@id":"https:\/\/legendatours.com\/our-services\/bespoke-services-tours-portugal\/","url":"https:\/\/legendatours.com\/our-services\/bespoke-services-tours-portugal\/","name":"Ma\u00dfgeschneiderte Services und Touren - Legend\u00e4res Abenteuer DMC Portugal","isPartOf":{"@id":"https:\/\/legendatours.com\/#website"},"datePublished":"2021-04-28T15:56:11+00:00","dateModified":"2021-08-22T09:56:32+00:00","description":"W\u00e4hlen Sie eine Tour aus dem Legendary Adventure Guided Groups-Katalog! Wir k\u00f6nnen jede Reiseroute und Dienstleistungen an Ihre Bed\u00fcrfnisse und Anforderungen anpassen.","breadcrumb":{"@id":"https:\/\/legendatours.com\/our-services\/bespoke-services-tours-portugal\/#breadcrumb"},"inLanguage":"de","potentialAction":[{"@type":"ReadAction","target":["https:\/\/legendatours.com\/our-services\/bespoke-services-tours-portugal\/"]}]},{"@type":"BreadcrumbList","@id":"https:\/\/legendatours.com\/our-services\/bespoke-services-tours-portugal\/#breadcrumb","itemListElement":[{"@type":"ListItem","position":1,"name":"Home","item":"https:\/\/legendatours.com\/"},{"@type":"ListItem","position":2,"name":"Our Services","item":"https:\/\/legendatours.com\/our-services\/"},{"@type":"ListItem","position":3,"name":"Bespoke Services &#038; Tours"}]},{"@type":"WebSite","@id":"https:\/\/legendatours.com\/#website","url":"https:\/\/legendatours.com\/","name":"Legend\u00e4res Abenteuer DMC Portugal","description":"Verantwortungsvolles Wandern und Natururlaub in Portugal","publisher":{"@id":"https:\/\/legendatours.com\/#organization"},"alternateName":"Legendary Adventure Portugal","potentialAction":[{"@type":"SearchAction","target":{"@type":"EntryPoint","urlTemplate":"https:\/\/legendatours.com\/?s={search_term_string}"},"query-input":{"@type":"PropertyValueSpecification","valueRequired":true,"valueName":"search_term_string"}}],"inLanguage":"de"},{"@type":"Organization","@id":"https:\/\/legendatours.com\/#organization","name":"legendatours.com","url":"https:\/\/legendatours.com\/","logo":{"@type":"ImageObject","inLanguage":"de","@id":"https:\/\/legendatours.com\/#\/schema\/logo\/image\/","url":"https:\/\/legendatours.com\/wp-content\/uploads\/sites\/12\/2021\/06\/legendary_adventure_dmc.png","contentUrl":"https:\/\/legendatours.com\/wp-content\/uploads\/sites\/12\/2021\/06\/legendary_adventure_dmc.png","width":250,"height":74,"caption":"legendatours.com"},"image":{"@id":"https:\/\/legendatours.com\/#\/schema\/logo\/image\/"},"sameAs":["https:\/\/www.facebook.com\/legendaryadventuredmc\/","https:\/\/www.linkedin.com\/company\/legendary-adventure-dmc-portugal","https:\/\/www.youtube.com\/channel\/UCOIRDx_KM6ynIcacQkZjb6g"]}]}},"_links":{"self":[{"href":"https:\/\/legendatours.com\/de\/wp-json\/wp\/v2\/pages\/8573","targetHints":{"allow":["GET"]}}],"collection":[{"href":"https:\/\/legendatours.com\/de\/wp-json\/wp\/v2\/pages"}],"about":[{"href":"https:\/\/legendatours.com\/de\/wp-json\/wp\/v2\/types\/page"}],"author":[{"embeddable":true,"href":"https:\/\/legendatours.com\/de\/wp-json\/wp\/v2\/users\/8"}],"replies":[{"embeddable":true,"href":"https:\/\/legendatours.com\/de\/wp-json\/wp\/v2\/comments?post=8573"}],"version-history":[{"count":0,"href":"https:\/\/legendatours.com\/de\/wp-json\/wp\/v2\/pages\/8573\/revisions"}],"up":[{"embeddable":true,"href":"https:\/\/legendatours.com\/de\/wp-json\/wp\/v2\/pages\/8567"}],"wp:attachment":[{"href":"https:\/\/legendatours.com\/de\/wp-json\/wp\/v2\/media?parent=8573"}],"curies":[{"name":"wp","href":"https:\/\/api.w.org\/{rel}","templated":true}]}}