{"id":8584,"date":"2021-04-28T15:56:11","date_gmt":"2021-04-28T15:56:11","guid":{"rendered":"https:\/\/legendatours.com\/?page_id=8584"},"modified":"2021-07-19T18:28:29","modified_gmt":"2021-07-19T18:28:29","slug":"terms-conditions","status":"publish","type":"page","link":"https:\/\/legendatours.com\/de\/terms-conditions\/","title":{"rendered":"Terms &amp; amp; Bedingungen"},"content":{"rendered":"<div id=\"testimonials\"  data-column-margin=\"default\" data-midnight=\"dark\" data-bottom-percent=\"8%\"  class=\"wpb_row vc_row-fluid vc_row full-width-content vc_row-o-equal-height vc_row-flex vc_row-o-content-top\"  style=\"padding-top: 0px; padding-bottom: calc(100vw * 0.08); \"><div class=\"row-bg-wrap\" data-bg-animation=\"none\" data-bg-animation-delay=\"\" data-bg-overlay=\"false\"><div class=\"inner-wrap row-bg-layer\" ><div class=\"row-bg viewport-desktop\"  style=\"\"><\/div><\/div><\/div><div class=\"row_col_wrap_12 col span_12 dark left\">\n\t<div  class=\"vc_col-sm-12 wpb_column column_container vc_column_container col no-extra-padding inherit_tablet inherit_phone\"  data-padding-pos=\"all\" data-has-bg-color=\"false\" data-bg-color=\"\" data-bg-opacity=\"1\" data-animation=\"\" data-delay=\"0\" >\n\t\t<div class=\"vc_column-inner\" >\n\t\t\t<div class=\"wpb_wrapper\">\n\t\t\t\t\n\t\t\t<\/div> \n\t\t<\/div>\n\t<\/div> \n<\/div><\/div>\n\t\t<div id=\"testimonials\"  data-column-margin=\"default\" data-midnight=\"dark\"  class=\"wpb_row vc_row-fluid vc_row full-width-section\"  style=\"padding-top: 0px; padding-bottom: 0px; \"><div class=\"row-bg-wrap\" data-bg-animation=\"none\" data-bg-animation-delay=\"\" data-bg-overlay=\"false\"><div class=\"inner-wrap row-bg-layer\" ><div class=\"row-bg viewport-desktop\"  style=\"\"><\/div><\/div><\/div><div class=\"row_col_wrap_12 col span_12 dark left\">\n\t<div  class=\"vc_col-sm-12 wpb_column column_container vc_column_container col no-extra-padding inherit_tablet inherit_phone\"  data-padding-pos=\"all\" data-has-bg-color=\"false\" data-bg-color=\"\" data-bg-opacity=\"1\" data-animation=\"\" data-delay=\"0\" >\n\t\t<div class=\"vc_column-inner\" >\n\t\t\t<div class=\"wpb_wrapper\">\n\t\t\t\t<div id=\"fws_69f2e5e39afb7\" data-midnight=\"\" data-column-margin=\"default\" class=\"wpb_row vc_row-fluid vc_row inner_row\"  style=\"\"><div class=\"row-bg-wrap\"> <div class=\"row-bg\" ><\/div> <\/div><div class=\"row_col_wrap_12_inner col span_12  left\">\n\t<div  class=\"vc_col-sm-12 wpb_column column_container vc_column_container col child_column no-extra-padding inherit_tablet inherit_phone\"   data-padding-pos=\"all\" data-has-bg-color=\"false\" data-bg-color=\"\" data-bg-opacity=\"1\" data-animation=\"\" data-delay=\"0\" >\n\t\t<div class=\"vc_column-inner\" >\n\t\t<div class=\"wpb_wrapper\">\n\t\t\t<h2 style=\"color: #1e1e31;text-align: left;font-family:Yanone Kaffeesatz;font-weight:400;font-style:normal\" class=\"vc_custom_heading vc_do_custom_heading\" >TERMS &amp; AMP; BEDINGUNGEN<\/h2><div class=\"divider-wrap\" data-alignment=\"default\"><div style=\"margin-top: 10px; height: 1px; margin-bottom: 10px;\" data-width=\"100%\" data-animate=\"\" data-animation-delay=\"\" data-color=\"default\" class=\"divider-border\"><\/div><\/div>\n<div class=\"wpb_text_column wpb_content_element  vc_custom_1626719286860\" >\n\t<div class=\"inner-main common-spacing\">\n<div class=\"container\">\n<p>Legendary Adventure ist eine Business-to-Business-Destination Management Company (DMC) in Portugal. Wenn Sie mit uns zusammenarbeiten, sehen Ihre Kunden nur Ihren Namen. Unser Ziel ist es, Ihren Kunden das bestm\u00f6gliche Erlebnis zu bieten.<\/p>\n<p>Sobald Ihre G\u00e4ste in Portugal ankommen, \u00fcbernehmen und k\u00fcmmern wir uns um Unterkunft, Logistik, Unterhaltung und Wohlbefinden Ihrer Gruppe, ausgenommen Fl\u00fcge.<\/p>\n<p>Ausnahmen:<\/p>\n<p>\u2022 Alle Leistungen, die nicht als inbegriffen aufgef\u00fchrt sind<br \/>\n\u2022 Fl\u00fcge von und nach Portugal.<br \/>\n\u2022 Mahlzeiten, Trinkgelder, Gep\u00e4ck- oder Personenversicherungen (au\u00dfer wie beschrieben)<br \/>\n\u2022 Eintrittsgeb\u00fchren f\u00fcr Schl\u00f6sser &amp; Attraktionen oder Veranstaltungen (au\u00dfer wie beschrieben)<br \/>\n\u2022 Pers\u00f6nliche Ausgaben<br \/>\n\u2022 Erg\u00e4nzungen<br \/>\n\u2022 F\u00fchrungsdienste in Denkm\u00e4lern<\/p>\n<p>Unser Unternehmen stellt einen lokalen F\u00fchrer als Teil des Dienstes zur Verf\u00fcgung. Gro\u00dfe F\u00fchrer machen tolle Touren \u2013 und auf unsere sind wir nat\u00fcrlich besonders stolz! Unsere englischsprachigen europ\u00e4ischen Reiseleiter machen den Unterschied!<\/p>\n<p>Sie sind die Besten der Branche und wurden aufgrund ihres Enthusiasmus, ihrer Intelligenz und ihrer Liebe zum Detail ausgew\u00e4hlt. Mit tiefem Insiderwissen \u00fcber die Regionen, in denen wir t\u00e4tig sind. Sie f\u00fchren seit vielen Jahren Touren. Ihre Gruppe wird von erfahrenen F\u00fchrern geleitet, die mit den \u00dcberlieferungen dieses wunderbaren und alten Landes vertraut sind.<\/p>\n<p>Wir wissen, dass Ihre Kunden in guten H\u00e4nden sind und gerne mit ihnen reisen!<\/p>\n<p>Unsere Tour Guides sind enthusiastisch, professionell, entspannt zug\u00e4nglich, lustig und locker. Vor allem aber verlieren sie nie aus den Augen, dass sie daf\u00fcr da sind, dass alle Spa\u00df haben, das bestm\u00f6gliche Urlaubserlebnis genie\u00dfen und jede Tour ein sicheres und unterhaltsames Erlebnis f\u00fcr alle ist.<\/p>\n<p>Wir glauben fest daran, dass unsere Outdoor-Reiseabenteuer zu den besten Erlebnissen geh\u00f6ren, die Sie in Portugal finden k\u00f6nnen. Alle unsere lokalen F\u00fchrungskr\u00e4fte sind voll qualifiziert und lizenziert, um in der Region zu arbeiten, und sie verf\u00fcgen \u00fcber eine vollst\u00e4ndige Erste-Hilfe-Zertifizierung.<\/p>\n<p>Wir f\u00fchren diese Touren mit zwei Optionen durch:<\/p>\n<p>1- Wenn Sie Ihren eigenen F\u00fchrer entsenden, \u00fcbernimmt dieser die Hauptverantwortung f\u00fcr die Durchf\u00fchrung der Tour.<\/p>\n<p>In diesem Fall ist unser lokaler Leiter verantwortlich f\u00fcr:<\/p>\n<p>\u2022 Kontaktaufnahme mit dem Gruppenleiter,<br \/>\n\u2022 Beratung zu den im Programm verf\u00fcgbaren Optionen<br \/>\n\u2022 Organisation aller vertraglich vereinbarten Abendessen, Veranstaltungen und Veranstaltungsorte, wie im Programm angegeben<br \/>\n\u2022 Organisation des t\u00e4glichen Transports wie im Programm angegeben<br \/>\n\u2022 Ihrer F\u00fchrungskraft angemessene Unterst\u00fctzung innerhalb der Spezifikationen des Programms bieten<br \/>\n\u2022 Zusammenarbeit mit allen lokalen Lieferanten gem\u00e4\u00df dem Programm<\/p>\n<p>&nbsp;<\/p>\n<p>2- Wenn die Gruppe ohne eigenen F\u00fchrer kommt, ist unser lokaler F\u00fchrer der prim\u00e4re F\u00fchrer, der die gesamte Verantwortung f\u00fcr die Durchf\u00fchrung der Tour \u00fcbernimmt.<\/p>\n<p>In diesem Fall ist unser lokaler Leiter verantwortlich f\u00fcr:<br \/>\n\u2022 Die Gruppe begleiten und als Gruppenleiter bei all ihren vertraglichen Aktivit\u00e4ten fungieren<br \/>\n\u2022 Organisation aller Transfers zum und vom Flughafen<br \/>\n\u2022 Vorkehren, dass alle Kunden bei der Ankunft am Flughafen abgeholt und begr\u00fc\u00dft werden<br \/>\n\u2022 Organisation des t\u00e4glichen Transports wie im Programm angegeben<br \/>\n\u2022 Organisation aller vertraglich vereinbarten Abendessen, Veranstaltungen und Veranstaltungsorte, wie im Programm angegeben<br \/>\n\u2022 Beratung und Unterst\u00fctzung von Kunden bei ihren Ern\u00e4hrungsbed\u00fcrfnissen<br \/>\n\u2022 Zusammenarbeit mit allen lokalen Lieferanten gem\u00e4\u00df dem Programm<br \/>\n\u2022 Bereitstellung t\u00e4glicher Briefings f\u00fcr die Kunden<br \/>\n\u2022 Bereitstellung aller von den Kunden ben\u00f6tigten Unterst\u00fctzung<br \/>\n\u2022 Verantwortung f\u00fcr Gesundheit und Sicherheit gem\u00e4\u00df dem Programm \u00fcbernehmen<br \/>\n\u2022 Organisation der gesamten Logistik der Abfl\u00fcge der Kunden<\/p>\n<\/div>\n<\/div>\n<\/div>\n\n\n\n\n\t\t<\/div> \n\t<\/div>\n\t<\/div> \n<\/div><\/div>\n\t\t\t<\/div> \n\t\t<\/div>\n\t<\/div> \n<\/div><\/div>","protected":false},"excerpt":{"rendered":"TERMS &amp; CONDITIONS Legendary Adventure is a business-to-business Destination Management Company (DMC) in Portugal. When you work with us, your clients will only see your name. Our aim is to give your clients the best possible experience. As soon as your guests arrive in Portugal, we take over and look after the accommodation, logistics, entertainment, and well-being of your group,...","protected":false},"author":8,"featured_media":0,"parent":0,"menu_order":0,"comment_status":"closed","ping_status":"closed","template":"","meta":{"_acf_changed":false,"inline_featured_image":false,"footnotes":""},"class_list":["post-8584","page","type-page","status-publish"],"acf":[],"yoast_head":"<!-- This site is optimized with the Yoast SEO Premium plugin v26.8 (Yoast SEO v27.5) - https:\/\/yoast.com\/product\/yoast-seo-premium-wordpress\/ -->\n<title>Terms &amp; Conditions - Legendary Adventure DMC Portugal<\/title>\n<meta name=\"robots\" content=\"index, follow, max-snippet:-1, max-image-preview:large, max-video-preview:-1\" \/>\n<link rel=\"canonical\" href=\"https:\/\/legendatours.com\/de\/terms-conditions\/\" \/>\n<meta property=\"og:locale\" content=\"de_DE\" \/>\n<meta property=\"og:type\" content=\"article\" \/>\n<meta property=\"og:title\" content=\"Terms &amp; Conditions\" \/>\n<meta property=\"og:url\" content=\"https:\/\/legendatours.com\/de\/terms-conditions\/\" \/>\n<meta property=\"og:site_name\" content=\"Legendary Adventure DMC Portugal\" \/>\n<meta property=\"article:publisher\" content=\"https:\/\/www.facebook.com\/legendaryadventuredmc\/\" \/>\n<meta property=\"article:modified_time\" content=\"2021-07-19T18:28:29+00:00\" \/>\n<meta property=\"og:image\" content=\"https:\/\/legendatours.com\/wp-content\/uploads\/sites\/12\/2021\/06\/legendary_adventure_dmc.png\" \/>\n\t<meta property=\"og:image:width\" content=\"250\" \/>\n\t<meta property=\"og:image:height\" content=\"74\" \/>\n\t<meta property=\"og:image:type\" content=\"image\/png\" \/>\n<meta name=\"twitter:card\" content=\"summary_large_image\" \/>\n<meta name=\"twitter:label1\" content=\"Gesch\u00e4tzte Lesezeit\" \/>\n\t<meta name=\"twitter:data1\" content=\"5\u00a0Minuten\" \/>\n<script type=\"application\/ld+json\" class=\"yoast-schema-graph\">{\"@context\":\"https:\\\/\\\/schema.org\",\"@graph\":[{\"@type\":\"WebPage\",\"@id\":\"https:\\\/\\\/legendatours.com\\\/de\\\/terms-conditions\\\/\",\"url\":\"https:\\\/\\\/legendatours.com\\\/de\\\/terms-conditions\\\/\",\"name\":\"Terms & Conditions - Legendary Adventure DMC Portugal\",\"isPartOf\":{\"@id\":\"https:\\\/\\\/legendatours.com\\\/#website\"},\"datePublished\":\"2021-04-28T15:56:11+00:00\",\"dateModified\":\"2021-07-19T18:28:29+00:00\",\"breadcrumb\":{\"@id\":\"https:\\\/\\\/legendatours.com\\\/de\\\/terms-conditions\\\/#breadcrumb\"},\"inLanguage\":\"de\",\"potentialAction\":[{\"@type\":\"ReadAction\",\"target\":[\"https:\\\/\\\/legendatours.com\\\/de\\\/terms-conditions\\\/\"]}]},{\"@type\":\"BreadcrumbList\",\"@id\":\"https:\\\/\\\/legendatours.com\\\/de\\\/terms-conditions\\\/#breadcrumb\",\"itemListElement\":[{\"@type\":\"ListItem\",\"position\":1,\"name\":\"Home\",\"item\":\"https:\\\/\\\/legendatours.com\\\/\"},{\"@type\":\"ListItem\",\"position\":2,\"name\":\"Terms &#038; Conditions\"}]},{\"@type\":\"WebSite\",\"@id\":\"https:\\\/\\\/legendatours.com\\\/#website\",\"url\":\"https:\\\/\\\/legendatours.com\\\/\",\"name\":\"Legendary Adventure DMC Portugal\",\"description\":\"Responsible Walking &amp; Nature Holidays in Portugal\",\"publisher\":{\"@id\":\"https:\\\/\\\/legendatours.com\\\/#organization\"},\"alternateName\":\"Legendary Adventure Portugal\",\"potentialAction\":[{\"@type\":\"SearchAction\",\"target\":{\"@type\":\"EntryPoint\",\"urlTemplate\":\"https:\\\/\\\/legendatours.com\\\/?s={search_term_string}\"},\"query-input\":{\"@type\":\"PropertyValueSpecification\",\"valueRequired\":true,\"valueName\":\"search_term_string\"}}],\"inLanguage\":\"de\"},{\"@type\":\"Organization\",\"@id\":\"https:\\\/\\\/legendatours.com\\\/#organization\",\"name\":\"legendatours.com\",\"url\":\"https:\\\/\\\/legendatours.com\\\/\",\"logo\":{\"@type\":\"ImageObject\",\"inLanguage\":\"de\",\"@id\":\"https:\\\/\\\/legendatours.com\\\/#\\\/schema\\\/logo\\\/image\\\/\",\"url\":\"https:\\\/\\\/legendatours.com\\\/wp-content\\\/uploads\\\/sites\\\/12\\\/2021\\\/06\\\/legendary_adventure_dmc.png\",\"contentUrl\":\"https:\\\/\\\/legendatours.com\\\/wp-content\\\/uploads\\\/sites\\\/12\\\/2021\\\/06\\\/legendary_adventure_dmc.png\",\"width\":250,\"height\":74,\"caption\":\"legendatours.com\"},\"image\":{\"@id\":\"https:\\\/\\\/legendatours.com\\\/#\\\/schema\\\/logo\\\/image\\\/\"},\"sameAs\":[\"https:\\\/\\\/www.facebook.com\\\/legendaryadventuredmc\\\/\",\"https:\\\/\\\/www.linkedin.com\\\/company\\\/legendary-adventure-dmc-portugal\",\"https:\\\/\\\/www.youtube.com\\\/channel\\\/UCOIRDx_KM6ynIcacQkZjb6g\"]}]}<\/script>\n<!-- \/ Yoast SEO Premium plugin. -->","yoast_head_json":{"title":"Allgemeine Gesch\u00e4ftsbedingungen - Legendary Adventure DMC Portugal","robots":{"index":"index","follow":"follow","max-snippet":"max-snippet:-1","max-image-preview":"max-image-preview:large","max-video-preview":"max-video-preview:-1"},"canonical":"https:\/\/legendatours.com\/de\/terms-conditions\/","og_locale":"de_DE","og_type":"article","og_title":"Terms & Conditions","og_url":"https:\/\/legendatours.com\/de\/terms-conditions\/","og_site_name":"Legendary Adventure DMC Portugal","article_publisher":"https:\/\/www.facebook.com\/legendaryadventuredmc\/","article_modified_time":"2021-07-19T18:28:29+00:00","og_image":[{"width":250,"height":74,"url":"https:\/\/legendatours.com\/wp-content\/uploads\/sites\/12\/2021\/06\/legendary_adventure_dmc.png","type":"image\/png"}],"twitter_card":"summary_large_image","twitter_misc":{"Gesch\u00e4tzte Lesezeit":"5\u00a0Minuten"},"schema":{"@context":"https:\/\/schema.org","@graph":[{"@type":"WebPage","@id":"https:\/\/legendatours.com\/de\/terms-conditions\/","url":"https:\/\/legendatours.com\/de\/terms-conditions\/","name":"Allgemeine Gesch\u00e4ftsbedingungen - Legendary Adventure DMC Portugal","isPartOf":{"@id":"https:\/\/legendatours.com\/#website"},"datePublished":"2021-04-28T15:56:11+00:00","dateModified":"2021-07-19T18:28:29+00:00","breadcrumb":{"@id":"https:\/\/legendatours.com\/de\/terms-conditions\/#breadcrumb"},"inLanguage":"de","potentialAction":[{"@type":"ReadAction","target":["https:\/\/legendatours.com\/de\/terms-conditions\/"]}]},{"@type":"BreadcrumbList","@id":"https:\/\/legendatours.com\/de\/terms-conditions\/#breadcrumb","itemListElement":[{"@type":"ListItem","position":1,"name":"Home","item":"https:\/\/legendatours.com\/"},{"@type":"ListItem","position":2,"name":"Terms &#038; Conditions"}]},{"@type":"WebSite","@id":"https:\/\/legendatours.com\/#website","url":"https:\/\/legendatours.com\/","name":"Legend\u00e4res Abenteuer DMC Portugal","description":"Verantwortungsvolles Wandern und Natururlaub in Portugal","publisher":{"@id":"https:\/\/legendatours.com\/#organization"},"alternateName":"Legendary Adventure Portugal","potentialAction":[{"@type":"SearchAction","target":{"@type":"EntryPoint","urlTemplate":"https:\/\/legendatours.com\/?s={search_term_string}"},"query-input":{"@type":"PropertyValueSpecification","valueRequired":true,"valueName":"search_term_string"}}],"inLanguage":"de"},{"@type":"Organization","@id":"https:\/\/legendatours.com\/#organization","name":"legendatours.com","url":"https:\/\/legendatours.com\/","logo":{"@type":"ImageObject","inLanguage":"de","@id":"https:\/\/legendatours.com\/#\/schema\/logo\/image\/","url":"https:\/\/legendatours.com\/wp-content\/uploads\/sites\/12\/2021\/06\/legendary_adventure_dmc.png","contentUrl":"https:\/\/legendatours.com\/wp-content\/uploads\/sites\/12\/2021\/06\/legendary_adventure_dmc.png","width":250,"height":74,"caption":"legendatours.com"},"image":{"@id":"https:\/\/legendatours.com\/#\/schema\/logo\/image\/"},"sameAs":["https:\/\/www.facebook.com\/legendaryadventuredmc\/","https:\/\/www.linkedin.com\/company\/legendary-adventure-dmc-portugal","https:\/\/www.youtube.com\/channel\/UCOIRDx_KM6ynIcacQkZjb6g"]}]}},"_links":{"self":[{"href":"https:\/\/legendatours.com\/de\/wp-json\/wp\/v2\/pages\/8584","targetHints":{"allow":["GET"]}}],"collection":[{"href":"https:\/\/legendatours.com\/de\/wp-json\/wp\/v2\/pages"}],"about":[{"href":"https:\/\/legendatours.com\/de\/wp-json\/wp\/v2\/types\/page"}],"author":[{"embeddable":true,"href":"https:\/\/legendatours.com\/de\/wp-json\/wp\/v2\/users\/8"}],"replies":[{"embeddable":true,"href":"https:\/\/legendatours.com\/de\/wp-json\/wp\/v2\/comments?post=8584"}],"version-history":[{"count":0,"href":"https:\/\/legendatours.com\/de\/wp-json\/wp\/v2\/pages\/8584\/revisions"}],"wp:attachment":[{"href":"https:\/\/legendatours.com\/de\/wp-json\/wp\/v2\/media?parent=8584"}],"curies":[{"name":"wp","href":"https:\/\/api.w.org\/{rel}","templated":true}]}}