{"id":10547,"date":"2021-08-30T11:29:01","date_gmt":"2021-08-30T11:29:01","guid":{"rendered":"https:\/\/legendatours.com\/product\/walking-the-algarve-way\/"},"modified":"2024-11-22T15:38:40","modified_gmt":"2024-11-22T15:38:40","slug":"walking-the-algarve-way-long-distance-walks-in-portugal-1500g","status":"publish","type":"product","link":"https:\/\/legendatours.com\/de\/produkt\/walking-the-algarve-way-long-distance-walks-in-portugal-1500g\/","title":{"rendered":"Wandern auf dem Algarve-Weg"},"content":{"rendered":"<p>Der Algarve Way ist ganz einfach einer der sch\u00f6nsten Fernwanderwege Europas. Es erstreckt sich von der spanischen Grenze am Fluss Guadiana und st\u00f6\u00dft nach Westen zu einem dramatischen Ende in Sagres, der \u00e4u\u00dfersten Spitze Westeuropas, die f\u00fcr die Portugiesen viele Jahrhunderte den \u00e4u\u00dfersten Rand der bekannten Welt markierte.<\/p>\n<p>Eine epische Tour, die im Vergleich zu den besten Fernwanderwegen Europas steht, mit dem Vorteil, dass das Wetter normalerweise angenehmer ist!<\/p>\n<p>Es ist eine lohnende Art, die echte Algarve auf unvergesslichen Routen voller Tradition, Kultur und au\u00dfergew\u00f6hnlicher Naturlandschaften zu sehen.<\/p>\n<div id=\"attachment_2666\" style=\"width: 1034px\" class=\"wp-caption alignnone\"><img loading=\"lazy\" decoding=\"async\" aria-describedby=\"caption-attachment-2666\" class=\"wp-image-2666 size-large\" title=\"Gehen Sie den Algarve-Weg entlang\" src=\"https:\/\/legendatours.net\/wp-content\/uploads\/2020\/06\/walk_caldeirao-1024x768.jpg\" alt=\"Group Walk along the Algarve Way\" width=\"1024\" height=\"768\" \/><p id=\"caption-attachment-2666\" class=\"wp-caption-text\">Gehen Sie den Algarve-Weg entlang<\/p><\/div>\n<p>Die Wanderung ist Teil des europ\u00e4ischen Wanderwegenetzes GR13. Die gesamte Strecke ist rund 300 Kilometer lang, aber wir haben die interessantesten Abschnitte f\u00fcr Sie herausgesucht.<\/p>\n<p>Sie werden auch mit einem Spaziergang an der K\u00fcste verw\u00f6hnt, den Seven Hanging Valleys, einem Naturwunder, das von European Best Destinations zum besten Wanderziel in Europa erkl\u00e4rt wurde. Es ist ein wundersch\u00f6ner Klippenpfad mit atemberaubender Aussicht, Meeresb\u00f6gen, Meeresh\u00f6hlen, unber\u00fchrten Str\u00e4nden und Buchten.<\/p>\n<p>Wir werden zwei Zentren benutzen, w\u00e4hrend unsere Reise nach Westen weitergeht, und alle Transfers zu und von Spazierg\u00e4ngen und Hotels sind inbegriffen.<\/p>\n<p>Wir haben innerhalb dieser Tour eine betr\u00e4chtliche Flexibilit\u00e4t aufgebaut, um den Bed\u00fcrfnissen und Anforderungen einzelner Gruppen gerecht zu werden. Unsere Wanderungen k\u00f6nnen so herausfordernd oder entspannend und einfach sein, wie Sie es m\u00f6chten, mit Opt-outs, wo m\u00f6glich.<\/p>\n<div id=\"attachment_2636\" style=\"width: 1034px\" class=\"wp-caption alignnone\"><img loading=\"lazy\" decoding=\"async\" aria-describedby=\"caption-attachment-2636\" class=\"wp-image-2636 size-large\" title=\"Wandergruppe Ausruhen unter einem Korkeichenbaum\" src=\"https:\/\/legendatours.net\/wp-content\/uploads\/2020\/06\/rest_under_tree-1024x684.jpg\" alt=\"Walking Group Resting under a cork tree\" width=\"1024\" height=\"684\" \/><p id=\"caption-attachment-2636\" class=\"wp-caption-text\">Wandergruppe Ausruhen unter einem Korkeichenbaum<\/p><\/div>\n<p>Die Tour beginnt in Alcoutim an der Ostalgarve an der Grenze zu Spanien und endet in Cabo S\u00e3o Vincente an der Westalgarve.<\/p>\n<p>Auf dem Weg durchqueren wir eine abwechslungsreiche Landschaft, beginnend am Ufer des Flusses Guadiana, durch das Caldeir\u00e3o-Gebirge und endend auf einer Klippe mit Blick auf den Atlantik.<\/p>\n<p>Wir vermeiden \u00fcberf\u00fcllte Touristengebiete und bevorzugen abgelegenere Regionen, die legend\u00e4re historische Sehensw\u00fcrdigkeiten, herrliche Landschaften und unber\u00fchrte Naturwunder beherbergen.<\/p>\n<p>Dies ist eine Algarve, die Sie sich nie vorgestellt haben und die Sie nie vergessen werden!<\/p>\n<p>&nbsp;<\/p>\n<div class=\"row\" style=\"display: flex;\">\n<div class=\"column\" style=\"flex: 45%;\">\n<p><iframe loading=\"lazy\" title=\"PORTUGAL PATRIMONIO NATURAL - ALGARVE\" width=\"1080\" height=\"608\" src=\"https:\/\/www.youtube.com\/embed\/NMbcOkbtKyQ?feature=oembed\" frameborder=\"0\" allow=\"accelerometer; autoplay; clipboard-write; encrypted-media; gyroscope; picture-in-picture; web-share\" referrerpolicy=\"strict-origin-when-cross-origin\" allowfullscreen><\/iframe><\/p>\n<\/div>\n<div class=\"column\" style=\"flex: 10%;\"><\/div>\n<div class=\"column\" style=\"flex: 45%;\"><\/div>\n<\/div>","protected":false},"excerpt":{"rendered":"<p>Der Algarve Way ist ganz einfach einer der sch\u00f6nsten Fernwanderwege Europas. Es erstreckt sich von der spanischen Grenze am Fluss Guadiana und st\u00f6\u00dft nach Westen zu einem dramatischen Ende in Sagres, der \u00e4u\u00dfersten Spitze Westeuropas, die f\u00fcr die Portugiesen viele Jahrhunderte den \u00e4u\u00dfersten Rand der bekannten Welt markierte.<\/p>\n<p>Eine epische Tour, die im Vergleich zu den besten Fernwanderwegen Europas steht, mit dem Vorteil, dass das Wetter normalerweise angenehmer ist!<\/p>\n<p>Es ist eine lohnende Art, die echte Algarve auf unvergesslichen Routen voller Tradition, Kultur und au\u00dfergew\u00f6hnlicher Naturlandschaften zu sehen.<\/p>\n<p>&nbsp;<\/p>","protected":false},"featured_media":7939,"comment_status":"closed","ping_status":"closed","template":"","meta":{"_acf_changed":false,"inline_featured_image":false},"product_brand":[],"product_cat":[32,28,29,30,124,31],"product_tag":[547,147,74,1151,852,632,402,708,709,608,710,603,711,712,713,89,90,91,157,793,54,270,714,100,162,104,60,407,167,561,1047,715,1152,642,716,643,717,173,718,719,68,720,721,121,626,1145,112,600,122,421,401,645],"class_list":{"0":"post-10547","1":"product","2":"type-product","3":"status-publish","4":"has-post-thumbnail","6":"product_cat-cultural-tours-and-holidays-in-portugal","7":"product_cat-guided-group-tours","8":"product_cat-portugal-guided-historical-holidays","9":"product_cat-guided-sightseeing-holidays-portugal","10":"product_cat-guided-solo-holidays-in-portugal","11":"product_cat-guided-walking-holidays-in-portugal","12":"product_tag-alcoutim","13":"product_tag-algarve","14":"product_tag-algarve-gr13","15":"product_tag-algarve-interior","16":"product_tag-algarve-villages","17":"product_tag-algarve-way","18":"product_tag-amazing-walking","19":"product_tag-avoids-congested-tourist-areas","20":"product_tag-cabo-sao-vincente","21":"product_tag-cherry-picked-walks","22":"product_tag-epic-week","23":"product_tag-fantastic-itinerary-of-walks","24":"product_tag-far-from-the-crowded-touristic-algarve","25":"product_tag-forgotten-interior","26":"product_tag-gr13","27":"product_tag-guided-group-tour","28":"product_tag-guided-walking-holidays","29":"product_tag-guided-walking-tours","30":"product_tag-hiking-holidays","31":"product_tag-hills","32":"product_tag-historical-tour","33":"product_tag-lagos","34":"product_tag-local-poulation","35":"product_tag-nature-holidays","36":"product_tag-nature-walks","37":"product_tag-offered-flexible-walking","38":"product_tag-portugal","39":"product_tag-portugal-perfect-walking-holiday","40":"product_tag-rambling","41":"product_tag-river-guadiana","42":"product_tag-rolling-inland-hills","43":"product_tag-routes-full-of-tradition","44":"product_tag-rustic-hill-towns-and-mountain-villages","45":"product_tag-sagres","46":"product_tag-selected-walks","47":"product_tag-seven-hanging-valleys-trail","48":"product_tag-spanish-border","49":"product_tag-sunny-winters","50":"product_tag-the-best-of-the-long-distance-walks-in-europe","51":"product_tag-the-real-algarve","52":"product_tag-tours-in-portugal","53":"product_tag-varied-scenery","54":"product_tag-via-algarviana","55":"product_tag-walking","56":"product_tag-walking-along-quiet-paths","57":"product_tag-walking-here-fascinating","58":"product_tag-walking-holidays","59":"product_tag-walking-route","60":"product_tag-walking-tours","61":"product_tag-walking-trails","62":"product_tag-walks-between-hills","63":"product_tag-west-algarve","65":"first","66":"instock","67":"virtual","68":"product-type-simple"},"acf":[],"yoast_head":"<!-- This site is optimized with the Yoast SEO Premium plugin v26.8 (Yoast SEO v27.5) - https:\/\/yoast.com\/product\/yoast-seo-premium-wordpress\/ -->\n<title>Walking The Algarve Way<\/title>\n<meta name=\"description\" content=\"The Algarve Way is quite simply one of Europe\u2019s finest long-distance walks. From the Spanish border towards a dramatic end in Sagres\" \/>\n<meta name=\"robots\" content=\"index, follow, max-snippet:-1, max-image-preview:large, max-video-preview:-1\" \/>\n<link rel=\"canonical\" href=\"https:\/\/legendatours.com\/de\/produkt\/walking-the-algarve-way-long-distance-walks-in-portugal-1500g\/\" \/>\n<meta property=\"og:locale\" content=\"de_DE\" \/>\n<meta property=\"og:type\" content=\"article\" \/>\n<meta property=\"og:title\" content=\"Walking The Algarve Way\" \/>\n<meta property=\"og:description\" content=\"The Algarve Way is quite simply one of Europe\u2019s finest long-distance walks. From the Spanish border towards a dramatic end in Sagres\" \/>\n<meta property=\"og:url\" content=\"https:\/\/legendatours.com\/de\/produkt\/walking-the-algarve-way-long-distance-walks-in-portugal-1500g\/\" \/>\n<meta property=\"og:site_name\" content=\"Legendary Adventure DMC Portugal\" \/>\n<meta property=\"article:publisher\" content=\"https:\/\/www.facebook.com\/legendaryadventuredmc\/\" \/>\n<meta property=\"article:modified_time\" content=\"2024-11-22T15:38:40+00:00\" \/>\n<meta property=\"og:image\" content=\"https:\/\/legendatours.com\/wp-content\/uploads\/sites\/12\/2021\/04\/view_caldeirao-e1611687753135.jpeg\" \/>\n\t<meta property=\"og:image:width\" content=\"1024\" \/>\n\t<meta property=\"og:image:height\" content=\"768\" \/>\n\t<meta property=\"og:image:type\" content=\"image\/jpeg\" \/>\n<meta name=\"twitter:card\" content=\"summary_large_image\" \/>\n<meta name=\"twitter:label1\" content=\"Gesch\u00e4tzte Lesezeit\" \/>\n\t<meta name=\"twitter:data1\" content=\"3\u00a0Minuten\" \/>\n<script type=\"application\/ld+json\" class=\"yoast-schema-graph\">{\"@context\":\"https:\\\/\\\/schema.org\",\"@graph\":[{\"@type\":\"WebPage\",\"@id\":\"https:\\\/\\\/legendatours.com\\\/product\\\/walking-the-algarve-way-long-distance-walks-in-portugal-1500g\\\/\",\"url\":\"https:\\\/\\\/legendatours.com\\\/product\\\/walking-the-algarve-way-long-distance-walks-in-portugal-1500g\\\/\",\"name\":\"Walking The Algarve Way\",\"isPartOf\":{\"@id\":\"https:\\\/\\\/legendatours.com\\\/#website\"},\"primaryImageOfPage\":{\"@id\":\"https:\\\/\\\/legendatours.com\\\/product\\\/walking-the-algarve-way-long-distance-walks-in-portugal-1500g\\\/#primaryimage\"},\"image\":{\"@id\":\"https:\\\/\\\/legendatours.com\\\/product\\\/walking-the-algarve-way-long-distance-walks-in-portugal-1500g\\\/#primaryimage\"},\"thumbnailUrl\":\"https:\\\/\\\/legendatours.com\\\/wp-content\\\/uploads\\\/sites\\\/12\\\/2021\\\/04\\\/view_caldeirao-e1611687753135.jpeg\",\"datePublished\":\"2021-08-30T11:29:01+00:00\",\"dateModified\":\"2024-11-22T15:38:40+00:00\",\"description\":\"The Algarve Way is quite simply one of Europe\u2019s finest long-distance walks. From the Spanish border towards a dramatic end in Sagres\",\"breadcrumb\":{\"@id\":\"https:\\\/\\\/legendatours.com\\\/product\\\/walking-the-algarve-way-long-distance-walks-in-portugal-1500g\\\/#breadcrumb\"},\"inLanguage\":\"de\",\"potentialAction\":[{\"@type\":\"ReadAction\",\"target\":[\"https:\\\/\\\/legendatours.com\\\/product\\\/walking-the-algarve-way-long-distance-walks-in-portugal-1500g\\\/\"]}]},{\"@type\":\"ImageObject\",\"inLanguage\":\"de\",\"@id\":\"https:\\\/\\\/legendatours.com\\\/product\\\/walking-the-algarve-way-long-distance-walks-in-portugal-1500g\\\/#primaryimage\",\"url\":\"https:\\\/\\\/legendatours.com\\\/wp-content\\\/uploads\\\/sites\\\/12\\\/2021\\\/04\\\/view_caldeirao-e1611687753135.jpeg\",\"contentUrl\":\"https:\\\/\\\/legendatours.com\\\/wp-content\\\/uploads\\\/sites\\\/12\\\/2021\\\/04\\\/view_caldeirao-e1611687753135.jpeg\",\"width\":1024,\"height\":768,\"caption\":\"View to the Caldeir\u00e3o Mountains\"},{\"@type\":\"BreadcrumbList\",\"@id\":\"https:\\\/\\\/legendatours.com\\\/product\\\/walking-the-algarve-way-long-distance-walks-in-portugal-1500g\\\/#breadcrumb\",\"itemListElement\":[{\"@type\":\"ListItem\",\"position\":1,\"name\":\"Home\",\"item\":\"https:\\\/\\\/legendatours.com\\\/\"},{\"@type\":\"ListItem\",\"position\":2,\"name\":\"Shop\",\"item\":\"https:\\\/\\\/legendatours.com\\\/sv\\\/?page_id=4\"},{\"@type\":\"ListItem\",\"position\":3,\"name\":\"Walking The Algarve Way\"}]},{\"@type\":\"WebSite\",\"@id\":\"https:\\\/\\\/legendatours.com\\\/#website\",\"url\":\"https:\\\/\\\/legendatours.com\\\/\",\"name\":\"Legendary Adventure DMC Portugal\",\"description\":\"Responsible Walking &amp; Nature Holidays in Portugal\",\"publisher\":{\"@id\":\"https:\\\/\\\/legendatours.com\\\/#organization\"},\"alternateName\":\"Legendary Adventure Portugal\",\"potentialAction\":[{\"@type\":\"SearchAction\",\"target\":{\"@type\":\"EntryPoint\",\"urlTemplate\":\"https:\\\/\\\/legendatours.com\\\/?s={search_term_string}\"},\"query-input\":{\"@type\":\"PropertyValueSpecification\",\"valueRequired\":true,\"valueName\":\"search_term_string\"}}],\"inLanguage\":\"de\"},{\"@type\":\"Organization\",\"@id\":\"https:\\\/\\\/legendatours.com\\\/#organization\",\"name\":\"legendatours.com\",\"url\":\"https:\\\/\\\/legendatours.com\\\/\",\"logo\":{\"@type\":\"ImageObject\",\"inLanguage\":\"de\",\"@id\":\"https:\\\/\\\/legendatours.com\\\/#\\\/schema\\\/logo\\\/image\\\/\",\"url\":\"https:\\\/\\\/legendatours.com\\\/wp-content\\\/uploads\\\/sites\\\/12\\\/2021\\\/06\\\/legendary_adventure_dmc.png\",\"contentUrl\":\"https:\\\/\\\/legendatours.com\\\/wp-content\\\/uploads\\\/sites\\\/12\\\/2021\\\/06\\\/legendary_adventure_dmc.png\",\"width\":250,\"height\":74,\"caption\":\"legendatours.com\"},\"image\":{\"@id\":\"https:\\\/\\\/legendatours.com\\\/#\\\/schema\\\/logo\\\/image\\\/\"},\"sameAs\":[\"https:\\\/\\\/www.facebook.com\\\/legendaryadventuredmc\\\/\",\"https:\\\/\\\/www.linkedin.com\\\/company\\\/legendary-adventure-dmc-portugal\",\"https:\\\/\\\/www.youtube.com\\\/channel\\\/UCOIRDx_KM6ynIcacQkZjb6g\"]}]}<\/script>\n<!-- \/ Yoast SEO Premium plugin. -->","yoast_head_json":{"title":"Wandern auf dem Algarve-Weg","description":"Der Algarve-Weg ist schlicht und ergreifend einer der sch\u00f6nsten Fernwanderwege Europas. Von der spanischen Grenze bis zu einem dramatischen Ende in Sagres","robots":{"index":"index","follow":"follow","max-snippet":"max-snippet:-1","max-image-preview":"max-image-preview:large","max-video-preview":"max-video-preview:-1"},"canonical":"https:\/\/legendatours.com\/de\/produkt\/walking-the-algarve-way-long-distance-walks-in-portugal-1500g\/","og_locale":"de_DE","og_type":"article","og_title":"Walking The Algarve Way","og_description":"The Algarve Way is quite simply one of Europe\u2019s finest long-distance walks. From the Spanish border towards a dramatic end in Sagres","og_url":"https:\/\/legendatours.com\/de\/produkt\/walking-the-algarve-way-long-distance-walks-in-portugal-1500g\/","og_site_name":"Legendary Adventure DMC Portugal","article_publisher":"https:\/\/www.facebook.com\/legendaryadventuredmc\/","article_modified_time":"2024-11-22T15:38:40+00:00","og_image":[{"width":1024,"height":768,"url":"https:\/\/legendatours.com\/wp-content\/uploads\/sites\/12\/2021\/04\/view_caldeirao-e1611687753135.jpeg","type":"image\/jpeg"}],"twitter_card":"summary_large_image","twitter_misc":{"Gesch\u00e4tzte Lesezeit":"3\u00a0Minuten"},"schema":{"@context":"https:\/\/schema.org","@graph":[{"@type":"WebPage","@id":"https:\/\/legendatours.com\/product\/walking-the-algarve-way-long-distance-walks-in-portugal-1500g\/","url":"https:\/\/legendatours.com\/product\/walking-the-algarve-way-long-distance-walks-in-portugal-1500g\/","name":"Wandern auf dem Algarve-Weg","isPartOf":{"@id":"https:\/\/legendatours.com\/#website"},"primaryImageOfPage":{"@id":"https:\/\/legendatours.com\/product\/walking-the-algarve-way-long-distance-walks-in-portugal-1500g\/#primaryimage"},"image":{"@id":"https:\/\/legendatours.com\/product\/walking-the-algarve-way-long-distance-walks-in-portugal-1500g\/#primaryimage"},"thumbnailUrl":"https:\/\/legendatours.com\/wp-content\/uploads\/sites\/12\/2021\/04\/view_caldeirao-e1611687753135.jpeg","datePublished":"2021-08-30T11:29:01+00:00","dateModified":"2024-11-22T15:38:40+00:00","description":"Der Algarve-Weg ist schlicht und ergreifend einer der sch\u00f6nsten Fernwanderwege Europas. Von der spanischen Grenze bis zu einem dramatischen Ende in Sagres","breadcrumb":{"@id":"https:\/\/legendatours.com\/product\/walking-the-algarve-way-long-distance-walks-in-portugal-1500g\/#breadcrumb"},"inLanguage":"de","potentialAction":[{"@type":"ReadAction","target":["https:\/\/legendatours.com\/product\/walking-the-algarve-way-long-distance-walks-in-portugal-1500g\/"]}]},{"@type":"ImageObject","inLanguage":"de","@id":"https:\/\/legendatours.com\/product\/walking-the-algarve-way-long-distance-walks-in-portugal-1500g\/#primaryimage","url":"https:\/\/legendatours.com\/wp-content\/uploads\/sites\/12\/2021\/04\/view_caldeirao-e1611687753135.jpeg","contentUrl":"https:\/\/legendatours.com\/wp-content\/uploads\/sites\/12\/2021\/04\/view_caldeirao-e1611687753135.jpeg","width":1024,"height":768,"caption":"View to the Caldeir\u00e3o Mountains"},{"@type":"BreadcrumbList","@id":"https:\/\/legendatours.com\/product\/walking-the-algarve-way-long-distance-walks-in-portugal-1500g\/#breadcrumb","itemListElement":[{"@type":"ListItem","position":1,"name":"Home","item":"https:\/\/legendatours.com\/"},{"@type":"ListItem","position":2,"name":"Shop","item":"https:\/\/legendatours.com\/sv\/?page_id=4"},{"@type":"ListItem","position":3,"name":"Walking The Algarve Way"}]},{"@type":"WebSite","@id":"https:\/\/legendatours.com\/#website","url":"https:\/\/legendatours.com\/","name":"Legend\u00e4res Abenteuer DMC Portugal","description":"Verantwortungsvolles Wandern und Natururlaub in Portugal","publisher":{"@id":"https:\/\/legendatours.com\/#organization"},"alternateName":"Legendary Adventure Portugal","potentialAction":[{"@type":"SearchAction","target":{"@type":"EntryPoint","urlTemplate":"https:\/\/legendatours.com\/?s={search_term_string}"},"query-input":{"@type":"PropertyValueSpecification","valueRequired":true,"valueName":"search_term_string"}}],"inLanguage":"de"},{"@type":"Organization","@id":"https:\/\/legendatours.com\/#organization","name":"legendatours.com","url":"https:\/\/legendatours.com\/","logo":{"@type":"ImageObject","inLanguage":"de","@id":"https:\/\/legendatours.com\/#\/schema\/logo\/image\/","url":"https:\/\/legendatours.com\/wp-content\/uploads\/sites\/12\/2021\/06\/legendary_adventure_dmc.png","contentUrl":"https:\/\/legendatours.com\/wp-content\/uploads\/sites\/12\/2021\/06\/legendary_adventure_dmc.png","width":250,"height":74,"caption":"legendatours.com"},"image":{"@id":"https:\/\/legendatours.com\/#\/schema\/logo\/image\/"},"sameAs":["https:\/\/www.facebook.com\/legendaryadventuredmc\/","https:\/\/www.linkedin.com\/company\/legendary-adventure-dmc-portugal","https:\/\/www.youtube.com\/channel\/UCOIRDx_KM6ynIcacQkZjb6g"]}]}},"_links":{"self":[{"href":"https:\/\/legendatours.com\/de\/wp-json\/wp\/v2\/product\/10547","targetHints":{"allow":["GET"]}}],"collection":[{"href":"https:\/\/legendatours.com\/de\/wp-json\/wp\/v2\/product"}],"about":[{"href":"https:\/\/legendatours.com\/de\/wp-json\/wp\/v2\/types\/product"}],"replies":[{"embeddable":true,"href":"https:\/\/legendatours.com\/de\/wp-json\/wp\/v2\/comments?post=10547"}],"wp:featuredmedia":[{"embeddable":true,"href":"https:\/\/legendatours.com\/de\/wp-json\/wp\/v2\/media\/7939"}],"wp:attachment":[{"href":"https:\/\/legendatours.com\/de\/wp-json\/wp\/v2\/media?parent=10547"}],"wp:term":[{"taxonomy":"product_brand","embeddable":true,"href":"https:\/\/legendatours.com\/de\/wp-json\/wp\/v2\/product_brand?post=10547"},{"taxonomy":"product_cat","embeddable":true,"href":"https:\/\/legendatours.com\/de\/wp-json\/wp\/v2\/product_cat?post=10547"},{"taxonomy":"product_tag","embeddable":true,"href":"https:\/\/legendatours.com\/de\/wp-json\/wp\/v2\/product_tag?post=10547"}],"curies":[{"name":"wp","href":"https:\/\/api.w.org\/{rel}","templated":true}]}}