{"id":10738,"date":"2024-09-17T14:48:27","date_gmt":"2024-09-17T14:48:27","guid":{"rendered":"https:\/\/legendatours.com\/product\/the-camino-from-lisbon-to-santiago-14200g\/"},"modified":"2025-07-25T11:25:47","modified_gmt":"2025-07-25T11:25:47","slug":"the-camino-from-lisbon-to-santiago-14200g","status":"publish","type":"product","link":"https:\/\/legendatours.com\/de\/produkt\/the-camino-from-lisbon-to-santiago-14200g\/","title":{"rendered":"Der Camino \u2013 Von Lissabon nach Santiago"},"content":{"rendered":"<p>Diese Reise kombiniert einige der wichtigsten kulturellen H\u00f6hepunkte Portugals mit Teilen des Jakobswegs, einem der \u00e4ltesten und attraktivsten Pilgerwege Europas.<br \/>\nEs beginnt in <strong>Lissabon<\/strong>, Portugals charmante Hauptstadt voller Geschichte und Kultur. Wir werden Zeit haben, Lissabons historische Viertel und bekannteste Sehensw\u00fcrdigkeiten zu erkunden.<\/p>\n<p>Als n\u00e4chstes haben wir die Gelegenheit zu entdecken <strong>Tomar<\/strong>, der Ort einiger der wichtigsten historischen St\u00e4tten im Zusammenhang mit der <strong>Tempelritter<\/strong>.<\/p>\n<p>Wir setzen unsere Reise fort und fahren nach <strong>Porto<\/strong>, am Ufer des Flusses Douro. Sie ist ein UNESCO-Weltkulturerbe und die zweitwichtigste Stadt Portugals. Wir besuchen diese antike und charmante Stadt, Heimat des ber\u00fchmten <strong>Portweinkeller<\/strong>.<\/p>\n<p>Von hier aus starten wir die <strong>Wanderetappen des Camino<\/strong>, auf atemberaubenden Pfaden.<br \/>\nWir werden ein ruhigeres, gr\u00fcneres Portugal mit Bergen und \u00fcppig gr\u00fcner Landschaft vorfinden.<br \/>\nIn Spanien, in der Region Galicien, durchqueren wir historische D\u00f6rfer, Kopfsteinpflasterwege und ausgedehnte W\u00e4lder.<br \/>\nWir werden auch viel Zeit haben, um die <strong>gutes Essen<\/strong>, Die <strong>verschiedene Weine<\/strong>und die <strong>regionale K\u00f6stlichkeiten<\/strong>, <strong>Weing\u00fcter besuchen<\/strong>, nehmen Sie eine <strong>Kreuzfahrt auf dem Fluss Douro<\/strong>, und genie\u00dfen Sie alles, was Portugal und der Camino zu bieten haben.<\/p>\n<p>Am Ende unseres Abenteuers, bei der Ankunft am <strong>Kathedrale von Santiago de Compostela<\/strong>erhalten Sie die begehrte <strong>Pilgerpass<\/strong>! Es bescheinigt, dass Sie die erforderlichen Etappen des Camino absolviert haben, um als echter Pilger zu gelten, und das alles in Begleitung gleichgesinnter Reisender.<\/p>\n<p>&nbsp;<\/p>\n<p>&nbsp;<\/p>","protected":false},"excerpt":{"rendered":"<p>Diese epische Reise kombiniert wichtige kulturelle H\u00f6hepunkte Portugals mit Teilen des Jakobswegs.<br \/>\nWir starten in Lissabon, der charmanten portugiesischen Hauptstadt, erkunden Tomar, das ehemalige Hauptquartier der Tempelritter, und besuchen Porto, die zweitwichtigste Stadt Portugals. Von hier aus beginnen wir, die Etappen des Camino zu wandern, um unseren Pilgerpass zu erhalten.<\/p>","protected":false},"featured_media":10719,"comment_status":"closed","ping_status":"closed","template":"","meta":{"_acf_changed":false,"inline_featured_image":false},"product_brand":[],"product_cat":[32,28,29,30,31],"product_tag":[402,333,548,78,36,130,46,616,87,90,91,217,134,195,197,55,95,202,566,221,100,101,162,246,617,56,57,58,618,59,226,407,619,620,143,229,207,71,610,359,233,346],"class_list":{"0":"post-10738","1":"product","2":"type-product","3":"status-publish","4":"has-post-thumbnail","6":"product_cat-cultural-tours-and-holidays-in-portugal","7":"product_cat-guided-group-tours","8":"product_cat-portugal-guided-historical-holidays","9":"product_cat-guided-sightseeing-holidays-portugal","10":"product_cat-guided-walking-holidays-in-portugal","11":"product_tag-amazing-walking","12":"product_tag-ancient-churches","13":"product_tag-architectonic-heritage","14":"product_tag-beautiful-landscapes","15":"product_tag-cultural-heritage","16":"product_tag-gastronomy","17":"product_tag-gastronomy-and-wines","18":"product_tag-greatest-baroque-structures-in-europe","19":"product_tag-green-landscape","20":"product_tag-guided-walking-holidays","21":"product_tag-guided-walking-tours","22":"product_tag-heritage","23":"product_tag-historic-monuments-in-lisbon","24":"product_tag-history-and-heritage","25":"product_tag-knights-templar","26":"product_tag-local-gastronomy","27":"product_tag-magnificent-landscape","28":"product_tag-medieval-times","29":"product_tag-medieval-villages","30":"product_tag-minho-region-portugal","31":"product_tag-nature-holidays","32":"product_tag-nature-tour","33":"product_tag-nature-walks","34":"product_tag-northern-portugal","35":"product_tag-northern-portugal-and-galicia","36":"product_tag-oporto","37":"product_tag-porto","38":"product_tag-porto-bridges","39":"product_tag-porto-cathedral","40":"product_tag-porto-world-heritage","41":"product_tag-portos-old-town","42":"product_tag-portugal-perfect-walking-holiday","43":"product_tag-santiago-compostela-walks","44":"product_tag-santiago-de-compostela","45":"product_tag-sightseeing-lisbon","46":"product_tag-sightseeing-porto","47":"product_tag-tomar","48":"product_tag-unesco-world-heritage-site","49":"product_tag-walking-experiences","50":"product_tag-walks-porto","51":"product_tag-world-heritage","52":"product_tag-world-heritage-city","54":"first","55":"instock","56":"virtual","57":"product-type-simple"},"acf":[],"yoast_head":"<!-- This site is optimized with the Yoast SEO Premium plugin v26.8 (Yoast SEO v27.5) - https:\/\/yoast.com\/product\/yoast-seo-premium-wordpress\/ -->\n<title>The Camino - From Lisbon to Santiago - Legendary Adventure DMC Portugal<\/title>\n<meta name=\"description\" content=\"This epic journey combines important cultural highlights of Portugal with parts of the Camino de Santiago.We will start in Lisbon, the charming Portuguese capital, explore Tomar, the former headquarters of the Knights Templar, and visit Porto, Portugal\u2019s second most important city. From here, we will begin walking the stages of the Camino to obtain our Pilgrim passport.\" \/>\n<meta name=\"robots\" content=\"index, follow, max-snippet:-1, max-image-preview:large, max-video-preview:-1\" \/>\n<link rel=\"canonical\" href=\"https:\/\/legendatours.com\/de\/produkt\/the-camino-from-lisbon-to-santiago-14200g\/\" \/>\n<meta property=\"og:locale\" content=\"de_DE\" \/>\n<meta property=\"og:type\" content=\"article\" \/>\n<meta property=\"og:title\" content=\"The Camino - From Lisbon to Santiago\" \/>\n<meta property=\"og:description\" content=\"This epic journey combines important cultural highlights of Portugal with parts of the Camino de Santiago.We will start in Lisbon, the charming Portuguese capital, explore Tomar, the former headquarters of the Knights Templar, and visit Porto, Portugal\u2019s second most important city. From here, we will begin walking the stages of the Camino to obtain our Pilgrim passport.\" \/>\n<meta property=\"og:url\" content=\"https:\/\/legendatours.com\/de\/produkt\/the-camino-from-lisbon-to-santiago-14200g\/\" \/>\n<meta property=\"og:site_name\" content=\"Legendary Adventure DMC Portugal\" \/>\n<meta property=\"article:publisher\" content=\"https:\/\/www.facebook.com\/legendaryadventuredmc\/\" \/>\n<meta property=\"article:modified_time\" content=\"2025-07-25T11:25:47+00:00\" \/>\n<meta property=\"og:image\" content=\"https:\/\/legendatours.com\/wp-content\/uploads\/sites\/12\/2024\/12\/The-Camino-From-Lisbon-to-Santiago-Camino.jpg\" \/>\n\t<meta property=\"og:image:width\" content=\"1800\" \/>\n\t<meta property=\"og:image:height\" content=\"1200\" \/>\n\t<meta property=\"og:image:type\" content=\"image\/jpeg\" \/>\n<meta name=\"twitter:card\" content=\"summary_large_image\" \/>\n<meta name=\"twitter:label1\" content=\"Gesch\u00e4tzte Lesezeit\" \/>\n\t<meta name=\"twitter:data1\" content=\"2\u00a0Minuten\" \/>\n<script type=\"application\/ld+json\" class=\"yoast-schema-graph\">{\"@context\":\"https:\\\/\\\/schema.org\",\"@graph\":[{\"@type\":\"WebPage\",\"@id\":\"https:\\\/\\\/legendatours.com\\\/product\\\/the-camino-from-lisbon-to-santiago-14200g\\\/\",\"url\":\"https:\\\/\\\/legendatours.com\\\/product\\\/the-camino-from-lisbon-to-santiago-14200g\\\/\",\"name\":\"The Camino - From Lisbon to Santiago - Legendary Adventure DMC Portugal\",\"isPartOf\":{\"@id\":\"https:\\\/\\\/legendatours.com\\\/#website\"},\"primaryImageOfPage\":{\"@id\":\"https:\\\/\\\/legendatours.com\\\/product\\\/the-camino-from-lisbon-to-santiago-14200g\\\/#primaryimage\"},\"image\":{\"@id\":\"https:\\\/\\\/legendatours.com\\\/product\\\/the-camino-from-lisbon-to-santiago-14200g\\\/#primaryimage\"},\"thumbnailUrl\":\"https:\\\/\\\/legendatours.com\\\/wp-content\\\/uploads\\\/sites\\\/12\\\/2024\\\/12\\\/The-Camino-From-Lisbon-to-Santiago-Camino.jpg\",\"datePublished\":\"2024-09-17T14:48:27+00:00\",\"dateModified\":\"2025-07-25T11:25:47+00:00\",\"description\":\"This epic journey combines important cultural highlights of Portugal with parts of the Camino de Santiago.We will start in Lisbon, the charming Portuguese capital, explore Tomar, the former headquarters of the Knights Templar, and visit Porto, Portugal\u2019s second most important city. From here, we will begin walking the stages of the Camino to obtain our Pilgrim passport.\",\"breadcrumb\":{\"@id\":\"https:\\\/\\\/legendatours.com\\\/product\\\/the-camino-from-lisbon-to-santiago-14200g\\\/#breadcrumb\"},\"inLanguage\":\"de\",\"potentialAction\":[{\"@type\":\"ReadAction\",\"target\":[\"https:\\\/\\\/legendatours.com\\\/product\\\/the-camino-from-lisbon-to-santiago-14200g\\\/\"]}]},{\"@type\":\"ImageObject\",\"inLanguage\":\"de\",\"@id\":\"https:\\\/\\\/legendatours.com\\\/product\\\/the-camino-from-lisbon-to-santiago-14200g\\\/#primaryimage\",\"url\":\"https:\\\/\\\/legendatours.com\\\/wp-content\\\/uploads\\\/sites\\\/12\\\/2024\\\/12\\\/The-Camino-From-Lisbon-to-Santiago-Camino.jpg\",\"contentUrl\":\"https:\\\/\\\/legendatours.com\\\/wp-content\\\/uploads\\\/sites\\\/12\\\/2024\\\/12\\\/The-Camino-From-Lisbon-to-Santiago-Camino.jpg\",\"width\":1800,\"height\":1200,\"caption\":\"Walking The-Camino-From-Lisbon-to-Santiago\"},{\"@type\":\"BreadcrumbList\",\"@id\":\"https:\\\/\\\/legendatours.com\\\/product\\\/the-camino-from-lisbon-to-santiago-14200g\\\/#breadcrumb\",\"itemListElement\":[{\"@type\":\"ListItem\",\"position\":1,\"name\":\"Home\",\"item\":\"https:\\\/\\\/legendatours.com\\\/\"},{\"@type\":\"ListItem\",\"position\":2,\"name\":\"Shop\",\"item\":\"https:\\\/\\\/legendatours.com\\\/sv\\\/?page_id=4\"},{\"@type\":\"ListItem\",\"position\":3,\"name\":\"The Camino \u2013 From Lisbon to Santiago\"}]},{\"@type\":\"WebSite\",\"@id\":\"https:\\\/\\\/legendatours.com\\\/#website\",\"url\":\"https:\\\/\\\/legendatours.com\\\/\",\"name\":\"Legendary Adventure DMC Portugal\",\"description\":\"Responsible Walking &amp; Nature Holidays in Portugal\",\"publisher\":{\"@id\":\"https:\\\/\\\/legendatours.com\\\/#organization\"},\"alternateName\":\"Legendary Adventure Portugal\",\"potentialAction\":[{\"@type\":\"SearchAction\",\"target\":{\"@type\":\"EntryPoint\",\"urlTemplate\":\"https:\\\/\\\/legendatours.com\\\/?s={search_term_string}\"},\"query-input\":{\"@type\":\"PropertyValueSpecification\",\"valueRequired\":true,\"valueName\":\"search_term_string\"}}],\"inLanguage\":\"de\"},{\"@type\":\"Organization\",\"@id\":\"https:\\\/\\\/legendatours.com\\\/#organization\",\"name\":\"legendatours.com\",\"url\":\"https:\\\/\\\/legendatours.com\\\/\",\"logo\":{\"@type\":\"ImageObject\",\"inLanguage\":\"de\",\"@id\":\"https:\\\/\\\/legendatours.com\\\/#\\\/schema\\\/logo\\\/image\\\/\",\"url\":\"https:\\\/\\\/legendatours.com\\\/wp-content\\\/uploads\\\/sites\\\/12\\\/2021\\\/06\\\/legendary_adventure_dmc.png\",\"contentUrl\":\"https:\\\/\\\/legendatours.com\\\/wp-content\\\/uploads\\\/sites\\\/12\\\/2021\\\/06\\\/legendary_adventure_dmc.png\",\"width\":250,\"height\":74,\"caption\":\"legendatours.com\"},\"image\":{\"@id\":\"https:\\\/\\\/legendatours.com\\\/#\\\/schema\\\/logo\\\/image\\\/\"},\"sameAs\":[\"https:\\\/\\\/www.facebook.com\\\/legendaryadventuredmc\\\/\",\"https:\\\/\\\/www.linkedin.com\\\/company\\\/legendary-adventure-dmc-portugal\",\"https:\\\/\\\/www.youtube.com\\\/channel\\\/UCOIRDx_KM6ynIcacQkZjb6g\"]}]}<\/script>\n<!-- \/ Yoast SEO Premium plugin. -->","yoast_head_json":{"title":"Der Camino \u2013 Von Lissabon nach Santiago \u2013 Legendary Adventure DMC Portugal","description":"Diese epische Reise verbindet wichtige kulturelle H\u00f6hepunkte Portugals mit Teilen des Jakobswegs. Wir starten in Lissabon, der charmanten portugiesischen Hauptstadt, erkunden Tomar, den ehemaligen Hauptsitz der Tempelritter, und besuchen Porto, Portugals zweitwichtigste Stadt. Von hier aus beginnen wir mit der Wanderung der Etappen des Jakobswegs, um unseren Pilgerpass zu erhalten.","robots":{"index":"index","follow":"follow","max-snippet":"max-snippet:-1","max-image-preview":"max-image-preview:large","max-video-preview":"max-video-preview:-1"},"canonical":"https:\/\/legendatours.com\/de\/produkt\/the-camino-from-lisbon-to-santiago-14200g\/","og_locale":"de_DE","og_type":"article","og_title":"The Camino - From Lisbon to Santiago","og_description":"This epic journey combines important cultural highlights of Portugal with parts of the Camino de Santiago.We will start in Lisbon, the charming Portuguese capital, explore Tomar, the former headquarters of the Knights Templar, and visit Porto, Portugal\u2019s second most important city. From here, we will begin walking the stages of the Camino to obtain our Pilgrim passport.","og_url":"https:\/\/legendatours.com\/de\/produkt\/the-camino-from-lisbon-to-santiago-14200g\/","og_site_name":"Legendary Adventure DMC Portugal","article_publisher":"https:\/\/www.facebook.com\/legendaryadventuredmc\/","article_modified_time":"2025-07-25T11:25:47+00:00","og_image":[{"width":1800,"height":1200,"url":"https:\/\/legendatours.com\/wp-content\/uploads\/sites\/12\/2024\/12\/The-Camino-From-Lisbon-to-Santiago-Camino.jpg","type":"image\/jpeg"}],"twitter_card":"summary_large_image","twitter_misc":{"Gesch\u00e4tzte Lesezeit":"2\u00a0Minuten"},"schema":{"@context":"https:\/\/schema.org","@graph":[{"@type":"WebPage","@id":"https:\/\/legendatours.com\/product\/the-camino-from-lisbon-to-santiago-14200g\/","url":"https:\/\/legendatours.com\/product\/the-camino-from-lisbon-to-santiago-14200g\/","name":"Der Camino \u2013 Von Lissabon nach Santiago \u2013 Legendary Adventure DMC Portugal","isPartOf":{"@id":"https:\/\/legendatours.com\/#website"},"primaryImageOfPage":{"@id":"https:\/\/legendatours.com\/product\/the-camino-from-lisbon-to-santiago-14200g\/#primaryimage"},"image":{"@id":"https:\/\/legendatours.com\/product\/the-camino-from-lisbon-to-santiago-14200g\/#primaryimage"},"thumbnailUrl":"https:\/\/legendatours.com\/wp-content\/uploads\/sites\/12\/2024\/12\/The-Camino-From-Lisbon-to-Santiago-Camino.jpg","datePublished":"2024-09-17T14:48:27+00:00","dateModified":"2025-07-25T11:25:47+00:00","description":"Diese epische Reise verbindet wichtige kulturelle H\u00f6hepunkte Portugals mit Teilen des Jakobswegs. Wir starten in Lissabon, der charmanten portugiesischen Hauptstadt, erkunden Tomar, den ehemaligen Hauptsitz der Tempelritter, und besuchen Porto, Portugals zweitwichtigste Stadt. Von hier aus beginnen wir mit der Wanderung der Etappen des Jakobswegs, um unseren Pilgerpass zu erhalten.","breadcrumb":{"@id":"https:\/\/legendatours.com\/product\/the-camino-from-lisbon-to-santiago-14200g\/#breadcrumb"},"inLanguage":"de","potentialAction":[{"@type":"ReadAction","target":["https:\/\/legendatours.com\/product\/the-camino-from-lisbon-to-santiago-14200g\/"]}]},{"@type":"ImageObject","inLanguage":"de","@id":"https:\/\/legendatours.com\/product\/the-camino-from-lisbon-to-santiago-14200g\/#primaryimage","url":"https:\/\/legendatours.com\/wp-content\/uploads\/sites\/12\/2024\/12\/The-Camino-From-Lisbon-to-Santiago-Camino.jpg","contentUrl":"https:\/\/legendatours.com\/wp-content\/uploads\/sites\/12\/2024\/12\/The-Camino-From-Lisbon-to-Santiago-Camino.jpg","width":1800,"height":1200,"caption":"Walking The-Camino-From-Lisbon-to-Santiago"},{"@type":"BreadcrumbList","@id":"https:\/\/legendatours.com\/product\/the-camino-from-lisbon-to-santiago-14200g\/#breadcrumb","itemListElement":[{"@type":"ListItem","position":1,"name":"Home","item":"https:\/\/legendatours.com\/"},{"@type":"ListItem","position":2,"name":"Shop","item":"https:\/\/legendatours.com\/sv\/?page_id=4"},{"@type":"ListItem","position":3,"name":"The Camino \u2013 From Lisbon to Santiago"}]},{"@type":"WebSite","@id":"https:\/\/legendatours.com\/#website","url":"https:\/\/legendatours.com\/","name":"Legend\u00e4res Abenteuer DMC Portugal","description":"Verantwortungsvolles Wandern und Natururlaub in Portugal","publisher":{"@id":"https:\/\/legendatours.com\/#organization"},"alternateName":"Legendary Adventure Portugal","potentialAction":[{"@type":"SearchAction","target":{"@type":"EntryPoint","urlTemplate":"https:\/\/legendatours.com\/?s={search_term_string}"},"query-input":{"@type":"PropertyValueSpecification","valueRequired":true,"valueName":"search_term_string"}}],"inLanguage":"de"},{"@type":"Organization","@id":"https:\/\/legendatours.com\/#organization","name":"legendatours.com","url":"https:\/\/legendatours.com\/","logo":{"@type":"ImageObject","inLanguage":"de","@id":"https:\/\/legendatours.com\/#\/schema\/logo\/image\/","url":"https:\/\/legendatours.com\/wp-content\/uploads\/sites\/12\/2021\/06\/legendary_adventure_dmc.png","contentUrl":"https:\/\/legendatours.com\/wp-content\/uploads\/sites\/12\/2021\/06\/legendary_adventure_dmc.png","width":250,"height":74,"caption":"legendatours.com"},"image":{"@id":"https:\/\/legendatours.com\/#\/schema\/logo\/image\/"},"sameAs":["https:\/\/www.facebook.com\/legendaryadventuredmc\/","https:\/\/www.linkedin.com\/company\/legendary-adventure-dmc-portugal","https:\/\/www.youtube.com\/channel\/UCOIRDx_KM6ynIcacQkZjb6g"]}]}},"_links":{"self":[{"href":"https:\/\/legendatours.com\/de\/wp-json\/wp\/v2\/product\/10738","targetHints":{"allow":["GET"]}}],"collection":[{"href":"https:\/\/legendatours.com\/de\/wp-json\/wp\/v2\/product"}],"about":[{"href":"https:\/\/legendatours.com\/de\/wp-json\/wp\/v2\/types\/product"}],"replies":[{"embeddable":true,"href":"https:\/\/legendatours.com\/de\/wp-json\/wp\/v2\/comments?post=10738"}],"wp:featuredmedia":[{"embeddable":true,"href":"https:\/\/legendatours.com\/de\/wp-json\/wp\/v2\/media\/10719"}],"wp:attachment":[{"href":"https:\/\/legendatours.com\/de\/wp-json\/wp\/v2\/media?parent=10738"}],"wp:term":[{"taxonomy":"product_brand","embeddable":true,"href":"https:\/\/legendatours.com\/de\/wp-json\/wp\/v2\/product_brand?post=10738"},{"taxonomy":"product_cat","embeddable":true,"href":"https:\/\/legendatours.com\/de\/wp-json\/wp\/v2\/product_cat?post=10738"},{"taxonomy":"product_tag","embeddable":true,"href":"https:\/\/legendatours.com\/de\/wp-json\/wp\/v2\/product_tag?post=10738"}],"curies":[{"name":"wp","href":"https:\/\/api.w.org\/{rel}","templated":true}]}}