{"id":10874,"date":"2025-07-04T14:16:37","date_gmt":"2025-07-04T14:16:37","guid":{"rendered":"https:\/\/legendatours.com\/product\/cape-verde-hidden-gems-sightseeing-walking-cv1300g\/"},"modified":"2026-03-10T17:41:46","modified_gmt":"2026-03-10T17:41:46","slug":"cabo-verde-hidden-gems-cv1200g","status":"publish","type":"product","link":"https:\/\/legendatours.com\/de\/produkt\/cabo-verde-hidden-gems-cv1200g\/","title":{"rendered":"Kap Verdes \u2013 Verborgene Sch\u00e4tze"},"content":{"rendered":"<div id=\"fws_69f4123a22e72\"  data-column-margin=\"default\" data-midnight=\"dark\"  class=\"wpb_row vc_row-fluid vc_row\"  style=\"padding-top: 0px; padding-bottom: 0px; \"><div class=\"row-bg-wrap\" data-bg-animation=\"none\" data-bg-animation-delay=\"\" data-bg-overlay=\"false\"><div class=\"inner-wrap row-bg-layer\" ><div class=\"row-bg viewport-desktop\"  style=\"\"><\/div><\/div><\/div><div class=\"row_col_wrap_12 col span_12 dark left\">\n\t<div  class=\"vc_col-sm-12 wpb_column column_container vc_column_container col no-extra-padding inherit_tablet inherit_phone flex_gap_desktop_10px\"  data-padding-pos=\"all\" data-has-bg-color=\"false\" data-bg-color=\"\" data-bg-opacity=\"1\" data-animation=\"\" data-delay=\"0\" >\n\t\t<div class=\"vc_column-inner\" >\n\t\t\t<div class=\"wpb_wrapper\">\n\t\t\t\t\n<div class=\"wpb_text_column wpb_content_element\" >\n\t<p><strong>Unser Abenteuer beginnt in Mindelo, eingebettet auf der Insel S\u00e3o Vicente. Mindelo, bekannt als die Kulturhauptstadt von Kap Verde, besticht durch farbenfrohe Stra\u00dfen, Live-Musik und reiche Traditionen. <\/strong><\/p>\n<p><strong>Nachdem wir die Sehensw\u00fcrdigkeiten und Kl\u00e4nge von S\u00e3o Vicente aufgesogen haben, begeben wir uns auf eine malerische F\u00e4hrfahrt zur atemberaubenden Insel Santo Ant\u00e3o. <\/strong><\/p>\n<p><strong>W\u00e4hrend wir \u00fcber das azurblaue Wasser gleiten, er\u00f6ffnet sich uns eine majest\u00e4tische Vulkanlandschaft und offenbart eine friedliche Oase, die sich wie ein geheimes Paradies anf\u00fchlt, das vom Massentourismus gn\u00e4digerweise unber\u00fchrt geblieben ist. <\/strong><\/p>\n<p><strong>W\u00e4hrend unseres Aufenthalts in Santo Ant\u00e3o tauchen wir ein in eine Vielzahl spektakul\u00e4rer Landschaften, darunter imposante Berggipfel, charmante Fischerd\u00f6rfer, tropische gr\u00fcne T\u00e4ler und an die Sahara erinnernde Szenerien. <\/strong><\/p>\n<p><strong>Wir genie\u00dfen lokale kulinarische K\u00f6stlichkeiten und erkunden die reichen kulturellen und nat\u00fcrlichen Sch\u00e4tze, die diese abgelegenen Atlantikinseln zu bieten haben.<\/strong><\/p>\n<p><strong>\u00a0<\/strong><\/p>\n<p><strong>S\u00e3o Vicente, kulturelles Herz von Cabo Verde<\/strong><\/p>\n<p>Kommen Sie nach Mindelo, wo Sie an jeder Ecke etwas Interessantes entdecken werden.<\/p>\n<p>Mindelo, das als kulturelles Herz des Archipels und Geburtsort der legend\u00e4ren Morna-S\u00e4ngerin Ces\u00e1ria \u00c9vora gefeiert wird, zeichnet sich durch seine lebendige Kolonialarchitektur, seine k\u00fcnstlerische Seele und seinen nostalgischen Charme aus.<\/p>\n<div id=\"attachment_4367\" style=\"width: 1034px\" class=\"wp-caption alignnone\"><img loading=\"lazy\" decoding=\"async\" aria-describedby=\"caption-attachment-4367\" class=\"wp-image-4367 size-large\" src=\"https:\/\/legendatours.net\/wp-content\/uploads\/2025\/07\/35-1024x683.jpg\" alt=\"Walking in S\u00e3o Vicente Cape Verde\" width=\"1024\" height=\"683\" \/><p id=\"caption-attachment-4367\" class=\"wp-caption-text\">Nationales Zentrum f\u00fcr Kunst, Handwerk und Design in Mindelo<\/p><\/div>\n<p>&nbsp;<\/p>\n<div id=\"attachment_4366\" style=\"width: 1034px\" class=\"wp-caption alignnone\"><img loading=\"lazy\" decoding=\"async\" aria-describedby=\"caption-attachment-4366\" class=\"wp-image-4366 size-large\" src=\"https:\/\/legendatours.net\/wp-content\/uploads\/2025\/07\/34-1024x683.jpg\" alt=\"Walking in S\u00e3o Vicente Cape Verde\" width=\"1024\" height=\"683\" \/><p id=\"caption-attachment-4366\" class=\"wp-caption-text\">Obst- und Gem\u00fcsemarkt in Mindelo<\/p><\/div>\n<p>Der Stadtstrand von Laginha in einer gesch\u00fctzten Bucht mit t\u00fcrkisfarbenem Wasser l\u00e4dt zum F\u00fc\u00dfe-Eintauchen ein.<\/p>\n<p>Die Stadt bietet eine lebhafte Live-Musikszene, Stra\u00dfenm\u00e4rkte mit Kunsthandwerk und frischen Produkten, interessante urbane Kunst und einen Tiefwasserhafen, ein jahrhundertealtes Handelszentrum.<\/p>\n<div id=\"attachment_4330\" style=\"width: 1034px\" class=\"wp-caption alignnone\"><img loading=\"lazy\" decoding=\"async\" aria-describedby=\"caption-attachment-4330\" class=\"wp-image-4330 size-large\" src=\"https:\/\/legendatours.net\/wp-content\/uploads\/2025\/07\/33-1024x683.jpg\" alt=\"Cape Verde - Mindelo and Santo Ant\u00e3o Culture and Nature Walking Tour\" width=\"1024\" height=\"683\" \/><p id=\"caption-attachment-4330\" class=\"wp-caption-text\">Mindelo und Blick auf Monte Cara<\/p><\/div>\n<p>&nbsp;<\/p>\n<div id=\"attachment_4363\" style=\"width: 1034px\" class=\"wp-caption alignnone\"><img loading=\"lazy\" decoding=\"async\" aria-describedby=\"caption-attachment-4363\" class=\"wp-image-4363 size-large\" src=\"https:\/\/legendatours.net\/wp-content\/uploads\/2025\/07\/31-1024x683.jpg\" alt=\"Walking in S\u00e3o Vicente Cape Verde\" width=\"1024\" height=\"683\" \/><p id=\"caption-attachment-4363\" class=\"wp-caption-text\">Ces\u00e1ria \u00c9vora-Wandgem\u00e4lde in Mindelo von Vihls<\/p><\/div>\n<p>&nbsp;<\/p>\n<div id=\"attachment_4362\" style=\"width: 1034px\" class=\"wp-caption alignnone\"><img loading=\"lazy\" decoding=\"async\" aria-describedby=\"caption-attachment-4362\" class=\"wp-image-4362 size-large\" src=\"https:\/\/legendatours.net\/wp-content\/uploads\/2025\/07\/30-1024x683.jpg\" alt=\"Walking in S\u00e3o Vicente Cape Verde\" width=\"1024\" height=\"683\" \/><p id=\"caption-attachment-4362\" class=\"wp-caption-text\">Laginha, der Stadtstrand von Mindelo, S\u00e3o Vicente<\/p><\/div>\n<p>Auch heute noch sehen wir die Spuren seiner reichen Geschichte und der vielf\u00e4ltigen Kulturen, die diese Stra\u00dfen einst kreuzten.<\/p>\n<p>Neben ihrer Hauptstadt bietet S\u00e3o Vicente wundersch\u00f6ne wei\u00dfe Sandstr\u00e4nde, an denen man Schildkr\u00f6ten beobachten und mit ihnen schwimmen kann.<\/p>\n<p><strong>\u00a0<\/strong><\/p>\n<p><strong>Santo Ant\u00e3o, die Insel des Berges<\/strong><\/p>\n<p>Der n\u00e4chste Halt ist Santo Ant\u00e3o. Wenn Cabo Verde ein Juwel w\u00e4re, w\u00e4re Santo Ant\u00e3o sein seltenster und wertvollster Diamant.<\/p>\n<p>Von \u00fcppiger Vegetation \u00fcber imposante Gipfel bis hin zu Pfaden, die an Klippen am Meer entlangf\u00fchren oder vulkanische und landwirtschaftliche H\u00e4nge hinabf\u00fchren, ist Santo Ant\u00e3o ein verlorenes Paradies.<\/p>\n<div id=\"attachment_4387\" style=\"width: 1034px\" class=\"wp-caption alignnone\"><img loading=\"lazy\" decoding=\"async\" aria-describedby=\"caption-attachment-4387\" class=\"wp-image-4387 size-large\" src=\"https:\/\/legendatours.net\/wp-content\/uploads\/2025\/07\/55-1024x683.jpg\" alt=\"Walking in Santo Ant\u00e3o Cape Verde\" width=\"1024\" height=\"683\" \/><p id=\"caption-attachment-4387\" class=\"wp-caption-text\">Fonta\u00ednhas ist als nationales Kultur- und Naturerbe anerkannt<\/p><\/div>\n<p>&nbsp;<\/p>\n<div id=\"attachment_4372\" style=\"width: 1034px\" class=\"wp-caption alignnone\"><img loading=\"lazy\" decoding=\"async\" aria-describedby=\"caption-attachment-4372\" class=\"wp-image-4372 size-large\" src=\"https:\/\/legendatours.net\/wp-content\/uploads\/2025\/07\/40-1024x683.jpg\" alt=\"Walking in Santo Ant\u00e3o Cape Verde\" width=\"1024\" height=\"683\" \/><p id=\"caption-attachment-4372\" class=\"wp-caption-text\">Wandern in Santo Ant\u00e3o Cabo Verde<\/p><\/div>\n<p>Es ist das genaue Gegenteil anderer kapverdischer Touristeninseln, die als Strandziele und f\u00fcr ihre geschlossenen Luxusresorts bekannt sind.<\/p>\n<p>Hier erwartet Sie keine besch\u00f6nigte Version von Kap Verde; stattdessen werden Sie mit Authentizit\u00e4t und einer sorgf\u00e4ltig zusammengestellten Reiseroute mit Wanderungen und Erlebnissen in abwechslungsreichen und unber\u00fchrten Landschaften verw\u00f6hnt.<\/p>\n<div id=\"attachment_4375\" style=\"width: 1034px\" class=\"wp-caption alignnone\"><img loading=\"lazy\" decoding=\"async\" aria-describedby=\"caption-attachment-4375\" class=\"wp-image-4375 size-large\" src=\"https:\/\/legendatours.net\/wp-content\/uploads\/2025\/07\/43-1024x683.jpg\" alt=\"Walking in Santo Ant\u00e3o Cape Verde\" width=\"1024\" height=\"683\" \/><p id=\"caption-attachment-4375\" class=\"wp-caption-text\">Produktion von <em>Grogue<\/em> in Santo Ant\u00e3o<\/p><\/div>\n<p>&nbsp;<\/p>\n<div id=\"attachment_4347\" style=\"width: 1034px\" class=\"wp-caption alignnone\"><img loading=\"lazy\" decoding=\"async\" aria-describedby=\"caption-attachment-4347\" class=\"wp-image-4347 size-large\" src=\"https:\/\/legendatours.net\/wp-content\/uploads\/2025\/07\/15-1024x683.jpg\" alt=\"Walking in Santo Ant\u00e3o Cape Verde\" width=\"1024\" height=\"683\" \/><p id=\"caption-attachment-4347\" class=\"wp-caption-text\">Pa\u00fal-Tal, Santo Ant\u00e3o<\/p><\/div>\n<p>&nbsp;<\/p>\n<div id=\"attachment_4376\" style=\"width: 1034px\" class=\"wp-caption alignnone\"><img loading=\"lazy\" decoding=\"async\" aria-describedby=\"caption-attachment-4376\" class=\"wp-image-4376 size-large\" src=\"https:\/\/legendatours.net\/wp-content\/uploads\/2025\/07\/44-1024x683.jpg\" alt=\"Walking in Santo Ant\u00e3o Cape Verde\" width=\"1024\" height=\"683\" \/><p id=\"caption-attachment-4376\" class=\"wp-caption-text\">Zuckerrohrernte, Santo Ant\u00e3o Kap Verde<\/p><\/div>\n<p>&nbsp;<\/p>\n<div id=\"attachment_4337\" style=\"width: 1034px\" class=\"wp-caption alignnone\"><img loading=\"lazy\" decoding=\"async\" aria-describedby=\"caption-attachment-4337\" class=\"wp-image-4337 size-large\" src=\"https:\/\/legendatours.net\/wp-content\/uploads\/2025\/07\/5-1024x683.jpg\" alt=\"Walking in Santo Ant\u00e3o Cape Verde\" width=\"1024\" height=\"683\" \/><p id=\"caption-attachment-4337\" class=\"wp-caption-text\">Wandern in Santo Ant\u00e3o Cabo Verde<\/p><\/div>\n<p>Die sprichw\u00f6rtliche Herzlichkeit und Sanftmut der kapverdischen Bev\u00f6lkerung ist hier noch authentischer. Sp\u00fcren Sie die <em>Morabeza<\/em>!<\/p>\n<\/div>\n\n\n\n\n\t\t\t<\/div> \n\t\t<\/div>\n\t<\/div> \n<\/div><\/div>","protected":false},"excerpt":{"rendered":"<p>Unser Abenteuer beginnt in Mindelo, dem kulturellen Herzen von Kap Verde. Nachdem wir die Sehensw\u00fcrdigkeiten und Kl\u00e4nge von S\u00e3o Vicente aufgesogen haben, unternehmen wir eine malerische F\u00e4hrfahrt zur atemberaubenden Insel Santo Ant\u00e3o, einer friedlichen Oase, die sich wie ein geheimes Paradies anf\u00fchlt, wohltuend unber\u00fchrt vom Massentourismus.<\/p>","protected":false},"featured_media":10865,"comment_status":"closed","ping_status":"closed","template":"","meta":{"_acf_changed":false,"inline_featured_image":false},"product_brand":[],"product_cat":[1158],"product_tag":[],"class_list":{"0":"post-10874","1":"product","2":"type-product","3":"status-publish","4":"has-post-thumbnail","6":"product_cat-cabo-verde-walking-group-tours","8":"first","9":"instock","10":"featured","11":"virtual","12":"product-type-simple"},"acf":[],"yoast_head":"<!-- This site is optimized with the Yoast SEO Premium plugin v26.8 (Yoast SEO v27.5) - https:\/\/yoast.com\/product\/yoast-seo-premium-wordpress\/ -->\n<title>Cabo Verde Hidden Gems - Legendary Adventure DMC Portugal<\/title>\n<meta name=\"robots\" content=\"index, follow, max-snippet:-1, max-image-preview:large, max-video-preview:-1\" \/>\n<link rel=\"canonical\" href=\"https:\/\/legendatours.com\/de\/produkt\/cabo-verde-hidden-gems-cv1200g\/\" \/>\n<meta property=\"og:locale\" content=\"de_DE\" \/>\n<meta property=\"og:type\" content=\"article\" \/>\n<meta property=\"og:title\" content=\"Cabo Verde Hidden Gems\" \/>\n<meta property=\"og:description\" content=\"Our adventure begins in Mindelo, the cultural heart of Cabo Verde. After soaking in the sights and sounds of S\u00e3o Vicente, we take a scenic ferry ride to the stunning Island of Santo Ant\u00e3o,\u00a0a serene haven that feels like a secret paradise, blissfully untouched by the crowds of mass tourism.\" \/>\n<meta property=\"og:url\" content=\"https:\/\/legendatours.com\/de\/produkt\/cabo-verde-hidden-gems-cv1200g\/\" \/>\n<meta property=\"og:site_name\" content=\"Legendary Adventure DMC Portugal\" \/>\n<meta property=\"article:publisher\" content=\"https:\/\/www.facebook.com\/legendaryadventuredmc\/\" \/>\n<meta property=\"article:modified_time\" content=\"2026-03-10T17:41:46+00:00\" \/>\n<meta property=\"og:image\" content=\"https:\/\/legendatours.com\/wp-content\/uploads\/sites\/12\/2025\/07\/24.jpg\" \/>\n\t<meta property=\"og:image:width\" content=\"1800\" \/>\n\t<meta property=\"og:image:height\" content=\"1200\" \/>\n\t<meta property=\"og:image:type\" content=\"image\/jpeg\" \/>\n<meta name=\"twitter:card\" content=\"summary_large_image\" \/>\n<meta name=\"twitter:label1\" content=\"Gesch\u00e4tzte Lesezeit\" \/>\n\t<meta name=\"twitter:data1\" content=\"4\u00a0Minuten\" \/>\n<script type=\"application\/ld+json\" class=\"yoast-schema-graph\">{\"@context\":\"https:\\\/\\\/schema.org\",\"@graph\":[{\"@type\":\"WebPage\",\"@id\":\"https:\\\/\\\/legendatours.com\\\/product\\\/cabo-verde-hidden-gems-cv1200g\\\/\",\"url\":\"https:\\\/\\\/legendatours.com\\\/product\\\/cabo-verde-hidden-gems-cv1200g\\\/\",\"name\":\"Cabo Verde Hidden Gems - Legendary Adventure DMC Portugal\",\"isPartOf\":{\"@id\":\"https:\\\/\\\/legendatours.com\\\/#website\"},\"primaryImageOfPage\":{\"@id\":\"https:\\\/\\\/legendatours.com\\\/product\\\/cabo-verde-hidden-gems-cv1200g\\\/#primaryimage\"},\"image\":{\"@id\":\"https:\\\/\\\/legendatours.com\\\/product\\\/cabo-verde-hidden-gems-cv1200g\\\/#primaryimage\"},\"thumbnailUrl\":\"https:\\\/\\\/legendatours.com\\\/wp-content\\\/uploads\\\/sites\\\/12\\\/2025\\\/07\\\/24.jpg\",\"datePublished\":\"2025-07-04T14:16:37+00:00\",\"dateModified\":\"2026-03-10T17:41:46+00:00\",\"breadcrumb\":{\"@id\":\"https:\\\/\\\/legendatours.com\\\/product\\\/cabo-verde-hidden-gems-cv1200g\\\/#breadcrumb\"},\"inLanguage\":\"de\",\"potentialAction\":[{\"@type\":\"ReadAction\",\"target\":[\"https:\\\/\\\/legendatours.com\\\/product\\\/cabo-verde-hidden-gems-cv1200g\\\/\"]}]},{\"@type\":\"ImageObject\",\"inLanguage\":\"de\",\"@id\":\"https:\\\/\\\/legendatours.com\\\/product\\\/cabo-verde-hidden-gems-cv1200g\\\/#primaryimage\",\"url\":\"https:\\\/\\\/legendatours.com\\\/wp-content\\\/uploads\\\/sites\\\/12\\\/2025\\\/07\\\/24.jpg\",\"contentUrl\":\"https:\\\/\\\/legendatours.com\\\/wp-content\\\/uploads\\\/sites\\\/12\\\/2025\\\/07\\\/24.jpg\",\"width\":1800,\"height\":1200},{\"@type\":\"BreadcrumbList\",\"@id\":\"https:\\\/\\\/legendatours.com\\\/product\\\/cabo-verde-hidden-gems-cv1200g\\\/#breadcrumb\",\"itemListElement\":[{\"@type\":\"ListItem\",\"position\":1,\"name\":\"Home\",\"item\":\"https:\\\/\\\/legendatours.com\\\/\"},{\"@type\":\"ListItem\",\"position\":2,\"name\":\"Shop\",\"item\":\"https:\\\/\\\/legendatours.com\\\/sv\\\/?page_id=4\"},{\"@type\":\"ListItem\",\"position\":3,\"name\":\"Cabo Verde Hidden Gems\"}]},{\"@type\":\"WebSite\",\"@id\":\"https:\\\/\\\/legendatours.com\\\/#website\",\"url\":\"https:\\\/\\\/legendatours.com\\\/\",\"name\":\"Legendary Adventure DMC Portugal\",\"description\":\"Responsible Walking &amp; Nature Holidays in Portugal\",\"publisher\":{\"@id\":\"https:\\\/\\\/legendatours.com\\\/#organization\"},\"alternateName\":\"Legendary Adventure Portugal\",\"potentialAction\":[{\"@type\":\"SearchAction\",\"target\":{\"@type\":\"EntryPoint\",\"urlTemplate\":\"https:\\\/\\\/legendatours.com\\\/?s={search_term_string}\"},\"query-input\":{\"@type\":\"PropertyValueSpecification\",\"valueRequired\":true,\"valueName\":\"search_term_string\"}}],\"inLanguage\":\"de\"},{\"@type\":\"Organization\",\"@id\":\"https:\\\/\\\/legendatours.com\\\/#organization\",\"name\":\"legendatours.com\",\"url\":\"https:\\\/\\\/legendatours.com\\\/\",\"logo\":{\"@type\":\"ImageObject\",\"inLanguage\":\"de\",\"@id\":\"https:\\\/\\\/legendatours.com\\\/#\\\/schema\\\/logo\\\/image\\\/\",\"url\":\"https:\\\/\\\/legendatours.com\\\/wp-content\\\/uploads\\\/sites\\\/12\\\/2021\\\/06\\\/legendary_adventure_dmc.png\",\"contentUrl\":\"https:\\\/\\\/legendatours.com\\\/wp-content\\\/uploads\\\/sites\\\/12\\\/2021\\\/06\\\/legendary_adventure_dmc.png\",\"width\":250,\"height\":74,\"caption\":\"legendatours.com\"},\"image\":{\"@id\":\"https:\\\/\\\/legendatours.com\\\/#\\\/schema\\\/logo\\\/image\\\/\"},\"sameAs\":[\"https:\\\/\\\/www.facebook.com\\\/legendaryadventuredmc\\\/\",\"https:\\\/\\\/www.linkedin.com\\\/company\\\/legendary-adventure-dmc-portugal\",\"https:\\\/\\\/www.youtube.com\\\/channel\\\/UCOIRDx_KM6ynIcacQkZjb6g\"]}]}<\/script>\n<!-- \/ Yoast SEO Premium plugin. -->","yoast_head_json":{"title":"Cabo Verde Hidden Gems - Legendary Adventure DMC Portugal","robots":{"index":"index","follow":"follow","max-snippet":"max-snippet:-1","max-image-preview":"max-image-preview:large","max-video-preview":"max-video-preview:-1"},"canonical":"https:\/\/legendatours.com\/de\/produkt\/cabo-verde-hidden-gems-cv1200g\/","og_locale":"de_DE","og_type":"article","og_title":"Cabo Verde Hidden Gems","og_description":"Our adventure begins in Mindelo, the cultural heart of Cabo Verde. After soaking in the sights and sounds of S\u00e3o Vicente, we take a scenic ferry ride to the stunning Island of Santo Ant\u00e3o,\u00a0a serene haven that feels like a secret paradise, blissfully untouched by the crowds of mass tourism.","og_url":"https:\/\/legendatours.com\/de\/produkt\/cabo-verde-hidden-gems-cv1200g\/","og_site_name":"Legendary Adventure DMC Portugal","article_publisher":"https:\/\/www.facebook.com\/legendaryadventuredmc\/","article_modified_time":"2026-03-10T17:41:46+00:00","og_image":[{"width":1800,"height":1200,"url":"https:\/\/legendatours.com\/wp-content\/uploads\/sites\/12\/2025\/07\/24.jpg","type":"image\/jpeg"}],"twitter_card":"summary_large_image","twitter_misc":{"Gesch\u00e4tzte Lesezeit":"4\u00a0Minuten"},"schema":{"@context":"https:\/\/schema.org","@graph":[{"@type":"WebPage","@id":"https:\/\/legendatours.com\/product\/cabo-verde-hidden-gems-cv1200g\/","url":"https:\/\/legendatours.com\/product\/cabo-verde-hidden-gems-cv1200g\/","name":"Cabo Verde Hidden Gems - Legendary Adventure DMC Portugal","isPartOf":{"@id":"https:\/\/legendatours.com\/#website"},"primaryImageOfPage":{"@id":"https:\/\/legendatours.com\/product\/cabo-verde-hidden-gems-cv1200g\/#primaryimage"},"image":{"@id":"https:\/\/legendatours.com\/product\/cabo-verde-hidden-gems-cv1200g\/#primaryimage"},"thumbnailUrl":"https:\/\/legendatours.com\/wp-content\/uploads\/sites\/12\/2025\/07\/24.jpg","datePublished":"2025-07-04T14:16:37+00:00","dateModified":"2026-03-10T17:41:46+00:00","breadcrumb":{"@id":"https:\/\/legendatours.com\/product\/cabo-verde-hidden-gems-cv1200g\/#breadcrumb"},"inLanguage":"de","potentialAction":[{"@type":"ReadAction","target":["https:\/\/legendatours.com\/product\/cabo-verde-hidden-gems-cv1200g\/"]}]},{"@type":"ImageObject","inLanguage":"de","@id":"https:\/\/legendatours.com\/product\/cabo-verde-hidden-gems-cv1200g\/#primaryimage","url":"https:\/\/legendatours.com\/wp-content\/uploads\/sites\/12\/2025\/07\/24.jpg","contentUrl":"https:\/\/legendatours.com\/wp-content\/uploads\/sites\/12\/2025\/07\/24.jpg","width":1800,"height":1200},{"@type":"BreadcrumbList","@id":"https:\/\/legendatours.com\/product\/cabo-verde-hidden-gems-cv1200g\/#breadcrumb","itemListElement":[{"@type":"ListItem","position":1,"name":"Home","item":"https:\/\/legendatours.com\/"},{"@type":"ListItem","position":2,"name":"Shop","item":"https:\/\/legendatours.com\/sv\/?page_id=4"},{"@type":"ListItem","position":3,"name":"Cabo Verde Hidden Gems"}]},{"@type":"WebSite","@id":"https:\/\/legendatours.com\/#website","url":"https:\/\/legendatours.com\/","name":"Legend\u00e4res Abenteuer DMC Portugal","description":"Verantwortungsvolles Wandern und Natururlaub in Portugal","publisher":{"@id":"https:\/\/legendatours.com\/#organization"},"alternateName":"Legendary Adventure Portugal","potentialAction":[{"@type":"SearchAction","target":{"@type":"EntryPoint","urlTemplate":"https:\/\/legendatours.com\/?s={search_term_string}"},"query-input":{"@type":"PropertyValueSpecification","valueRequired":true,"valueName":"search_term_string"}}],"inLanguage":"de"},{"@type":"Organization","@id":"https:\/\/legendatours.com\/#organization","name":"legendatours.com","url":"https:\/\/legendatours.com\/","logo":{"@type":"ImageObject","inLanguage":"de","@id":"https:\/\/legendatours.com\/#\/schema\/logo\/image\/","url":"https:\/\/legendatours.com\/wp-content\/uploads\/sites\/12\/2021\/06\/legendary_adventure_dmc.png","contentUrl":"https:\/\/legendatours.com\/wp-content\/uploads\/sites\/12\/2021\/06\/legendary_adventure_dmc.png","width":250,"height":74,"caption":"legendatours.com"},"image":{"@id":"https:\/\/legendatours.com\/#\/schema\/logo\/image\/"},"sameAs":["https:\/\/www.facebook.com\/legendaryadventuredmc\/","https:\/\/www.linkedin.com\/company\/legendary-adventure-dmc-portugal","https:\/\/www.youtube.com\/channel\/UCOIRDx_KM6ynIcacQkZjb6g"]}]}},"_links":{"self":[{"href":"https:\/\/legendatours.com\/de\/wp-json\/wp\/v2\/product\/10874","targetHints":{"allow":["GET"]}}],"collection":[{"href":"https:\/\/legendatours.com\/de\/wp-json\/wp\/v2\/product"}],"about":[{"href":"https:\/\/legendatours.com\/de\/wp-json\/wp\/v2\/types\/product"}],"replies":[{"embeddable":true,"href":"https:\/\/legendatours.com\/de\/wp-json\/wp\/v2\/comments?post=10874"}],"wp:featuredmedia":[{"embeddable":true,"href":"https:\/\/legendatours.com\/de\/wp-json\/wp\/v2\/media\/10865"}],"wp:attachment":[{"href":"https:\/\/legendatours.com\/de\/wp-json\/wp\/v2\/media?parent=10874"}],"wp:term":[{"taxonomy":"product_brand","embeddable":true,"href":"https:\/\/legendatours.com\/de\/wp-json\/wp\/v2\/product_brand?post=10874"},{"taxonomy":"product_cat","embeddable":true,"href":"https:\/\/legendatours.com\/de\/wp-json\/wp\/v2\/product_cat?post=10874"},{"taxonomy":"product_tag","embeddable":true,"href":"https:\/\/legendatours.com\/de\/wp-json\/wp\/v2\/product_tag?post=10874"}],"curies":[{"name":"wp","href":"https:\/\/api.w.org\/{rel}","templated":true}]}}