{"id":10921,"date":"2025-10-30T12:51:59","date_gmt":"2025-10-30T12:51:59","guid":{"rendered":"https:\/\/legendatours.com\/product\/atlantic-coast-sintra-and-lisbon-walking-tour-13600g\/"},"modified":"2025-10-30T13:01:41","modified_gmt":"2025-10-30T13:01:41","slug":"atlantic-coast-sintra-and-lisbon-walking-tour-13600g","status":"publish","type":"product","link":"https:\/\/legendatours.com\/de\/produkt\/atlantic-coast-sintra-and-lisbon-walking-tour-13600g\/","title":{"rendered":"Atlantikk\u00fcste, Sintra und Lissabon"},"content":{"rendered":"<p>An Portugals dramatischer Atlantikk\u00fcste, weniger als 50 km von Lissabon entfernt, liegt Ericeira, ein malerisches Fischerdorf mit traditionellen Kopfsteinpflasterstra\u00dfen, Brunnen und wei\u00df get\u00fcnchten H\u00e4usern.<\/p>\n<div id=\"attachment_4462\" style=\"width: 1034px\" class=\"wp-caption alignnone\"><img loading=\"lazy\" decoding=\"async\" aria-describedby=\"caption-attachment-4462\" class=\"wp-image-4462 size-large\" src=\"https:\/\/legendatours.net\/wp-content\/uploads\/2025\/10\/Ericeira-1-1024x683.jpg\" alt=\"\" width=\"1024\" height=\"683\" \/><p id=\"caption-attachment-4462\" class=\"wp-caption-text\">Atlantikk\u00fcste \u2013 Ericeira<\/p><\/div>\n<p>Portugals westatlantische K\u00fcste ist gepr\u00e4gt von felsigen Klippen mit malerischen kleinen Buchten und einsamen Str\u00e4nden. Die Ureinwohner von Ericeira nannten sich \u2018Jagoz\u2019 und lebten fast ausschlie\u00dflich vom Meer. Das Dorf ist bekannt f\u00fcr seine exzellenten Fischrestaurants.<\/p>\n<p><img loading=\"lazy\" decoding=\"async\" class=\"wp-image-4459 size-large\" src=\"https:\/\/legendatours.net\/wp-content\/uploads\/2025\/10\/Ericeira-2-1-1024x683.jpg\" alt=\"\" width=\"1024\" height=\"683\" \/><img loading=\"lazy\" decoding=\"async\" class=\"wp-image-4460 size-large\" src=\"https:\/\/legendatours.net\/wp-content\/uploads\/2025\/10\/Ericeira-3-1-1024x683.jpg\" alt=\"\" width=\"1024\" height=\"683\" \/><\/p>\n<p>Die traumhaften Str\u00e4nde und die spektakul\u00e4ren Ausblicke auf den Ozean zogen den Adel und die k\u00f6nigliche Familie an und verliehen Ericeira einen charmanten Kurort-Charme.<\/p>\n<p>Von hier aus entwarfen wir eine Reiseroute, um die Region zu erkunden, mit Ausfl\u00fcgen entlang der K\u00fcste und in die gr\u00fcnen H\u00fcgel der Serra de Sintra sowie in die wundersch\u00f6ne Stadt am Fu\u00dfe des Gebirges, die zum UNESCO-Weltkulturerbe geh\u00f6rt.<\/p>\n<p><img loading=\"lazy\" decoding=\"async\" class=\"wp-image-4472 size-large\" src=\"https:\/\/legendatours.net\/wp-content\/uploads\/2025\/10\/Sintra-2-1-1024x683.jpg\" alt=\"\" width=\"1024\" height=\"683\" \/> <img loading=\"lazy\" decoding=\"async\" class=\"wp-image-4474 size-large\" src=\"https:\/\/legendatours.net\/wp-content\/uploads\/2025\/10\/Sintra-4-1024x683.jpg\" alt=\"\" width=\"1024\" height=\"683\" \/><img loading=\"lazy\" decoding=\"async\" class=\"alignnone wp-image-4476 size-large\" src=\"https:\/\/legendatours.net\/wp-content\/uploads\/2025\/10\/Sintra-1024x683.jpg\" alt=\"\" width=\"1024\" height=\"683\" \/><\/p>\n<p>Im Rahmen dieser Tagestour ist auch ein Ausflug in die pulsierende Hauptstadt Lissabon enthalten, um die historischen Viertel und die wichtigsten Sehensw\u00fcrdigkeiten zu erkunden.<\/p>\n<p>Zu den kulturellen H\u00f6hepunkten dieser Tour geh\u00f6ren das k\u00f6nigliche Geb\u00e4ude von Mafra \u2013 Palast, Basilika und Kloster (Weltkulturerbe) \u2013 und ein Spaziergang durch den ehemaligen Jagdpark, Tapada de Mafra.<\/p>\n<p><img loading=\"lazy\" decoding=\"async\" class=\"wp-image-4467 size-large\" src=\"https:\/\/legendatours.net\/wp-content\/uploads\/2025\/10\/Lisbon-1-1024x683.jpg\" alt=\"\" width=\"1024\" height=\"683\" \/> <img loading=\"lazy\" decoding=\"async\" class=\"wp-image-4471 size-large\" src=\"https:\/\/legendatours.net\/wp-content\/uploads\/2025\/10\/Mafra-1-1024x683.jpg\" alt=\"\" width=\"1024\" height=\"683\" \/><\/p>","protected":false},"excerpt":{"rendered":"<p>Diese Stadtf\u00fchrung mit Stadtrundgang beginnt in Ericeira, einem malerischen Fischerdorf mit traumhaften Str\u00e4nden und spektakul\u00e4rem Meerblick. Nur 50 km von Lissabon entfernt, war es einst ein beliebter Ferienort f\u00fcr den Adel und die K\u00f6nigsfamilie.<\/p>\n<p>Von hier aus entwarfen wir eine abwechslungsreiche Reiseroute, um die Region zu erkunden, mit Wanderungen entlang der dramatischen Atlantikk\u00fcste Portugals im Westen; in den gr\u00fcnen H\u00fcgeln der Serra de Sintra; einem Ausflug in die pulsierende Hauptstadt Lissabon; zum Palast von Mafra und zu seinem ehemaligen k\u00f6niglichen Jagdpark.<\/p>","protected":false},"featured_media":10902,"comment_status":"closed","ping_status":"closed","template":"","meta":{"_acf_changed":false,"inline_featured_image":false},"product_brand":[],"product_cat":[1159],"product_tag":[],"class_list":{"0":"post-10921","1":"product","2":"type-product","3":"status-publish","4":"has-post-thumbnail","6":"product_cat-uncategorized","8":"first","9":"instock","10":"virtual","11":"product-type-simple"},"acf":[],"yoast_head":"<!-- This site is optimized with the Yoast SEO Premium plugin v26.8 (Yoast SEO v27.5) - https:\/\/yoast.com\/product\/yoast-seo-premium-wordpress\/ -->\n<title>Atlantic Coast, Sintra and Lisbon - Legendary Adventure DMC Portugal<\/title>\n<meta name=\"robots\" content=\"index, follow, max-snippet:-1, max-image-preview:large, max-video-preview:-1\" \/>\n<link rel=\"canonical\" href=\"https:\/\/legendatours.com\/de\/produkt\/atlantic-coast-sintra-and-lisbon-walking-tour-13600g\/\" \/>\n<meta property=\"og:locale\" content=\"de_DE\" \/>\n<meta property=\"og:type\" content=\"article\" \/>\n<meta property=\"og:title\" content=\"Atlantic Coast, Sintra and Lisbon\" \/>\n<meta property=\"og:description\" content=\"This walking and sightseeing tour is based in Ericeira, a quaint fishing village with amazing beaches and spectacular ocean vistas. Located just 50km away from Lisbon, it was once a holiday resort for the aristocracy and the royal family.  From here, we designed a varied itinerary to explore the region, with walks along the Portugal\u2019s dramatic Atlantic west coast; on the green hills of Serra de Sintra; a trip to the vibrant capital, Lisbon; to the Palace of Mafra, and to its former Royal Hunting Park.\" \/>\n<meta property=\"og:url\" content=\"https:\/\/legendatours.com\/de\/produkt\/atlantic-coast-sintra-and-lisbon-walking-tour-13600g\/\" \/>\n<meta property=\"og:site_name\" content=\"Legendary Adventure DMC Portugal\" \/>\n<meta property=\"article:publisher\" content=\"https:\/\/www.facebook.com\/legendaryadventuredmc\/\" \/>\n<meta property=\"article:modified_time\" content=\"2025-10-30T13:01:41+00:00\" \/>\n<meta property=\"og:image\" content=\"https:\/\/legendatours.com\/wp-content\/uploads\/sites\/12\/2025\/10\/Coastal-walk-1.jpg\" \/>\n\t<meta property=\"og:image:width\" content=\"1800\" \/>\n\t<meta property=\"og:image:height\" content=\"1200\" \/>\n\t<meta property=\"og:image:type\" content=\"image\/jpeg\" \/>\n<meta name=\"twitter:card\" content=\"summary_large_image\" \/>\n<meta name=\"twitter:label1\" content=\"Gesch\u00e4tzte Lesezeit\" \/>\n\t<meta name=\"twitter:data1\" content=\"1\u00a0Minute\" \/>\n<script type=\"application\/ld+json\" class=\"yoast-schema-graph\">{\"@context\":\"https:\\\/\\\/schema.org\",\"@graph\":[{\"@type\":\"WebPage\",\"@id\":\"https:\\\/\\\/legendatours.com\\\/product\\\/atlantic-coast-sintra-and-lisbon-walking-tour-13600g\\\/\",\"url\":\"https:\\\/\\\/legendatours.com\\\/product\\\/atlantic-coast-sintra-and-lisbon-walking-tour-13600g\\\/\",\"name\":\"Atlantic Coast, Sintra and Lisbon - Legendary Adventure DMC Portugal\",\"isPartOf\":{\"@id\":\"https:\\\/\\\/legendatours.com\\\/#website\"},\"primaryImageOfPage\":{\"@id\":\"https:\\\/\\\/legendatours.com\\\/product\\\/atlantic-coast-sintra-and-lisbon-walking-tour-13600g\\\/#primaryimage\"},\"image\":{\"@id\":\"https:\\\/\\\/legendatours.com\\\/product\\\/atlantic-coast-sintra-and-lisbon-walking-tour-13600g\\\/#primaryimage\"},\"thumbnailUrl\":\"https:\\\/\\\/legendatours.com\\\/wp-content\\\/uploads\\\/sites\\\/12\\\/2025\\\/10\\\/Coastal-walk-1.jpg\",\"datePublished\":\"2025-10-30T12:51:59+00:00\",\"dateModified\":\"2025-10-30T13:01:41+00:00\",\"breadcrumb\":{\"@id\":\"https:\\\/\\\/legendatours.com\\\/product\\\/atlantic-coast-sintra-and-lisbon-walking-tour-13600g\\\/#breadcrumb\"},\"inLanguage\":\"de\",\"potentialAction\":[{\"@type\":\"ReadAction\",\"target\":[\"https:\\\/\\\/legendatours.com\\\/product\\\/atlantic-coast-sintra-and-lisbon-walking-tour-13600g\\\/\"]}]},{\"@type\":\"ImageObject\",\"inLanguage\":\"de\",\"@id\":\"https:\\\/\\\/legendatours.com\\\/product\\\/atlantic-coast-sintra-and-lisbon-walking-tour-13600g\\\/#primaryimage\",\"url\":\"https:\\\/\\\/legendatours.com\\\/wp-content\\\/uploads\\\/sites\\\/12\\\/2025\\\/10\\\/Coastal-walk-1.jpg\",\"contentUrl\":\"https:\\\/\\\/legendatours.com\\\/wp-content\\\/uploads\\\/sites\\\/12\\\/2025\\\/10\\\/Coastal-walk-1.jpg\",\"width\":1800,\"height\":1200},{\"@type\":\"BreadcrumbList\",\"@id\":\"https:\\\/\\\/legendatours.com\\\/product\\\/atlantic-coast-sintra-and-lisbon-walking-tour-13600g\\\/#breadcrumb\",\"itemListElement\":[{\"@type\":\"ListItem\",\"position\":1,\"name\":\"Home\",\"item\":\"https:\\\/\\\/legendatours.com\\\/\"},{\"@type\":\"ListItem\",\"position\":2,\"name\":\"Shop\",\"item\":\"https:\\\/\\\/legendatours.com\\\/sv\\\/?page_id=4\"},{\"@type\":\"ListItem\",\"position\":3,\"name\":\"Atlantic Coast, Sintra and Lisbon\"}]},{\"@type\":\"WebSite\",\"@id\":\"https:\\\/\\\/legendatours.com\\\/#website\",\"url\":\"https:\\\/\\\/legendatours.com\\\/\",\"name\":\"Legendary Adventure DMC Portugal\",\"description\":\"Responsible Walking &amp; Nature Holidays in Portugal\",\"publisher\":{\"@id\":\"https:\\\/\\\/legendatours.com\\\/#organization\"},\"alternateName\":\"Legendary Adventure Portugal\",\"potentialAction\":[{\"@type\":\"SearchAction\",\"target\":{\"@type\":\"EntryPoint\",\"urlTemplate\":\"https:\\\/\\\/legendatours.com\\\/?s={search_term_string}\"},\"query-input\":{\"@type\":\"PropertyValueSpecification\",\"valueRequired\":true,\"valueName\":\"search_term_string\"}}],\"inLanguage\":\"de\"},{\"@type\":\"Organization\",\"@id\":\"https:\\\/\\\/legendatours.com\\\/#organization\",\"name\":\"legendatours.com\",\"url\":\"https:\\\/\\\/legendatours.com\\\/\",\"logo\":{\"@type\":\"ImageObject\",\"inLanguage\":\"de\",\"@id\":\"https:\\\/\\\/legendatours.com\\\/#\\\/schema\\\/logo\\\/image\\\/\",\"url\":\"https:\\\/\\\/legendatours.com\\\/wp-content\\\/uploads\\\/sites\\\/12\\\/2021\\\/06\\\/legendary_adventure_dmc.png\",\"contentUrl\":\"https:\\\/\\\/legendatours.com\\\/wp-content\\\/uploads\\\/sites\\\/12\\\/2021\\\/06\\\/legendary_adventure_dmc.png\",\"width\":250,\"height\":74,\"caption\":\"legendatours.com\"},\"image\":{\"@id\":\"https:\\\/\\\/legendatours.com\\\/#\\\/schema\\\/logo\\\/image\\\/\"},\"sameAs\":[\"https:\\\/\\\/www.facebook.com\\\/legendaryadventuredmc\\\/\",\"https:\\\/\\\/www.linkedin.com\\\/company\\\/legendary-adventure-dmc-portugal\",\"https:\\\/\\\/www.youtube.com\\\/channel\\\/UCOIRDx_KM6ynIcacQkZjb6g\"]}]}<\/script>\n<!-- \/ Yoast SEO Premium plugin. -->","yoast_head_json":{"title":"Atlantic Coast, Sintra and Lisbon - Legendary Adventure DMC Portugal","robots":{"index":"index","follow":"follow","max-snippet":"max-snippet:-1","max-image-preview":"max-image-preview:large","max-video-preview":"max-video-preview:-1"},"canonical":"https:\/\/legendatours.com\/de\/produkt\/atlantic-coast-sintra-and-lisbon-walking-tour-13600g\/","og_locale":"de_DE","og_type":"article","og_title":"Atlantic Coast, Sintra and Lisbon","og_description":"This walking and sightseeing tour is based in Ericeira, a quaint fishing village with amazing beaches and spectacular ocean vistas. Located just 50km away from Lisbon, it was once a holiday resort for the aristocracy and the royal family.  From here, we designed a varied itinerary to explore the region, with walks along the Portugal\u2019s dramatic Atlantic west coast; on the green hills of Serra de Sintra; a trip to the vibrant capital, Lisbon; to the Palace of Mafra, and to its former Royal Hunting Park.","og_url":"https:\/\/legendatours.com\/de\/produkt\/atlantic-coast-sintra-and-lisbon-walking-tour-13600g\/","og_site_name":"Legendary Adventure DMC Portugal","article_publisher":"https:\/\/www.facebook.com\/legendaryadventuredmc\/","article_modified_time":"2025-10-30T13:01:41+00:00","og_image":[{"width":1800,"height":1200,"url":"https:\/\/legendatours.com\/wp-content\/uploads\/sites\/12\/2025\/10\/Coastal-walk-1.jpg","type":"image\/jpeg"}],"twitter_card":"summary_large_image","twitter_misc":{"Gesch\u00e4tzte Lesezeit":"1\u00a0Minute"},"schema":{"@context":"https:\/\/schema.org","@graph":[{"@type":"WebPage","@id":"https:\/\/legendatours.com\/product\/atlantic-coast-sintra-and-lisbon-walking-tour-13600g\/","url":"https:\/\/legendatours.com\/product\/atlantic-coast-sintra-and-lisbon-walking-tour-13600g\/","name":"Atlantic Coast, Sintra and Lisbon - Legendary Adventure DMC Portugal","isPartOf":{"@id":"https:\/\/legendatours.com\/#website"},"primaryImageOfPage":{"@id":"https:\/\/legendatours.com\/product\/atlantic-coast-sintra-and-lisbon-walking-tour-13600g\/#primaryimage"},"image":{"@id":"https:\/\/legendatours.com\/product\/atlantic-coast-sintra-and-lisbon-walking-tour-13600g\/#primaryimage"},"thumbnailUrl":"https:\/\/legendatours.com\/wp-content\/uploads\/sites\/12\/2025\/10\/Coastal-walk-1.jpg","datePublished":"2025-10-30T12:51:59+00:00","dateModified":"2025-10-30T13:01:41+00:00","breadcrumb":{"@id":"https:\/\/legendatours.com\/product\/atlantic-coast-sintra-and-lisbon-walking-tour-13600g\/#breadcrumb"},"inLanguage":"de","potentialAction":[{"@type":"ReadAction","target":["https:\/\/legendatours.com\/product\/atlantic-coast-sintra-and-lisbon-walking-tour-13600g\/"]}]},{"@type":"ImageObject","inLanguage":"de","@id":"https:\/\/legendatours.com\/product\/atlantic-coast-sintra-and-lisbon-walking-tour-13600g\/#primaryimage","url":"https:\/\/legendatours.com\/wp-content\/uploads\/sites\/12\/2025\/10\/Coastal-walk-1.jpg","contentUrl":"https:\/\/legendatours.com\/wp-content\/uploads\/sites\/12\/2025\/10\/Coastal-walk-1.jpg","width":1800,"height":1200},{"@type":"BreadcrumbList","@id":"https:\/\/legendatours.com\/product\/atlantic-coast-sintra-and-lisbon-walking-tour-13600g\/#breadcrumb","itemListElement":[{"@type":"ListItem","position":1,"name":"Home","item":"https:\/\/legendatours.com\/"},{"@type":"ListItem","position":2,"name":"Shop","item":"https:\/\/legendatours.com\/sv\/?page_id=4"},{"@type":"ListItem","position":3,"name":"Atlantic Coast, Sintra and Lisbon"}]},{"@type":"WebSite","@id":"https:\/\/legendatours.com\/#website","url":"https:\/\/legendatours.com\/","name":"Legend\u00e4res Abenteuer DMC Portugal","description":"Verantwortungsvolles Wandern und Natururlaub in Portugal","publisher":{"@id":"https:\/\/legendatours.com\/#organization"},"alternateName":"Legendary Adventure Portugal","potentialAction":[{"@type":"SearchAction","target":{"@type":"EntryPoint","urlTemplate":"https:\/\/legendatours.com\/?s={search_term_string}"},"query-input":{"@type":"PropertyValueSpecification","valueRequired":true,"valueName":"search_term_string"}}],"inLanguage":"de"},{"@type":"Organization","@id":"https:\/\/legendatours.com\/#organization","name":"legendatours.com","url":"https:\/\/legendatours.com\/","logo":{"@type":"ImageObject","inLanguage":"de","@id":"https:\/\/legendatours.com\/#\/schema\/logo\/image\/","url":"https:\/\/legendatours.com\/wp-content\/uploads\/sites\/12\/2021\/06\/legendary_adventure_dmc.png","contentUrl":"https:\/\/legendatours.com\/wp-content\/uploads\/sites\/12\/2021\/06\/legendary_adventure_dmc.png","width":250,"height":74,"caption":"legendatours.com"},"image":{"@id":"https:\/\/legendatours.com\/#\/schema\/logo\/image\/"},"sameAs":["https:\/\/www.facebook.com\/legendaryadventuredmc\/","https:\/\/www.linkedin.com\/company\/legendary-adventure-dmc-portugal","https:\/\/www.youtube.com\/channel\/UCOIRDx_KM6ynIcacQkZjb6g"]}]}},"_links":{"self":[{"href":"https:\/\/legendatours.com\/de\/wp-json\/wp\/v2\/product\/10921","targetHints":{"allow":["GET"]}}],"collection":[{"href":"https:\/\/legendatours.com\/de\/wp-json\/wp\/v2\/product"}],"about":[{"href":"https:\/\/legendatours.com\/de\/wp-json\/wp\/v2\/types\/product"}],"replies":[{"embeddable":true,"href":"https:\/\/legendatours.com\/de\/wp-json\/wp\/v2\/comments?post=10921"}],"wp:featuredmedia":[{"embeddable":true,"href":"https:\/\/legendatours.com\/de\/wp-json\/wp\/v2\/media\/10902"}],"wp:attachment":[{"href":"https:\/\/legendatours.com\/de\/wp-json\/wp\/v2\/media?parent=10921"}],"wp:term":[{"taxonomy":"product_brand","embeddable":true,"href":"https:\/\/legendatours.com\/de\/wp-json\/wp\/v2\/product_brand?post=10921"},{"taxonomy":"product_cat","embeddable":true,"href":"https:\/\/legendatours.com\/de\/wp-json\/wp\/v2\/product_cat?post=10921"},{"taxonomy":"product_tag","embeddable":true,"href":"https:\/\/legendatours.com\/de\/wp-json\/wp\/v2\/product_tag?post=10921"}],"curies":[{"name":"wp","href":"https:\/\/api.w.org\/{rel}","templated":true}]}}