{"id":10928,"date":"2026-03-10T15:52:09","date_gmt":"2026-03-10T15:52:09","guid":{"rendered":"https:\/\/legendatours.com\/product\/cabo-verde-windward-islands-walking-holidays\/"},"modified":"2026-03-10T17:40:46","modified_gmt":"2026-03-10T17:40:46","slug":"cabo-verde-windward-islands-cv1100g-2","status":"publish","type":"product","link":"https:\/\/legendatours.com\/de\/produkt\/cabo-verde-windward-islands-cv1100g-2\/","title":{"rendered":"Kap Verde Inseln \u00fcber dem Wind"},"content":{"rendered":"<div id=\"fws_69e8df8e4cfdd\"  data-column-margin=\"default\" data-midnight=\"dark\"  class=\"wpb_row vc_row-fluid vc_row\"  style=\"padding-top: 0px; padding-bottom: 0px; \"><div class=\"row-bg-wrap\" data-bg-animation=\"none\" data-bg-animation-delay=\"\" data-bg-overlay=\"false\"><div class=\"inner-wrap row-bg-layer\" ><div class=\"row-bg viewport-desktop\"  style=\"\"><\/div><\/div><\/div><div class=\"row_col_wrap_12 col span_12 dark left\">\n\t<div  class=\"vc_col-sm-12 wpb_column column_container vc_column_container col no-extra-padding inherit_tablet inherit_phone flex_gap_desktop_10px\"  data-padding-pos=\"all\" data-has-bg-color=\"false\" data-bg-color=\"\" data-bg-opacity=\"1\" data-animation=\"\" data-delay=\"0\" >\n\t\t<div class=\"vc_column-inner\" >\n\t\t\t<div class=\"wpb_wrapper\">\n\t\t\t\t\n<div class=\"wpb_text_column wpb_content_element\" >\n\t<p><strong>Begleiten Sie uns auf dieser besonderen Reise, die in Mindelo, der Kulturhauptstadt von Cabo Verde, beginnt, bevor wir die malerische F\u00e4hrfahrt nach Santo Ant\u00e3o antreten, um dort unvergessliche Wanderungen zu unternehmen.<\/strong><\/p>\n<p><strong>Dieses kleine Land vor der K\u00fcste Afrikas bietet eine interessante Mischung aus portugiesischen Einfl\u00fcssen, dem Erbe afrikanischer Sklaven und anderer V\u00f6lker, die hier \u00fcber die Jahrhunderte hinweg lebten, und schuf so eine reiche und lebendige Kultur mit afrikanischem, europ\u00e4ischem und brasilianischem Flair.<\/strong><\/p>\n<p><strong>Die gr\u00f6\u00dfere Insel des Archipels, Santo Ant\u00e3o, ist ein Paradies f\u00fcr Wanderer mit einer dramatischen Landschaft und immer noch ein unber\u00fchrtes Reiseziel frei von Touristenmassen.<\/strong><\/p>\n<p><strong>Wir werden die Naturwunder, die beeindruckenden Ausblicke und die kontrastreichen Landschaften entdecken und mehr \u00fcber die Kultur und Lebensweise der Kapverdier erfahren.<\/strong><\/p>\n<p>&nbsp;<\/p>\n<p><strong>S\u00e3o Vicente &amp; Mindelo<\/strong><\/p>\n<p>Mindelo, zu Recht als Kulturhauptstadt des Archipels und Geburtsort der ber\u00fchmten Morna-S\u00e4ngerin Ces\u00e1ria \u00c9vora bekannt, ist eine bezaubernde Stadt mit farbenfrohen Kolonialbauten und einem verblassten Glanz.<\/p>\n<p>Laginha besticht durch einen Stadtstrand in einer gesch\u00fctzten Bucht mit t\u00fcrkisfarbenem Wasser \u2013 eine gro\u00dfartige Gelegenheit f\u00fcr ein erfrischendes Bad gleich nach der Ankunft!<\/p>\n<div id=\"attachment_4330\" style=\"width: 1034px\" class=\"wp-caption alignnone\"><img loading=\"lazy\" decoding=\"async\" aria-describedby=\"caption-attachment-4330\" class=\"wp-image-4330 size-large\" src=\"https:\/\/legendatours.net\/wp-content\/uploads\/2025\/07\/33-1024x683.jpg\" alt=\"Cape Verde - Mindelo and Santo Ant\u00e3o Culture and Nature Walking Tour\" width=\"1024\" height=\"683\" \/><p id=\"caption-attachment-4330\" class=\"wp-caption-text\">Mindelo und Blick auf Monte Cara<\/p><\/div><br \/>\n<div id=\"attachment_4363\" style=\"width: 1034px\" class=\"wp-caption alignnone\"><img loading=\"lazy\" decoding=\"async\" aria-describedby=\"caption-attachment-4363\" class=\"wp-image-4363 size-large\" src=\"https:\/\/legendatours.net\/wp-content\/uploads\/2025\/07\/31-1024x683.jpg\" alt=\"Walking in S\u00e3o Vicente Cape Verde\" width=\"1024\" height=\"683\" \/><p id=\"caption-attachment-4363\" class=\"wp-caption-text\">Ces\u00e1ria \u00c9vora-Wandgem\u00e4lde in Mindelo von Vihls<\/p><\/div>\n<p>In Mindelo gibt es t\u00e4glich Live-Musik, Stra\u00dfenm\u00e4rkte mit Kunsthandwerk und frischen Produkten, interessante urbane Kunst, eine lebendige Atmosph\u00e4re und einen Tiefseehafen, der f\u00fcr die Stadt \u00fcber Jahrhunderte hinweg von gro\u00dfer Bedeutung war. Noch heute sind die Spuren ihrer reichen Geschichte und der vielf\u00e4ltigen Kulturen sichtbar.<\/p>\n<div id=\"attachment_4362\" style=\"width: 1034px\" class=\"wp-caption alignnone\"><img loading=\"lazy\" decoding=\"async\" aria-describedby=\"caption-attachment-4362\" class=\"wp-image-4362 size-large\" src=\"https:\/\/legendatours.net\/wp-content\/uploads\/2025\/07\/30-1024x683.jpg\" alt=\"Walking in S\u00e3o Vicente Cape Verde\" width=\"1024\" height=\"683\" \/><p id=\"caption-attachment-4362\" class=\"wp-caption-text\">Laginha, der Stadtstrand von Mindelo, S\u00e3o Vicente<\/p><\/div><br \/>\n<div id=\"attachment_4367\" style=\"width: 1034px\" class=\"wp-caption alignnone\"><img loading=\"lazy\" decoding=\"async\" aria-describedby=\"caption-attachment-4367\" class=\"wp-image-4367 size-large\" src=\"https:\/\/legendatours.net\/wp-content\/uploads\/2025\/07\/35-1024x683.jpg\" alt=\"Walking in S\u00e3o Vicente Cape Verde\" width=\"1024\" height=\"683\" \/><p id=\"caption-attachment-4367\" class=\"wp-caption-text\">Nationales Zentrum f\u00fcr Kunst, Handwerk und Design in Mindelo<\/p><\/div>\n<p>&nbsp;<\/p>\n<div id=\"attachment_4366\" style=\"width: 1034px\" class=\"wp-caption alignnone\"><img loading=\"lazy\" decoding=\"async\" aria-describedby=\"caption-attachment-4366\" class=\"wp-image-4366 size-large\" src=\"https:\/\/legendatours.net\/wp-content\/uploads\/2025\/07\/34-1024x683.jpg\" alt=\"Walking in S\u00e3o Vicente Cape Verde\" width=\"1024\" height=\"683\" \/><p id=\"caption-attachment-4366\" class=\"wp-caption-text\">Obst- und Gem\u00fcsemarkt in Mindelo<\/p><\/div>\n<p>Neben der Hauptstadt ist die Insel S\u00e3o Vicente f\u00fcr ihre Sandstr\u00e4nde bekannt, an denen man Schildkr\u00f6ten beobachten und mit ihnen schwimmen kann!<\/p>\n<p>&nbsp;<\/p>\n<h3><strong>Santo Ant\u00e3o, die Insel des Berges<\/strong><\/h3>\n<p>Der n\u00e4chste Halt ist Santo Ant\u00e3o. Wenn Cabo Verde ein Juwel w\u00e4re, w\u00e4re Santo Ant\u00e3o sein seltenster und wertvollster Diamant.<\/p>\n<p>Von \u00fcppiger Vegetation \u00fcber imposante Gipfel bis hin zu Pfaden, die an Klippen am Meer entlangf\u00fchren oder vulkanische und landwirtschaftliche H\u00e4nge hinabf\u00fchren, ist Santo Ant\u00e3o ein verlorenes Paradies.<\/p>\n<p>Es ist das genaue Gegenteil anderer kapverdischer Touristeninseln, die als Strandziele und geschlossene Luxusresorts bekannt sind.<\/p>\n<div id=\"attachment_4349\" style=\"width: 1034px\" class=\"wp-caption alignnone\"><img loading=\"lazy\" decoding=\"async\" aria-describedby=\"caption-attachment-4349\" class=\"wp-image-4349 size-large\" src=\"https:\/\/legendatours.net\/wp-content\/uploads\/2025\/07\/17-1024x683.jpg\" alt=\"Walking in Santo Ant\u00e3o Cape Verde\" width=\"1024\" height=\"683\" \/><p id=\"caption-attachment-4349\" class=\"wp-caption-text\">Wandern in Santo Ant\u00e3o Cabo Verde<\/p><\/div><br \/>\n<div id=\"attachment_4387\" style=\"width: 1034px\" class=\"wp-caption alignnone\"><img loading=\"lazy\" decoding=\"async\" aria-describedby=\"caption-attachment-4387\" class=\"wp-image-4387 size-large\" src=\"https:\/\/legendatours.net\/wp-content\/uploads\/2025\/07\/55-1024x683.jpg\" alt=\"Walking in Santo Ant\u00e3o Cape Verde\" width=\"1024\" height=\"683\" \/><p id=\"caption-attachment-4387\" class=\"wp-caption-text\">Fonta\u00ednhas ist als nationales Kultur- und Naturerbe anerkannt<\/p><\/div><br \/>\n<div id=\"attachment_4372\" style=\"width: 1034px\" class=\"wp-caption alignnone\"><img loading=\"lazy\" decoding=\"async\" aria-describedby=\"caption-attachment-4372\" class=\"wp-image-4372 size-large\" src=\"https:\/\/legendatours.net\/wp-content\/uploads\/2025\/07\/40-1024x683.jpg\" alt=\"Walking in Santo Ant\u00e3o Cape Verde\" width=\"1024\" height=\"683\" \/><p id=\"caption-attachment-4372\" class=\"wp-caption-text\">Wandern in Santo Ant\u00e3o Cabo Verde<\/p><\/div>\n<p>Hier erwartet Sie keine besch\u00f6nigte Version von Kap Verde; stattdessen werden Sie mit Authentizit\u00e4t und einer sorgf\u00e4ltig zusammengestellten Reiseroute mit Wanderungen durch abwechslungsreiche und unber\u00fchrte Landschaften verw\u00f6hnt.<\/p>\n<div id=\"attachment_4347\" style=\"width: 1034px\" class=\"wp-caption alignnone\"><img loading=\"lazy\" decoding=\"async\" aria-describedby=\"caption-attachment-4347\" class=\"wp-image-4347 size-large\" src=\"https:\/\/legendatours.net\/wp-content\/uploads\/2025\/07\/15-1024x683.jpg\" alt=\"Walking in Santo Ant\u00e3o Cape Verde\" width=\"1024\" height=\"683\" \/><p id=\"caption-attachment-4347\" class=\"wp-caption-text\">Pa\u00fal-Tal, Santo Ant\u00e3o<\/p><\/div>\n<p><strong><img loading=\"lazy\" decoding=\"async\" class=\"alignnone wp-image-4339 size-large\" src=\"https:\/\/legendatours.net\/wp-content\/uploads\/2025\/07\/7-1024x683.jpg\" alt=\"\" width=\"1024\" height=\"683\" \/><\/strong><\/p>\n<p>Die sprichw\u00f6rtliche Herzlichkeit und Sanftmut der kapverdischen Bev\u00f6lkerung ist hier noch authentischer. Sp\u00fcren Sie die <em>Morabeza<\/em>!<\/p>\n<\/div>\n\n\n\n\n\t\t\t<\/div> \n\t\t<\/div>\n\t<\/div> \n<\/div><\/div>","protected":false},"excerpt":{"rendered":"<div>\n<div>Begleiten Sie uns auf dieser besonderen Reise, die im kulturellen Herzen Kap Verdes, Mindelo, beginnt. Von dort aus geht es weiter zu unvergesslichen Wanderungen auf Santo Ant\u00e3o, einer unber\u00fchrten und menschenleeren Berginsel.<\/div>\n<\/div>","protected":false},"featured_media":10826,"comment_status":"closed","ping_status":"closed","template":"","meta":{"_acf_changed":false,"inline_featured_image":false},"product_brand":[],"product_cat":[1158],"product_tag":[],"class_list":{"0":"post-10928","1":"product","2":"type-product","3":"status-publish","4":"has-post-thumbnail","6":"product_cat-cabo-verde-walking-group-tours","8":"first","9":"instock","10":"featured","11":"virtual","12":"product-type-simple"},"acf":[],"yoast_head":"<!-- This site is optimized with the Yoast SEO Premium plugin v26.8 (Yoast SEO v27.4) - https:\/\/yoast.com\/product\/yoast-seo-premium-wordpress\/ -->\n<title>Cabo Verde Windward Islands - Legendary Adventure DMC Portugal<\/title>\n<meta name=\"robots\" content=\"index, follow, max-snippet:-1, max-image-preview:large, max-video-preview:-1\" \/>\n<link rel=\"canonical\" href=\"https:\/\/legendatours.com\/de\/produkt\/cabo-verde-windward-islands-cv1100g-2\/\" \/>\n<meta property=\"og:locale\" content=\"de_DE\" \/>\n<meta property=\"og:type\" content=\"article\" \/>\n<meta property=\"og:title\" content=\"Cabo Verde Windward Islands\" \/>\n<meta property=\"og:description\" content=\"Join us on this special journey, starting in the cultural heart of Cabo Verde, Mindelo. From here, we head for some epic walks in Santo Ant\u00e3o, a pristine and crowd-free mountain island.\" \/>\n<meta property=\"og:url\" content=\"https:\/\/legendatours.com\/de\/produkt\/cabo-verde-windward-islands-cv1100g-2\/\" \/>\n<meta property=\"og:site_name\" content=\"Legendary Adventure DMC Portugal\" \/>\n<meta property=\"article:publisher\" content=\"https:\/\/www.facebook.com\/legendaryadventuredmc\/\" \/>\n<meta property=\"article:modified_time\" content=\"2026-03-10T17:40:46+00:00\" \/>\n<meta property=\"og:image\" content=\"https:\/\/legendatours.com\/wp-content\/uploads\/sites\/12\/2025\/07\/41.jpg\" \/>\n\t<meta property=\"og:image:width\" content=\"1800\" \/>\n\t<meta property=\"og:image:height\" content=\"1200\" \/>\n\t<meta property=\"og:image:type\" content=\"image\/jpeg\" \/>\n<meta name=\"twitter:card\" content=\"summary_large_image\" \/>\n<meta name=\"twitter:label1\" content=\"Gesch\u00e4tzte Lesezeit\" \/>\n\t<meta name=\"twitter:data1\" content=\"3\u00a0Minuten\" \/>\n<script type=\"application\/ld+json\" class=\"yoast-schema-graph\">{\"@context\":\"https:\\\/\\\/schema.org\",\"@graph\":[{\"@type\":\"WebPage\",\"@id\":\"https:\\\/\\\/legendatours.com\\\/product\\\/cabo-verde-windward-islands-cv1100g-2\\\/\",\"url\":\"https:\\\/\\\/legendatours.com\\\/product\\\/cabo-verde-windward-islands-cv1100g-2\\\/\",\"name\":\"Cabo Verde Windward Islands - Legendary Adventure DMC Portugal\",\"isPartOf\":{\"@id\":\"https:\\\/\\\/legendatours.com\\\/#website\"},\"primaryImageOfPage\":{\"@id\":\"https:\\\/\\\/legendatours.com\\\/product\\\/cabo-verde-windward-islands-cv1100g-2\\\/#primaryimage\"},\"image\":{\"@id\":\"https:\\\/\\\/legendatours.com\\\/product\\\/cabo-verde-windward-islands-cv1100g-2\\\/#primaryimage\"},\"thumbnailUrl\":\"https:\\\/\\\/legendatours.com\\\/wp-content\\\/uploads\\\/sites\\\/12\\\/2025\\\/07\\\/41.jpg\",\"datePublished\":\"2026-03-10T15:52:09+00:00\",\"dateModified\":\"2026-03-10T17:40:46+00:00\",\"breadcrumb\":{\"@id\":\"https:\\\/\\\/legendatours.com\\\/product\\\/cabo-verde-windward-islands-cv1100g-2\\\/#breadcrumb\"},\"inLanguage\":\"de\",\"potentialAction\":[{\"@type\":\"ReadAction\",\"target\":[\"https:\\\/\\\/legendatours.com\\\/product\\\/cabo-verde-windward-islands-cv1100g-2\\\/\"]}]},{\"@type\":\"ImageObject\",\"inLanguage\":\"de\",\"@id\":\"https:\\\/\\\/legendatours.com\\\/product\\\/cabo-verde-windward-islands-cv1100g-2\\\/#primaryimage\",\"url\":\"https:\\\/\\\/legendatours.com\\\/wp-content\\\/uploads\\\/sites\\\/12\\\/2025\\\/07\\\/41.jpg\",\"contentUrl\":\"https:\\\/\\\/legendatours.com\\\/wp-content\\\/uploads\\\/sites\\\/12\\\/2025\\\/07\\\/41.jpg\",\"width\":1800,\"height\":1200,\"caption\":\"Walking in Santo Ant\u00e3o Cape Verde\"},{\"@type\":\"BreadcrumbList\",\"@id\":\"https:\\\/\\\/legendatours.com\\\/product\\\/cabo-verde-windward-islands-cv1100g-2\\\/#breadcrumb\",\"itemListElement\":[{\"@type\":\"ListItem\",\"position\":1,\"name\":\"Home\",\"item\":\"https:\\\/\\\/legendatours.com\\\/\"},{\"@type\":\"ListItem\",\"position\":2,\"name\":\"Shop\",\"item\":\"https:\\\/\\\/legendatours.com\\\/sv\\\/?page_id=4\"},{\"@type\":\"ListItem\",\"position\":3,\"name\":\"Cabo Verde Windward Islands\"}]},{\"@type\":\"WebSite\",\"@id\":\"https:\\\/\\\/legendatours.com\\\/#website\",\"url\":\"https:\\\/\\\/legendatours.com\\\/\",\"name\":\"Legendary Adventure DMC Portugal\",\"description\":\"Responsible Walking &amp; Nature Holidays in Portugal\",\"publisher\":{\"@id\":\"https:\\\/\\\/legendatours.com\\\/#organization\"},\"alternateName\":\"Legendary Adventure Portugal\",\"potentialAction\":[{\"@type\":\"SearchAction\",\"target\":{\"@type\":\"EntryPoint\",\"urlTemplate\":\"https:\\\/\\\/legendatours.com\\\/?s={search_term_string}\"},\"query-input\":{\"@type\":\"PropertyValueSpecification\",\"valueRequired\":true,\"valueName\":\"search_term_string\"}}],\"inLanguage\":\"de\"},{\"@type\":\"Organization\",\"@id\":\"https:\\\/\\\/legendatours.com\\\/#organization\",\"name\":\"legendatours.com\",\"url\":\"https:\\\/\\\/legendatours.com\\\/\",\"logo\":{\"@type\":\"ImageObject\",\"inLanguage\":\"de\",\"@id\":\"https:\\\/\\\/legendatours.com\\\/#\\\/schema\\\/logo\\\/image\\\/\",\"url\":\"https:\\\/\\\/legendatours.com\\\/wp-content\\\/uploads\\\/sites\\\/12\\\/2021\\\/06\\\/legendary_adventure_dmc.png\",\"contentUrl\":\"https:\\\/\\\/legendatours.com\\\/wp-content\\\/uploads\\\/sites\\\/12\\\/2021\\\/06\\\/legendary_adventure_dmc.png\",\"width\":250,\"height\":74,\"caption\":\"legendatours.com\"},\"image\":{\"@id\":\"https:\\\/\\\/legendatours.com\\\/#\\\/schema\\\/logo\\\/image\\\/\"},\"sameAs\":[\"https:\\\/\\\/www.facebook.com\\\/legendaryadventuredmc\\\/\",\"https:\\\/\\\/www.linkedin.com\\\/company\\\/legendary-adventure-dmc-portugal\",\"https:\\\/\\\/www.youtube.com\\\/channel\\\/UCOIRDx_KM6ynIcacQkZjb6g\"]}]}<\/script>\n<!-- \/ Yoast SEO Premium plugin. -->","yoast_head_json":{"title":"Cabo Verde Windward Islands - Legendary Adventure DMC Portugal","robots":{"index":"index","follow":"follow","max-snippet":"max-snippet:-1","max-image-preview":"max-image-preview:large","max-video-preview":"max-video-preview:-1"},"canonical":"https:\/\/legendatours.com\/de\/produkt\/cabo-verde-windward-islands-cv1100g-2\/","og_locale":"de_DE","og_type":"article","og_title":"Cabo Verde Windward Islands","og_description":"Join us on this special journey, starting in the cultural heart of Cabo Verde, Mindelo. From here, we head for some epic walks in Santo Ant\u00e3o, a pristine and crowd-free mountain island.","og_url":"https:\/\/legendatours.com\/de\/produkt\/cabo-verde-windward-islands-cv1100g-2\/","og_site_name":"Legendary Adventure DMC Portugal","article_publisher":"https:\/\/www.facebook.com\/legendaryadventuredmc\/","article_modified_time":"2026-03-10T17:40:46+00:00","og_image":[{"width":1800,"height":1200,"url":"https:\/\/legendatours.com\/wp-content\/uploads\/sites\/12\/2025\/07\/41.jpg","type":"image\/jpeg"}],"twitter_card":"summary_large_image","twitter_misc":{"Gesch\u00e4tzte Lesezeit":"3\u00a0Minuten"},"schema":{"@context":"https:\/\/schema.org","@graph":[{"@type":"WebPage","@id":"https:\/\/legendatours.com\/product\/cabo-verde-windward-islands-cv1100g-2\/","url":"https:\/\/legendatours.com\/product\/cabo-verde-windward-islands-cv1100g-2\/","name":"Cabo Verde Windward Islands - Legendary Adventure DMC Portugal","isPartOf":{"@id":"https:\/\/legendatours.com\/#website"},"primaryImageOfPage":{"@id":"https:\/\/legendatours.com\/product\/cabo-verde-windward-islands-cv1100g-2\/#primaryimage"},"image":{"@id":"https:\/\/legendatours.com\/product\/cabo-verde-windward-islands-cv1100g-2\/#primaryimage"},"thumbnailUrl":"https:\/\/legendatours.com\/wp-content\/uploads\/sites\/12\/2025\/07\/41.jpg","datePublished":"2026-03-10T15:52:09+00:00","dateModified":"2026-03-10T17:40:46+00:00","breadcrumb":{"@id":"https:\/\/legendatours.com\/product\/cabo-verde-windward-islands-cv1100g-2\/#breadcrumb"},"inLanguage":"de","potentialAction":[{"@type":"ReadAction","target":["https:\/\/legendatours.com\/product\/cabo-verde-windward-islands-cv1100g-2\/"]}]},{"@type":"ImageObject","inLanguage":"de","@id":"https:\/\/legendatours.com\/product\/cabo-verde-windward-islands-cv1100g-2\/#primaryimage","url":"https:\/\/legendatours.com\/wp-content\/uploads\/sites\/12\/2025\/07\/41.jpg","contentUrl":"https:\/\/legendatours.com\/wp-content\/uploads\/sites\/12\/2025\/07\/41.jpg","width":1800,"height":1200,"caption":"Walking in Santo Ant\u00e3o Cape Verde"},{"@type":"BreadcrumbList","@id":"https:\/\/legendatours.com\/product\/cabo-verde-windward-islands-cv1100g-2\/#breadcrumb","itemListElement":[{"@type":"ListItem","position":1,"name":"Home","item":"https:\/\/legendatours.com\/"},{"@type":"ListItem","position":2,"name":"Shop","item":"https:\/\/legendatours.com\/sv\/?page_id=4"},{"@type":"ListItem","position":3,"name":"Cabo Verde Windward Islands"}]},{"@type":"WebSite","@id":"https:\/\/legendatours.com\/#website","url":"https:\/\/legendatours.com\/","name":"Legend\u00e4res Abenteuer DMC Portugal","description":"Verantwortungsvolles Wandern und Natururlaub in Portugal","publisher":{"@id":"https:\/\/legendatours.com\/#organization"},"alternateName":"Legendary Adventure Portugal","potentialAction":[{"@type":"SearchAction","target":{"@type":"EntryPoint","urlTemplate":"https:\/\/legendatours.com\/?s={search_term_string}"},"query-input":{"@type":"PropertyValueSpecification","valueRequired":true,"valueName":"search_term_string"}}],"inLanguage":"de"},{"@type":"Organization","@id":"https:\/\/legendatours.com\/#organization","name":"legendatours.com","url":"https:\/\/legendatours.com\/","logo":{"@type":"ImageObject","inLanguage":"de","@id":"https:\/\/legendatours.com\/#\/schema\/logo\/image\/","url":"https:\/\/legendatours.com\/wp-content\/uploads\/sites\/12\/2021\/06\/legendary_adventure_dmc.png","contentUrl":"https:\/\/legendatours.com\/wp-content\/uploads\/sites\/12\/2021\/06\/legendary_adventure_dmc.png","width":250,"height":74,"caption":"legendatours.com"},"image":{"@id":"https:\/\/legendatours.com\/#\/schema\/logo\/image\/"},"sameAs":["https:\/\/www.facebook.com\/legendaryadventuredmc\/","https:\/\/www.linkedin.com\/company\/legendary-adventure-dmc-portugal","https:\/\/www.youtube.com\/channel\/UCOIRDx_KM6ynIcacQkZjb6g"]}]}},"_links":{"self":[{"href":"https:\/\/legendatours.com\/de\/wp-json\/wp\/v2\/product\/10928","targetHints":{"allow":["GET"]}}],"collection":[{"href":"https:\/\/legendatours.com\/de\/wp-json\/wp\/v2\/product"}],"about":[{"href":"https:\/\/legendatours.com\/de\/wp-json\/wp\/v2\/types\/product"}],"replies":[{"embeddable":true,"href":"https:\/\/legendatours.com\/de\/wp-json\/wp\/v2\/comments?post=10928"}],"wp:featuredmedia":[{"embeddable":true,"href":"https:\/\/legendatours.com\/de\/wp-json\/wp\/v2\/media\/10826"}],"wp:attachment":[{"href":"https:\/\/legendatours.com\/de\/wp-json\/wp\/v2\/media?parent=10928"}],"wp:term":[{"taxonomy":"product_brand","embeddable":true,"href":"https:\/\/legendatours.com\/de\/wp-json\/wp\/v2\/product_brand?post=10928"},{"taxonomy":"product_cat","embeddable":true,"href":"https:\/\/legendatours.com\/de\/wp-json\/wp\/v2\/product_cat?post=10928"},{"taxonomy":"product_tag","embeddable":true,"href":"https:\/\/legendatours.com\/de\/wp-json\/wp\/v2\/product_tag?post=10928"}],"curies":[{"name":"wp","href":"https:\/\/api.w.org\/{rel}","templated":true}]}}