{"id":1656,"date":"2020-12-07T14:29:12","date_gmt":"2020-12-07T14:29:12","guid":{"rendered":"https:\/\/legendatours.com\/product\/unknown-porto-holidays-a-walking-experience-in-portugal\/"},"modified":"2025-07-25T11:30:41","modified_gmt":"2025-07-25T11:30:41","slug":"unknown-porto-a-walking-experience","status":"publish","type":"product","link":"https:\/\/legendatours.com\/de\/produkt\/unknown-porto-a-walking-experience\/","title":{"rendered":"Unbekannter Urlaub in Porto: Ein Wandererlebnis in Portugal"},"content":{"rendered":"<p><strong>Gruppen ab 6 Personen akzeptiert.<\/strong><\/p>\n<p>&nbsp;<\/p>\n<p>Unbekanntes Porto: Ein Wandererlebnis ist eine Wander- und Sightseeing-Tour mit Sitz in Porto.<\/p>\n<p>Porto, am Fluss Douro gelegen, ist die Hauptstadt des Nordens und die zweitgr\u00f6\u00dfte Stadt Portugals. Es ist heute ein Weltkulturerbe und seit Jahren das Zentrum des Portweinhandels.<\/p>\n<div id=\"attachment_2525\" style=\"width: 1034px\" class=\"wp-caption alignnone\"><img loading=\"lazy\" decoding=\"async\" aria-describedby=\"caption-attachment-2525\" class=\"wp-image-2525 size-large\" title=\"Rabelo-Boote im Fluss Douro, Porto. Rabelo-Boote sind die traditionellen portugiesischen Frachtboote, die zum Transport von Porto-Wein verwendet werden\" src=\"https:\/\/legendatours.net\/wp-content\/uploads\/2020\/06\/Rabelo_boats_porto-1024x683.jpg\" alt=\"Rabelo Boats in Douro River, Porto\" width=\"1024\" height=\"683\" \/><p id=\"caption-attachment-2525\" class=\"wp-caption-text\">Rabelo-Boote ein <a href=\"..\/..\/?s=Douro+River\" target=\"_blank\" rel=\"noopener\">Douro-Fluss<\/a>, Porto. Rabelo-Boote sind die traditionellen portugiesischen Frachtboote, die zum Transport verwendet werden <a href=\"..\/..\/?s=Porto+Wine\" target=\"_blank\" rel=\"noopener\">Porto-Wein<\/a>.<\/p><\/div>\n<p>Dies ist eine faszinierende Stadt, in der <a href=\"..\/..\/product-tag\/historic-monuments-in-porto\/\">historische Geb\u00e4ude<\/a> und pr\u00e4chtige Kirchen reiben sich die Schultern mit malerischen alten Vierteln. Von unserem zentral gelegenen Hotel aus haben wir Zeit, Porto und die Umgebung zu Fu\u00df zu erkunden, was immer der beste Weg ist, um die Stadt und die umliegende Landschaft in vollen Z\u00fcgen zu genie\u00dfen!<\/p>\n<p>Von hier aus laden wir Sie ein, mit uns die unbekannte K\u00fcste s\u00fcdlich von Porto und die wundersch\u00f6nen Str\u00e4nde entlang des Atlantiks zu erkunden.<\/p>\n<p>P\u00f3voa de Varzim \u2013 historisch ein Fischerhafen und Schiffbauzentrum w\u00e4hrend des Zeitalters von <a href=\"..\/..\/?s=Discoveries\">Entdeckungen<\/a> \u2013 ist ein beliebter Badeort mit 12 km atemberaubenden Str\u00e4nden. Seit dem sp\u00e4ten 19. Jahrhundert kommen Menschen hierher, um im jodreichen Wasser (aus den lokalen Algen) zu baden.<\/p>\n<p>Vila do Conde ist eine sch\u00f6ne K\u00fcstenstadt an der M\u00fcndung des Flusses Ave, der f\u00fcr seinen traditionellen Bootsbau und seine Spitzenherstellung bekannt ist. Die traditionelle Altstadt beh\u00e4lt ihren kleinen Fischerhafen und es gibt eine Reihe historischer Geb\u00e4ude, darunter das Convento de Santa Clara, das einst f\u00fcr seine Klosters\u00fc\u00dfigkeiten bekannt war \u2013 k\u00f6stliche S\u00fc\u00dfigkeiten, die heute in Caf\u00e9s in der ganzen Stadt gekauft werden k\u00f6nnen.<\/p>\n<div id=\"attachment_2530\" style=\"width: 1034px\" class=\"wp-caption alignnone\"><img loading=\"lazy\" decoding=\"async\" aria-describedby=\"caption-attachment-2530\" class=\"wp-image-2530 size-large\" title=\"Der Fluss Porto Douro schafft ein einzigartiges Aussehen von Porto\" src=\"https:\/\/legendatours.net\/wp-content\/uploads\/2020\/06\/porto-1024x683.jpg\" alt=\"Porto Douro River\" width=\"1024\" height=\"683\" \/><p id=\"caption-attachment-2530\" class=\"wp-caption-text\">Der Fluss Porto Douro schafft ein einzigartiges Aussehen <a href=\"..\/..\/product-tag\/porto\/\">Porto<\/a><\/p><\/div>\n<p>Ein Spaziergang entlang der Promenaden und Promenaden entlang der K\u00fcste s\u00fcdlich von Porto gibt uns die M\u00f6glichkeit, kleine, unbekannte und \u00fcberraschende Orte wie die traditionellen kennenzulernen <a href=\"..\/..\/product-tag\/fishing-village\/\">Fischerdorf<\/a> von Afurada. Von hier aus folgen wir dann dem fantasievoll angelegten Fu\u00dfweg entlang des S\u00fcdufers des Flusses Douro zur\u00fcck ins Zentrum von Porto.<\/p>\n<div class=\"row\" style=\"display: flex;\">\n<div class=\"column\" style=\"flex: 45%;\">\n<p><iframe loading=\"lazy\" title=\"Tourismus in Porto und Norden von Portugal Touring Cultural und Paisag\u00edstico\" width=\"1080\" height=\"608\" src=\"https:\/\/www.youtube.com\/embed\/79Lez0GoHqI?feature=oembed\" frameborder=\"0\" allow=\"accelerometer; autoplay; clipboard-write; encrypted-media; gyroscope; picture-in-picture; web-share\" referrerpolicy=\"strict-origin-when-cross-origin\" allowfullscreen><\/iframe><\/p>\n<\/div>\n<div class=\"column\" style=\"flex: 10%;\"><\/div>\n<div class=\"column\" style=\"flex: 45%;\">\n<p><iframe loading=\"lazy\" title=\"Feel the call - Porto und Nordportugal\" width=\"1080\" height=\"608\" src=\"https:\/\/www.youtube.com\/embed\/Rj_zRR6b1x4?feature=oembed\" frameborder=\"0\" allow=\"accelerometer; autoplay; clipboard-write; encrypted-media; gyroscope; picture-in-picture; web-share\" referrerpolicy=\"strict-origin-when-cross-origin\" allowfullscreen><\/iframe><\/p>\n<\/div>\n<\/div>","protected":false},"excerpt":{"rendered":"<p>Unbekanntes Porto: Ein Wandererlebnis ist eine Wander- und Sightseeing-Tour mit Sitz in Porto.<\/p>\n<p>Porto, am Fluss Douro gelegen, ist die Hauptstadt des Nordens und die zweitgr\u00f6\u00dfte Stadt Portugals. Es ist heute ein Weltkulturerbe und seit Jahren das Zentrum des Portweinhandels.<\/p>\n<p>Von hier aus laden wir Sie ein, mit uns die unbekannte K\u00fcste s\u00fcdlich von Porto und die wundersch\u00f6nen Str\u00e4nde entlang des Atlantiks zu erkunden.<\/p>","protected":false},"featured_media":1644,"comment_status":"closed","ping_status":"closed","template":"","meta":{"_acf_changed":false,"inline_featured_image":false},"product_brand":[],"product_cat":[32,28,29,30,31],"product_tag":[33,34,35,36,37,38,39,40,41,42,43,44,45,622,46,47,48,90,91,49,50,51,135,52,53,54,55,140,272,246,56,609,353,354,118,355,57,58,59,60,357,61,62,63,64,65,716,66,67,68,69,70,71,72],"class_list":{"0":"post-1656","1":"product","2":"type-product","3":"status-publish","4":"has-post-thumbnail","6":"product_cat-cultural-tours-and-holidays-in-portugal","7":"product_cat-guided-group-tours","8":"product_cat-portugal-guided-historical-holidays","9":"product_cat-guided-sightseeing-holidays-portugal","10":"product_cat-guided-walking-holidays-in-portugal","11":"product_tag-alto-douro-wine-region","12":"product_tag-caves","13":"product_tag-crystal-palace","14":"product_tag-cultural-heritage","15":"product_tag-d-luis-i-bridge","16":"product_tag-douro","17":"product_tag-douro-river","18":"product_tag-douro-valley","19":"product_tag-escorted-tour","20":"product_tag-europes-oldest-capitals","21":"product_tag-fado","22":"product_tag-fado-music","23":"product_tag-fado-songs","24":"product_tag-finest-walking-centres","25":"product_tag-gastronomy-and-wines","26":"product_tag-guided-holidays","27":"product_tag-guided-tours","28":"product_tag-guided-walking-holidays","29":"product_tag-guided-walking-tours","30":"product_tag-hidden-landscapes","31":"product_tag-historic","32":"product_tag-historic-heritage","33":"product_tag-historic-monuments-in-porto","34":"product_tag-historic-town","35":"product_tag-historical-monuments-in-lisbon","36":"product_tag-historical-tour","37":"product_tag-local-gastronomy","38":"product_tag-major-cities-of-portugal","39":"product_tag-north-of-portugal","40":"product_tag-northern-portugal","41":"product_tag-oporto","42":"product_tag-perfect-walking-holiday","43":"product_tag-port-lodges","44":"product_tag-port-wine","45":"product_tag-a-port-wine-cellar","46":"product_tag-port-wine-lodges","47":"product_tag-porto","48":"product_tag-porto-bridges","49":"product_tag-porto-world-heritage","50":"product_tag-portugal","51":"product_tag-portugals-delightful-second-city","52":"product_tag-private-group","53":"product_tag-rio-douro","54":"product_tag-river-cruise-douro","55":"product_tag-roman-and-arab-vestiges","56":"product_tag-roman-vestiges","57":"product_tag-selected-walks","58":"product_tag-sightseeing-tour","59":"product_tag-torre-de-belem","60":"product_tag-tours-in-portugal","61":"product_tag-traditional-portuguese","62":"product_tag-traditions","63":"product_tag-unesco-world-heritage-site","64":"product_tag-vila-nova-de-gaia","66":"first","67":"instock","68":"virtual","69":"product-type-simple"},"acf":[],"yoast_head":"<!-- This site is optimized with the Yoast SEO Premium plugin v26.8 (Yoast SEO v27.4) - https:\/\/yoast.com\/product\/yoast-seo-premium-wordpress\/ -->\n<title>Unknown Porto Holidays: A Walking Experience in Portugal - Legendary Adventure DMC Portugal<\/title>\n<meta name=\"description\" content=\"A walking experience is a walking &amp; sightseeing tour, based in Porto.Porto, situated on the Douro River, is the capital of the north and the second-largest city in Portugal. It is now a World Heritage Site and has been the center of the Port wine trade for years.From here we invite you to come with us and explore the unknown coast south of Porto and the beautiful beaches along the Atlantic.\" \/>\n<meta name=\"robots\" content=\"index, follow, max-snippet:-1, max-image-preview:large, max-video-preview:-1\" \/>\n<link rel=\"canonical\" href=\"https:\/\/legendatours.com\/de\/produkt\/unknown-porto-a-walking-experience\/\" \/>\n<meta property=\"og:locale\" content=\"de_DE\" \/>\n<meta property=\"og:type\" content=\"article\" \/>\n<meta property=\"og:title\" content=\"Unknown Porto Holidays: A Walking Experience in Portugal\" \/>\n<meta property=\"og:description\" content=\"A walking experience is a walking &amp; sightseeing tour, based in Porto.Porto, situated on the Douro River, is the capital of the north and the second-largest city in Portugal. It is now a World Heritage Site and has been the center of the Port wine trade for years.From here we invite you to come with us and explore the unknown coast south of Porto and the beautiful beaches along the Atlantic.\" \/>\n<meta property=\"og:url\" content=\"https:\/\/legendatours.com\/de\/produkt\/unknown-porto-a-walking-experience\/\" \/>\n<meta property=\"og:site_name\" content=\"Legendary Adventure DMC Portugal\" \/>\n<meta property=\"article:publisher\" content=\"https:\/\/www.facebook.com\/legendaryadventuredmc\/\" \/>\n<meta property=\"article:modified_time\" content=\"2025-07-25T11:30:41+00:00\" \/>\n<meta property=\"og:image\" content=\"https:\/\/legendatours.com\/wp-content\/uploads\/sites\/12\/2021\/04\/Ribeira-Porto-e1611680605840.jpg\" \/>\n\t<meta property=\"og:image:width\" content=\"1024\" \/>\n\t<meta property=\"og:image:height\" content=\"683\" \/>\n\t<meta property=\"og:image:type\" content=\"image\/jpeg\" \/>\n<meta name=\"twitter:card\" content=\"summary_large_image\" \/>\n<meta name=\"twitter:description\" content=\"A walking experience is a walking &amp; sightseeing tour, based in Porto.Porto, situated on the Douro River, is the capital of the north and the second-largest city in Portugal. It is now a World Heritage Site and has been the center of the Port wine trade for years.From here we invite you to come with us and explore the unknown coast south of Porto and the beautiful beaches along the Atlantic.\" \/>\n<meta name=\"twitter:label1\" content=\"Gesch\u00e4tzte Lesezeit\" \/>\n\t<meta name=\"twitter:data1\" content=\"3\u00a0Minuten\" \/>\n<script type=\"application\/ld+json\" class=\"yoast-schema-graph\">{\"@context\":\"https:\\\/\\\/schema.org\",\"@graph\":[{\"@type\":\"WebPage\",\"@id\":\"https:\\\/\\\/legendatours.com\\\/product\\\/unknown-porto-a-walking-experience\\\/\",\"url\":\"https:\\\/\\\/legendatours.com\\\/product\\\/unknown-porto-a-walking-experience\\\/\",\"name\":\"Unknown Porto Holidays: A Walking Experience in Portugal - Legendary Adventure DMC Portugal\",\"isPartOf\":{\"@id\":\"https:\\\/\\\/legendatours.com\\\/#website\"},\"primaryImageOfPage\":{\"@id\":\"https:\\\/\\\/legendatours.com\\\/product\\\/unknown-porto-a-walking-experience\\\/#primaryimage\"},\"image\":{\"@id\":\"https:\\\/\\\/legendatours.com\\\/product\\\/unknown-porto-a-walking-experience\\\/#primaryimage\"},\"thumbnailUrl\":\"https:\\\/\\\/legendatours.com\\\/wp-content\\\/uploads\\\/sites\\\/12\\\/2021\\\/04\\\/Boardwalk-in-Porto-e1611680386330.jpg\",\"datePublished\":\"2020-12-07T14:29:12+00:00\",\"dateModified\":\"2025-07-25T11:30:41+00:00\",\"description\":\"A walking experience is a walking & sightseeing tour, based in Porto.Porto, situated on the Douro River, is the capital of the north and the second-largest city in Portugal. It is now a World Heritage Site and has been the center of the Port wine trade for years.From here we invite you to come with us and explore the unknown coast south of Porto and the beautiful beaches along the Atlantic.\",\"breadcrumb\":{\"@id\":\"https:\\\/\\\/legendatours.com\\\/product\\\/unknown-porto-a-walking-experience\\\/#breadcrumb\"},\"inLanguage\":\"de\",\"potentialAction\":[{\"@type\":\"ReadAction\",\"target\":[\"https:\\\/\\\/legendatours.com\\\/product\\\/unknown-porto-a-walking-experience\\\/\"]}]},{\"@type\":\"ImageObject\",\"inLanguage\":\"de\",\"@id\":\"https:\\\/\\\/legendatours.com\\\/product\\\/unknown-porto-a-walking-experience\\\/#primaryimage\",\"url\":\"https:\\\/\\\/legendatours.com\\\/wp-content\\\/uploads\\\/sites\\\/12\\\/2021\\\/04\\\/Boardwalk-in-Porto-e1611680386330.jpg\",\"contentUrl\":\"https:\\\/\\\/legendatours.com\\\/wp-content\\\/uploads\\\/sites\\\/12\\\/2021\\\/04\\\/Boardwalk-in-Porto-e1611680386330.jpg\",\"width\":1024,\"height\":576,\"caption\":\"Boardwalk in Porto\"},{\"@type\":\"BreadcrumbList\",\"@id\":\"https:\\\/\\\/legendatours.com\\\/product\\\/unknown-porto-a-walking-experience\\\/#breadcrumb\",\"itemListElement\":[{\"@type\":\"ListItem\",\"position\":1,\"name\":\"Home\",\"item\":\"https:\\\/\\\/legendatours.com\\\/\"},{\"@type\":\"ListItem\",\"position\":2,\"name\":\"Shop\",\"item\":\"https:\\\/\\\/legendatours.com\\\/sv\\\/?page_id=4\"},{\"@type\":\"ListItem\",\"position\":3,\"name\":\"Porto Holidays: A Walking Experience in Portugal\"}]},{\"@type\":\"WebSite\",\"@id\":\"https:\\\/\\\/legendatours.com\\\/#website\",\"url\":\"https:\\\/\\\/legendatours.com\\\/\",\"name\":\"Legendary Adventure DMC Portugal\",\"description\":\"Responsible Walking &amp; Nature Holidays in Portugal\",\"publisher\":{\"@id\":\"https:\\\/\\\/legendatours.com\\\/#organization\"},\"alternateName\":\"Legendary Adventure Portugal\",\"potentialAction\":[{\"@type\":\"SearchAction\",\"target\":{\"@type\":\"EntryPoint\",\"urlTemplate\":\"https:\\\/\\\/legendatours.com\\\/?s={search_term_string}\"},\"query-input\":{\"@type\":\"PropertyValueSpecification\",\"valueRequired\":true,\"valueName\":\"search_term_string\"}}],\"inLanguage\":\"de\"},{\"@type\":\"Organization\",\"@id\":\"https:\\\/\\\/legendatours.com\\\/#organization\",\"name\":\"legendatours.com\",\"url\":\"https:\\\/\\\/legendatours.com\\\/\",\"logo\":{\"@type\":\"ImageObject\",\"inLanguage\":\"de\",\"@id\":\"https:\\\/\\\/legendatours.com\\\/#\\\/schema\\\/logo\\\/image\\\/\",\"url\":\"https:\\\/\\\/legendatours.com\\\/wp-content\\\/uploads\\\/sites\\\/12\\\/2021\\\/06\\\/legendary_adventure_dmc.png\",\"contentUrl\":\"https:\\\/\\\/legendatours.com\\\/wp-content\\\/uploads\\\/sites\\\/12\\\/2021\\\/06\\\/legendary_adventure_dmc.png\",\"width\":250,\"height\":74,\"caption\":\"legendatours.com\"},\"image\":{\"@id\":\"https:\\\/\\\/legendatours.com\\\/#\\\/schema\\\/logo\\\/image\\\/\"},\"sameAs\":[\"https:\\\/\\\/www.facebook.com\\\/legendaryadventuredmc\\\/\",\"https:\\\/\\\/www.linkedin.com\\\/company\\\/legendary-adventure-dmc-portugal\",\"https:\\\/\\\/www.youtube.com\\\/channel\\\/UCOIRDx_KM6ynIcacQkZjb6g\"]}]}<\/script>\n<!-- \/ Yoast SEO Premium plugin. -->","yoast_head_json":{"title":"Urlaub in unbekanntem Porto: Ein Wandererlebnis in Portugal - Legend\u00e4res Abenteuer DMC Portugal","description":"Ein Wandererlebnis ist eine Wander- und Sightseeing-Tour mit Ausgangspunkt in Porto. Porto, am Fluss Douro gelegen, ist die Hauptstadt des Nordens und die zweitgr\u00f6\u00dfte Stadt Portugals. Sie geh\u00f6rt heute zum Weltkulturerbe und ist seit Jahren das Zentrum des Portweinhandels. Von hier aus laden wir Sie ein, mit uns die unbekannte K\u00fcste s\u00fcdlich von Porto und die wundersch\u00f6nen Str\u00e4nde entlang des Atlantiks zu erkunden.","robots":{"index":"index","follow":"follow","max-snippet":"max-snippet:-1","max-image-preview":"max-image-preview:large","max-video-preview":"max-video-preview:-1"},"canonical":"https:\/\/legendatours.com\/de\/produkt\/unknown-porto-a-walking-experience\/","og_locale":"de_DE","og_type":"article","og_title":"Unknown Porto Holidays: A Walking Experience in Portugal","og_description":"A walking experience is a walking & sightseeing tour, based in Porto.Porto, situated on the Douro River, is the capital of the north and the second-largest city in Portugal. It is now a World Heritage Site and has been the center of the Port wine trade for years.From here we invite you to come with us and explore the unknown coast south of Porto and the beautiful beaches along the Atlantic.","og_url":"https:\/\/legendatours.com\/de\/produkt\/unknown-porto-a-walking-experience\/","og_site_name":"Legendary Adventure DMC Portugal","article_publisher":"https:\/\/www.facebook.com\/legendaryadventuredmc\/","article_modified_time":"2025-07-25T11:30:41+00:00","og_image":[{"width":1024,"height":683,"url":"https:\/\/legendatours.com\/wp-content\/uploads\/sites\/12\/2021\/04\/Ribeira-Porto-e1611680605840.jpg","type":"image\/jpeg"}],"twitter_card":"summary_large_image","twitter_description":"A walking experience is a walking & sightseeing tour, based in Porto.Porto, situated on the Douro River, is the capital of the north and the second-largest city in Portugal. It is now a World Heritage Site and has been the center of the Port wine trade for years.From here we invite you to come with us and explore the unknown coast south of Porto and the beautiful beaches along the Atlantic.","twitter_misc":{"Gesch\u00e4tzte Lesezeit":"3\u00a0Minuten"},"schema":{"@context":"https:\/\/schema.org","@graph":[{"@type":"WebPage","@id":"https:\/\/legendatours.com\/product\/unknown-porto-a-walking-experience\/","url":"https:\/\/legendatours.com\/product\/unknown-porto-a-walking-experience\/","name":"Urlaub in unbekanntem Porto: Ein Wandererlebnis in Portugal - Legend\u00e4res Abenteuer DMC Portugal","isPartOf":{"@id":"https:\/\/legendatours.com\/#website"},"primaryImageOfPage":{"@id":"https:\/\/legendatours.com\/product\/unknown-porto-a-walking-experience\/#primaryimage"},"image":{"@id":"https:\/\/legendatours.com\/product\/unknown-porto-a-walking-experience\/#primaryimage"},"thumbnailUrl":"https:\/\/legendatours.com\/wp-content\/uploads\/sites\/12\/2021\/04\/Boardwalk-in-Porto-e1611680386330.jpg","datePublished":"2020-12-07T14:29:12+00:00","dateModified":"2025-07-25T11:30:41+00:00","description":"Ein Wandererlebnis ist eine Wander- und Sightseeing-Tour mit Ausgangspunkt in Porto. Porto, am Fluss Douro gelegen, ist die Hauptstadt des Nordens und die zweitgr\u00f6\u00dfte Stadt Portugals. Sie geh\u00f6rt heute zum Weltkulturerbe und ist seit Jahren das Zentrum des Portweinhandels. Von hier aus laden wir Sie ein, mit uns die unbekannte K\u00fcste s\u00fcdlich von Porto und die wundersch\u00f6nen Str\u00e4nde entlang des Atlantiks zu erkunden.","breadcrumb":{"@id":"https:\/\/legendatours.com\/product\/unknown-porto-a-walking-experience\/#breadcrumb"},"inLanguage":"de","potentialAction":[{"@type":"ReadAction","target":["https:\/\/legendatours.com\/product\/unknown-porto-a-walking-experience\/"]}]},{"@type":"ImageObject","inLanguage":"de","@id":"https:\/\/legendatours.com\/product\/unknown-porto-a-walking-experience\/#primaryimage","url":"https:\/\/legendatours.com\/wp-content\/uploads\/sites\/12\/2021\/04\/Boardwalk-in-Porto-e1611680386330.jpg","contentUrl":"https:\/\/legendatours.com\/wp-content\/uploads\/sites\/12\/2021\/04\/Boardwalk-in-Porto-e1611680386330.jpg","width":1024,"height":576,"caption":"Boardwalk in Porto"},{"@type":"BreadcrumbList","@id":"https:\/\/legendatours.com\/product\/unknown-porto-a-walking-experience\/#breadcrumb","itemListElement":[{"@type":"ListItem","position":1,"name":"Home","item":"https:\/\/legendatours.com\/"},{"@type":"ListItem","position":2,"name":"Shop","item":"https:\/\/legendatours.com\/sv\/?page_id=4"},{"@type":"ListItem","position":3,"name":"Porto Holidays: A Walking Experience in Portugal"}]},{"@type":"WebSite","@id":"https:\/\/legendatours.com\/#website","url":"https:\/\/legendatours.com\/","name":"Legend\u00e4res Abenteuer DMC Portugal","description":"Verantwortungsvolles Wandern und Natururlaub in Portugal","publisher":{"@id":"https:\/\/legendatours.com\/#organization"},"alternateName":"Legendary Adventure Portugal","potentialAction":[{"@type":"SearchAction","target":{"@type":"EntryPoint","urlTemplate":"https:\/\/legendatours.com\/?s={search_term_string}"},"query-input":{"@type":"PropertyValueSpecification","valueRequired":true,"valueName":"search_term_string"}}],"inLanguage":"de"},{"@type":"Organization","@id":"https:\/\/legendatours.com\/#organization","name":"legendatours.com","url":"https:\/\/legendatours.com\/","logo":{"@type":"ImageObject","inLanguage":"de","@id":"https:\/\/legendatours.com\/#\/schema\/logo\/image\/","url":"https:\/\/legendatours.com\/wp-content\/uploads\/sites\/12\/2021\/06\/legendary_adventure_dmc.png","contentUrl":"https:\/\/legendatours.com\/wp-content\/uploads\/sites\/12\/2021\/06\/legendary_adventure_dmc.png","width":250,"height":74,"caption":"legendatours.com"},"image":{"@id":"https:\/\/legendatours.com\/#\/schema\/logo\/image\/"},"sameAs":["https:\/\/www.facebook.com\/legendaryadventuredmc\/","https:\/\/www.linkedin.com\/company\/legendary-adventure-dmc-portugal","https:\/\/www.youtube.com\/channel\/UCOIRDx_KM6ynIcacQkZjb6g"]}]}},"_links":{"self":[{"href":"https:\/\/legendatours.com\/de\/wp-json\/wp\/v2\/product\/1656","targetHints":{"allow":["GET"]}}],"collection":[{"href":"https:\/\/legendatours.com\/de\/wp-json\/wp\/v2\/product"}],"about":[{"href":"https:\/\/legendatours.com\/de\/wp-json\/wp\/v2\/types\/product"}],"replies":[{"embeddable":true,"href":"https:\/\/legendatours.com\/de\/wp-json\/wp\/v2\/comments?post=1656"}],"wp:featuredmedia":[{"embeddable":true,"href":"https:\/\/legendatours.com\/de\/wp-json\/wp\/v2\/media\/1644"}],"wp:attachment":[{"href":"https:\/\/legendatours.com\/de\/wp-json\/wp\/v2\/media?parent=1656"}],"wp:term":[{"taxonomy":"product_brand","embeddable":true,"href":"https:\/\/legendatours.com\/de\/wp-json\/wp\/v2\/product_brand?post=1656"},{"taxonomy":"product_cat","embeddable":true,"href":"https:\/\/legendatours.com\/de\/wp-json\/wp\/v2\/product_cat?post=1656"},{"taxonomy":"product_tag","embeddable":true,"href":"https:\/\/legendatours.com\/de\/wp-json\/wp\/v2\/product_tag?post=1656"}],"curies":[{"name":"wp","href":"https:\/\/api.w.org\/{rel}","templated":true}]}}