{"id":1672,"date":"2020-12-07T12:54:49","date_gmt":"2020-12-07T12:54:49","guid":{"rendered":"https:\/\/legendatours.com\/product\/walking-holidays-in-the-vicentina-route\/"},"modified":"2025-07-25T11:33:01","modified_gmt":"2025-07-25T11:33:01","slug":"walking-in-the-vicentina-route-12301g","status":"publish","type":"product","link":"https:\/\/legendatours.com\/de\/produkt\/walking-in-the-vicentina-route-12301g\/","title":{"rendered":"Wanderurlaub auf der Vicentina-Route"},"content":{"rendered":"<p><strong>Gruppen ab 6 Personen akzeptiert.<\/strong><\/p>\n<p>&nbsp;<\/p>\n<p>Die Rota Vicentina-Route ist in den Fischerpfad und die historische Route unterteilt. Der Fischerpfad folgt der K\u00fcste, die Zugang zu versteckten Str\u00e4nden und geheimen Fischgr\u00fcnden bietet. Wenn wir genauer hinsehen, k\u00f6nnen wir einen Blick auf den \u00f6rtlichen Fischer werfen, der sein Leben riskiert, w\u00e4hrend er in den Klippen steht, um die wilden und schwer fassbaren Fischarten und die zarten Entenmuscheln zu fangen.<\/p>\n<p>Die historische Route f\u00fchrt uns ins Landesinnere, entlang der pastoralen Landschaft und der landwirtschaftlichen Gebiete, die die kleinen H\u00e4usergruppen verbinden, die in diesem riesigen Gebiet verstreut sind. Es ist \u00fcblich, Hirten und ihre Ziegen- oder Schafherden zu finden, die von Feld zu Feld ziehen. Hier sind die Einheimischen daran gew\u00f6hnt, entlang der ruhigen Stra\u00dfen zu gehen, ihre Obstg\u00e4rten zu besuchen, mit ihren Nachbarn zu sprechen oder einfach nur das Leben am Laufen zu halten!<\/p>\n<p>Beide Wege sind eine lohnende M\u00f6glichkeit, das Echte zu sehen <a href=\"..\/..\/product-tag\/alentejo\/\">Alentejo<\/a> und <a href=\"..\/..\/product-tag\/algarve\/\">Algarve<\/a> Regionen Portugals und wandern Sie auf unvergesslichen Routen voller Tradition. Unser einzigartig gestaltetes \u201eOpt-Out-System\u201c erm\u00f6glicht es Ihnen, den gesamten Spaziergang oder nur Teile davon zu gehen, sodass Sie mehr Zeit mit Sightseeing verbringen k\u00f6nnen, wenn Sie es vorziehen!<\/p>\n<p>Wir starten unsere <a href=\"..\/..\/product-category\/guided-group-tours\/guided-walking-holidays-in-portugal\/\">gehen<\/a> Woche in Porto Covo, einem kleinen<a href=\"..\/..\/product-tag\/fishing-village\/\"> Angeln<\/a> Dorf, das bei den Portugiesen beliebt ist. Das blau-transparente Wasser, die bunten H\u00e4user und der h\u00fcbsche Platz zeichnen ein romantisches Bild der Lieder im Radio.<\/p>\n<div id=\"attachment_2859\" style=\"width: 1034px\" class=\"wp-caption alignnone\"><img loading=\"lazy\" decoding=\"async\" aria-describedby=\"caption-attachment-2859\" class=\"wp-image-2859 size-full\" title=\"Rota Vicentina-Gruppe zu Fu\u00df auf der historischen Route\" src=\"https:\/\/legendatours.net\/wp-content\/uploads\/2020\/07\/Hike_countryside_vicentina.jpg\" alt=\"Rota Vicentina group walking in the Historic Route\" width=\"1024\" height=\"768\" \/><p id=\"caption-attachment-2859\" class=\"wp-caption-text\"><a href=\"\/..\/?s=Rota+Vicentina\" target=\"_blank\" rel=\"noopener\">Rota Vicentina<\/a> Gruppenwanderung auf der Historischen Route<\/p><\/div>\n<p>Nicht weit von hier ist Vila Nova de Milfontes f\u00fcr einige Tage unser Zuhause. Aufragend und exquisit am Nordrand des Mira-Flusses gelegen, ist dies die Region mit weiten Str\u00e4nden, dramatischen K\u00fcsten und unber\u00fchrter l\u00e4ndlicher Landschaft.<\/p>\n<p>In Odemira, wo die \u00fcppig gr\u00fcnen T\u00e4ler liegen, pr\u00e4gen die B\u00e4che die Landschaft. Die Ger\u00fcche sind anders, die Blumen haben leuchtende Farben und die Aussicht \u00fcber die H\u00fcgel ist atemberaubend.<\/p>\n<div id=\"attachment_3917\" style=\"width: 1033px\" class=\"wp-caption alignnone\"><img loading=\"lazy\" decoding=\"async\" aria-describedby=\"caption-attachment-3917\" class=\"wp-image-3917 size-full\" title=\"Arrifana - Eine der sch\u00f6nsten und am besten erhaltenen K\u00fcstenregionen Europas\" src=\"https:\/\/legendatours.net\/wp-content\/uploads\/2020\/12\/arrifana.jpg\" alt=\"Arrifana - One of the most beautiful and best-preserved coastal areas of Europe\" width=\"1023\" height=\"768\" \/><p id=\"caption-attachment-3917\" class=\"wp-caption-text\">Arrifana \u2013 Eine der sch\u00f6nsten und am besten erhaltenen K\u00fcstenregionen Europas<\/p><\/div>\n<p>Einzigartige Orte pr\u00e4gen diese Woche. In kleinen D\u00f6rfern wie Carrapateira und Arrifana ist der Atlantik K\u00f6nig. Aus dem Meer kommt Leben, Brandung, Entenmuscheln, jahreszeitliche Ver\u00e4nderungen und eine ruhige Meeresbrise.<\/p>\n<p>Und als wir das Ende des erreichen <a href=\"..\/..\/product-tag\/costa-vicentina\/\">Vicentina<\/a> Route und wir blicken \u00fcber die Klippen von S\u00e3o Vicente und die Weite des Meeres vor uns, wir verstehen, warum dies einer der sch\u00f6nsten Orte an der S\u00fcdwestk\u00fcste Portugals ist.<\/p>\n<div class=\"row\">\n<div class=\"column\" style=\"flex: 45%;\">\n<p><iframe loading=\"lazy\" title=\"Zwei Schritte zur Freiheit - Rota Vicentina - Deutsche Version\" width=\"1080\" height=\"608\" src=\"https:\/\/www.youtube.com\/embed\/378VE1BxOrs?list=PLXuQK_E-D9ms4xzwNQLaux8GjS_169PbF\" frameborder=\"0\" allow=\"accelerometer; autoplay; clipboard-write; encrypted-media; gyroscope; picture-in-picture; web-share\" referrerpolicy=\"strict-origin-when-cross-origin\" allowfullscreen><\/iframe><\/p>\n<\/div>\n<div class=\"column\" style=\"flex: 10%;\"><\/div>\n<div class=\"column\" style=\"flex: 45%;\">\n<p><iframe loading=\"lazy\" title=\"Verlieben Sie sich in dieses Land \/\/ Amor a esta Terra - Rota Vicentina\" width=\"1080\" height=\"608\" src=\"https:\/\/www.youtube.com\/embed\/xnabsip_w88?list=PLXuQK_E-D9ms4xzwNQLaux8GjS_169PbF\" frameborder=\"0\" allow=\"accelerometer; autoplay; clipboard-write; encrypted-media; gyroscope; picture-in-picture; web-share\" referrerpolicy=\"strict-origin-when-cross-origin\" allowfullscreen><\/iframe><\/p>\n<\/div>\n<\/div>","protected":false},"excerpt":{"rendered":"<p>Die Walking in the Vincentina Route \u2013 Vom Meer an Land entlang der atemberaubenden S\u00fcdwestk\u00fcste Portugals ist eine 8-t\u00e4gige Wandertour mit Mittelpunkt in Vila Nova de Milfontes und Aljezur, in der Mitte des S\u00fcdwestens von Alentejo und der Vicentinischen K\u00fcste <a href=\"..\/..\/?s=Natural+Park\">Naturpark<\/a>.<\/p>\n<p>Das Gebiet gilt als einer der sch\u00f6nsten Abschnitte der erhaltenen europ\u00e4ischen K\u00fcstenlinie und beherbergt die ber\u00fchmte Rota Vicentina \u2013 ein 340 km langer Fernwanderweg, der in Santiago do Cac\u00e9m beginnt und am einst so genannten Rand der bekannten Welt endet \u2013 dem Kap von St .Vincent.<\/p>","protected":false},"featured_media":1657,"comment_status":"closed","ping_status":"closed","template":"","meta":{"_acf_changed":false,"inline_featured_image":false},"product_brand":[],"product_cat":[32,28,29,30,31],"product_tag":[73,74,402,75,76,77,78,79,80,81,82,83,636,36,84,85,86,87,88,89,47,90,91,92,93,94,55,95,96,97,98,99,100,101,102,103,104,105,106,107,108,109,110,111,121,626,112,113],"class_list":{"0":"post-1672","1":"product","2":"type-product","3":"status-publish","4":"has-post-thumbnail","6":"product_cat-cultural-tours-and-holidays-in-portugal","7":"product_cat-guided-group-tours","8":"product_cat-portugal-guided-historical-holidays","9":"product_cat-guided-sightseeing-holidays-portugal","10":"product_cat-guided-walking-holidays-in-portugal","11":"product_tag-alentejo-walking","12":"product_tag-algarve-gr13","13":"product_tag-amazing-walking","14":"product_tag-arrifana","15":"product_tag-beaches","16":"product_tag-beautiful-beaches","17":"product_tag-beautiful-landscapes","18":"product_tag-carrapateira","19":"product_tag-coastal-scenery","20":"product_tag-coastal-walks","21":"product_tag-coastal-way","22":"product_tag-cork-trees","23":"product_tag-costa-vicentina","24":"product_tag-cultural-heritage","25":"product_tag-dramatic-beauty-of-the-atlantic-coast","26":"product_tag-dramatic-cliffs","27":"product_tag-fabulous-walks-along-the-coast","28":"product_tag-green-landscape","29":"product_tag-green-valleys","30":"product_tag-guided-group-tour","31":"product_tag-guided-holidays","32":"product_tag-guided-walking-holidays","33":"product_tag-guided-walking-tours","34":"product_tag-inland-sceneries","35":"product_tag-inland-walks","36":"product_tag-landscape","37":"product_tag-local-gastronomy","38":"product_tag-magnificent-landscape","39":"product_tag-milfontes","40":"product_tag-natural-park","41":"product_tag-natural-reserves","42":"product_tag-natural-scenery","43":"product_tag-nature-holidays","44":"product_tag-nature-tour","45":"product_tag-nature-trails","46":"product_tag-odemira","47":"product_tag-offered-flexible-walking","48":"product_tag-parque-natural-de-costa-vicentina","49":"product_tag-picturesque-landscapes","50":"product_tag-porto-covo","51":"product_tag-portugals-biggest-natural-reserve","52":"product_tag-rota-vicentina","53":"product_tag-vicentina-coast","54":"product_tag-vicentina-route","55":"product_tag-walking","56":"product_tag-walking-along-quiet-paths","57":"product_tag-walking-holidays","58":"product_tag-walking-the-coast-line","60":"first","61":"instock","62":"virtual","63":"product-type-simple"},"acf":[],"yoast_head":"<!-- This site is optimized with the Yoast SEO Premium plugin v26.8 (Yoast SEO v27.5) - https:\/\/yoast.com\/product\/yoast-seo-premium-wordpress\/ -->\n<title>Walking Holidays in the Vicentina Route - Legendary Adventure DMC Portugal<\/title>\n<meta name=\"description\" content=\"Walking in the Vincentina route \u2013 From sea to land along the stunning South West Coast of Portugal is an 8-day walking tour, in Portugal.\" \/>\n<meta name=\"robots\" content=\"index, follow, max-snippet:-1, max-image-preview:large, max-video-preview:-1\" \/>\n<link rel=\"canonical\" href=\"https:\/\/legendatours.com\/de\/produkt\/walking-in-the-vicentina-route-12301g\/\" \/>\n<meta property=\"og:locale\" content=\"de_DE\" \/>\n<meta property=\"og:type\" content=\"article\" \/>\n<meta property=\"og:title\" content=\"Walking Holidays in the Vicentina Route\" \/>\n<meta property=\"og:description\" content=\"The Walking in the Vincentina route \u2013 From sea to land along the stunning South West Coast of Portugal is an 8-day walking tour, centred in Vila Nova de Milfontes and Aljezur, in the middle of the Southwest Alentejo and Vicentine Coast Natural Park.Considered one of the finest stretches of preserved European coastlines, the area is home to the famous Rota Vicentina \u2013 a 340km long-distance path that begins in Santiago do Cac\u00e9m and finishes at the once called the edge of the known world \u2013 the Cape of St. Vincent.\" \/>\n<meta property=\"og:url\" content=\"https:\/\/legendatours.com\/de\/produkt\/walking-in-the-vicentina-route-12301g\/\" \/>\n<meta property=\"og:site_name\" content=\"Legendary Adventure DMC Portugal\" \/>\n<meta property=\"article:publisher\" content=\"https:\/\/www.facebook.com\/legendaryadventuredmc\/\" \/>\n<meta property=\"article:modified_time\" content=\"2025-07-25T11:33:01+00:00\" \/>\n<meta property=\"og:image\" content=\"https:\/\/legendatours.com\/wp-content\/uploads\/sites\/12\/2021\/04\/costa_vicentina-e1611668588521.jpg\" \/>\n\t<meta property=\"og:image:width\" content=\"1024\" \/>\n\t<meta property=\"og:image:height\" content=\"683\" \/>\n\t<meta property=\"og:image:type\" content=\"image\/jpeg\" \/>\n<meta name=\"twitter:card\" content=\"summary_large_image\" \/>\n<meta name=\"twitter:description\" content=\"The Walking in the Vincentina route \u2013 From sea to land along the stunning South West Coast of Portugal is an 8-day walking tour, centred in Vila Nova de Milfontes and Aljezur, in the middle of the Southwest Alentejo and Vicentine Coast Natural Park.Considered one of the finest stretches of preserved European coastlines, the area is home to the famous Rota Vicentina \u2013 a 340km long-distance path that begins in Santiago do Cac\u00e9m and finishes at the once called the edge of the known world \u2013 the Cape of St. Vincent.\" \/>\n<meta name=\"twitter:label1\" content=\"Gesch\u00e4tzte Lesezeit\" \/>\n\t<meta name=\"twitter:data1\" content=\"3\u00a0Minuten\" \/>\n<script type=\"application\/ld+json\" class=\"yoast-schema-graph\">{\"@context\":\"https:\\\/\\\/schema.org\",\"@graph\":[{\"@type\":\"WebPage\",\"@id\":\"https:\\\/\\\/legendatours.com\\\/product\\\/walking-in-the-vicentina-route-12301g\\\/\",\"url\":\"https:\\\/\\\/legendatours.com\\\/product\\\/walking-in-the-vicentina-route-12301g\\\/\",\"name\":\"Walking Holidays in the Vicentina Route - Legendary Adventure DMC Portugal\",\"isPartOf\":{\"@id\":\"https:\\\/\\\/legendatours.com\\\/#website\"},\"primaryImageOfPage\":{\"@id\":\"https:\\\/\\\/legendatours.com\\\/product\\\/walking-in-the-vicentina-route-12301g\\\/#primaryimage\"},\"image\":{\"@id\":\"https:\\\/\\\/legendatours.com\\\/product\\\/walking-in-the-vicentina-route-12301g\\\/#primaryimage\"},\"thumbnailUrl\":\"https:\\\/\\\/legendatours.com\\\/wp-content\\\/uploads\\\/sites\\\/12\\\/2021\\\/04\\\/costa_vicentina-e1611668588521.jpg\",\"datePublished\":\"2020-12-07T12:54:49+00:00\",\"dateModified\":\"2025-07-25T11:33:01+00:00\",\"description\":\"Walking in the Vincentina route \u2013 From sea to land along the stunning South West Coast of Portugal is an 8-day walking tour, in Portugal.\",\"breadcrumb\":{\"@id\":\"https:\\\/\\\/legendatours.com\\\/product\\\/walking-in-the-vicentina-route-12301g\\\/#breadcrumb\"},\"inLanguage\":\"de\",\"potentialAction\":[{\"@type\":\"ReadAction\",\"target\":[\"https:\\\/\\\/legendatours.com\\\/product\\\/walking-in-the-vicentina-route-12301g\\\/\"]}]},{\"@type\":\"ImageObject\",\"inLanguage\":\"de\",\"@id\":\"https:\\\/\\\/legendatours.com\\\/product\\\/walking-in-the-vicentina-route-12301g\\\/#primaryimage\",\"url\":\"https:\\\/\\\/legendatours.com\\\/wp-content\\\/uploads\\\/sites\\\/12\\\/2021\\\/04\\\/costa_vicentina-e1611668588521.jpg\",\"contentUrl\":\"https:\\\/\\\/legendatours.com\\\/wp-content\\\/uploads\\\/sites\\\/12\\\/2021\\\/04\\\/costa_vicentina-e1611668588521.jpg\",\"width\":1024,\"height\":683,\"caption\":\"Vicentine Coast Walking\"},{\"@type\":\"BreadcrumbList\",\"@id\":\"https:\\\/\\\/legendatours.com\\\/product\\\/walking-in-the-vicentina-route-12301g\\\/#breadcrumb\",\"itemListElement\":[{\"@type\":\"ListItem\",\"position\":1,\"name\":\"Home\",\"item\":\"https:\\\/\\\/legendatours.com\\\/\"},{\"@type\":\"ListItem\",\"position\":2,\"name\":\"Shop\",\"item\":\"https:\\\/\\\/legendatours.com\\\/sv\\\/?page_id=4\"},{\"@type\":\"ListItem\",\"position\":3,\"name\":\"Walking Holidays in the Vicentina Route\"}]},{\"@type\":\"WebSite\",\"@id\":\"https:\\\/\\\/legendatours.com\\\/#website\",\"url\":\"https:\\\/\\\/legendatours.com\\\/\",\"name\":\"Legendary Adventure DMC Portugal\",\"description\":\"Responsible Walking &amp; Nature Holidays in Portugal\",\"publisher\":{\"@id\":\"https:\\\/\\\/legendatours.com\\\/#organization\"},\"alternateName\":\"Legendary Adventure Portugal\",\"potentialAction\":[{\"@type\":\"SearchAction\",\"target\":{\"@type\":\"EntryPoint\",\"urlTemplate\":\"https:\\\/\\\/legendatours.com\\\/?s={search_term_string}\"},\"query-input\":{\"@type\":\"PropertyValueSpecification\",\"valueRequired\":true,\"valueName\":\"search_term_string\"}}],\"inLanguage\":\"de\"},{\"@type\":\"Organization\",\"@id\":\"https:\\\/\\\/legendatours.com\\\/#organization\",\"name\":\"legendatours.com\",\"url\":\"https:\\\/\\\/legendatours.com\\\/\",\"logo\":{\"@type\":\"ImageObject\",\"inLanguage\":\"de\",\"@id\":\"https:\\\/\\\/legendatours.com\\\/#\\\/schema\\\/logo\\\/image\\\/\",\"url\":\"https:\\\/\\\/legendatours.com\\\/wp-content\\\/uploads\\\/sites\\\/12\\\/2021\\\/06\\\/legendary_adventure_dmc.png\",\"contentUrl\":\"https:\\\/\\\/legendatours.com\\\/wp-content\\\/uploads\\\/sites\\\/12\\\/2021\\\/06\\\/legendary_adventure_dmc.png\",\"width\":250,\"height\":74,\"caption\":\"legendatours.com\"},\"image\":{\"@id\":\"https:\\\/\\\/legendatours.com\\\/#\\\/schema\\\/logo\\\/image\\\/\"},\"sameAs\":[\"https:\\\/\\\/www.facebook.com\\\/legendaryadventuredmc\\\/\",\"https:\\\/\\\/www.linkedin.com\\\/company\\\/legendary-adventure-dmc-portugal\",\"https:\\\/\\\/www.youtube.com\\\/channel\\\/UCOIRDx_KM6ynIcacQkZjb6g\"]}]}<\/script>\n<!-- \/ Yoast SEO Premium plugin. -->","yoast_head_json":{"title":"Wanderurlaub auf der Vicentina Route - Legendary Adventure DMC Portugal","description":"Walking in the Vincentina route \u2013 From sea to land along the stunning South West Coast of Portugal is an 8-day walking tour, in Portugal.","robots":{"index":"index","follow":"follow","max-snippet":"max-snippet:-1","max-image-preview":"max-image-preview:large","max-video-preview":"max-video-preview:-1"},"canonical":"https:\/\/legendatours.com\/de\/produkt\/walking-in-the-vicentina-route-12301g\/","og_locale":"de_DE","og_type":"article","og_title":"Walking Holidays in the Vicentina Route","og_description":"The Walking in the Vincentina route \u2013 From sea to land along the stunning South West Coast of Portugal is an 8-day walking tour, centred in Vila Nova de Milfontes and Aljezur, in the middle of the Southwest Alentejo and Vicentine Coast Natural Park.Considered one of the finest stretches of preserved European coastlines, the area is home to the famous Rota Vicentina \u2013 a 340km long-distance path that begins in Santiago do Cac\u00e9m and finishes at the once called the edge of the known world \u2013 the Cape of St. Vincent.","og_url":"https:\/\/legendatours.com\/de\/produkt\/walking-in-the-vicentina-route-12301g\/","og_site_name":"Legendary Adventure DMC Portugal","article_publisher":"https:\/\/www.facebook.com\/legendaryadventuredmc\/","article_modified_time":"2025-07-25T11:33:01+00:00","og_image":[{"width":1024,"height":683,"url":"https:\/\/legendatours.com\/wp-content\/uploads\/sites\/12\/2021\/04\/costa_vicentina-e1611668588521.jpg","type":"image\/jpeg"}],"twitter_card":"summary_large_image","twitter_description":"The Walking in the Vincentina route \u2013 From sea to land along the stunning South West Coast of Portugal is an 8-day walking tour, centred in Vila Nova de Milfontes and Aljezur, in the middle of the Southwest Alentejo and Vicentine Coast Natural Park.Considered one of the finest stretches of preserved European coastlines, the area is home to the famous Rota Vicentina \u2013 a 340km long-distance path that begins in Santiago do Cac\u00e9m and finishes at the once called the edge of the known world \u2013 the Cape of St. Vincent.","twitter_misc":{"Gesch\u00e4tzte Lesezeit":"3\u00a0Minuten"},"schema":{"@context":"https:\/\/schema.org","@graph":[{"@type":"WebPage","@id":"https:\/\/legendatours.com\/product\/walking-in-the-vicentina-route-12301g\/","url":"https:\/\/legendatours.com\/product\/walking-in-the-vicentina-route-12301g\/","name":"Wanderurlaub auf der Vicentina Route - Legendary Adventure DMC Portugal","isPartOf":{"@id":"https:\/\/legendatours.com\/#website"},"primaryImageOfPage":{"@id":"https:\/\/legendatours.com\/product\/walking-in-the-vicentina-route-12301g\/#primaryimage"},"image":{"@id":"https:\/\/legendatours.com\/product\/walking-in-the-vicentina-route-12301g\/#primaryimage"},"thumbnailUrl":"https:\/\/legendatours.com\/wp-content\/uploads\/sites\/12\/2021\/04\/costa_vicentina-e1611668588521.jpg","datePublished":"2020-12-07T12:54:49+00:00","dateModified":"2025-07-25T11:33:01+00:00","description":"Walking in the Vincentina route \u2013 From sea to land along the stunning South West Coast of Portugal is an 8-day walking tour, in Portugal.","breadcrumb":{"@id":"https:\/\/legendatours.com\/product\/walking-in-the-vicentina-route-12301g\/#breadcrumb"},"inLanguage":"de","potentialAction":[{"@type":"ReadAction","target":["https:\/\/legendatours.com\/product\/walking-in-the-vicentina-route-12301g\/"]}]},{"@type":"ImageObject","inLanguage":"de","@id":"https:\/\/legendatours.com\/product\/walking-in-the-vicentina-route-12301g\/#primaryimage","url":"https:\/\/legendatours.com\/wp-content\/uploads\/sites\/12\/2021\/04\/costa_vicentina-e1611668588521.jpg","contentUrl":"https:\/\/legendatours.com\/wp-content\/uploads\/sites\/12\/2021\/04\/costa_vicentina-e1611668588521.jpg","width":1024,"height":683,"caption":"Vicentine Coast Walking"},{"@type":"BreadcrumbList","@id":"https:\/\/legendatours.com\/product\/walking-in-the-vicentina-route-12301g\/#breadcrumb","itemListElement":[{"@type":"ListItem","position":1,"name":"Home","item":"https:\/\/legendatours.com\/"},{"@type":"ListItem","position":2,"name":"Shop","item":"https:\/\/legendatours.com\/sv\/?page_id=4"},{"@type":"ListItem","position":3,"name":"Walking Holidays in the Vicentina Route"}]},{"@type":"WebSite","@id":"https:\/\/legendatours.com\/#website","url":"https:\/\/legendatours.com\/","name":"Legend\u00e4res Abenteuer DMC Portugal","description":"Verantwortungsvolles Wandern und Natururlaub in Portugal","publisher":{"@id":"https:\/\/legendatours.com\/#organization"},"alternateName":"Legendary Adventure Portugal","potentialAction":[{"@type":"SearchAction","target":{"@type":"EntryPoint","urlTemplate":"https:\/\/legendatours.com\/?s={search_term_string}"},"query-input":{"@type":"PropertyValueSpecification","valueRequired":true,"valueName":"search_term_string"}}],"inLanguage":"de"},{"@type":"Organization","@id":"https:\/\/legendatours.com\/#organization","name":"legendatours.com","url":"https:\/\/legendatours.com\/","logo":{"@type":"ImageObject","inLanguage":"de","@id":"https:\/\/legendatours.com\/#\/schema\/logo\/image\/","url":"https:\/\/legendatours.com\/wp-content\/uploads\/sites\/12\/2021\/06\/legendary_adventure_dmc.png","contentUrl":"https:\/\/legendatours.com\/wp-content\/uploads\/sites\/12\/2021\/06\/legendary_adventure_dmc.png","width":250,"height":74,"caption":"legendatours.com"},"image":{"@id":"https:\/\/legendatours.com\/#\/schema\/logo\/image\/"},"sameAs":["https:\/\/www.facebook.com\/legendaryadventuredmc\/","https:\/\/www.linkedin.com\/company\/legendary-adventure-dmc-portugal","https:\/\/www.youtube.com\/channel\/UCOIRDx_KM6ynIcacQkZjb6g"]}]}},"_links":{"self":[{"href":"https:\/\/legendatours.com\/de\/wp-json\/wp\/v2\/product\/1672","targetHints":{"allow":["GET"]}}],"collection":[{"href":"https:\/\/legendatours.com\/de\/wp-json\/wp\/v2\/product"}],"about":[{"href":"https:\/\/legendatours.com\/de\/wp-json\/wp\/v2\/types\/product"}],"replies":[{"embeddable":true,"href":"https:\/\/legendatours.com\/de\/wp-json\/wp\/v2\/comments?post=1672"}],"wp:featuredmedia":[{"embeddable":true,"href":"https:\/\/legendatours.com\/de\/wp-json\/wp\/v2\/media\/1657"}],"wp:attachment":[{"href":"https:\/\/legendatours.com\/de\/wp-json\/wp\/v2\/media?parent=1672"}],"wp:term":[{"taxonomy":"product_brand","embeddable":true,"href":"https:\/\/legendatours.com\/de\/wp-json\/wp\/v2\/product_brand?post=1672"},{"taxonomy":"product_cat","embeddable":true,"href":"https:\/\/legendatours.com\/de\/wp-json\/wp\/v2\/product_cat?post=1672"},{"taxonomy":"product_tag","embeddable":true,"href":"https:\/\/legendatours.com\/de\/wp-json\/wp\/v2\/product_tag?post=1672"}],"curies":[{"name":"wp","href":"https:\/\/api.w.org\/{rel}","templated":true}]}}