{"id":1737,"date":"2020-09-14T09:14:07","date_gmt":"2020-09-14T09:14:07","guid":{"rendered":"https:\/\/legendatours.com\/product\/group-walking-holidays-in-tavira-the-amazing-east-algarve\/"},"modified":"2025-07-25T11:36:38","modified_gmt":"2025-07-25T11:36:38","slug":"tavira-the-amazing-east-algarve-1300g","status":"publish","type":"product","link":"https:\/\/legendatours.com\/de\/produkt\/tavira-the-amazing-east-algarve-1300g\/","title":{"rendered":"Gruppenwanderungen in Tavira: Die erstaunliche Ostalgarve"},"content":{"rendered":"<p>Tavira ist eine alte maurische Stadt, die ihren einzigartigen Charakter und ihr Erbe bewahrt hat.<\/p>\n<p>Die Stadt erstreckt sich entlang der Ufer des Flusses Gil\u00e3o und ist eine reizvolle Mischung aus traditioneller portugiesischer Architektur mit tief verwurzelten maurischen Einfl\u00fcssen.<\/p>\n<p>Es ist wohl die sch\u00f6nste Stadt der Algarve und strahlt einen authentischen portugiesischen Charme aus. Es ist eine wahre Freude, die zahlreichen historischen Geb\u00e4ude und dekorativen Kirchen zu erkunden, die alle um charmante Pl\u00e4tze und h\u00fcbsche Kopfsteinpflasterstra\u00dfen herum angeordnet sind.<\/p>\n<div id=\"attachment_1773\" style=\"width: 1034px\" class=\"wp-caption alignnone\"><img loading=\"lazy\" decoding=\"async\" aria-describedby=\"caption-attachment-1773\" class=\"wp-image-1773 size-large\" title=\"R\u00f6mische Br\u00fccke in Tavira Venedig an der Algarve. Auch bekannt als Ponte Antiga (Antike Br\u00fccke) ist sie eines der Symbole von Tavira.\" src=\"https:\/\/legendatours.net\/wp-content\/uploads\/2020\/03\/Roman-bridge-in-Tavira-Venice-of-Algarve-2-1024x685.jpg\" alt=\"Roman bridge in Tavira Venice of Algarve\" width=\"1024\" height=\"685\" \/><p id=\"caption-attachment-1773\" class=\"wp-caption-text\">R\u00f6mische Br\u00fccke in Tavira Venedig an der Algarve. Auch bekannt als Ponte Antiga (Antike Br\u00fccke) ist sie eine der <a href=\"..\/..\/?s=Tavira\" target=\"_blank\" rel=\"noopener\">Tavira<\/a> Symbole.<\/p><\/div>\n<p>Von ph\u00f6nizischen Ausgrabungen \u00fcber islamisch dekorierte T\u00fcren bis hin zu Renaissance- und Barock-Schn\u00f6rkeln sind Geschichtsschichten zu sehen. Es sind jedoch die Farben, die Sie treffen: blendend wei\u00dfe W\u00e4nde, strahlende Azulejo-Fliesen, feuerrote Dachpfannen.<\/p>\n<p>Unsere Wanderungen f\u00fchren uns zu <a href=\"..\/..\/?s=Tavira+Island\">Insel Tavira<\/a> im Naturpark, an einem der sch\u00f6nsten Str\u00e4nde der Welt, und zu h\u00fcbschen K\u00fcstend\u00f6rfern wie Santa Luzia, Cabanas und Cacela Velha. Ins Landesinnere schl\u00e4ngeln wir uns zwischen H\u00fcgeln und T\u00e4lern zum niedrigen Gipfel von Zimbral, mit weiten, lohnenden Ausblicken.<\/p>\n<div id=\"attachment_2642\" style=\"width: 1034px\" class=\"wp-caption alignnone\"><img loading=\"lazy\" decoding=\"async\" aria-describedby=\"caption-attachment-2642\" class=\"wp-image-2642 size-large\" title=\"Gruppenwanderung im Caldeir\u00e3o-Gebirge der Algarve und mehr von der Algarve entdecken\" src=\"https:\/\/legendatours.net\/wp-content\/uploads\/2020\/06\/Walk_caldeirao_mountains-1024x666.jpg\" alt=\"Group Walk in Algarve Caldeir\u00e3o Mountains, Algarve\" width=\"1024\" height=\"666\" \/><p id=\"caption-attachment-2642\" class=\"wp-caption-text\"><a href=\"..\/..\/?s=Group+Walk\" target=\"_blank\" rel=\"noopener\">Gruppe <\/a>Betreten Sie das Caldeir\u00e3o-Gebirge der Algarve und entdecken Sie mehr davon <a href=\"..\/..\/?s=Algarve\" target=\"_blank\" rel=\"noopener\">Algarve<\/a><\/p><\/div>\n<p>Alte Pfade f\u00fchren uns vorbei an Bauernh\u00f6fen, durch ein kompliziertes Patchwork aus Orangenhainen, Oliven- und Johannisbrotplantagen. Manchmal gehen wir an Fl\u00fcssen entlang; andere Male zwischen Kiefern und Korkeichen. Die meiste Zeit unserer Saison werden wir mit einer endlosen und sich st\u00e4ndig \u00e4ndernden Prozession wundersch\u00f6ner Blumen pr\u00e4sentiert.<\/p>\n<p>Wir werden auch Abendessen in lokalen Restaurants genie\u00dfen, bei denen Sie die wunderbare portugiesische K\u00fcche probieren k\u00f6nnen.<\/p>\n<p>&nbsp;<\/p>\n<div class=\"row\">\n<div class=\"column\" style=\"flex: 45%;\"><\/div>\n<div class=\"column\" style=\"flex: 10%;\"><\/div>\n<div class=\"column\" style=\"flex: 45%;\">\n<p><iframe loading=\"lazy\" title=\"Portugiesische Wanderwege\" width=\"1080\" height=\"608\" src=\"https:\/\/www.youtube.com\/embed\/pPsnchCKXGc?feature=oembed\" frameborder=\"0\" allow=\"accelerometer; autoplay; clipboard-write; encrypted-media; gyroscope; picture-in-picture; web-share\" referrerpolicy=\"strict-origin-when-cross-origin\" allowfullscreen><\/iframe><\/p>\n<\/div>\n<\/div>","protected":false},"excerpt":{"rendered":"<p>The Amazing East Algarve ist eine Wanderung in Tavira mit einer spektakul\u00e4ren Mischung aus Spazierg\u00e4ngen in Naturschutzgebieten und wundersch\u00f6nen Landschaften sowohl im Landesinneren als auch an der K\u00fcste der Ostalgarve.<\/p>\n<p>Unsere Wanderungen f\u00fchren uns zur Insel Tavira im Naturpark, an einem der sch\u00f6nsten Str\u00e4nde der Welt, und zu h\u00fcbschen K\u00fcstend\u00f6rfern wie Santa Luzia, Cabanas und Cacela Velha. Im Landesinneren schl\u00e4ngeln wir uns zwischen H\u00fcgeln und T\u00e4lern zum niedrigen Gipfel des Zimbral mit weiten, lohnenden Aussichten.<\/p>\n<p>Wir werden auch Abendessen in lokalen Restaurants genie\u00dfen, bei denen Sie die wunderbare portugiesische K\u00fcche probieren k\u00f6nnen.<\/p>","protected":false},"featured_media":1712,"comment_status":"closed","ping_status":"closed","template":"","meta":{"_acf_changed":false,"inline_featured_image":false},"product_brand":[],"product_cat":[32,28,29,30,31],"product_tag":[146,147,74,148,149,150,402,151,152,153,84,154,155,130,48,90,91,156,157,158,159,160,394,161,915,98,162,163,164,165,609,60,166,167,168,169,961,170,171,172,173,174,175,68,69,176,177,121,630,178,112,179,600,180,122,145],"class_list":{"0":"post-1737","1":"product","2":"type-product","3":"status-publish","4":"has-post-thumbnail","6":"product_cat-cultural-tours-and-holidays-in-portugal","7":"product_cat-guided-group-tours","8":"product_cat-portugal-guided-historical-holidays","9":"product_cat-guided-sightseeing-holidays-portugal","10":"product_cat-guided-walking-holidays-in-portugal","11":"product_tag-10-best-beaches-in-the-world","12":"product_tag-algarve","13":"product_tag-algarve-gr13","14":"product_tag-algarve-east-cost","15":"product_tag-algarve-flowers","16":"product_tag-algarve-sand-islands","17":"product_tag-amazing-walking","18":"product_tag-cabanas-de-tavira","19":"product_tag-cacela-velha","20":"product_tag-countryside","21":"product_tag-dramatic-beauty-of-the-atlantic-coast","22":"product_tag-east-algarve","23":"product_tag-europe","24":"product_tag-gastronomy","25":"product_tag-guided-tours","26":"product_tag-guided-walking-holidays","27":"product_tag-guided-walking-tours","28":"product_tag-hiking","29":"product_tag-hiking-holidays","30":"product_tag-hiking-routes","31":"product_tag-hiking-trails","32":"product_tag-holidays","33":"product_tag-island-of-tavira","34":"product_tag-local-restaurants","35":"product_tag-medieval-castle-of-tavira","36":"product_tag-natural-reserves","37":"product_tag-nature-walks","38":"product_tag-orange","39":"product_tag-orange-groves","40":"product_tag-perfect-for-hiking","41":"product_tag-perfect-walking-holiday","42":"product_tag-portugal","43":"product_tag-portuguese-charm","44":"product_tag-rambling","45":"product_tag-ria-formosa","46":"product_tag-ria-formosa-natural-park","47":"product_tag-santa-catarina-da-fonte-do-bispo","48":"product_tag-santa-luzia","49":"product_tag-small-group","50":"product_tag-spectacular-hikes","51":"product_tag-sunny-winters","52":"product_tag-tavira","53":"product_tag-tavira-island","54":"product_tag-tours-in-portugal","55":"product_tag-traditional-portuguese","56":"product_tag-typical-fisherman-villages","57":"product_tag-vacations","58":"product_tag-walking","59":"product_tag-walking-and-exploring","60":"product_tag-walking-break","61":"product_tag-walking-holidays","62":"product_tag-walking-in-tavira","63":"product_tag-walking-route","64":"product_tag-walking-tour","65":"product_tag-walking-tours","66":"product_tag-wines","68":"first","69":"instock","70":"virtual","71":"product-type-simple"},"acf":[],"yoast_head":"<!-- This site is optimized with the Yoast SEO Premium plugin v26.8 (Yoast SEO v27.5) - https:\/\/yoast.com\/product\/yoast-seo-premium-wordpress\/ -->\n<title>Group Walking Holidays in Tavira: The amazing East Algarve - Legendary Adventure DMC Portugal<\/title>\n<meta name=\"description\" content=\"Amazing East Algarve is a walking tour based in Tavira, with a spectacular mix of walks in Natural Reserves and beautiful landscapes both in the interior and coastal East Algarve.Our walks take us to Tavira Island in the Natural Park, taking in one of the most beautiful beaches in the world, and to pretty coastal villages such as Santa Luzia, Cabanas, and Cacela Velha. Inland we wind our way between hills and valleys to the low peak of Zimbral, with wide rewarding views.\" \/>\n<meta name=\"robots\" content=\"index, follow, max-snippet:-1, max-image-preview:large, max-video-preview:-1\" \/>\n<link rel=\"canonical\" href=\"https:\/\/legendatours.com\/de\/produkt\/tavira-the-amazing-east-algarve-1300g\/\" \/>\n<meta property=\"og:locale\" content=\"de_DE\" \/>\n<meta property=\"og:type\" content=\"article\" \/>\n<meta property=\"og:title\" content=\"Group Walking Holidays in Tavira: The amazing East Algarve\" \/>\n<meta property=\"og:description\" content=\"The Amazing East Algarve is a walking tour based in Tavira, with a spectacular mix of walks in Natural Reserves and beautiful landscapes both in the interior and coastal East Algarve.Our walks take us to Tavira Island in the Natural Park, taking in one of the most beautiful beaches in the world, and to pretty coastal villages such as Santa Luzia, Cabanas, and Cacela Velha. Inland we wind our way between hills and valleys to the low peak of Zimbral, with wide rewarding views.We\u2019ll also enjoy dinners at local restaurants giving the opportunity to sample the wonderful Portuguese cuisine.\" \/>\n<meta property=\"og:url\" content=\"https:\/\/legendatours.com\/de\/produkt\/tavira-the-amazing-east-algarve-1300g\/\" \/>\n<meta property=\"og:site_name\" content=\"Legendary Adventure DMC Portugal\" \/>\n<meta property=\"article:publisher\" content=\"https:\/\/www.facebook.com\/legendaryadventuredmc\/\" \/>\n<meta property=\"article:modified_time\" content=\"2025-07-25T11:36:38+00:00\" \/>\n<meta property=\"og:image\" content=\"https:\/\/legendatours.com\/wp-content\/uploads\/sites\/12\/2021\/04\/cacela-e1611677419493.jpg\" \/>\n\t<meta property=\"og:image:width\" content=\"1024\" \/>\n\t<meta property=\"og:image:height\" content=\"578\" \/>\n\t<meta property=\"og:image:type\" content=\"image\/jpeg\" \/>\n<meta name=\"twitter:card\" content=\"summary_large_image\" \/>\n<meta name=\"twitter:description\" content=\"The Amazing East Algarve is a walking tour based in Tavira, with a spectacular mix of walks in Natural Reserves and beautiful landscapes both in the interior and coastal East Algarve.Our walks take us to Tavira Island in the Natural Park, taking in one of the most beautiful beaches in the world, and to pretty coastal villages such as Santa Luzia, Cabanas, and Cacela Velha. Inland we wind our way between hills and valleys to the low peak of Zimbral, with wide rewarding views.We\u2019ll also enjoy dinners at local restaurants giving the opportunity to sample the wonderful Portuguese cuisine.\" \/>\n<meta name=\"twitter:image\" content=\"https:\/\/legendatours.com\/wp-content\/uploads\/sites\/12\/2021\/04\/Fishing-boats-Tavira.jpg\" \/>\n<meta name=\"twitter:label1\" content=\"Gesch\u00e4tzte Lesezeit\" \/>\n\t<meta name=\"twitter:data1\" content=\"2\u00a0Minuten\" \/>\n<script type=\"application\/ld+json\" class=\"yoast-schema-graph\">{\"@context\":\"https:\\\/\\\/schema.org\",\"@graph\":[{\"@type\":\"WebPage\",\"@id\":\"https:\\\/\\\/legendatours.com\\\/product\\\/tavira-the-amazing-east-algarve-1300g\\\/\",\"url\":\"https:\\\/\\\/legendatours.com\\\/product\\\/tavira-the-amazing-east-algarve-1300g\\\/\",\"name\":\"Group Walking Holidays in Tavira: The amazing East Algarve - Legendary Adventure DMC Portugal\",\"isPartOf\":{\"@id\":\"https:\\\/\\\/legendatours.com\\\/#website\"},\"primaryImageOfPage\":{\"@id\":\"https:\\\/\\\/legendatours.com\\\/product\\\/tavira-the-amazing-east-algarve-1300g\\\/#primaryimage\"},\"image\":{\"@id\":\"https:\\\/\\\/legendatours.com\\\/product\\\/tavira-the-amazing-east-algarve-1300g\\\/#primaryimage\"},\"thumbnailUrl\":\"https:\\\/\\\/legendatours.com\\\/wp-content\\\/uploads\\\/sites\\\/12\\\/2021\\\/04\\\/cacela-e1611677419493.jpg\",\"datePublished\":\"2020-09-14T09:14:07+00:00\",\"dateModified\":\"2025-07-25T11:36:38+00:00\",\"description\":\"Amazing East Algarve is a walking tour based in Tavira, with a spectacular mix of walks in Natural Reserves and beautiful landscapes both in the interior and coastal East Algarve.Our walks take us to Tavira Island in the Natural Park, taking in one of the most beautiful beaches in the world, and to pretty coastal villages such as Santa Luzia, Cabanas, and Cacela Velha. Inland we wind our way between hills and valleys to the low peak of Zimbral, with wide rewarding views.\",\"breadcrumb\":{\"@id\":\"https:\\\/\\\/legendatours.com\\\/product\\\/tavira-the-amazing-east-algarve-1300g\\\/#breadcrumb\"},\"inLanguage\":\"de\",\"potentialAction\":[{\"@type\":\"ReadAction\",\"target\":[\"https:\\\/\\\/legendatours.com\\\/product\\\/tavira-the-amazing-east-algarve-1300g\\\/\"]}]},{\"@type\":\"ImageObject\",\"inLanguage\":\"de\",\"@id\":\"https:\\\/\\\/legendatours.com\\\/product\\\/tavira-the-amazing-east-algarve-1300g\\\/#primaryimage\",\"url\":\"https:\\\/\\\/legendatours.com\\\/wp-content\\\/uploads\\\/sites\\\/12\\\/2021\\\/04\\\/cacela-e1611677419493.jpg\",\"contentUrl\":\"https:\\\/\\\/legendatours.com\\\/wp-content\\\/uploads\\\/sites\\\/12\\\/2021\\\/04\\\/cacela-e1611677419493.jpg\",\"width\":1024,\"height\":578,\"caption\":\"The Fort of Cacela Velha\"},{\"@type\":\"BreadcrumbList\",\"@id\":\"https:\\\/\\\/legendatours.com\\\/product\\\/tavira-the-amazing-east-algarve-1300g\\\/#breadcrumb\",\"itemListElement\":[{\"@type\":\"ListItem\",\"position\":1,\"name\":\"Home\",\"item\":\"https:\\\/\\\/legendatours.com\\\/\"},{\"@type\":\"ListItem\",\"position\":2,\"name\":\"Shop\",\"item\":\"https:\\\/\\\/legendatours.com\\\/sv\\\/?page_id=4\"},{\"@type\":\"ListItem\",\"position\":3,\"name\":\"Group Walking Holidays in Tavira: The amazing East Algarve\"}]},{\"@type\":\"WebSite\",\"@id\":\"https:\\\/\\\/legendatours.com\\\/#website\",\"url\":\"https:\\\/\\\/legendatours.com\\\/\",\"name\":\"Legendary Adventure DMC Portugal\",\"description\":\"Responsible Walking &amp; Nature Holidays in Portugal\",\"publisher\":{\"@id\":\"https:\\\/\\\/legendatours.com\\\/#organization\"},\"alternateName\":\"Legendary Adventure Portugal\",\"potentialAction\":[{\"@type\":\"SearchAction\",\"target\":{\"@type\":\"EntryPoint\",\"urlTemplate\":\"https:\\\/\\\/legendatours.com\\\/?s={search_term_string}\"},\"query-input\":{\"@type\":\"PropertyValueSpecification\",\"valueRequired\":true,\"valueName\":\"search_term_string\"}}],\"inLanguage\":\"de\"},{\"@type\":\"Organization\",\"@id\":\"https:\\\/\\\/legendatours.com\\\/#organization\",\"name\":\"legendatours.com\",\"url\":\"https:\\\/\\\/legendatours.com\\\/\",\"logo\":{\"@type\":\"ImageObject\",\"inLanguage\":\"de\",\"@id\":\"https:\\\/\\\/legendatours.com\\\/#\\\/schema\\\/logo\\\/image\\\/\",\"url\":\"https:\\\/\\\/legendatours.com\\\/wp-content\\\/uploads\\\/sites\\\/12\\\/2021\\\/06\\\/legendary_adventure_dmc.png\",\"contentUrl\":\"https:\\\/\\\/legendatours.com\\\/wp-content\\\/uploads\\\/sites\\\/12\\\/2021\\\/06\\\/legendary_adventure_dmc.png\",\"width\":250,\"height\":74,\"caption\":\"legendatours.com\"},\"image\":{\"@id\":\"https:\\\/\\\/legendatours.com\\\/#\\\/schema\\\/logo\\\/image\\\/\"},\"sameAs\":[\"https:\\\/\\\/www.facebook.com\\\/legendaryadventuredmc\\\/\",\"https:\\\/\\\/www.linkedin.com\\\/company\\\/legendary-adventure-dmc-portugal\",\"https:\\\/\\\/www.youtube.com\\\/channel\\\/UCOIRDx_KM6ynIcacQkZjb6g\"]}]}<\/script>\n<!-- \/ Yoast SEO Premium plugin. -->","yoast_head_json":{"title":"Gruppenwanderungen in Tavira: Die erstaunliche Ostalgarve - Legendary Adventure DMC Portugal","description":"\u201eAmazing East Algarve\u201c ist eine Wanderreise ab Tavira, die eine spektakul\u00e4re Mischung aus Wanderungen in Naturschutzgebieten und durch wundersch\u00f6ne Landschaften im Landesinneren und an der K\u00fcste der Ostalgarve bietet. Unsere Wanderungen f\u00fchren uns zur Insel Tavira im Naturpark, wo wir einen der sch\u00f6nsten Str\u00e4nde der Welt entdecken, und zu malerischen K\u00fcstenorten wie Santa Luzia, Cabanas und Cacela Velha. Im Landesinneren schl\u00e4ngeln wir uns durch H\u00fcgel und T\u00e4ler zum niedrigen Gipfel des Zimbral und genie\u00dfen dabei weite, lohnende Ausblicke.","robots":{"index":"index","follow":"follow","max-snippet":"max-snippet:-1","max-image-preview":"max-image-preview:large","max-video-preview":"max-video-preview:-1"},"canonical":"https:\/\/legendatours.com\/de\/produkt\/tavira-the-amazing-east-algarve-1300g\/","og_locale":"de_DE","og_type":"article","og_title":"Group Walking Holidays in Tavira: The amazing East Algarve","og_description":"The Amazing East Algarve is a walking tour based in Tavira, with a spectacular mix of walks in Natural Reserves and beautiful landscapes both in the interior and coastal East Algarve.Our walks take us to Tavira Island in the Natural Park, taking in one of the most beautiful beaches in the world, and to pretty coastal villages such as Santa Luzia, Cabanas, and Cacela Velha. Inland we wind our way between hills and valleys to the low peak of Zimbral, with wide rewarding views.We\u2019ll also enjoy dinners at local restaurants giving the opportunity to sample the wonderful Portuguese cuisine.","og_url":"https:\/\/legendatours.com\/de\/produkt\/tavira-the-amazing-east-algarve-1300g\/","og_site_name":"Legendary Adventure DMC Portugal","article_publisher":"https:\/\/www.facebook.com\/legendaryadventuredmc\/","article_modified_time":"2025-07-25T11:36:38+00:00","og_image":[{"width":1024,"height":578,"url":"https:\/\/legendatours.com\/wp-content\/uploads\/sites\/12\/2021\/04\/cacela-e1611677419493.jpg","type":"image\/jpeg"}],"twitter_card":"summary_large_image","twitter_description":"The Amazing East Algarve is a walking tour based in Tavira, with a spectacular mix of walks in Natural Reserves and beautiful landscapes both in the interior and coastal East Algarve.Our walks take us to Tavira Island in the Natural Park, taking in one of the most beautiful beaches in the world, and to pretty coastal villages such as Santa Luzia, Cabanas, and Cacela Velha. Inland we wind our way between hills and valleys to the low peak of Zimbral, with wide rewarding views.We\u2019ll also enjoy dinners at local restaurants giving the opportunity to sample the wonderful Portuguese cuisine.","twitter_image":"https:\/\/legendatours.com\/wp-content\/uploads\/sites\/12\/2021\/04\/Fishing-boats-Tavira.jpg","twitter_misc":{"Gesch\u00e4tzte Lesezeit":"2\u00a0Minuten"},"schema":{"@context":"https:\/\/schema.org","@graph":[{"@type":"WebPage","@id":"https:\/\/legendatours.com\/product\/tavira-the-amazing-east-algarve-1300g\/","url":"https:\/\/legendatours.com\/product\/tavira-the-amazing-east-algarve-1300g\/","name":"Gruppenwanderungen in Tavira: Die erstaunliche Ostalgarve - Legendary Adventure DMC Portugal","isPartOf":{"@id":"https:\/\/legendatours.com\/#website"},"primaryImageOfPage":{"@id":"https:\/\/legendatours.com\/product\/tavira-the-amazing-east-algarve-1300g\/#primaryimage"},"image":{"@id":"https:\/\/legendatours.com\/product\/tavira-the-amazing-east-algarve-1300g\/#primaryimage"},"thumbnailUrl":"https:\/\/legendatours.com\/wp-content\/uploads\/sites\/12\/2021\/04\/cacela-e1611677419493.jpg","datePublished":"2020-09-14T09:14:07+00:00","dateModified":"2025-07-25T11:36:38+00:00","description":"\u201eAmazing East Algarve\u201c ist eine Wanderreise ab Tavira, die eine spektakul\u00e4re Mischung aus Wanderungen in Naturschutzgebieten und durch wundersch\u00f6ne Landschaften im Landesinneren und an der K\u00fcste der Ostalgarve bietet. Unsere Wanderungen f\u00fchren uns zur Insel Tavira im Naturpark, wo wir einen der sch\u00f6nsten Str\u00e4nde der Welt entdecken, und zu malerischen K\u00fcstenorten wie Santa Luzia, Cabanas und Cacela Velha. Im Landesinneren schl\u00e4ngeln wir uns durch H\u00fcgel und T\u00e4ler zum niedrigen Gipfel des Zimbral und genie\u00dfen dabei weite, lohnende Ausblicke.","breadcrumb":{"@id":"https:\/\/legendatours.com\/product\/tavira-the-amazing-east-algarve-1300g\/#breadcrumb"},"inLanguage":"de","potentialAction":[{"@type":"ReadAction","target":["https:\/\/legendatours.com\/product\/tavira-the-amazing-east-algarve-1300g\/"]}]},{"@type":"ImageObject","inLanguage":"de","@id":"https:\/\/legendatours.com\/product\/tavira-the-amazing-east-algarve-1300g\/#primaryimage","url":"https:\/\/legendatours.com\/wp-content\/uploads\/sites\/12\/2021\/04\/cacela-e1611677419493.jpg","contentUrl":"https:\/\/legendatours.com\/wp-content\/uploads\/sites\/12\/2021\/04\/cacela-e1611677419493.jpg","width":1024,"height":578,"caption":"The Fort of Cacela Velha"},{"@type":"BreadcrumbList","@id":"https:\/\/legendatours.com\/product\/tavira-the-amazing-east-algarve-1300g\/#breadcrumb","itemListElement":[{"@type":"ListItem","position":1,"name":"Home","item":"https:\/\/legendatours.com\/"},{"@type":"ListItem","position":2,"name":"Shop","item":"https:\/\/legendatours.com\/sv\/?page_id=4"},{"@type":"ListItem","position":3,"name":"Group Walking Holidays in Tavira: The amazing East Algarve"}]},{"@type":"WebSite","@id":"https:\/\/legendatours.com\/#website","url":"https:\/\/legendatours.com\/","name":"Legend\u00e4res Abenteuer DMC Portugal","description":"Verantwortungsvolles Wandern und Natururlaub in Portugal","publisher":{"@id":"https:\/\/legendatours.com\/#organization"},"alternateName":"Legendary Adventure Portugal","potentialAction":[{"@type":"SearchAction","target":{"@type":"EntryPoint","urlTemplate":"https:\/\/legendatours.com\/?s={search_term_string}"},"query-input":{"@type":"PropertyValueSpecification","valueRequired":true,"valueName":"search_term_string"}}],"inLanguage":"de"},{"@type":"Organization","@id":"https:\/\/legendatours.com\/#organization","name":"legendatours.com","url":"https:\/\/legendatours.com\/","logo":{"@type":"ImageObject","inLanguage":"de","@id":"https:\/\/legendatours.com\/#\/schema\/logo\/image\/","url":"https:\/\/legendatours.com\/wp-content\/uploads\/sites\/12\/2021\/06\/legendary_adventure_dmc.png","contentUrl":"https:\/\/legendatours.com\/wp-content\/uploads\/sites\/12\/2021\/06\/legendary_adventure_dmc.png","width":250,"height":74,"caption":"legendatours.com"},"image":{"@id":"https:\/\/legendatours.com\/#\/schema\/logo\/image\/"},"sameAs":["https:\/\/www.facebook.com\/legendaryadventuredmc\/","https:\/\/www.linkedin.com\/company\/legendary-adventure-dmc-portugal","https:\/\/www.youtube.com\/channel\/UCOIRDx_KM6ynIcacQkZjb6g"]}]}},"_links":{"self":[{"href":"https:\/\/legendatours.com\/de\/wp-json\/wp\/v2\/product\/1737","targetHints":{"allow":["GET"]}}],"collection":[{"href":"https:\/\/legendatours.com\/de\/wp-json\/wp\/v2\/product"}],"about":[{"href":"https:\/\/legendatours.com\/de\/wp-json\/wp\/v2\/types\/product"}],"replies":[{"embeddable":true,"href":"https:\/\/legendatours.com\/de\/wp-json\/wp\/v2\/comments?post=1737"}],"wp:featuredmedia":[{"embeddable":true,"href":"https:\/\/legendatours.com\/de\/wp-json\/wp\/v2\/media\/1712"}],"wp:attachment":[{"href":"https:\/\/legendatours.com\/de\/wp-json\/wp\/v2\/media?parent=1737"}],"wp:term":[{"taxonomy":"product_brand","embeddable":true,"href":"https:\/\/legendatours.com\/de\/wp-json\/wp\/v2\/product_brand?post=1737"},{"taxonomy":"product_cat","embeddable":true,"href":"https:\/\/legendatours.com\/de\/wp-json\/wp\/v2\/product_cat?post=1737"},{"taxonomy":"product_tag","embeddable":true,"href":"https:\/\/legendatours.com\/de\/wp-json\/wp\/v2\/product_tag?post=1737"}],"curies":[{"name":"wp","href":"https:\/\/api.w.org\/{rel}","templated":true}]}}