{"id":1761,"date":"2020-08-12T14:44:46","date_gmt":"2020-08-12T14:44:46","guid":{"rendered":"https:\/\/legendatours.com\/product\/the-best-of-portugal-walking-holiday-in-the-soul-of-inland-portugal\/"},"modified":"2021-09-17T12:29:11","modified_gmt":"2021-09-17T12:29:11","slug":"the-soul-of-inland-portugal-10900g","status":"publish","type":"product","link":"https:\/\/legendatours.com\/de\/produkt\/the-soul-of-inland-portugal-10900g\/","title":{"rendered":"Das Beste von Portugal \u2013 Wanderurlaub in der Seele des portugiesischen Hinterlandes"},"content":{"rendered":"<p><strong>Gruppen ab 6 Personen akzeptiert.<\/strong><\/p>\n<p>&nbsp;<\/p>\n<p>Diese fantasievoll gestaltete Tour ist ein lebendiger Reisebericht durch das Beste von Portugal.<\/p>\n<p>Wir reisen durch die Kulturgeschichte dieses faszinierenden Landes von der Hauptstadt der Algarve \u00fcber alte D\u00f6rfer und hohe Berge im Landesinneren bis in den hohen Norden, wo Portugal geboren wurde.<\/p>\n<p>Unterwegs besuchen wir ber\u00fchmte St\u00e4dte und Denkm\u00e4ler sowie Weltkulturerbest\u00e4tten, genie\u00dfen die fantastische Landschaft und genie\u00dfen gro\u00dfartiges Essen und Wein.<\/p>\n<p>Unser Multi-Center-Urlaub gibt Ihnen die M\u00f6glichkeit, viele der UNESCO-Welterbest\u00e4tten Portugals zu besuchen und seine enorme kulturelle Vielfalt zu erkunden, w\u00e4hrend Sie sich in einer gut geplanten Reiseroute entspannen, die eine Vielzahl von Sehensw\u00fcrdigkeiten abdeckt.<\/p>\n<div id=\"attachment_2706\" style=\"width: 1034px\" class=\"wp-caption alignnone\"><img loading=\"lazy\" decoding=\"async\" aria-describedby=\"caption-attachment-2706\" class=\"wp-image-2706 size-large\" title=\"\u00c9vora ist eines der besten Reiseziele in Zentralportugal\" src=\"https:\/\/legendatours.net\/wp-content\/uploads\/2020\/07\/evora-1024x576.jpg\" alt=\"\u00c9vora is one of the best tourist destinations of central Portugal\" width=\"1024\" height=\"576\" \/><p id=\"caption-attachment-2706\" class=\"wp-caption-text\">\u00c9vora ist eines der besten Reiseziele in Zentralportugal<\/p><\/div>\n<p>Auf kurze Distanz erleben Sie eine au\u00dfergew\u00f6hnliche Vielfalt unterschiedlicher Landschaften, viele interessante Sehensw\u00fcrdigkeiten und ein einzigartiges Kulturerbe, wo Tradition und Moderne in perfekter Harmonie miteinander verschmelzen. Ganz zu schweigen von einer hervorragenden K\u00fcche, erlesenen Weinen und gastfreundlichen Menschen, die diese Tour zum besten Urlaub machen, den Sie je hatten.<\/p>\n<p>Kelten, R\u00f6mer, Westgoten, Mauren und Christen haben in Portugal ihre Spuren hinterlassen. Auf dieser Tour k\u00f6nnen Sie den Sonnenuntergang \u00fcber den geheimnisvollen Megalithen au\u00dferhalb von \u00c9vora beobachten oder sich in den kunstvollen Korridoren der Tempelritterdenkm\u00e4ler verlieren, die heute zum UNESCO-Weltkulturerbe geh\u00f6ren.<\/p>\n<p>Unsere Tour beginnt in Faro und wir reisen durch die versteckte und weniger bekannte Algarve zu den gro\u00dfen Ebenen des Alentejo, Heimat gro\u00dfartiger Gastronomie und erstklassiger Weine.<\/p>\n<p>Wir bleiben drin<a href=\"..\/..\/product-tag\/evora\/\"> vora<\/a>, eine entz\u00fcckende Stadt, die portugiesischen Charme verspr\u00fcht und \u00fcber eine Vielzahl faszinierender historischer Denkm\u00e4ler verf\u00fcgt.<\/p>\n<p>Portalegre, unser n\u00e4chstes Zentrum, wird das Tor zu unserem Besuch sein <a href=\"..\/..\/?s=Marv\u00e3o\">Marv\u00e3o<\/a> und <a href=\"..\/..\/?s=Castelo+de+Vide\">Castelo de Vide<\/a> wo wir auf den Zinnen alter Burgen stehen und nach Spanien blicken.<\/p>\n<p>Auf unserer Reise nach Norden bereichern Besuche in Castelo Branco, Belmonte und Lamego unsere Reise mit ihrem tiefen kulturellen Erbe.<\/p>\n<div id=\"attachment_2536\" style=\"width: 1034px\" class=\"wp-caption alignnone\"><img loading=\"lazy\" decoding=\"async\" aria-describedby=\"caption-attachment-2536\" class=\"wp-image-2536 size-large\" title=\"Rio Douro im Herzen der abgegrenzten Portweinregion.\" src=\"https:\/\/legendatours.net\/wp-content\/uploads\/2020\/06\/River_douro-1024x640.jpg\" alt=\"Rio Douro at the heart of the demarcated port-wine region.\" width=\"1024\" height=\"640\" \/><p id=\"caption-attachment-2536\" class=\"wp-caption-text\">Rio Douro liegt im Herzen der abgegrenzten Portweinregion.<\/p><\/div>\n<p>Dann er\u00f6ffnet sich uns auf dramatische Weise das Gro\u00dfartige <a href=\"..\/..\/?s=Douro+Valley\" target=\"_blank\" rel=\"noopener noreferrer\">Douro-Tal<\/a> Ber\u00fchmt f\u00fcr den Portwein, wo terrassenf\u00f6rmig angelegte Weinberge hoch \u00fcber dem Fluss der Schwerkraft zu trotzen scheinen.<\/p>\n<p>Das Douro-Tal ist unser Tor zum Norden, wo Portugal geboren wurde.<\/p>\n<p>Wir besuchen Vila Real und <a href=\"..\/..\/?s=Guimar\u00e3es\" target=\"_blank\" rel=\"noopener noreferrer\">Guimar\u00e3es<\/a>, wo Portugal vor Jahrhunderten zum unabh\u00e4ngigen K\u00f6nigreich und zur Heimat des ersten K\u00f6nigs erkl\u00e4rt wurde.<\/p>\n<p>Anschlie\u00dfend reisen wir durch ein Flickenteppich aus Feldern und Vinho Verde-Weinbergen nach <a href=\"..\/..\/?s=Viana+do+Castelo\" target=\"_blank\" rel=\"noopener noreferrer\">Viana do Castelo<\/a>, die Perle des Nordens.<\/p>\n<p>Unsere erste Woche endet in Porto, der unbesiegbaren Stadt. Hier k\u00f6nnen wir uns entspannen und diese ikonische Stadt des Nordens genie\u00dfen.<\/p>\n<p>All dies und noch viel mehr erwartet Sie auf dieser wunderbaren, ausf\u00fchrlichen Portugal-Tour!<\/p>\n<p>&nbsp;<\/p>\n<p>&nbsp;<\/p>\n<div class=\"row\" style=\"display: flex;\">\n<div class=\"column\" style=\"flex: 45%;\">\n<p><iframe loading=\"lazy\" title=\"Alentejo wie nie zuvor gesehen\" width=\"1080\" height=\"608\" src=\"https:\/\/www.youtube.com\/embed\/sK3NutFlvQ4?feature=oembed\" frameborder=\"0\" allow=\"accelerometer; autoplay; clipboard-write; encrypted-media; gyroscope; picture-in-picture\" allowfullscreen><\/iframe><\/p>\n<\/div>\n<div class=\"column\" style=\"flex: 10%;\"><\/div>\n<div class=\"column\" style=\"flex: 45%;\">\n<p><iframe loading=\"lazy\" title=\"In der Stimmung f\u00fcr Alentejo: Teil 1 | Untersch\u00e4tzte Region in Portugal | Evora &amp; Monsaraz\" width=\"1080\" height=\"608\" src=\"https:\/\/www.youtube.com\/embed\/iQIGN4dTSrs?feature=oembed\" frameborder=\"0\" allow=\"accelerometer; autoplay; clipboard-write; encrypted-media; gyroscope; picture-in-picture\" allowfullscreen><\/iframe><\/p>\n<\/div>\n<\/div>","protected":false},"excerpt":{"rendered":"<p>Diese fantasievoll gestaltete Tour ist ein lebendiger Reisebericht durch das Beste von Portugal.<\/p>\n<p>Wir reisen durch die Kulturgeschichte dieses faszinierenden Landes von der Hauptstadt der Algarve \u00fcber alte D\u00f6rfer und hohe Berge im Landesinneren bis in den hohen Norden, wo Portugal geboren wurde.<\/p>\n<p>Unterwegs besuchen wir ber\u00fchmte St\u00e4dte und Denkm\u00e4ler sowie Weltkulturerbest\u00e4tten, genie\u00dfen die fantastische Landschaft und genie\u00dfen gro\u00dfartiges Essen und Wein.<\/p>","protected":false},"featured_media":1751,"comment_status":"closed","ping_status":"closed","template":"","meta":{"_acf_changed":false,"inline_featured_image":false},"product_brand":[],"product_cat":[32,28,29,30],"product_tag":[210,211,73,147,212,213,36,214,38,39,350,215,216,268,89,47,48,90,117,217,50,192,218,195,219,406,94,95,220,199,201,221,222,223,224,100,162,56,106,225,57,59,226,227,408,228,229,66,208,70,71,230,231,232,233],"class_list":{"0":"post-1761","1":"product","2":"type-product","3":"status-publish","4":"has-post-thumbnail","6":"product_cat-cultural-tours-and-holidays-in-portugal","7":"product_cat-guided-group-tours","8":"product_cat-portugal-guided-historical-holidays","9":"product_cat-guided-sightseeing-holidays-portugal","10":"product_tag-alentejo","11":"product_tag-alentejo-landscape","12":"product_tag-alentejo-walking","13":"product_tag-algarve","14":"product_tag-ancient-buildings","15":"product_tag-castelo-de-vide","16":"product_tag-cultural-heritage","17":"product_tag-culture","18":"product_tag-douro","19":"product_tag-douro-river","20":"product_tag-douro-riverbanks","21":"product_tag-evora","22":"product_tag-evora-walking","23":"product_tag-faro","24":"product_tag-guided-group-tour","25":"product_tag-guided-holidays","26":"product_tag-guided-tours","27":"product_tag-guided-walking-holidays","28":"product_tag-guimaraes","29":"product_tag-heritage","30":"product_tag-historic","31":"product_tag-historic-buildings","32":"product_tag-history","33":"product_tag-history-and-heritage","34":"product_tag-inland-alentejo","35":"product_tag-lamego","36":"product_tag-landscape","37":"product_tag-magnificent-landscape","38":"product_tag-marvao","39":"product_tag-medieval-castle","40":"product_tag-medieval-streets","41":"product_tag-minho-region-portugal","42":"product_tag-monsaraz","43":"product_tag-monuments","44":"product_tag-nature","45":"product_tag-nature-holidays","46":"product_tag-nature-walks","47":"product_tag-oporto","48":"product_tag-picturesque-landscapes","49":"product_tag-portalegre-walking","50":"product_tag-porto","51":"product_tag-porto-world-heritage","52":"product_tag-portos-old-town","53":"product_tag-private-groups","54":"product_tag-regua","55":"product_tag-sightseeing","56":"product_tag-sightseeing-porto","57":"product_tag-sightseeing-tour","58":"product_tag-traditional-villages","59":"product_tag-traditions","60":"product_tag-unesco-world-heritage-site","61":"product_tag-viana-do-castelo","62":"product_tag-vinho-verde","63":"product_tag-wild-flowers-alentejo","64":"product_tag-world-heritage","66":"first","67":"instock","68":"virtual","69":"product-type-simple"},"acf":[],"yoast_head":"<!-- This site is optimized with the Yoast SEO Premium plugin v26.8 (Yoast SEO v27.4) - https:\/\/yoast.com\/product\/yoast-seo-premium-wordpress\/ -->\n<title>The Best of Portugal - Walking Holiday in The Soul of Inland Portugal - Legendary Adventure DMC Portugal<\/title>\n<meta name=\"robots\" content=\"index, follow, max-snippet:-1, max-image-preview:large, max-video-preview:-1\" \/>\n<link rel=\"canonical\" href=\"https:\/\/legendatours.com\/de\/produkt\/the-soul-of-inland-portugal-10900g\/\" \/>\n<meta property=\"og:locale\" content=\"de_DE\" \/>\n<meta property=\"og:type\" content=\"article\" \/>\n<meta property=\"og:title\" content=\"The Best of Portugal - Walking Holiday in The Soul of Inland Portugal\" \/>\n<meta property=\"og:description\" content=\"This imaginatively designed tour is a living travelogue through the best of Portugal.  We journey through the cultural history of this fascinating country from the capital of the Algarve, through ancient villages and high mountains of the interior to the far north where Portugal was born.  On the way, we\u2019ll visit iconic cities and monuments, World Heritage sites, appreciate the fantastic scenery, and enjoy great food and wine.\" \/>\n<meta property=\"og:url\" content=\"https:\/\/legendatours.com\/de\/produkt\/the-soul-of-inland-portugal-10900g\/\" \/>\n<meta property=\"og:site_name\" content=\"Legendary Adventure DMC Portugal\" \/>\n<meta property=\"article:publisher\" content=\"https:\/\/www.facebook.com\/legendaryadventuredmc\/\" \/>\n<meta property=\"article:modified_time\" content=\"2021-09-17T12:29:11+00:00\" \/>\n<meta property=\"og:image\" content=\"https:\/\/legendatours.com\/wp-content\/uploads\/sites\/12\/2021\/04\/Guimaraes-birth-of-Portugal-e1611668814346.jpg\" \/>\n\t<meta property=\"og:image:width\" content=\"1024\" \/>\n\t<meta property=\"og:image:height\" content=\"763\" \/>\n\t<meta property=\"og:image:type\" content=\"image\/jpeg\" \/>\n<meta name=\"twitter:card\" content=\"summary_large_image\" \/>\n<meta name=\"twitter:label1\" content=\"Gesch\u00e4tzte Lesezeit\" \/>\n\t<meta name=\"twitter:data1\" content=\"2\u00a0Minuten\" \/>\n<script type=\"application\/ld+json\" class=\"yoast-schema-graph\">{\"@context\":\"https:\\\/\\\/schema.org\",\"@graph\":[{\"@type\":\"WebPage\",\"@id\":\"https:\\\/\\\/legendatours.com\\\/product\\\/the-soul-of-inland-portugal-10900g\\\/\",\"url\":\"https:\\\/\\\/legendatours.com\\\/product\\\/the-soul-of-inland-portugal-10900g\\\/\",\"name\":\"The Best of Portugal - Walking Holiday in The Soul of Inland Portugal - Legendary Adventure DMC Portugal\",\"isPartOf\":{\"@id\":\"https:\\\/\\\/legendatours.com\\\/#website\"},\"primaryImageOfPage\":{\"@id\":\"https:\\\/\\\/legendatours.com\\\/product\\\/the-soul-of-inland-portugal-10900g\\\/#primaryimage\"},\"image\":{\"@id\":\"https:\\\/\\\/legendatours.com\\\/product\\\/the-soul-of-inland-portugal-10900g\\\/#primaryimage\"},\"thumbnailUrl\":\"https:\\\/\\\/legendatours.com\\\/wp-content\\\/uploads\\\/sites\\\/12\\\/2021\\\/04\\\/Guimaraes-birth-of-Portugal-e1611668814346.jpg\",\"datePublished\":\"2020-08-12T14:44:46+00:00\",\"dateModified\":\"2021-09-17T12:29:11+00:00\",\"breadcrumb\":{\"@id\":\"https:\\\/\\\/legendatours.com\\\/product\\\/the-soul-of-inland-portugal-10900g\\\/#breadcrumb\"},\"inLanguage\":\"de\",\"potentialAction\":[{\"@type\":\"ReadAction\",\"target\":[\"https:\\\/\\\/legendatours.com\\\/product\\\/the-soul-of-inland-portugal-10900g\\\/\"]}]},{\"@type\":\"ImageObject\",\"inLanguage\":\"de\",\"@id\":\"https:\\\/\\\/legendatours.com\\\/product\\\/the-soul-of-inland-portugal-10900g\\\/#primaryimage\",\"url\":\"https:\\\/\\\/legendatours.com\\\/wp-content\\\/uploads\\\/sites\\\/12\\\/2021\\\/04\\\/Guimaraes-birth-of-Portugal-e1611668814346.jpg\",\"contentUrl\":\"https:\\\/\\\/legendatours.com\\\/wp-content\\\/uploads\\\/sites\\\/12\\\/2021\\\/04\\\/Guimaraes-birth-of-Portugal-e1611668814346.jpg\",\"width\":1024,\"height\":763,\"caption\":\"The magnificient castle of the craddle of Portugal, Guimar\u00e3es\"},{\"@type\":\"BreadcrumbList\",\"@id\":\"https:\\\/\\\/legendatours.com\\\/product\\\/the-soul-of-inland-portugal-10900g\\\/#breadcrumb\",\"itemListElement\":[{\"@type\":\"ListItem\",\"position\":1,\"name\":\"Home\",\"item\":\"https:\\\/\\\/legendatours.com\\\/\"},{\"@type\":\"ListItem\",\"position\":2,\"name\":\"Shop\",\"item\":\"https:\\\/\\\/legendatours.com\\\/sv\\\/?page_id=4\"},{\"@type\":\"ListItem\",\"position\":3,\"name\":\"The Best of Portugal &#8211; Walking Holiday in The Soul of Inland Portugal\"}]},{\"@type\":\"WebSite\",\"@id\":\"https:\\\/\\\/legendatours.com\\\/#website\",\"url\":\"https:\\\/\\\/legendatours.com\\\/\",\"name\":\"Legendary Adventure DMC Portugal\",\"description\":\"Responsible Walking &amp; Nature Holidays in Portugal\",\"publisher\":{\"@id\":\"https:\\\/\\\/legendatours.com\\\/#organization\"},\"alternateName\":\"Legendary Adventure Portugal\",\"potentialAction\":[{\"@type\":\"SearchAction\",\"target\":{\"@type\":\"EntryPoint\",\"urlTemplate\":\"https:\\\/\\\/legendatours.com\\\/?s={search_term_string}\"},\"query-input\":{\"@type\":\"PropertyValueSpecification\",\"valueRequired\":true,\"valueName\":\"search_term_string\"}}],\"inLanguage\":\"de\"},{\"@type\":\"Organization\",\"@id\":\"https:\\\/\\\/legendatours.com\\\/#organization\",\"name\":\"legendatours.com\",\"url\":\"https:\\\/\\\/legendatours.com\\\/\",\"logo\":{\"@type\":\"ImageObject\",\"inLanguage\":\"de\",\"@id\":\"https:\\\/\\\/legendatours.com\\\/#\\\/schema\\\/logo\\\/image\\\/\",\"url\":\"https:\\\/\\\/legendatours.com\\\/wp-content\\\/uploads\\\/sites\\\/12\\\/2021\\\/06\\\/legendary_adventure_dmc.png\",\"contentUrl\":\"https:\\\/\\\/legendatours.com\\\/wp-content\\\/uploads\\\/sites\\\/12\\\/2021\\\/06\\\/legendary_adventure_dmc.png\",\"width\":250,\"height\":74,\"caption\":\"legendatours.com\"},\"image\":{\"@id\":\"https:\\\/\\\/legendatours.com\\\/#\\\/schema\\\/logo\\\/image\\\/\"},\"sameAs\":[\"https:\\\/\\\/www.facebook.com\\\/legendaryadventuredmc\\\/\",\"https:\\\/\\\/www.linkedin.com\\\/company\\\/legendary-adventure-dmc-portugal\",\"https:\\\/\\\/www.youtube.com\\\/channel\\\/UCOIRDx_KM6ynIcacQkZjb6g\"]}]}<\/script>\n<!-- \/ Yoast SEO Premium plugin. -->","yoast_head_json":{"title":"Das Beste von Portugal \u2013 Wanderurlaub im Herzen des portugiesischen Landesinneren \u2013 Legendary Adventure DMC Portugal","robots":{"index":"index","follow":"follow","max-snippet":"max-snippet:-1","max-image-preview":"max-image-preview:large","max-video-preview":"max-video-preview:-1"},"canonical":"https:\/\/legendatours.com\/de\/produkt\/the-soul-of-inland-portugal-10900g\/","og_locale":"de_DE","og_type":"article","og_title":"The Best of Portugal - Walking Holiday in The Soul of Inland Portugal","og_description":"This imaginatively designed tour is a living travelogue through the best of Portugal.  We journey through the cultural history of this fascinating country from the capital of the Algarve, through ancient villages and high mountains of the interior to the far north where Portugal was born.  On the way, we\u2019ll visit iconic cities and monuments, World Heritage sites, appreciate the fantastic scenery, and enjoy great food and wine.","og_url":"https:\/\/legendatours.com\/de\/produkt\/the-soul-of-inland-portugal-10900g\/","og_site_name":"Legendary Adventure DMC Portugal","article_publisher":"https:\/\/www.facebook.com\/legendaryadventuredmc\/","article_modified_time":"2021-09-17T12:29:11+00:00","og_image":[{"width":1024,"height":763,"url":"https:\/\/legendatours.com\/wp-content\/uploads\/sites\/12\/2021\/04\/Guimaraes-birth-of-Portugal-e1611668814346.jpg","type":"image\/jpeg"}],"twitter_card":"summary_large_image","twitter_misc":{"Gesch\u00e4tzte Lesezeit":"2\u00a0Minuten"},"schema":{"@context":"https:\/\/schema.org","@graph":[{"@type":"WebPage","@id":"https:\/\/legendatours.com\/product\/the-soul-of-inland-portugal-10900g\/","url":"https:\/\/legendatours.com\/product\/the-soul-of-inland-portugal-10900g\/","name":"Das Beste von Portugal \u2013 Wanderurlaub im Herzen des portugiesischen Landesinneren \u2013 Legendary Adventure DMC Portugal","isPartOf":{"@id":"https:\/\/legendatours.com\/#website"},"primaryImageOfPage":{"@id":"https:\/\/legendatours.com\/product\/the-soul-of-inland-portugal-10900g\/#primaryimage"},"image":{"@id":"https:\/\/legendatours.com\/product\/the-soul-of-inland-portugal-10900g\/#primaryimage"},"thumbnailUrl":"https:\/\/legendatours.com\/wp-content\/uploads\/sites\/12\/2021\/04\/Guimaraes-birth-of-Portugal-e1611668814346.jpg","datePublished":"2020-08-12T14:44:46+00:00","dateModified":"2021-09-17T12:29:11+00:00","breadcrumb":{"@id":"https:\/\/legendatours.com\/product\/the-soul-of-inland-portugal-10900g\/#breadcrumb"},"inLanguage":"de","potentialAction":[{"@type":"ReadAction","target":["https:\/\/legendatours.com\/product\/the-soul-of-inland-portugal-10900g\/"]}]},{"@type":"ImageObject","inLanguage":"de","@id":"https:\/\/legendatours.com\/product\/the-soul-of-inland-portugal-10900g\/#primaryimage","url":"https:\/\/legendatours.com\/wp-content\/uploads\/sites\/12\/2021\/04\/Guimaraes-birth-of-Portugal-e1611668814346.jpg","contentUrl":"https:\/\/legendatours.com\/wp-content\/uploads\/sites\/12\/2021\/04\/Guimaraes-birth-of-Portugal-e1611668814346.jpg","width":1024,"height":763,"caption":"The magnificient castle of the craddle of Portugal, Guimar\u00e3es"},{"@type":"BreadcrumbList","@id":"https:\/\/legendatours.com\/product\/the-soul-of-inland-portugal-10900g\/#breadcrumb","itemListElement":[{"@type":"ListItem","position":1,"name":"Home","item":"https:\/\/legendatours.com\/"},{"@type":"ListItem","position":2,"name":"Shop","item":"https:\/\/legendatours.com\/sv\/?page_id=4"},{"@type":"ListItem","position":3,"name":"The Best of Portugal &#8211; Walking Holiday in The Soul of Inland Portugal"}]},{"@type":"WebSite","@id":"https:\/\/legendatours.com\/#website","url":"https:\/\/legendatours.com\/","name":"Legend\u00e4res Abenteuer DMC Portugal","description":"Verantwortungsvolles Wandern und Natururlaub in Portugal","publisher":{"@id":"https:\/\/legendatours.com\/#organization"},"alternateName":"Legendary Adventure Portugal","potentialAction":[{"@type":"SearchAction","target":{"@type":"EntryPoint","urlTemplate":"https:\/\/legendatours.com\/?s={search_term_string}"},"query-input":{"@type":"PropertyValueSpecification","valueRequired":true,"valueName":"search_term_string"}}],"inLanguage":"de"},{"@type":"Organization","@id":"https:\/\/legendatours.com\/#organization","name":"legendatours.com","url":"https:\/\/legendatours.com\/","logo":{"@type":"ImageObject","inLanguage":"de","@id":"https:\/\/legendatours.com\/#\/schema\/logo\/image\/","url":"https:\/\/legendatours.com\/wp-content\/uploads\/sites\/12\/2021\/06\/legendary_adventure_dmc.png","contentUrl":"https:\/\/legendatours.com\/wp-content\/uploads\/sites\/12\/2021\/06\/legendary_adventure_dmc.png","width":250,"height":74,"caption":"legendatours.com"},"image":{"@id":"https:\/\/legendatours.com\/#\/schema\/logo\/image\/"},"sameAs":["https:\/\/www.facebook.com\/legendaryadventuredmc\/","https:\/\/www.linkedin.com\/company\/legendary-adventure-dmc-portugal","https:\/\/www.youtube.com\/channel\/UCOIRDx_KM6ynIcacQkZjb6g"]}]}},"_links":{"self":[{"href":"https:\/\/legendatours.com\/de\/wp-json\/wp\/v2\/product\/1761","targetHints":{"allow":["GET"]}}],"collection":[{"href":"https:\/\/legendatours.com\/de\/wp-json\/wp\/v2\/product"}],"about":[{"href":"https:\/\/legendatours.com\/de\/wp-json\/wp\/v2\/types\/product"}],"replies":[{"embeddable":true,"href":"https:\/\/legendatours.com\/de\/wp-json\/wp\/v2\/comments?post=1761"}],"wp:featuredmedia":[{"embeddable":true,"href":"https:\/\/legendatours.com\/de\/wp-json\/wp\/v2\/media\/1751"}],"wp:attachment":[{"href":"https:\/\/legendatours.com\/de\/wp-json\/wp\/v2\/media?parent=1761"}],"wp:term":[{"taxonomy":"product_brand","embeddable":true,"href":"https:\/\/legendatours.com\/de\/wp-json\/wp\/v2\/product_brand?post=1761"},{"taxonomy":"product_cat","embeddable":true,"href":"https:\/\/legendatours.com\/de\/wp-json\/wp\/v2\/product_cat?post=1761"},{"taxonomy":"product_tag","embeddable":true,"href":"https:\/\/legendatours.com\/de\/wp-json\/wp\/v2\/product_tag?post=1761"}],"curies":[{"name":"wp","href":"https:\/\/api.w.org\/{rel}","templated":true}]}}