{"id":1776,"date":"2020-08-11T16:04:49","date_gmt":"2020-08-11T16:04:49","guid":{"rendered":"https:\/\/legendatours.com\/product\/highlights-of-lisbon-porto-group-sightseeing-holidays-in-portugal\/"},"modified":"2021-09-17T12:41:43","modified_gmt":"2021-09-17T12:41:43","slug":"highlights-of-lisbon-porto-11201g","status":"publish","type":"product","link":"https:\/\/legendatours.com\/de\/produkt\/highlights-of-lisbon-porto-11201g\/","title":{"rendered":"Highlights von Lissabon &amp; Porto \u2013 Gruppen-Sightseeing-Urlaub in Portugal"},"content":{"rendered":"<p><strong>Gruppen ab 6 Personen akzeptiert.<\/strong><\/p>\n<p>&nbsp;<\/p>\n<p>Diese Tour bietet das Beste aus den beiden gro\u00dfen St\u00e4dten Portugals, die beide geschichtstr\u00e4chtig, aber gleichzeitig lebendig und modern sind.<\/p>\n<p>&nbsp;<\/p>\n<p>Lissabon<\/p>\n<p>Lissabon ist so viel Besonderes; Es ist das Ger\u00e4usch von Oldtimer-Stra\u00dfenbahnen, die kopfsteingepflasterte Stra\u00dfen hinauf und hinunter schlendern, ein Medley von herzlichen Fado-Liedern, eine Open-Air-Galerie mit historischem Erbe, eine Oase f\u00fcr Freigeister, eine \u00dcberraschung f\u00fcr modische K\u00e4ufer und Portugals &quot;coolste Stadt&quot;.<\/p>\n<div id=\"attachment_2505\" style=\"width: 1034px\" class=\"wp-caption alignnone\"><img loading=\"lazy\" decoding=\"async\" aria-describedby=\"caption-attachment-2505\" class=\"wp-image-2505 size-large\" title=\"Comercio-Platz, Lissabon Reich an Geschichte und Kultur\" src=\"https:\/\/legendatours.net\/wp-content\/uploads\/2020\/03\/Comercio_square_Lisbon-1024x683.jpg\" alt=\"Comercio Square, Lisbon Steeped in history and culture\" width=\"1024\" height=\"683\" \/><p id=\"caption-attachment-2505\" class=\"wp-caption-text\">Comercio-Platz, Lissabon Reich an Geschichte und Kultur<\/p><\/div>\n<p>Diese bezaubernde \u201eStadt des Lichts\u201c ist reich an Geschichte und Kultur und bietet eine nat\u00fcrliche Leuchtkraft und einen m\u00fchelosen Charme wie keine andere im Land.<\/p>\n<p>Jeden Fleck der Stadt mit einem Hauch von Tradition markierend, dreht sich in Lissabon alles darum, die Sch\u00f6nheit des \u201eAlten\u201c zu bewahren, sei es verk\u00f6rpert durch freundliche Blumen- und Kastanienverk\u00e4ufer auf den Stra\u00dfen, seine majest\u00e4tische azulejo-geschm\u00fcckte Architektur und typischen Konditoreien oder charmante, Wirtshaus-inspirierte Restaurants.<\/p>\n<p>&nbsp;<\/p>\n<p>Porto<\/p>\n<p>Porto liegt dramatisch an der M\u00fcndung des Rio Douro und hat eine wundervolle Atmosph\u00e4re. Es ist vollgepackt mit alten und gro\u00dfartigen Denkm\u00e4lern, die sich mit dem portugiesischen Alltag kreuzen.<\/p>\n<p>Die Altstadt ist ein UNESCO-Weltkulturerbe voller historischer Geb\u00e4ude und herausragender Denkm\u00e4ler sowie malerischer mittelalterlicher Gassen.<\/p>\n<div id=\"attachment_1946\" style=\"width: 1034px\" class=\"wp-caption alignnone\"><img loading=\"lazy\" decoding=\"async\" aria-describedby=\"caption-attachment-1946\" class=\"wp-image-1946 size-large\" title=\"Rabelo-Boot Porto thront dramatisch an der M\u00fcndung des Rio Douro\" src=\"https:\/\/legendatours.net\/wp-content\/uploads\/2020\/03\/Rabelo-boat-Porto-1024x683.jpg\" alt=\"Rabelo boat Porto dramatically perched at the mouth of the Rio Douro\" width=\"1024\" height=\"683\" \/><p id=\"caption-attachment-1946\" class=\"wp-caption-text\">Rabelo-Boot Porto thront dramatisch an der M\u00fcndung des Rio Douro<\/p><\/div>\n<p>Zu den H\u00f6hepunkten dieser wunderbaren Stadt geh\u00f6ren die beeindruckende Kathedrale von Porto, der Torre dos Cl\u00e9rigos und die ber\u00fchmten Portweinh\u00fctten, die den H\u00fcgel von Vila Nova de Gaia dominieren.<\/p>\n<p>Porto bietet eine \u00fcberzeugende Synthese aus antiken und zeitgen\u00f6ssischen Sehensw\u00fcrdigkeiten und es ist eine Freude, sanft durch seine vielf\u00e4ltige Landschaft zu schlendern.<\/p>\n<div class=\"row\" style=\"display: flex;\">\n<div class=\"column\" style=\"flex: 45%;\">\n<p><iframe loading=\"lazy\" title=\"BEGEISTERUNG AUF LISSABON | Ihr Lissabon Reisef\u00fchrer 2019 | Warum ich nach Lissabon, Portugal gezogen bin \ud83c\uddf5\ud83c\uddf9\" width=\"1080\" height=\"608\" src=\"https:\/\/www.youtube.com\/embed\/Qv7CtN1mOlc?feature=oembed\" frameborder=\"0\" allow=\"accelerometer; autoplay; clipboard-write; encrypted-media; gyroscope; picture-in-picture\" allowfullscreen><\/iframe><\/p>\n<\/div>\n<div class=\"column\" style=\"flex: 10%;\"><\/div>\n<div class=\"column\" style=\"flex: 45%;\">\n<p><iframe loading=\"lazy\" title=\"IN DER STIMMUNG AUF PORTO (Folge 2) | Porto Sehensw\u00fcrdigkeiten, Essen &amp; Wein | Reisef\u00fchrer\" width=\"1080\" height=\"608\" src=\"https:\/\/www.youtube.com\/embed\/6PRWBBrmsOE?feature=oembed\" frameborder=\"0\" allow=\"accelerometer; autoplay; clipboard-write; encrypted-media; gyroscope; picture-in-picture\" allowfullscreen><\/iframe><\/p>\n<\/div>\n<\/div>","protected":false},"excerpt":{"rendered":"<p>Diese Tour bietet das Beste aus den beiden gro\u00dfen St\u00e4dten Portugals, die beide geschichtstr\u00e4chtig, aber gleichzeitig lebendig und modern sind.<\/p>","protected":false},"featured_media":1693,"comment_status":"closed","ping_status":"closed","template":"","meta":{"_acf_changed":false,"inline_featured_image":false},"product_brand":[],"product_cat":[32,28,29,30],"product_tag":[126,253,267,36,38,39,40,43,44,45,254,46,47,48,131,49,50,51,134,52,53,54,255,256,138,139,55,140,257,258,56,259,57,59,60,260,61,62,64,65,261,143,66,278,262,67,144,68,69,70,209,71,72,263],"class_list":{"0":"post-1776","1":"product","2":"type-product","3":"status-publish","4":"has-post-thumbnail","6":"product_cat-cultural-tours-and-holidays-in-portugal","7":"product_cat-guided-group-tours","8":"product_cat-portugal-guided-historical-holidays","9":"product_cat-guided-sightseeing-holidays-portugal","10":"product_tag-alfama","11":"product_tag-belem-tower","12":"product_tag-coimbra","13":"product_tag-cultural-heritage","14":"product_tag-douro","15":"product_tag-douro-river","16":"product_tag-douro-valley","17":"product_tag-fado","18":"product_tag-fado-music","19":"product_tag-fado-songs","20":"product_tag-fashionable-shoppers","21":"product_tag-gastronomy-and-wines","22":"product_tag-guided-holidays","23":"product_tag-guided-tours","24":"product_tag-heritage-in-lisbon","25":"product_tag-hidden-landscapes","26":"product_tag-historic","27":"product_tag-historic-heritage","28":"product_tag-historic-monuments-in-lisbon","29":"product_tag-historic-town","30":"product_tag-historical-monuments-in-lisbon","31":"product_tag-historical-tour","32":"product_tag-holidays-in-portugal","33":"product_tag-jeronimos-monastery","34":"product_tag-lisbon","35":"product_tag-lisbon-holidays","36":"product_tag-local-gastronomy","37":"product_tag-major-cities-of-portugal","38":"product_tag-monastery-of-jeronimos","39":"product_tag-open-air-gallery","40":"product_tag-oporto","41":"product_tag-pasteis-de-belem","42":"product_tag-porto","43":"product_tag-porto-world-heritage","44":"product_tag-portugal","45":"product_tag-portugals-coolest-city","46":"product_tag-private-group","47":"product_tag-rio-douro","48":"product_tag-roman-and-arab-vestiges","49":"product_tag-roman-vestiges","50":"product_tag-shopping-in-lisbon","51":"product_tag-sightseeing-lisbon","52":"product_tag-sightseeing-tour","53":"product_tag-sintra","54":"product_tag-tavern-inspired-restaurants","55":"product_tag-torre-de-belem","56":"product_tag-torre-dos-clerigos","57":"product_tag-tours-in-portugal","58":"product_tag-traditional-portuguese","59":"product_tag-traditions","60":"product_tag-typical-quarters-of-lisbon","61":"product_tag-unesco-world-heritage-site","62":"product_tag-vila-nova-de-gaia","63":"product_tag-vintage-trams","65":"first","66":"instock","67":"virtual","68":"product-type-simple"},"acf":[],"yoast_head":"<!-- This site is optimized with the Yoast SEO Premium plugin v26.8 (Yoast SEO v27.4) - https:\/\/yoast.com\/product\/yoast-seo-premium-wordpress\/ -->\n<title>Highlights of Lisbon &amp; Porto - Group Sightseeing Holidays in Portugal - Legendary Adventure DMC Portugal<\/title>\n<meta name=\"robots\" content=\"index, follow, max-snippet:-1, max-image-preview:large, max-video-preview:-1\" \/>\n<link rel=\"canonical\" href=\"https:\/\/legendatours.com\/de\/produkt\/highlights-of-lisbon-porto-11201g\/\" \/>\n<meta property=\"og:locale\" content=\"de_DE\" \/>\n<meta property=\"og:type\" content=\"article\" \/>\n<meta property=\"og:title\" content=\"Highlights of Lisbon &amp; Porto - Group Sightseeing Holidays in Portugal\" \/>\n<meta property=\"og:description\" content=\"This Tour will give the best of the two major cities of Portugal, both steeped in history, yet vibrant and modern at the same time.\" \/>\n<meta property=\"og:url\" content=\"https:\/\/legendatours.com\/de\/produkt\/highlights-of-lisbon-porto-11201g\/\" \/>\n<meta property=\"og:site_name\" content=\"Legendary Adventure DMC Portugal\" \/>\n<meta property=\"article:publisher\" content=\"https:\/\/www.facebook.com\/legendaryadventuredmc\/\" \/>\n<meta property=\"article:modified_time\" content=\"2021-09-17T12:41:43+00:00\" \/>\n<meta property=\"og:image\" content=\"https:\/\/legendatours.com\/wp-content\/uploads\/sites\/12\/2021\/04\/jeronimos_monastery_lisbon.jpg\" \/>\n\t<meta property=\"og:image:width\" content=\"1200\" \/>\n\t<meta property=\"og:image:height\" content=\"750\" \/>\n\t<meta property=\"og:image:type\" content=\"image\/jpeg\" \/>\n<meta name=\"twitter:card\" content=\"summary_large_image\" \/>\n<meta name=\"twitter:label1\" content=\"Gesch\u00e4tzte Lesezeit\" \/>\n\t<meta name=\"twitter:data1\" content=\"2\u00a0Minuten\" \/>\n<script type=\"application\/ld+json\" class=\"yoast-schema-graph\">{\"@context\":\"https:\\\/\\\/schema.org\",\"@graph\":[{\"@type\":\"WebPage\",\"@id\":\"https:\\\/\\\/legendatours.com\\\/product\\\/highlights-of-lisbon-porto-11201g\\\/\",\"url\":\"https:\\\/\\\/legendatours.com\\\/product\\\/highlights-of-lisbon-porto-11201g\\\/\",\"name\":\"Highlights of Lisbon &amp; Porto - Group Sightseeing Holidays in Portugal - Legendary Adventure DMC Portugal\",\"isPartOf\":{\"@id\":\"https:\\\/\\\/legendatours.com\\\/#website\"},\"primaryImageOfPage\":{\"@id\":\"https:\\\/\\\/legendatours.com\\\/product\\\/highlights-of-lisbon-porto-11201g\\\/#primaryimage\"},\"image\":{\"@id\":\"https:\\\/\\\/legendatours.com\\\/product\\\/highlights-of-lisbon-porto-11201g\\\/#primaryimage\"},\"thumbnailUrl\":\"https:\\\/\\\/legendatours.com\\\/wp-content\\\/uploads\\\/sites\\\/12\\\/2021\\\/04\\\/jeronimos_monastery_lisbon.jpg\",\"datePublished\":\"2020-08-11T16:04:49+00:00\",\"dateModified\":\"2021-09-17T12:41:43+00:00\",\"breadcrumb\":{\"@id\":\"https:\\\/\\\/legendatours.com\\\/product\\\/highlights-of-lisbon-porto-11201g\\\/#breadcrumb\"},\"inLanguage\":\"de\",\"potentialAction\":[{\"@type\":\"ReadAction\",\"target\":[\"https:\\\/\\\/legendatours.com\\\/product\\\/highlights-of-lisbon-porto-11201g\\\/\"]}]},{\"@type\":\"ImageObject\",\"inLanguage\":\"de\",\"@id\":\"https:\\\/\\\/legendatours.com\\\/product\\\/highlights-of-lisbon-porto-11201g\\\/#primaryimage\",\"url\":\"https:\\\/\\\/legendatours.com\\\/wp-content\\\/uploads\\\/sites\\\/12\\\/2021\\\/04\\\/jeronimos_monastery_lisbon.jpg\",\"contentUrl\":\"https:\\\/\\\/legendatours.com\\\/wp-content\\\/uploads\\\/sites\\\/12\\\/2021\\\/04\\\/jeronimos_monastery_lisbon.jpg\",\"width\":1200,\"height\":750,\"caption\":\"Jeronimos Monastery Lisboa\"},{\"@type\":\"BreadcrumbList\",\"@id\":\"https:\\\/\\\/legendatours.com\\\/product\\\/highlights-of-lisbon-porto-11201g\\\/#breadcrumb\",\"itemListElement\":[{\"@type\":\"ListItem\",\"position\":1,\"name\":\"Home\",\"item\":\"https:\\\/\\\/legendatours.com\\\/\"},{\"@type\":\"ListItem\",\"position\":2,\"name\":\"Shop\",\"item\":\"https:\\\/\\\/legendatours.com\\\/sv\\\/?page_id=4\"},{\"@type\":\"ListItem\",\"position\":3,\"name\":\"Highlights of Lisbon &amp; Porto &#8211; Group Sightseeing Holidays in Portugal\"}]},{\"@type\":\"WebSite\",\"@id\":\"https:\\\/\\\/legendatours.com\\\/#website\",\"url\":\"https:\\\/\\\/legendatours.com\\\/\",\"name\":\"Legendary Adventure DMC Portugal\",\"description\":\"Responsible Walking &amp; Nature Holidays in Portugal\",\"publisher\":{\"@id\":\"https:\\\/\\\/legendatours.com\\\/#organization\"},\"alternateName\":\"Legendary Adventure Portugal\",\"potentialAction\":[{\"@type\":\"SearchAction\",\"target\":{\"@type\":\"EntryPoint\",\"urlTemplate\":\"https:\\\/\\\/legendatours.com\\\/?s={search_term_string}\"},\"query-input\":{\"@type\":\"PropertyValueSpecification\",\"valueRequired\":true,\"valueName\":\"search_term_string\"}}],\"inLanguage\":\"de\"},{\"@type\":\"Organization\",\"@id\":\"https:\\\/\\\/legendatours.com\\\/#organization\",\"name\":\"legendatours.com\",\"url\":\"https:\\\/\\\/legendatours.com\\\/\",\"logo\":{\"@type\":\"ImageObject\",\"inLanguage\":\"de\",\"@id\":\"https:\\\/\\\/legendatours.com\\\/#\\\/schema\\\/logo\\\/image\\\/\",\"url\":\"https:\\\/\\\/legendatours.com\\\/wp-content\\\/uploads\\\/sites\\\/12\\\/2021\\\/06\\\/legendary_adventure_dmc.png\",\"contentUrl\":\"https:\\\/\\\/legendatours.com\\\/wp-content\\\/uploads\\\/sites\\\/12\\\/2021\\\/06\\\/legendary_adventure_dmc.png\",\"width\":250,\"height\":74,\"caption\":\"legendatours.com\"},\"image\":{\"@id\":\"https:\\\/\\\/legendatours.com\\\/#\\\/schema\\\/logo\\\/image\\\/\"},\"sameAs\":[\"https:\\\/\\\/www.facebook.com\\\/legendaryadventuredmc\\\/\",\"https:\\\/\\\/www.linkedin.com\\\/company\\\/legendary-adventure-dmc-portugal\",\"https:\\\/\\\/www.youtube.com\\\/channel\\\/UCOIRDx_KM6ynIcacQkZjb6g\"]}]}<\/script>\n<!-- \/ Yoast SEO Premium plugin. -->","yoast_head_json":{"title":"H\u00f6hepunkte von Lissabon &amp; Porto - Sightseeing-Gruppenurlaub in Portugal - Legend\u00e4res Abenteuer DMC Portugal","robots":{"index":"index","follow":"follow","max-snippet":"max-snippet:-1","max-image-preview":"max-image-preview:large","max-video-preview":"max-video-preview:-1"},"canonical":"https:\/\/legendatours.com\/de\/produkt\/highlights-of-lisbon-porto-11201g\/","og_locale":"de_DE","og_type":"article","og_title":"Highlights of Lisbon &amp; Porto - Group Sightseeing Holidays in Portugal","og_description":"This Tour will give the best of the two major cities of Portugal, both steeped in history, yet vibrant and modern at the same time.","og_url":"https:\/\/legendatours.com\/de\/produkt\/highlights-of-lisbon-porto-11201g\/","og_site_name":"Legendary Adventure DMC Portugal","article_publisher":"https:\/\/www.facebook.com\/legendaryadventuredmc\/","article_modified_time":"2021-09-17T12:41:43+00:00","og_image":[{"width":1200,"height":750,"url":"https:\/\/legendatours.com\/wp-content\/uploads\/sites\/12\/2021\/04\/jeronimos_monastery_lisbon.jpg","type":"image\/jpeg"}],"twitter_card":"summary_large_image","twitter_misc":{"Gesch\u00e4tzte Lesezeit":"2\u00a0Minuten"},"schema":{"@context":"https:\/\/schema.org","@graph":[{"@type":"WebPage","@id":"https:\/\/legendatours.com\/product\/highlights-of-lisbon-porto-11201g\/","url":"https:\/\/legendatours.com\/product\/highlights-of-lisbon-porto-11201g\/","name":"H\u00f6hepunkte von Lissabon &amp; Porto - Sightseeing-Gruppenurlaub in Portugal - Legend\u00e4res Abenteuer DMC Portugal","isPartOf":{"@id":"https:\/\/legendatours.com\/#website"},"primaryImageOfPage":{"@id":"https:\/\/legendatours.com\/product\/highlights-of-lisbon-porto-11201g\/#primaryimage"},"image":{"@id":"https:\/\/legendatours.com\/product\/highlights-of-lisbon-porto-11201g\/#primaryimage"},"thumbnailUrl":"https:\/\/legendatours.com\/wp-content\/uploads\/sites\/12\/2021\/04\/jeronimos_monastery_lisbon.jpg","datePublished":"2020-08-11T16:04:49+00:00","dateModified":"2021-09-17T12:41:43+00:00","breadcrumb":{"@id":"https:\/\/legendatours.com\/product\/highlights-of-lisbon-porto-11201g\/#breadcrumb"},"inLanguage":"de","potentialAction":[{"@type":"ReadAction","target":["https:\/\/legendatours.com\/product\/highlights-of-lisbon-porto-11201g\/"]}]},{"@type":"ImageObject","inLanguage":"de","@id":"https:\/\/legendatours.com\/product\/highlights-of-lisbon-porto-11201g\/#primaryimage","url":"https:\/\/legendatours.com\/wp-content\/uploads\/sites\/12\/2021\/04\/jeronimos_monastery_lisbon.jpg","contentUrl":"https:\/\/legendatours.com\/wp-content\/uploads\/sites\/12\/2021\/04\/jeronimos_monastery_lisbon.jpg","width":1200,"height":750,"caption":"Jeronimos Monastery Lisboa"},{"@type":"BreadcrumbList","@id":"https:\/\/legendatours.com\/product\/highlights-of-lisbon-porto-11201g\/#breadcrumb","itemListElement":[{"@type":"ListItem","position":1,"name":"Home","item":"https:\/\/legendatours.com\/"},{"@type":"ListItem","position":2,"name":"Shop","item":"https:\/\/legendatours.com\/sv\/?page_id=4"},{"@type":"ListItem","position":3,"name":"Highlights of Lisbon &amp; Porto &#8211; Group Sightseeing Holidays in Portugal"}]},{"@type":"WebSite","@id":"https:\/\/legendatours.com\/#website","url":"https:\/\/legendatours.com\/","name":"Legend\u00e4res Abenteuer DMC Portugal","description":"Verantwortungsvolles Wandern und Natururlaub in Portugal","publisher":{"@id":"https:\/\/legendatours.com\/#organization"},"alternateName":"Legendary Adventure Portugal","potentialAction":[{"@type":"SearchAction","target":{"@type":"EntryPoint","urlTemplate":"https:\/\/legendatours.com\/?s={search_term_string}"},"query-input":{"@type":"PropertyValueSpecification","valueRequired":true,"valueName":"search_term_string"}}],"inLanguage":"de"},{"@type":"Organization","@id":"https:\/\/legendatours.com\/#organization","name":"legendatours.com","url":"https:\/\/legendatours.com\/","logo":{"@type":"ImageObject","inLanguage":"de","@id":"https:\/\/legendatours.com\/#\/schema\/logo\/image\/","url":"https:\/\/legendatours.com\/wp-content\/uploads\/sites\/12\/2021\/06\/legendary_adventure_dmc.png","contentUrl":"https:\/\/legendatours.com\/wp-content\/uploads\/sites\/12\/2021\/06\/legendary_adventure_dmc.png","width":250,"height":74,"caption":"legendatours.com"},"image":{"@id":"https:\/\/legendatours.com\/#\/schema\/logo\/image\/"},"sameAs":["https:\/\/www.facebook.com\/legendaryadventuredmc\/","https:\/\/www.linkedin.com\/company\/legendary-adventure-dmc-portugal","https:\/\/www.youtube.com\/channel\/UCOIRDx_KM6ynIcacQkZjb6g"]}]}},"_links":{"self":[{"href":"https:\/\/legendatours.com\/de\/wp-json\/wp\/v2\/product\/1776","targetHints":{"allow":["GET"]}}],"collection":[{"href":"https:\/\/legendatours.com\/de\/wp-json\/wp\/v2\/product"}],"about":[{"href":"https:\/\/legendatours.com\/de\/wp-json\/wp\/v2\/types\/product"}],"replies":[{"embeddable":true,"href":"https:\/\/legendatours.com\/de\/wp-json\/wp\/v2\/comments?post=1776"}],"wp:featuredmedia":[{"embeddable":true,"href":"https:\/\/legendatours.com\/de\/wp-json\/wp\/v2\/media\/1693"}],"wp:attachment":[{"href":"https:\/\/legendatours.com\/de\/wp-json\/wp\/v2\/media?parent=1776"}],"wp:term":[{"taxonomy":"product_brand","embeddable":true,"href":"https:\/\/legendatours.com\/de\/wp-json\/wp\/v2\/product_brand?post=1776"},{"taxonomy":"product_cat","embeddable":true,"href":"https:\/\/legendatours.com\/de\/wp-json\/wp\/v2\/product_cat?post=1776"},{"taxonomy":"product_tag","embeddable":true,"href":"https:\/\/legendatours.com\/de\/wp-json\/wp\/v2\/product_tag?post=1776"}],"curies":[{"name":"wp","href":"https:\/\/api.w.org\/{rel}","templated":true}]}}