{"id":7586,"date":"2020-08-10T10:48:18","date_gmt":"2020-08-10T10:48:18","guid":{"rendered":"https:\/\/legendatours.com\/product\/algarve-golf-holidays-in-a-natural-reserve\/"},"modified":"2021-09-17T12:49:18","modified_gmt":"2021-09-17T12:49:18","slug":"golf-holidays-in-a-natural-reserve-4102g","status":"publish","type":"product","link":"https:\/\/legendatours.com\/de\/produkt\/golf-holidays-in-a-natural-reserve-4102g\/","title":{"rendered":"Golfurlaub an der Algarve in einem Naturschutzgebiet"},"content":{"rendered":"<p>Dieser selbstgef\u00fchrte Golfurlaub ist f\u00fcr alle Spielertypen geeignet und wird Ihnen dank seiner unglaublichen Lage ein gro\u00dfartiges Erlebnis bescheren.<\/p>\n<p>Sie k\u00f6nnen nicht nur die sch\u00f6nen Str\u00e4nde in der N\u00e4he genie\u00dfen, sondern auch mit der Natur in Kontakt treten und einen herrlichen Blick \u00fcber die Berge genie\u00dfen.<\/p>\n<div id=\"attachment_2928\" style=\"width: 1034px\" class=\"wp-caption alignnone\"><img loading=\"lazy\" decoding=\"async\" aria-describedby=\"caption-attachment-2928\" class=\"wp-image-2928 size-large\" src=\"https:\/\/legendatours.net\/wp-content\/uploads\/2020\/08\/Alamo-Golf-Course-1-1024x576.jpg\" alt=\"\u00c1lamo Golf Course\" width=\"1024\" height=\"576\" \/><p id=\"caption-attachment-2928\" class=\"wp-caption-text\">Golfplatz \u00c1lamo<\/p><\/div>\n<p>Zwischen den Bergen und dem Strand steht Ihnen ein kostenloser Golf-Shuttle zur Verf\u00fcgung, der Sie vom Resort in Salgados (500 m vom Golfplatz Salgados entfernt) nach Morgado und \u00c1lamos bringt \u2013 dies sind die drei 18-Loch-Golfpl\u00e4tze, auf denen Sie frei spielen k\u00f6nnen und die au\u00dferdem das \u00dcbungs-Putting-Green auf dem Gel\u00e4nde von Salgados kostenlos nutzen k\u00f6nnen.<\/p>\n<p>Salgados Vila de Lagoas liegt in der N\u00e4he der Stadt Albufeira und ist nur wenige Gehminuten vom Strand und dem Golfplatz entfernt. Neben der gro\u00dfartigen Lage verf\u00fcgen die ger\u00e4umigen Apartments \u00fcber voll ausgestattete K\u00fcchen und im Resort stehen Ihnen ein Fitnessstudio und ein Spa zur Verf\u00fcgung.<\/p>","protected":false},"excerpt":{"rendered":"<p>Dieser selbstgef\u00fchrte Golfurlaub ist f\u00fcr alle Spielertypen geeignet und wird Ihnen dank seiner unglaublichen Lage ein gro\u00dfartiges Erlebnis bescheren.<\/p>\n<p>Sie k\u00f6nnen nicht nur die sch\u00f6nen Str\u00e4nde in der N\u00e4he genie\u00dfen, sondern auch mit der Natur in Kontakt treten und einen herrlichen Blick \u00fcber die Berge genie\u00dfen.<\/p>","protected":false},"featured_media":7572,"comment_status":"closed","ping_status":"closed","template":"","meta":{"_acf_changed":false,"inline_featured_image":false},"product_brand":[],"product_cat":[302,301],"product_tag":[303,304,147,305,306,307,308,309,310,311,312,313,314,98,224,315,316,317,318,319,320,321,322,323,324,325,326],"class_list":{"0":"post-7586","1":"product","2":"type-product","3":"status-publish","4":"has-post-thumbnail","6":"product_cat-self-guided-golf","7":"product_cat-self-guided-tours-portugal","8":"product_tag-18-holes","9":"product_tag-alamo-golf-course","10":"product_tag-algarve","11":"product_tag-algarve-coastline","12":"product_tag-alleine-reisen","13":"product_tag-beautiful-beache","14":"product_tag-buggy","15":"product_tag-driving-range-golf","16":"product_tag-golf","17":"product_tag-golf-couses","18":"product_tag-holidays-in-the-algarve","19":"product_tag-individuelle-touren","20":"product_tag-morgado-golf-course","21":"product_tag-natural-reserves","22":"product_tag-nature","23":"product_tag-nature-activities","24":"product_tag-playing-golf","25":"product_tag-resort","26":"product_tag-salgados-golf-course","27":"product_tag-sejour-en-liberte","28":"product_tag-self-guide-tour","29":"product_tag-self-guided-golf","30":"product_tag-solo-reisen","31":"product_tag-sports","32":"product_tag-tours-autoguidees","33":"product_tag-voyage-en-liberte","34":"product_tag-voyages-en-autonomie","36":"first","37":"instock","38":"virtual","39":"product-type-simple"},"acf":[],"yoast_head":"<!-- This site is optimized with the Yoast SEO Premium plugin v26.8 (Yoast SEO v27.5) - https:\/\/yoast.com\/product\/yoast-seo-premium-wordpress\/ -->\n<title>Algarve Golf Holidays in a Natural Reserve - Legendary Adventure DMC Portugal<\/title>\n<meta name=\"robots\" content=\"index, follow, max-snippet:-1, max-image-preview:large, max-video-preview:-1\" \/>\n<link rel=\"canonical\" href=\"https:\/\/legendatours.com\/de\/produkt\/golf-holidays-in-a-natural-reserve-4102g\/\" \/>\n<meta property=\"og:locale\" content=\"de_DE\" \/>\n<meta property=\"og:type\" content=\"article\" \/>\n<meta property=\"og:title\" content=\"Algarve Golf Holidays in a Natural Reserve\" \/>\n<meta property=\"og:description\" content=\"Fitted for all sorts of players, this Self-Guided Golf Holidays will give you the most amazing experience due to its incredible locations.  You will be able to enjoy not just the beautiful beaches nearby but to connect with nature with a splendid view over the mountains.\" \/>\n<meta property=\"og:url\" content=\"https:\/\/legendatours.com\/de\/produkt\/golf-holidays-in-a-natural-reserve-4102g\/\" \/>\n<meta property=\"og:site_name\" content=\"Legendary Adventure DMC Portugal\" \/>\n<meta property=\"article:publisher\" content=\"https:\/\/www.facebook.com\/legendaryadventuredmc\/\" \/>\n<meta property=\"article:modified_time\" content=\"2021-09-17T12:49:18+00:00\" \/>\n<meta property=\"og:image\" content=\"https:\/\/legendatours.com\/wp-content\/uploads\/sites\/12\/2021\/04\/vilamoura_golf.jpg\" \/>\n\t<meta property=\"og:image:width\" content=\"1200\" \/>\n\t<meta property=\"og:image:height\" content=\"675\" \/>\n\t<meta property=\"og:image:type\" content=\"image\/jpeg\" \/>\n<meta name=\"twitter:card\" content=\"summary_large_image\" \/>\n<meta name=\"twitter:label1\" content=\"Gesch\u00e4tzte Lesezeit\" \/>\n\t<meta name=\"twitter:data1\" content=\"1\u00a0Minute\" \/>\n<script type=\"application\/ld+json\" class=\"yoast-schema-graph\">{\"@context\":\"https:\\\/\\\/schema.org\",\"@graph\":[{\"@type\":\"WebPage\",\"@id\":\"https:\\\/\\\/legendatours.com\\\/product\\\/golf-holidays-in-a-natural-reserve-4102g\\\/\",\"url\":\"https:\\\/\\\/legendatours.com\\\/product\\\/golf-holidays-in-a-natural-reserve-4102g\\\/\",\"name\":\"Algarve Golf Holidays in a Natural Reserve - Legendary Adventure DMC Portugal\",\"isPartOf\":{\"@id\":\"https:\\\/\\\/legendatours.com\\\/#website\"},\"primaryImageOfPage\":{\"@id\":\"https:\\\/\\\/legendatours.com\\\/product\\\/golf-holidays-in-a-natural-reserve-4102g\\\/#primaryimage\"},\"image\":{\"@id\":\"https:\\\/\\\/legendatours.com\\\/product\\\/golf-holidays-in-a-natural-reserve-4102g\\\/#primaryimage\"},\"thumbnailUrl\":\"https:\\\/\\\/legendatours.com\\\/wp-content\\\/uploads\\\/sites\\\/12\\\/2021\\\/04\\\/vilamoura_golf.jpg\",\"datePublished\":\"2020-08-10T10:48:18+00:00\",\"dateModified\":\"2021-09-17T12:49:18+00:00\",\"breadcrumb\":{\"@id\":\"https:\\\/\\\/legendatours.com\\\/product\\\/golf-holidays-in-a-natural-reserve-4102g\\\/#breadcrumb\"},\"inLanguage\":\"de\",\"potentialAction\":[{\"@type\":\"ReadAction\",\"target\":[\"https:\\\/\\\/legendatours.com\\\/product\\\/golf-holidays-in-a-natural-reserve-4102g\\\/\"]}]},{\"@type\":\"ImageObject\",\"inLanguage\":\"de\",\"@id\":\"https:\\\/\\\/legendatours.com\\\/product\\\/golf-holidays-in-a-natural-reserve-4102g\\\/#primaryimage\",\"url\":\"https:\\\/\\\/legendatours.com\\\/wp-content\\\/uploads\\\/sites\\\/12\\\/2021\\\/04\\\/vilamoura_golf.jpg\",\"contentUrl\":\"https:\\\/\\\/legendatours.com\\\/wp-content\\\/uploads\\\/sites\\\/12\\\/2021\\\/04\\\/vilamoura_golf.jpg\",\"width\":1200,\"height\":675,\"caption\":\"Vilamoura has plenty of golf courses\"},{\"@type\":\"BreadcrumbList\",\"@id\":\"https:\\\/\\\/legendatours.com\\\/product\\\/golf-holidays-in-a-natural-reserve-4102g\\\/#breadcrumb\",\"itemListElement\":[{\"@type\":\"ListItem\",\"position\":1,\"name\":\"Home\",\"item\":\"https:\\\/\\\/legendatours.com\\\/\"},{\"@type\":\"ListItem\",\"position\":2,\"name\":\"Shop\",\"item\":\"https:\\\/\\\/legendatours.com\\\/sv\\\/?page_id=4\"},{\"@type\":\"ListItem\",\"position\":3,\"name\":\"Algarve Golf Holidays in a Natural Reserve\"}]},{\"@type\":\"WebSite\",\"@id\":\"https:\\\/\\\/legendatours.com\\\/#website\",\"url\":\"https:\\\/\\\/legendatours.com\\\/\",\"name\":\"Legendary Adventure DMC Portugal\",\"description\":\"Responsible Walking &amp; Nature Holidays in Portugal\",\"publisher\":{\"@id\":\"https:\\\/\\\/legendatours.com\\\/#organization\"},\"alternateName\":\"Legendary Adventure Portugal\",\"potentialAction\":[{\"@type\":\"SearchAction\",\"target\":{\"@type\":\"EntryPoint\",\"urlTemplate\":\"https:\\\/\\\/legendatours.com\\\/?s={search_term_string}\"},\"query-input\":{\"@type\":\"PropertyValueSpecification\",\"valueRequired\":true,\"valueName\":\"search_term_string\"}}],\"inLanguage\":\"de\"},{\"@type\":\"Organization\",\"@id\":\"https:\\\/\\\/legendatours.com\\\/#organization\",\"name\":\"legendatours.com\",\"url\":\"https:\\\/\\\/legendatours.com\\\/\",\"logo\":{\"@type\":\"ImageObject\",\"inLanguage\":\"de\",\"@id\":\"https:\\\/\\\/legendatours.com\\\/#\\\/schema\\\/logo\\\/image\\\/\",\"url\":\"https:\\\/\\\/legendatours.com\\\/wp-content\\\/uploads\\\/sites\\\/12\\\/2021\\\/06\\\/legendary_adventure_dmc.png\",\"contentUrl\":\"https:\\\/\\\/legendatours.com\\\/wp-content\\\/uploads\\\/sites\\\/12\\\/2021\\\/06\\\/legendary_adventure_dmc.png\",\"width\":250,\"height\":74,\"caption\":\"legendatours.com\"},\"image\":{\"@id\":\"https:\\\/\\\/legendatours.com\\\/#\\\/schema\\\/logo\\\/image\\\/\"},\"sameAs\":[\"https:\\\/\\\/www.facebook.com\\\/legendaryadventuredmc\\\/\",\"https:\\\/\\\/www.linkedin.com\\\/company\\\/legendary-adventure-dmc-portugal\",\"https:\\\/\\\/www.youtube.com\\\/channel\\\/UCOIRDx_KM6ynIcacQkZjb6g\"]}]}<\/script>\n<!-- \/ Yoast SEO Premium plugin. -->","yoast_head_json":{"title":"Golfurlaub an der Algarve in einem Naturschutzgebiet \u2013 Legendary Adventure DMC Portugal","robots":{"index":"index","follow":"follow","max-snippet":"max-snippet:-1","max-image-preview":"max-image-preview:large","max-video-preview":"max-video-preview:-1"},"canonical":"https:\/\/legendatours.com\/de\/produkt\/golf-holidays-in-a-natural-reserve-4102g\/","og_locale":"de_DE","og_type":"article","og_title":"Algarve Golf Holidays in a Natural Reserve","og_description":"Fitted for all sorts of players, this Self-Guided Golf Holidays will give you the most amazing experience due to its incredible locations.  You will be able to enjoy not just the beautiful beaches nearby but to connect with nature with a splendid view over the mountains.","og_url":"https:\/\/legendatours.com\/de\/produkt\/golf-holidays-in-a-natural-reserve-4102g\/","og_site_name":"Legendary Adventure DMC Portugal","article_publisher":"https:\/\/www.facebook.com\/legendaryadventuredmc\/","article_modified_time":"2021-09-17T12:49:18+00:00","og_image":[{"width":1200,"height":675,"url":"https:\/\/legendatours.com\/wp-content\/uploads\/sites\/12\/2021\/04\/vilamoura_golf.jpg","type":"image\/jpeg"}],"twitter_card":"summary_large_image","twitter_misc":{"Gesch\u00e4tzte Lesezeit":"1\u00a0Minute"},"schema":{"@context":"https:\/\/schema.org","@graph":[{"@type":"WebPage","@id":"https:\/\/legendatours.com\/product\/golf-holidays-in-a-natural-reserve-4102g\/","url":"https:\/\/legendatours.com\/product\/golf-holidays-in-a-natural-reserve-4102g\/","name":"Golfurlaub an der Algarve in einem Naturschutzgebiet \u2013 Legendary Adventure DMC Portugal","isPartOf":{"@id":"https:\/\/legendatours.com\/#website"},"primaryImageOfPage":{"@id":"https:\/\/legendatours.com\/product\/golf-holidays-in-a-natural-reserve-4102g\/#primaryimage"},"image":{"@id":"https:\/\/legendatours.com\/product\/golf-holidays-in-a-natural-reserve-4102g\/#primaryimage"},"thumbnailUrl":"https:\/\/legendatours.com\/wp-content\/uploads\/sites\/12\/2021\/04\/vilamoura_golf.jpg","datePublished":"2020-08-10T10:48:18+00:00","dateModified":"2021-09-17T12:49:18+00:00","breadcrumb":{"@id":"https:\/\/legendatours.com\/product\/golf-holidays-in-a-natural-reserve-4102g\/#breadcrumb"},"inLanguage":"de","potentialAction":[{"@type":"ReadAction","target":["https:\/\/legendatours.com\/product\/golf-holidays-in-a-natural-reserve-4102g\/"]}]},{"@type":"ImageObject","inLanguage":"de","@id":"https:\/\/legendatours.com\/product\/golf-holidays-in-a-natural-reserve-4102g\/#primaryimage","url":"https:\/\/legendatours.com\/wp-content\/uploads\/sites\/12\/2021\/04\/vilamoura_golf.jpg","contentUrl":"https:\/\/legendatours.com\/wp-content\/uploads\/sites\/12\/2021\/04\/vilamoura_golf.jpg","width":1200,"height":675,"caption":"Vilamoura has plenty of golf courses"},{"@type":"BreadcrumbList","@id":"https:\/\/legendatours.com\/product\/golf-holidays-in-a-natural-reserve-4102g\/#breadcrumb","itemListElement":[{"@type":"ListItem","position":1,"name":"Home","item":"https:\/\/legendatours.com\/"},{"@type":"ListItem","position":2,"name":"Shop","item":"https:\/\/legendatours.com\/sv\/?page_id=4"},{"@type":"ListItem","position":3,"name":"Algarve Golf Holidays in a Natural Reserve"}]},{"@type":"WebSite","@id":"https:\/\/legendatours.com\/#website","url":"https:\/\/legendatours.com\/","name":"Legend\u00e4res Abenteuer DMC Portugal","description":"Verantwortungsvolles Wandern und Natururlaub in Portugal","publisher":{"@id":"https:\/\/legendatours.com\/#organization"},"alternateName":"Legendary Adventure Portugal","potentialAction":[{"@type":"SearchAction","target":{"@type":"EntryPoint","urlTemplate":"https:\/\/legendatours.com\/?s={search_term_string}"},"query-input":{"@type":"PropertyValueSpecification","valueRequired":true,"valueName":"search_term_string"}}],"inLanguage":"de"},{"@type":"Organization","@id":"https:\/\/legendatours.com\/#organization","name":"legendatours.com","url":"https:\/\/legendatours.com\/","logo":{"@type":"ImageObject","inLanguage":"de","@id":"https:\/\/legendatours.com\/#\/schema\/logo\/image\/","url":"https:\/\/legendatours.com\/wp-content\/uploads\/sites\/12\/2021\/06\/legendary_adventure_dmc.png","contentUrl":"https:\/\/legendatours.com\/wp-content\/uploads\/sites\/12\/2021\/06\/legendary_adventure_dmc.png","width":250,"height":74,"caption":"legendatours.com"},"image":{"@id":"https:\/\/legendatours.com\/#\/schema\/logo\/image\/"},"sameAs":["https:\/\/www.facebook.com\/legendaryadventuredmc\/","https:\/\/www.linkedin.com\/company\/legendary-adventure-dmc-portugal","https:\/\/www.youtube.com\/channel\/UCOIRDx_KM6ynIcacQkZjb6g"]}]}},"_links":{"self":[{"href":"https:\/\/legendatours.com\/de\/wp-json\/wp\/v2\/product\/7586","targetHints":{"allow":["GET"]}}],"collection":[{"href":"https:\/\/legendatours.com\/de\/wp-json\/wp\/v2\/product"}],"about":[{"href":"https:\/\/legendatours.com\/de\/wp-json\/wp\/v2\/types\/product"}],"replies":[{"embeddable":true,"href":"https:\/\/legendatours.com\/de\/wp-json\/wp\/v2\/comments?post=7586"}],"wp:featuredmedia":[{"embeddable":true,"href":"https:\/\/legendatours.com\/de\/wp-json\/wp\/v2\/media\/7572"}],"wp:attachment":[{"href":"https:\/\/legendatours.com\/de\/wp-json\/wp\/v2\/media?parent=7586"}],"wp:term":[{"taxonomy":"product_brand","embeddable":true,"href":"https:\/\/legendatours.com\/de\/wp-json\/wp\/v2\/product_brand?post=7586"},{"taxonomy":"product_cat","embeddable":true,"href":"https:\/\/legendatours.com\/de\/wp-json\/wp\/v2\/product_cat?post=7586"},{"taxonomy":"product_tag","embeddable":true,"href":"https:\/\/legendatours.com\/de\/wp-json\/wp\/v2\/product_tag?post=7586"}],"curies":[{"name":"wp","href":"https:\/\/api.w.org\/{rel}","templated":true}]}}