{"id":7599,"date":"2020-08-07T14:33:13","date_gmt":"2020-08-07T14:33:13","guid":{"rendered":"https:\/\/legendatours.com\/product\/the-best-of-portugal-by-coach\/"},"modified":"2021-09-17T12:53:34","modified_gmt":"2021-09-17T12:53:34","slug":"the-best-of-portugal-by-coach-6100g","status":"publish","type":"product","link":"https:\/\/legendatours.com\/de\/produkt\/the-best-of-portugal-by-coach-6100g\/","title":{"rendered":"Das Beste von Portugal mit dem Coach"},"content":{"rendered":"<p><strong>Gruppen ab 6 Personen akzeptiert.<\/strong><\/p>\n<p><em>Optional: 15-t\u00e4gige Tour \/ 8-t\u00e4gige Tour<\/em><\/p>\n<p>&nbsp;<\/p>\n<p>Diese fantasievoll gestaltete Tour ist ein lebendiger Reisebericht durch das Beste von Portugal.<\/p>\n<p>Wir reisen durch die Kulturgeschichte dieses faszinierenden Landes von den Str\u00e4nden und dramatischen Klippen der Algarve, alten D\u00f6rfern und hohen Bergen im Landesinneren bis in den hohen Norden, wo Portugal geboren wurde.<\/p>\n<p>Unterwegs besuchen wir ber\u00fchmte St\u00e4dte und Denkm\u00e4ler, sch\u00e4tzen die fantastische Landschaft und genie\u00dfen gutes Essen und Wein.<\/p>\n<p>Unser Multi-Center-Urlaub gibt Ihnen die M\u00f6glichkeit, viele der UNESCO-Welterbest\u00e4tten Portugals zu besuchen und seine enorme kulturelle Vielfalt zu erkunden, w\u00e4hrend Sie sich in einer gut geplanten Reiseroute entspannen, die eine Vielzahl von Sehensw\u00fcrdigkeiten abdeckt.<\/p>\n<div id=\"attachment_2451\" style=\"width: 1034px\" class=\"wp-caption alignnone\"><img loading=\"lazy\" decoding=\"async\" aria-describedby=\"caption-attachment-2451\" class=\"wp-image-2451 size-large\" title=\"Altstadt von Faro - Historisches und befestigtes Stadtzentrum\" src=\"https:\/\/legendatours.net\/wp-content\/uploads\/2020\/06\/faro_old_town-1-1024x683.jpg\" alt=\"Faro Old Town - Historic and fortified city center\" width=\"1024\" height=\"683\" \/><p id=\"caption-attachment-2451\" class=\"wp-caption-text\"><a href=\"..\/..\/?s=faro\" target=\"_blank\" rel=\"noopener\">Faro<\/a> Altstadt \u2013 Historisches und befestigtes Stadtzentrum. Der \u00e4lteste Teil von Faro, diese charmante Gegend garantiert einen angenehmen Spaziergang und tolle Fotos.<\/p><\/div>\n<p>Wir bieten Ihnen die M\u00f6glichkeit einer Rundreise mit Start und Ende in Faro, einem 15-t\u00e4gigen Aufenthalt oder einer 8-t\u00e4gigen Tour mit Start in Porto und Ende in Faro.<\/p>\n<p>Auf kurze Distanz erleben Sie eine au\u00dfergew\u00f6hnliche Vielfalt unterschiedlicher Landschaften, viele interessante Sehensw\u00fcrdigkeiten und ein einzigartiges Kulturerbe, wo Tradition und Moderne in perfekter Harmonie miteinander verschmelzen. Ganz zu schweigen von einer hervorragenden K\u00fcche, erlesenen Weinen und gastfreundlichen Menschen, die diese Tour zum besten Urlaub machen, den Sie je hatten.<\/p>\n<div id=\"attachment_2706\" style=\"width: 1034px\" class=\"wp-caption alignnone\"><img loading=\"lazy\" decoding=\"async\" aria-describedby=\"caption-attachment-2706\" class=\"size-full wp-image-2706\" src=\"https:\/\/legendatours.net\/wp-content\/uploads\/2020\/07\/evora-e1611683562286.jpg\" alt=\"\u00c9vora is one of the best tourist destinations of central Portugal\" width=\"1024\" height=\"576\" \/><p id=\"caption-attachment-2706\" class=\"wp-caption-text\">\u00c9vora ist eines der besten Reiseziele in Zentralportugal<\/p><\/div>\n<p>Kelten, R\u00f6mer, Westgoten, Mauren und Christen hinterlie\u00dfen ihre Spuren in Portugal. Auf dieser Tour k\u00f6nnen Sie den Sonnenuntergang \u00fcber mysteri\u00f6sen Megalithen au\u00dferhalb von \u00c9vora beobachten oder sich in den kunstvollen Korridoren der Tempelrittermonumente verlieren, die heute zum UNESCO-Weltkulturerbe in Tomar, Alcoba\u00e7a oder Batalha geh\u00f6ren. Sie werden Pal\u00e4ste \u00fcber nebligen W\u00e4ldern und schroffen Klippenburgen in Sintra und Bu\u00e7aco besuchen und atemberaubend erhaltene mittelalterliche Stadtkerne in \u00c9vora, Guimar\u00e3es und Porto bestaunen. Das reiche j\u00fcdische Erbe in den D\u00f6rfern Castelo de Vide und Belmonte wird viele \u00fcberraschen.<\/p>\n<p>Unsere Tour beginnt in Faro und wir reisen durch die versteckte und weniger bekannte Algarve zu den gro\u00dfen Ebenen des Alentejo, Heimat gro\u00dfartiger Gastronomie und erstklassiger Weine.<\/p>\n<div id=\"attachment_2750\" style=\"width: 1034px\" class=\"wp-caption alignnone\"><img loading=\"lazy\" decoding=\"async\" aria-describedby=\"caption-attachment-2750\" class=\"wp-image-2750 size-large\" title=\"Tomar. Diese Stadt wird dank ihrer malerischen Landschaft und ihrer geschichtstr\u00e4chtigen Mauern oft als das Schmuckst\u00fcck Portugals bezeichnet.\" src=\"https:\/\/legendatours.net\/wp-content\/uploads\/2020\/07\/tomar-1024x677.jpg\" alt=\"Tomar center\" width=\"1024\" height=\"677\" \/><p id=\"caption-attachment-2750\" class=\"wp-caption-text\"><a href=\"..\/..\/?s=tomar\" target=\"_blank\" rel=\"noopener\">Tomar<\/a>. Diese Stadt wird dank ihrer malerischen Landschaft und ihrer geschichtstr\u00e4chtigen Mauern oft als das Schmuckst\u00fcck Portugals bezeichnet.<\/p><\/div>\n<p>Wir \u00fcbernachten in der Gastronomie, einer entz\u00fcckenden Stadt, die portugiesischen Charme ausstrahlt und mit einer Vielzahl faszinierender historischer Denkm\u00e4ler aufwartet.<\/p>\n<p>Portalegre, unser n\u00e4chstes Zentrum, wird das Tor zu Marv\u00e3o und Castelo de Vide sein, wo wir auf den Zinnen alter Burgen stehen und nach Spanien hin\u00fcberblicken.<\/p>\n<p>Auf unserer Reise nach Norden bereichern Besuche in Castelo Branco, Belmonte und Lamego unsere Reise mit ihrem tiefen kulturellen Erbe.<\/p>\n<p>Dann \u00f6ffnet sich dramatisch vor uns das pr\u00e4chtige Douro-Tal, das f\u00fcr Portwein ber\u00fchmt ist, wo terrassierte Weinberge der Schwerkraft zu trotzen scheinen, w\u00e4hrend sie hoch \u00fcber dem Fluss thronen. Das Douro-Tal ist unser Tor zum Norden, wo Portugal geboren wurde.<\/p>\n<div id=\"attachment_2556\" style=\"width: 1210px\" class=\"wp-caption alignnone\"><img loading=\"lazy\" decoding=\"async\" aria-describedby=\"caption-attachment-2556\" class=\"size-full wp-image-2556\" src=\"https:\/\/legendatours.net\/wp-content\/uploads\/2020\/06\/castel_guimaraes.jpg\" alt=\"Castle of Guimaraes\" width=\"1200\" height=\"675\" \/><p id=\"caption-attachment-2556\" class=\"wp-caption-text\">Burg von Guimaraes<\/p><\/div>\n<p>Wir besuchen Vila Real und Guimar\u00e3es, wo Portugal vor Jahrhunderten zum unabh\u00e4ngigen K\u00f6nigreich und zur Heimat des ersten K\u00f6nigs erkl\u00e4rt wurde.<\/p>\n<p>Wir fahren dann durch ein Flickenteppich aus Feldern und Vinho Verde-Weinbergen nach Viana do Castelo, der Perle des Nordens.<\/p>\n<p>Unsere erste Woche endet in Porto, der unbesiegbaren Stadt. Hier k\u00f6nnen wir uns entspannen und diese ikonische Stadt des Nordens genie\u00dfen.<\/p>\n<p>Von Porto aus biegen wir auf der Atlantikseite Portugals nach S\u00fcden in Richtung Coimbra ab und halten an, um den Wald und die G\u00e4rten von Bu\u00e7aco und nat\u00fcrlich Conimbriga, das vielleicht pr\u00e4chtigste Beispiel r\u00f6mischer Dekadenz, zu genie\u00dfen.<\/p>\n<p>Wir haben das Gl\u00fcck, zwei N\u00e4chte in der bemerkenswerten und wundersch\u00f6nen Stadt Tomar zu bleiben, was uns erm\u00f6glicht, das ber\u00fchmte Tempelritterkloster Christi zu besuchen.<\/p>\n<p>Besuchen Sie in der N\u00e4he das beeindruckende Kloster Batalha und das intimere und charmantere, wenn auch nicht weniger pr\u00e4chtige Mosteiro de Alcoba\u00e7a.<\/p>\n<div id=\"attachment_3794\" style=\"width: 1034px\" class=\"wp-caption alignnone\"><img loading=\"lazy\" decoding=\"async\" aria-describedby=\"caption-attachment-3794\" class=\"wp-image-3794 size-large\" title=\"Kreuzgang der Abtei von Batalha. Das Dominikanerkloster von Batalha ist eines der absoluten Meisterwerke der gotischen Kunst in Portugal\" src=\"https:\/\/legendatours.net\/wp-content\/uploads\/2020\/09\/Batalha-Abbey-cloisters-1024x692.jpg\" alt=\"Batalha Abbey cloisters\" width=\"1024\" height=\"692\" \/><p id=\"caption-attachment-3794\" class=\"wp-caption-text\">Kreuzgang der Abtei von Batalha. Das Dominikanerkloster von Batalha ist eines der absoluten Meisterwerke der gotischen Kunst in Portugal<\/p><\/div>\n<p>Auf unserer Weiterfahrt nach Lissabon ist ein Besuch von \u00d3bidos, der bekanntesten ummauerten Stadt Portugals, ein Muss.<\/p>\n<p>Zwei weitere N\u00e4chte in Lissabon werden es uns erm\u00f6glichen, den pulsierenden Lebensstil, die Denkm\u00e4ler und Attraktionen dieser gro\u00dfartigen Stadt zu genie\u00dfen.<\/p>\n<p>Lissabon, eine der charismatischsten St\u00e4dte Europas, ist heute zu Recht eine der meistbesuchten St\u00e4dte Europas. Es ist voll von kulturellen H\u00f6hepunkten und Denkm\u00e4lern und hat ein abwechslungsreiches und dynamisches Nachtleben, von traditionellen Fado-Bars bis hin zu modernen Veranstaltungsorten in Chiado, Alfama und am Flussufer des Tejo.<\/p>\n<div id=\"attachment_2504\" style=\"width: 1154px\" class=\"wp-caption alignnone\"><img loading=\"lazy\" decoding=\"async\" aria-describedby=\"caption-attachment-2504\" class=\"size-full wp-image-2504\" src=\"https:\/\/legendatours.net\/wp-content\/uploads\/2020\/03\/belem_tower.jpg\" alt=\"Portugal\u2019s UNESCO World Heritage Sites\" width=\"1144\" height=\"800\" \/><p id=\"caption-attachment-2504\" class=\"wp-caption-text\">Belem-Turm, Lissabon<\/p><\/div>\n<p>Im sonnigen S\u00fcden ist das reiche maurische Erbe allgegenw\u00e4rtig, und wir werden Gelegenheit haben, Sagres zu besuchen, das auf einer Landzunge mit Blick auf einen malerischen Hafen liegt. Prinz Heinrich der Seefahrer startete hier im 15. Jahrhundert Portugals Entdeckungsreisen.<\/p>\n<p>Weiter nach S\u00fcden besuchen wir Alc\u00e1cer do Sal, eine alte maurische Stadt, die von Reisfeldern umgeben ist, bevor wir in Silves, der alten Hauptstadt der Algarve, landen. Von hier aus k\u00f6nnen wir Lagos, Sagres und Cabo de S. Vincente besuchen, einst das Ende der bekannten Welt.<\/p>\n<p>All dies und noch viel mehr erwartet Sie auf dieser wunderbaren, ausf\u00fchrlichen Portugal-Tour!<\/p>\n<div class=\"row\" style=\"display: flex;\">\n<div class=\"column\" style=\"flex: 45%;\">\n<p><iframe loading=\"lazy\" title=\"FARO - Werbevideo 2016 (DE)\" width=\"1080\" height=\"608\" src=\"https:\/\/www.youtube.com\/embed\/HavaBNafrVc?feature=oembed\" frameborder=\"0\" allow=\"accelerometer; autoplay; clipboard-write; encrypted-media; gyroscope; picture-in-picture\" allowfullscreen><\/iframe><\/p>\n<\/div>\n<div class=\"column\" style=\"flex: 10%;\"><\/div>\n<div class=\"column\" style=\"flex: 45%;\">\n<p><iframe loading=\"lazy\" title=\"Portugal wie nie zuvor gesehen (Heritage)\" width=\"1080\" height=\"608\" src=\"https:\/\/www.youtube.com\/embed\/AwMagvRIWhc?list=PLuMAo-oYl9zgZ7THp1rusNGKOkYZUOfhp\" frameborder=\"0\" allow=\"accelerometer; autoplay; clipboard-write; encrypted-media; gyroscope; picture-in-picture\" allowfullscreen><\/iframe><\/p>\n<\/div>\n<\/div>","protected":false},"excerpt":{"rendered":"<p>Diese fantasievoll gestaltete Tour ist ein lebendiger Reisebericht durch das Beste von Portugal.<\/p>\n<p>Wir reisen durch die Kulturgeschichte dieses faszinierenden Landes von den Str\u00e4nden und dramatischen Klippen der Algarve, alten D\u00f6rfern und hohen Bergen im Landesinneren bis in den hohen Norden, wo Portugal geboren wurde.<\/p>\n<p>Unterwegs besuchen wir ber\u00fchmte St\u00e4dte und Denkm\u00e4ler, sch\u00e4tzen die fantastische Landschaft und genie\u00dfen gutes Essen und Wein.<\/p>\n<p>Unser Multi-Center-Urlaub gibt Ihnen die M\u00f6glichkeit, viele der UNESCO-Welterbest\u00e4tten Portugals zu besuchen und seine enorme kulturelle Vielfalt zu erkunden, w\u00e4hrend Sie sich in einer gut geplanten Reiseroute entspannen, die eine Vielzahl von Sehensw\u00fcrdigkeiten abdeckt.<\/p>\n<p>Wir bieten Ihnen die M\u00f6glichkeit einer Rundreise mit Start und Ende in Faro, einem 15-t\u00e4gigen Aufenthalt oder einer 8-t\u00e4gigen Tour mit Start in Porto und Ende in Faro.<\/p>","protected":false},"featured_media":1691,"comment_status":"closed","ping_status":"closed","template":"","meta":{"_acf_changed":false,"inline_featured_image":false},"product_brand":[],"product_cat":[32,329,28,29,30],"product_tag":[330,331,332,211,147,212,333,183,334,335,336,213,267,36,214,337,40,84,85,215,268,338,130,46,339,117,217,131,53,197,138,55,340,223,56,57,60,341,64,65,342,343,278,344,207,71,345,233,346],"class_list":{"0":"post-7599","1":"product","2":"type-product","3":"status-publish","4":"has-post-thumbnail","6":"product_cat-cultural-tours-and-holidays-in-portugal","7":"product_cat-guided-coach-tours-in-portugal","8":"product_cat-guided-group-tours","9":"product_cat-portugal-guided-historical-holidays","10":"product_cat-guided-sightseeing-holidays-portugal","11":"product_tag-alcacer-do-sal","12":"product_tag-alcobaca","13":"product_tag-alenteho","14":"product_tag-alentejo-landscape","15":"product_tag-algarve","16":"product_tag-ancient-buildings","17":"product_tag-ancient-churches","18":"product_tag-ancient-villages-and-castles","19":"product_tag-batalha","20":"product_tag-bucaco-hills","21":"product_tag-bus-trip","22":"product_tag-castelo-de-vide","23":"product_tag-coimbra","24":"product_tag-cultural-heritage","25":"product_tag-culture","26":"product_tag-delicious-food","27":"product_tag-douro-valley","28":"product_tag-dramatic-beauty-of-the-atlantic-coast","29":"product_tag-dramatic-cliffs","30":"product_tag-evora","31":"product_tag-faro","32":"product_tag-food-and-wines-are-tasty","33":"product_tag-gastronomy","34":"product_tag-gastronomy-and-wines","35":"product_tag-guided-tour-by-coach","36":"product_tag-guimaraes","37":"product_tag-heritage","38":"product_tag-heritage-in-lisbon","39":"product_tag-historical-monuments-in-lisbon","40":"product_tag-knights-templar","41":"product_tag-lisbon","42":"product_tag-local-gastronomy","43":"product_tag-megalithic-monuments","44":"product_tag-monuments","45":"product_tag-oporto","46":"product_tag-porto","47":"product_tag-portugal","48":"product_tag-portugal-great-food-and-wine","49":"product_tag-roman-and-arab-vestiges","50":"product_tag-roman-vestiges","51":"product_tag-seafood","52":"product_tag-silves","53":"product_tag-sintra","54":"product_tag-templars-knights","55":"product_tag-tomar","56":"product_tag-unesco-world-heritage-site","57":"product_tag-vineyards","58":"product_tag-world-heritage","59":"product_tag-world-heritage-city","61":"first","62":"instock","63":"virtual","64":"product-type-simple"},"acf":[],"yoast_head":"<!-- This site is optimized with the Yoast SEO Premium plugin v26.8 (Yoast SEO v27.5) - https:\/\/yoast.com\/product\/yoast-seo-premium-wordpress\/ -->\n<title>The Best of Portugal by Coach - Legendary Adventure DMC Portugal<\/title>\n<meta name=\"robots\" content=\"index, follow, max-snippet:-1, max-image-preview:large, max-video-preview:-1\" \/>\n<link rel=\"canonical\" href=\"https:\/\/legendatours.com\/de\/produkt\/the-best-of-portugal-by-coach-6100g\/\" \/>\n<meta property=\"og:locale\" content=\"de_DE\" \/>\n<meta property=\"og:type\" content=\"article\" \/>\n<meta property=\"og:title\" content=\"The Best of Portugal by Coach\" \/>\n<meta property=\"og:description\" content=\"This imaginatively designed tour is a living travelogue through the best of Portugal.  We journey through the cultural history of this fascinating country from the beaches and dramatic cliffs of the Algarve, ancient villages, and high mountains of the interior to the far north where Portugal was born.  On the way, we will visit iconic cities and monuments, appreciate the fantastic scenery, and enjoy great food and wine.  Our multi-centre holiday will give you the opportunity to visit many of Portugal\u2019s UNESCO World Heritage Sites and explore its huge cultural diversity while relaxing in a well-planned itinerary covering a vast array of points of interest.  We give you the option of a round trip starting and ending in Faro, a 15-day stay, or an 8-day tour, starting in Porto and ending in Faro.\" \/>\n<meta property=\"og:url\" content=\"https:\/\/legendatours.com\/de\/produkt\/the-best-of-portugal-by-coach-6100g\/\" \/>\n<meta property=\"og:site_name\" content=\"Legendary Adventure DMC Portugal\" \/>\n<meta property=\"article:publisher\" content=\"https:\/\/www.facebook.com\/legendaryadventuredmc\/\" \/>\n<meta property=\"article:modified_time\" content=\"2021-09-17T12:53:34+00:00\" \/>\n<meta property=\"og:image\" content=\"https:\/\/legendatours.com\/wp-content\/uploads\/sites\/12\/2021\/04\/belem_tower.jpg\" \/>\n\t<meta property=\"og:image:width\" content=\"1144\" \/>\n\t<meta property=\"og:image:height\" content=\"800\" \/>\n\t<meta property=\"og:image:type\" content=\"image\/jpeg\" \/>\n<meta name=\"twitter:card\" content=\"summary_large_image\" \/>\n<meta name=\"twitter:label1\" content=\"Gesch\u00e4tzte Lesezeit\" \/>\n\t<meta name=\"twitter:data1\" content=\"5\u00a0Minuten\" \/>\n<script type=\"application\/ld+json\" class=\"yoast-schema-graph\">{\"@context\":\"https:\\\/\\\/schema.org\",\"@graph\":[{\"@type\":\"WebPage\",\"@id\":\"https:\\\/\\\/legendatours.com\\\/product\\\/the-best-of-portugal-by-coach-6100g\\\/\",\"url\":\"https:\\\/\\\/legendatours.com\\\/product\\\/the-best-of-portugal-by-coach-6100g\\\/\",\"name\":\"The Best of Portugal by Coach - Legendary Adventure DMC Portugal\",\"isPartOf\":{\"@id\":\"https:\\\/\\\/legendatours.com\\\/#website\"},\"primaryImageOfPage\":{\"@id\":\"https:\\\/\\\/legendatours.com\\\/product\\\/the-best-of-portugal-by-coach-6100g\\\/#primaryimage\"},\"image\":{\"@id\":\"https:\\\/\\\/legendatours.com\\\/product\\\/the-best-of-portugal-by-coach-6100g\\\/#primaryimage\"},\"thumbnailUrl\":\"https:\\\/\\\/legendatours.com\\\/wp-content\\\/uploads\\\/sites\\\/12\\\/2021\\\/04\\\/belem_tower.jpg\",\"datePublished\":\"2020-08-07T14:33:13+00:00\",\"dateModified\":\"2021-09-17T12:53:34+00:00\",\"breadcrumb\":{\"@id\":\"https:\\\/\\\/legendatours.com\\\/product\\\/the-best-of-portugal-by-coach-6100g\\\/#breadcrumb\"},\"inLanguage\":\"de\",\"potentialAction\":[{\"@type\":\"ReadAction\",\"target\":[\"https:\\\/\\\/legendatours.com\\\/product\\\/the-best-of-portugal-by-coach-6100g\\\/\"]}]},{\"@type\":\"ImageObject\",\"inLanguage\":\"de\",\"@id\":\"https:\\\/\\\/legendatours.com\\\/product\\\/the-best-of-portugal-by-coach-6100g\\\/#primaryimage\",\"url\":\"https:\\\/\\\/legendatours.com\\\/wp-content\\\/uploads\\\/sites\\\/12\\\/2021\\\/04\\\/belem_tower.jpg\",\"contentUrl\":\"https:\\\/\\\/legendatours.com\\\/wp-content\\\/uploads\\\/sites\\\/12\\\/2021\\\/04\\\/belem_tower.jpg\",\"width\":1144,\"height\":800,\"caption\":\"Belem Tower, Lisbon\"},{\"@type\":\"BreadcrumbList\",\"@id\":\"https:\\\/\\\/legendatours.com\\\/product\\\/the-best-of-portugal-by-coach-6100g\\\/#breadcrumb\",\"itemListElement\":[{\"@type\":\"ListItem\",\"position\":1,\"name\":\"Home\",\"item\":\"https:\\\/\\\/legendatours.com\\\/\"},{\"@type\":\"ListItem\",\"position\":2,\"name\":\"Shop\",\"item\":\"https:\\\/\\\/legendatours.com\\\/sv\\\/?page_id=4\"},{\"@type\":\"ListItem\",\"position\":3,\"name\":\"The Best of Portugal by Coach\"}]},{\"@type\":\"WebSite\",\"@id\":\"https:\\\/\\\/legendatours.com\\\/#website\",\"url\":\"https:\\\/\\\/legendatours.com\\\/\",\"name\":\"Legendary Adventure DMC Portugal\",\"description\":\"Responsible Walking &amp; Nature Holidays in Portugal\",\"publisher\":{\"@id\":\"https:\\\/\\\/legendatours.com\\\/#organization\"},\"alternateName\":\"Legendary Adventure Portugal\",\"potentialAction\":[{\"@type\":\"SearchAction\",\"target\":{\"@type\":\"EntryPoint\",\"urlTemplate\":\"https:\\\/\\\/legendatours.com\\\/?s={search_term_string}\"},\"query-input\":{\"@type\":\"PropertyValueSpecification\",\"valueRequired\":true,\"valueName\":\"search_term_string\"}}],\"inLanguage\":\"de\"},{\"@type\":\"Organization\",\"@id\":\"https:\\\/\\\/legendatours.com\\\/#organization\",\"name\":\"legendatours.com\",\"url\":\"https:\\\/\\\/legendatours.com\\\/\",\"logo\":{\"@type\":\"ImageObject\",\"inLanguage\":\"de\",\"@id\":\"https:\\\/\\\/legendatours.com\\\/#\\\/schema\\\/logo\\\/image\\\/\",\"url\":\"https:\\\/\\\/legendatours.com\\\/wp-content\\\/uploads\\\/sites\\\/12\\\/2021\\\/06\\\/legendary_adventure_dmc.png\",\"contentUrl\":\"https:\\\/\\\/legendatours.com\\\/wp-content\\\/uploads\\\/sites\\\/12\\\/2021\\\/06\\\/legendary_adventure_dmc.png\",\"width\":250,\"height\":74,\"caption\":\"legendatours.com\"},\"image\":{\"@id\":\"https:\\\/\\\/legendatours.com\\\/#\\\/schema\\\/logo\\\/image\\\/\"},\"sameAs\":[\"https:\\\/\\\/www.facebook.com\\\/legendaryadventuredmc\\\/\",\"https:\\\/\\\/www.linkedin.com\\\/company\\\/legendary-adventure-dmc-portugal\",\"https:\\\/\\\/www.youtube.com\\\/channel\\\/UCOIRDx_KM6ynIcacQkZjb6g\"]}]}<\/script>\n<!-- \/ Yoast SEO Premium plugin. -->","yoast_head_json":{"title":"Das Beste von Portugal im Reisebus - Legend\u00e4res Abenteuer DMC Portugal","robots":{"index":"index","follow":"follow","max-snippet":"max-snippet:-1","max-image-preview":"max-image-preview:large","max-video-preview":"max-video-preview:-1"},"canonical":"https:\/\/legendatours.com\/de\/produkt\/the-best-of-portugal-by-coach-6100g\/","og_locale":"de_DE","og_type":"article","og_title":"The Best of Portugal by Coach","og_description":"This imaginatively designed tour is a living travelogue through the best of Portugal.  We journey through the cultural history of this fascinating country from the beaches and dramatic cliffs of the Algarve, ancient villages, and high mountains of the interior to the far north where Portugal was born.  On the way, we will visit iconic cities and monuments, appreciate the fantastic scenery, and enjoy great food and wine.  Our multi-centre holiday will give you the opportunity to visit many of Portugal\u2019s UNESCO World Heritage Sites and explore its huge cultural diversity while relaxing in a well-planned itinerary covering a vast array of points of interest.  We give you the option of a round trip starting and ending in Faro, a 15-day stay, or an 8-day tour, starting in Porto and ending in Faro.","og_url":"https:\/\/legendatours.com\/de\/produkt\/the-best-of-portugal-by-coach-6100g\/","og_site_name":"Legendary Adventure DMC Portugal","article_publisher":"https:\/\/www.facebook.com\/legendaryadventuredmc\/","article_modified_time":"2021-09-17T12:53:34+00:00","og_image":[{"width":1144,"height":800,"url":"https:\/\/legendatours.com\/wp-content\/uploads\/sites\/12\/2021\/04\/belem_tower.jpg","type":"image\/jpeg"}],"twitter_card":"summary_large_image","twitter_misc":{"Gesch\u00e4tzte Lesezeit":"5\u00a0Minuten"},"schema":{"@context":"https:\/\/schema.org","@graph":[{"@type":"WebPage","@id":"https:\/\/legendatours.com\/product\/the-best-of-portugal-by-coach-6100g\/","url":"https:\/\/legendatours.com\/product\/the-best-of-portugal-by-coach-6100g\/","name":"Das Beste von Portugal im Reisebus - Legend\u00e4res Abenteuer DMC Portugal","isPartOf":{"@id":"https:\/\/legendatours.com\/#website"},"primaryImageOfPage":{"@id":"https:\/\/legendatours.com\/product\/the-best-of-portugal-by-coach-6100g\/#primaryimage"},"image":{"@id":"https:\/\/legendatours.com\/product\/the-best-of-portugal-by-coach-6100g\/#primaryimage"},"thumbnailUrl":"https:\/\/legendatours.com\/wp-content\/uploads\/sites\/12\/2021\/04\/belem_tower.jpg","datePublished":"2020-08-07T14:33:13+00:00","dateModified":"2021-09-17T12:53:34+00:00","breadcrumb":{"@id":"https:\/\/legendatours.com\/product\/the-best-of-portugal-by-coach-6100g\/#breadcrumb"},"inLanguage":"de","potentialAction":[{"@type":"ReadAction","target":["https:\/\/legendatours.com\/product\/the-best-of-portugal-by-coach-6100g\/"]}]},{"@type":"ImageObject","inLanguage":"de","@id":"https:\/\/legendatours.com\/product\/the-best-of-portugal-by-coach-6100g\/#primaryimage","url":"https:\/\/legendatours.com\/wp-content\/uploads\/sites\/12\/2021\/04\/belem_tower.jpg","contentUrl":"https:\/\/legendatours.com\/wp-content\/uploads\/sites\/12\/2021\/04\/belem_tower.jpg","width":1144,"height":800,"caption":"Belem Tower, Lisbon"},{"@type":"BreadcrumbList","@id":"https:\/\/legendatours.com\/product\/the-best-of-portugal-by-coach-6100g\/#breadcrumb","itemListElement":[{"@type":"ListItem","position":1,"name":"Home","item":"https:\/\/legendatours.com\/"},{"@type":"ListItem","position":2,"name":"Shop","item":"https:\/\/legendatours.com\/sv\/?page_id=4"},{"@type":"ListItem","position":3,"name":"The Best of Portugal by Coach"}]},{"@type":"WebSite","@id":"https:\/\/legendatours.com\/#website","url":"https:\/\/legendatours.com\/","name":"Legend\u00e4res Abenteuer DMC Portugal","description":"Verantwortungsvolles Wandern und Natururlaub in Portugal","publisher":{"@id":"https:\/\/legendatours.com\/#organization"},"alternateName":"Legendary Adventure Portugal","potentialAction":[{"@type":"SearchAction","target":{"@type":"EntryPoint","urlTemplate":"https:\/\/legendatours.com\/?s={search_term_string}"},"query-input":{"@type":"PropertyValueSpecification","valueRequired":true,"valueName":"search_term_string"}}],"inLanguage":"de"},{"@type":"Organization","@id":"https:\/\/legendatours.com\/#organization","name":"legendatours.com","url":"https:\/\/legendatours.com\/","logo":{"@type":"ImageObject","inLanguage":"de","@id":"https:\/\/legendatours.com\/#\/schema\/logo\/image\/","url":"https:\/\/legendatours.com\/wp-content\/uploads\/sites\/12\/2021\/06\/legendary_adventure_dmc.png","contentUrl":"https:\/\/legendatours.com\/wp-content\/uploads\/sites\/12\/2021\/06\/legendary_adventure_dmc.png","width":250,"height":74,"caption":"legendatours.com"},"image":{"@id":"https:\/\/legendatours.com\/#\/schema\/logo\/image\/"},"sameAs":["https:\/\/www.facebook.com\/legendaryadventuredmc\/","https:\/\/www.linkedin.com\/company\/legendary-adventure-dmc-portugal","https:\/\/www.youtube.com\/channel\/UCOIRDx_KM6ynIcacQkZjb6g"]}]}},"_links":{"self":[{"href":"https:\/\/legendatours.com\/de\/wp-json\/wp\/v2\/product\/7599","targetHints":{"allow":["GET"]}}],"collection":[{"href":"https:\/\/legendatours.com\/de\/wp-json\/wp\/v2\/product"}],"about":[{"href":"https:\/\/legendatours.com\/de\/wp-json\/wp\/v2\/types\/product"}],"replies":[{"embeddable":true,"href":"https:\/\/legendatours.com\/de\/wp-json\/wp\/v2\/comments?post=7599"}],"wp:featuredmedia":[{"embeddable":true,"href":"https:\/\/legendatours.com\/de\/wp-json\/wp\/v2\/media\/1691"}],"wp:attachment":[{"href":"https:\/\/legendatours.com\/de\/wp-json\/wp\/v2\/media?parent=7599"}],"wp:term":[{"taxonomy":"product_brand","embeddable":true,"href":"https:\/\/legendatours.com\/de\/wp-json\/wp\/v2\/product_brand?post=7599"},{"taxonomy":"product_cat","embeddable":true,"href":"https:\/\/legendatours.com\/de\/wp-json\/wp\/v2\/product_cat?post=7599"},{"taxonomy":"product_tag","embeddable":true,"href":"https:\/\/legendatours.com\/de\/wp-json\/wp\/v2\/product_tag?post=7599"}],"curies":[{"name":"wp","href":"https:\/\/api.w.org\/{rel}","templated":true}]}}