{"id":7615,"date":"2020-07-16T16:26:55","date_gmt":"2020-07-16T16:26:55","guid":{"rendered":"https:\/\/legendatours.com\/product\/holidays-in-portugal-from-porto-to-lisbon\/"},"modified":"2021-11-22T12:50:24","modified_gmt":"2021-11-22T12:50:24","slug":"from-porto-to-lisbon-10100g","status":"publish","type":"product","link":"https:\/\/legendatours.com\/de\/produkt\/from-porto-to-lisbon-10100g\/","title":{"rendered":"Urlaub in Portugal Von Porto nach Lissabon"},"content":{"rendered":"<p><strong>Gruppen ab 6 Personen akzeptiert.<\/strong><\/p>\n<p>&nbsp;<\/p>\n<p>Diese Tour bietet das Beste der beiden gro\u00dfen St\u00e4dte Portugals, die beide geschichtstr\u00e4chtig und gleichzeitig lebendig und modern sind, und weniger touristische Regionen mit wenig bekannten Geheimnissen besuchen.<\/p>\n<p>Es gibt viel zu sehen, aber es bleibt auch gen\u00fcgend Zeit zum Entspannen. Unser Ziel ist es, dass Sie die Erfahrung Ihres Lebens machen.<\/p>\n<div id=\"attachment_1931\" style=\"width: 1034px\" class=\"wp-caption alignnone\"><img loading=\"lazy\" decoding=\"async\" aria-describedby=\"caption-attachment-1931\" class=\"size-full wp-image-1931\" src=\"https:\/\/legendatours.net\/wp-content\/uploads\/2020\/03\/Art-deco-facade-Porto-e1611680378904.jpg\" alt=\"Art deco facade Porto\" width=\"1024\" height=\"683\" \/><p id=\"caption-attachment-1931\" class=\"wp-caption-text\">Die Art-Deco-Fassade Porto f\u00fchrt Sie in die Vergangenheit zur\u00fcck, um die Auswirkungen der Belle poque zu verstehen.<\/p><\/div>\n<p>Porto<\/p>\n<p>Porto, dramatisch an der M\u00fcndung des Rio Douro gelegen, hat eine wundervolle Atmosph\u00e4re. Es ist vollgepackt mit alten und gro\u00dfartigen Denkm\u00e4lern, die sich mit dem portugiesischen Alltagsleben vereinen.<\/p>\n<p>Die Altstadt ist ein UNESCO-Weltkulturerbe voller historischer Geb\u00e4ude und herausragender Denkm\u00e4ler sowie malerischer mittelalterlicher Gassen.<br \/>\nPorto bietet eine \u00fcberzeugende Synthese aus antiken und zeitgen\u00f6ssischen Sehensw\u00fcrdigkeiten und es ist eine Freude, sanft durch seine vielf\u00e4ltige Landschaft zu schlendern.<\/p>\n<div id=\"attachment_2608\" style=\"width: 1034px\" class=\"wp-caption alignnone\"><img loading=\"lazy\" decoding=\"async\" aria-describedby=\"caption-attachment-2608\" class=\"wp-image-2608 size-large\" title=\"Coimbra, Heimat einer der \u00e4ltesten Universit\u00e4ten der Welt\" src=\"https:\/\/legendatours.net\/wp-content\/uploads\/2020\/05\/coimbra_river-1024x683.jpg\" alt=\"Coimbra, home to one of the oldest Universities in the world\" width=\"1024\" height=\"683\" \/><p id=\"caption-attachment-2608\" class=\"wp-caption-text\">Coimbra, Heimat einer der \u00e4ltesten Universit\u00e4ten der Welt<\/p><\/div>\n<p>Coimbra<\/p>\n<p>Coimbra, Heimat einer der \u00e4ltesten Universit\u00e4ten der Welt, ist ein zeitloses Reiseziel, das die Werke gefeierter Dichter und Schriftsteller, eine lange Tradition gef\u00fchlvoller Fado-Serenaden und ein wirklich einzigartiges Erbe hochgeistiger akademischer Rituale inspiriert hat.<\/p>\n<div id=\"attachment_3795\" style=\"width: 1034px\" class=\"wp-caption alignnone\"><img loading=\"lazy\" decoding=\"async\" aria-describedby=\"caption-attachment-3795\" class=\"size-full wp-image-3795\" src=\"https:\/\/legendatours.net\/wp-content\/uploads\/2020\/09\/Batalha-e1611668761366.jpg\" alt=\"UNESCO World Heritage Batalha Monastery Portugal\" width=\"1024\" height=\"682\" \/><p id=\"caption-attachment-3795\" class=\"wp-caption-text\">UNESCO-Weltkulturerbe Kloster Batalha Portugal<\/p><\/div>\n<p>Abtei Batalha &amp; Abtei Alcoba\u00e7a<\/p>\n<p>Wir besuchen zwei wichtige St\u00e4tten, die zum Weltkulturerbe geh\u00f6ren, die Abtei von Batalha, eines der gr\u00f6\u00dften gotischen Meisterwerke Europas, und die Abtei von Alcoba\u00e7a aus dem 12. ber\u00fchmte k\u00f6nigliche Liebhaber.<\/p>\n<div id=\"attachment_2504\" style=\"width: 1154px\" class=\"wp-caption alignnone\"><img loading=\"lazy\" decoding=\"async\" aria-describedby=\"caption-attachment-2504\" class=\"wp-image-2504 size-full\" src=\"https:\/\/legendatours.net\/wp-content\/uploads\/2020\/03\/belem_tower.jpg\" alt=\"Portugal\u2019s UNESCO World Heritage Sites\" width=\"1144\" height=\"800\" \/><p id=\"caption-attachment-2504\" class=\"wp-caption-text\">Turm von Belem, Lissabon. Dieser Turm wurde am n\u00f6rdlichen Ufer des Tejo gebaut und diente der Verteidigung der Stadt.<\/p><\/div>\n<p>Lissabon<\/p>\n<p>Lissabon ist so viel Besonderes; Es ist das Ger\u00e4usch von Oldtimer-Stra\u00dfenbahnen, die kopfsteingepflasterte Stra\u00dfen hinauf und hinunter schlendern, ein Medley von herzlichen Fado-Liedern, eine Open-Air-Galerie mit historischem Erbe, eine Oase f\u00fcr Freigeister, eine \u00dcberraschung f\u00fcr modische K\u00e4ufer und Portugals &quot;coolste Stadt&quot;.<\/p>\n<p>Diese bezaubernde \u201eStadt des Lichts\u201c ist reich an Geschichte und Kultur und bietet eine nat\u00fcrliche Leuchtkraft und einen m\u00fchelosen Charme wie keine andere im Land.<\/p>\n<div id=\"attachment_2546\" style=\"width: 1034px\" class=\"wp-caption alignnone\"><img loading=\"lazy\" decoding=\"async\" aria-describedby=\"caption-attachment-2546\" class=\"wp-image-2546 size-large\" title=\"Sintra M\u00e4rchenlandschaft\" src=\"https:\/\/legendatours.net\/wp-content\/uploads\/2020\/06\/sintra-1024x683.jpg\" alt=\"Sintra fairytale scenery\" width=\"1024\" height=\"683\" \/><p id=\"caption-attachment-2546\" class=\"wp-caption-text\">Sintra M\u00e4rchenlandschaft. Sintra, von vielen als eine der sch\u00f6nsten St\u00e4dte Portugals bekannt,<\/p><\/div>\n<p>Sintra<\/p>\n<p>In Sintra dreht sich alles um landschaftliche Pracht, ein Reich der Romantik, in dem majest\u00e4tische m\u00e4rchenhafte Pal\u00e4ste, ein grandioses Schloss, k\u00f6nigliche Anwesen und charmante rot geflieste H\u00e4user inmitten einer Landschaft \u00fcppiger, halbtropischer W\u00e4lder und H\u00fcgel stehen.<\/p>\n<div class=\"row\" style=\"display: flex;\">\n<div class=\"column\" style=\"flex: 45%;\">\n<p><iframe loading=\"lazy\" title=\"Lissabon - das Auge eines Gelegenheitstouristen\" width=\"1080\" height=\"608\" src=\"https:\/\/www.youtube.com\/embed\/OYjQ46JX_us?list=PLKtnBPNE6c0GWNw9bzwPC-eNr8EUpXvKw\" frameborder=\"0\" allow=\"accelerometer; autoplay; clipboard-write; encrypted-media; gyroscope; picture-in-picture\" allowfullscreen><\/iframe><\/p>\n<\/div>\n<div class=\"column\" style=\"flex: 10%;\"><\/div>\n<div class=\"column\" style=\"flex: 45%;\">\n<p><iframe loading=\"lazy\" title=\"BITTEN AUF PORTO: EPISODE EINS | Porto-Reisef\u00fchrer 2019 | Das Juwel Nordportugals \ud83c\uddf5\ud83c\uddf9\" width=\"1080\" height=\"608\" src=\"https:\/\/www.youtube.com\/embed\/Ip-ybLFbvCQ?feature=oembed\" frameborder=\"0\" allow=\"accelerometer; autoplay; clipboard-write; encrypted-media; gyroscope; picture-in-picture\" allowfullscreen><\/iframe><\/p>\n<\/div>\n<\/div>","protected":false},"excerpt":{"rendered":"<p>Diese Tour bietet das Beste der beiden gro\u00dfen St\u00e4dte Portugals, die beide geschichtstr\u00e4chtig und gleichzeitig lebendig und modern sind, und weniger touristische Regionen mit wenig bekannten Geheimnissen besuchen.<\/p>\n<p>Es gibt viel zu sehen, aber es bleibt auch gen\u00fcgend Zeit zum Entspannen. Unser Ziel ist es, dass Sie die Erfahrung Ihres Lebens machen.<\/p>","protected":false},"featured_media":1703,"comment_status":"closed","ping_status":"closed","template":"","meta":{"_acf_changed":false,"inline_featured_image":false},"product_brand":[],"product_cat":[32,28,29,30],"product_tag":[334,78,186,267,366,36,214,43,44,87,48,131,49,50,135,52,53,1154,54,195,197,139,55,95,201,202,56,57,58,356,59,261,363,142,229,278,69,70,71],"class_list":{"0":"post-7615","1":"product","2":"type-product","3":"status-publish","4":"has-post-thumbnail","6":"product_cat-cultural-tours-and-holidays-in-portugal","7":"product_cat-guided-group-tours","8":"product_cat-portugal-guided-historical-holidays","9":"product_cat-guided-sightseeing-holidays-portugal","10":"product_tag-batalha","11":"product_tag-beautiful-landscapes","12":"product_tag-charming-historical-towns","13":"product_tag-coimbra","14":"product_tag-coimbra-fado","15":"product_tag-cultural-heritage","16":"product_tag-culture","17":"product_tag-fado","18":"product_tag-fado-music","19":"product_tag-green-landscape","20":"product_tag-guided-tours","21":"product_tag-heritage-in-lisbon","22":"product_tag-hidden-landscapes","23":"product_tag-historic","24":"product_tag-historic-monuments-in-porto","25":"product_tag-historic-town","26":"product_tag-historical-monuments-in-lisbon","27":"product_tag-historical-perspective","28":"product_tag-historical-tour","29":"product_tag-history-and-heritage","30":"product_tag-knights-templar","31":"product_tag-lisbon-holidays","32":"product_tag-local-gastronomy","33":"product_tag-magnificent-landscape","34":"product_tag-medieval-streets","35":"product_tag-medieval-times","36":"product_tag-oporto","37":"product_tag-porto","38":"product_tag-porto-bridges","39":"product_tag-porto-holidays","40":"product_tag-porto-world-heritage","41":"product_tag-shopping-in-lisbon","42":"product_tag-shopping-in-porto","43":"product_tag-sightseeing-holidays-portugal","44":"product_tag-sightseeing-porto","45":"product_tag-sintra","46":"product_tag-traditional-portuguese","47":"product_tag-traditions","48":"product_tag-unesco-world-heritage-site","50":"first","51":"instock","52":"virtual","53":"product-type-simple"},"acf":[],"yoast_head":"<!-- This site is optimized with the Yoast SEO Premium plugin v26.8 (Yoast SEO v27.5) - https:\/\/yoast.com\/product\/yoast-seo-premium-wordpress\/ -->\n<title>Holidays in Portugal From Porto to Lisbon - Legendary Adventure DMC Portugal<\/title>\n<meta name=\"robots\" content=\"index, follow, max-snippet:-1, max-image-preview:large, max-video-preview:-1\" \/>\n<link rel=\"canonical\" href=\"https:\/\/legendatours.com\/de\/produkt\/from-porto-to-lisbon-10100g\/\" \/>\n<meta property=\"og:locale\" content=\"de_DE\" \/>\n<meta property=\"og:type\" content=\"article\" \/>\n<meta property=\"og:title\" content=\"Holidays in Portugal From Porto to Lisbon\" \/>\n<meta property=\"og:description\" content=\"This Tour will give the best of the two major cities of Portugal, both steeped in history, yet vibrant and modern at the same time, and visit less touristic regions with secrets little known.  There is much to see but there will be plenty of time to relax as well. Our intention is that you will have the experience of a lifetime.\" \/>\n<meta property=\"og:url\" content=\"https:\/\/legendatours.com\/de\/produkt\/from-porto-to-lisbon-10100g\/\" \/>\n<meta property=\"og:site_name\" content=\"Legendary Adventure DMC Portugal\" \/>\n<meta property=\"article:publisher\" content=\"https:\/\/www.facebook.com\/legendaryadventuredmc\/\" \/>\n<meta property=\"article:modified_time\" content=\"2021-11-22T12:50:24+00:00\" \/>\n<meta property=\"og:image\" content=\"https:\/\/legendatours.com\/wp-content\/uploads\/sites\/12\/2021\/04\/porto.jpg\" \/>\n\t<meta property=\"og:image:width\" content=\"1200\" \/>\n\t<meta property=\"og:image:height\" content=\"800\" \/>\n\t<meta property=\"og:image:type\" content=\"image\/jpeg\" \/>\n<meta name=\"twitter:card\" content=\"summary_large_image\" \/>\n<meta name=\"twitter:label1\" content=\"Gesch\u00e4tzte Lesezeit\" \/>\n\t<meta name=\"twitter:data1\" content=\"2\u00a0Minuten\" \/>\n<script type=\"application\/ld+json\" class=\"yoast-schema-graph\">{\"@context\":\"https:\\\/\\\/schema.org\",\"@graph\":[{\"@type\":\"WebPage\",\"@id\":\"https:\\\/\\\/legendatours.com\\\/product\\\/from-porto-to-lisbon-10100g\\\/\",\"url\":\"https:\\\/\\\/legendatours.com\\\/product\\\/from-porto-to-lisbon-10100g\\\/\",\"name\":\"Holidays in Portugal From Porto to Lisbon - Legendary Adventure DMC Portugal\",\"isPartOf\":{\"@id\":\"https:\\\/\\\/legendatours.com\\\/#website\"},\"primaryImageOfPage\":{\"@id\":\"https:\\\/\\\/legendatours.com\\\/product\\\/from-porto-to-lisbon-10100g\\\/#primaryimage\"},\"image\":{\"@id\":\"https:\\\/\\\/legendatours.com\\\/product\\\/from-porto-to-lisbon-10100g\\\/#primaryimage\"},\"thumbnailUrl\":\"https:\\\/\\\/legendatours.com\\\/wp-content\\\/uploads\\\/sites\\\/12\\\/2021\\\/04\\\/porto.jpg\",\"datePublished\":\"2020-07-16T16:26:55+00:00\",\"dateModified\":\"2021-11-22T12:50:24+00:00\",\"breadcrumb\":{\"@id\":\"https:\\\/\\\/legendatours.com\\\/product\\\/from-porto-to-lisbon-10100g\\\/#breadcrumb\"},\"inLanguage\":\"de\",\"potentialAction\":[{\"@type\":\"ReadAction\",\"target\":[\"https:\\\/\\\/legendatours.com\\\/product\\\/from-porto-to-lisbon-10100g\\\/\"]}]},{\"@type\":\"ImageObject\",\"inLanguage\":\"de\",\"@id\":\"https:\\\/\\\/legendatours.com\\\/product\\\/from-porto-to-lisbon-10100g\\\/#primaryimage\",\"url\":\"https:\\\/\\\/legendatours.com\\\/wp-content\\\/uploads\\\/sites\\\/12\\\/2021\\\/04\\\/porto.jpg\",\"contentUrl\":\"https:\\\/\\\/legendatours.com\\\/wp-content\\\/uploads\\\/sites\\\/12\\\/2021\\\/04\\\/porto.jpg\",\"width\":1200,\"height\":800,\"caption\":\"Porto\"},{\"@type\":\"BreadcrumbList\",\"@id\":\"https:\\\/\\\/legendatours.com\\\/product\\\/from-porto-to-lisbon-10100g\\\/#breadcrumb\",\"itemListElement\":[{\"@type\":\"ListItem\",\"position\":1,\"name\":\"Home\",\"item\":\"https:\\\/\\\/legendatours.com\\\/\"},{\"@type\":\"ListItem\",\"position\":2,\"name\":\"Shop\",\"item\":\"https:\\\/\\\/legendatours.com\\\/sv\\\/?page_id=4\"},{\"@type\":\"ListItem\",\"position\":3,\"name\":\"Holidays in Portugal From Porto to Lisbon\"}]},{\"@type\":\"WebSite\",\"@id\":\"https:\\\/\\\/legendatours.com\\\/#website\",\"url\":\"https:\\\/\\\/legendatours.com\\\/\",\"name\":\"Legendary Adventure DMC Portugal\",\"description\":\"Responsible Walking &amp; Nature Holidays in Portugal\",\"publisher\":{\"@id\":\"https:\\\/\\\/legendatours.com\\\/#organization\"},\"alternateName\":\"Legendary Adventure Portugal\",\"potentialAction\":[{\"@type\":\"SearchAction\",\"target\":{\"@type\":\"EntryPoint\",\"urlTemplate\":\"https:\\\/\\\/legendatours.com\\\/?s={search_term_string}\"},\"query-input\":{\"@type\":\"PropertyValueSpecification\",\"valueRequired\":true,\"valueName\":\"search_term_string\"}}],\"inLanguage\":\"de\"},{\"@type\":\"Organization\",\"@id\":\"https:\\\/\\\/legendatours.com\\\/#organization\",\"name\":\"legendatours.com\",\"url\":\"https:\\\/\\\/legendatours.com\\\/\",\"logo\":{\"@type\":\"ImageObject\",\"inLanguage\":\"de\",\"@id\":\"https:\\\/\\\/legendatours.com\\\/#\\\/schema\\\/logo\\\/image\\\/\",\"url\":\"https:\\\/\\\/legendatours.com\\\/wp-content\\\/uploads\\\/sites\\\/12\\\/2021\\\/06\\\/legendary_adventure_dmc.png\",\"contentUrl\":\"https:\\\/\\\/legendatours.com\\\/wp-content\\\/uploads\\\/sites\\\/12\\\/2021\\\/06\\\/legendary_adventure_dmc.png\",\"width\":250,\"height\":74,\"caption\":\"legendatours.com\"},\"image\":{\"@id\":\"https:\\\/\\\/legendatours.com\\\/#\\\/schema\\\/logo\\\/image\\\/\"},\"sameAs\":[\"https:\\\/\\\/www.facebook.com\\\/legendaryadventuredmc\\\/\",\"https:\\\/\\\/www.linkedin.com\\\/company\\\/legendary-adventure-dmc-portugal\",\"https:\\\/\\\/www.youtube.com\\\/channel\\\/UCOIRDx_KM6ynIcacQkZjb6g\"]}]}<\/script>\n<!-- \/ Yoast SEO Premium plugin. -->","yoast_head_json":{"title":"Urlaub in Portugal Von Porto nach Lissabon - Legendary Adventure DMC Portugal","robots":{"index":"index","follow":"follow","max-snippet":"max-snippet:-1","max-image-preview":"max-image-preview:large","max-video-preview":"max-video-preview:-1"},"canonical":"https:\/\/legendatours.com\/de\/produkt\/from-porto-to-lisbon-10100g\/","og_locale":"de_DE","og_type":"article","og_title":"Holidays in Portugal From Porto to Lisbon","og_description":"This Tour will give the best of the two major cities of Portugal, both steeped in history, yet vibrant and modern at the same time, and visit less touristic regions with secrets little known.  There is much to see but there will be plenty of time to relax as well. Our intention is that you will have the experience of a lifetime.","og_url":"https:\/\/legendatours.com\/de\/produkt\/from-porto-to-lisbon-10100g\/","og_site_name":"Legendary Adventure DMC Portugal","article_publisher":"https:\/\/www.facebook.com\/legendaryadventuredmc\/","article_modified_time":"2021-11-22T12:50:24+00:00","og_image":[{"width":1200,"height":800,"url":"https:\/\/legendatours.com\/wp-content\/uploads\/sites\/12\/2021\/04\/porto.jpg","type":"image\/jpeg"}],"twitter_card":"summary_large_image","twitter_misc":{"Gesch\u00e4tzte Lesezeit":"2\u00a0Minuten"},"schema":{"@context":"https:\/\/schema.org","@graph":[{"@type":"WebPage","@id":"https:\/\/legendatours.com\/product\/from-porto-to-lisbon-10100g\/","url":"https:\/\/legendatours.com\/product\/from-porto-to-lisbon-10100g\/","name":"Urlaub in Portugal Von Porto nach Lissabon - Legendary Adventure DMC Portugal","isPartOf":{"@id":"https:\/\/legendatours.com\/#website"},"primaryImageOfPage":{"@id":"https:\/\/legendatours.com\/product\/from-porto-to-lisbon-10100g\/#primaryimage"},"image":{"@id":"https:\/\/legendatours.com\/product\/from-porto-to-lisbon-10100g\/#primaryimage"},"thumbnailUrl":"https:\/\/legendatours.com\/wp-content\/uploads\/sites\/12\/2021\/04\/porto.jpg","datePublished":"2020-07-16T16:26:55+00:00","dateModified":"2021-11-22T12:50:24+00:00","breadcrumb":{"@id":"https:\/\/legendatours.com\/product\/from-porto-to-lisbon-10100g\/#breadcrumb"},"inLanguage":"de","potentialAction":[{"@type":"ReadAction","target":["https:\/\/legendatours.com\/product\/from-porto-to-lisbon-10100g\/"]}]},{"@type":"ImageObject","inLanguage":"de","@id":"https:\/\/legendatours.com\/product\/from-porto-to-lisbon-10100g\/#primaryimage","url":"https:\/\/legendatours.com\/wp-content\/uploads\/sites\/12\/2021\/04\/porto.jpg","contentUrl":"https:\/\/legendatours.com\/wp-content\/uploads\/sites\/12\/2021\/04\/porto.jpg","width":1200,"height":800,"caption":"Porto"},{"@type":"BreadcrumbList","@id":"https:\/\/legendatours.com\/product\/from-porto-to-lisbon-10100g\/#breadcrumb","itemListElement":[{"@type":"ListItem","position":1,"name":"Home","item":"https:\/\/legendatours.com\/"},{"@type":"ListItem","position":2,"name":"Shop","item":"https:\/\/legendatours.com\/sv\/?page_id=4"},{"@type":"ListItem","position":3,"name":"Holidays in Portugal From Porto to Lisbon"}]},{"@type":"WebSite","@id":"https:\/\/legendatours.com\/#website","url":"https:\/\/legendatours.com\/","name":"Legend\u00e4res Abenteuer DMC Portugal","description":"Verantwortungsvolles Wandern und Natururlaub in Portugal","publisher":{"@id":"https:\/\/legendatours.com\/#organization"},"alternateName":"Legendary Adventure Portugal","potentialAction":[{"@type":"SearchAction","target":{"@type":"EntryPoint","urlTemplate":"https:\/\/legendatours.com\/?s={search_term_string}"},"query-input":{"@type":"PropertyValueSpecification","valueRequired":true,"valueName":"search_term_string"}}],"inLanguage":"de"},{"@type":"Organization","@id":"https:\/\/legendatours.com\/#organization","name":"legendatours.com","url":"https:\/\/legendatours.com\/","logo":{"@type":"ImageObject","inLanguage":"de","@id":"https:\/\/legendatours.com\/#\/schema\/logo\/image\/","url":"https:\/\/legendatours.com\/wp-content\/uploads\/sites\/12\/2021\/06\/legendary_adventure_dmc.png","contentUrl":"https:\/\/legendatours.com\/wp-content\/uploads\/sites\/12\/2021\/06\/legendary_adventure_dmc.png","width":250,"height":74,"caption":"legendatours.com"},"image":{"@id":"https:\/\/legendatours.com\/#\/schema\/logo\/image\/"},"sameAs":["https:\/\/www.facebook.com\/legendaryadventuredmc\/","https:\/\/www.linkedin.com\/company\/legendary-adventure-dmc-portugal","https:\/\/www.youtube.com\/channel\/UCOIRDx_KM6ynIcacQkZjb6g"]}]}},"_links":{"self":[{"href":"https:\/\/legendatours.com\/de\/wp-json\/wp\/v2\/product\/7615","targetHints":{"allow":["GET"]}}],"collection":[{"href":"https:\/\/legendatours.com\/de\/wp-json\/wp\/v2\/product"}],"about":[{"href":"https:\/\/legendatours.com\/de\/wp-json\/wp\/v2\/types\/product"}],"replies":[{"embeddable":true,"href":"https:\/\/legendatours.com\/de\/wp-json\/wp\/v2\/comments?post=7615"}],"wp:featuredmedia":[{"embeddable":true,"href":"https:\/\/legendatours.com\/de\/wp-json\/wp\/v2\/media\/1703"}],"wp:attachment":[{"href":"https:\/\/legendatours.com\/de\/wp-json\/wp\/v2\/media?parent=7615"}],"wp:term":[{"taxonomy":"product_brand","embeddable":true,"href":"https:\/\/legendatours.com\/de\/wp-json\/wp\/v2\/product_brand?post=7615"},{"taxonomy":"product_cat","embeddable":true,"href":"https:\/\/legendatours.com\/de\/wp-json\/wp\/v2\/product_cat?post=7615"},{"taxonomy":"product_tag","embeddable":true,"href":"https:\/\/legendatours.com\/de\/wp-json\/wp\/v2\/product_tag?post=7615"}],"curies":[{"name":"wp","href":"https:\/\/api.w.org\/{rel}","templated":true}]}}