{"id":7647,"date":"2020-07-14T16:36:08","date_gmt":"2020-07-14T16:36:08","guid":{"rendered":"https:\/\/legendatours.com\/product\/exploring-the-douro-valley-walking-holiday\/"},"modified":"2021-09-17T14:53:13","modified_gmt":"2021-09-17T14:53:13","slug":"exploring-the-douro-valley-12200g","status":"publish","type":"product","link":"https:\/\/legendatours.com\/de\/produkt\/exploring-the-douro-valley-12200g\/","title":{"rendered":"Entdecken Sie den Wanderurlaub im Douro-Tal"},"content":{"rendered":"<p><strong>Gruppen ab 6 Personen akzeptiert.<\/strong><\/p>\n<p>&nbsp;<\/p>\n<p>Das Douro-Tal ist eine der \u00e4ltesten abgegrenzten Weinregionen der Welt (seit 1756) und bietet steil terrassierte Weinberge, die in Berge gehauen sind, Granitfelsen, wei\u00df get\u00fcnchte Anwesen und Weinkeller aus dem 18. Jahrhundert. Kommen Sie wegen der H\u00e4fen und Weine, der kurvigen Panoramastra\u00dfen, der malerischen D\u00f6rfer und der ausgezeichneten regionalen Restaurants!<\/p>\n<p>Dieser Zwei-Zentren-Urlaub bietet leichte Wanderungen w\u00e4hrend der Fahrt durch das Douro-Tal, so dass wir die entferntesten Regionen in Richtung der spanischen Grenze erkunden k\u00f6nnen.<\/p>\n<div id=\"attachment_2848\" style=\"width: 1034px\" class=\"wp-caption alignnone\"><img loading=\"lazy\" decoding=\"async\" aria-describedby=\"caption-attachment-2848\" class=\"wp-image-2848 size-large\" src=\"https:\/\/legendatours.net\/wp-content\/uploads\/2020\/07\/ermida_sao_domingos_fontelo-1024x640.jpg\" alt=\"Ermida S\u00e3o Domingos, Fontelo\" width=\"1024\" height=\"640\" \/><p id=\"caption-attachment-2848\" class=\"wp-caption-text\">Der Aussichtspunkt von S\u00e3o Domingos ist einer der spektakul\u00e4rsten Aussichtspunkte der Douro-Landschaft, aber auch der au\u00dfergew\u00f6hnlichste.<\/p><\/div>\n<p>Diejenigen, die das Douro-Tal in Reiseberichten gesehen haben, werden wissen, wie sch\u00f6n und unber\u00fchrt der Mittel- und Oberlauf ist, mit tiefen T\u00e4lern und Hochebenen, durchsetzt mit alten D\u00f6rfern und Burgen, die Zeugen der K\u00e4mpfe im Laufe der Jahrhunderte sind.<\/p>\n<p>Wir fliegen nach Porto, bekannt als die \u201eHauptstadt des Douro\u201c, wo wir unsere ersten beiden N\u00e4chte verbringen. Am Fluss Douro gelegen, ist die zweitgr\u00f6\u00dfte Stadt Portugals und heute ein Weltkulturerbe.<\/p>\n<div id=\"attachment_2536\" style=\"width: 1034px\" class=\"wp-caption alignnone\"><img loading=\"lazy\" decoding=\"async\" aria-describedby=\"caption-attachment-2536\" class=\"wp-image-2536 size-large\" src=\"https:\/\/legendatours.net\/wp-content\/uploads\/2020\/06\/River_douro-1024x640.jpg\" alt=\"Rio Douro at the heart of the demarcated port-wine region.\" width=\"1024\" height=\"640\" \/><p id=\"caption-attachment-2536\" class=\"wp-caption-text\">Rio Douro liegt im Herzen der abgegrenzten Portweinregion.<\/p><\/div>\n<p>Unser n\u00e4chstes Zentrum ist in R\u00e9gua. Unsere Reise f\u00fchrt uns auf einer der spektakul\u00e4rsten Eisenbahnstrecken der Welt, w\u00e4hrend wir dem gro\u00dfen Fluss Douro von seiner M\u00fcndung durch die Weinberge und in den Oberlauf Portugals folgen, wo der Fluss die Grenze zu Spanien bildet.<\/p>\n<p>In R\u00e9gua besuchen wir die Stadt und die umliegenden Weinberge, einschlie\u00dflich der Verkostung ausgezeichneter Portweine und anderer Weine der Region, und Lamego, eine pr\u00e4chtige Altstadt, reich an Geschichte und Kultur und voller Charme.<\/p>\n<p>Schlie\u00dflich kehren wir mit dem Boot durch atemberaubende Landschaften nach Porto zur\u00fcck, w\u00e4hrend wir den gro\u00dfen Fluss Douro hinunterfahren, durch die \u00fcppig gr\u00fcnen terrassierten Weinberge, die zum Weltkulturerbe geh\u00f6ren.<\/p>\n<div class=\"row\" style=\"display: flex;\">\n<div class=\"column\" style=\"flex: 45%;\">\n<p><iframe loading=\"lazy\" title=\"Porto und der Norden wie noch nie zuvor gesehen\" width=\"1080\" height=\"608\" src=\"https:\/\/www.youtube.com\/embed\/47k8DRF7_-M?feature=oembed\" frameborder=\"0\" allow=\"accelerometer; autoplay; clipboard-write; encrypted-media; gyroscope; picture-in-picture\" allowfullscreen><\/iframe><\/p>\n<\/div>\n<div class=\"column\" style=\"flex: 10%;\"><\/div>\n<div class=\"column\" style=\"flex: 45%;\">\n<p><iframe loading=\"lazy\" title=\"Portugiesischer Weintourismus\" width=\"1080\" height=\"608\" src=\"https:\/\/www.youtube.com\/embed\/OGVDu3ivhTY?list=PLuMAo-oYl9zjNFzMcQjFaVVHGl2EoXxYT\" frameborder=\"0\" allow=\"accelerometer; autoplay; clipboard-write; encrypted-media; gyroscope; picture-in-picture\" allowfullscreen><\/iframe><\/p>\n<\/div>\n<\/div>","protected":false},"excerpt":{"rendered":"<p>Das Douro-Tal ist eine der \u00e4ltesten abgegrenzten Weinregionen der Welt (seit 1756) und bietet steil terrassierte Weinberge, die in Berge gehauen sind, Granitfelsen, wei\u00df get\u00fcnchte Anwesen und Weinkeller aus dem 18. Jahrhundert. Kommen Sie wegen der H\u00e4fen und Weine, der kurvigen Panoramastra\u00dfen, der malerischen D\u00f6rfer und der ausgezeichneten regionalen Restaurants!<\/p>","protected":false},"featured_media":7643,"comment_status":"closed","ping_status":"closed","template":"","meta":{"_acf_changed":false,"inline_featured_image":false},"product_brand":[],"product_cat":[32,28,29,30,31],"product_tag":[33,402,403,36,214,38,39,350,40,90,50,195,404,405,406,352,56,354,57,59,407,408,62,63,277,229,282,345,409,112,359,145,410],"class_list":{"0":"post-7647","1":"product","2":"type-product","3":"status-publish","4":"has-post-thumbnail","6":"product_cat-cultural-tours-and-holidays-in-portugal","7":"product_cat-guided-group-tours","8":"product_cat-portugal-guided-historical-holidays","9":"product_cat-guided-sightseeing-holidays-portugal","10":"product_cat-guided-walking-holidays-in-portugal","11":"product_tag-alto-douro-wine-region","12":"product_tag-amazing-walking","13":"product_tag-beautiful-walk","14":"product_tag-cultural-heritage","15":"product_tag-culture","16":"product_tag-douro","17":"product_tag-douro-river","18":"product_tag-douro-riverbanks","19":"product_tag-douro-valley","20":"product_tag-guided-walking-holidays","21":"product_tag-historic","22":"product_tag-history-and-heritage","23":"product_tag-holiday-activities-walking-guides","24":"product_tag-its-gastronomy-and-wines","25":"product_tag-lamego","26":"product_tag-local-wines","27":"product_tag-oporto","28":"product_tag-port-wine","29":"product_tag-porto","30":"product_tag-porto-world-heritage","31":"product_tag-portugal-perfect-walking-holiday","32":"product_tag-regua","33":"product_tag-rio-douro","34":"product_tag-river-cruise-douro","35":"product_tag-river-douro","36":"product_tag-sightseeing-porto","37":"product_tag-train-journey-up-the-douro-valley","38":"product_tag-vineyards","39":"product_tag-vineyards-and-terraces","40":"product_tag-walking-holidays","41":"product_tag-walks-porto","42":"product_tag-wines","43":"product_tag-worlds-best-wines","45":"first","46":"instock","47":"virtual","48":"product-type-simple"},"acf":[],"yoast_head":"<!-- This site is optimized with the Yoast SEO Premium plugin v26.8 (Yoast SEO v27.5) - https:\/\/yoast.com\/product\/yoast-seo-premium-wordpress\/ -->\n<title>Exploring the Douro Valley Walking Holiday - Legendary Adventure DMC Portugal<\/title>\n<meta name=\"robots\" content=\"index, follow, max-snippet:-1, max-image-preview:large, max-video-preview:-1\" \/>\n<link rel=\"canonical\" href=\"https:\/\/legendatours.com\/de\/produkt\/exploring-the-douro-valley-12200g\/\" \/>\n<meta property=\"og:locale\" content=\"de_DE\" \/>\n<meta property=\"og:type\" content=\"article\" \/>\n<meta property=\"og:title\" content=\"Exploring the Douro Valley Walking Holiday\" \/>\n<meta property=\"og:description\" content=\"One of the world\u2019s oldest demarcated wine regions (since 1756), the Douro Valley showcases steeply terraced vineyards carved into mountains, granite bluffs, whitewashed estates, and 18th-century wine cellars. Come for the ports and wines, winding scenic roads, postcard-pretty villages, and excellent regional restaurants!\" \/>\n<meta property=\"og:url\" content=\"https:\/\/legendatours.com\/de\/produkt\/exploring-the-douro-valley-12200g\/\" \/>\n<meta property=\"og:site_name\" content=\"Legendary Adventure DMC Portugal\" \/>\n<meta property=\"article:publisher\" content=\"https:\/\/www.facebook.com\/legendaryadventuredmc\/\" \/>\n<meta property=\"article:modified_time\" content=\"2021-09-17T14:53:13+00:00\" \/>\n<meta property=\"og:image\" content=\"https:\/\/legendatours.com\/wp-content\/uploads\/sites\/12\/2021\/04\/douro_grape_harvest-e1611669557916.jpg\" \/>\n\t<meta property=\"og:image:width\" content=\"1024\" \/>\n\t<meta property=\"og:image:height\" content=\"683\" \/>\n\t<meta property=\"og:image:type\" content=\"image\/jpeg\" \/>\n<meta name=\"twitter:card\" content=\"summary_large_image\" \/>\n<meta name=\"twitter:label1\" content=\"Gesch\u00e4tzte Lesezeit\" \/>\n\t<meta name=\"twitter:data1\" content=\"2\u00a0Minuten\" \/>\n<script type=\"application\/ld+json\" class=\"yoast-schema-graph\">{\"@context\":\"https:\\\/\\\/schema.org\",\"@graph\":[{\"@type\":\"WebPage\",\"@id\":\"https:\\\/\\\/legendatours.com\\\/product\\\/exploring-the-douro-valley-12200g\\\/\",\"url\":\"https:\\\/\\\/legendatours.com\\\/product\\\/exploring-the-douro-valley-12200g\\\/\",\"name\":\"Exploring the Douro Valley Walking Holiday - Legendary Adventure DMC Portugal\",\"isPartOf\":{\"@id\":\"https:\\\/\\\/legendatours.com\\\/#website\"},\"primaryImageOfPage\":{\"@id\":\"https:\\\/\\\/legendatours.com\\\/product\\\/exploring-the-douro-valley-12200g\\\/#primaryimage\"},\"image\":{\"@id\":\"https:\\\/\\\/legendatours.com\\\/product\\\/exploring-the-douro-valley-12200g\\\/#primaryimage\"},\"thumbnailUrl\":\"https:\\\/\\\/legendatours.com\\\/wp-content\\\/uploads\\\/sites\\\/12\\\/2021\\\/04\\\/douro_grape_harvest-e1611669557916.jpg\",\"datePublished\":\"2020-07-14T16:36:08+00:00\",\"dateModified\":\"2021-09-17T14:53:13+00:00\",\"breadcrumb\":{\"@id\":\"https:\\\/\\\/legendatours.com\\\/product\\\/exploring-the-douro-valley-12200g\\\/#breadcrumb\"},\"inLanguage\":\"de\",\"potentialAction\":[{\"@type\":\"ReadAction\",\"target\":[\"https:\\\/\\\/legendatours.com\\\/product\\\/exploring-the-douro-valley-12200g\\\/\"]}]},{\"@type\":\"ImageObject\",\"inLanguage\":\"de\",\"@id\":\"https:\\\/\\\/legendatours.com\\\/product\\\/exploring-the-douro-valley-12200g\\\/#primaryimage\",\"url\":\"https:\\\/\\\/legendatours.com\\\/wp-content\\\/uploads\\\/sites\\\/12\\\/2021\\\/04\\\/douro_grape_harvest-e1611669557916.jpg\",\"contentUrl\":\"https:\\\/\\\/legendatours.com\\\/wp-content\\\/uploads\\\/sites\\\/12\\\/2021\\\/04\\\/douro_grape_harvest-e1611669557916.jpg\",\"width\":1024,\"height\":683,\"caption\":\"Harvest in Douro valley\"},{\"@type\":\"BreadcrumbList\",\"@id\":\"https:\\\/\\\/legendatours.com\\\/product\\\/exploring-the-douro-valley-12200g\\\/#breadcrumb\",\"itemListElement\":[{\"@type\":\"ListItem\",\"position\":1,\"name\":\"Home\",\"item\":\"https:\\\/\\\/legendatours.com\\\/\"},{\"@type\":\"ListItem\",\"position\":2,\"name\":\"Shop\",\"item\":\"https:\\\/\\\/legendatours.com\\\/sv\\\/?page_id=4\"},{\"@type\":\"ListItem\",\"position\":3,\"name\":\"Exploring the Douro Valley Walking Holiday\"}]},{\"@type\":\"WebSite\",\"@id\":\"https:\\\/\\\/legendatours.com\\\/#website\",\"url\":\"https:\\\/\\\/legendatours.com\\\/\",\"name\":\"Legendary Adventure DMC Portugal\",\"description\":\"Responsible Walking &amp; Nature Holidays in Portugal\",\"publisher\":{\"@id\":\"https:\\\/\\\/legendatours.com\\\/#organization\"},\"alternateName\":\"Legendary Adventure Portugal\",\"potentialAction\":[{\"@type\":\"SearchAction\",\"target\":{\"@type\":\"EntryPoint\",\"urlTemplate\":\"https:\\\/\\\/legendatours.com\\\/?s={search_term_string}\"},\"query-input\":{\"@type\":\"PropertyValueSpecification\",\"valueRequired\":true,\"valueName\":\"search_term_string\"}}],\"inLanguage\":\"de\"},{\"@type\":\"Organization\",\"@id\":\"https:\\\/\\\/legendatours.com\\\/#organization\",\"name\":\"legendatours.com\",\"url\":\"https:\\\/\\\/legendatours.com\\\/\",\"logo\":{\"@type\":\"ImageObject\",\"inLanguage\":\"de\",\"@id\":\"https:\\\/\\\/legendatours.com\\\/#\\\/schema\\\/logo\\\/image\\\/\",\"url\":\"https:\\\/\\\/legendatours.com\\\/wp-content\\\/uploads\\\/sites\\\/12\\\/2021\\\/06\\\/legendary_adventure_dmc.png\",\"contentUrl\":\"https:\\\/\\\/legendatours.com\\\/wp-content\\\/uploads\\\/sites\\\/12\\\/2021\\\/06\\\/legendary_adventure_dmc.png\",\"width\":250,\"height\":74,\"caption\":\"legendatours.com\"},\"image\":{\"@id\":\"https:\\\/\\\/legendatours.com\\\/#\\\/schema\\\/logo\\\/image\\\/\"},\"sameAs\":[\"https:\\\/\\\/www.facebook.com\\\/legendaryadventuredmc\\\/\",\"https:\\\/\\\/www.linkedin.com\\\/company\\\/legendary-adventure-dmc-portugal\",\"https:\\\/\\\/www.youtube.com\\\/channel\\\/UCOIRDx_KM6ynIcacQkZjb6g\"]}]}<\/script>\n<!-- \/ Yoast SEO Premium plugin. -->","yoast_head_json":{"title":"Wanderurlaub im Douro-Tal - Legend\u00e4res Abenteuer DMC Portugal","robots":{"index":"index","follow":"follow","max-snippet":"max-snippet:-1","max-image-preview":"max-image-preview:large","max-video-preview":"max-video-preview:-1"},"canonical":"https:\/\/legendatours.com\/de\/produkt\/exploring-the-douro-valley-12200g\/","og_locale":"de_DE","og_type":"article","og_title":"Exploring the Douro Valley Walking Holiday","og_description":"One of the world\u2019s oldest demarcated wine regions (since 1756), the Douro Valley showcases steeply terraced vineyards carved into mountains, granite bluffs, whitewashed estates, and 18th-century wine cellars. Come for the ports and wines, winding scenic roads, postcard-pretty villages, and excellent regional restaurants!","og_url":"https:\/\/legendatours.com\/de\/produkt\/exploring-the-douro-valley-12200g\/","og_site_name":"Legendary Adventure DMC Portugal","article_publisher":"https:\/\/www.facebook.com\/legendaryadventuredmc\/","article_modified_time":"2021-09-17T14:53:13+00:00","og_image":[{"width":1024,"height":683,"url":"https:\/\/legendatours.com\/wp-content\/uploads\/sites\/12\/2021\/04\/douro_grape_harvest-e1611669557916.jpg","type":"image\/jpeg"}],"twitter_card":"summary_large_image","twitter_misc":{"Gesch\u00e4tzte Lesezeit":"2\u00a0Minuten"},"schema":{"@context":"https:\/\/schema.org","@graph":[{"@type":"WebPage","@id":"https:\/\/legendatours.com\/product\/exploring-the-douro-valley-12200g\/","url":"https:\/\/legendatours.com\/product\/exploring-the-douro-valley-12200g\/","name":"Wanderurlaub im Douro-Tal - Legend\u00e4res Abenteuer DMC Portugal","isPartOf":{"@id":"https:\/\/legendatours.com\/#website"},"primaryImageOfPage":{"@id":"https:\/\/legendatours.com\/product\/exploring-the-douro-valley-12200g\/#primaryimage"},"image":{"@id":"https:\/\/legendatours.com\/product\/exploring-the-douro-valley-12200g\/#primaryimage"},"thumbnailUrl":"https:\/\/legendatours.com\/wp-content\/uploads\/sites\/12\/2021\/04\/douro_grape_harvest-e1611669557916.jpg","datePublished":"2020-07-14T16:36:08+00:00","dateModified":"2021-09-17T14:53:13+00:00","breadcrumb":{"@id":"https:\/\/legendatours.com\/product\/exploring-the-douro-valley-12200g\/#breadcrumb"},"inLanguage":"de","potentialAction":[{"@type":"ReadAction","target":["https:\/\/legendatours.com\/product\/exploring-the-douro-valley-12200g\/"]}]},{"@type":"ImageObject","inLanguage":"de","@id":"https:\/\/legendatours.com\/product\/exploring-the-douro-valley-12200g\/#primaryimage","url":"https:\/\/legendatours.com\/wp-content\/uploads\/sites\/12\/2021\/04\/douro_grape_harvest-e1611669557916.jpg","contentUrl":"https:\/\/legendatours.com\/wp-content\/uploads\/sites\/12\/2021\/04\/douro_grape_harvest-e1611669557916.jpg","width":1024,"height":683,"caption":"Harvest in Douro valley"},{"@type":"BreadcrumbList","@id":"https:\/\/legendatours.com\/product\/exploring-the-douro-valley-12200g\/#breadcrumb","itemListElement":[{"@type":"ListItem","position":1,"name":"Home","item":"https:\/\/legendatours.com\/"},{"@type":"ListItem","position":2,"name":"Shop","item":"https:\/\/legendatours.com\/sv\/?page_id=4"},{"@type":"ListItem","position":3,"name":"Exploring the Douro Valley Walking Holiday"}]},{"@type":"WebSite","@id":"https:\/\/legendatours.com\/#website","url":"https:\/\/legendatours.com\/","name":"Legend\u00e4res Abenteuer DMC Portugal","description":"Verantwortungsvolles Wandern und Natururlaub in Portugal","publisher":{"@id":"https:\/\/legendatours.com\/#organization"},"alternateName":"Legendary Adventure Portugal","potentialAction":[{"@type":"SearchAction","target":{"@type":"EntryPoint","urlTemplate":"https:\/\/legendatours.com\/?s={search_term_string}"},"query-input":{"@type":"PropertyValueSpecification","valueRequired":true,"valueName":"search_term_string"}}],"inLanguage":"de"},{"@type":"Organization","@id":"https:\/\/legendatours.com\/#organization","name":"legendatours.com","url":"https:\/\/legendatours.com\/","logo":{"@type":"ImageObject","inLanguage":"de","@id":"https:\/\/legendatours.com\/#\/schema\/logo\/image\/","url":"https:\/\/legendatours.com\/wp-content\/uploads\/sites\/12\/2021\/06\/legendary_adventure_dmc.png","contentUrl":"https:\/\/legendatours.com\/wp-content\/uploads\/sites\/12\/2021\/06\/legendary_adventure_dmc.png","width":250,"height":74,"caption":"legendatours.com"},"image":{"@id":"https:\/\/legendatours.com\/#\/schema\/logo\/image\/"},"sameAs":["https:\/\/www.facebook.com\/legendaryadventuredmc\/","https:\/\/www.linkedin.com\/company\/legendary-adventure-dmc-portugal","https:\/\/www.youtube.com\/channel\/UCOIRDx_KM6ynIcacQkZjb6g"]}]}},"_links":{"self":[{"href":"https:\/\/legendatours.com\/de\/wp-json\/wp\/v2\/product\/7647","targetHints":{"allow":["GET"]}}],"collection":[{"href":"https:\/\/legendatours.com\/de\/wp-json\/wp\/v2\/product"}],"about":[{"href":"https:\/\/legendatours.com\/de\/wp-json\/wp\/v2\/types\/product"}],"replies":[{"embeddable":true,"href":"https:\/\/legendatours.com\/de\/wp-json\/wp\/v2\/comments?post=7647"}],"wp:featuredmedia":[{"embeddable":true,"href":"https:\/\/legendatours.com\/de\/wp-json\/wp\/v2\/media\/7643"}],"wp:attachment":[{"href":"https:\/\/legendatours.com\/de\/wp-json\/wp\/v2\/media?parent=7647"}],"wp:term":[{"taxonomy":"product_brand","embeddable":true,"href":"https:\/\/legendatours.com\/de\/wp-json\/wp\/v2\/product_brand?post=7647"},{"taxonomy":"product_cat","embeddable":true,"href":"https:\/\/legendatours.com\/de\/wp-json\/wp\/v2\/product_cat?post=7647"},{"taxonomy":"product_tag","embeddable":true,"href":"https:\/\/legendatours.com\/de\/wp-json\/wp\/v2\/product_tag?post=7647"}],"curies":[{"name":"wp","href":"https:\/\/api.w.org\/{rel}","templated":true}]}}