{"id":7706,"date":"2020-07-10T11:35:33","date_gmt":"2020-07-10T11:35:33","guid":{"rendered":"https:\/\/legendatours.com\/product\/east-madeira-walking-holidays\/"},"modified":"2025-02-27T15:27:48","modified_gmt":"2025-02-27T15:27:48","slug":"east-madeira-13300g","status":"publish","type":"product","link":"https:\/\/legendatours.com\/de\/produkt\/east-madeira-13300g\/","title":{"rendered":"Wanderreisen Ost-Madeira"},"content":{"rendered":"<p><strong>Gruppen ab 6 Personen akzeptiert.<\/strong><\/p>\n<p>&nbsp;<\/p>\n<p>Madeira, bekannt als die Garteninsel, ist ein Traumziel f\u00fcr Wanderer.<\/p>\n<p>Die Schluchten, beeindruckenden Landschaften und Wasserf\u00e4lle sind in Madeiras \u00fcppigen W\u00e4ldern versteckt und die Berge sind ein Genuss f\u00fcr den begeisterten Wanderer. Die Aussicht ist absolut atemberaubend und bei einigen Wanderungen befinden Sie sich meist \u00fcber den Wolken in magischen Umgebungen.<\/p>\n<div id=\"attachment_2891\" style=\"width: 1034px\" class=\"wp-caption alignnone\"><img loading=\"lazy\" decoding=\"async\" aria-describedby=\"caption-attachment-2891\" class=\"wp-image-2891 size-large\" title=\"Ponta S\u00e3o Louren\u00e7o Madeira\" src=\"https:\/\/legendatours.net\/wp-content\/uploads\/2020\/07\/ponta_sao_lourenco-1024x704.jpg\" alt=\"Ponta S\u00e3o Louren\u00e7o Madeira\" width=\"1024\" height=\"704\" \/><p id=\"caption-attachment-2891\" class=\"wp-caption-text\">Ponta de S\u00e3o Louren\u00e7o auf Madeira, diese Wanderung erkundet die lange schmale Halbinsel am \u00f6stlichen Ende der Insel.<\/p><\/div>\n<p>Diese Tour beginnt in Machico, wo die Entdecker der Insel 1419 zum ersten Mal landeten, und in Funchal, der Hauptstadt, einer Stadt voller historischer Geb\u00e4ude und \u00fcppiger G\u00e4rten.<\/p>\n<p>Von hier aus haben wir Zugang zu einer gro\u00dfen Auswahl an gro\u00dfartigen und spektakul\u00e4ren Wanderungen.<\/p>\n<div id=\"attachment_2838\" style=\"width: 1034px\" class=\"wp-caption alignnone\"><img loading=\"lazy\" decoding=\"async\" aria-describedby=\"caption-attachment-2838\" class=\"wp-image-2838 size-full\" src=\"https:\/\/legendatours.net\/wp-content\/uploads\/2020\/07\/madeira_walking_seaside-e1611669622790.jpg\" alt=\"Group Walk Madeira\" width=\"1024\" height=\"768\" \/><p id=\"caption-attachment-2838\" class=\"wp-caption-text\">Strandspaziergang auf Madeira. Erkunden Sie die wundersch\u00f6ne Insel Madeira zu Fu\u00df.<\/p><\/div>\n<p>Beinhaltet einen Tag am \u00e4u\u00dfersten \u00f6stlichen Ende der Insel, wo das Vorgebirge von Ponta S\u00e3o Louren\u00e7o einen wilden und luftigen Spaziergang bietet, der sich von allen anderen Orten der Insel unterscheidet. Die Natur hier ist rau und unber\u00fchrt, wobei die Felsformationen und der Farbkontrast mit dem blauen wilden Ozeanwasser ein wahrer Anblick sind!<\/p>\n<p>Wir folgen den Levadas (Bew\u00e4sserungskan\u00e4len) durch den Laurissilva-Wald \u2013 UNESCO-Weltkulturerbe und h\u00f6ren das Rauschen des Wassers und das Rauschen des Waldes. Wir werden eine sch\u00f6ne Woche mit Spazierg\u00e4ngen im \u00f6stlichen Teil der Insel verbringen.<\/p>\n<div class=\"row\">\n<div class=\"column\" style=\"flex: 45%\">\n<p><iframe loading=\"lazy\" title=\"Wandern auf der Insel Madeira - Die sch\u00f6nsten Wanderwege der Welt\" width=\"1080\" height=\"608\" src=\"https:\/\/www.youtube.com\/embed\/e5InoSl1H2o?feature=oembed\" frameborder=\"0\" allow=\"accelerometer; autoplay; clipboard-write; encrypted-media; gyroscope; picture-in-picture\" allowfullscreen><\/iframe><\/p>\n<\/div>\n<div class=\"column\" style=\"flex: 10%\"><\/div>\n<div class=\"column\" style=\"flex: 45%\">\n<p><iframe loading=\"lazy\" title=\"Insel Madeira | Die beste Insel der Welt 2019\" width=\"1080\" height=\"608\" src=\"https:\/\/www.youtube.com\/embed\/-ipzaxBBGjI?feature=oembed\" frameborder=\"0\" allow=\"accelerometer; autoplay; clipboard-write; encrypted-media; gyroscope; picture-in-picture\" allowfullscreen><\/iframe><\/p>\n<\/div>\n<\/div>","protected":false},"excerpt":{"rendered":"<p>Madeira, bekannt als die Garteninsel, ist ein Traumziel f\u00fcr Wanderer.<\/p>\n<p>Die Schluchten, beeindruckenden Landschaften und Wasserf\u00e4lle sind in Madeiras \u00fcppigen W\u00e4ldern versteckt und die Berge sind ein Genuss f\u00fcr den begeisterten Wanderer. Die Aussicht ist absolut atemberaubend und bei einigen Wanderungen befinden Sie sich meist \u00fcber den Wolken in magischen Umgebungen.<\/p>\n<p>Diese Tour beginnt in Machico, wo die Entdecker der Insel 1419 zum ersten Mal landeten, und in Funchal, der Hauptstadt, einer Stadt voller historischer Geb\u00e4ude und \u00fcppiger G\u00e4rten. Von hier aus haben wir Zugang zu einer gro\u00dfen Auswahl an gro\u00dfartigen und spektakul\u00e4ren Wanderungen.<\/p>","protected":false},"featured_media":7699,"comment_status":"closed","ping_status":"closed","template":"","meta":{"_acf_changed":false,"inline_featured_image":false},"product_brand":[],"product_cat":[32,28,29,30,31],"product_tag":[78,482,483,484,485,87,486,487,94,488,489,490,491,492,493,494,95,99,224,100,449,495,496,497,498,499,500,501,502,208,70,71,503,504,505],"class_list":{"0":"post-7706","1":"product","2":"type-product","3":"status-publish","4":"has-post-thumbnail","6":"product_cat-cultural-tours-and-holidays-in-portugal","7":"product_cat-guided-group-tours","8":"product_cat-portugal-guided-historical-holidays","9":"product_cat-guided-sightseeing-holidays-portugal","10":"product_cat-guided-walking-holidays-in-portugal","11":"product_tag-beautiful-landscapes","12":"product_tag-big-peaks","13":"product_tag-coastal-village","14":"product_tag-curral-das-freiras","15":"product_tag-great-madeira-walks","16":"product_tag-green-landscape","17":"product_tag-intimate-trails","18":"product_tag-islands-discoverers","19":"product_tag-landscape","20":"product_tag-levada-dos-tornos","21":"product_tag-levadas-walking","22":"product_tag-lush-mountain-slopes","23":"product_tag-machico","24":"product_tag-madeira","25":"product_tag-madeira-island","26":"product_tag-madeira-walks","27":"product_tag-magnificent-landscape","28":"product_tag-natural-scenery","29":"product_tag-nature","30":"product_tag-nature-holidays","31":"product_tag-nature-observation","32":"product_tag-nature-paradise","33":"product_tag-ponta-de-s-lourenco","34":"product_tag-porto-cruz","35":"product_tag-ribeira-brava","36":"product_tag-ribeiro-frio","37":"product_tag-serra-do-faial","38":"product_tag-spectacular-walks","39":"product_tag-surprising-walk","40":"product_tag-traditional-villages","41":"product_tag-traditions","42":"product_tag-unesco-world-heritage-site","43":"product_tag-waterwheels","44":"product_tag-woodland-trails","45":"product_tag-worlds-great-walks","47":"first","48":"instock","49":"virtual","50":"product-type-simple"},"acf":[],"yoast_head":"<!-- This site is optimized with the Yoast SEO Premium plugin v26.8 (Yoast SEO v27.5) - https:\/\/yoast.com\/product\/yoast-seo-premium-wordpress\/ -->\n<title>East Madeira Walking Holidays - Legendary Adventure DMC Portugal<\/title>\n<meta name=\"robots\" content=\"index, follow, max-snippet:-1, max-image-preview:large, max-video-preview:-1\" \/>\n<link rel=\"canonical\" href=\"https:\/\/legendatours.com\/de\/produkt\/east-madeira-13300g\/\" \/>\n<meta property=\"og:locale\" content=\"de_DE\" \/>\n<meta property=\"og:type\" content=\"article\" \/>\n<meta property=\"og:title\" content=\"East Madeira Walking Holidays\" \/>\n<meta property=\"og:description\" content=\"Madeira, known as the Garden Island is a dream walker\u2019s destination.  The canyons, impressive landscapes, and waterfalls are hidden in Madeira\u2019s lush forests and mountains are a treat to the keen hiker. The views are absolutely breathtaking and in some walks, you\u2019re mostly above the clouds, in magical settings.  This tour is based in Machico, where the island&#039;s discoverers first landed in 1419, and in Funchal, the capital, a city full of historical buildings and lush gardens. From here we\u2019ll have access to a wide range of magnificent and spectacular walks.\" \/>\n<meta property=\"og:url\" content=\"https:\/\/legendatours.com\/de\/produkt\/east-madeira-13300g\/\" \/>\n<meta property=\"og:site_name\" content=\"Legendary Adventure DMC Portugal\" \/>\n<meta property=\"article:publisher\" content=\"https:\/\/www.facebook.com\/legendaryadventuredmc\/\" \/>\n<meta property=\"article:modified_time\" content=\"2025-02-27T15:27:48+00:00\" \/>\n<meta property=\"og:image\" content=\"https:\/\/legendatours.com\/wp-content\/uploads\/sites\/12\/2021\/04\/walking_madeira_picos-e1611669225394.jpg\" \/>\n\t<meta property=\"og:image:width\" content=\"1024\" \/>\n\t<meta property=\"og:image:height\" content=\"683\" \/>\n\t<meta property=\"og:image:type\" content=\"image\/jpeg\" \/>\n<meta name=\"twitter:card\" content=\"summary_large_image\" \/>\n<meta name=\"twitter:label1\" content=\"Gesch\u00e4tzte Lesezeit\" \/>\n\t<meta name=\"twitter:data1\" content=\"1\u00a0Minute\" \/>\n<script type=\"application\/ld+json\" class=\"yoast-schema-graph\">{\"@context\":\"https:\\\/\\\/schema.org\",\"@graph\":[{\"@type\":\"WebPage\",\"@id\":\"https:\\\/\\\/legendatours.com\\\/product\\\/east-madeira-13300g\\\/\",\"url\":\"https:\\\/\\\/legendatours.com\\\/product\\\/east-madeira-13300g\\\/\",\"name\":\"East Madeira Walking Holidays - Legendary Adventure DMC Portugal\",\"isPartOf\":{\"@id\":\"https:\\\/\\\/legendatours.com\\\/#website\"},\"primaryImageOfPage\":{\"@id\":\"https:\\\/\\\/legendatours.com\\\/product\\\/east-madeira-13300g\\\/#primaryimage\"},\"image\":{\"@id\":\"https:\\\/\\\/legendatours.com\\\/product\\\/east-madeira-13300g\\\/#primaryimage\"},\"thumbnailUrl\":\"https:\\\/\\\/legendatours.com\\\/wp-content\\\/uploads\\\/sites\\\/12\\\/2021\\\/04\\\/walking_madeira_picos-e1611669225394.jpg\",\"datePublished\":\"2020-07-10T11:35:33+00:00\",\"dateModified\":\"2025-02-27T15:27:48+00:00\",\"breadcrumb\":{\"@id\":\"https:\\\/\\\/legendatours.com\\\/product\\\/east-madeira-13300g\\\/#breadcrumb\"},\"inLanguage\":\"de\",\"potentialAction\":[{\"@type\":\"ReadAction\",\"target\":[\"https:\\\/\\\/legendatours.com\\\/product\\\/east-madeira-13300g\\\/\"]}]},{\"@type\":\"ImageObject\",\"inLanguage\":\"de\",\"@id\":\"https:\\\/\\\/legendatours.com\\\/product\\\/east-madeira-13300g\\\/#primaryimage\",\"url\":\"https:\\\/\\\/legendatours.com\\\/wp-content\\\/uploads\\\/sites\\\/12\\\/2021\\\/04\\\/walking_madeira_picos-e1611669225394.jpg\",\"contentUrl\":\"https:\\\/\\\/legendatours.com\\\/wp-content\\\/uploads\\\/sites\\\/12\\\/2021\\\/04\\\/walking_madeira_picos-e1611669225394.jpg\",\"width\":1024,\"height\":683,\"caption\":\"Walking in Madeira Picos Trails\"},{\"@type\":\"BreadcrumbList\",\"@id\":\"https:\\\/\\\/legendatours.com\\\/product\\\/east-madeira-13300g\\\/#breadcrumb\",\"itemListElement\":[{\"@type\":\"ListItem\",\"position\":1,\"name\":\"Home\",\"item\":\"https:\\\/\\\/legendatours.com\\\/\"},{\"@type\":\"ListItem\",\"position\":2,\"name\":\"Shop\",\"item\":\"https:\\\/\\\/legendatours.com\\\/sv\\\/?page_id=4\"},{\"@type\":\"ListItem\",\"position\":3,\"name\":\"East Madeira Walking Holidays\"}]},{\"@type\":\"WebSite\",\"@id\":\"https:\\\/\\\/legendatours.com\\\/#website\",\"url\":\"https:\\\/\\\/legendatours.com\\\/\",\"name\":\"Legendary Adventure DMC Portugal\",\"description\":\"Responsible Walking &amp; Nature Holidays in Portugal\",\"publisher\":{\"@id\":\"https:\\\/\\\/legendatours.com\\\/#organization\"},\"alternateName\":\"Legendary Adventure Portugal\",\"potentialAction\":[{\"@type\":\"SearchAction\",\"target\":{\"@type\":\"EntryPoint\",\"urlTemplate\":\"https:\\\/\\\/legendatours.com\\\/?s={search_term_string}\"},\"query-input\":{\"@type\":\"PropertyValueSpecification\",\"valueRequired\":true,\"valueName\":\"search_term_string\"}}],\"inLanguage\":\"de\"},{\"@type\":\"Organization\",\"@id\":\"https:\\\/\\\/legendatours.com\\\/#organization\",\"name\":\"legendatours.com\",\"url\":\"https:\\\/\\\/legendatours.com\\\/\",\"logo\":{\"@type\":\"ImageObject\",\"inLanguage\":\"de\",\"@id\":\"https:\\\/\\\/legendatours.com\\\/#\\\/schema\\\/logo\\\/image\\\/\",\"url\":\"https:\\\/\\\/legendatours.com\\\/wp-content\\\/uploads\\\/sites\\\/12\\\/2021\\\/06\\\/legendary_adventure_dmc.png\",\"contentUrl\":\"https:\\\/\\\/legendatours.com\\\/wp-content\\\/uploads\\\/sites\\\/12\\\/2021\\\/06\\\/legendary_adventure_dmc.png\",\"width\":250,\"height\":74,\"caption\":\"legendatours.com\"},\"image\":{\"@id\":\"https:\\\/\\\/legendatours.com\\\/#\\\/schema\\\/logo\\\/image\\\/\"},\"sameAs\":[\"https:\\\/\\\/www.facebook.com\\\/legendaryadventuredmc\\\/\",\"https:\\\/\\\/www.linkedin.com\\\/company\\\/legendary-adventure-dmc-portugal\",\"https:\\\/\\\/www.youtube.com\\\/channel\\\/UCOIRDx_KM6ynIcacQkZjb6g\"]}]}<\/script>\n<!-- \/ Yoast SEO Premium plugin. -->","yoast_head_json":{"title":"Wanderurlaub Ost-Madeira - Legend\u00e4res Abenteuer DMC Portugal","robots":{"index":"index","follow":"follow","max-snippet":"max-snippet:-1","max-image-preview":"max-image-preview:large","max-video-preview":"max-video-preview:-1"},"canonical":"https:\/\/legendatours.com\/de\/produkt\/east-madeira-13300g\/","og_locale":"de_DE","og_type":"article","og_title":"East Madeira Walking Holidays","og_description":"Madeira, known as the Garden Island is a dream walker\u2019s destination.  The canyons, impressive landscapes, and waterfalls are hidden in Madeira\u2019s lush forests and mountains are a treat to the keen hiker. The views are absolutely breathtaking and in some walks, you\u2019re mostly above the clouds, in magical settings.  This tour is based in Machico, where the island's discoverers first landed in 1419, and in Funchal, the capital, a city full of historical buildings and lush gardens. From here we\u2019ll have access to a wide range of magnificent and spectacular walks.","og_url":"https:\/\/legendatours.com\/de\/produkt\/east-madeira-13300g\/","og_site_name":"Legendary Adventure DMC Portugal","article_publisher":"https:\/\/www.facebook.com\/legendaryadventuredmc\/","article_modified_time":"2025-02-27T15:27:48+00:00","og_image":[{"width":1024,"height":683,"url":"https:\/\/legendatours.com\/wp-content\/uploads\/sites\/12\/2021\/04\/walking_madeira_picos-e1611669225394.jpg","type":"image\/jpeg"}],"twitter_card":"summary_large_image","twitter_misc":{"Gesch\u00e4tzte Lesezeit":"1\u00a0Minute"},"schema":{"@context":"https:\/\/schema.org","@graph":[{"@type":"WebPage","@id":"https:\/\/legendatours.com\/product\/east-madeira-13300g\/","url":"https:\/\/legendatours.com\/product\/east-madeira-13300g\/","name":"Wanderurlaub Ost-Madeira - Legend\u00e4res Abenteuer DMC Portugal","isPartOf":{"@id":"https:\/\/legendatours.com\/#website"},"primaryImageOfPage":{"@id":"https:\/\/legendatours.com\/product\/east-madeira-13300g\/#primaryimage"},"image":{"@id":"https:\/\/legendatours.com\/product\/east-madeira-13300g\/#primaryimage"},"thumbnailUrl":"https:\/\/legendatours.com\/wp-content\/uploads\/sites\/12\/2021\/04\/walking_madeira_picos-e1611669225394.jpg","datePublished":"2020-07-10T11:35:33+00:00","dateModified":"2025-02-27T15:27:48+00:00","breadcrumb":{"@id":"https:\/\/legendatours.com\/product\/east-madeira-13300g\/#breadcrumb"},"inLanguage":"de","potentialAction":[{"@type":"ReadAction","target":["https:\/\/legendatours.com\/product\/east-madeira-13300g\/"]}]},{"@type":"ImageObject","inLanguage":"de","@id":"https:\/\/legendatours.com\/product\/east-madeira-13300g\/#primaryimage","url":"https:\/\/legendatours.com\/wp-content\/uploads\/sites\/12\/2021\/04\/walking_madeira_picos-e1611669225394.jpg","contentUrl":"https:\/\/legendatours.com\/wp-content\/uploads\/sites\/12\/2021\/04\/walking_madeira_picos-e1611669225394.jpg","width":1024,"height":683,"caption":"Walking in Madeira Picos Trails"},{"@type":"BreadcrumbList","@id":"https:\/\/legendatours.com\/product\/east-madeira-13300g\/#breadcrumb","itemListElement":[{"@type":"ListItem","position":1,"name":"Home","item":"https:\/\/legendatours.com\/"},{"@type":"ListItem","position":2,"name":"Shop","item":"https:\/\/legendatours.com\/sv\/?page_id=4"},{"@type":"ListItem","position":3,"name":"East Madeira Walking Holidays"}]},{"@type":"WebSite","@id":"https:\/\/legendatours.com\/#website","url":"https:\/\/legendatours.com\/","name":"Legend\u00e4res Abenteuer DMC Portugal","description":"Verantwortungsvolles Wandern und Natururlaub in Portugal","publisher":{"@id":"https:\/\/legendatours.com\/#organization"},"alternateName":"Legendary Adventure Portugal","potentialAction":[{"@type":"SearchAction","target":{"@type":"EntryPoint","urlTemplate":"https:\/\/legendatours.com\/?s={search_term_string}"},"query-input":{"@type":"PropertyValueSpecification","valueRequired":true,"valueName":"search_term_string"}}],"inLanguage":"de"},{"@type":"Organization","@id":"https:\/\/legendatours.com\/#organization","name":"legendatours.com","url":"https:\/\/legendatours.com\/","logo":{"@type":"ImageObject","inLanguage":"de","@id":"https:\/\/legendatours.com\/#\/schema\/logo\/image\/","url":"https:\/\/legendatours.com\/wp-content\/uploads\/sites\/12\/2021\/06\/legendary_adventure_dmc.png","contentUrl":"https:\/\/legendatours.com\/wp-content\/uploads\/sites\/12\/2021\/06\/legendary_adventure_dmc.png","width":250,"height":74,"caption":"legendatours.com"},"image":{"@id":"https:\/\/legendatours.com\/#\/schema\/logo\/image\/"},"sameAs":["https:\/\/www.facebook.com\/legendaryadventuredmc\/","https:\/\/www.linkedin.com\/company\/legendary-adventure-dmc-portugal","https:\/\/www.youtube.com\/channel\/UCOIRDx_KM6ynIcacQkZjb6g"]}]}},"_links":{"self":[{"href":"https:\/\/legendatours.com\/de\/wp-json\/wp\/v2\/product\/7706","targetHints":{"allow":["GET"]}}],"collection":[{"href":"https:\/\/legendatours.com\/de\/wp-json\/wp\/v2\/product"}],"about":[{"href":"https:\/\/legendatours.com\/de\/wp-json\/wp\/v2\/types\/product"}],"replies":[{"embeddable":true,"href":"https:\/\/legendatours.com\/de\/wp-json\/wp\/v2\/comments?post=7706"}],"wp:featuredmedia":[{"embeddable":true,"href":"https:\/\/legendatours.com\/de\/wp-json\/wp\/v2\/media\/7699"}],"wp:attachment":[{"href":"https:\/\/legendatours.com\/de\/wp-json\/wp\/v2\/media?parent=7706"}],"wp:term":[{"taxonomy":"product_brand","embeddable":true,"href":"https:\/\/legendatours.com\/de\/wp-json\/wp\/v2\/product_brand?post=7706"},{"taxonomy":"product_cat","embeddable":true,"href":"https:\/\/legendatours.com\/de\/wp-json\/wp\/v2\/product_cat?post=7706"},{"taxonomy":"product_tag","embeddable":true,"href":"https:\/\/legendatours.com\/de\/wp-json\/wp\/v2\/product_tag?post=7706"}],"curies":[{"name":"wp","href":"https:\/\/api.w.org\/{rel}","templated":true}]}}