{"id":7727,"date":"2020-07-09T13:55:26","date_gmt":"2020-07-09T13:55:26","guid":{"rendered":"https:\/\/legendatours.com\/product\/walking-in-the-guadiana-grand-route-gr15\/"},"modified":"2021-08-11T14:31:46","modified_gmt":"2021-08-11T14:31:46","slug":"the-guadiana-grand-route-gr15-12700g","status":"publish","type":"product","link":"https:\/\/legendatours.com\/de\/produkt\/the-guadiana-grand-route-gr15-12700g\/","title":{"rendered":"Wandern auf der Guadiana Grand Route (GR15)"},"content":{"rendered":"<p><strong>Gruppen ab 6 Personen akzeptiert.<\/strong><\/p>\n<p>&nbsp;<\/p>\n<p>Die Guadiana Grand Route (GR 15) erstreckt sich \u00fcber 65 km und ist gro\u00dfartig in L\u00e4nge und Sch\u00f6nheit. Er folgt dem Fluss Guadiana, der auf seinem Weg zum Meer durch das Hochland und das Barrocal flie\u00dft.<\/p>\n<p>Der Guadiana verl\u00e4uft entlang der s\u00fcd\u00f6stlichen Grenze Portugals zu Spanien und wird seit etwa 800 v Mauren.<\/p>\n<div id=\"attachment_2165\" style=\"width: 1034px\" class=\"wp-caption alignnone\"><img loading=\"lazy\" decoding=\"async\" aria-describedby=\"caption-attachment-2165\" class=\"wp-image-2165 size-large\" title=\"Mertola, Museumsdorf\" src=\"https:\/\/legendatours.net\/wp-content\/uploads\/2020\/05\/Mertola_Guadiana-1024x768.jpg\" alt=\"Mertola, Museum Village\" width=\"1024\" height=\"768\" \/><p id=\"caption-attachment-2165\" class=\"wp-caption-text\">Mertola, Museumsdorf<\/p><\/div>\n<p>Heute bedient der Fluss keine Handelsrouten mehr, aber die interessanten und sch\u00f6nen Landschaften und die reiche Geschichte und das Erbe der Region sind ein Genuss f\u00fcr die Besucher.<\/p>\n<p>Unsere Tour beginnt in M\u00e9rtola, bekannt als das \u201eMuseumsdorf\u201c, einst die Hauptstadt des damals m\u00e4chtigen maurischen Reiches und wo die Geschichte in charmanten Schichten eingraviert ist.<\/p>\n<p>Von hier aus wandern wir nach Pomar\u00e3o und Mina de S\u00e3o Domingos, wo die <a href=\"..\/..\/?s=guadiana\" target=\"_blank\" rel=\"noopener noreferrer\">Guadiana<\/a> wendet sich landeinw\u00e4rts nach Nordwesten. Es wurde im 19. Jahrhundert zu einem gesch\u00e4ftigen Hafen, als eine britische Firma eine Mine 15 km n\u00f6rdlich besiedelte. Das Erz wurde \u00fcber eine Eisenbahnlinie von der Mine nach Pomar\u00e3o transportiert, wo es auf Schiffe verladen und flussabw\u00e4rts gebracht wurde. Was von der Mine \u00fcbrig geblieben ist, erinnert an eine Mondlandschaft, die auf keinem Sci-Fi-Filmset fehl am Platz w\u00e4re.<\/p>\n<div id=\"attachment_1872\" style=\"width: 1034px\" class=\"wp-caption alignnone\"><img loading=\"lazy\" decoding=\"async\" aria-describedby=\"caption-attachment-1872\" class=\"wp-image-1872 size-large\" title=\"Alcoutim Schmugglerstatue\" src=\"https:\/\/legendatours.net\/wp-content\/uploads\/2020\/03\/Alcoutim_Smuggler_statue-1024x768.jpg\" alt=\"Alcoutim Smuggler Statue\" width=\"1024\" height=\"768\" \/><p id=\"caption-attachment-1872\" class=\"wp-caption-text\">Alcoutim Schmugglerstatue<\/p><\/div>\n<p>Alcoutim ist ein weiterer Ausgangspunkt unserer Tour, ein malerisches Dorf mit Blick auf San Lucar am anderen Ufer des Flusses in Spanien. Obwohl es kleiner als M\u00e9rtola war, war es zu Zeiten der Ph\u00f6nizier ein wichtiger Flusshafen.<\/p>\n<p>Von hier aus unternehmen wir sch\u00f6ne Spazierg\u00e4nge in der Natur, unter anderem auf dem \u201eBlauen Drachenfluss\u201c, wie der Odeleite-Staudamm aufgrund seiner besonderen Form auch genannt wird.<\/p>\n<p>Der Naturpark des Guadiana-Tals und die abwechslungsreichen Landschaften entlang des Flusses bieten ein einzigartiges \u00d6kosystem aus mediterraner Macchia, Felsvorspr\u00fcngen und einer Kulisse aus kleinen landwirtschaftlichen Fl\u00e4chen, Wasser und Windm\u00fchlen.<\/p>\n<p>Die Tierwelt ist \u00fcppig und es herrscht ein Gef\u00fchl der Ruhe in diesem noch unber\u00fchrten Teil des Territoriums, das reich an Erbe, Geschichte und Naturwundern ist.<\/p>","protected":false},"excerpt":{"rendered":"<p>Die Guadiana Grand Route (GR 15) erstreckt sich \u00fcber 65 km und ist gro\u00dfartig in L\u00e4nge und Sch\u00f6nheit. Er folgt dem Fluss Guadiana, der auf seinem Weg zum Meer durch das Hochland und das Barrocal flie\u00dft.<\/p>\n<p>Der Guadiana verl\u00e4uft entlang der s\u00fcd\u00f6stlichen Grenze Portugals zu Spanien und wird seit etwa 800 v Mauren.<\/p>","protected":false},"featured_media":7717,"comment_status":"closed","ping_status":"closed","template":"","meta":{"_acf_changed":false,"inline_featured_image":false},"product_brand":[],"product_cat":[32,28,29,30,31],"product_tag":[547,210,211,73,212,333,548,549,78,550,36,551,87,552,553,554,555,217,195,219,95,556,97,98,99,557,558,559,106,560,561,65,562,563,564,208,232],"class_list":{"0":"post-7727","1":"product","2":"type-product","3":"status-publish","4":"has-post-thumbnail","6":"product_cat-cultural-tours-and-holidays-in-portugal","7":"product_cat-guided-group-tours","8":"product_cat-portugal-guided-historical-holidays","9":"product_cat-guided-sightseeing-holidays-portugal","10":"product_cat-guided-walking-holidays-in-portugal","11":"product_tag-alcoutim","12":"product_tag-alentejo","13":"product_tag-alentejo-landscape","14":"product_tag-alentejo-walking","15":"product_tag-ancient-buildings","16":"product_tag-ancient-churches","17":"product_tag-architectonic-heritage","18":"product_tag-balurcos","19":"product_tag-beautiful-landscapes","20":"product_tag-blue-dragon-river","21":"product_tag-cultural-heritage","22":"product_tag-gr15","23":"product_tag-green-landscape","24":"product_tag-guadiana","25":"product_tag-guadiana-grand-route","26":"product_tag-guadiana-river","27":"product_tag-guadiana-valley","28":"product_tag-heritage","29":"product_tag-history-and-heritage","30":"product_tag-inland-alentejo","31":"product_tag-magnificent-landscape","32":"product_tag-mertola","33":"product_tag-natural-park","34":"product_tag-natural-reserves","35":"product_tag-natural-scenery","36":"product_tag-odeleite","37":"product_tag-olives","38":"product_tag-open-air-museum","39":"product_tag-picturesque-landscapes","40":"product_tag-pomarao","41":"product_tag-river-guadiana","42":"product_tag-roman-vestiges","43":"product_tag-s-domingos-mine","44":"product_tag-small-village","45":"product_tag-the-delights-of-alcoutim","46":"product_tag-traditional-villages","47":"product_tag-wild-flowers-alentejo","49":"first","50":"instock","51":"virtual","52":"product-type-simple"},"acf":[],"yoast_head":"<!-- This site is optimized with the Yoast SEO Premium plugin v26.8 (Yoast SEO v27.5) - https:\/\/yoast.com\/product\/yoast-seo-premium-wordpress\/ -->\n<title>Walking in The Guadiana Grand Route (GR15) - Legendary Adventure DMC Portugal<\/title>\n<meta name=\"robots\" content=\"index, follow, max-snippet:-1, max-image-preview:large, max-video-preview:-1\" \/>\n<link rel=\"canonical\" href=\"https:\/\/legendatours.com\/de\/produkt\/the-guadiana-grand-route-gr15-12700g\/\" \/>\n<meta property=\"og:locale\" content=\"de_DE\" \/>\n<meta property=\"og:type\" content=\"article\" \/>\n<meta property=\"og:title\" content=\"Walking in The Guadiana Grand Route (GR15)\" \/>\n<meta property=\"og:description\" content=\"Stretching for 65 km, the Guadiana Grand Route (GR 15) is grand in length and in beauty. It follows the River Guadiana as it flows through the uplands and the barrocal on its way to the sea.  Running along Portugal\u2019s south-eastern border with Spain, the Guadiana has been visited by merchants from far away since around 800 BC, attracted by its fertile banks and vast commercial potential, starting with the Phoenicians, followed by the Carthaginians, the Romans, and the Moors.\" \/>\n<meta property=\"og:url\" content=\"https:\/\/legendatours.com\/de\/produkt\/the-guadiana-grand-route-gr15-12700g\/\" \/>\n<meta property=\"og:site_name\" content=\"Legendary Adventure DMC Portugal\" \/>\n<meta property=\"article:publisher\" content=\"https:\/\/www.facebook.com\/legendaryadventuredmc\/\" \/>\n<meta property=\"article:modified_time\" content=\"2021-08-11T14:31:46+00:00\" \/>\n<meta property=\"og:image\" content=\"https:\/\/legendatours.com\/wp-content\/uploads\/sites\/12\/2021\/04\/guadiana_grand_route-e1611669338344.jpg\" \/>\n\t<meta property=\"og:image:width\" content=\"1024\" \/>\n\t<meta property=\"og:image:height\" content=\"686\" \/>\n\t<meta property=\"og:image:type\" content=\"image\/jpeg\" \/>\n<meta name=\"twitter:card\" content=\"summary_large_image\" \/>\n<meta name=\"twitter:label1\" content=\"Gesch\u00e4tzte Lesezeit\" \/>\n\t<meta name=\"twitter:data1\" content=\"2\u00a0Minuten\" \/>\n<script type=\"application\/ld+json\" class=\"yoast-schema-graph\">{\"@context\":\"https:\\\/\\\/schema.org\",\"@graph\":[{\"@type\":\"WebPage\",\"@id\":\"https:\\\/\\\/legendatours.com\\\/product\\\/the-guadiana-grand-route-gr15-12700g\\\/\",\"url\":\"https:\\\/\\\/legendatours.com\\\/product\\\/the-guadiana-grand-route-gr15-12700g\\\/\",\"name\":\"Walking in The Guadiana Grand Route (GR15) - Legendary Adventure DMC Portugal\",\"isPartOf\":{\"@id\":\"https:\\\/\\\/legendatours.com\\\/#website\"},\"primaryImageOfPage\":{\"@id\":\"https:\\\/\\\/legendatours.com\\\/product\\\/the-guadiana-grand-route-gr15-12700g\\\/#primaryimage\"},\"image\":{\"@id\":\"https:\\\/\\\/legendatours.com\\\/product\\\/the-guadiana-grand-route-gr15-12700g\\\/#primaryimage\"},\"thumbnailUrl\":\"https:\\\/\\\/legendatours.com\\\/wp-content\\\/uploads\\\/sites\\\/12\\\/2021\\\/04\\\/guadiana_grand_route-e1611669338344.jpg\",\"datePublished\":\"2020-07-09T13:55:26+00:00\",\"dateModified\":\"2021-08-11T14:31:46+00:00\",\"breadcrumb\":{\"@id\":\"https:\\\/\\\/legendatours.com\\\/product\\\/the-guadiana-grand-route-gr15-12700g\\\/#breadcrumb\"},\"inLanguage\":\"de\",\"potentialAction\":[{\"@type\":\"ReadAction\",\"target\":[\"https:\\\/\\\/legendatours.com\\\/product\\\/the-guadiana-grand-route-gr15-12700g\\\/\"]}]},{\"@type\":\"ImageObject\",\"inLanguage\":\"de\",\"@id\":\"https:\\\/\\\/legendatours.com\\\/product\\\/the-guadiana-grand-route-gr15-12700g\\\/#primaryimage\",\"url\":\"https:\\\/\\\/legendatours.com\\\/wp-content\\\/uploads\\\/sites\\\/12\\\/2021\\\/04\\\/guadiana_grand_route-e1611669338344.jpg\",\"contentUrl\":\"https:\\\/\\\/legendatours.com\\\/wp-content\\\/uploads\\\/sites\\\/12\\\/2021\\\/04\\\/guadiana_grand_route-e1611669338344.jpg\",\"width\":1024,\"height\":686,\"caption\":\"The graceful Great Route of Guadiana\"},{\"@type\":\"BreadcrumbList\",\"@id\":\"https:\\\/\\\/legendatours.com\\\/product\\\/the-guadiana-grand-route-gr15-12700g\\\/#breadcrumb\",\"itemListElement\":[{\"@type\":\"ListItem\",\"position\":1,\"name\":\"Home\",\"item\":\"https:\\\/\\\/legendatours.com\\\/\"},{\"@type\":\"ListItem\",\"position\":2,\"name\":\"Shop\",\"item\":\"https:\\\/\\\/legendatours.com\\\/sv\\\/?page_id=4\"},{\"@type\":\"ListItem\",\"position\":3,\"name\":\"Walking in The Guadiana Grand Route (GR15)\"}]},{\"@type\":\"WebSite\",\"@id\":\"https:\\\/\\\/legendatours.com\\\/#website\",\"url\":\"https:\\\/\\\/legendatours.com\\\/\",\"name\":\"Legendary Adventure DMC Portugal\",\"description\":\"Responsible Walking &amp; Nature Holidays in Portugal\",\"publisher\":{\"@id\":\"https:\\\/\\\/legendatours.com\\\/#organization\"},\"alternateName\":\"Legendary Adventure Portugal\",\"potentialAction\":[{\"@type\":\"SearchAction\",\"target\":{\"@type\":\"EntryPoint\",\"urlTemplate\":\"https:\\\/\\\/legendatours.com\\\/?s={search_term_string}\"},\"query-input\":{\"@type\":\"PropertyValueSpecification\",\"valueRequired\":true,\"valueName\":\"search_term_string\"}}],\"inLanguage\":\"de\"},{\"@type\":\"Organization\",\"@id\":\"https:\\\/\\\/legendatours.com\\\/#organization\",\"name\":\"legendatours.com\",\"url\":\"https:\\\/\\\/legendatours.com\\\/\",\"logo\":{\"@type\":\"ImageObject\",\"inLanguage\":\"de\",\"@id\":\"https:\\\/\\\/legendatours.com\\\/#\\\/schema\\\/logo\\\/image\\\/\",\"url\":\"https:\\\/\\\/legendatours.com\\\/wp-content\\\/uploads\\\/sites\\\/12\\\/2021\\\/06\\\/legendary_adventure_dmc.png\",\"contentUrl\":\"https:\\\/\\\/legendatours.com\\\/wp-content\\\/uploads\\\/sites\\\/12\\\/2021\\\/06\\\/legendary_adventure_dmc.png\",\"width\":250,\"height\":74,\"caption\":\"legendatours.com\"},\"image\":{\"@id\":\"https:\\\/\\\/legendatours.com\\\/#\\\/schema\\\/logo\\\/image\\\/\"},\"sameAs\":[\"https:\\\/\\\/www.facebook.com\\\/legendaryadventuredmc\\\/\",\"https:\\\/\\\/www.linkedin.com\\\/company\\\/legendary-adventure-dmc-portugal\",\"https:\\\/\\\/www.youtube.com\\\/channel\\\/UCOIRDx_KM6ynIcacQkZjb6g\"]}]}<\/script>\n<!-- \/ Yoast SEO Premium plugin. -->","yoast_head_json":{"title":"Wandern auf der Guadiana Grand Route (GR15) - Legendary Adventure DMC Portugal","robots":{"index":"index","follow":"follow","max-snippet":"max-snippet:-1","max-image-preview":"max-image-preview:large","max-video-preview":"max-video-preview:-1"},"canonical":"https:\/\/legendatours.com\/de\/produkt\/the-guadiana-grand-route-gr15-12700g\/","og_locale":"de_DE","og_type":"article","og_title":"Walking in The Guadiana Grand Route (GR15)","og_description":"Stretching for 65 km, the Guadiana Grand Route (GR 15) is grand in length and in beauty. It follows the River Guadiana as it flows through the uplands and the barrocal on its way to the sea.  Running along Portugal\u2019s south-eastern border with Spain, the Guadiana has been visited by merchants from far away since around 800 BC, attracted by its fertile banks and vast commercial potential, starting with the Phoenicians, followed by the Carthaginians, the Romans, and the Moors.","og_url":"https:\/\/legendatours.com\/de\/produkt\/the-guadiana-grand-route-gr15-12700g\/","og_site_name":"Legendary Adventure DMC Portugal","article_publisher":"https:\/\/www.facebook.com\/legendaryadventuredmc\/","article_modified_time":"2021-08-11T14:31:46+00:00","og_image":[{"width":1024,"height":686,"url":"https:\/\/legendatours.com\/wp-content\/uploads\/sites\/12\/2021\/04\/guadiana_grand_route-e1611669338344.jpg","type":"image\/jpeg"}],"twitter_card":"summary_large_image","twitter_misc":{"Gesch\u00e4tzte Lesezeit":"2\u00a0Minuten"},"schema":{"@context":"https:\/\/schema.org","@graph":[{"@type":"WebPage","@id":"https:\/\/legendatours.com\/product\/the-guadiana-grand-route-gr15-12700g\/","url":"https:\/\/legendatours.com\/product\/the-guadiana-grand-route-gr15-12700g\/","name":"Wandern auf der Guadiana Grand Route (GR15) - Legendary Adventure DMC Portugal","isPartOf":{"@id":"https:\/\/legendatours.com\/#website"},"primaryImageOfPage":{"@id":"https:\/\/legendatours.com\/product\/the-guadiana-grand-route-gr15-12700g\/#primaryimage"},"image":{"@id":"https:\/\/legendatours.com\/product\/the-guadiana-grand-route-gr15-12700g\/#primaryimage"},"thumbnailUrl":"https:\/\/legendatours.com\/wp-content\/uploads\/sites\/12\/2021\/04\/guadiana_grand_route-e1611669338344.jpg","datePublished":"2020-07-09T13:55:26+00:00","dateModified":"2021-08-11T14:31:46+00:00","breadcrumb":{"@id":"https:\/\/legendatours.com\/product\/the-guadiana-grand-route-gr15-12700g\/#breadcrumb"},"inLanguage":"de","potentialAction":[{"@type":"ReadAction","target":["https:\/\/legendatours.com\/product\/the-guadiana-grand-route-gr15-12700g\/"]}]},{"@type":"ImageObject","inLanguage":"de","@id":"https:\/\/legendatours.com\/product\/the-guadiana-grand-route-gr15-12700g\/#primaryimage","url":"https:\/\/legendatours.com\/wp-content\/uploads\/sites\/12\/2021\/04\/guadiana_grand_route-e1611669338344.jpg","contentUrl":"https:\/\/legendatours.com\/wp-content\/uploads\/sites\/12\/2021\/04\/guadiana_grand_route-e1611669338344.jpg","width":1024,"height":686,"caption":"The graceful Great Route of Guadiana"},{"@type":"BreadcrumbList","@id":"https:\/\/legendatours.com\/product\/the-guadiana-grand-route-gr15-12700g\/#breadcrumb","itemListElement":[{"@type":"ListItem","position":1,"name":"Home","item":"https:\/\/legendatours.com\/"},{"@type":"ListItem","position":2,"name":"Shop","item":"https:\/\/legendatours.com\/sv\/?page_id=4"},{"@type":"ListItem","position":3,"name":"Walking in The Guadiana Grand Route (GR15)"}]},{"@type":"WebSite","@id":"https:\/\/legendatours.com\/#website","url":"https:\/\/legendatours.com\/","name":"Legend\u00e4res Abenteuer DMC Portugal","description":"Verantwortungsvolles Wandern und Natururlaub in Portugal","publisher":{"@id":"https:\/\/legendatours.com\/#organization"},"alternateName":"Legendary Adventure Portugal","potentialAction":[{"@type":"SearchAction","target":{"@type":"EntryPoint","urlTemplate":"https:\/\/legendatours.com\/?s={search_term_string}"},"query-input":{"@type":"PropertyValueSpecification","valueRequired":true,"valueName":"search_term_string"}}],"inLanguage":"de"},{"@type":"Organization","@id":"https:\/\/legendatours.com\/#organization","name":"legendatours.com","url":"https:\/\/legendatours.com\/","logo":{"@type":"ImageObject","inLanguage":"de","@id":"https:\/\/legendatours.com\/#\/schema\/logo\/image\/","url":"https:\/\/legendatours.com\/wp-content\/uploads\/sites\/12\/2021\/06\/legendary_adventure_dmc.png","contentUrl":"https:\/\/legendatours.com\/wp-content\/uploads\/sites\/12\/2021\/06\/legendary_adventure_dmc.png","width":250,"height":74,"caption":"legendatours.com"},"image":{"@id":"https:\/\/legendatours.com\/#\/schema\/logo\/image\/"},"sameAs":["https:\/\/www.facebook.com\/legendaryadventuredmc\/","https:\/\/www.linkedin.com\/company\/legendary-adventure-dmc-portugal","https:\/\/www.youtube.com\/channel\/UCOIRDx_KM6ynIcacQkZjb6g"]}]}},"_links":{"self":[{"href":"https:\/\/legendatours.com\/de\/wp-json\/wp\/v2\/product\/7727","targetHints":{"allow":["GET"]}}],"collection":[{"href":"https:\/\/legendatours.com\/de\/wp-json\/wp\/v2\/product"}],"about":[{"href":"https:\/\/legendatours.com\/de\/wp-json\/wp\/v2\/types\/product"}],"replies":[{"embeddable":true,"href":"https:\/\/legendatours.com\/de\/wp-json\/wp\/v2\/comments?post=7727"}],"wp:featuredmedia":[{"embeddable":true,"href":"https:\/\/legendatours.com\/de\/wp-json\/wp\/v2\/media\/7717"}],"wp:attachment":[{"href":"https:\/\/legendatours.com\/de\/wp-json\/wp\/v2\/media?parent=7727"}],"wp:term":[{"taxonomy":"product_brand","embeddable":true,"href":"https:\/\/legendatours.com\/de\/wp-json\/wp\/v2\/product_brand?post=7727"},{"taxonomy":"product_cat","embeddable":true,"href":"https:\/\/legendatours.com\/de\/wp-json\/wp\/v2\/product_cat?post=7727"},{"taxonomy":"product_tag","embeddable":true,"href":"https:\/\/legendatours.com\/de\/wp-json\/wp\/v2\/product_tag?post=7727"}],"curies":[{"name":"wp","href":"https:\/\/api.w.org\/{rel}","templated":true}]}}