{"id":7734,"date":"2020-07-09T11:54:00","date_gmt":"2020-07-09T11:54:00","guid":{"rendered":"https:\/\/legendatours.com\/product\/evora-portalegre-golden-alentejo-walking-holidays\/"},"modified":"2021-08-11T14:33:54","modified_gmt":"2021-08-11T14:33:54","slug":"evora-and-portalegre-golden-alentejo-12400g","status":"publish","type":"product","link":"https:\/\/legendatours.com\/de\/produkt\/evora-and-portalegre-golden-alentejo-12400g\/","title":{"rendered":"\u00c9vora &amp; Portalegre: Goldener Alentejo-Wanderurlaub"},"content":{"rendered":"<p><strong>Gruppen ab 6 Personen akzeptiert.<\/strong><\/p>\n<p>&nbsp;<\/p>\n<p>Eine der typischsten Sehensw\u00fcrdigkeiten in dieser Region ist ein weitl\u00e4ufiges Feld mit einigen Korkeichen hier und da und den Herden (manchmal Schafe, manchmal Schweine oder K\u00fche), die normalerweise den Schatten der B\u00e4ume genie\u00dfen. Die D\u00f6rfer mit ihren wei\u00df get\u00fcnchten einst\u00f6ckigen H\u00e4usern sind eine malerische Landschaft im Alentejo.<\/p>\n<p>Die Menschen hier sind sehr stolz auf ihr Erbe und bewahren die alten Geb\u00e4ude und auch die alten Praktiken. Dies ist eine Region mit einer sehr reichen Handwerkstradition \u2013 T\u00f6pferwaren, Stickereien, handbemalte M\u00f6bel, Schmiedearbeiten usw. Die lokale Gastronomie ist abwechslungsreich und sehr schmackhaft und passt perfekt zu den ber\u00fchmten lokalen Weinen. Dies ist eine Tour, bei der die Ruhe und Stille der endlosen Landschaften uns einladen, die Natur in einer l\u00e4ndlichen Umgebung zu teilen und mit den Menschen, die dort leben und arbeiten, Kontakte zu kn\u00fcpfen. Dies ist eine spektakul\u00e4re Tour, die sich durch moderate physische und technische Schwierigkeiten auszeichnet und uns zu den \u00e4ltesten \u00dcberresten unserer Geschichte und unseres Erbes f\u00fchrt.<\/p>\n<p>Wir reisen in die ummauerte Stadt \u00c9vora im Herzen der Region Alentejo.<\/p>\n<div id=\"attachment_2819\" style=\"width: 1034px\" class=\"wp-caption alignnone\"><img loading=\"lazy\" decoding=\"async\" aria-describedby=\"caption-attachment-2819\" class=\"wp-image-2819 size-large\" title=\"\u00c9vora, eine der am sch\u00f6nsten erhaltenen mittelalterlichen St\u00e4dte Portugals\" src=\"https:\/\/legendatours.net\/wp-content\/uploads\/2020\/07\/evora-1-1024x683.jpg\" alt=\"\u00c9vora, one of Portugal\u2019s most beautifully preserved medieval towns\" width=\"1024\" height=\"683\" \/><p id=\"caption-attachment-2819\" class=\"wp-caption-text\">\u00c9vora, eine der am sch\u00f6nsten erhaltenen mittelalterlichen St\u00e4dte Portugals<\/p><\/div>\n<p>\u00c9vora, eine der am sch\u00f6nsten erhaltenen mittelalterlichen St\u00e4dte Portugals, ist eine wundersch\u00f6ne ummauerte Stadt mit vielen r\u00f6mischen \u00dcberresten, die von der UNESCO zum Weltkulturerbe erkl\u00e4rt wurden.<\/p>\n<p>Hier gibt es eine faszinierende Mischung aus Architektur und Geschichte zu genie\u00dfen und wir werden Zeit haben, die Stadt zu erkunden und in den vielen Caf\u00e9s und attraktiven Restaurants zu entspannen, die lokale alentejanische K\u00fcche servieren. Wir erkunden auch die sch\u00f6ne umliegende Landschaft, D\u00f6rfer und antike Denkm\u00e4ler inmitten wundersch\u00f6ner Landschaften.<\/p>\n<p>Korkeichen und Olivenb\u00e4ume, mehr als 10.000 Jahre alte Dolmen und Menhire.<\/p>\n<div id=\"attachment_2883\" style=\"width: 1034px\" class=\"wp-caption alignnone\"><img loading=\"lazy\" decoding=\"async\" aria-describedby=\"caption-attachment-2883\" class=\"wp-image-2883 size-large\" title=\"Ein wundersch\u00f6ner Torbogen im gl\u00e4nzenden Castelo de Vide\" src=\"https:\/\/legendatours.net\/wp-content\/uploads\/2020\/07\/castelo_vide-1024x683.jpg\" alt=\"Castelo de Vide Arch Alentejo\" width=\"1024\" height=\"683\" \/><p id=\"caption-attachment-2883\" class=\"wp-caption-text\">Ein wundersch\u00f6ner Torbogen im gl\u00e4nzenden Castelo de Vide<\/p><\/div>\n<p>Dann fahren wir weiter nach Portalegre, dem Tor zum \u00f6stlichen Alentejo, einer absolut wundersch\u00f6nen Region von echter Sch\u00f6nheit, einem echten l\u00e4ndlichen Leben, gro\u00dfartigen Landschaften, stolzen Menschen und voller portugiesischer Identit\u00e4t.<\/p>\n<p>Bei einem Besuch in Portalegre geht es nicht so sehr darum, eine interessante Stadt zu besuchen, sondern darum, eine ganze Gruppe von St\u00e4dten im Norden des Alentejan zu besuchen, von denen jede ihre eigene Geschichte zu erz\u00e4hlen hat und in deren Mittelpunkt Portalegre steht. Die Region bietet eine F\u00fclle historischer Denkm\u00e4ler und Anekdoten, beeindruckende Ausblicke von den befestigten H\u00fcgelst\u00e4dten und eine gute Auswahl an pr\u00e4historischen Sch\u00e4tzen.<\/p>\n<p>W\u00e4hrend wir in Portalegre sind, haben wir die M\u00f6glichkeit, die Bergkette Serra de s Mamede und den Naturpark zu besuchen.<\/p>\n<div class=\"row\" style=\"display: flex;\">\n<div class=\"column\" style=\"flex: 45%;\">\n<p><iframe loading=\"lazy\" title=\"Cidade de Portalegre\" width=\"1080\" height=\"608\" src=\"https:\/\/www.youtube.com\/embed\/P_fqNYqiagQ?feature=oembed\" frameborder=\"0\" allow=\"accelerometer; autoplay; clipboard-write; encrypted-media; gyroscope; picture-in-picture\" allowfullscreen><\/iframe><\/p>\n<\/div>\n<div class=\"column\" style=\"flex: 10%;\"><\/div>\n<div class=\"column\" style=\"flex: 45%;\">\n<p><iframe loading=\"lazy\" title=\"EVORA-Erfahrung\" width=\"1080\" height=\"608\" src=\"https:\/\/www.youtube.com\/embed\/99oQN4PO94E?feature=oembed\" frameborder=\"0\" allow=\"accelerometer; autoplay; clipboard-write; encrypted-media; gyroscope; picture-in-picture\" allowfullscreen><\/iframe><\/p>\n<\/div>\n<\/div>","protected":false},"excerpt":{"rendered":"<p>Alentejo ist eine d\u00fcnn besiedelte Region mit offenen Horizonten, wo der Rhythmus des Lebens dem m\u00fc\u00dfigen Klang regionaler Lieder folgt. Es ist perfekt zum Wandern und Erleben eines unvergesslichen Abenteuers. Dies ist ein Land mit unvorstellbarem Erbe.<\/p>\n<p>Diese Tour f\u00fchrt Sie entlang der bemerkenswerten Spuren antiker Kulturen: Dolmen und Cromlechs, r\u00f6mische und arabische \u00dcberreste vermischen sich mit den j\u00fcngsten Zeichen des Christentums, von denen die zahlreichen mittelalterlichen Burgen nur ein Beispiel sind. Sie wandern entlang ausgedehnter Weizenfelder und Weinberge, wo intensive gr\u00fcne und goldene Farben die Hauptmerkmale der Ebenen im Alentejo sind, wo im Fr\u00fchling wundersch\u00f6ne Felder mit Millionen von Wildblumen das Auge erfreuen.<\/p>","protected":false},"featured_media":7728,"comment_status":"closed","ping_status":"closed","template":"","meta":{"_acf_changed":false,"inline_featured_image":false},"product_brand":[],"product_cat":[32,28,29,30,31],"product_tag":[210,211,73,212,333,183,548,78,83,36,565,215,216,87,89,47,90,217,195,219,95,220,199,201,566,97,98,99,558,106,225,64,71,345,409,232],"class_list":{"0":"post-7734","1":"product","2":"type-product","3":"status-publish","4":"has-post-thumbnail","6":"product_cat-cultural-tours-and-holidays-in-portugal","7":"product_cat-guided-group-tours","8":"product_cat-portugal-guided-historical-holidays","9":"product_cat-guided-sightseeing-holidays-portugal","10":"product_cat-guided-walking-holidays-in-portugal","11":"product_tag-alentejo","12":"product_tag-alentejo-landscape","13":"product_tag-alentejo-walking","14":"product_tag-ancient-buildings","15":"product_tag-ancient-churches","16":"product_tag-ancient-villages-and-castles","17":"product_tag-architectonic-heritage","18":"product_tag-beautiful-landscapes","19":"product_tag-cork-trees","20":"product_tag-cultural-heritage","21":"product_tag-estremoz-walking","22":"product_tag-evora","23":"product_tag-evora-walking","24":"product_tag-green-landscape","25":"product_tag-guided-group-tour","26":"product_tag-guided-holidays","27":"product_tag-guided-walking-holidays","28":"product_tag-heritage","29":"product_tag-history-and-heritage","30":"product_tag-inland-alentejo","31":"product_tag-magnificent-landscape","32":"product_tag-marvao","33":"product_tag-medieval-castle","34":"product_tag-medieval-streets","35":"product_tag-medieval-villages","36":"product_tag-natural-park","37":"product_tag-natural-reserves","38":"product_tag-natural-scenery","39":"product_tag-olives","40":"product_tag-picturesque-landscapes","41":"product_tag-portalegre-walking","42":"product_tag-roman-and-arab-vestiges","43":"product_tag-unesco-world-heritage-site","44":"product_tag-vineyards","45":"product_tag-vineyards-and-terraces","46":"product_tag-wild-flowers-alentejo","48":"first","49":"instock","50":"virtual","51":"product-type-simple"},"acf":[],"yoast_head":"<!-- This site is optimized with the Yoast SEO Premium plugin v26.8 (Yoast SEO v27.5) - https:\/\/yoast.com\/product\/yoast-seo-premium-wordpress\/ -->\n<title>\u00c9vora &amp; Portalegre: Golden Alentejo Walking Holidays - Legendary Adventure DMC Portugal<\/title>\n<meta name=\"description\" content=\"The villages with their whitewashed one-floor houses are a picturesque landscape in Alentejo.\" \/>\n<meta name=\"robots\" content=\"index, follow, max-snippet:-1, max-image-preview:large, max-video-preview:-1\" \/>\n<link rel=\"canonical\" href=\"https:\/\/legendatours.com\/de\/produkt\/evora-and-portalegre-golden-alentejo-12400g\/\" \/>\n<meta property=\"og:locale\" content=\"de_DE\" \/>\n<meta property=\"og:type\" content=\"article\" \/>\n<meta property=\"og:title\" content=\"\u00c9vora &amp; Portalegre: Golden Alentejo Walking Holidays\" \/>\n<meta property=\"og:description\" content=\"The villages with their whitewashed one-floor houses are a picturesque landscape in Alentejo.\" \/>\n<meta property=\"og:url\" content=\"https:\/\/legendatours.com\/de\/produkt\/evora-and-portalegre-golden-alentejo-12400g\/\" \/>\n<meta property=\"og:site_name\" content=\"Legendary Adventure DMC Portugal\" \/>\n<meta property=\"article:publisher\" content=\"https:\/\/www.facebook.com\/legendaryadventuredmc\/\" \/>\n<meta property=\"article:modified_time\" content=\"2021-08-11T14:33:54+00:00\" \/>\n<meta property=\"og:image\" content=\"https:\/\/legendatours.com\/wp-content\/uploads\/sites\/12\/2021\/04\/castelo_vide-e1611669275485.jpg\" \/>\n\t<meta property=\"og:image:width\" content=\"1024\" \/>\n\t<meta property=\"og:image:height\" content=\"683\" \/>\n\t<meta property=\"og:image:type\" content=\"image\/jpeg\" \/>\n<meta name=\"twitter:card\" content=\"summary_large_image\" \/>\n<meta name=\"twitter:description\" content=\"The villages with their whitewashed one-floor houses are a picturesque landscape in Alentejo.\" \/>\n<meta name=\"twitter:label1\" content=\"Gesch\u00e4tzte Lesezeit\" \/>\n\t<meta name=\"twitter:data1\" content=\"3\u00a0Minuten\" \/>\n<script type=\"application\/ld+json\" class=\"yoast-schema-graph\">{\"@context\":\"https:\\\/\\\/schema.org\",\"@graph\":[{\"@type\":\"WebPage\",\"@id\":\"https:\\\/\\\/legendatours.com\\\/product\\\/evora-and-portalegre-golden-alentejo-12400g\\\/\",\"url\":\"https:\\\/\\\/legendatours.com\\\/product\\\/evora-and-portalegre-golden-alentejo-12400g\\\/\",\"name\":\"\u00c9vora &amp; Portalegre: Golden Alentejo Walking Holidays - Legendary Adventure DMC Portugal\",\"isPartOf\":{\"@id\":\"https:\\\/\\\/legendatours.com\\\/#website\"},\"primaryImageOfPage\":{\"@id\":\"https:\\\/\\\/legendatours.com\\\/product\\\/evora-and-portalegre-golden-alentejo-12400g\\\/#primaryimage\"},\"image\":{\"@id\":\"https:\\\/\\\/legendatours.com\\\/product\\\/evora-and-portalegre-golden-alentejo-12400g\\\/#primaryimage\"},\"thumbnailUrl\":\"https:\\\/\\\/legendatours.com\\\/wp-content\\\/uploads\\\/sites\\\/12\\\/2021\\\/04\\\/castelo_vide-e1611669275485.jpg\",\"datePublished\":\"2020-07-09T11:54:00+00:00\",\"dateModified\":\"2021-08-11T14:33:54+00:00\",\"description\":\"The villages with their whitewashed one-floor houses are a picturesque landscape in Alentejo.\",\"breadcrumb\":{\"@id\":\"https:\\\/\\\/legendatours.com\\\/product\\\/evora-and-portalegre-golden-alentejo-12400g\\\/#breadcrumb\"},\"inLanguage\":\"de\",\"potentialAction\":[{\"@type\":\"ReadAction\",\"target\":[\"https:\\\/\\\/legendatours.com\\\/product\\\/evora-and-portalegre-golden-alentejo-12400g\\\/\"]}]},{\"@type\":\"ImageObject\",\"inLanguage\":\"de\",\"@id\":\"https:\\\/\\\/legendatours.com\\\/product\\\/evora-and-portalegre-golden-alentejo-12400g\\\/#primaryimage\",\"url\":\"https:\\\/\\\/legendatours.com\\\/wp-content\\\/uploads\\\/sites\\\/12\\\/2021\\\/04\\\/castelo_vide-e1611669275485.jpg\",\"contentUrl\":\"https:\\\/\\\/legendatours.com\\\/wp-content\\\/uploads\\\/sites\\\/12\\\/2021\\\/04\\\/castelo_vide-e1611669275485.jpg\",\"width\":1024,\"height\":683,\"caption\":\"A beautiful archway in lustrous Castelo de Vide\"},{\"@type\":\"BreadcrumbList\",\"@id\":\"https:\\\/\\\/legendatours.com\\\/product\\\/evora-and-portalegre-golden-alentejo-12400g\\\/#breadcrumb\",\"itemListElement\":[{\"@type\":\"ListItem\",\"position\":1,\"name\":\"Home\",\"item\":\"https:\\\/\\\/legendatours.com\\\/\"},{\"@type\":\"ListItem\",\"position\":2,\"name\":\"Shop\",\"item\":\"https:\\\/\\\/legendatours.com\\\/sv\\\/?page_id=4\"},{\"@type\":\"ListItem\",\"position\":3,\"name\":\"\u00c9vora &amp; Portalegre: Golden Alentejo Walking Holidays\"}]},{\"@type\":\"WebSite\",\"@id\":\"https:\\\/\\\/legendatours.com\\\/#website\",\"url\":\"https:\\\/\\\/legendatours.com\\\/\",\"name\":\"Legendary Adventure DMC Portugal\",\"description\":\"Responsible Walking &amp; Nature Holidays in Portugal\",\"publisher\":{\"@id\":\"https:\\\/\\\/legendatours.com\\\/#organization\"},\"alternateName\":\"Legendary Adventure Portugal\",\"potentialAction\":[{\"@type\":\"SearchAction\",\"target\":{\"@type\":\"EntryPoint\",\"urlTemplate\":\"https:\\\/\\\/legendatours.com\\\/?s={search_term_string}\"},\"query-input\":{\"@type\":\"PropertyValueSpecification\",\"valueRequired\":true,\"valueName\":\"search_term_string\"}}],\"inLanguage\":\"de\"},{\"@type\":\"Organization\",\"@id\":\"https:\\\/\\\/legendatours.com\\\/#organization\",\"name\":\"legendatours.com\",\"url\":\"https:\\\/\\\/legendatours.com\\\/\",\"logo\":{\"@type\":\"ImageObject\",\"inLanguage\":\"de\",\"@id\":\"https:\\\/\\\/legendatours.com\\\/#\\\/schema\\\/logo\\\/image\\\/\",\"url\":\"https:\\\/\\\/legendatours.com\\\/wp-content\\\/uploads\\\/sites\\\/12\\\/2021\\\/06\\\/legendary_adventure_dmc.png\",\"contentUrl\":\"https:\\\/\\\/legendatours.com\\\/wp-content\\\/uploads\\\/sites\\\/12\\\/2021\\\/06\\\/legendary_adventure_dmc.png\",\"width\":250,\"height\":74,\"caption\":\"legendatours.com\"},\"image\":{\"@id\":\"https:\\\/\\\/legendatours.com\\\/#\\\/schema\\\/logo\\\/image\\\/\"},\"sameAs\":[\"https:\\\/\\\/www.facebook.com\\\/legendaryadventuredmc\\\/\",\"https:\\\/\\\/www.linkedin.com\\\/company\\\/legendary-adventure-dmc-portugal\",\"https:\\\/\\\/www.youtube.com\\\/channel\\\/UCOIRDx_KM6ynIcacQkZjb6g\"]}]}<\/script>\n<!-- \/ Yoast SEO Premium plugin. -->","yoast_head_json":{"title":"\u00c9vora und Portalegre: Wanderurlaub im Goldenen Alentejo \u2013 Legend\u00e4res Abenteuer DMC Portugal","description":"Die D\u00f6rfer mit ihren wei\u00df get\u00fcnchten einst\u00f6ckigen H\u00e4usern bilden eine malerische Landschaft im Alentejo.","robots":{"index":"index","follow":"follow","max-snippet":"max-snippet:-1","max-image-preview":"max-image-preview:large","max-video-preview":"max-video-preview:-1"},"canonical":"https:\/\/legendatours.com\/de\/produkt\/evora-and-portalegre-golden-alentejo-12400g\/","og_locale":"de_DE","og_type":"article","og_title":"\u00c9vora &amp; Portalegre: Golden Alentejo Walking Holidays","og_description":"The villages with their whitewashed one-floor houses are a picturesque landscape in Alentejo.","og_url":"https:\/\/legendatours.com\/de\/produkt\/evora-and-portalegre-golden-alentejo-12400g\/","og_site_name":"Legendary Adventure DMC Portugal","article_publisher":"https:\/\/www.facebook.com\/legendaryadventuredmc\/","article_modified_time":"2021-08-11T14:33:54+00:00","og_image":[{"width":1024,"height":683,"url":"https:\/\/legendatours.com\/wp-content\/uploads\/sites\/12\/2021\/04\/castelo_vide-e1611669275485.jpg","type":"image\/jpeg"}],"twitter_card":"summary_large_image","twitter_description":"The villages with their whitewashed one-floor houses are a picturesque landscape in Alentejo.","twitter_misc":{"Gesch\u00e4tzte Lesezeit":"3\u00a0Minuten"},"schema":{"@context":"https:\/\/schema.org","@graph":[{"@type":"WebPage","@id":"https:\/\/legendatours.com\/product\/evora-and-portalegre-golden-alentejo-12400g\/","url":"https:\/\/legendatours.com\/product\/evora-and-portalegre-golden-alentejo-12400g\/","name":"\u00c9vora und Portalegre: Wanderurlaub im Goldenen Alentejo \u2013 Legend\u00e4res Abenteuer DMC Portugal","isPartOf":{"@id":"https:\/\/legendatours.com\/#website"},"primaryImageOfPage":{"@id":"https:\/\/legendatours.com\/product\/evora-and-portalegre-golden-alentejo-12400g\/#primaryimage"},"image":{"@id":"https:\/\/legendatours.com\/product\/evora-and-portalegre-golden-alentejo-12400g\/#primaryimage"},"thumbnailUrl":"https:\/\/legendatours.com\/wp-content\/uploads\/sites\/12\/2021\/04\/castelo_vide-e1611669275485.jpg","datePublished":"2020-07-09T11:54:00+00:00","dateModified":"2021-08-11T14:33:54+00:00","description":"Die D\u00f6rfer mit ihren wei\u00df get\u00fcnchten einst\u00f6ckigen H\u00e4usern bilden eine malerische Landschaft im Alentejo.","breadcrumb":{"@id":"https:\/\/legendatours.com\/product\/evora-and-portalegre-golden-alentejo-12400g\/#breadcrumb"},"inLanguage":"de","potentialAction":[{"@type":"ReadAction","target":["https:\/\/legendatours.com\/product\/evora-and-portalegre-golden-alentejo-12400g\/"]}]},{"@type":"ImageObject","inLanguage":"de","@id":"https:\/\/legendatours.com\/product\/evora-and-portalegre-golden-alentejo-12400g\/#primaryimage","url":"https:\/\/legendatours.com\/wp-content\/uploads\/sites\/12\/2021\/04\/castelo_vide-e1611669275485.jpg","contentUrl":"https:\/\/legendatours.com\/wp-content\/uploads\/sites\/12\/2021\/04\/castelo_vide-e1611669275485.jpg","width":1024,"height":683,"caption":"A beautiful archway in lustrous Castelo de Vide"},{"@type":"BreadcrumbList","@id":"https:\/\/legendatours.com\/product\/evora-and-portalegre-golden-alentejo-12400g\/#breadcrumb","itemListElement":[{"@type":"ListItem","position":1,"name":"Home","item":"https:\/\/legendatours.com\/"},{"@type":"ListItem","position":2,"name":"Shop","item":"https:\/\/legendatours.com\/sv\/?page_id=4"},{"@type":"ListItem","position":3,"name":"\u00c9vora &amp; Portalegre: Golden Alentejo Walking Holidays"}]},{"@type":"WebSite","@id":"https:\/\/legendatours.com\/#website","url":"https:\/\/legendatours.com\/","name":"Legend\u00e4res Abenteuer DMC Portugal","description":"Verantwortungsvolles Wandern und Natururlaub in Portugal","publisher":{"@id":"https:\/\/legendatours.com\/#organization"},"alternateName":"Legendary Adventure Portugal","potentialAction":[{"@type":"SearchAction","target":{"@type":"EntryPoint","urlTemplate":"https:\/\/legendatours.com\/?s={search_term_string}"},"query-input":{"@type":"PropertyValueSpecification","valueRequired":true,"valueName":"search_term_string"}}],"inLanguage":"de"},{"@type":"Organization","@id":"https:\/\/legendatours.com\/#organization","name":"legendatours.com","url":"https:\/\/legendatours.com\/","logo":{"@type":"ImageObject","inLanguage":"de","@id":"https:\/\/legendatours.com\/#\/schema\/logo\/image\/","url":"https:\/\/legendatours.com\/wp-content\/uploads\/sites\/12\/2021\/06\/legendary_adventure_dmc.png","contentUrl":"https:\/\/legendatours.com\/wp-content\/uploads\/sites\/12\/2021\/06\/legendary_adventure_dmc.png","width":250,"height":74,"caption":"legendatours.com"},"image":{"@id":"https:\/\/legendatours.com\/#\/schema\/logo\/image\/"},"sameAs":["https:\/\/www.facebook.com\/legendaryadventuredmc\/","https:\/\/www.linkedin.com\/company\/legendary-adventure-dmc-portugal","https:\/\/www.youtube.com\/channel\/UCOIRDx_KM6ynIcacQkZjb6g"]}]}},"_links":{"self":[{"href":"https:\/\/legendatours.com\/de\/wp-json\/wp\/v2\/product\/7734","targetHints":{"allow":["GET"]}}],"collection":[{"href":"https:\/\/legendatours.com\/de\/wp-json\/wp\/v2\/product"}],"about":[{"href":"https:\/\/legendatours.com\/de\/wp-json\/wp\/v2\/types\/product"}],"replies":[{"embeddable":true,"href":"https:\/\/legendatours.com\/de\/wp-json\/wp\/v2\/comments?post=7734"}],"wp:featuredmedia":[{"embeddable":true,"href":"https:\/\/legendatours.com\/de\/wp-json\/wp\/v2\/media\/7728"}],"wp:attachment":[{"href":"https:\/\/legendatours.com\/de\/wp-json\/wp\/v2\/media?parent=7734"}],"wp:term":[{"taxonomy":"product_brand","embeddable":true,"href":"https:\/\/legendatours.com\/de\/wp-json\/wp\/v2\/product_brand?post=7734"},{"taxonomy":"product_cat","embeddable":true,"href":"https:\/\/legendatours.com\/de\/wp-json\/wp\/v2\/product_cat?post=7734"},{"taxonomy":"product_tag","embeddable":true,"href":"https:\/\/legendatours.com\/de\/wp-json\/wp\/v2\/product_tag?post=7734"}],"curies":[{"name":"wp","href":"https:\/\/api.w.org\/{rel}","templated":true}]}}