{"id":7746,"date":"2020-07-09T10:10:13","date_gmt":"2020-07-09T10:10:13","guid":{"rendered":"https:\/\/legendatours.com\/product\/walking-central-portugal-serra-da-estrela\/"},"modified":"2021-08-11T14:37:55","modified_gmt":"2021-08-11T14:37:55","slug":"central-portugal-serra-da-estrela-12100g","status":"publish","type":"product","link":"https:\/\/legendatours.com\/de\/produkt\/central-portugal-serra-da-estrela-12100g\/","title":{"rendered":"Wandern in Zentralportugal &amp; Serra da Estrela"},"content":{"rendered":"<p><strong>Gruppen ab 6 Personen akzeptiert.<\/strong><\/p>\n<p>&nbsp;<\/p>\n<p>Portugal ist ein Land von erstaunlicher Sch\u00f6nheit und erstaunlichen Kontrasten. Abgesehen von seiner ber\u00fchmten K\u00fcste sind die meisten seiner Berge und W\u00e4lder relativ unbekannt und bieten daher dem Wanderer auf der Suche nach etwas Besonderem riesige Belohnungen.<\/p>\n<div id=\"attachment_2806\" style=\"width: 1034px\" class=\"wp-caption alignnone\"><img loading=\"lazy\" decoding=\"async\" aria-describedby=\"caption-attachment-2806\" class=\"wp-image-2806 size-large\" title=\"Manteigas Serra Estrela\" src=\"https:\/\/legendatours.net\/wp-content\/uploads\/2020\/07\/manteigas_serra_estrela-1024x768.jpeg\" alt=\"Manteigas Serra Estrela\" width=\"1024\" height=\"768\" \/><p id=\"caption-attachment-2806\" class=\"wp-caption-text\">Manteigas Serra Estrela, Wenn es in der Serra da Estrela eine Stadt mit echter Bergluft gibt, dann ist es MANTEIGAS, 700 m hoch, dessen wei\u00df get\u00fcnchte H\u00e4user sich entlang der Kontur \u00fcber dem Rio Z\u00eazere erstrecken.<\/p><\/div>\n<p>Unser neuer Urlaub ist im Naturpark Serra da Estrela, den Bergen der Sterne, dem h\u00f6chsten Berg auf dem portugiesischen Festland mit 1993 m. Die Landschaften der Serra mit Pinienw\u00e4ldern, Seen und Gletschert\u00e4lern genie\u00dfen alle saubere, frische Bergluft. Der Naturpark ist auch die Quelle der Fl\u00fcsse Mondego, Z\u00eazere und Alva. Dramatische Klippen und Schluchten machen diese Region atemberaubend sch\u00f6n und es ist ein Vergn\u00fcgen, sie zu erkunden.<\/p>\n<p>Schafe und Ziegen spielen eine traditionelle Rolle bei der Herstellung des ber\u00fchmten K\u00e4ses Serra da Estrela. W\u00fcrste und Wein sind ebenfalls wichtig f\u00fcr die lokale Wirtschaft, ebenso wie die ger\u00e4ucherten Produkte und die bestickte Baumwolle. Handwerker nutzen ihre F\u00e4higkeiten in der Korbarbeit mit Korbweide und Kastanie. Die Serra da Estrela hat auch eine eigene Rasse von Bergsch\u00e4ferhunden.<\/p>\n<div id=\"attachment_2853\" style=\"width: 1034px\" class=\"wp-caption alignnone\"><img loading=\"lazy\" decoding=\"async\" aria-describedby=\"caption-attachment-2853\" class=\"wp-image-2853 size-large\" title=\"Wandern im Naturpark Serra da Estrela\" src=\"https:\/\/legendatours.net\/wp-content\/uploads\/2020\/07\/walking-serra_estrela-1024x702.jpg\" alt=\"Walking in Serra da Estrela Nature Park\" width=\"1024\" height=\"702\" \/><p id=\"caption-attachment-2853\" class=\"wp-caption-text\">Wandern im Naturpark Serra da Estrela In den letzten Jahrzehnten des zwanzigsten Jahrhunderts und in geringerem Ma\u00dfe in j\u00fcngerer Zeit hat sich das Leben in den Bergen fast bis zur Unkenntlichkeit ver\u00e4ndert.<\/p><\/div>\n<p>Die D\u00f6rfer der Serra da Estrela stammen aus dem Mittelalter und in der Gegend sind Zeugnisse der r\u00f6mischen Pr\u00e4senz und des arabischen Einflusses zu sehen. Dies ist wirklich ein Paradies f\u00fcr Wanderer, nicht nur wegen der fantastischen Wanderm\u00f6glichkeiten, sondern auch wegen der Sch\u00f6nheit, die so viel von diesem anregenden Teil Portugals ziert.<\/p>\n<p>Unsere Tour konzentriert sich auf Manteigas, eine malerische Stadt im Herzen eines Gletschertals. Es wird unser Ausgangspunkt f\u00fcr gro\u00dfartige Wanderungen in der wundersch\u00f6nen Landschaft sein, die die Natur dem Naturpark Serra da Estrela geschenkt hat. Es gibt gute Wege, die den Park durchziehen und die M\u00f6glichkeit bieten, mehr von dieser atemberaubenden Region zu entdecken.<\/p>\n<p>Wenn Sie gerne gut wandern und eine herrliche Landschaft m\u00f6gen, ist dieser neue Urlaub die perfekte Wahl.<\/p>\n<div class=\"row\" style=\"display: flex;\">\n<div class=\"column\" style=\"flex: 45%;\">\n<p><iframe loading=\"lazy\" title=\"Serra da Estrela Tour Portugal HD\" width=\"1080\" height=\"608\" src=\"https:\/\/www.youtube.com\/embed\/6ON0Bi0KxPY?feature=oembed\" frameborder=\"0\" allow=\"accelerometer; autoplay; clipboard-write; encrypted-media; gyroscope; picture-in-picture\" allowfullscreen><\/iframe><\/p>\n<\/div>\n<div class=\"column\" style=\"flex: 10%;\"><\/div>\n<div class=\"column\" style=\"flex: 45%;\">\n<p><iframe loading=\"lazy\" title=\"Manteigas, num dia a vida toda\" width=\"1080\" height=\"608\" src=\"https:\/\/www.youtube.com\/embed\/py2okg5lt3g?list=PLPGucsP6-ZGegmfctkhxgfUFcQ13YDEcn\" frameborder=\"0\" allow=\"accelerometer; autoplay; clipboard-write; encrypted-media; gyroscope; picture-in-picture\" allowfullscreen><\/iframe><\/p>\n<\/div>\n<\/div>","protected":false},"excerpt":{"rendered":"<p>Portugal ist ein Land von erstaunlicher Sch\u00f6nheit und erstaunlichen Kontrasten. Abgesehen von seiner ber\u00fchmten K\u00fcste sind die meisten seiner Berge und W\u00e4lder relativ unbekannt und bieten daher dem Wanderer auf der Suche nach etwas Besonderem riesige Belohnungen.<\/p>\n<p>Unser neuer Urlaub ist im Naturpark Serra da Estrela, den Bergen der Sterne, dem h\u00f6chsten Berg auf dem portugiesischen Festland mit 1993 m. Die Landschaften der Serra mit Pinienw\u00e4ldern, Seen und Gletschert\u00e4lern genie\u00dfen alle saubere, frische Bergluft. Der Naturpark ist auch die Quelle der Fl\u00fcsse Mondego, Z\u00eazere und Alva. Dramatische Klippen und Schluchten machen diese Region atemberaubend sch\u00f6n und es ist ein Vergn\u00fcgen, sie zu erkunden.<\/p>","protected":false},"featured_media":7742,"comment_status":"closed","ping_status":"closed","template":"","meta":{"_acf_changed":false,"inline_featured_image":false},"product_brand":[],"product_cat":[32,28,29,30,31],"product_tag":[78,403,570,571,572,573,87,574,575,576,577,95,578,579,580,581,106,582,583,584,585,586,64,587,588,589,590,208,591],"class_list":{"0":"post-7746","1":"product","2":"type-product","3":"status-publish","4":"has-post-thumbnail","6":"product_cat-cultural-tours-and-holidays-in-portugal","7":"product_cat-guided-group-tours","8":"product_cat-portugal-guided-historical-holidays","9":"product_cat-guided-sightseeing-holidays-portugal","10":"product_cat-guided-walking-holidays-in-portugal","11":"product_tag-beautiful-landscapes","12":"product_tag-beautiful-walk","13":"product_tag-craftsman","14":"product_tag-fantastic-mountains","15":"product_tag-forest","16":"product_tag-glacial-valley","17":"product_tag-green-landscape","18":"product_tag-guarda","19":"product_tag-highest-point-on-mainland-portugal","20":"product_tag-historic-refuge","21":"product_tag-isolated-farms","22":"product_tag-magnificent-landscape","23":"product_tag-manteigas","24":"product_tag-mondego","25":"product_tag-nave-da-mestra","26":"product_tag-penhas-douradas","27":"product_tag-picturesque-landscapes","28":"product_tag-portugals-highest-city","29":"product_tag-portugals-longest-river","30":"product_tag-queijo-da-serra","31":"product_tag-rio-mondego","32":"product_tag-river-mondego","33":"product_tag-roman-and-arab-vestiges","34":"product_tag-sameiro","35":"product_tag-serra-da-estrela","36":"product_tag-serra-da-estrela-cheese","37":"product_tag-serra-da-estrela-natural-park","38":"product_tag-traditional-villages","39":"product_tag-walk-to-varanda","41":"first","42":"instock","43":"virtual","44":"product-type-simple"},"acf":[],"yoast_head":"<!-- This site is optimized with the Yoast SEO Premium plugin v26.8 (Yoast SEO v27.5) - https:\/\/yoast.com\/product\/yoast-seo-premium-wordpress\/ -->\n<title>Walking Central Portugal &amp; Serra da Estrela - Legendary Adventure DMC Portugal<\/title>\n<meta name=\"robots\" content=\"index, follow, max-snippet:-1, max-image-preview:large, max-video-preview:-1\" \/>\n<link rel=\"canonical\" href=\"https:\/\/legendatours.com\/de\/produkt\/central-portugal-serra-da-estrela-12100g\/\" \/>\n<meta property=\"og:locale\" content=\"de_DE\" \/>\n<meta property=\"og:type\" content=\"article\" \/>\n<meta property=\"og:title\" content=\"Walking Central Portugal &amp; Serra da Estrela\" \/>\n<meta property=\"og:description\" content=\"Portugal is a country of astonishing beauty and amazing contrasts. Besides its famous coastline, the majority of its mountains and forests are relatively unknown and therefore offer huge rewards to the rambler in search of something special.  Our new holiday is in the Serra da Estrela Natural Park, the mountains of the stars, the highest mountain in mainland Portugal rising to 1993m. The Serra\u2019s landscapes of pine forests, lakes, and glacial valleys all enjoy clean, crisp, mountain air. The Natural Park is also the source of the Mondego, Z\u00eazere, and Alva rivers. Dramatic crags and ravines make this region stunningly beautiful and a pleasure to explore.\" \/>\n<meta property=\"og:url\" content=\"https:\/\/legendatours.com\/de\/produkt\/central-portugal-serra-da-estrela-12100g\/\" \/>\n<meta property=\"og:site_name\" content=\"Legendary Adventure DMC Portugal\" \/>\n<meta property=\"article:publisher\" content=\"https:\/\/www.facebook.com\/legendaryadventuredmc\/\" \/>\n<meta property=\"article:modified_time\" content=\"2021-08-11T14:37:55+00:00\" \/>\n<meta property=\"og:image\" content=\"https:\/\/legendatours.com\/wp-content\/uploads\/sites\/12\/2021\/04\/walking-serra_estrela-e1611669454896.jpg\" \/>\n\t<meta property=\"og:image:width\" content=\"1024\" \/>\n\t<meta property=\"og:image:height\" content=\"702\" \/>\n\t<meta property=\"og:image:type\" content=\"image\/jpeg\" \/>\n<meta name=\"twitter:card\" content=\"summary_large_image\" \/>\n<meta name=\"twitter:label1\" content=\"Gesch\u00e4tzte Lesezeit\" \/>\n\t<meta name=\"twitter:data1\" content=\"2\u00a0Minuten\" \/>\n<script type=\"application\/ld+json\" class=\"yoast-schema-graph\">{\"@context\":\"https:\\\/\\\/schema.org\",\"@graph\":[{\"@type\":\"WebPage\",\"@id\":\"https:\\\/\\\/legendatours.com\\\/product\\\/central-portugal-serra-da-estrela-12100g\\\/\",\"url\":\"https:\\\/\\\/legendatours.com\\\/product\\\/central-portugal-serra-da-estrela-12100g\\\/\",\"name\":\"Walking Central Portugal &amp; Serra da Estrela - Legendary Adventure DMC Portugal\",\"isPartOf\":{\"@id\":\"https:\\\/\\\/legendatours.com\\\/#website\"},\"primaryImageOfPage\":{\"@id\":\"https:\\\/\\\/legendatours.com\\\/product\\\/central-portugal-serra-da-estrela-12100g\\\/#primaryimage\"},\"image\":{\"@id\":\"https:\\\/\\\/legendatours.com\\\/product\\\/central-portugal-serra-da-estrela-12100g\\\/#primaryimage\"},\"thumbnailUrl\":\"https:\\\/\\\/legendatours.com\\\/wp-content\\\/uploads\\\/sites\\\/12\\\/2021\\\/04\\\/walking-serra_estrela-e1611669454896.jpg\",\"datePublished\":\"2020-07-09T10:10:13+00:00\",\"dateModified\":\"2021-08-11T14:37:55+00:00\",\"breadcrumb\":{\"@id\":\"https:\\\/\\\/legendatours.com\\\/product\\\/central-portugal-serra-da-estrela-12100g\\\/#breadcrumb\"},\"inLanguage\":\"de\",\"potentialAction\":[{\"@type\":\"ReadAction\",\"target\":[\"https:\\\/\\\/legendatours.com\\\/product\\\/central-portugal-serra-da-estrela-12100g\\\/\"]}]},{\"@type\":\"ImageObject\",\"inLanguage\":\"de\",\"@id\":\"https:\\\/\\\/legendatours.com\\\/product\\\/central-portugal-serra-da-estrela-12100g\\\/#primaryimage\",\"url\":\"https:\\\/\\\/legendatours.com\\\/wp-content\\\/uploads\\\/sites\\\/12\\\/2021\\\/04\\\/walking-serra_estrela-e1611669454896.jpg\",\"contentUrl\":\"https:\\\/\\\/legendatours.com\\\/wp-content\\\/uploads\\\/sites\\\/12\\\/2021\\\/04\\\/walking-serra_estrela-e1611669454896.jpg\",\"width\":1024,\"height\":702,\"caption\":\"Walking Serra da Estrela Nature Park\"},{\"@type\":\"BreadcrumbList\",\"@id\":\"https:\\\/\\\/legendatours.com\\\/product\\\/central-portugal-serra-da-estrela-12100g\\\/#breadcrumb\",\"itemListElement\":[{\"@type\":\"ListItem\",\"position\":1,\"name\":\"Home\",\"item\":\"https:\\\/\\\/legendatours.com\\\/\"},{\"@type\":\"ListItem\",\"position\":2,\"name\":\"Shop\",\"item\":\"https:\\\/\\\/legendatours.com\\\/sv\\\/?page_id=4\"},{\"@type\":\"ListItem\",\"position\":3,\"name\":\"Walking Central Portugal &amp; Serra da Estrela\"}]},{\"@type\":\"WebSite\",\"@id\":\"https:\\\/\\\/legendatours.com\\\/#website\",\"url\":\"https:\\\/\\\/legendatours.com\\\/\",\"name\":\"Legendary Adventure DMC Portugal\",\"description\":\"Responsible Walking &amp; Nature Holidays in Portugal\",\"publisher\":{\"@id\":\"https:\\\/\\\/legendatours.com\\\/#organization\"},\"alternateName\":\"Legendary Adventure Portugal\",\"potentialAction\":[{\"@type\":\"SearchAction\",\"target\":{\"@type\":\"EntryPoint\",\"urlTemplate\":\"https:\\\/\\\/legendatours.com\\\/?s={search_term_string}\"},\"query-input\":{\"@type\":\"PropertyValueSpecification\",\"valueRequired\":true,\"valueName\":\"search_term_string\"}}],\"inLanguage\":\"de\"},{\"@type\":\"Organization\",\"@id\":\"https:\\\/\\\/legendatours.com\\\/#organization\",\"name\":\"legendatours.com\",\"url\":\"https:\\\/\\\/legendatours.com\\\/\",\"logo\":{\"@type\":\"ImageObject\",\"inLanguage\":\"de\",\"@id\":\"https:\\\/\\\/legendatours.com\\\/#\\\/schema\\\/logo\\\/image\\\/\",\"url\":\"https:\\\/\\\/legendatours.com\\\/wp-content\\\/uploads\\\/sites\\\/12\\\/2021\\\/06\\\/legendary_adventure_dmc.png\",\"contentUrl\":\"https:\\\/\\\/legendatours.com\\\/wp-content\\\/uploads\\\/sites\\\/12\\\/2021\\\/06\\\/legendary_adventure_dmc.png\",\"width\":250,\"height\":74,\"caption\":\"legendatours.com\"},\"image\":{\"@id\":\"https:\\\/\\\/legendatours.com\\\/#\\\/schema\\\/logo\\\/image\\\/\"},\"sameAs\":[\"https:\\\/\\\/www.facebook.com\\\/legendaryadventuredmc\\\/\",\"https:\\\/\\\/www.linkedin.com\\\/company\\\/legendary-adventure-dmc-portugal\",\"https:\\\/\\\/www.youtube.com\\\/channel\\\/UCOIRDx_KM6ynIcacQkZjb6g\"]}]}<\/script>\n<!-- \/ Yoast SEO Premium plugin. -->","yoast_head_json":{"title":"Wandern in Zentralportugal &amp; Serra da Estrela - Legend\u00e4res Abenteuer DMC Portugal","robots":{"index":"index","follow":"follow","max-snippet":"max-snippet:-1","max-image-preview":"max-image-preview:large","max-video-preview":"max-video-preview:-1"},"canonical":"https:\/\/legendatours.com\/de\/produkt\/central-portugal-serra-da-estrela-12100g\/","og_locale":"de_DE","og_type":"article","og_title":"Walking Central Portugal &amp; Serra da Estrela","og_description":"Portugal is a country of astonishing beauty and amazing contrasts. Besides its famous coastline, the majority of its mountains and forests are relatively unknown and therefore offer huge rewards to the rambler in search of something special.  Our new holiday is in the Serra da Estrela Natural Park, the mountains of the stars, the highest mountain in mainland Portugal rising to 1993m. The Serra\u2019s landscapes of pine forests, lakes, and glacial valleys all enjoy clean, crisp, mountain air. The Natural Park is also the source of the Mondego, Z\u00eazere, and Alva rivers. Dramatic crags and ravines make this region stunningly beautiful and a pleasure to explore.","og_url":"https:\/\/legendatours.com\/de\/produkt\/central-portugal-serra-da-estrela-12100g\/","og_site_name":"Legendary Adventure DMC Portugal","article_publisher":"https:\/\/www.facebook.com\/legendaryadventuredmc\/","article_modified_time":"2021-08-11T14:37:55+00:00","og_image":[{"width":1024,"height":702,"url":"https:\/\/legendatours.com\/wp-content\/uploads\/sites\/12\/2021\/04\/walking-serra_estrela-e1611669454896.jpg","type":"image\/jpeg"}],"twitter_card":"summary_large_image","twitter_misc":{"Gesch\u00e4tzte Lesezeit":"2\u00a0Minuten"},"schema":{"@context":"https:\/\/schema.org","@graph":[{"@type":"WebPage","@id":"https:\/\/legendatours.com\/product\/central-portugal-serra-da-estrela-12100g\/","url":"https:\/\/legendatours.com\/product\/central-portugal-serra-da-estrela-12100g\/","name":"Wandern in Zentralportugal &amp; Serra da Estrela - Legend\u00e4res Abenteuer DMC Portugal","isPartOf":{"@id":"https:\/\/legendatours.com\/#website"},"primaryImageOfPage":{"@id":"https:\/\/legendatours.com\/product\/central-portugal-serra-da-estrela-12100g\/#primaryimage"},"image":{"@id":"https:\/\/legendatours.com\/product\/central-portugal-serra-da-estrela-12100g\/#primaryimage"},"thumbnailUrl":"https:\/\/legendatours.com\/wp-content\/uploads\/sites\/12\/2021\/04\/walking-serra_estrela-e1611669454896.jpg","datePublished":"2020-07-09T10:10:13+00:00","dateModified":"2021-08-11T14:37:55+00:00","breadcrumb":{"@id":"https:\/\/legendatours.com\/product\/central-portugal-serra-da-estrela-12100g\/#breadcrumb"},"inLanguage":"de","potentialAction":[{"@type":"ReadAction","target":["https:\/\/legendatours.com\/product\/central-portugal-serra-da-estrela-12100g\/"]}]},{"@type":"ImageObject","inLanguage":"de","@id":"https:\/\/legendatours.com\/product\/central-portugal-serra-da-estrela-12100g\/#primaryimage","url":"https:\/\/legendatours.com\/wp-content\/uploads\/sites\/12\/2021\/04\/walking-serra_estrela-e1611669454896.jpg","contentUrl":"https:\/\/legendatours.com\/wp-content\/uploads\/sites\/12\/2021\/04\/walking-serra_estrela-e1611669454896.jpg","width":1024,"height":702,"caption":"Walking Serra da Estrela Nature Park"},{"@type":"BreadcrumbList","@id":"https:\/\/legendatours.com\/product\/central-portugal-serra-da-estrela-12100g\/#breadcrumb","itemListElement":[{"@type":"ListItem","position":1,"name":"Home","item":"https:\/\/legendatours.com\/"},{"@type":"ListItem","position":2,"name":"Shop","item":"https:\/\/legendatours.com\/sv\/?page_id=4"},{"@type":"ListItem","position":3,"name":"Walking Central Portugal &amp; Serra da Estrela"}]},{"@type":"WebSite","@id":"https:\/\/legendatours.com\/#website","url":"https:\/\/legendatours.com\/","name":"Legend\u00e4res Abenteuer DMC Portugal","description":"Verantwortungsvolles Wandern und Natururlaub in Portugal","publisher":{"@id":"https:\/\/legendatours.com\/#organization"},"alternateName":"Legendary Adventure Portugal","potentialAction":[{"@type":"SearchAction","target":{"@type":"EntryPoint","urlTemplate":"https:\/\/legendatours.com\/?s={search_term_string}"},"query-input":{"@type":"PropertyValueSpecification","valueRequired":true,"valueName":"search_term_string"}}],"inLanguage":"de"},{"@type":"Organization","@id":"https:\/\/legendatours.com\/#organization","name":"legendatours.com","url":"https:\/\/legendatours.com\/","logo":{"@type":"ImageObject","inLanguage":"de","@id":"https:\/\/legendatours.com\/#\/schema\/logo\/image\/","url":"https:\/\/legendatours.com\/wp-content\/uploads\/sites\/12\/2021\/06\/legendary_adventure_dmc.png","contentUrl":"https:\/\/legendatours.com\/wp-content\/uploads\/sites\/12\/2021\/06\/legendary_adventure_dmc.png","width":250,"height":74,"caption":"legendatours.com"},"image":{"@id":"https:\/\/legendatours.com\/#\/schema\/logo\/image\/"},"sameAs":["https:\/\/www.facebook.com\/legendaryadventuredmc\/","https:\/\/www.linkedin.com\/company\/legendary-adventure-dmc-portugal","https:\/\/www.youtube.com\/channel\/UCOIRDx_KM6ynIcacQkZjb6g"]}]}},"_links":{"self":[{"href":"https:\/\/legendatours.com\/de\/wp-json\/wp\/v2\/product\/7746","targetHints":{"allow":["GET"]}}],"collection":[{"href":"https:\/\/legendatours.com\/de\/wp-json\/wp\/v2\/product"}],"about":[{"href":"https:\/\/legendatours.com\/de\/wp-json\/wp\/v2\/types\/product"}],"replies":[{"embeddable":true,"href":"https:\/\/legendatours.com\/de\/wp-json\/wp\/v2\/comments?post=7746"}],"wp:featuredmedia":[{"embeddable":true,"href":"https:\/\/legendatours.com\/de\/wp-json\/wp\/v2\/media\/7742"}],"wp:attachment":[{"href":"https:\/\/legendatours.com\/de\/wp-json\/wp\/v2\/media?parent=7746"}],"wp:term":[{"taxonomy":"product_brand","embeddable":true,"href":"https:\/\/legendatours.com\/de\/wp-json\/wp\/v2\/product_brand?post=7746"},{"taxonomy":"product_cat","embeddable":true,"href":"https:\/\/legendatours.com\/de\/wp-json\/wp\/v2\/product_cat?post=7746"},{"taxonomy":"product_tag","embeddable":true,"href":"https:\/\/legendatours.com\/de\/wp-json\/wp\/v2\/product_tag?post=7746"}],"curies":[{"name":"wp","href":"https:\/\/api.w.org\/{rel}","templated":true}]}}