{"id":7774,"date":"2020-07-08T13:58:36","date_gmt":"2020-07-08T13:58:36","guid":{"rendered":"https:\/\/legendatours.com\/product\/walking-holidays-in-tavira-and-the-real-algarve\/"},"modified":"2021-08-11T15:35:22","modified_gmt":"2021-08-11T15:35:22","slug":"tavira-and-the-real-algarve-11800g","status":"publish","type":"product","link":"https:\/\/legendatours.com\/de\/produkt\/tavira-and-the-real-algarve-11800g\/","title":{"rendered":"Wanderurlaub in Tavira und der echten Algarve"},"content":{"rendered":"<p><strong>Gruppen ab 6 Personen akzeptiert.<\/strong><\/p>\n<p>&nbsp;<\/p>\n<p>Tavira ist eine alte maurische Stadt, die ihren einzigartigen Charakter und ihr Erbe bewahrt hat. Die Stadt erstreckt sich entlang der Ufer des Flusses Gil\u00e3o und ist eine reizvolle Mischung aus traditioneller portugiesischer Architektur mit tief verwurzelten maurischen Einfl\u00fcssen.<\/p>\n<p>Schichten der Geschichte sind zu sehen, von ph\u00f6nizischen Ausgrabungen \u00fcber islamisch verzierte T\u00fcren bis hin zu Schn\u00f6rkeln der Renaissance und des Barock. Es sind jedoch die Farben, die einem auffallen: blendend wei\u00dfe W\u00e4nde, strahlende Azulejo-Fliesen, feuerrote Dachpfannen.<\/p>\n<div id=\"attachment_2833\" style=\"width: 1034px\" class=\"wp-caption alignnone\"><img loading=\"lazy\" decoding=\"async\" aria-describedby=\"caption-attachment-2833\" class=\"wp-image-2833 size-large\" title=\"Gruppenwanderung auf dem Land der Ostalgarve\" src=\"https:\/\/legendatours.net\/wp-content\/uploads\/2020\/07\/Zimbral_walk-1024x768.jpg\" alt=\"Group walking East algarve countryside\" width=\"1024\" height=\"768\" \/><p id=\"caption-attachment-2833\" class=\"wp-caption-text\">Gruppenwanderung auf dem Land der Ostalgarve<\/p><\/div>\n<p>Tavira ist wohl die sch\u00f6nste Stadt der Algarve und strahlt einen authentischen portugiesischen Charme aus. Es gibt nur wenige gro\u00dfe Hotels, viele Kirchen, Fischerboote dr\u00e4ngen sich auf dem Fluss und jeder hat Zeit zum Bummeln.<\/p>\n<p>Wundersch\u00f6ne leere Str\u00e4nde mit endlos scheinendem Sand. Felder mit Orangenb\u00e4umen, schwer vom Duft der Bl\u00fcten. Dann die H\u00fcgel mit Feigen- und Mandelb\u00e4umen und H\u00e4usern mit blendend wei\u00df get\u00fcnchten W\u00e4nden und markanten Schornsteinen, die so verziert sind, dass sie feinem Ma\u00dfwerk aus Spitze \u00e4hneln. Und nicht zuletzt die gro\u00dfen Freifl\u00e4chen. Dies ist nur ein Vorgeschmack auf den Charme von Tavira und seiner Gemeinde, eine Einladung, mehr zu erfahren.<\/p>\n<div id=\"attachment_2832\" style=\"width: 1034px\" class=\"wp-caption alignnone\"><img loading=\"lazy\" decoding=\"async\" aria-describedby=\"caption-attachment-2832\" class=\"wp-image-2832 size-large\" title=\"Wandern in Santa Luzia - Wanderurlaub in einem typischen Fischerdorf an der Ostalgarve\" src=\"https:\/\/legendatours.net\/wp-content\/uploads\/2020\/07\/Typical_fishing_village_East_Algarve-1024x685.jpg\" alt=\"Santa luzia walking - Typical fishing village in East Algarve walking holidays\" width=\"1024\" height=\"685\" \/><p id=\"caption-attachment-2832\" class=\"wp-caption-text\">Wandern in Santa Luzia \u2013 Wanderurlaub in einem typischen Fischerdorf an der Ostalgarve<\/p><\/div>\n<p>Unsere Wanderungen f\u00fchren uns zur Insel Tavira im Naturpark, an einem der sch\u00f6nsten Str\u00e4nde der Welt, und zu h\u00fcbschen K\u00fcstend\u00f6rfern wie Santa Luzia, Cabanas und Cacela Velha. Im Landesinneren schl\u00e4ngeln wir uns zwischen H\u00fcgeln und T\u00e4lern zum niedrigen Gipfel des Zimbral mit weiten, lohnenden Aussichten.<\/p>\n<p>Alte Pfade f\u00fchren uns vorbei an Bauernh\u00f6fen, durch ein kompliziertes Patchwork aus Orangenhainen, Oliven- und Johannisbrotplantagen. Manchmal gehen wir an Fl\u00fcssen entlang; andere Male zwischen Kiefern und Korkeichen. Die meiste Zeit unserer Saison werden wir mit einer endlosen und sich st\u00e4ndig \u00e4ndernden Prozession wundersch\u00f6ner Blumen pr\u00e4sentiert.<\/p>\n<p>Wir werden auch Abendessen in lokalen Restaurants genie\u00dfen und die Gelegenheit haben, die wunderbare portugiesische K\u00fcche und Weine zu probieren.<\/p>\n<p><iframe loading=\"lazy\" title=\"Algarve Visto do Ar - Concelho de Tavira\" width=\"1080\" height=\"608\" src=\"https:\/\/www.youtube.com\/embed\/xZfi4Gcgyxo?feature=oembed\" frameborder=\"0\" allow=\"accelerometer; autoplay; clipboard-write; encrypted-media; gyroscope; picture-in-picture\" allowfullscreen><\/iframe><\/p>","protected":false},"excerpt":{"rendered":"<p>Tavira ist eine alte maurische Stadt, die ihren einzigartigen Charakter und ihr Erbe bewahrt hat. Die Stadt erstreckt sich entlang der Ufer des Flusses Gil\u00e3o und ist eine reizvolle Mischung aus traditioneller portugiesischer Architektur mit tief verwurzelten maurischen Einfl\u00fcssen.<\/p>\n<p>Unsere Wanderungen f\u00fchren uns zur Insel Tavira im Naturpark, an einem der sch\u00f6nsten Str\u00e4nde der Welt, und zu h\u00fcbschen K\u00fcstend\u00f6rfern wie Santa Luzia, Cabanas und Cacela Velha. Im Landesinneren schl\u00e4ngeln wir uns zwischen H\u00fcgeln und T\u00e4lern zum niedrigen Gipfel des Zimbral mit weiten, lohnenden Aussichten.<\/p>","protected":false},"featured_media":7758,"comment_status":"closed","ping_status":"closed","template":"","meta":{"_acf_changed":false,"inline_featured_image":false},"product_brand":[],"product_cat":[32,28,29,30,31],"product_tag":[147,154,155,130,90,91,156,160,162,60,167,168,169,173,174,68,176,177,121,112,122,145],"class_list":{"0":"post-7774","1":"product","2":"type-product","3":"status-publish","4":"has-post-thumbnail","6":"product_cat-cultural-tours-and-holidays-in-portugal","7":"product_cat-guided-group-tours","8":"product_cat-portugal-guided-historical-holidays","9":"product_cat-guided-sightseeing-holidays-portugal","10":"product_cat-guided-walking-holidays-in-portugal","11":"product_tag-algarve","12":"product_tag-east-algarve","13":"product_tag-europe","14":"product_tag-gastronomy","15":"product_tag-guided-walking-holidays","16":"product_tag-guided-walking-tours","17":"product_tag-hiking","18":"product_tag-holidays","19":"product_tag-nature-walks","20":"product_tag-portugal","21":"product_tag-rambling","22":"product_tag-ria-formosa","23":"product_tag-ria-formosa-natural-park","24":"product_tag-sunny-winters","25":"product_tag-tavira","26":"product_tag-tours-in-portugal","27":"product_tag-typical-fisherman-villages","28":"product_tag-vacations","29":"product_tag-walking","30":"product_tag-walking-holidays","31":"product_tag-walking-tours","32":"product_tag-wines","34":"first","35":"instock","36":"virtual","37":"product-type-simple"},"acf":[],"yoast_head":"<!-- This site is optimized with the Yoast SEO Premium plugin v26.8 (Yoast SEO v27.5) - https:\/\/yoast.com\/product\/yoast-seo-premium-wordpress\/ -->\n<title>Walking Holidays in Tavira and the Real Algarve - Legendary Adventure DMC Portugal<\/title>\n<meta name=\"robots\" content=\"index, follow, max-snippet:-1, max-image-preview:large, max-video-preview:-1\" \/>\n<link rel=\"canonical\" href=\"https:\/\/legendatours.com\/de\/produkt\/tavira-and-the-real-algarve-11800g\/\" \/>\n<meta property=\"og:locale\" content=\"de_DE\" \/>\n<meta property=\"og:type\" content=\"article\" \/>\n<meta property=\"og:title\" content=\"Walking Holidays in Tavira and the Real Algarve\" \/>\n<meta property=\"og:description\" content=\"Tavira is an ancient Moorish town that has retained its unique character and heritage. The town extends along the banks of the Gil\u00e3o River and is a delightful mix of traditional Portuguese architecture with deep-rooted Moorish influences.  Our walks take us to Tavira Island in the Natural Park, taking in one of the most beautiful beaches in the world, and to pretty coastal villages such as Santa Luzia, Cabanas, and Cacela Velha. Inland we wind our way between hills and valleys to the low peak of Zimbral, with wide rewarding views.\" \/>\n<meta property=\"og:url\" content=\"https:\/\/legendatours.com\/de\/produkt\/tavira-and-the-real-algarve-11800g\/\" \/>\n<meta property=\"og:site_name\" content=\"Legendary Adventure DMC Portugal\" \/>\n<meta property=\"article:publisher\" content=\"https:\/\/www.facebook.com\/legendaryadventuredmc\/\" \/>\n<meta property=\"article:modified_time\" content=\"2021-08-11T15:35:22+00:00\" \/>\n<meta property=\"og:image\" content=\"https:\/\/legendatours.com\/wp-content\/uploads\/sites\/12\/2021\/04\/east_algarve_walking-e1611671588846.jpg\" \/>\n\t<meta property=\"og:image:width\" content=\"1024\" \/>\n\t<meta property=\"og:image:height\" content=\"768\" \/>\n\t<meta property=\"og:image:type\" content=\"image\/jpeg\" \/>\n<meta name=\"twitter:card\" content=\"summary_large_image\" \/>\n<meta name=\"twitter:label1\" content=\"Gesch\u00e4tzte Lesezeit\" \/>\n\t<meta name=\"twitter:data1\" content=\"2\u00a0Minuten\" \/>\n<script type=\"application\/ld+json\" class=\"yoast-schema-graph\">{\"@context\":\"https:\\\/\\\/schema.org\",\"@graph\":[{\"@type\":\"WebPage\",\"@id\":\"https:\\\/\\\/legendatours.com\\\/product\\\/tavira-and-the-real-algarve-11800g\\\/\",\"url\":\"https:\\\/\\\/legendatours.com\\\/product\\\/tavira-and-the-real-algarve-11800g\\\/\",\"name\":\"Walking Holidays in Tavira and the Real Algarve - Legendary Adventure DMC Portugal\",\"isPartOf\":{\"@id\":\"https:\\\/\\\/legendatours.com\\\/#website\"},\"primaryImageOfPage\":{\"@id\":\"https:\\\/\\\/legendatours.com\\\/product\\\/tavira-and-the-real-algarve-11800g\\\/#primaryimage\"},\"image\":{\"@id\":\"https:\\\/\\\/legendatours.com\\\/product\\\/tavira-and-the-real-algarve-11800g\\\/#primaryimage\"},\"thumbnailUrl\":\"https:\\\/\\\/legendatours.com\\\/wp-content\\\/uploads\\\/sites\\\/12\\\/2021\\\/04\\\/east_algarve_walking-e1611671588846.jpg\",\"datePublished\":\"2020-07-08T13:58:36+00:00\",\"dateModified\":\"2021-08-11T15:35:22+00:00\",\"breadcrumb\":{\"@id\":\"https:\\\/\\\/legendatours.com\\\/product\\\/tavira-and-the-real-algarve-11800g\\\/#breadcrumb\"},\"inLanguage\":\"de\",\"potentialAction\":[{\"@type\":\"ReadAction\",\"target\":[\"https:\\\/\\\/legendatours.com\\\/product\\\/tavira-and-the-real-algarve-11800g\\\/\"]}]},{\"@type\":\"ImageObject\",\"inLanguage\":\"de\",\"@id\":\"https:\\\/\\\/legendatours.com\\\/product\\\/tavira-and-the-real-algarve-11800g\\\/#primaryimage\",\"url\":\"https:\\\/\\\/legendatours.com\\\/wp-content\\\/uploads\\\/sites\\\/12\\\/2021\\\/04\\\/east_algarve_walking-e1611671588846.jpg\",\"contentUrl\":\"https:\\\/\\\/legendatours.com\\\/wp-content\\\/uploads\\\/sites\\\/12\\\/2021\\\/04\\\/east_algarve_walking-e1611671588846.jpg\",\"width\":1024,\"height\":768,\"caption\":\"Walking in the East Algarve\"},{\"@type\":\"BreadcrumbList\",\"@id\":\"https:\\\/\\\/legendatours.com\\\/product\\\/tavira-and-the-real-algarve-11800g\\\/#breadcrumb\",\"itemListElement\":[{\"@type\":\"ListItem\",\"position\":1,\"name\":\"Home\",\"item\":\"https:\\\/\\\/legendatours.com\\\/\"},{\"@type\":\"ListItem\",\"position\":2,\"name\":\"Shop\",\"item\":\"https:\\\/\\\/legendatours.com\\\/sv\\\/?page_id=4\"},{\"@type\":\"ListItem\",\"position\":3,\"name\":\"Walking Holidays in Tavira and the Real Algarve\"}]},{\"@type\":\"WebSite\",\"@id\":\"https:\\\/\\\/legendatours.com\\\/#website\",\"url\":\"https:\\\/\\\/legendatours.com\\\/\",\"name\":\"Legendary Adventure DMC Portugal\",\"description\":\"Responsible Walking &amp; Nature Holidays in Portugal\",\"publisher\":{\"@id\":\"https:\\\/\\\/legendatours.com\\\/#organization\"},\"alternateName\":\"Legendary Adventure Portugal\",\"potentialAction\":[{\"@type\":\"SearchAction\",\"target\":{\"@type\":\"EntryPoint\",\"urlTemplate\":\"https:\\\/\\\/legendatours.com\\\/?s={search_term_string}\"},\"query-input\":{\"@type\":\"PropertyValueSpecification\",\"valueRequired\":true,\"valueName\":\"search_term_string\"}}],\"inLanguage\":\"de\"},{\"@type\":\"Organization\",\"@id\":\"https:\\\/\\\/legendatours.com\\\/#organization\",\"name\":\"legendatours.com\",\"url\":\"https:\\\/\\\/legendatours.com\\\/\",\"logo\":{\"@type\":\"ImageObject\",\"inLanguage\":\"de\",\"@id\":\"https:\\\/\\\/legendatours.com\\\/#\\\/schema\\\/logo\\\/image\\\/\",\"url\":\"https:\\\/\\\/legendatours.com\\\/wp-content\\\/uploads\\\/sites\\\/12\\\/2021\\\/06\\\/legendary_adventure_dmc.png\",\"contentUrl\":\"https:\\\/\\\/legendatours.com\\\/wp-content\\\/uploads\\\/sites\\\/12\\\/2021\\\/06\\\/legendary_adventure_dmc.png\",\"width\":250,\"height\":74,\"caption\":\"legendatours.com\"},\"image\":{\"@id\":\"https:\\\/\\\/legendatours.com\\\/#\\\/schema\\\/logo\\\/image\\\/\"},\"sameAs\":[\"https:\\\/\\\/www.facebook.com\\\/legendaryadventuredmc\\\/\",\"https:\\\/\\\/www.linkedin.com\\\/company\\\/legendary-adventure-dmc-portugal\",\"https:\\\/\\\/www.youtube.com\\\/channel\\\/UCOIRDx_KM6ynIcacQkZjb6g\"]}]}<\/script>\n<!-- \/ Yoast SEO Premium plugin. -->","yoast_head_json":{"title":"Wanderurlaub in Tavira und der Echten Algarve - Legend\u00e4res Abenteuer DMC Portugal","robots":{"index":"index","follow":"follow","max-snippet":"max-snippet:-1","max-image-preview":"max-image-preview:large","max-video-preview":"max-video-preview:-1"},"canonical":"https:\/\/legendatours.com\/de\/produkt\/tavira-and-the-real-algarve-11800g\/","og_locale":"de_DE","og_type":"article","og_title":"Walking Holidays in Tavira and the Real Algarve","og_description":"Tavira is an ancient Moorish town that has retained its unique character and heritage. The town extends along the banks of the Gil\u00e3o River and is a delightful mix of traditional Portuguese architecture with deep-rooted Moorish influences.  Our walks take us to Tavira Island in the Natural Park, taking in one of the most beautiful beaches in the world, and to pretty coastal villages such as Santa Luzia, Cabanas, and Cacela Velha. Inland we wind our way between hills and valleys to the low peak of Zimbral, with wide rewarding views.","og_url":"https:\/\/legendatours.com\/de\/produkt\/tavira-and-the-real-algarve-11800g\/","og_site_name":"Legendary Adventure DMC Portugal","article_publisher":"https:\/\/www.facebook.com\/legendaryadventuredmc\/","article_modified_time":"2021-08-11T15:35:22+00:00","og_image":[{"width":1024,"height":768,"url":"https:\/\/legendatours.com\/wp-content\/uploads\/sites\/12\/2021\/04\/east_algarve_walking-e1611671588846.jpg","type":"image\/jpeg"}],"twitter_card":"summary_large_image","twitter_misc":{"Gesch\u00e4tzte Lesezeit":"2\u00a0Minuten"},"schema":{"@context":"https:\/\/schema.org","@graph":[{"@type":"WebPage","@id":"https:\/\/legendatours.com\/product\/tavira-and-the-real-algarve-11800g\/","url":"https:\/\/legendatours.com\/product\/tavira-and-the-real-algarve-11800g\/","name":"Wanderurlaub in Tavira und der Echten Algarve - Legend\u00e4res Abenteuer DMC Portugal","isPartOf":{"@id":"https:\/\/legendatours.com\/#website"},"primaryImageOfPage":{"@id":"https:\/\/legendatours.com\/product\/tavira-and-the-real-algarve-11800g\/#primaryimage"},"image":{"@id":"https:\/\/legendatours.com\/product\/tavira-and-the-real-algarve-11800g\/#primaryimage"},"thumbnailUrl":"https:\/\/legendatours.com\/wp-content\/uploads\/sites\/12\/2021\/04\/east_algarve_walking-e1611671588846.jpg","datePublished":"2020-07-08T13:58:36+00:00","dateModified":"2021-08-11T15:35:22+00:00","breadcrumb":{"@id":"https:\/\/legendatours.com\/product\/tavira-and-the-real-algarve-11800g\/#breadcrumb"},"inLanguage":"de","potentialAction":[{"@type":"ReadAction","target":["https:\/\/legendatours.com\/product\/tavira-and-the-real-algarve-11800g\/"]}]},{"@type":"ImageObject","inLanguage":"de","@id":"https:\/\/legendatours.com\/product\/tavira-and-the-real-algarve-11800g\/#primaryimage","url":"https:\/\/legendatours.com\/wp-content\/uploads\/sites\/12\/2021\/04\/east_algarve_walking-e1611671588846.jpg","contentUrl":"https:\/\/legendatours.com\/wp-content\/uploads\/sites\/12\/2021\/04\/east_algarve_walking-e1611671588846.jpg","width":1024,"height":768,"caption":"Walking in the East Algarve"},{"@type":"BreadcrumbList","@id":"https:\/\/legendatours.com\/product\/tavira-and-the-real-algarve-11800g\/#breadcrumb","itemListElement":[{"@type":"ListItem","position":1,"name":"Home","item":"https:\/\/legendatours.com\/"},{"@type":"ListItem","position":2,"name":"Shop","item":"https:\/\/legendatours.com\/sv\/?page_id=4"},{"@type":"ListItem","position":3,"name":"Walking Holidays in Tavira and the Real Algarve"}]},{"@type":"WebSite","@id":"https:\/\/legendatours.com\/#website","url":"https:\/\/legendatours.com\/","name":"Legend\u00e4res Abenteuer DMC Portugal","description":"Verantwortungsvolles Wandern und Natururlaub in Portugal","publisher":{"@id":"https:\/\/legendatours.com\/#organization"},"alternateName":"Legendary Adventure Portugal","potentialAction":[{"@type":"SearchAction","target":{"@type":"EntryPoint","urlTemplate":"https:\/\/legendatours.com\/?s={search_term_string}"},"query-input":{"@type":"PropertyValueSpecification","valueRequired":true,"valueName":"search_term_string"}}],"inLanguage":"de"},{"@type":"Organization","@id":"https:\/\/legendatours.com\/#organization","name":"legendatours.com","url":"https:\/\/legendatours.com\/","logo":{"@type":"ImageObject","inLanguage":"de","@id":"https:\/\/legendatours.com\/#\/schema\/logo\/image\/","url":"https:\/\/legendatours.com\/wp-content\/uploads\/sites\/12\/2021\/06\/legendary_adventure_dmc.png","contentUrl":"https:\/\/legendatours.com\/wp-content\/uploads\/sites\/12\/2021\/06\/legendary_adventure_dmc.png","width":250,"height":74,"caption":"legendatours.com"},"image":{"@id":"https:\/\/legendatours.com\/#\/schema\/logo\/image\/"},"sameAs":["https:\/\/www.facebook.com\/legendaryadventuredmc\/","https:\/\/www.linkedin.com\/company\/legendary-adventure-dmc-portugal","https:\/\/www.youtube.com\/channel\/UCOIRDx_KM6ynIcacQkZjb6g"]}]}},"_links":{"self":[{"href":"https:\/\/legendatours.com\/de\/wp-json\/wp\/v2\/product\/7774","targetHints":{"allow":["GET"]}}],"collection":[{"href":"https:\/\/legendatours.com\/de\/wp-json\/wp\/v2\/product"}],"about":[{"href":"https:\/\/legendatours.com\/de\/wp-json\/wp\/v2\/types\/product"}],"replies":[{"embeddable":true,"href":"https:\/\/legendatours.com\/de\/wp-json\/wp\/v2\/comments?post=7774"}],"wp:featuredmedia":[{"embeddable":true,"href":"https:\/\/legendatours.com\/de\/wp-json\/wp\/v2\/media\/7758"}],"wp:attachment":[{"href":"https:\/\/legendatours.com\/de\/wp-json\/wp\/v2\/media?parent=7774"}],"wp:term":[{"taxonomy":"product_brand","embeddable":true,"href":"https:\/\/legendatours.com\/de\/wp-json\/wp\/v2\/product_brand?post=7774"},{"taxonomy":"product_cat","embeddable":true,"href":"https:\/\/legendatours.com\/de\/wp-json\/wp\/v2\/product_cat?post=7774"},{"taxonomy":"product_tag","embeddable":true,"href":"https:\/\/legendatours.com\/de\/wp-json\/wp\/v2\/product_tag?post=7774"}],"curies":[{"name":"wp","href":"https:\/\/api.w.org\/{rel}","templated":true}]}}