{"id":7782,"date":"2020-07-08T11:42:32","date_gmt":"2020-07-08T11:42:32","guid":{"rendered":"https:\/\/legendatours.com\/product\/serra-da-estrela-mountain-of-the-stars\/"},"modified":"2021-08-11T15:37:14","modified_gmt":"2021-08-11T15:37:14","slug":"serra-da-estrela-mountain-of-the-stars-11600g","status":"publish","type":"product","link":"https:\/\/legendatours.com\/de\/produkt\/serra-da-estrela-mountain-of-the-stars-11600g\/","title":{"rendered":"Serra Da Estrela: Berg der Sterne"},"content":{"rendered":"<p><strong>Gruppen ab 6 Personen akzeptiert.<\/strong><\/p>\n<p>&nbsp;<\/p>\n<p>Portugal ist ein Land von erstaunlicher Sch\u00f6nheit und erstaunlichen Kontrasten. Abgesehen von seiner ber\u00fchmten K\u00fcste sind die meisten seiner Berge und W\u00e4lder relativ unbekannt und bieten daher dem Wanderer auf der Suche nach etwas Besonderem gro\u00dfe Belohnungen.<\/p>\n<p>Dieser Urlaub findet im Naturpark Serra da Estrela statt, den \u201eBergen der Sterne\u201c, dem h\u00f6chsten Gebirge auf dem portugiesischen Festland mit einer H\u00f6he von 1993 m.<\/p>\n<div id=\"attachment_2808\" style=\"width: 1034px\" class=\"wp-caption alignnone\"><img loading=\"lazy\" decoding=\"async\" aria-describedby=\"caption-attachment-2808\" class=\"wp-image-2808 size-large\" title=\"Wanderwege der Serra da Estrela\" src=\"https:\/\/legendatours.net\/wp-content\/uploads\/2020\/07\/routes_mountain_stars-1024x683.jpg\" alt=\"Serra da Estrela walking routes\" width=\"1024\" height=\"683\" \/><p id=\"caption-attachment-2808\" class=\"wp-caption-text\">Wanderwege der Serra da Estrela<\/p><\/div>\n<p>Die Landschaften der Serra mit Kastanien-, Buchen- und Kiefernw\u00e4ldern, Seen und Gletschert\u00e4lern genie\u00dfen alle saubere, frische Bergluft.<\/p>\n<p>Der Naturpark ist auch die Quelle der Fl\u00fcsse Mondego, Z\u00eazere und Alva.<\/p>\n<p>Dramatische Klippen und Schluchten machen diese Region atemberaubend sch\u00f6n und es ist ein Vergn\u00fcgen, sie zu erkunden. Es ist ein anerkanntes Zentrum f\u00fcr Klettern, aber unser<br \/>\nWanderungen erm\u00f6glichen es uns, all diese Sch\u00f6nheit auf konventionelleren Pfaden zu erreichen.<\/p>\n<p>Schafe und Ziegen spielen eine traditionelle Rolle bei der Herstellung des ber\u00fchmten K\u00e4ses Serra da Estrela. W\u00fcrste und Wein sind ebenfalls wichtig f\u00fcr die lokale Wirtschaft, ebenso wie die ger\u00e4ucherten Produkte und die bestickte Baumwolle. Handwerker nutzen ihre F\u00e4higkeiten in der Korbarbeit mit Korbweide und Kastanie. Die Serra da Estrela hat auch eine eigene alte Rasse von Bergsch\u00e4ferhunden.<\/p>\n<div id=\"attachment_2810\" style=\"width: 1034px\" class=\"wp-caption alignnone\"><img loading=\"lazy\" decoding=\"async\" aria-describedby=\"caption-attachment-2810\" class=\"wp-image-2810 size-large\" title=\"Valley Nave Mestra - Wandern in der Serra da Estrela\" src=\"https:\/\/legendatours.net\/wp-content\/uploads\/2020\/07\/vale_mestra-1024x768.jpg\" alt=\"Valley Nave Mestra - walking in serra da Estrela\" width=\"1024\" height=\"768\" \/><p id=\"caption-attachment-2810\" class=\"wp-caption-text\">Valley Nave Mestra \u2013 Wandern in der Serra da Estrela<\/p><\/div>\n<p>Die D\u00f6rfer der Serra da Estrela stammen aus dem Mittelalter und dar\u00fcber hinaus. In der Gegend sind Hinweise auf r\u00f6mische Pr\u00e4senz und arabischen Einfluss zu sehen. Dies ist wirklich ein Paradies f\u00fcr Wanderer, nicht nur wegen der fantastischen Wanderungen, sondern auch wegen der Sch\u00f6nheit, die so viel von diesem anregenden Teil Portugals ziert.<\/p>\n<p>Unsere Tour konzentriert sich auf Manteigas, eine malerische Stadt im Herzen eines Gletschertals.<\/p>\n<p>Es wird unser Ausgangspunkt f\u00fcr gro\u00dfartige Wanderungen in der wundersch\u00f6nen Landschaft sein, die die Natur dem Naturpark Serra da Estrela geschenkt hat. Es gibt gute Wege, die den Park durchziehen und die M\u00f6glichkeit bieten, mehr von dieser atemberaubenden Region zu entdecken.<\/p>\n<p>Wenn Sie gerne gut wandern und eine herrliche Landschaft m\u00f6gen, ist dieser Urlaub die perfekte Wahl.<\/p>","protected":false},"excerpt":{"rendered":"<p>Dieser Urlaub findet im Naturpark Serra da Estrela statt, den \u201eBergen der Sterne\u201c, dem h\u00f6chsten Gebirge auf dem portugiesischen Festland mit einer H\u00f6he von 1993 m.<\/p>\n<p>Die Landschaften der Serra mit Kastanien-, Buchen- und Kiefernw\u00e4ldern, Seen und Gletschert\u00e4lern genie\u00dfen alle saubere, frische Bergluft.<\/p>\n<p>Der Naturpark ist auch die Quelle der Fl\u00fcsse Mondego, Z\u00eazere und Alva.<\/p>\n<p>Dramatische Klippen und Schluchten machen diese Region atemberaubend sch\u00f6n und es ist ein Vergn\u00fcgen, sie zu erkunden. Es ist ein anerkanntes Zentrum f\u00fcr Klettern, aber unsere Wanderungen erm\u00f6glichen es uns, all diese Sch\u00f6nheit auf konventionelleren Pfaden zu erreichen.<\/p>","protected":false},"featured_media":7775,"comment_status":"closed","ping_status":"closed","template":"","meta":{"_acf_changed":false,"inline_featured_image":false},"product_brand":[],"product_cat":[32,28,29,30,31],"product_tag":[402,78,608,603,90,93,94,95,578,202,416,97,99,609,106,589,590,501,121,626,610,122],"class_list":{"0":"post-7782","1":"product","2":"type-product","3":"status-publish","4":"has-post-thumbnail","6":"product_cat-cultural-tours-and-holidays-in-portugal","7":"product_cat-guided-group-tours","8":"product_cat-portugal-guided-historical-holidays","9":"product_cat-guided-sightseeing-holidays-portugal","10":"product_cat-guided-walking-holidays-in-portugal","11":"product_tag-amazing-walking","12":"product_tag-beautiful-landscapes","13":"product_tag-cherry-picked-walks","14":"product_tag-fantastic-itinerary-of-walks","15":"product_tag-guided-walking-holidays","16":"product_tag-inland-walks","17":"product_tag-landscape","18":"product_tag-magnificent-landscape","19":"product_tag-manteigas","20":"product_tag-medieval-times","21":"product_tag-natural-attractions-in-portugal","22":"product_tag-natural-park","23":"product_tag-natural-scenery","24":"product_tag-perfect-walking-holiday","25":"product_tag-picturesque-landscapes","26":"product_tag-serra-da-estrela-cheese","27":"product_tag-serra-da-estrela-natural-park","28":"product_tag-spectacular-walks","29":"product_tag-walking","30":"product_tag-walking-along-quiet-paths","31":"product_tag-walking-experiences","32":"product_tag-walking-tours","34":"first","35":"instock","36":"virtual","37":"product-type-simple"},"acf":[],"yoast_head":"<!-- This site is optimized with the Yoast SEO Premium plugin v26.8 (Yoast SEO v27.3) - https:\/\/yoast.com\/product\/yoast-seo-premium-wordpress\/ -->\n<title>Serra Da Estrela: Mountain of the Stars - Legendary Adventure DMC Portugal<\/title>\n<meta name=\"robots\" content=\"index, follow, max-snippet:-1, max-image-preview:large, max-video-preview:-1\" \/>\n<link rel=\"canonical\" href=\"https:\/\/legendatours.com\/de\/produkt\/serra-da-estrela-mountain-of-the-stars-11600g\/\" \/>\n<meta property=\"og:locale\" content=\"de_DE\" \/>\n<meta property=\"og:type\" content=\"article\" \/>\n<meta property=\"og:title\" content=\"Serra Da Estrela: Mountain of the Stars\" \/>\n<meta property=\"og:description\" content=\"This holiday is in the Serra da Estrela Natural Park, the \u201cmountains of the stars\u201d, the highest mountain range in mainland Portugal rising to 1993m.  The Serra\u2019s landscapes of chestnut, beech, and pine forests, lakes, and glacial valleys all enjoy clean, crisp, mountain air.  The Natural Park is also the source of the Mondego, Z\u00eazere, and Alva rivers.  Dramatic crags and ravines make this region stunningly beautiful and a pleasure to explore. It is an acknowledged center for rock climbing but our walks enable us to access all this beauty on more conventional paths.\" \/>\n<meta property=\"og:url\" content=\"https:\/\/legendatours.com\/de\/produkt\/serra-da-estrela-mountain-of-the-stars-11600g\/\" \/>\n<meta property=\"og:site_name\" content=\"Legendary Adventure DMC Portugal\" \/>\n<meta property=\"article:publisher\" content=\"https:\/\/www.facebook.com\/legendaryadventuredmc\/\" \/>\n<meta property=\"article:modified_time\" content=\"2021-08-11T15:37:14+00:00\" \/>\n<meta property=\"og:image\" content=\"https:\/\/legendatours.com\/wp-content\/uploads\/sites\/12\/2021\/04\/espinhaco_cao_serra_estrela-e1611671770212.jpg\" \/>\n\t<meta property=\"og:image:width\" content=\"1024\" \/>\n\t<meta property=\"og:image:height\" content=\"722\" \/>\n\t<meta property=\"og:image:type\" content=\"image\/jpeg\" \/>\n<meta name=\"twitter:card\" content=\"summary_large_image\" \/>\n<meta name=\"twitter:label1\" content=\"Gesch\u00e4tzte Lesezeit\" \/>\n\t<meta name=\"twitter:data1\" content=\"2\u00a0Minuten\" \/>\n<script type=\"application\/ld+json\" class=\"yoast-schema-graph\">{\"@context\":\"https:\\\/\\\/schema.org\",\"@graph\":[{\"@type\":\"WebPage\",\"@id\":\"https:\\\/\\\/legendatours.com\\\/product\\\/serra-da-estrela-mountain-of-the-stars-11600g\\\/\",\"url\":\"https:\\\/\\\/legendatours.com\\\/product\\\/serra-da-estrela-mountain-of-the-stars-11600g\\\/\",\"name\":\"Serra Da Estrela: Mountain of the Stars - Legendary Adventure DMC Portugal\",\"isPartOf\":{\"@id\":\"https:\\\/\\\/legendatours.com\\\/#website\"},\"primaryImageOfPage\":{\"@id\":\"https:\\\/\\\/legendatours.com\\\/product\\\/serra-da-estrela-mountain-of-the-stars-11600g\\\/#primaryimage\"},\"image\":{\"@id\":\"https:\\\/\\\/legendatours.com\\\/product\\\/serra-da-estrela-mountain-of-the-stars-11600g\\\/#primaryimage\"},\"thumbnailUrl\":\"https:\\\/\\\/legendatours.com\\\/wp-content\\\/uploads\\\/sites\\\/12\\\/2021\\\/04\\\/espinhaco_cao_serra_estrela-e1611671770212.jpg\",\"datePublished\":\"2020-07-08T11:42:32+00:00\",\"dateModified\":\"2021-08-11T15:37:14+00:00\",\"breadcrumb\":{\"@id\":\"https:\\\/\\\/legendatours.com\\\/product\\\/serra-da-estrela-mountain-of-the-stars-11600g\\\/#breadcrumb\"},\"inLanguage\":\"de\",\"potentialAction\":[{\"@type\":\"ReadAction\",\"target\":[\"https:\\\/\\\/legendatours.com\\\/product\\\/serra-da-estrela-mountain-of-the-stars-11600g\\\/\"]}]},{\"@type\":\"ImageObject\",\"inLanguage\":\"de\",\"@id\":\"https:\\\/\\\/legendatours.com\\\/product\\\/serra-da-estrela-mountain-of-the-stars-11600g\\\/#primaryimage\",\"url\":\"https:\\\/\\\/legendatours.com\\\/wp-content\\\/uploads\\\/sites\\\/12\\\/2021\\\/04\\\/espinhaco_cao_serra_estrela-e1611671770212.jpg\",\"contentUrl\":\"https:\\\/\\\/legendatours.com\\\/wp-content\\\/uploads\\\/sites\\\/12\\\/2021\\\/04\\\/espinhaco_cao_serra_estrela-e1611671770212.jpg\",\"width\":1024,\"height\":722,\"caption\":\"Espinhaco de Cao - Serra da Estrela\"},{\"@type\":\"BreadcrumbList\",\"@id\":\"https:\\\/\\\/legendatours.com\\\/product\\\/serra-da-estrela-mountain-of-the-stars-11600g\\\/#breadcrumb\",\"itemListElement\":[{\"@type\":\"ListItem\",\"position\":1,\"name\":\"Home\",\"item\":\"https:\\\/\\\/legendatours.com\\\/\"},{\"@type\":\"ListItem\",\"position\":2,\"name\":\"Shop\",\"item\":\"https:\\\/\\\/legendatours.com\\\/sv\\\/?page_id=4\"},{\"@type\":\"ListItem\",\"position\":3,\"name\":\"Serra Da Estrela: Mountain of the Stars\"}]},{\"@type\":\"WebSite\",\"@id\":\"https:\\\/\\\/legendatours.com\\\/#website\",\"url\":\"https:\\\/\\\/legendatours.com\\\/\",\"name\":\"Legendary Adventure DMC Portugal\",\"description\":\"Responsible Walking &amp; Nature Holidays in Portugal\",\"publisher\":{\"@id\":\"https:\\\/\\\/legendatours.com\\\/#organization\"},\"alternateName\":\"Legendary Adventure Portugal\",\"potentialAction\":[{\"@type\":\"SearchAction\",\"target\":{\"@type\":\"EntryPoint\",\"urlTemplate\":\"https:\\\/\\\/legendatours.com\\\/?s={search_term_string}\"},\"query-input\":{\"@type\":\"PropertyValueSpecification\",\"valueRequired\":true,\"valueName\":\"search_term_string\"}}],\"inLanguage\":\"de\"},{\"@type\":\"Organization\",\"@id\":\"https:\\\/\\\/legendatours.com\\\/#organization\",\"name\":\"legendatours.com\",\"url\":\"https:\\\/\\\/legendatours.com\\\/\",\"logo\":{\"@type\":\"ImageObject\",\"inLanguage\":\"de\",\"@id\":\"https:\\\/\\\/legendatours.com\\\/#\\\/schema\\\/logo\\\/image\\\/\",\"url\":\"https:\\\/\\\/legendatours.com\\\/wp-content\\\/uploads\\\/sites\\\/12\\\/2021\\\/06\\\/legendary_adventure_dmc.png\",\"contentUrl\":\"https:\\\/\\\/legendatours.com\\\/wp-content\\\/uploads\\\/sites\\\/12\\\/2021\\\/06\\\/legendary_adventure_dmc.png\",\"width\":250,\"height\":74,\"caption\":\"legendatours.com\"},\"image\":{\"@id\":\"https:\\\/\\\/legendatours.com\\\/#\\\/schema\\\/logo\\\/image\\\/\"},\"sameAs\":[\"https:\\\/\\\/www.facebook.com\\\/legendaryadventuredmc\\\/\",\"https:\\\/\\\/www.linkedin.com\\\/company\\\/legendary-adventure-dmc-portugal\",\"https:\\\/\\\/www.youtube.com\\\/channel\\\/UCOIRDx_KM6ynIcacQkZjb6g\"]}]}<\/script>\n<!-- \/ Yoast SEO Premium plugin. -->","yoast_head_json":{"title":"Serra Da Estrela: Berg der Sterne \u2013 Legend\u00e4res Abenteuer DMC Portugal","robots":{"index":"index","follow":"follow","max-snippet":"max-snippet:-1","max-image-preview":"max-image-preview:large","max-video-preview":"max-video-preview:-1"},"canonical":"https:\/\/legendatours.com\/de\/produkt\/serra-da-estrela-mountain-of-the-stars-11600g\/","og_locale":"de_DE","og_type":"article","og_title":"Serra Da Estrela: Mountain of the Stars","og_description":"This holiday is in the Serra da Estrela Natural Park, the \u201cmountains of the stars\u201d, the highest mountain range in mainland Portugal rising to 1993m.  The Serra\u2019s landscapes of chestnut, beech, and pine forests, lakes, and glacial valleys all enjoy clean, crisp, mountain air.  The Natural Park is also the source of the Mondego, Z\u00eazere, and Alva rivers.  Dramatic crags and ravines make this region stunningly beautiful and a pleasure to explore. It is an acknowledged center for rock climbing but our walks enable us to access all this beauty on more conventional paths.","og_url":"https:\/\/legendatours.com\/de\/produkt\/serra-da-estrela-mountain-of-the-stars-11600g\/","og_site_name":"Legendary Adventure DMC Portugal","article_publisher":"https:\/\/www.facebook.com\/legendaryadventuredmc\/","article_modified_time":"2021-08-11T15:37:14+00:00","og_image":[{"width":1024,"height":722,"url":"https:\/\/legendatours.com\/wp-content\/uploads\/sites\/12\/2021\/04\/espinhaco_cao_serra_estrela-e1611671770212.jpg","type":"image\/jpeg"}],"twitter_card":"summary_large_image","twitter_misc":{"Gesch\u00e4tzte Lesezeit":"2\u00a0Minuten"},"schema":{"@context":"https:\/\/schema.org","@graph":[{"@type":"WebPage","@id":"https:\/\/legendatours.com\/product\/serra-da-estrela-mountain-of-the-stars-11600g\/","url":"https:\/\/legendatours.com\/product\/serra-da-estrela-mountain-of-the-stars-11600g\/","name":"Serra Da Estrela: Berg der Sterne \u2013 Legend\u00e4res Abenteuer DMC Portugal","isPartOf":{"@id":"https:\/\/legendatours.com\/#website"},"primaryImageOfPage":{"@id":"https:\/\/legendatours.com\/product\/serra-da-estrela-mountain-of-the-stars-11600g\/#primaryimage"},"image":{"@id":"https:\/\/legendatours.com\/product\/serra-da-estrela-mountain-of-the-stars-11600g\/#primaryimage"},"thumbnailUrl":"https:\/\/legendatours.com\/wp-content\/uploads\/sites\/12\/2021\/04\/espinhaco_cao_serra_estrela-e1611671770212.jpg","datePublished":"2020-07-08T11:42:32+00:00","dateModified":"2021-08-11T15:37:14+00:00","breadcrumb":{"@id":"https:\/\/legendatours.com\/product\/serra-da-estrela-mountain-of-the-stars-11600g\/#breadcrumb"},"inLanguage":"de","potentialAction":[{"@type":"ReadAction","target":["https:\/\/legendatours.com\/product\/serra-da-estrela-mountain-of-the-stars-11600g\/"]}]},{"@type":"ImageObject","inLanguage":"de","@id":"https:\/\/legendatours.com\/product\/serra-da-estrela-mountain-of-the-stars-11600g\/#primaryimage","url":"https:\/\/legendatours.com\/wp-content\/uploads\/sites\/12\/2021\/04\/espinhaco_cao_serra_estrela-e1611671770212.jpg","contentUrl":"https:\/\/legendatours.com\/wp-content\/uploads\/sites\/12\/2021\/04\/espinhaco_cao_serra_estrela-e1611671770212.jpg","width":1024,"height":722,"caption":"Espinhaco de Cao - Serra da Estrela"},{"@type":"BreadcrumbList","@id":"https:\/\/legendatours.com\/product\/serra-da-estrela-mountain-of-the-stars-11600g\/#breadcrumb","itemListElement":[{"@type":"ListItem","position":1,"name":"Home","item":"https:\/\/legendatours.com\/"},{"@type":"ListItem","position":2,"name":"Shop","item":"https:\/\/legendatours.com\/sv\/?page_id=4"},{"@type":"ListItem","position":3,"name":"Serra Da Estrela: Mountain of the Stars"}]},{"@type":"WebSite","@id":"https:\/\/legendatours.com\/#website","url":"https:\/\/legendatours.com\/","name":"Legend\u00e4res Abenteuer DMC Portugal","description":"Verantwortungsvolles Wandern und Natururlaub in Portugal","publisher":{"@id":"https:\/\/legendatours.com\/#organization"},"alternateName":"Legendary Adventure Portugal","potentialAction":[{"@type":"SearchAction","target":{"@type":"EntryPoint","urlTemplate":"https:\/\/legendatours.com\/?s={search_term_string}"},"query-input":{"@type":"PropertyValueSpecification","valueRequired":true,"valueName":"search_term_string"}}],"inLanguage":"de"},{"@type":"Organization","@id":"https:\/\/legendatours.com\/#organization","name":"legendatours.com","url":"https:\/\/legendatours.com\/","logo":{"@type":"ImageObject","inLanguage":"de","@id":"https:\/\/legendatours.com\/#\/schema\/logo\/image\/","url":"https:\/\/legendatours.com\/wp-content\/uploads\/sites\/12\/2021\/06\/legendary_adventure_dmc.png","contentUrl":"https:\/\/legendatours.com\/wp-content\/uploads\/sites\/12\/2021\/06\/legendary_adventure_dmc.png","width":250,"height":74,"caption":"legendatours.com"},"image":{"@id":"https:\/\/legendatours.com\/#\/schema\/logo\/image\/"},"sameAs":["https:\/\/www.facebook.com\/legendaryadventuredmc\/","https:\/\/www.linkedin.com\/company\/legendary-adventure-dmc-portugal","https:\/\/www.youtube.com\/channel\/UCOIRDx_KM6ynIcacQkZjb6g"]}]}},"_links":{"self":[{"href":"https:\/\/legendatours.com\/de\/wp-json\/wp\/v2\/product\/7782","targetHints":{"allow":["GET"]}}],"collection":[{"href":"https:\/\/legendatours.com\/de\/wp-json\/wp\/v2\/product"}],"about":[{"href":"https:\/\/legendatours.com\/de\/wp-json\/wp\/v2\/types\/product"}],"replies":[{"embeddable":true,"href":"https:\/\/legendatours.com\/de\/wp-json\/wp\/v2\/comments?post=7782"}],"wp:featuredmedia":[{"embeddable":true,"href":"https:\/\/legendatours.com\/de\/wp-json\/wp\/v2\/media\/7775"}],"wp:attachment":[{"href":"https:\/\/legendatours.com\/de\/wp-json\/wp\/v2\/media?parent=7782"}],"wp:term":[{"taxonomy":"product_brand","embeddable":true,"href":"https:\/\/legendatours.com\/de\/wp-json\/wp\/v2\/product_brand?post=7782"},{"taxonomy":"product_cat","embeddable":true,"href":"https:\/\/legendatours.com\/de\/wp-json\/wp\/v2\/product_cat?post=7782"},{"taxonomy":"product_tag","embeddable":true,"href":"https:\/\/legendatours.com\/de\/wp-json\/wp\/v2\/product_tag?post=7782"}],"curies":[{"name":"wp","href":"https:\/\/api.w.org\/{rel}","templated":true}]}}