{"id":7811,"date":"2020-07-08T09:03:15","date_gmt":"2020-07-08T09:03:15","guid":{"rendered":"https:\/\/legendatours.com\/product\/walking-the-portuguese-way-to-santiago\/"},"modified":"2021-08-11T15:40:48","modified_gmt":"2021-08-11T15:40:48","slug":"portuguese-way-to-santiago-11400g","status":"publish","type":"product","link":"https:\/\/legendatours.com\/de\/produkt\/portuguese-way-to-santiago-11400g\/","title":{"rendered":"Auf dem portugiesischen Weg nach Santiago"},"content":{"rendered":"<p><strong>Gruppen ab 6 Personen akzeptiert.<\/strong><\/p>\n<p>Unsere Tour durchquert Nordportugal und endet in Santiago, auf der anderen Seite der Grenze, in Galicien, Spanien.<\/p>\n<p>Von der Altstadt von Porto, einer UNESCO-Weltkulturerbestadt und Heimat des Portweins, bis zur mittelalterlichen Stadt Santiago de Compostela, die wundersch\u00f6ne Regionen in Nordportugal und Galizien durchquert, ist der portugiesische Jakobsweg eine unvergessliche Reise.<\/p>\n<div id=\"attachment_2775\" style=\"width: 1034px\" class=\"wp-caption alignnone\"><img loading=\"lazy\" decoding=\"async\" aria-describedby=\"caption-attachment-2775\" class=\"wp-image-2775 size-large\" src=\"https:\/\/legendatours.net\/wp-content\/uploads\/2020\/07\/Walking_minho-1024x768.jpg\" alt=\"Group Walking in Minho\" width=\"1024\" height=\"768\" \/><p id=\"caption-attachment-2775\" class=\"wp-caption-text\">Wandern in Minho<\/p><\/div>\n<p>Mit dem malerischen Flussufer von Porto, den ber\u00fchmten Keramiken von Barcelos, den gr\u00fcnen H\u00fcgeln Nordportugals und Galiziens, nicht zu vergessen den zahlreichen barocken Kirchen und mittelalterlichen D\u00f6rfern und Br\u00fccken entlang des Weges, hat der Portugiesische Weg f\u00fcr alle viel zu bieten Erbe, Kultur und Naturliebhaber.<\/p>\n<p>Wir k\u00f6nnen die \u00fcppige Gastronomie beider Regionen und die erlesenen Weine, die zu den besten der Welt geh\u00f6ren, nicht unerw\u00e4hnt lassen.<\/p>\n<p>Der Portugiesische Weg ist ungef\u00e4hr 241 km lang, wir werden die besten Abschnitte f\u00fcr Ihren Genuss heraussuchen.<\/p>\n<p>Der Portugiesische Jakobsweg ist eine klassische Route, die pers\u00f6nliche Herausforderung, Interesse an Geschichte, Kunst und Natur vereint. Jahr f\u00fcr Jahr legen Pilger Hunderte von Kilometern durch atemberaubende Landschaften, versteckte abgelegene D\u00f6rfer und spektakul\u00e4re mittelalterliche St\u00e4dte zur\u00fcck.<\/p>\n<div id=\"attachment_2797\" style=\"width: 1034px\" class=\"wp-caption alignnone\"><img loading=\"lazy\" decoding=\"async\" aria-describedby=\"caption-attachment-2797\" class=\"wp-image-2797 size-large\" title=\"Wandern auf dem portugiesischen Jakobsweg\" src=\"https:\/\/legendatours.net\/wp-content\/uploads\/2020\/07\/santiago_way-1024x768.jpg\" alt=\"Walking Portuguese Santiago Way\" width=\"1024\" height=\"768\" \/><p id=\"caption-attachment-2797\" class=\"wp-caption-text\">Wandern auf dem portugiesischen Jakobsweg<\/p><\/div>\n<p>Die Wanderung von Portugal nach Santiago begann im Hochmittelalter. Jahrhundertelang hat das portugiesische Volk an dieser kollektiven Erfahrung teilgenommen, nach dem Vorbild der Monarchen, des Adels und des hohen Klerus.<\/p>\n<p>Die Gastfreundschaft der Menschen ist sprichw\u00f6rtlich und ein echtes Highlight. Diese Praxis wurde im Mittelalter von M\u00f6nchen und Geistlichen eingef\u00fchrt und die Tradition wird heute entlang des Weges lebendig gehalten.<\/p>\n<div class=\"row\" style=\"display: flex;\">\n<div class=\"column\" style=\"flex: 45%;\">\n<p><iframe loading=\"lazy\" title=\"Caminhos de Santiago - Caminho Portugu\u00eas da Costa\" width=\"1080\" height=\"608\" src=\"https:\/\/www.youtube.com\/embed\/2xszS0FYP00?feature=oembed\" frameborder=\"0\" allow=\"accelerometer; autoplay; clipboard-write; encrypted-media; gyroscope; picture-in-picture\" allowfullscreen><\/iframe><\/p>\n<\/div>\n<div class=\"column\" style=\"flex: 10%;\"><\/div>\n<div class=\"column\" style=\"flex: 45%;\">\n<p><iframe loading=\"lazy\" title=\"Algarve Visto do Ar - Concelho de Olh\u00e3o\" width=\"1080\" height=\"608\" src=\"https:\/\/www.youtube.com\/embed\/MP6BCGjhkwQ?feature=oembed\" frameborder=\"0\" allow=\"accelerometer; autoplay; clipboard-write; encrypted-media; gyroscope; picture-in-picture\" allowfullscreen><\/iframe><\/p>\n<\/div>\n<\/div>","protected":false},"excerpt":{"rendered":"<p>Unsere Tour durchquert Nordportugal und endet in Santiago, auf der anderen Seite der Grenze, in Galicien, Spanien.<\/p>\n<p>Von der Altstadt von Porto, einer UNESCO-Weltkulturerbestadt und Heimat des Portweins, bis zur mittelalterlichen Stadt Santiago de Compostela, die wundersch\u00f6ne Regionen in Nordportugal und Galizien durchquert, ist der portugiesische Jakobsweg eine unvergessliche Reise.<\/p>","protected":false},"featured_media":7795,"comment_status":"closed","ping_status":"closed","template":"","meta":{"_acf_changed":false,"inline_featured_image":false},"product_brand":[],"product_cat":[32,28,29,30,31],"product_tag":[402,333,548,78,36,130,46,616,87,90,91,217,195,55,95,202,566,221,100,101,162,246,617,56,57,58,618,59,226,407,249,619,620,229,71,610,359,233,346],"class_list":{"0":"post-7811","1":"product","2":"type-product","3":"status-publish","4":"has-post-thumbnail","6":"product_cat-cultural-tours-and-holidays-in-portugal","7":"product_cat-guided-group-tours","8":"product_cat-portugal-guided-historical-holidays","9":"product_cat-guided-sightseeing-holidays-portugal","10":"product_cat-guided-walking-holidays-in-portugal","11":"product_tag-amazing-walking","12":"product_tag-ancient-churches","13":"product_tag-architectonic-heritage","14":"product_tag-beautiful-landscapes","15":"product_tag-cultural-heritage","16":"product_tag-gastronomy","17":"product_tag-gastronomy-and-wines","18":"product_tag-greatest-baroque-structures-in-europe","19":"product_tag-green-landscape","20":"product_tag-guided-walking-holidays","21":"product_tag-guided-walking-tours","22":"product_tag-heritage","23":"product_tag-history-and-heritage","24":"product_tag-local-gastronomy","25":"product_tag-magnificent-landscape","26":"product_tag-medieval-times","27":"product_tag-medieval-villages","28":"product_tag-minho-region-portugal","29":"product_tag-nature-holidays","30":"product_tag-nature-tour","31":"product_tag-nature-walks","32":"product_tag-northern-portugal","33":"product_tag-northern-portugal-and-galicia","34":"product_tag-oporto","35":"product_tag-porto","36":"product_tag-porto-bridges","37":"product_tag-porto-cathedral","38":"product_tag-porto-world-heritage","39":"product_tag-portos-old-town","40":"product_tag-portugal-perfect-walking-holiday","41":"product_tag-santa-tecla","42":"product_tag-santiago-compostela-walks","43":"product_tag-santiago-de-compostela","44":"product_tag-sightseeing-porto","45":"product_tag-unesco-world-heritage-site","46":"product_tag-walking-experiences","47":"product_tag-walks-porto","48":"product_tag-world-heritage","49":"product_tag-world-heritage-city","51":"first","52":"instock","53":"virtual","54":"product-type-simple"},"acf":[],"yoast_head":"<!-- This site is optimized with the Yoast SEO Premium plugin v26.8 (Yoast SEO v27.4) - https:\/\/yoast.com\/product\/yoast-seo-premium-wordpress\/ -->\n<title>Walking The Portuguese Way to Santiago - Legendary Adventure DMC Portugal<\/title>\n<meta name=\"robots\" content=\"index, follow, max-snippet:-1, max-image-preview:large, max-video-preview:-1\" \/>\n<link rel=\"canonical\" href=\"https:\/\/legendatours.com\/de\/produkt\/portuguese-way-to-santiago-11400g\/\" \/>\n<meta property=\"og:locale\" content=\"de_DE\" \/>\n<meta property=\"og:type\" content=\"article\" \/>\n<meta property=\"og:title\" content=\"Walking The Portuguese Way to Santiago\" \/>\n<meta property=\"og:description\" content=\"Our tour crosses Northern Portugal to end up in Santiago, on the other side of the border, in Galicia, Spain.  From the old town of Porto, a UNESCO World Heritage city, and home of Port wine, to the medieval town of Santiago de Compostela, crossing beautiful regions in Northern Portugal and Galicia, the Portuguese Way of Santiago is an unforgettable journey.\" \/>\n<meta property=\"og:url\" content=\"https:\/\/legendatours.com\/de\/produkt\/portuguese-way-to-santiago-11400g\/\" \/>\n<meta property=\"og:site_name\" content=\"Legendary Adventure DMC Portugal\" \/>\n<meta property=\"article:publisher\" content=\"https:\/\/www.facebook.com\/legendaryadventuredmc\/\" \/>\n<meta property=\"article:modified_time\" content=\"2021-08-11T15:40:48+00:00\" \/>\n<meta property=\"og:image\" content=\"https:\/\/legendatours.com\/wp-content\/uploads\/sites\/12\/2021\/04\/ponte_lima_bridge-e1611683108123.jpg\" \/>\n\t<meta property=\"og:image:width\" content=\"1024\" \/>\n\t<meta property=\"og:image:height\" content=\"768\" \/>\n\t<meta property=\"og:image:type\" content=\"image\/jpeg\" \/>\n<meta name=\"twitter:card\" content=\"summary_large_image\" \/>\n<meta name=\"twitter:label1\" content=\"Gesch\u00e4tzte Lesezeit\" \/>\n\t<meta name=\"twitter:data1\" content=\"2\u00a0Minuten\" \/>\n<script type=\"application\/ld+json\" class=\"yoast-schema-graph\">{\"@context\":\"https:\\\/\\\/schema.org\",\"@graph\":[{\"@type\":\"WebPage\",\"@id\":\"https:\\\/\\\/legendatours.com\\\/product\\\/portuguese-way-to-santiago-11400g\\\/\",\"url\":\"https:\\\/\\\/legendatours.com\\\/product\\\/portuguese-way-to-santiago-11400g\\\/\",\"name\":\"Walking The Portuguese Way to Santiago - Legendary Adventure DMC Portugal\",\"isPartOf\":{\"@id\":\"https:\\\/\\\/legendatours.com\\\/#website\"},\"primaryImageOfPage\":{\"@id\":\"https:\\\/\\\/legendatours.com\\\/product\\\/portuguese-way-to-santiago-11400g\\\/#primaryimage\"},\"image\":{\"@id\":\"https:\\\/\\\/legendatours.com\\\/product\\\/portuguese-way-to-santiago-11400g\\\/#primaryimage\"},\"thumbnailUrl\":\"https:\\\/\\\/legendatours.com\\\/wp-content\\\/uploads\\\/sites\\\/12\\\/2021\\\/04\\\/ponte_lima_bridge-e1611683108123.jpg\",\"datePublished\":\"2020-07-08T09:03:15+00:00\",\"dateModified\":\"2021-08-11T15:40:48+00:00\",\"breadcrumb\":{\"@id\":\"https:\\\/\\\/legendatours.com\\\/product\\\/portuguese-way-to-santiago-11400g\\\/#breadcrumb\"},\"inLanguage\":\"de\",\"potentialAction\":[{\"@type\":\"ReadAction\",\"target\":[\"https:\\\/\\\/legendatours.com\\\/product\\\/portuguese-way-to-santiago-11400g\\\/\"]}]},{\"@type\":\"ImageObject\",\"inLanguage\":\"de\",\"@id\":\"https:\\\/\\\/legendatours.com\\\/product\\\/portuguese-way-to-santiago-11400g\\\/#primaryimage\",\"url\":\"https:\\\/\\\/legendatours.com\\\/wp-content\\\/uploads\\\/sites\\\/12\\\/2021\\\/04\\\/ponte_lima_bridge-e1611683108123.jpg\",\"contentUrl\":\"https:\\\/\\\/legendatours.com\\\/wp-content\\\/uploads\\\/sites\\\/12\\\/2021\\\/04\\\/ponte_lima_bridge-e1611683108123.jpg\",\"width\":1024,\"height\":768,\"caption\":\"Ponte Lima - Portuguese Santiago Way\"},{\"@type\":\"BreadcrumbList\",\"@id\":\"https:\\\/\\\/legendatours.com\\\/product\\\/portuguese-way-to-santiago-11400g\\\/#breadcrumb\",\"itemListElement\":[{\"@type\":\"ListItem\",\"position\":1,\"name\":\"Home\",\"item\":\"https:\\\/\\\/legendatours.com\\\/\"},{\"@type\":\"ListItem\",\"position\":2,\"name\":\"Shop\",\"item\":\"https:\\\/\\\/legendatours.com\\\/sv\\\/?page_id=4\"},{\"@type\":\"ListItem\",\"position\":3,\"name\":\"Walking The Portuguese Way to Santiago\"}]},{\"@type\":\"WebSite\",\"@id\":\"https:\\\/\\\/legendatours.com\\\/#website\",\"url\":\"https:\\\/\\\/legendatours.com\\\/\",\"name\":\"Legendary Adventure DMC Portugal\",\"description\":\"Responsible Walking &amp; Nature Holidays in Portugal\",\"publisher\":{\"@id\":\"https:\\\/\\\/legendatours.com\\\/#organization\"},\"alternateName\":\"Legendary Adventure Portugal\",\"potentialAction\":[{\"@type\":\"SearchAction\",\"target\":{\"@type\":\"EntryPoint\",\"urlTemplate\":\"https:\\\/\\\/legendatours.com\\\/?s={search_term_string}\"},\"query-input\":{\"@type\":\"PropertyValueSpecification\",\"valueRequired\":true,\"valueName\":\"search_term_string\"}}],\"inLanguage\":\"de\"},{\"@type\":\"Organization\",\"@id\":\"https:\\\/\\\/legendatours.com\\\/#organization\",\"name\":\"legendatours.com\",\"url\":\"https:\\\/\\\/legendatours.com\\\/\",\"logo\":{\"@type\":\"ImageObject\",\"inLanguage\":\"de\",\"@id\":\"https:\\\/\\\/legendatours.com\\\/#\\\/schema\\\/logo\\\/image\\\/\",\"url\":\"https:\\\/\\\/legendatours.com\\\/wp-content\\\/uploads\\\/sites\\\/12\\\/2021\\\/06\\\/legendary_adventure_dmc.png\",\"contentUrl\":\"https:\\\/\\\/legendatours.com\\\/wp-content\\\/uploads\\\/sites\\\/12\\\/2021\\\/06\\\/legendary_adventure_dmc.png\",\"width\":250,\"height\":74,\"caption\":\"legendatours.com\"},\"image\":{\"@id\":\"https:\\\/\\\/legendatours.com\\\/#\\\/schema\\\/logo\\\/image\\\/\"},\"sameAs\":[\"https:\\\/\\\/www.facebook.com\\\/legendaryadventuredmc\\\/\",\"https:\\\/\\\/www.linkedin.com\\\/company\\\/legendary-adventure-dmc-portugal\",\"https:\\\/\\\/www.youtube.com\\\/channel\\\/UCOIRDx_KM6ynIcacQkZjb6g\"]}]}<\/script>\n<!-- \/ Yoast SEO Premium plugin. -->","yoast_head_json":{"title":"Wandern auf dem portugiesischen Weg nach Santiago - Legendary Adventure DMC Portugal","robots":{"index":"index","follow":"follow","max-snippet":"max-snippet:-1","max-image-preview":"max-image-preview:large","max-video-preview":"max-video-preview:-1"},"canonical":"https:\/\/legendatours.com\/de\/produkt\/portuguese-way-to-santiago-11400g\/","og_locale":"de_DE","og_type":"article","og_title":"Walking The Portuguese Way to Santiago","og_description":"Our tour crosses Northern Portugal to end up in Santiago, on the other side of the border, in Galicia, Spain.  From the old town of Porto, a UNESCO World Heritage city, and home of Port wine, to the medieval town of Santiago de Compostela, crossing beautiful regions in Northern Portugal and Galicia, the Portuguese Way of Santiago is an unforgettable journey.","og_url":"https:\/\/legendatours.com\/de\/produkt\/portuguese-way-to-santiago-11400g\/","og_site_name":"Legendary Adventure DMC Portugal","article_publisher":"https:\/\/www.facebook.com\/legendaryadventuredmc\/","article_modified_time":"2021-08-11T15:40:48+00:00","og_image":[{"width":1024,"height":768,"url":"https:\/\/legendatours.com\/wp-content\/uploads\/sites\/12\/2021\/04\/ponte_lima_bridge-e1611683108123.jpg","type":"image\/jpeg"}],"twitter_card":"summary_large_image","twitter_misc":{"Gesch\u00e4tzte Lesezeit":"2\u00a0Minuten"},"schema":{"@context":"https:\/\/schema.org","@graph":[{"@type":"WebPage","@id":"https:\/\/legendatours.com\/product\/portuguese-way-to-santiago-11400g\/","url":"https:\/\/legendatours.com\/product\/portuguese-way-to-santiago-11400g\/","name":"Wandern auf dem portugiesischen Weg nach Santiago - Legendary Adventure DMC Portugal","isPartOf":{"@id":"https:\/\/legendatours.com\/#website"},"primaryImageOfPage":{"@id":"https:\/\/legendatours.com\/product\/portuguese-way-to-santiago-11400g\/#primaryimage"},"image":{"@id":"https:\/\/legendatours.com\/product\/portuguese-way-to-santiago-11400g\/#primaryimage"},"thumbnailUrl":"https:\/\/legendatours.com\/wp-content\/uploads\/sites\/12\/2021\/04\/ponte_lima_bridge-e1611683108123.jpg","datePublished":"2020-07-08T09:03:15+00:00","dateModified":"2021-08-11T15:40:48+00:00","breadcrumb":{"@id":"https:\/\/legendatours.com\/product\/portuguese-way-to-santiago-11400g\/#breadcrumb"},"inLanguage":"de","potentialAction":[{"@type":"ReadAction","target":["https:\/\/legendatours.com\/product\/portuguese-way-to-santiago-11400g\/"]}]},{"@type":"ImageObject","inLanguage":"de","@id":"https:\/\/legendatours.com\/product\/portuguese-way-to-santiago-11400g\/#primaryimage","url":"https:\/\/legendatours.com\/wp-content\/uploads\/sites\/12\/2021\/04\/ponte_lima_bridge-e1611683108123.jpg","contentUrl":"https:\/\/legendatours.com\/wp-content\/uploads\/sites\/12\/2021\/04\/ponte_lima_bridge-e1611683108123.jpg","width":1024,"height":768,"caption":"Ponte Lima - Portuguese Santiago Way"},{"@type":"BreadcrumbList","@id":"https:\/\/legendatours.com\/product\/portuguese-way-to-santiago-11400g\/#breadcrumb","itemListElement":[{"@type":"ListItem","position":1,"name":"Home","item":"https:\/\/legendatours.com\/"},{"@type":"ListItem","position":2,"name":"Shop","item":"https:\/\/legendatours.com\/sv\/?page_id=4"},{"@type":"ListItem","position":3,"name":"Walking The Portuguese Way to Santiago"}]},{"@type":"WebSite","@id":"https:\/\/legendatours.com\/#website","url":"https:\/\/legendatours.com\/","name":"Legend\u00e4res Abenteuer DMC Portugal","description":"Verantwortungsvolles Wandern und Natururlaub in Portugal","publisher":{"@id":"https:\/\/legendatours.com\/#organization"},"alternateName":"Legendary Adventure Portugal","potentialAction":[{"@type":"SearchAction","target":{"@type":"EntryPoint","urlTemplate":"https:\/\/legendatours.com\/?s={search_term_string}"},"query-input":{"@type":"PropertyValueSpecification","valueRequired":true,"valueName":"search_term_string"}}],"inLanguage":"de"},{"@type":"Organization","@id":"https:\/\/legendatours.com\/#organization","name":"legendatours.com","url":"https:\/\/legendatours.com\/","logo":{"@type":"ImageObject","inLanguage":"de","@id":"https:\/\/legendatours.com\/#\/schema\/logo\/image\/","url":"https:\/\/legendatours.com\/wp-content\/uploads\/sites\/12\/2021\/06\/legendary_adventure_dmc.png","contentUrl":"https:\/\/legendatours.com\/wp-content\/uploads\/sites\/12\/2021\/06\/legendary_adventure_dmc.png","width":250,"height":74,"caption":"legendatours.com"},"image":{"@id":"https:\/\/legendatours.com\/#\/schema\/logo\/image\/"},"sameAs":["https:\/\/www.facebook.com\/legendaryadventuredmc\/","https:\/\/www.linkedin.com\/company\/legendary-adventure-dmc-portugal","https:\/\/www.youtube.com\/channel\/UCOIRDx_KM6ynIcacQkZjb6g"]}]}},"_links":{"self":[{"href":"https:\/\/legendatours.com\/de\/wp-json\/wp\/v2\/product\/7811","targetHints":{"allow":["GET"]}}],"collection":[{"href":"https:\/\/legendatours.com\/de\/wp-json\/wp\/v2\/product"}],"about":[{"href":"https:\/\/legendatours.com\/de\/wp-json\/wp\/v2\/types\/product"}],"replies":[{"embeddable":true,"href":"https:\/\/legendatours.com\/de\/wp-json\/wp\/v2\/comments?post=7811"}],"wp:featuredmedia":[{"embeddable":true,"href":"https:\/\/legendatours.com\/de\/wp-json\/wp\/v2\/media\/7795"}],"wp:attachment":[{"href":"https:\/\/legendatours.com\/de\/wp-json\/wp\/v2\/media?parent=7811"}],"wp:term":[{"taxonomy":"product_brand","embeddable":true,"href":"https:\/\/legendatours.com\/de\/wp-json\/wp\/v2\/product_brand?post=7811"},{"taxonomy":"product_cat","embeddable":true,"href":"https:\/\/legendatours.com\/de\/wp-json\/wp\/v2\/product_cat?post=7811"},{"taxonomy":"product_tag","embeddable":true,"href":"https:\/\/legendatours.com\/de\/wp-json\/wp\/v2\/product_tag?post=7811"}],"curies":[{"name":"wp","href":"https:\/\/api.w.org\/{rel}","templated":true}]}}