{"id":7817,"date":"2020-07-06T16:21:05","date_gmt":"2020-07-06T16:21:05","guid":{"rendered":"https:\/\/legendatours.com\/product\/walking-in-peneda-national-park-portugals-hidden-wilderness\/"},"modified":"2021-08-11T15:44:16","modified_gmt":"2021-08-11T15:44:16","slug":"peneda-national-park-portugals-hidden-wilderness-11300g","status":"publish","type":"product","link":"https:\/\/legendatours.com\/de\/produkt\/peneda-national-park-portugals-hidden-wilderness-11300g\/","title":{"rendered":"Wandern im Nationalpark Peneda: Portugals versteckte Wildnis"},"content":{"rendered":"<p><strong>Gruppen ab 6 Personen akzeptiert.<\/strong><\/p>\n<p>&nbsp;<\/p>\n<p>Der Peneda-Ger\u00eas-Nationalpark ist ein Schaufenster gro\u00dfartiger Landschaften und eine exquisite Umgebung von au\u00dfergew\u00f6hnlicher Sch\u00f6nheit.<\/p>\n<p>In diesem Hochland ist die Luft kristallklar und das Wasser rein.<\/p>\n<p>Dieser Nationalpark enth\u00e4lt einige der sch\u00f6nsten und abwechslungsreichsten Landschaften im ganzen Land und hier finden Sie eine F\u00fclle seltener Wildblumen, Raubv\u00f6gel, Herden von Wildpferden und andere Wildtiere.<\/p>\n<div id=\"attachment_2778\" style=\"width: 1034px\" class=\"wp-caption alignnone\"><img loading=\"lazy\" decoding=\"async\" aria-describedby=\"caption-attachment-2778\" class=\"wp-image-2778 size-large\" title=\"Peneda Sanctuary - Nationalpark Peneda Portugal\" src=\"https:\/\/legendatours.net\/wp-content\/uploads\/2020\/07\/Sanctuary_Peneda-1024x768.jpg\" alt=\"Peneda Sanctuary - Peneda National Park Portugal\" width=\"1024\" height=\"768\" \/><p id=\"caption-attachment-2778\" class=\"wp-caption-text\">Peneda Sanctuary \u2013 Nationalpark Peneda Portugal<\/p><\/div>\n<p>Unser Urlaub mit zwei Zentren im Nordwesten des Parks liegt in der Serra da Peneda. Es ist so konzipiert, dass Sie die spektakul\u00e4rsten und interessantesten Teile dieser Berge besuchen.<\/p>\n<p>Unsere bemerkenswert abwechslungsreichen Wanderungen umrunden die dramatischen Felsen und die Granitlandschaft von Meadinha und folgen alten Pfaden das \u00fcppige Tal des Flusses Peneda hinunter.<\/p>\n<p>Die etwas abgelegene Lage hat den Park gesch\u00fctzt. Sie werden nicht nur die Sch\u00f6nheit der Region genie\u00dfen, von dramatisch h\u00fcgeligem Moorland bis zu hoch aufragenden Granitfelsen, sondern auch viele der alten Weiler besuchen, die \u00fcber die Landschaft verstreut sind, und die legend\u00e4re Gastfreundschaft der Bergbewohner genie\u00dfen.<\/p>\n<p>Unser erstes Zentrum befindet sich im Bergdorf Castro Laboreiro, das von seiner alten Burg \u00fcberragt wird.<\/p>\n<div id=\"attachment_2777\" style=\"width: 1034px\" class=\"wp-caption alignnone\"><img loading=\"lazy\" decoding=\"async\" aria-describedby=\"caption-attachment-2777\" class=\"wp-image-2777 size-large\" title=\"Gruppenwanderung im Nationalpark Peneda Portugal\" src=\"https:\/\/legendatours.net\/wp-content\/uploads\/2020\/07\/geres_moorland-1024x731.jpg\" alt=\"Group Walking in Peneda National Park Portugal\" width=\"1024\" height=\"731\" \/><p id=\"caption-attachment-2777\" class=\"wp-caption-text\">Gruppenwanderung im Nationalpark Peneda Portugal<\/p><\/div>\n<p>Isolierte traditionelle D\u00f6rfer mit Hochgebirgswiesen und h\u00fcgeliger Heidelandschaft erstrecken sich bis zur Grenze zu Spanien im Osten. Wenn Sie das Hotel jedoch nach Westen verlassen, befinden Sie sich inmitten hoch aufragender Granitfelsen und versteckter bewaldeter T\u00e4ler.<\/p>\n<p>Das Dorf mit seinen Caf\u00e9s und einem bemerkenswert komfortablen und gut ausgestatteten Hotel bietet uns den idealen Ort, um es zu erkunden und am Ende des Tages zu entspannen.<\/p>\n<p>Wir k\u00f6nnen \u00fcber die Berge zu unserem zweiten Standort im sch\u00f6nen, abgelegenen, aber ber\u00fchmten Heiligtum von Nossa Senhora da Peneda wandern.<\/p>\n<p>Unser Hotel in Peneda, einst die Pilgerherberge, wurde phantasievoll zu einem hochwertigen Hotel umgebaut. Es befindet sich auf einer Seite des Heiligtums mit einer Kulisse aus B\u00e4umen, Felsen und Wasserf\u00e4llen, w\u00e4hrend die gro\u00dfe Treppe des Heiligtums in das darunter liegende Tal hinabf\u00fchrt.<\/p>","protected":false},"excerpt":{"rendered":"<p>Der Peneda-Ger\u00eas-Nationalpark ist ein Schaufenster gro\u00dfartiger Landschaften und eine exquisite Umgebung von au\u00dfergew\u00f6hnlicher Sch\u00f6nheit.<\/p>\n<p>In diesem Hochland ist die Luft kristallklar und das Wasser rein.<\/p>\n<p>Dieser Nationalpark enth\u00e4lt einige der sch\u00f6nsten und abwechslungsreichsten Landschaften im ganzen Land und hier finden Sie eine F\u00fclle seltener Wildblumen, Raubv\u00f6gel, Herden von Wildpferden und andere Wildtiere.<\/p>","protected":false},"featured_media":7656,"comment_status":"closed","ping_status":"closed","template":"","meta":{"_acf_changed":false,"inline_featured_image":false},"product_brand":[],"product_cat":[32,28,29,30,31],"product_tag":[402,78,235,621,603,622,87,90,49,404,255,95,97,98,99,162,272,246,623,624,417,418,419,609,341,171,625,208,70,626,421],"class_list":{"0":"post-7817","1":"product","2":"type-product","3":"status-publish","4":"has-post-thumbnail","6":"product_cat-cultural-tours-and-holidays-in-portugal","7":"product_cat-guided-group-tours","8":"product_cat-portugal-guided-historical-holidays","9":"product_cat-guided-sightseeing-holidays-portugal","10":"product_cat-guided-walking-holidays-in-portugal","11":"product_tag-amazing-walking","12":"product_tag-beautiful-landscapes","13":"product_tag-best-of-portugal","14":"product_tag-castro-laboreiro","15":"product_tag-fantastic-itinerary-of-walks","16":"product_tag-finest-walking-centres","17":"product_tag-green-landscape","18":"product_tag-guided-walking-holidays","19":"product_tag-hidden-landscapes","20":"product_tag-holiday-activities-walking-guides","21":"product_tag-holidays-in-portugal","22":"product_tag-magnificent-landscape","23":"product_tag-natural-park","24":"product_tag-natural-reserves","25":"product_tag-natural-scenery","26":"product_tag-nature-walks","27":"product_tag-north-of-portugal","28":"product_tag-northern-portugal","29":"product_tag-panoramic-views-in-portugal","30":"product_tag-peneda","31":"product_tag-peneda-geres","32":"product_tag-peneda-geres-national-park","33":"product_tag-peneda-geres-walking","34":"product_tag-perfect-walking-holiday","35":"product_tag-portugal-great-food-and-wine","36":"product_tag-small-group","37":"product_tag-traditional-houses","38":"product_tag-traditional-villages","39":"product_tag-traditions","40":"product_tag-walking-along-quiet-paths","41":"product_tag-walking-trails","43":"first","44":"instock","45":"virtual","46":"product-type-simple"},"acf":[],"yoast_head":"<!-- This site is optimized with the Yoast SEO Premium plugin v26.8 (Yoast SEO v27.3) - https:\/\/yoast.com\/product\/yoast-seo-premium-wordpress\/ -->\n<title>Walking in Peneda National Park: Portugal&#039;s Hidden Wilderness - Legendary Adventure DMC Portugal<\/title>\n<meta name=\"robots\" content=\"index, follow, max-snippet:-1, max-image-preview:large, max-video-preview:-1\" \/>\n<link rel=\"canonical\" href=\"https:\/\/legendatours.com\/de\/produkt\/peneda-national-park-portugals-hidden-wilderness-11300g\/\" \/>\n<meta property=\"og:locale\" content=\"de_DE\" \/>\n<meta property=\"og:type\" content=\"article\" \/>\n<meta property=\"og:title\" content=\"Walking in Peneda National Park: Portugal&#039;s Hidden Wilderness\" \/>\n<meta property=\"og:description\" content=\"A showcase of great landscapes, the Peneda-Ger\u00eas National Park is an exquisite environment of outstanding beauty.  In this high country the air is crystalline and the waters pure.  This national park contains some of the most beautiful and varied scenery found in the whole of the country and here you\u2019ll find an abundance of rare wildflowers, birds of prey, herds of wild horses, and other wildlife.\" \/>\n<meta property=\"og:url\" content=\"https:\/\/legendatours.com\/de\/produkt\/peneda-national-park-portugals-hidden-wilderness-11300g\/\" \/>\n<meta property=\"og:site_name\" content=\"Legendary Adventure DMC Portugal\" \/>\n<meta property=\"article:publisher\" content=\"https:\/\/www.facebook.com\/legendaryadventuredmc\/\" \/>\n<meta property=\"article:modified_time\" content=\"2021-08-11T15:44:16+00:00\" \/>\n<meta property=\"og:image\" content=\"https:\/\/legendatours.com\/wp-content\/uploads\/sites\/12\/2021\/04\/geres_moorland-e1611683199826.jpg\" \/>\n\t<meta property=\"og:image:width\" content=\"1024\" \/>\n\t<meta property=\"og:image:height\" content=\"731\" \/>\n\t<meta property=\"og:image:type\" content=\"image\/jpeg\" \/>\n<meta name=\"twitter:card\" content=\"summary_large_image\" \/>\n<meta name=\"twitter:label1\" content=\"Gesch\u00e4tzte Lesezeit\" \/>\n\t<meta name=\"twitter:data1\" content=\"2\u00a0Minuten\" \/>\n<script type=\"application\/ld+json\" class=\"yoast-schema-graph\">{\"@context\":\"https:\\\/\\\/schema.org\",\"@graph\":[{\"@type\":\"WebPage\",\"@id\":\"https:\\\/\\\/legendatours.com\\\/product\\\/peneda-national-park-portugals-hidden-wilderness-11300g\\\/\",\"url\":\"https:\\\/\\\/legendatours.com\\\/product\\\/peneda-national-park-portugals-hidden-wilderness-11300g\\\/\",\"name\":\"Walking in Peneda National Park: Portugal's Hidden Wilderness - Legendary Adventure DMC Portugal\",\"isPartOf\":{\"@id\":\"https:\\\/\\\/legendatours.com\\\/#website\"},\"primaryImageOfPage\":{\"@id\":\"https:\\\/\\\/legendatours.com\\\/product\\\/peneda-national-park-portugals-hidden-wilderness-11300g\\\/#primaryimage\"},\"image\":{\"@id\":\"https:\\\/\\\/legendatours.com\\\/product\\\/peneda-national-park-portugals-hidden-wilderness-11300g\\\/#primaryimage\"},\"thumbnailUrl\":\"https:\\\/\\\/legendatours.com\\\/wp-content\\\/uploads\\\/sites\\\/12\\\/2021\\\/04\\\/geres_moorland-e1611683199826.jpg\",\"datePublished\":\"2020-07-06T16:21:05+00:00\",\"dateModified\":\"2021-08-11T15:44:16+00:00\",\"breadcrumb\":{\"@id\":\"https:\\\/\\\/legendatours.com\\\/product\\\/peneda-national-park-portugals-hidden-wilderness-11300g\\\/#breadcrumb\"},\"inLanguage\":\"de\",\"potentialAction\":[{\"@type\":\"ReadAction\",\"target\":[\"https:\\\/\\\/legendatours.com\\\/product\\\/peneda-national-park-portugals-hidden-wilderness-11300g\\\/\"]}]},{\"@type\":\"ImageObject\",\"inLanguage\":\"de\",\"@id\":\"https:\\\/\\\/legendatours.com\\\/product\\\/peneda-national-park-portugals-hidden-wilderness-11300g\\\/#primaryimage\",\"url\":\"https:\\\/\\\/legendatours.com\\\/wp-content\\\/uploads\\\/sites\\\/12\\\/2021\\\/04\\\/geres_moorland-e1611683199826.jpg\",\"contentUrl\":\"https:\\\/\\\/legendatours.com\\\/wp-content\\\/uploads\\\/sites\\\/12\\\/2021\\\/04\\\/geres_moorland-e1611683199826.jpg\",\"width\":1024,\"height\":731,\"caption\":\"Group walking in Geres\"},{\"@type\":\"BreadcrumbList\",\"@id\":\"https:\\\/\\\/legendatours.com\\\/product\\\/peneda-national-park-portugals-hidden-wilderness-11300g\\\/#breadcrumb\",\"itemListElement\":[{\"@type\":\"ListItem\",\"position\":1,\"name\":\"Home\",\"item\":\"https:\\\/\\\/legendatours.com\\\/\"},{\"@type\":\"ListItem\",\"position\":2,\"name\":\"Shop\",\"item\":\"https:\\\/\\\/legendatours.com\\\/sv\\\/?page_id=4\"},{\"@type\":\"ListItem\",\"position\":3,\"name\":\"Walking in Peneda National Park: Portugal&#8217;s Hidden Wilderness\"}]},{\"@type\":\"WebSite\",\"@id\":\"https:\\\/\\\/legendatours.com\\\/#website\",\"url\":\"https:\\\/\\\/legendatours.com\\\/\",\"name\":\"Legendary Adventure DMC Portugal\",\"description\":\"Responsible Walking &amp; Nature Holidays in Portugal\",\"publisher\":{\"@id\":\"https:\\\/\\\/legendatours.com\\\/#organization\"},\"alternateName\":\"Legendary Adventure Portugal\",\"potentialAction\":[{\"@type\":\"SearchAction\",\"target\":{\"@type\":\"EntryPoint\",\"urlTemplate\":\"https:\\\/\\\/legendatours.com\\\/?s={search_term_string}\"},\"query-input\":{\"@type\":\"PropertyValueSpecification\",\"valueRequired\":true,\"valueName\":\"search_term_string\"}}],\"inLanguage\":\"de\"},{\"@type\":\"Organization\",\"@id\":\"https:\\\/\\\/legendatours.com\\\/#organization\",\"name\":\"legendatours.com\",\"url\":\"https:\\\/\\\/legendatours.com\\\/\",\"logo\":{\"@type\":\"ImageObject\",\"inLanguage\":\"de\",\"@id\":\"https:\\\/\\\/legendatours.com\\\/#\\\/schema\\\/logo\\\/image\\\/\",\"url\":\"https:\\\/\\\/legendatours.com\\\/wp-content\\\/uploads\\\/sites\\\/12\\\/2021\\\/06\\\/legendary_adventure_dmc.png\",\"contentUrl\":\"https:\\\/\\\/legendatours.com\\\/wp-content\\\/uploads\\\/sites\\\/12\\\/2021\\\/06\\\/legendary_adventure_dmc.png\",\"width\":250,\"height\":74,\"caption\":\"legendatours.com\"},\"image\":{\"@id\":\"https:\\\/\\\/legendatours.com\\\/#\\\/schema\\\/logo\\\/image\\\/\"},\"sameAs\":[\"https:\\\/\\\/www.facebook.com\\\/legendaryadventuredmc\\\/\",\"https:\\\/\\\/www.linkedin.com\\\/company\\\/legendary-adventure-dmc-portugal\",\"https:\\\/\\\/www.youtube.com\\\/channel\\\/UCOIRDx_KM6ynIcacQkZjb6g\"]}]}<\/script>\n<!-- \/ Yoast SEO Premium plugin. -->","yoast_head_json":{"title":"Wandern im Nationalpark Peneda: Portugals verborgene Wildnis - Legend\u00e4res Abenteuer DMC Portugal","robots":{"index":"index","follow":"follow","max-snippet":"max-snippet:-1","max-image-preview":"max-image-preview:large","max-video-preview":"max-video-preview:-1"},"canonical":"https:\/\/legendatours.com\/de\/produkt\/peneda-national-park-portugals-hidden-wilderness-11300g\/","og_locale":"de_DE","og_type":"article","og_title":"Walking in Peneda National Park: Portugal's Hidden Wilderness","og_description":"A showcase of great landscapes, the Peneda-Ger\u00eas National Park is an exquisite environment of outstanding beauty.  In this high country the air is crystalline and the waters pure.  This national park contains some of the most beautiful and varied scenery found in the whole of the country and here you\u2019ll find an abundance of rare wildflowers, birds of prey, herds of wild horses, and other wildlife.","og_url":"https:\/\/legendatours.com\/de\/produkt\/peneda-national-park-portugals-hidden-wilderness-11300g\/","og_site_name":"Legendary Adventure DMC Portugal","article_publisher":"https:\/\/www.facebook.com\/legendaryadventuredmc\/","article_modified_time":"2021-08-11T15:44:16+00:00","og_image":[{"width":1024,"height":731,"url":"https:\/\/legendatours.com\/wp-content\/uploads\/sites\/12\/2021\/04\/geres_moorland-e1611683199826.jpg","type":"image\/jpeg"}],"twitter_card":"summary_large_image","twitter_misc":{"Gesch\u00e4tzte Lesezeit":"2\u00a0Minuten"},"schema":{"@context":"https:\/\/schema.org","@graph":[{"@type":"WebPage","@id":"https:\/\/legendatours.com\/product\/peneda-national-park-portugals-hidden-wilderness-11300g\/","url":"https:\/\/legendatours.com\/product\/peneda-national-park-portugals-hidden-wilderness-11300g\/","name":"Wandern im Nationalpark Peneda: Portugals verborgene Wildnis - Legend\u00e4res Abenteuer DMC Portugal","isPartOf":{"@id":"https:\/\/legendatours.com\/#website"},"primaryImageOfPage":{"@id":"https:\/\/legendatours.com\/product\/peneda-national-park-portugals-hidden-wilderness-11300g\/#primaryimage"},"image":{"@id":"https:\/\/legendatours.com\/product\/peneda-national-park-portugals-hidden-wilderness-11300g\/#primaryimage"},"thumbnailUrl":"https:\/\/legendatours.com\/wp-content\/uploads\/sites\/12\/2021\/04\/geres_moorland-e1611683199826.jpg","datePublished":"2020-07-06T16:21:05+00:00","dateModified":"2021-08-11T15:44:16+00:00","breadcrumb":{"@id":"https:\/\/legendatours.com\/product\/peneda-national-park-portugals-hidden-wilderness-11300g\/#breadcrumb"},"inLanguage":"de","potentialAction":[{"@type":"ReadAction","target":["https:\/\/legendatours.com\/product\/peneda-national-park-portugals-hidden-wilderness-11300g\/"]}]},{"@type":"ImageObject","inLanguage":"de","@id":"https:\/\/legendatours.com\/product\/peneda-national-park-portugals-hidden-wilderness-11300g\/#primaryimage","url":"https:\/\/legendatours.com\/wp-content\/uploads\/sites\/12\/2021\/04\/geres_moorland-e1611683199826.jpg","contentUrl":"https:\/\/legendatours.com\/wp-content\/uploads\/sites\/12\/2021\/04\/geres_moorland-e1611683199826.jpg","width":1024,"height":731,"caption":"Group walking in Geres"},{"@type":"BreadcrumbList","@id":"https:\/\/legendatours.com\/product\/peneda-national-park-portugals-hidden-wilderness-11300g\/#breadcrumb","itemListElement":[{"@type":"ListItem","position":1,"name":"Home","item":"https:\/\/legendatours.com\/"},{"@type":"ListItem","position":2,"name":"Shop","item":"https:\/\/legendatours.com\/sv\/?page_id=4"},{"@type":"ListItem","position":3,"name":"Walking in Peneda National Park: Portugal&#8217;s Hidden Wilderness"}]},{"@type":"WebSite","@id":"https:\/\/legendatours.com\/#website","url":"https:\/\/legendatours.com\/","name":"Legend\u00e4res Abenteuer DMC Portugal","description":"Verantwortungsvolles Wandern und Natururlaub in Portugal","publisher":{"@id":"https:\/\/legendatours.com\/#organization"},"alternateName":"Legendary Adventure Portugal","potentialAction":[{"@type":"SearchAction","target":{"@type":"EntryPoint","urlTemplate":"https:\/\/legendatours.com\/?s={search_term_string}"},"query-input":{"@type":"PropertyValueSpecification","valueRequired":true,"valueName":"search_term_string"}}],"inLanguage":"de"},{"@type":"Organization","@id":"https:\/\/legendatours.com\/#organization","name":"legendatours.com","url":"https:\/\/legendatours.com\/","logo":{"@type":"ImageObject","inLanguage":"de","@id":"https:\/\/legendatours.com\/#\/schema\/logo\/image\/","url":"https:\/\/legendatours.com\/wp-content\/uploads\/sites\/12\/2021\/06\/legendary_adventure_dmc.png","contentUrl":"https:\/\/legendatours.com\/wp-content\/uploads\/sites\/12\/2021\/06\/legendary_adventure_dmc.png","width":250,"height":74,"caption":"legendatours.com"},"image":{"@id":"https:\/\/legendatours.com\/#\/schema\/logo\/image\/"},"sameAs":["https:\/\/www.facebook.com\/legendaryadventuredmc\/","https:\/\/www.linkedin.com\/company\/legendary-adventure-dmc-portugal","https:\/\/www.youtube.com\/channel\/UCOIRDx_KM6ynIcacQkZjb6g"]}]}},"_links":{"self":[{"href":"https:\/\/legendatours.com\/de\/wp-json\/wp\/v2\/product\/7817","targetHints":{"allow":["GET"]}}],"collection":[{"href":"https:\/\/legendatours.com\/de\/wp-json\/wp\/v2\/product"}],"about":[{"href":"https:\/\/legendatours.com\/de\/wp-json\/wp\/v2\/types\/product"}],"replies":[{"embeddable":true,"href":"https:\/\/legendatours.com\/de\/wp-json\/wp\/v2\/comments?post=7817"}],"wp:featuredmedia":[{"embeddable":true,"href":"https:\/\/legendatours.com\/de\/wp-json\/wp\/v2\/media\/7656"}],"wp:attachment":[{"href":"https:\/\/legendatours.com\/de\/wp-json\/wp\/v2\/media?parent=7817"}],"wp:term":[{"taxonomy":"product_brand","embeddable":true,"href":"https:\/\/legendatours.com\/de\/wp-json\/wp\/v2\/product_brand?post=7817"},{"taxonomy":"product_cat","embeddable":true,"href":"https:\/\/legendatours.com\/de\/wp-json\/wp\/v2\/product_cat?post=7817"},{"taxonomy":"product_tag","embeddable":true,"href":"https:\/\/legendatours.com\/de\/wp-json\/wp\/v2\/product_tag?post=7817"}],"curies":[{"name":"wp","href":"https:\/\/api.w.org\/{rel}","templated":true}]}}