{"id":7845,"date":"2020-07-06T15:27:59","date_gmt":"2020-07-06T15:27:59","guid":{"rendered":"https:\/\/legendatours.com\/product\/walking-holidays-in-lagoa-the-west-algarve\/"},"modified":"2021-08-11T15:50:11","modified_gmt":"2021-08-11T15:50:11","slug":"lagoa-the-west-algarve-11003g","status":"publish","type":"product","link":"https:\/\/legendatours.com\/de\/produkt\/lagoa-the-west-algarve-11003g\/","title":{"rendered":"Wanderurlaub in Lagoa: Die Westalgarve"},"content":{"rendered":"<p><strong>Gruppen ab 6 Personen akzeptiert.<\/strong><\/p>\n<p>&nbsp;<\/p>\n<p>Wir haben eine Mischung aus Wanderungen durch K\u00fcsten-, Berg- und Binnenlandschaften ausgew\u00e4hlt, die uns verschiedene Facetten dieser wundersch\u00f6nen Gegend und ihrer abwechslungsreichen Landschaft pr\u00e4sentieren.<\/p>\n<p>Die abwechslungsreiche Geologie des Gebiets tr\u00e4gt dazu bei, eine reiche Vielfalt an Landschaften zu schaffen, von Granitbergen bis hin zu dramatischen Kalksteinfelsen und Meeresklippen; Diese Vielfalt wird durch die lokale Flora und Fauna erg\u00e4nzt, die in dem ausgeglichenen Klima mit milden, sonnigen Wintern und langen, hei\u00dfen Sommern gedeihen. All dies zusammen macht das Wandern hier faszinierend.<\/p>\n<div id=\"attachment_1866\" style=\"width: 1034px\" class=\"wp-caption alignnone\"><img loading=\"lazy\" decoding=\"async\" aria-describedby=\"caption-attachment-1866\" class=\"wp-image-1866 size-large\" title=\"Silves, Blick vom Schloss\" src=\"https:\/\/legendatours.net\/wp-content\/uploads\/2020\/03\/Silves_view_castle-1024x697.jpg\" alt=\"Silves, view from the Castle\" width=\"1024\" height=\"697\" \/><p id=\"caption-attachment-1866\" class=\"wp-caption-text\">Silves, Blick vom Schloss<\/p><\/div>\n<p>Von den \u201eklassischen\u201c Abschnitten der Algarve-K\u00fcste mit ihren perfekten Sandstr\u00e4nden und zerkl\u00fcfteten Landzungen von Portim\u00e3o bis hin zu den pr\u00e4chtigen Altst\u00e4dten wie Silves und Lagos f\u00fchren uns die Wanderungen dieser Tour zu den richtigen Orten, damit wir die riesige Gastfreundschaft entdecken k\u00f6nnen Herz der Algarve.<\/p>\n<p>Unser vielf\u00e4ltiges Angebot reicht von den gr\u00fcnen H\u00fcgeln rund um die kleine Stadt Monchique, wo wir eine sch\u00f6ne Aussicht auf die umliegenden H\u00fcgel haben, bis zu den kleinen D\u00f6rfern, in denen das Arbeitsleben so weitergeht, wie es seit Jahrhunderten der Fall ist. Hier werden Johannisbrot und Oliven auf Bauernh\u00f6fen und Kleinbauern angebaut, zusammen mit Orangen und anderen Zitrusfr\u00fcchten, Granat\u00e4pfeln, Mandeln und einer F\u00fclle anderer Produkte.<\/p>\n<div id=\"attachment_2664\" style=\"width: 586px\" class=\"wp-caption alignnone\"><img loading=\"lazy\" decoding=\"async\" aria-describedby=\"caption-attachment-2664\" class=\"wp-image-2664 size-large\" title=\"Westalgarve, Silves Spaziergang\" src=\"https:\/\/legendatours.net\/wp-content\/uploads\/2020\/06\/algarve_way_west_houses-576x1024.jpg\" alt=\"West Algarve, Silves walk\" width=\"576\" height=\"1024\" \/><p id=\"caption-attachment-2664\" class=\"wp-caption-text\">Westalgarve, Silves Spaziergang<\/p><\/div>\n<p>Unsere Suche nach den verborgenen Sch\u00e4tzen der Westalgarve geht weiter, wenn wir Sagres am Rande des Parque Natural da Costa Vicentina erreichen, dem s\u00fcdwestlichsten Punkt Europas, wo Sie die M\u00f6glichkeit haben, die reiche Vogelwelt zu sch\u00e4tzen und ganz sicher zu sehen der wichtigsten Zugrouten des Fr\u00fchlings und Herbstes.<\/p>\n<div id=\"attachment_1860\" style=\"width: 1034px\" class=\"wp-caption alignnone\"><img loading=\"lazy\" decoding=\"async\" aria-describedby=\"caption-attachment-1860\" class=\"wp-image-1860 size-large\" title=\"Sagres, Kap St. Vincent\" src=\"https:\/\/legendatours.net\/wp-content\/uploads\/2020\/03\/sagres-1024x640.jpg\" alt=\"Sagres, cape St Vincent\" width=\"1024\" height=\"640\" \/><p id=\"caption-attachment-1860\" class=\"wp-caption-text\">Sagres, Kap St. Vincent<\/p><\/div>\n<p>Unser Zentrum f\u00fcr diese Woche ist Lagoa. Historische Aufzeichnungen zeigen, dass das Gebiet in der Vergangenheit von den Arabern besetzt war, die sich um eine kleine Lagune herum niederlie\u00dfen, deren S\u00fcmpfe getrocknet wurden, um fruchtbares Land und Wohngebiete zu schaffen. Das Potenzial der Region Lagoa trug entscheidend zur wirtschaftlichen Entwicklung der Region bei, die heute auf Landwirtschaft, Fischerei, Kleinindustrie und Tourismus basiert. Es ist auch ber\u00fchmt f\u00fcr die Weinproduktion, mit seinen weichen und fruchtigen Weinen, die Fans auf der ganzen Welt anziehen.<\/p>","protected":false},"excerpt":{"rendered":"<p>\u201eErkunden Sie die Westalgarve\u201c ist eine 8-t\u00e4gige gef\u00fchrte Wandertour mit Ausgangspunkt in Lagoa.<\/p>\n<p>Wir haben eine Mischung aus Wanderungen durch K\u00fcsten-, Berg- und Binnenlandschaften ausgew\u00e4hlt, die uns verschiedene Facetten dieser wundersch\u00f6nen Gegend und ihrer abwechslungsreichen Landschaft pr\u00e4sentieren.<\/p>","protected":false},"featured_media":7830,"comment_status":"closed","ping_status":"closed","template":"","meta":{"_acf_changed":false,"inline_featured_image":false},"product_brand":[],"product_cat":[32,28,29,30,31],"product_tag":[147,383,305,149,631,632,633,402,634,649,608,635,636,85,86,130,90,91,255,637,1137,270,638,639,640,60,641,642,643,343,644,68,111,121,112,122,645,145],"class_list":{"0":"post-7845","1":"product","2":"type-product","3":"status-publish","4":"has-post-thumbnail","6":"product_cat-cultural-tours-and-holidays-in-portugal","7":"product_cat-guided-group-tours","8":"product_cat-portugal-guided-historical-holidays","9":"product_cat-guided-sightseeing-holidays-portugal","10":"product_cat-guided-walking-holidays-in-portugal","11":"product_tag-algarve","12":"product_tag-algarve-coastal-strip","13":"product_tag-algarve-coastline","14":"product_tag-algarve-flowers","15":"product_tag-algarve-rock-formations","16":"product_tag-algarve-way","17":"product_tag-alvor","18":"product_tag-amazing-walking","19":"product_tag-cabo-de-s-vicente","20":"product_tag-carvoeiro","21":"product_tag-cherry-picked-walks","22":"product_tag-coastal-algarve-walk","23":"product_tag-costa-vicentina","24":"product_tag-dramatic-cliffs","25":"product_tag-fabulous-walks-along-the-coast","26":"product_tag-gastronomy","27":"product_tag-guided-walking-holidays","28":"product_tag-guided-walking-tours","29":"product_tag-holidays-in-portugal","30":"product_tag-impressive-cliffs","31":"product_tag-lagoa","32":"product_tag-lagos","33":"product_tag-monchique","34":"product_tag-ponta-da-piedade","35":"product_tag-portimao","36":"product_tag-portugal","37":"product_tag-praia-da-rocha","38":"product_tag-sagres","39":"product_tag-seven-hanging-valleys-trail","40":"product_tag-silves","41":"product_tag-spectacular-cliffs","42":"product_tag-tours-in-portugal","43":"product_tag-vicentina-route","44":"product_tag-walking","45":"product_tag-walking-holidays","46":"product_tag-walking-tours","47":"product_tag-west-algarve","48":"product_tag-wines","50":"first","51":"instock","52":"virtual","53":"product-type-simple"},"acf":[],"yoast_head":"<!-- This site is optimized with the Yoast SEO Premium plugin v26.8 (Yoast SEO v27.4) - https:\/\/yoast.com\/product\/yoast-seo-premium-wordpress\/ -->\n<title>Walking Holidays in Lagoa: The West Algarve - Legendary Adventure DMC Portugal<\/title>\n<meta name=\"robots\" content=\"index, follow, max-snippet:-1, max-image-preview:large, max-video-preview:-1\" \/>\n<link rel=\"canonical\" href=\"https:\/\/legendatours.com\/de\/produkt\/lagoa-the-west-algarve-11003g\/\" \/>\n<meta property=\"og:locale\" content=\"de_DE\" \/>\n<meta property=\"og:type\" content=\"article\" \/>\n<meta property=\"og:title\" content=\"Walking Holidays in Lagoa: The West Algarve\" \/>\n<meta property=\"og:description\" content=\"&#039;Explore the West Algarve&#039; is an 8 day guided walking tour, based in Lagoa.  We have selected a mix of walks through coastal, mountain, and inland scenery that will present us with different facets of this beautiful area and its diverse landscape.\" \/>\n<meta property=\"og:url\" content=\"https:\/\/legendatours.com\/de\/produkt\/lagoa-the-west-algarve-11003g\/\" \/>\n<meta property=\"og:site_name\" content=\"Legendary Adventure DMC Portugal\" \/>\n<meta property=\"article:publisher\" content=\"https:\/\/www.facebook.com\/legendaryadventuredmc\/\" \/>\n<meta property=\"article:modified_time\" content=\"2021-08-11T15:50:11+00:00\" \/>\n<meta property=\"og:image\" content=\"https:\/\/legendatours.com\/wp-content\/uploads\/sites\/12\/2021\/04\/algarve_way_group-e1611688135538.jpg\" \/>\n\t<meta property=\"og:image:width\" content=\"1024\" \/>\n\t<meta property=\"og:image:height\" content=\"576\" \/>\n\t<meta property=\"og:image:type\" content=\"image\/jpeg\" \/>\n<meta name=\"twitter:card\" content=\"summary_large_image\" \/>\n<meta name=\"twitter:label1\" content=\"Gesch\u00e4tzte Lesezeit\" \/>\n\t<meta name=\"twitter:data1\" content=\"2\u00a0Minuten\" \/>\n<script type=\"application\/ld+json\" class=\"yoast-schema-graph\">{\"@context\":\"https:\\\/\\\/schema.org\",\"@graph\":[{\"@type\":\"WebPage\",\"@id\":\"https:\\\/\\\/legendatours.com\\\/product\\\/lagoa-the-west-algarve-11003g\\\/\",\"url\":\"https:\\\/\\\/legendatours.com\\\/product\\\/lagoa-the-west-algarve-11003g\\\/\",\"name\":\"Walking Holidays in Lagoa: The West Algarve - Legendary Adventure DMC Portugal\",\"isPartOf\":{\"@id\":\"https:\\\/\\\/legendatours.com\\\/#website\"},\"primaryImageOfPage\":{\"@id\":\"https:\\\/\\\/legendatours.com\\\/product\\\/lagoa-the-west-algarve-11003g\\\/#primaryimage\"},\"image\":{\"@id\":\"https:\\\/\\\/legendatours.com\\\/product\\\/lagoa-the-west-algarve-11003g\\\/#primaryimage\"},\"thumbnailUrl\":\"https:\\\/\\\/legendatours.com\\\/wp-content\\\/uploads\\\/sites\\\/12\\\/2021\\\/04\\\/algarve_way_group-e1611688135538.jpg\",\"datePublished\":\"2020-07-06T15:27:59+00:00\",\"dateModified\":\"2021-08-11T15:50:11+00:00\",\"breadcrumb\":{\"@id\":\"https:\\\/\\\/legendatours.com\\\/product\\\/lagoa-the-west-algarve-11003g\\\/#breadcrumb\"},\"inLanguage\":\"de\",\"potentialAction\":[{\"@type\":\"ReadAction\",\"target\":[\"https:\\\/\\\/legendatours.com\\\/product\\\/lagoa-the-west-algarve-11003g\\\/\"]}]},{\"@type\":\"ImageObject\",\"inLanguage\":\"de\",\"@id\":\"https:\\\/\\\/legendatours.com\\\/product\\\/lagoa-the-west-algarve-11003g\\\/#primaryimage\",\"url\":\"https:\\\/\\\/legendatours.com\\\/wp-content\\\/uploads\\\/sites\\\/12\\\/2021\\\/04\\\/algarve_way_group-e1611688135538.jpg\",\"contentUrl\":\"https:\\\/\\\/legendatours.com\\\/wp-content\\\/uploads\\\/sites\\\/12\\\/2021\\\/04\\\/algarve_way_group-e1611688135538.jpg\",\"width\":1024,\"height\":576,\"caption\":\"West Algarve\"},{\"@type\":\"BreadcrumbList\",\"@id\":\"https:\\\/\\\/legendatours.com\\\/product\\\/lagoa-the-west-algarve-11003g\\\/#breadcrumb\",\"itemListElement\":[{\"@type\":\"ListItem\",\"position\":1,\"name\":\"Home\",\"item\":\"https:\\\/\\\/legendatours.com\\\/\"},{\"@type\":\"ListItem\",\"position\":2,\"name\":\"Shop\",\"item\":\"https:\\\/\\\/legendatours.com\\\/sv\\\/?page_id=4\"},{\"@type\":\"ListItem\",\"position\":3,\"name\":\"Walking Holidays in Lagoa: The West Algarve\"}]},{\"@type\":\"WebSite\",\"@id\":\"https:\\\/\\\/legendatours.com\\\/#website\",\"url\":\"https:\\\/\\\/legendatours.com\\\/\",\"name\":\"Legendary Adventure DMC Portugal\",\"description\":\"Responsible Walking &amp; Nature Holidays in Portugal\",\"publisher\":{\"@id\":\"https:\\\/\\\/legendatours.com\\\/#organization\"},\"alternateName\":\"Legendary Adventure Portugal\",\"potentialAction\":[{\"@type\":\"SearchAction\",\"target\":{\"@type\":\"EntryPoint\",\"urlTemplate\":\"https:\\\/\\\/legendatours.com\\\/?s={search_term_string}\"},\"query-input\":{\"@type\":\"PropertyValueSpecification\",\"valueRequired\":true,\"valueName\":\"search_term_string\"}}],\"inLanguage\":\"de\"},{\"@type\":\"Organization\",\"@id\":\"https:\\\/\\\/legendatours.com\\\/#organization\",\"name\":\"legendatours.com\",\"url\":\"https:\\\/\\\/legendatours.com\\\/\",\"logo\":{\"@type\":\"ImageObject\",\"inLanguage\":\"de\",\"@id\":\"https:\\\/\\\/legendatours.com\\\/#\\\/schema\\\/logo\\\/image\\\/\",\"url\":\"https:\\\/\\\/legendatours.com\\\/wp-content\\\/uploads\\\/sites\\\/12\\\/2021\\\/06\\\/legendary_adventure_dmc.png\",\"contentUrl\":\"https:\\\/\\\/legendatours.com\\\/wp-content\\\/uploads\\\/sites\\\/12\\\/2021\\\/06\\\/legendary_adventure_dmc.png\",\"width\":250,\"height\":74,\"caption\":\"legendatours.com\"},\"image\":{\"@id\":\"https:\\\/\\\/legendatours.com\\\/#\\\/schema\\\/logo\\\/image\\\/\"},\"sameAs\":[\"https:\\\/\\\/www.facebook.com\\\/legendaryadventuredmc\\\/\",\"https:\\\/\\\/www.linkedin.com\\\/company\\\/legendary-adventure-dmc-portugal\",\"https:\\\/\\\/www.youtube.com\\\/channel\\\/UCOIRDx_KM6ynIcacQkZjb6g\"]}]}<\/script>\n<!-- \/ Yoast SEO Premium plugin. -->","yoast_head_json":{"title":"Wanderurlaub in Lagoa: Die Westalgarve - Legend\u00e4res Abenteuer DMC Portugal","robots":{"index":"index","follow":"follow","max-snippet":"max-snippet:-1","max-image-preview":"max-image-preview:large","max-video-preview":"max-video-preview:-1"},"canonical":"https:\/\/legendatours.com\/de\/produkt\/lagoa-the-west-algarve-11003g\/","og_locale":"de_DE","og_type":"article","og_title":"Walking Holidays in Lagoa: The West Algarve","og_description":"'Explore the West Algarve' is an 8 day guided walking tour, based in Lagoa.  We have selected a mix of walks through coastal, mountain, and inland scenery that will present us with different facets of this beautiful area and its diverse landscape.","og_url":"https:\/\/legendatours.com\/de\/produkt\/lagoa-the-west-algarve-11003g\/","og_site_name":"Legendary Adventure DMC Portugal","article_publisher":"https:\/\/www.facebook.com\/legendaryadventuredmc\/","article_modified_time":"2021-08-11T15:50:11+00:00","og_image":[{"width":1024,"height":576,"url":"https:\/\/legendatours.com\/wp-content\/uploads\/sites\/12\/2021\/04\/algarve_way_group-e1611688135538.jpg","type":"image\/jpeg"}],"twitter_card":"summary_large_image","twitter_misc":{"Gesch\u00e4tzte Lesezeit":"2\u00a0Minuten"},"schema":{"@context":"https:\/\/schema.org","@graph":[{"@type":"WebPage","@id":"https:\/\/legendatours.com\/product\/lagoa-the-west-algarve-11003g\/","url":"https:\/\/legendatours.com\/product\/lagoa-the-west-algarve-11003g\/","name":"Wanderurlaub in Lagoa: Die Westalgarve - Legend\u00e4res Abenteuer DMC Portugal","isPartOf":{"@id":"https:\/\/legendatours.com\/#website"},"primaryImageOfPage":{"@id":"https:\/\/legendatours.com\/product\/lagoa-the-west-algarve-11003g\/#primaryimage"},"image":{"@id":"https:\/\/legendatours.com\/product\/lagoa-the-west-algarve-11003g\/#primaryimage"},"thumbnailUrl":"https:\/\/legendatours.com\/wp-content\/uploads\/sites\/12\/2021\/04\/algarve_way_group-e1611688135538.jpg","datePublished":"2020-07-06T15:27:59+00:00","dateModified":"2021-08-11T15:50:11+00:00","breadcrumb":{"@id":"https:\/\/legendatours.com\/product\/lagoa-the-west-algarve-11003g\/#breadcrumb"},"inLanguage":"de","potentialAction":[{"@type":"ReadAction","target":["https:\/\/legendatours.com\/product\/lagoa-the-west-algarve-11003g\/"]}]},{"@type":"ImageObject","inLanguage":"de","@id":"https:\/\/legendatours.com\/product\/lagoa-the-west-algarve-11003g\/#primaryimage","url":"https:\/\/legendatours.com\/wp-content\/uploads\/sites\/12\/2021\/04\/algarve_way_group-e1611688135538.jpg","contentUrl":"https:\/\/legendatours.com\/wp-content\/uploads\/sites\/12\/2021\/04\/algarve_way_group-e1611688135538.jpg","width":1024,"height":576,"caption":"West Algarve"},{"@type":"BreadcrumbList","@id":"https:\/\/legendatours.com\/product\/lagoa-the-west-algarve-11003g\/#breadcrumb","itemListElement":[{"@type":"ListItem","position":1,"name":"Home","item":"https:\/\/legendatours.com\/"},{"@type":"ListItem","position":2,"name":"Shop","item":"https:\/\/legendatours.com\/sv\/?page_id=4"},{"@type":"ListItem","position":3,"name":"Walking Holidays in Lagoa: The West Algarve"}]},{"@type":"WebSite","@id":"https:\/\/legendatours.com\/#website","url":"https:\/\/legendatours.com\/","name":"Legend\u00e4res Abenteuer DMC Portugal","description":"Verantwortungsvolles Wandern und Natururlaub in Portugal","publisher":{"@id":"https:\/\/legendatours.com\/#organization"},"alternateName":"Legendary Adventure Portugal","potentialAction":[{"@type":"SearchAction","target":{"@type":"EntryPoint","urlTemplate":"https:\/\/legendatours.com\/?s={search_term_string}"},"query-input":{"@type":"PropertyValueSpecification","valueRequired":true,"valueName":"search_term_string"}}],"inLanguage":"de"},{"@type":"Organization","@id":"https:\/\/legendatours.com\/#organization","name":"legendatours.com","url":"https:\/\/legendatours.com\/","logo":{"@type":"ImageObject","inLanguage":"de","@id":"https:\/\/legendatours.com\/#\/schema\/logo\/image\/","url":"https:\/\/legendatours.com\/wp-content\/uploads\/sites\/12\/2021\/06\/legendary_adventure_dmc.png","contentUrl":"https:\/\/legendatours.com\/wp-content\/uploads\/sites\/12\/2021\/06\/legendary_adventure_dmc.png","width":250,"height":74,"caption":"legendatours.com"},"image":{"@id":"https:\/\/legendatours.com\/#\/schema\/logo\/image\/"},"sameAs":["https:\/\/www.facebook.com\/legendaryadventuredmc\/","https:\/\/www.linkedin.com\/company\/legendary-adventure-dmc-portugal","https:\/\/www.youtube.com\/channel\/UCOIRDx_KM6ynIcacQkZjb6g"]}]}},"_links":{"self":[{"href":"https:\/\/legendatours.com\/de\/wp-json\/wp\/v2\/product\/7845","targetHints":{"allow":["GET"]}}],"collection":[{"href":"https:\/\/legendatours.com\/de\/wp-json\/wp\/v2\/product"}],"about":[{"href":"https:\/\/legendatours.com\/de\/wp-json\/wp\/v2\/types\/product"}],"replies":[{"embeddable":true,"href":"https:\/\/legendatours.com\/de\/wp-json\/wp\/v2\/comments?post=7845"}],"wp:featuredmedia":[{"embeddable":true,"href":"https:\/\/legendatours.com\/de\/wp-json\/wp\/v2\/media\/7830"}],"wp:attachment":[{"href":"https:\/\/legendatours.com\/de\/wp-json\/wp\/v2\/media?parent=7845"}],"wp:term":[{"taxonomy":"product_brand","embeddable":true,"href":"https:\/\/legendatours.com\/de\/wp-json\/wp\/v2\/product_brand?post=7845"},{"taxonomy":"product_cat","embeddable":true,"href":"https:\/\/legendatours.com\/de\/wp-json\/wp\/v2\/product_cat?post=7845"},{"taxonomy":"product_tag","embeddable":true,"href":"https:\/\/legendatours.com\/de\/wp-json\/wp\/v2\/product_tag?post=7845"}],"curies":[{"name":"wp","href":"https:\/\/api.w.org\/{rel}","templated":true}]}}