{"id":7850,"date":"2020-07-06T14:40:01","date_gmt":"2020-07-06T14:40:01","guid":{"rendered":"https:\/\/legendatours.com\/product\/walking-in-portimao-lagos-enchanted-west-algarve\/"},"modified":"2023-08-22T14:57:54","modified_gmt":"2023-08-22T14:57:54","slug":"portimao-and-lagos-enchanted-west-algarve-11001g","status":"publish","type":"product","link":"https:\/\/legendatours.com\/de\/produkt\/portimao-and-lagos-enchanted-west-algarve-11001g\/","title":{"rendered":"Wandern in Portim\u00e3o &amp; Lagos: Verzauberte Westalgarve"},"content":{"rendered":"<p><strong>Gruppen ab 6 Personen akzeptiert.<\/strong><\/p>\n<p>&nbsp;<\/p>\n<p>Die Westalgarve ist ein kompletter Kontrast zur Ostalgarve, und unsere Wanderungen w\u00e4hrend dieser Tour bieten eine herrliche Mischung aus K\u00fcsten-, Berg- und Binnenlandschaft.<\/p>\n<p>Die abwechslungsreiche Geologie der Westalgarve bietet eine reiche Vielfalt an Landschaften von Granitbergen bis hin zu dramatischen Kalksteinsteilh\u00e4ngen und Meeresklippen. Diese Vielfalt wird durch die lokale Flora und Fauna erg\u00e4nzt, die in dem ausgeglichenen Klima milder, sonniger Winter und langer, hei\u00dfer Sommer gedeiht. All dies zusammen macht das Wandern hier faszinierend.<\/p>\n<div id=\"attachment_1855\" style=\"width: 1034px\" class=\"wp-caption alignnone\"><img loading=\"lazy\" decoding=\"async\" aria-describedby=\"caption-attachment-1855\" class=\"wp-image-1855 size-large\" title=\"Attraktive Stadt am Wasser von Lagos, die eine wichtige r\u00f6mische Siedlung war\" src=\"https:\/\/legendatours.net\/wp-content\/uploads\/2020\/03\/Lagos-waterfront-2-1024x686.jpg\" alt=\"Lagos waterfront attractive town that was an important Roman settlement\" width=\"1024\" height=\"686\" \/><p id=\"caption-attachment-1855\" class=\"wp-caption-text\">Attraktive Stadt am Wasser von Lagos, die eine wichtige r\u00f6mische Siedlung war<\/p><\/div>\n<p>Die Wanderungen dieser Tour f\u00fchren uns zu den richtigen Orten, damit wir das riesige, einladende Herz der Algarve entdecken k\u00f6nnen.<\/p>\n<p>Von den \u201eklassischen\u201c Abschnitten der Algarve-K\u00fcste genie\u00dfen wir die perfekten Sandstr\u00e4nde und zerkl\u00fcftete Landzungen mit Felsbl\u00f6cken und B\u00f6gen, einschlie\u00dflich der spektakul\u00e4ren Ponta da Piedade, etwas au\u00dferhalb von Lagos.<\/p>\n<p>Wir haben die M\u00f6glichkeit, Spazierg\u00e4nge im Landesinneren zu erkunden, die zu verborgenen Geheimnissen f\u00fchren, wie Silves, eine der \u00e4ltesten St\u00e4dte Portugals, die in einer Reihe von Terrassen zwischen dem Fluss und der Burg erbaut wurde.<\/p>\n<div id=\"attachment_1917\" style=\"width: 1034px\" class=\"wp-caption alignnone\"><img loading=\"lazy\" decoding=\"async\" aria-describedby=\"caption-attachment-1917\" class=\"wp-image-1917 size-large\" title=\"Ponta da Piedade, wo sich die ber\u00fchmten Meeresh\u00f6hlen befinden\" src=\"https:\/\/legendatours.net\/wp-content\/uploads\/2020\/03\/Views_cliffs_WestAlgarve_Walk-1024x701.jpg\" alt=\"Ponta da Piedade where the famous sea caves are to be found\" width=\"1024\" height=\"701\" \/><p id=\"caption-attachment-1917\" class=\"wp-caption-text\">Ponta da Piedade, wo sich die ber\u00fchmten Meeresh\u00f6hlen befinden<\/p><\/div>\n<p>Wir werden unsere Suche nach den verborgenen Sch\u00e4tzen der Westalgarve mit einem K\u00fcstenspaziergang fortsetzen, der im Ferienort Luz in Richtung Lagos beginnt, mit Zeit, um diese h\u00fcbsche historische Stadt zu besuchen. Auf dem R\u00fcckweg ins Landesinnere machen wir einen herrlichen Spaziergang durch einige typische D\u00f6rfer der Algarve, die es uns erm\u00f6glichen, die Algarve in ihrer l\u00e4ndlichsten Form zu sehen.<\/p>\n<p>Schlie\u00dflich fahren wir an den Rand Europas, in Sagres. Ein Spaziergang im Parque Natural da Costa Vicentina, dem s\u00fcdwestlichsten Punkt Europas, wo Sie die reiche Vogelwelt auf einer der wichtigsten Zugrouten Europas bewundern k\u00f6nnen. Diese begleitete Wanderung wird von einem professionellen lokalen Guide geleitet.<\/p>\n<p><iframe loading=\"lazy\" title=\"Algarve Visto do Ar - Concelho de Portim\u00e3o\" width=\"1080\" height=\"608\" src=\"https:\/\/www.youtube.com\/embed\/3oQNarcw8qo?feature=oembed\" frameborder=\"0\" allow=\"accelerometer; autoplay; clipboard-write; encrypted-media; gyroscope; picture-in-picture; web-share\" allowfullscreen><\/iframe><\/p>\n<p><iframe loading=\"lazy\" title=\"Algarve Visto do Ar - Concelho de Lagos\" width=\"1080\" height=\"608\" src=\"https:\/\/www.youtube.com\/embed\/ZY-lBUmDab4?feature=oembed\" frameborder=\"0\" allow=\"accelerometer; autoplay; clipboard-write; encrypted-media; gyroscope; picture-in-picture; web-share\" allowfullscreen><\/iframe><\/p>","protected":false},"excerpt":{"rendered":"<p>Die Westalgarve ist ein kompletter Kontrast zur Ostalgarve, und unsere Wanderungen w\u00e4hrend dieser Tour bieten eine herrliche Mischung aus K\u00fcsten-, Berg- und Binnenlandschaft.<\/p>","protected":false},"featured_media":7835,"comment_status":"closed","ping_status":"closed","template":"","meta":{"_acf_changed":false,"inline_featured_image":false},"product_brand":[],"product_cat":[32,28,29,30,31],"product_tag":[632,633,402,634,636,85,86,130,90,91,637,270,638,639,640,60,407,641,642,643,343,653,644,68,111,121,630,112,600,122,645,145],"class_list":{"0":"post-7850","1":"product","2":"type-product","3":"status-publish","4":"has-post-thumbnail","6":"product_cat-cultural-tours-and-holidays-in-portugal","7":"product_cat-guided-group-tours","8":"product_cat-portugal-guided-historical-holidays","9":"product_cat-guided-sightseeing-holidays-portugal","10":"product_cat-guided-walking-holidays-in-portugal","11":"product_tag-algarve-way","12":"product_tag-alvor","13":"product_tag-amazing-walking","14":"product_tag-cabo-de-s-vicente","15":"product_tag-costa-vicentina","16":"product_tag-dramatic-cliffs","17":"product_tag-fabulous-walks-along-the-coast","18":"product_tag-gastronomy","19":"product_tag-guided-walking-holidays","20":"product_tag-guided-walking-tours","21":"product_tag-impressive-cliffs","22":"product_tag-lagos","23":"product_tag-monchique","24":"product_tag-ponta-da-piedade","25":"product_tag-portimao","26":"product_tag-portugal","27":"product_tag-portugal-perfect-walking-holiday","28":"product_tag-praia-da-rocha","29":"product_tag-sagres","30":"product_tag-seven-hanging-valleys-trail","31":"product_tag-silves","32":"product_tag-slave-market-lagos","33":"product_tag-spectacular-cliffs","34":"product_tag-tours-in-portugal","35":"product_tag-vicentina-route","36":"product_tag-walking","37":"product_tag-walking-and-exploring","38":"product_tag-walking-holidays","39":"product_tag-walking-route","40":"product_tag-walking-tours","41":"product_tag-west-algarve","42":"product_tag-wines","44":"first","45":"instock","46":"virtual","47":"product-type-simple"},"acf":[],"yoast_head":"<!-- This site is optimized with the Yoast SEO Premium plugin v26.8 (Yoast SEO v27.3) - https:\/\/yoast.com\/product\/yoast-seo-premium-wordpress\/ -->\n<title>Walking in Portim\u00e3o &amp; Lagos: Enchanted West Algarve<\/title>\n<meta name=\"description\" content=\"The western Algarve is a complete contrast to the eastern Algarve, and our walks throughout this tour offer a glorious mix of coastal, mountain, and inland scenery.\" \/>\n<meta name=\"robots\" content=\"index, follow, max-snippet:-1, max-image-preview:large, max-video-preview:-1\" \/>\n<link rel=\"canonical\" href=\"https:\/\/legendatours.com\/de\/produkt\/portimao-and-lagos-enchanted-west-algarve-11001g\/\" \/>\n<meta property=\"og:locale\" content=\"de_DE\" \/>\n<meta property=\"og:type\" content=\"article\" \/>\n<meta property=\"og:title\" content=\"Walking in Portim\u00e3o &amp; Lagos: Enchanted West Algarve\" \/>\n<meta property=\"og:description\" content=\"The western Algarve is a complete contrast to the eastern Algarve, and our walks throughout this tour offer a glorious mix of coastal, mountain, and inland scenery.\" \/>\n<meta property=\"og:url\" content=\"https:\/\/legendatours.com\/de\/produkt\/portimao-and-lagos-enchanted-west-algarve-11001g\/\" \/>\n<meta property=\"og:site_name\" content=\"Legendary Adventure DMC Portugal\" \/>\n<meta property=\"article:publisher\" content=\"https:\/\/www.facebook.com\/legendaryadventuredmc\/\" \/>\n<meta property=\"article:modified_time\" content=\"2023-08-22T14:57:54+00:00\" \/>\n<meta property=\"og:image\" content=\"https:\/\/legendatours.com\/wp-content\/uploads\/sites\/12\/2021\/04\/seven_hanging_valleys-e1611688106777.jpg\" \/>\n\t<meta property=\"og:image:width\" content=\"1024\" \/>\n\t<meta property=\"og:image:height\" content=\"765\" \/>\n\t<meta property=\"og:image:type\" content=\"image\/jpeg\" \/>\n<meta name=\"twitter:card\" content=\"summary_large_image\" \/>\n<meta name=\"twitter:label1\" content=\"Gesch\u00e4tzte Lesezeit\" \/>\n\t<meta name=\"twitter:data1\" content=\"2\u00a0Minuten\" \/>\n<script type=\"application\/ld+json\" class=\"yoast-schema-graph\">{\"@context\":\"https:\\\/\\\/schema.org\",\"@graph\":[{\"@type\":\"WebPage\",\"@id\":\"https:\\\/\\\/legendatours.com\\\/product\\\/portimao-and-lagos-enchanted-west-algarve-11001g\\\/\",\"url\":\"https:\\\/\\\/legendatours.com\\\/product\\\/portimao-and-lagos-enchanted-west-algarve-11001g\\\/\",\"name\":\"Walking in Portim\u00e3o &amp; Lagos: Enchanted West Algarve\",\"isPartOf\":{\"@id\":\"https:\\\/\\\/legendatours.com\\\/#website\"},\"primaryImageOfPage\":{\"@id\":\"https:\\\/\\\/legendatours.com\\\/product\\\/portimao-and-lagos-enchanted-west-algarve-11001g\\\/#primaryimage\"},\"image\":{\"@id\":\"https:\\\/\\\/legendatours.com\\\/product\\\/portimao-and-lagos-enchanted-west-algarve-11001g\\\/#primaryimage\"},\"thumbnailUrl\":\"https:\\\/\\\/legendatours.com\\\/wp-content\\\/uploads\\\/sites\\\/12\\\/2021\\\/04\\\/seven_hanging_valleys-e1611688106777.jpg\",\"datePublished\":\"2020-07-06T14:40:01+00:00\",\"dateModified\":\"2023-08-22T14:57:54+00:00\",\"description\":\"The western Algarve is a complete contrast to the eastern Algarve, and our walks throughout this tour offer a glorious mix of coastal, mountain, and inland scenery.\",\"breadcrumb\":{\"@id\":\"https:\\\/\\\/legendatours.com\\\/product\\\/portimao-and-lagos-enchanted-west-algarve-11001g\\\/#breadcrumb\"},\"inLanguage\":\"de\",\"potentialAction\":[{\"@type\":\"ReadAction\",\"target\":[\"https:\\\/\\\/legendatours.com\\\/product\\\/portimao-and-lagos-enchanted-west-algarve-11001g\\\/\"]}]},{\"@type\":\"ImageObject\",\"inLanguage\":\"de\",\"@id\":\"https:\\\/\\\/legendatours.com\\\/product\\\/portimao-and-lagos-enchanted-west-algarve-11001g\\\/#primaryimage\",\"url\":\"https:\\\/\\\/legendatours.com\\\/wp-content\\\/uploads\\\/sites\\\/12\\\/2021\\\/04\\\/seven_hanging_valleys-e1611688106777.jpg\",\"contentUrl\":\"https:\\\/\\\/legendatours.com\\\/wp-content\\\/uploads\\\/sites\\\/12\\\/2021\\\/04\\\/seven_hanging_valleys-e1611688106777.jpg\",\"width\":1024,\"height\":765,\"caption\":\"Seven Hanging Valleys Walk\"},{\"@type\":\"BreadcrumbList\",\"@id\":\"https:\\\/\\\/legendatours.com\\\/product\\\/portimao-and-lagos-enchanted-west-algarve-11001g\\\/#breadcrumb\",\"itemListElement\":[{\"@type\":\"ListItem\",\"position\":1,\"name\":\"Home\",\"item\":\"https:\\\/\\\/legendatours.com\\\/\"},{\"@type\":\"ListItem\",\"position\":2,\"name\":\"Shop\",\"item\":\"https:\\\/\\\/legendatours.com\\\/sv\\\/?page_id=4\"},{\"@type\":\"ListItem\",\"position\":3,\"name\":\"Walking in Portim\u00e3o &amp; Lagos: Enchanted West Algarve\"}]},{\"@type\":\"WebSite\",\"@id\":\"https:\\\/\\\/legendatours.com\\\/#website\",\"url\":\"https:\\\/\\\/legendatours.com\\\/\",\"name\":\"Legendary Adventure DMC Portugal\",\"description\":\"Responsible Walking &amp; Nature Holidays in Portugal\",\"publisher\":{\"@id\":\"https:\\\/\\\/legendatours.com\\\/#organization\"},\"alternateName\":\"Legendary Adventure Portugal\",\"potentialAction\":[{\"@type\":\"SearchAction\",\"target\":{\"@type\":\"EntryPoint\",\"urlTemplate\":\"https:\\\/\\\/legendatours.com\\\/?s={search_term_string}\"},\"query-input\":{\"@type\":\"PropertyValueSpecification\",\"valueRequired\":true,\"valueName\":\"search_term_string\"}}],\"inLanguage\":\"de\"},{\"@type\":\"Organization\",\"@id\":\"https:\\\/\\\/legendatours.com\\\/#organization\",\"name\":\"legendatours.com\",\"url\":\"https:\\\/\\\/legendatours.com\\\/\",\"logo\":{\"@type\":\"ImageObject\",\"inLanguage\":\"de\",\"@id\":\"https:\\\/\\\/legendatours.com\\\/#\\\/schema\\\/logo\\\/image\\\/\",\"url\":\"https:\\\/\\\/legendatours.com\\\/wp-content\\\/uploads\\\/sites\\\/12\\\/2021\\\/06\\\/legendary_adventure_dmc.png\",\"contentUrl\":\"https:\\\/\\\/legendatours.com\\\/wp-content\\\/uploads\\\/sites\\\/12\\\/2021\\\/06\\\/legendary_adventure_dmc.png\",\"width\":250,\"height\":74,\"caption\":\"legendatours.com\"},\"image\":{\"@id\":\"https:\\\/\\\/legendatours.com\\\/#\\\/schema\\\/logo\\\/image\\\/\"},\"sameAs\":[\"https:\\\/\\\/www.facebook.com\\\/legendaryadventuredmc\\\/\",\"https:\\\/\\\/www.linkedin.com\\\/company\\\/legendary-adventure-dmc-portugal\",\"https:\\\/\\\/www.youtube.com\\\/channel\\\/UCOIRDx_KM6ynIcacQkZjb6g\"]}]}<\/script>\n<!-- \/ Yoast SEO Premium plugin. -->","yoast_head_json":{"title":"Wandern in Portim\u00e3o &amp; Lagos: Verzauberte Westalgarve","description":"Die Westalgarve ist ein kompletter Kontrast zur Ostalgarve, und unsere Wanderungen w\u00e4hrend dieser Tour bieten eine herrliche Mischung aus K\u00fcsten-, Berg- und Binnenlandschaft.","robots":{"index":"index","follow":"follow","max-snippet":"max-snippet:-1","max-image-preview":"max-image-preview:large","max-video-preview":"max-video-preview:-1"},"canonical":"https:\/\/legendatours.com\/de\/produkt\/portimao-and-lagos-enchanted-west-algarve-11001g\/","og_locale":"de_DE","og_type":"article","og_title":"Walking in Portim\u00e3o &amp; Lagos: Enchanted West Algarve","og_description":"The western Algarve is a complete contrast to the eastern Algarve, and our walks throughout this tour offer a glorious mix of coastal, mountain, and inland scenery.","og_url":"https:\/\/legendatours.com\/de\/produkt\/portimao-and-lagos-enchanted-west-algarve-11001g\/","og_site_name":"Legendary Adventure DMC Portugal","article_publisher":"https:\/\/www.facebook.com\/legendaryadventuredmc\/","article_modified_time":"2023-08-22T14:57:54+00:00","og_image":[{"width":1024,"height":765,"url":"https:\/\/legendatours.com\/wp-content\/uploads\/sites\/12\/2021\/04\/seven_hanging_valleys-e1611688106777.jpg","type":"image\/jpeg"}],"twitter_card":"summary_large_image","twitter_misc":{"Gesch\u00e4tzte Lesezeit":"2\u00a0Minuten"},"schema":{"@context":"https:\/\/schema.org","@graph":[{"@type":"WebPage","@id":"https:\/\/legendatours.com\/product\/portimao-and-lagos-enchanted-west-algarve-11001g\/","url":"https:\/\/legendatours.com\/product\/portimao-and-lagos-enchanted-west-algarve-11001g\/","name":"Wandern in Portim\u00e3o &amp; Lagos: Verzauberte Westalgarve","isPartOf":{"@id":"https:\/\/legendatours.com\/#website"},"primaryImageOfPage":{"@id":"https:\/\/legendatours.com\/product\/portimao-and-lagos-enchanted-west-algarve-11001g\/#primaryimage"},"image":{"@id":"https:\/\/legendatours.com\/product\/portimao-and-lagos-enchanted-west-algarve-11001g\/#primaryimage"},"thumbnailUrl":"https:\/\/legendatours.com\/wp-content\/uploads\/sites\/12\/2021\/04\/seven_hanging_valleys-e1611688106777.jpg","datePublished":"2020-07-06T14:40:01+00:00","dateModified":"2023-08-22T14:57:54+00:00","description":"Die Westalgarve ist ein kompletter Kontrast zur Ostalgarve, und unsere Wanderungen w\u00e4hrend dieser Tour bieten eine herrliche Mischung aus K\u00fcsten-, Berg- und Binnenlandschaft.","breadcrumb":{"@id":"https:\/\/legendatours.com\/product\/portimao-and-lagos-enchanted-west-algarve-11001g\/#breadcrumb"},"inLanguage":"de","potentialAction":[{"@type":"ReadAction","target":["https:\/\/legendatours.com\/product\/portimao-and-lagos-enchanted-west-algarve-11001g\/"]}]},{"@type":"ImageObject","inLanguage":"de","@id":"https:\/\/legendatours.com\/product\/portimao-and-lagos-enchanted-west-algarve-11001g\/#primaryimage","url":"https:\/\/legendatours.com\/wp-content\/uploads\/sites\/12\/2021\/04\/seven_hanging_valleys-e1611688106777.jpg","contentUrl":"https:\/\/legendatours.com\/wp-content\/uploads\/sites\/12\/2021\/04\/seven_hanging_valleys-e1611688106777.jpg","width":1024,"height":765,"caption":"Seven Hanging Valleys Walk"},{"@type":"BreadcrumbList","@id":"https:\/\/legendatours.com\/product\/portimao-and-lagos-enchanted-west-algarve-11001g\/#breadcrumb","itemListElement":[{"@type":"ListItem","position":1,"name":"Home","item":"https:\/\/legendatours.com\/"},{"@type":"ListItem","position":2,"name":"Shop","item":"https:\/\/legendatours.com\/sv\/?page_id=4"},{"@type":"ListItem","position":3,"name":"Walking in Portim\u00e3o &amp; Lagos: Enchanted West Algarve"}]},{"@type":"WebSite","@id":"https:\/\/legendatours.com\/#website","url":"https:\/\/legendatours.com\/","name":"Legend\u00e4res Abenteuer DMC Portugal","description":"Verantwortungsvolles Wandern und Natururlaub in Portugal","publisher":{"@id":"https:\/\/legendatours.com\/#organization"},"alternateName":"Legendary Adventure Portugal","potentialAction":[{"@type":"SearchAction","target":{"@type":"EntryPoint","urlTemplate":"https:\/\/legendatours.com\/?s={search_term_string}"},"query-input":{"@type":"PropertyValueSpecification","valueRequired":true,"valueName":"search_term_string"}}],"inLanguage":"de"},{"@type":"Organization","@id":"https:\/\/legendatours.com\/#organization","name":"legendatours.com","url":"https:\/\/legendatours.com\/","logo":{"@type":"ImageObject","inLanguage":"de","@id":"https:\/\/legendatours.com\/#\/schema\/logo\/image\/","url":"https:\/\/legendatours.com\/wp-content\/uploads\/sites\/12\/2021\/06\/legendary_adventure_dmc.png","contentUrl":"https:\/\/legendatours.com\/wp-content\/uploads\/sites\/12\/2021\/06\/legendary_adventure_dmc.png","width":250,"height":74,"caption":"legendatours.com"},"image":{"@id":"https:\/\/legendatours.com\/#\/schema\/logo\/image\/"},"sameAs":["https:\/\/www.facebook.com\/legendaryadventuredmc\/","https:\/\/www.linkedin.com\/company\/legendary-adventure-dmc-portugal","https:\/\/www.youtube.com\/channel\/UCOIRDx_KM6ynIcacQkZjb6g"]}]}},"_links":{"self":[{"href":"https:\/\/legendatours.com\/de\/wp-json\/wp\/v2\/product\/7850","targetHints":{"allow":["GET"]}}],"collection":[{"href":"https:\/\/legendatours.com\/de\/wp-json\/wp\/v2\/product"}],"about":[{"href":"https:\/\/legendatours.com\/de\/wp-json\/wp\/v2\/types\/product"}],"replies":[{"embeddable":true,"href":"https:\/\/legendatours.com\/de\/wp-json\/wp\/v2\/comments?post=7850"}],"wp:featuredmedia":[{"embeddable":true,"href":"https:\/\/legendatours.com\/de\/wp-json\/wp\/v2\/media\/7835"}],"wp:attachment":[{"href":"https:\/\/legendatours.com\/de\/wp-json\/wp\/v2\/media?parent=7850"}],"wp:term":[{"taxonomy":"product_brand","embeddable":true,"href":"https:\/\/legendatours.com\/de\/wp-json\/wp\/v2\/product_brand?post=7850"},{"taxonomy":"product_cat","embeddable":true,"href":"https:\/\/legendatours.com\/de\/wp-json\/wp\/v2\/product_cat?post=7850"},{"taxonomy":"product_tag","embeddable":true,"href":"https:\/\/legendatours.com\/de\/wp-json\/wp\/v2\/product_tag?post=7850"}],"curies":[{"name":"wp","href":"https:\/\/api.w.org\/{rel}","templated":true}]}}