{"id":7855,"date":"2020-07-06T11:02:59","date_gmt":"2020-07-06T11:02:59","guid":{"rendered":"https:\/\/legendatours.com\/product\/santiagos-way-walking-in-the-atlantic-coast-from-portugal\/"},"modified":"2021-08-11T15:58:32","modified_gmt":"2021-08-11T15:58:32","slug":"santiagos-way-in-the-atlantic-coast-1900g","status":"publish","type":"product","link":"https:\/\/legendatours.com\/de\/produkt\/santiagos-way-in-the-atlantic-coast-1900g\/","title":{"rendered":"Santiago&#039;s Way Wandern an der Atlantikk\u00fcste von Portugal aus"},"content":{"rendered":"<p><strong>Gruppen ab 6 Personen akzeptiert.<\/strong><\/p>\n<p>&nbsp;<\/p>\n<p>Es gibt eine Reihe von Routen nach Santiago de Compostela, denen Pilger seit Jahrhunderten folgen. Einige sind weniger ber\u00fchmt als andere und der Portugiesische Atlantikweg, obwohl er nicht der bekannteste ist, ist bekannt f\u00fcr seine Sch\u00f6nheit und Ruhe und wird immer beliebter.<\/p>\n<p>Der portugiesische K\u00fcstenweg oder Caminho da Costa ist eine atemberaubende, leichte bis mittelschwere Alternativroute nach Santiago de Compostela.<\/p>\n<div id=\"attachment_2764\" style=\"width: 1034px\" class=\"wp-caption alignnone\"><img loading=\"lazy\" decoding=\"async\" aria-describedby=\"caption-attachment-2764\" class=\"wp-image-2764 size-large\" title=\"Santiago_Compostela - die Legende von St. James und der Wert der \u201eWallfahrt\u201c\" src=\"https:\/\/legendatours.net\/wp-content\/uploads\/2020\/07\/Santiago_Compostela-1024x683.jpg\" alt=\"Santiago_Compostela - the legend of St. James and the value of the \u201cpilgrimage\u201d\" width=\"1024\" height=\"683\" \/><p id=\"caption-attachment-2764\" class=\"wp-caption-text\">Santiago_Compostela \u2013 die Legende des Heiligen Jakob und der Wert der \u201eWallfahrt\u201c<\/p><\/div>\n<p>Einige der St\u00e4dte und D\u00f6rfer beherbergen pr\u00e4chtige barocke und romanische Kirchen, die zusammen mit den Denkm\u00e4lern und Kreuzen entlang des Weges dazu beitragen, die Geschichte dieser weniger ausgetretenen Route zu erz\u00e4hlen, w\u00e4hrend sie uns gleichzeitig auf unser Endziel Santiago vorbereiten de Compostela \u2013 wo wir bei der Ankunft verstehen werden, warum so viele diesen Routen in den vielen Jahrhunderten vor uns gefolgt sind.<\/p>\n<p>Der Legende nach reiste der heilige Jakobus nach Spanien, um die Gute Nachricht zu verbreiten, und kehrte dann nach Jerusalem zur\u00fcck, wo er den M\u00e4rtyrertod erlitt. Seine Anh\u00e4nger trugen dann seinen Leichnam an die K\u00fcste, wo auf wundersame Weise ein Schiff darauf wartete, die \u00dcberreste nach Nordwestspanien zu bringen. Die genaue Lage des Grabes ging in der Geschichte verloren. Hunderte von Jahren sp\u00e4ter konnte ein spanischer Einsiedler durch eine Vision den Weg zu dem Grab aus der R\u00f6merzeit weisen, und an dieser Stelle wurde eine Kirche gebaut. Die Stadt selbst wuchs um die Kirche herum.<\/p>\n<div id=\"attachment_2767\" style=\"width: 1034px\" class=\"wp-caption alignnone\"><img loading=\"lazy\" decoding=\"async\" aria-describedby=\"caption-attachment-2767\" class=\"wp-image-2767 size-large\" title=\"Karte Jakobsweg an der K\u00fcste\" src=\"https:\/\/legendatours.net\/wp-content\/uploads\/2020\/07\/caminho_costa-1024x574.jpg\" alt=\"Map Coastal Santiago's Way\" width=\"1024\" height=\"574\" \/><p id=\"caption-attachment-2767\" class=\"wp-caption-text\">Karte Jakobsweg an der K\u00fcste<\/p><\/div>\n<p>Unsere Wanderung beginnt in der farbenfrohen Stadt Porto in Portugal und f\u00fchrt uns zu bezaubernden K\u00fcstenst\u00e4dten und -d\u00f6rfern in Nordportugal und Galizien. Die Route f\u00fchrt durch Viana do Castelo, Caminha, Baiona, Pontevedra, Caldas Dos Reis und Padron und endet am Obradoiro-Platz und der kolossalen Barockkathedrale, in der die \u00dcberreste des Apostels Santiago liegen.<\/p>\n<p>Der Portugiesische Atlantikweg ist ungef\u00e4hr 241 km lang. Wir werden die besten Abschnitte f\u00fcr Ihren Genuss herauspicken.<\/p>\n<p>Einige Leute nutzen diese Woche als Einf\u00fchrung in den Caminho. Wenn Sie von Ihrem Urlaub inspiriert sind und zu einem sp\u00e4teren Zeitpunkt wiederkommen m\u00f6chten, um die gesamte Pilgerreise zu unternehmen, werden diese Wanderungen eine Freude sein, diese Wanderungen zu wiederholen.<\/p>\n<p>Bei den meisten Wanderungen ist eine Abmeldung f\u00fcr diejenigen m\u00f6glich, die nicht die gesamte Strecke zur\u00fccklegen m\u00f6chten oder lieber mehr Zeit mit Besichtigungen verbringen m\u00f6chten.<\/p>\n<div class=\"row\" style=\"display: flex;\">\n<div class=\"column\" style=\"flex: 45%;\">\n<p><iframe loading=\"lazy\" title=\"Caminhos de Santiago - Caminho Portugu\u00eas da Costa\" width=\"1080\" height=\"608\" src=\"https:\/\/www.youtube.com\/embed\/2xszS0FYP00?feature=oembed\" frameborder=\"0\" allow=\"accelerometer; autoplay; clipboard-write; encrypted-media; gyroscope; picture-in-picture\" allowfullscreen><\/iframe><\/p>\n<\/div>\n<div class=\"column\" style=\"flex: 10%;\"><\/div>\n<div class=\"column\" style=\"flex: 45%;\">\n<p><iframe loading=\"lazy\" title=\"Caminhos de Santiago - Caminho Portugu\u00eas da Costa\" width=\"1080\" height=\"608\" src=\"https:\/\/www.youtube.com\/embed\/2xszS0FYP00?feature=oembed\" frameborder=\"0\" allow=\"accelerometer; autoplay; clipboard-write; encrypted-media; gyroscope; picture-in-picture\" allowfullscreen><\/iframe><\/p>\n<\/div>\n<\/div>","protected":false},"excerpt":{"rendered":"<p>Es gibt eine Reihe von Routen nach Santiago de Compostela, denen Pilger seit Jahrhunderten folgen. Einige sind weniger ber\u00fchmt als andere und der Portugiesische Atlantikweg, obwohl er nicht der bekannteste ist, ist bekannt f\u00fcr seine Sch\u00f6nheit und Ruhe und wird immer beliebter.<\/p>\n<p>Der Portugiesische Atlantikweg ist ungef\u00e4hr 241 km lang, aber wir haben die besten Abschnitte f\u00fcr Ihren Genuss herausgesucht!<\/p>","protected":false},"featured_media":7851,"comment_status":"closed","ping_status":"closed","template":"","meta":{"_acf_changed":false,"inline_featured_image":false},"product_brand":[],"product_cat":[32,28,29,30,31],"product_tag":[333,548,506,654,608,603,46,47,48,156,157,158,159,52,195,246,617,56,165,655,57,364,620,656,208,657,230,610,658,359],"class_list":{"0":"post-7855","1":"product","2":"type-product","3":"status-publish","4":"has-post-thumbnail","6":"product_cat-cultural-tours-and-holidays-in-portugal","7":"product_cat-guided-group-tours","8":"product_cat-portugal-guided-historical-holidays","9":"product_cat-guided-sightseeing-holidays-portugal","10":"product_cat-guided-walking-holidays-in-portugal","11":"product_tag-ancient-churches","12":"product_tag-architectonic-heritage","13":"product_tag-atlantic-ocean","14":"product_tag-caminho-da-costa","15":"product_tag-cherry-picked-walks","16":"product_tag-fantastic-itinerary-of-walks","17":"product_tag-gastronomy-and-wines","18":"product_tag-guided-holidays","19":"product_tag-guided-tours","20":"product_tag-hiking","21":"product_tag-hiking-holidays","22":"product_tag-hiking-routes","23":"product_tag-hiking-trails","24":"product_tag-historic-town","25":"product_tag-history-and-heritage","26":"product_tag-northern-portugal","27":"product_tag-northern-portugal-and-galicia","28":"product_tag-oporto","29":"product_tag-perfect-for-hiking","30":"product_tag-pilgrimage","31":"product_tag-porto","32":"product_tag-queen-isabel-of-portugal","33":"product_tag-santiago-de-compostela","34":"product_tag-the-way-of-st-james","35":"product_tag-traditional-villages","36":"product_tag-trekking","37":"product_tag-viana-do-castelo","38":"product_tag-walking-experiences","39":"product_tag-walking-program","40":"product_tag-walks-porto","42":"first","43":"instock","44":"virtual","45":"product-type-simple"},"acf":[],"yoast_head":"<!-- This site is optimized with the Yoast SEO Premium plugin v26.8 (Yoast SEO v27.4) - https:\/\/yoast.com\/product\/yoast-seo-premium-wordpress\/ -->\n<title>Santiago&#039;s Way Walking in the Atlantic Coast from Portugal - Legendary Adventure DMC Portugal<\/title>\n<meta name=\"robots\" content=\"index, follow, max-snippet:-1, max-image-preview:large, max-video-preview:-1\" \/>\n<link rel=\"canonical\" href=\"https:\/\/legendatours.com\/de\/produkt\/santiagos-way-in-the-atlantic-coast-1900g\/\" \/>\n<meta property=\"og:locale\" content=\"de_DE\" \/>\n<meta property=\"og:type\" content=\"article\" \/>\n<meta property=\"og:title\" content=\"Santiago&#039;s Way Walking in the Atlantic Coast from Portugal\" \/>\n<meta property=\"og:description\" content=\"There are a number of routes to Santiago de Compostela that pilgrims have followed for centuries. Some are less famous than others and the Portuguese Atlantic Way, while not the best known, is renowned for its beauty and tranquillity and becoming increasingly popular.  The Portuguese Atlantic Way is approximately 241km but we cherry-picked the best sections for your enjoyment!\" \/>\n<meta property=\"og:url\" content=\"https:\/\/legendatours.com\/de\/produkt\/santiagos-way-in-the-atlantic-coast-1900g\/\" \/>\n<meta property=\"og:site_name\" content=\"Legendary Adventure DMC Portugal\" \/>\n<meta property=\"article:publisher\" content=\"https:\/\/www.facebook.com\/legendaryadventuredmc\/\" \/>\n<meta property=\"article:modified_time\" content=\"2021-08-11T15:58:32+00:00\" \/>\n<meta property=\"og:image\" content=\"https:\/\/legendatours.com\/wp-content\/uploads\/sites\/12\/2021\/04\/santiago_costal_way-e1611683335957.jpg\" \/>\n\t<meta property=\"og:image:width\" content=\"1024\" \/>\n\t<meta property=\"og:image:height\" content=\"683\" \/>\n\t<meta property=\"og:image:type\" content=\"image\/jpeg\" \/>\n<meta name=\"twitter:card\" content=\"summary_large_image\" \/>\n<meta name=\"twitter:label1\" content=\"Gesch\u00e4tzte Lesezeit\" \/>\n\t<meta name=\"twitter:data1\" content=\"2\u00a0Minuten\" \/>\n<script type=\"application\/ld+json\" class=\"yoast-schema-graph\">{\"@context\":\"https:\\\/\\\/schema.org\",\"@graph\":[{\"@type\":\"WebPage\",\"@id\":\"https:\\\/\\\/legendatours.com\\\/product\\\/santiagos-way-in-the-atlantic-coast-1900g\\\/\",\"url\":\"https:\\\/\\\/legendatours.com\\\/product\\\/santiagos-way-in-the-atlantic-coast-1900g\\\/\",\"name\":\"Santiago's Way Walking in the Atlantic Coast from Portugal - Legendary Adventure DMC Portugal\",\"isPartOf\":{\"@id\":\"https:\\\/\\\/legendatours.com\\\/#website\"},\"primaryImageOfPage\":{\"@id\":\"https:\\\/\\\/legendatours.com\\\/product\\\/santiagos-way-in-the-atlantic-coast-1900g\\\/#primaryimage\"},\"image\":{\"@id\":\"https:\\\/\\\/legendatours.com\\\/product\\\/santiagos-way-in-the-atlantic-coast-1900g\\\/#primaryimage\"},\"thumbnailUrl\":\"https:\\\/\\\/legendatours.com\\\/wp-content\\\/uploads\\\/sites\\\/12\\\/2021\\\/04\\\/santiago_costal_way-e1611683335957.jpg\",\"datePublished\":\"2020-07-06T11:02:59+00:00\",\"dateModified\":\"2021-08-11T15:58:32+00:00\",\"breadcrumb\":{\"@id\":\"https:\\\/\\\/legendatours.com\\\/product\\\/santiagos-way-in-the-atlantic-coast-1900g\\\/#breadcrumb\"},\"inLanguage\":\"de\",\"potentialAction\":[{\"@type\":\"ReadAction\",\"target\":[\"https:\\\/\\\/legendatours.com\\\/product\\\/santiagos-way-in-the-atlantic-coast-1900g\\\/\"]}]},{\"@type\":\"ImageObject\",\"inLanguage\":\"de\",\"@id\":\"https:\\\/\\\/legendatours.com\\\/product\\\/santiagos-way-in-the-atlantic-coast-1900g\\\/#primaryimage\",\"url\":\"https:\\\/\\\/legendatours.com\\\/wp-content\\\/uploads\\\/sites\\\/12\\\/2021\\\/04\\\/santiago_costal_way-e1611683335957.jpg\",\"contentUrl\":\"https:\\\/\\\/legendatours.com\\\/wp-content\\\/uploads\\\/sites\\\/12\\\/2021\\\/04\\\/santiago_costal_way-e1611683335957.jpg\",\"width\":1024,\"height\":683,\"caption\":\"Coastal Santiago Way\"},{\"@type\":\"BreadcrumbList\",\"@id\":\"https:\\\/\\\/legendatours.com\\\/product\\\/santiagos-way-in-the-atlantic-coast-1900g\\\/#breadcrumb\",\"itemListElement\":[{\"@type\":\"ListItem\",\"position\":1,\"name\":\"Home\",\"item\":\"https:\\\/\\\/legendatours.com\\\/\"},{\"@type\":\"ListItem\",\"position\":2,\"name\":\"Shop\",\"item\":\"https:\\\/\\\/legendatours.com\\\/sv\\\/?page_id=4\"},{\"@type\":\"ListItem\",\"position\":3,\"name\":\"Santiago&#8217;s Way Walking in the Atlantic Coast from Portugal\"}]},{\"@type\":\"WebSite\",\"@id\":\"https:\\\/\\\/legendatours.com\\\/#website\",\"url\":\"https:\\\/\\\/legendatours.com\\\/\",\"name\":\"Legendary Adventure DMC Portugal\",\"description\":\"Responsible Walking &amp; Nature Holidays in Portugal\",\"publisher\":{\"@id\":\"https:\\\/\\\/legendatours.com\\\/#organization\"},\"alternateName\":\"Legendary Adventure Portugal\",\"potentialAction\":[{\"@type\":\"SearchAction\",\"target\":{\"@type\":\"EntryPoint\",\"urlTemplate\":\"https:\\\/\\\/legendatours.com\\\/?s={search_term_string}\"},\"query-input\":{\"@type\":\"PropertyValueSpecification\",\"valueRequired\":true,\"valueName\":\"search_term_string\"}}],\"inLanguage\":\"de\"},{\"@type\":\"Organization\",\"@id\":\"https:\\\/\\\/legendatours.com\\\/#organization\",\"name\":\"legendatours.com\",\"url\":\"https:\\\/\\\/legendatours.com\\\/\",\"logo\":{\"@type\":\"ImageObject\",\"inLanguage\":\"de\",\"@id\":\"https:\\\/\\\/legendatours.com\\\/#\\\/schema\\\/logo\\\/image\\\/\",\"url\":\"https:\\\/\\\/legendatours.com\\\/wp-content\\\/uploads\\\/sites\\\/12\\\/2021\\\/06\\\/legendary_adventure_dmc.png\",\"contentUrl\":\"https:\\\/\\\/legendatours.com\\\/wp-content\\\/uploads\\\/sites\\\/12\\\/2021\\\/06\\\/legendary_adventure_dmc.png\",\"width\":250,\"height\":74,\"caption\":\"legendatours.com\"},\"image\":{\"@id\":\"https:\\\/\\\/legendatours.com\\\/#\\\/schema\\\/logo\\\/image\\\/\"},\"sameAs\":[\"https:\\\/\\\/www.facebook.com\\\/legendaryadventuredmc\\\/\",\"https:\\\/\\\/www.linkedin.com\\\/company\\\/legendary-adventure-dmc-portugal\",\"https:\\\/\\\/www.youtube.com\\\/channel\\\/UCOIRDx_KM6ynIcacQkZjb6g\"]}]}<\/script>\n<!-- \/ Yoast SEO Premium plugin. -->","yoast_head_json":{"title":"Santiago&#039;s Way Wandern an der Atlantikk\u00fcste von Portugal - Legend\u00e4res Abenteuer DMC Portugal","robots":{"index":"index","follow":"follow","max-snippet":"max-snippet:-1","max-image-preview":"max-image-preview:large","max-video-preview":"max-video-preview:-1"},"canonical":"https:\/\/legendatours.com\/de\/produkt\/santiagos-way-in-the-atlantic-coast-1900g\/","og_locale":"de_DE","og_type":"article","og_title":"Santiago's Way Walking in the Atlantic Coast from Portugal","og_description":"There are a number of routes to Santiago de Compostela that pilgrims have followed for centuries. Some are less famous than others and the Portuguese Atlantic Way, while not the best known, is renowned for its beauty and tranquillity and becoming increasingly popular.  The Portuguese Atlantic Way is approximately 241km but we cherry-picked the best sections for your enjoyment!","og_url":"https:\/\/legendatours.com\/de\/produkt\/santiagos-way-in-the-atlantic-coast-1900g\/","og_site_name":"Legendary Adventure DMC Portugal","article_publisher":"https:\/\/www.facebook.com\/legendaryadventuredmc\/","article_modified_time":"2021-08-11T15:58:32+00:00","og_image":[{"width":1024,"height":683,"url":"https:\/\/legendatours.com\/wp-content\/uploads\/sites\/12\/2021\/04\/santiago_costal_way-e1611683335957.jpg","type":"image\/jpeg"}],"twitter_card":"summary_large_image","twitter_misc":{"Gesch\u00e4tzte Lesezeit":"2\u00a0Minuten"},"schema":{"@context":"https:\/\/schema.org","@graph":[{"@type":"WebPage","@id":"https:\/\/legendatours.com\/product\/santiagos-way-in-the-atlantic-coast-1900g\/","url":"https:\/\/legendatours.com\/product\/santiagos-way-in-the-atlantic-coast-1900g\/","name":"Santiago&#039;s Way Wandern an der Atlantikk\u00fcste von Portugal - Legend\u00e4res Abenteuer DMC Portugal","isPartOf":{"@id":"https:\/\/legendatours.com\/#website"},"primaryImageOfPage":{"@id":"https:\/\/legendatours.com\/product\/santiagos-way-in-the-atlantic-coast-1900g\/#primaryimage"},"image":{"@id":"https:\/\/legendatours.com\/product\/santiagos-way-in-the-atlantic-coast-1900g\/#primaryimage"},"thumbnailUrl":"https:\/\/legendatours.com\/wp-content\/uploads\/sites\/12\/2021\/04\/santiago_costal_way-e1611683335957.jpg","datePublished":"2020-07-06T11:02:59+00:00","dateModified":"2021-08-11T15:58:32+00:00","breadcrumb":{"@id":"https:\/\/legendatours.com\/product\/santiagos-way-in-the-atlantic-coast-1900g\/#breadcrumb"},"inLanguage":"de","potentialAction":[{"@type":"ReadAction","target":["https:\/\/legendatours.com\/product\/santiagos-way-in-the-atlantic-coast-1900g\/"]}]},{"@type":"ImageObject","inLanguage":"de","@id":"https:\/\/legendatours.com\/product\/santiagos-way-in-the-atlantic-coast-1900g\/#primaryimage","url":"https:\/\/legendatours.com\/wp-content\/uploads\/sites\/12\/2021\/04\/santiago_costal_way-e1611683335957.jpg","contentUrl":"https:\/\/legendatours.com\/wp-content\/uploads\/sites\/12\/2021\/04\/santiago_costal_way-e1611683335957.jpg","width":1024,"height":683,"caption":"Coastal Santiago Way"},{"@type":"BreadcrumbList","@id":"https:\/\/legendatours.com\/product\/santiagos-way-in-the-atlantic-coast-1900g\/#breadcrumb","itemListElement":[{"@type":"ListItem","position":1,"name":"Home","item":"https:\/\/legendatours.com\/"},{"@type":"ListItem","position":2,"name":"Shop","item":"https:\/\/legendatours.com\/sv\/?page_id=4"},{"@type":"ListItem","position":3,"name":"Santiago&#8217;s Way Walking in the Atlantic Coast from Portugal"}]},{"@type":"WebSite","@id":"https:\/\/legendatours.com\/#website","url":"https:\/\/legendatours.com\/","name":"Legend\u00e4res Abenteuer DMC Portugal","description":"Verantwortungsvolles Wandern und Natururlaub in Portugal","publisher":{"@id":"https:\/\/legendatours.com\/#organization"},"alternateName":"Legendary Adventure Portugal","potentialAction":[{"@type":"SearchAction","target":{"@type":"EntryPoint","urlTemplate":"https:\/\/legendatours.com\/?s={search_term_string}"},"query-input":{"@type":"PropertyValueSpecification","valueRequired":true,"valueName":"search_term_string"}}],"inLanguage":"de"},{"@type":"Organization","@id":"https:\/\/legendatours.com\/#organization","name":"legendatours.com","url":"https:\/\/legendatours.com\/","logo":{"@type":"ImageObject","inLanguage":"de","@id":"https:\/\/legendatours.com\/#\/schema\/logo\/image\/","url":"https:\/\/legendatours.com\/wp-content\/uploads\/sites\/12\/2021\/06\/legendary_adventure_dmc.png","contentUrl":"https:\/\/legendatours.com\/wp-content\/uploads\/sites\/12\/2021\/06\/legendary_adventure_dmc.png","width":250,"height":74,"caption":"legendatours.com"},"image":{"@id":"https:\/\/legendatours.com\/#\/schema\/logo\/image\/"},"sameAs":["https:\/\/www.facebook.com\/legendaryadventuredmc\/","https:\/\/www.linkedin.com\/company\/legendary-adventure-dmc-portugal","https:\/\/www.youtube.com\/channel\/UCOIRDx_KM6ynIcacQkZjb6g"]}]}},"_links":{"self":[{"href":"https:\/\/legendatours.com\/de\/wp-json\/wp\/v2\/product\/7855","targetHints":{"allow":["GET"]}}],"collection":[{"href":"https:\/\/legendatours.com\/de\/wp-json\/wp\/v2\/product"}],"about":[{"href":"https:\/\/legendatours.com\/de\/wp-json\/wp\/v2\/types\/product"}],"replies":[{"embeddable":true,"href":"https:\/\/legendatours.com\/de\/wp-json\/wp\/v2\/comments?post=7855"}],"wp:featuredmedia":[{"embeddable":true,"href":"https:\/\/legendatours.com\/de\/wp-json\/wp\/v2\/media\/7851"}],"wp:attachment":[{"href":"https:\/\/legendatours.com\/de\/wp-json\/wp\/v2\/media?parent=7855"}],"wp:term":[{"taxonomy":"product_brand","embeddable":true,"href":"https:\/\/legendatours.com\/de\/wp-json\/wp\/v2\/product_brand?post=7855"},{"taxonomy":"product_cat","embeddable":true,"href":"https:\/\/legendatours.com\/de\/wp-json\/wp\/v2\/product_cat?post=7855"},{"taxonomy":"product_tag","embeddable":true,"href":"https:\/\/legendatours.com\/de\/wp-json\/wp\/v2\/product_tag?post=7855"}],"curies":[{"name":"wp","href":"https:\/\/api.w.org\/{rel}","templated":true}]}}