{"id":7877,"date":"2020-07-03T15:14:09","date_gmt":"2020-07-03T15:14:09","guid":{"rendered":"https:\/\/legendatours.com\/product\/walking-in-the-hidden-rivers-of-north-portugal\/"},"modified":"2021-08-11T17:45:24","modified_gmt":"2021-08-11T17:45:24","slug":"the-hidden-rivers-of-north-portugal-1600g","status":"publish","type":"product","link":"https:\/\/legendatours.com\/de\/produkt\/the-hidden-rivers-of-north-portugal-1600g\/","title":{"rendered":"Wandern in den versteckten Fl\u00fcssen Nordportugals"},"content":{"rendered":"<p><strong>Gruppen ab 6 Personen akzeptiert.<\/strong><\/p>\n<p>&nbsp;<\/p>\n<p>Diese einw\u00f6chige Tour bietet drei der sch\u00f6nsten und abgelegensten Fl\u00fcsse Nordportugals \u2013 die Tamega, die Paiva und die Vouga.<\/p>\n<p>Sie flie\u00dfen durch wilde und verborgene Landschaften und sehr alte Gebiete, sowohl in historischer als auch in geologischer Hinsicht. Die schwer zug\u00e4nglichen Gebiete haben die gro\u00dfe Vielfalt der lokalen Fauna und Flora bewahrt.<\/p>\n<p>Unsere Tour bringt uns n\u00e4her in Kontakt mit den verborgenen Geheimnissen der Fl\u00fcsse und der nat\u00fcrlichen und historisch-kulturellen Umgebung.<\/p>\n<div id=\"attachment_2754\" style=\"width: 1034px\" class=\"wp-caption alignnone\"><img loading=\"lazy\" decoding=\"async\" aria-describedby=\"caption-attachment-2754\" class=\"wp-image-2754 size-large\" title=\"Der Fluss Vouga schl\u00e4ngelt sich nach Sernada do Vouga, umgeben von W\u00e4ldern\" src=\"https:\/\/legendatours.net\/wp-content\/uploads\/2020\/07\/vouga_river_macinhata-1024x768.jpg\" alt=\"Vouga River it meanders to Sernada do Vouga surrounded by woodland\" width=\"1024\" height=\"768\" \/><p id=\"caption-attachment-2754\" class=\"wp-caption-text\">Der Fluss Vouga schl\u00e4ngelt sich nach Sernada do Vouga, umgeben von W\u00e4ldern<\/p><\/div>\n<p>Wir nutzen alte Pfade, historische Eisenbahnstrecken und neuere Innovationen wie die bemerkenswerten Passadi\u00e7os do Paiva, die den Zugang zu bisher unerforschten Gebieten erm\u00f6glichen.<\/p>\n<p>Unsere beiden Zentren an beiden Enden der Tour verankern die Fl\u00fcsse und sind eng mit ihnen verbunden.<\/p>\n<p>Unser erstes Zentrum, Amarante, auch bekannt als die Prinzessin der Tamega, ist eine wundersch\u00f6ne Stadt mit einer erstaunlichen Kombination aus Tradition, Geschichte und Natur.<\/p>\n<p>Der Fluss T\u00e2mega flie\u00dft durch diese Stadt, die mit ihren eleganten Geb\u00e4uden mit T\u00fcrmchen und in den Fluss herabh\u00e4ngenden B\u00e4umen ein magisches, m\u00e4rchenhaftes Flair hat.<\/p>\n<p>Von Amarante reisen wir zu unserem zweiten Zentrum, Aveiro. Aber unterwegs halten wir an und wandern die au\u00dfergew\u00f6hnlichen Passadi\u00e7os do Paiva.<\/p>\n<div id=\"attachment_2753\" style=\"width: 1034px\" class=\"wp-caption alignnone\"><img loading=\"lazy\" decoding=\"async\" aria-describedby=\"caption-attachment-2753\" class=\"wp-image-2753 size-large\" title=\"Passadi\u00e7os do Paiva, der herrliche Fluss Paiva\" src=\"https:\/\/legendatours.net\/wp-content\/uploads\/2020\/07\/passadicos_do_paiva_walk-1024x683.jpg\" alt=\"Passadi\u00e7os do Paiva the glorious Paiva river\" width=\"1024\" height=\"683\" \/><p id=\"caption-attachment-2753\" class=\"wp-caption-text\">Passadi\u00e7os do Paiva, der herrliche Fluss Paiva<\/p><\/div>\n<p>Die Passadi\u00e7os befinden sich inmitten eines von den europ\u00e4ischen und globalen Geopark-Netzwerken klassifizierten Gebiets unter der Schirmherrschaft der UNESCO, einem abgelegenen und wilden Gebiet von rauer Sch\u00f6nheit, das vom schnell flie\u00dfenden, \u201elebendigen\u201c Fluss Paiva mit seinem k\u00fchlen, klaren Wasser durchschnitten wird .<\/p>\n<p>Am Ende erreichen wir schlie\u00dflich die Ria von Aveiro, wo der Fluss Vouga in der weiten M\u00fcndung in den Ozean m\u00fcndet, die seit Jahrhunderten zum Fischen, Salzsammeln und Algenernten mit den farbenfrohen \u201eBarcos Moliceiros\u201c genutzt wird.<\/p>\n<div id=\"attachment_2575\" style=\"width: 1034px\" class=\"wp-caption alignnone\"><img loading=\"lazy\" decoding=\"async\" aria-describedby=\"caption-attachment-2575\" class=\"wp-image-2575 size-large\" title=\"Traditionelle Moliceiro-Boote in Aveiro\" src=\"https:\/\/legendatours.net\/wp-content\/uploads\/2020\/06\/aveiro_moliceiros-1024x683.jpeg\" alt=\"Traditional moliceiro boats in Aveiro\" width=\"1024\" height=\"683\" \/><p id=\"caption-attachment-2575\" class=\"wp-caption-text\">Traditionelle Moliceiro-Boote in Aveiro<\/p><\/div>\n<p>Aveiro wird wegen seiner Kan\u00e4le und charmanten Br\u00fccken oft das portugiesische Venedig genannt. Die Stadt selbst ist ber\u00fchmt f\u00fcr ihre Keramik, von der viele Beispiele \u00fcberall zu sehen sind. Dies ist wirklich eine sensationelle Tour, die das Beste vereint, was Natur und Mensch in Harmonie miteinander schaffen k\u00f6nnen.<\/p>","protected":false},"excerpt":{"rendered":"<p>Diese einw\u00f6chige Tour bietet drei der sch\u00f6nsten und abgelegensten Fl\u00fcsse Nordportugals \u2013 die Tamega, die Paiva und die Vouga.<\/p>\n<p>Sie flie\u00dfen durch wilde und verborgene Landschaften und sehr alte Gebiete, sowohl in historischer als auch in geologischer Hinsicht. Die schwer zug\u00e4nglichen Gebiete haben die gro\u00dfe Vielfalt der lokalen Fauna und Flora bewahrt.<\/p>\n<p>Unsere Tour bringt uns n\u00e4her in Kontakt mit den verborgenen Geheimnissen der Fl\u00fcsse und der nat\u00fcrlichen und historisch-kulturellen Umgebung.<\/p>\n<p>Wir nutzen alte Pfade, historische Eisenbahnstrecken und neuere Innovationen wie die bemerkenswerten Passadi\u00e7os do Paiva, die den Zugang zu bisher unerforschten Gebieten erm\u00f6glichen.<\/p>","protected":false},"featured_media":7873,"comment_status":"closed","ping_status":"closed","template":"","meta":{"_acf_changed":false,"inline_featured_image":false},"product_brand":[],"product_cat":[32,28,29,30,31],"product_tag":[1138,402,265,36,663,87,49,192,52,664,55,352,95,162,246,665,666,609,106,60,372,667,68,208,70,71,668,630,112,122],"class_list":{"0":"post-7877","1":"product","2":"type-product","3":"status-publish","4":"has-post-thumbnail","6":"product_cat-cultural-tours-and-holidays-in-portugal","7":"product_cat-guided-group-tours","8":"product_cat-portugal-guided-historical-holidays","9":"product_cat-guided-sightseeing-holidays-portugal","10":"product_cat-guided-walking-holidays-in-portugal","11":"product_tag-amarante","12":"product_tag-amazing-walking","13":"product_tag-aveiro","14":"product_tag-cultural-heritage","15":"product_tag-fauna-and-flora","16":"product_tag-green-landscape","17":"product_tag-hidden-landscapes","18":"product_tag-historic-buildings","19":"product_tag-historic-town","20":"product_tag-local-fauna","21":"product_tag-local-gastronomy","22":"product_tag-local-wines","23":"product_tag-magnificent-landscape","24":"product_tag-nature-walks","25":"product_tag-northern-portugal","26":"product_tag-paiva","27":"product_tag-passadicos-do-paiva","28":"product_tag-perfect-walking-holiday","29":"product_tag-picturesque-landscapes","30":"product_tag-portugal","31":"product_tag-ria-of-aveiro","32":"product_tag-tamega","33":"product_tag-tours-in-portugal","34":"product_tag-traditional-villages","35":"product_tag-traditions","36":"product_tag-unesco-world-heritage-site","37":"product_tag-vouga","38":"product_tag-walking-and-exploring","39":"product_tag-walking-holidays","40":"product_tag-walking-tours","42":"first","43":"instock","44":"virtual","45":"product-type-simple"},"acf":[],"yoast_head":"<!-- This site is optimized with the Yoast SEO Premium plugin v26.8 (Yoast SEO v27.4) - https:\/\/yoast.com\/product\/yoast-seo-premium-wordpress\/ -->\n<title>Walking in The Hidden Rivers of North Portugal - Legendary Adventure DMC Portugal<\/title>\n<meta name=\"robots\" content=\"index, follow, max-snippet:-1, max-image-preview:large, max-video-preview:-1\" \/>\n<link rel=\"canonical\" href=\"https:\/\/legendatours.com\/de\/produkt\/the-hidden-rivers-of-north-portugal-1600g\/\" \/>\n<meta property=\"og:locale\" content=\"de_DE\" \/>\n<meta property=\"og:type\" content=\"article\" \/>\n<meta property=\"og:title\" content=\"Walking in The Hidden Rivers of North Portugal\" \/>\n<meta property=\"og:description\" content=\"This one-week tour features three of the most beautiful and remote rivers of Northern Portugal - the Tamega, the Paiva, and the Vouga.  They flow through wild and hidden landscapes and extremely ancient areas, both in historic and geological terms. The areas are of difficult access and this has preserved the large diversity of the local fauna and flora.  Our tour brings us into closer contact with the hidden secrets of the rivers, and the natural and historical-cultural surroundings.  We use old trails, historic rail routes, and newer innovations such as the remarkable Passadi\u00e7os do Paiva which allow access to previously unexplored areas.\" \/>\n<meta property=\"og:url\" content=\"https:\/\/legendatours.com\/de\/produkt\/the-hidden-rivers-of-north-portugal-1600g\/\" \/>\n<meta property=\"og:site_name\" content=\"Legendary Adventure DMC Portugal\" \/>\n<meta property=\"article:publisher\" content=\"https:\/\/www.facebook.com\/legendaryadventuredmc\/\" \/>\n<meta property=\"article:modified_time\" content=\"2021-08-11T17:45:24+00:00\" \/>\n<meta property=\"og:image\" content=\"https:\/\/legendatours.com\/wp-content\/uploads\/sites\/12\/2021\/04\/passadicos_do_paiva-e1611683430991.jpg\" \/>\n\t<meta property=\"og:image:width\" content=\"1024\" \/>\n\t<meta property=\"og:image:height\" content=\"683\" \/>\n\t<meta property=\"og:image:type\" content=\"image\/jpeg\" \/>\n<meta name=\"twitter:card\" content=\"summary_large_image\" \/>\n<meta name=\"twitter:label1\" content=\"Gesch\u00e4tzte Lesezeit\" \/>\n\t<meta name=\"twitter:data1\" content=\"2\u00a0Minuten\" \/>\n<script type=\"application\/ld+json\" class=\"yoast-schema-graph\">{\"@context\":\"https:\\\/\\\/schema.org\",\"@graph\":[{\"@type\":\"WebPage\",\"@id\":\"https:\\\/\\\/legendatours.com\\\/product\\\/the-hidden-rivers-of-north-portugal-1600g\\\/\",\"url\":\"https:\\\/\\\/legendatours.com\\\/product\\\/the-hidden-rivers-of-north-portugal-1600g\\\/\",\"name\":\"Walking in The Hidden Rivers of North Portugal - Legendary Adventure DMC Portugal\",\"isPartOf\":{\"@id\":\"https:\\\/\\\/legendatours.com\\\/#website\"},\"primaryImageOfPage\":{\"@id\":\"https:\\\/\\\/legendatours.com\\\/product\\\/the-hidden-rivers-of-north-portugal-1600g\\\/#primaryimage\"},\"image\":{\"@id\":\"https:\\\/\\\/legendatours.com\\\/product\\\/the-hidden-rivers-of-north-portugal-1600g\\\/#primaryimage\"},\"thumbnailUrl\":\"https:\\\/\\\/legendatours.com\\\/wp-content\\\/uploads\\\/sites\\\/12\\\/2021\\\/04\\\/passadicos_do_paiva-e1611683430991.jpg\",\"datePublished\":\"2020-07-03T15:14:09+00:00\",\"dateModified\":\"2021-08-11T17:45:24+00:00\",\"breadcrumb\":{\"@id\":\"https:\\\/\\\/legendatours.com\\\/product\\\/the-hidden-rivers-of-north-portugal-1600g\\\/#breadcrumb\"},\"inLanguage\":\"de\",\"potentialAction\":[{\"@type\":\"ReadAction\",\"target\":[\"https:\\\/\\\/legendatours.com\\\/product\\\/the-hidden-rivers-of-north-portugal-1600g\\\/\"]}]},{\"@type\":\"ImageObject\",\"inLanguage\":\"de\",\"@id\":\"https:\\\/\\\/legendatours.com\\\/product\\\/the-hidden-rivers-of-north-portugal-1600g\\\/#primaryimage\",\"url\":\"https:\\\/\\\/legendatours.com\\\/wp-content\\\/uploads\\\/sites\\\/12\\\/2021\\\/04\\\/passadicos_do_paiva-e1611683430991.jpg\",\"contentUrl\":\"https:\\\/\\\/legendatours.com\\\/wp-content\\\/uploads\\\/sites\\\/12\\\/2021\\\/04\\\/passadicos_do_paiva-e1611683430991.jpg\",\"width\":1024,\"height\":683,\"caption\":\"Passadi\u00e7os do Paiva\"},{\"@type\":\"BreadcrumbList\",\"@id\":\"https:\\\/\\\/legendatours.com\\\/product\\\/the-hidden-rivers-of-north-portugal-1600g\\\/#breadcrumb\",\"itemListElement\":[{\"@type\":\"ListItem\",\"position\":1,\"name\":\"Home\",\"item\":\"https:\\\/\\\/legendatours.com\\\/\"},{\"@type\":\"ListItem\",\"position\":2,\"name\":\"Shop\",\"item\":\"https:\\\/\\\/legendatours.com\\\/sv\\\/?page_id=4\"},{\"@type\":\"ListItem\",\"position\":3,\"name\":\"Walking in The Hidden Rivers of North Portugal\"}]},{\"@type\":\"WebSite\",\"@id\":\"https:\\\/\\\/legendatours.com\\\/#website\",\"url\":\"https:\\\/\\\/legendatours.com\\\/\",\"name\":\"Legendary Adventure DMC Portugal\",\"description\":\"Responsible Walking &amp; Nature Holidays in Portugal\",\"publisher\":{\"@id\":\"https:\\\/\\\/legendatours.com\\\/#organization\"},\"alternateName\":\"Legendary Adventure Portugal\",\"potentialAction\":[{\"@type\":\"SearchAction\",\"target\":{\"@type\":\"EntryPoint\",\"urlTemplate\":\"https:\\\/\\\/legendatours.com\\\/?s={search_term_string}\"},\"query-input\":{\"@type\":\"PropertyValueSpecification\",\"valueRequired\":true,\"valueName\":\"search_term_string\"}}],\"inLanguage\":\"de\"},{\"@type\":\"Organization\",\"@id\":\"https:\\\/\\\/legendatours.com\\\/#organization\",\"name\":\"legendatours.com\",\"url\":\"https:\\\/\\\/legendatours.com\\\/\",\"logo\":{\"@type\":\"ImageObject\",\"inLanguage\":\"de\",\"@id\":\"https:\\\/\\\/legendatours.com\\\/#\\\/schema\\\/logo\\\/image\\\/\",\"url\":\"https:\\\/\\\/legendatours.com\\\/wp-content\\\/uploads\\\/sites\\\/12\\\/2021\\\/06\\\/legendary_adventure_dmc.png\",\"contentUrl\":\"https:\\\/\\\/legendatours.com\\\/wp-content\\\/uploads\\\/sites\\\/12\\\/2021\\\/06\\\/legendary_adventure_dmc.png\",\"width\":250,\"height\":74,\"caption\":\"legendatours.com\"},\"image\":{\"@id\":\"https:\\\/\\\/legendatours.com\\\/#\\\/schema\\\/logo\\\/image\\\/\"},\"sameAs\":[\"https:\\\/\\\/www.facebook.com\\\/legendaryadventuredmc\\\/\",\"https:\\\/\\\/www.linkedin.com\\\/company\\\/legendary-adventure-dmc-portugal\",\"https:\\\/\\\/www.youtube.com\\\/channel\\\/UCOIRDx_KM6ynIcacQkZjb6g\"]}]}<\/script>\n<!-- \/ Yoast SEO Premium plugin. -->","yoast_head_json":{"title":"Wandern in den verborgenen Fl\u00fcssen Nordportugals - Legend\u00e4res Abenteuer DMC Portugal","robots":{"index":"index","follow":"follow","max-snippet":"max-snippet:-1","max-image-preview":"max-image-preview:large","max-video-preview":"max-video-preview:-1"},"canonical":"https:\/\/legendatours.com\/de\/produkt\/the-hidden-rivers-of-north-portugal-1600g\/","og_locale":"de_DE","og_type":"article","og_title":"Walking in The Hidden Rivers of North Portugal","og_description":"This one-week tour features three of the most beautiful and remote rivers of Northern Portugal - the Tamega, the Paiva, and the Vouga.  They flow through wild and hidden landscapes and extremely ancient areas, both in historic and geological terms. The areas are of difficult access and this has preserved the large diversity of the local fauna and flora.  Our tour brings us into closer contact with the hidden secrets of the rivers, and the natural and historical-cultural surroundings.  We use old trails, historic rail routes, and newer innovations such as the remarkable Passadi\u00e7os do Paiva which allow access to previously unexplored areas.","og_url":"https:\/\/legendatours.com\/de\/produkt\/the-hidden-rivers-of-north-portugal-1600g\/","og_site_name":"Legendary Adventure DMC Portugal","article_publisher":"https:\/\/www.facebook.com\/legendaryadventuredmc\/","article_modified_time":"2021-08-11T17:45:24+00:00","og_image":[{"width":1024,"height":683,"url":"https:\/\/legendatours.com\/wp-content\/uploads\/sites\/12\/2021\/04\/passadicos_do_paiva-e1611683430991.jpg","type":"image\/jpeg"}],"twitter_card":"summary_large_image","twitter_misc":{"Gesch\u00e4tzte Lesezeit":"2\u00a0Minuten"},"schema":{"@context":"https:\/\/schema.org","@graph":[{"@type":"WebPage","@id":"https:\/\/legendatours.com\/product\/the-hidden-rivers-of-north-portugal-1600g\/","url":"https:\/\/legendatours.com\/product\/the-hidden-rivers-of-north-portugal-1600g\/","name":"Wandern in den verborgenen Fl\u00fcssen Nordportugals - Legend\u00e4res Abenteuer DMC Portugal","isPartOf":{"@id":"https:\/\/legendatours.com\/#website"},"primaryImageOfPage":{"@id":"https:\/\/legendatours.com\/product\/the-hidden-rivers-of-north-portugal-1600g\/#primaryimage"},"image":{"@id":"https:\/\/legendatours.com\/product\/the-hidden-rivers-of-north-portugal-1600g\/#primaryimage"},"thumbnailUrl":"https:\/\/legendatours.com\/wp-content\/uploads\/sites\/12\/2021\/04\/passadicos_do_paiva-e1611683430991.jpg","datePublished":"2020-07-03T15:14:09+00:00","dateModified":"2021-08-11T17:45:24+00:00","breadcrumb":{"@id":"https:\/\/legendatours.com\/product\/the-hidden-rivers-of-north-portugal-1600g\/#breadcrumb"},"inLanguage":"de","potentialAction":[{"@type":"ReadAction","target":["https:\/\/legendatours.com\/product\/the-hidden-rivers-of-north-portugal-1600g\/"]}]},{"@type":"ImageObject","inLanguage":"de","@id":"https:\/\/legendatours.com\/product\/the-hidden-rivers-of-north-portugal-1600g\/#primaryimage","url":"https:\/\/legendatours.com\/wp-content\/uploads\/sites\/12\/2021\/04\/passadicos_do_paiva-e1611683430991.jpg","contentUrl":"https:\/\/legendatours.com\/wp-content\/uploads\/sites\/12\/2021\/04\/passadicos_do_paiva-e1611683430991.jpg","width":1024,"height":683,"caption":"Passadi\u00e7os do Paiva"},{"@type":"BreadcrumbList","@id":"https:\/\/legendatours.com\/product\/the-hidden-rivers-of-north-portugal-1600g\/#breadcrumb","itemListElement":[{"@type":"ListItem","position":1,"name":"Home","item":"https:\/\/legendatours.com\/"},{"@type":"ListItem","position":2,"name":"Shop","item":"https:\/\/legendatours.com\/sv\/?page_id=4"},{"@type":"ListItem","position":3,"name":"Walking in The Hidden Rivers of North Portugal"}]},{"@type":"WebSite","@id":"https:\/\/legendatours.com\/#website","url":"https:\/\/legendatours.com\/","name":"Legend\u00e4res Abenteuer DMC Portugal","description":"Verantwortungsvolles Wandern und Natururlaub in Portugal","publisher":{"@id":"https:\/\/legendatours.com\/#organization"},"alternateName":"Legendary Adventure Portugal","potentialAction":[{"@type":"SearchAction","target":{"@type":"EntryPoint","urlTemplate":"https:\/\/legendatours.com\/?s={search_term_string}"},"query-input":{"@type":"PropertyValueSpecification","valueRequired":true,"valueName":"search_term_string"}}],"inLanguage":"de"},{"@type":"Organization","@id":"https:\/\/legendatours.com\/#organization","name":"legendatours.com","url":"https:\/\/legendatours.com\/","logo":{"@type":"ImageObject","inLanguage":"de","@id":"https:\/\/legendatours.com\/#\/schema\/logo\/image\/","url":"https:\/\/legendatours.com\/wp-content\/uploads\/sites\/12\/2021\/06\/legendary_adventure_dmc.png","contentUrl":"https:\/\/legendatours.com\/wp-content\/uploads\/sites\/12\/2021\/06\/legendary_adventure_dmc.png","width":250,"height":74,"caption":"legendatours.com"},"image":{"@id":"https:\/\/legendatours.com\/#\/schema\/logo\/image\/"},"sameAs":["https:\/\/www.facebook.com\/legendaryadventuredmc\/","https:\/\/www.linkedin.com\/company\/legendary-adventure-dmc-portugal","https:\/\/www.youtube.com\/channel\/UCOIRDx_KM6ynIcacQkZjb6g"]}]}},"_links":{"self":[{"href":"https:\/\/legendatours.com\/de\/wp-json\/wp\/v2\/product\/7877","targetHints":{"allow":["GET"]}}],"collection":[{"href":"https:\/\/legendatours.com\/de\/wp-json\/wp\/v2\/product"}],"about":[{"href":"https:\/\/legendatours.com\/de\/wp-json\/wp\/v2\/types\/product"}],"replies":[{"embeddable":true,"href":"https:\/\/legendatours.com\/de\/wp-json\/wp\/v2\/comments?post=7877"}],"wp:featuredmedia":[{"embeddable":true,"href":"https:\/\/legendatours.com\/de\/wp-json\/wp\/v2\/media\/7873"}],"wp:attachment":[{"href":"https:\/\/legendatours.com\/de\/wp-json\/wp\/v2\/media?parent=7877"}],"wp:term":[{"taxonomy":"product_brand","embeddable":true,"href":"https:\/\/legendatours.com\/de\/wp-json\/wp\/v2\/product_brand?post=7877"},{"taxonomy":"product_cat","embeddable":true,"href":"https:\/\/legendatours.com\/de\/wp-json\/wp\/v2\/product_cat?post=7877"},{"taxonomy":"product_tag","embeddable":true,"href":"https:\/\/legendatours.com\/de\/wp-json\/wp\/v2\/product_tag?post=7877"}],"curies":[{"name":"wp","href":"https:\/\/api.w.org\/{rel}","templated":true}]}}