{"id":7885,"date":"2020-07-02T15:15:46","date_gmt":"2020-07-02T15:15:46","guid":{"rendered":"https:\/\/legendatours.com\/product\/walking-in-peneda-geres-national-park\/"},"modified":"2021-08-11T17:51:41","modified_gmt":"2021-08-11T17:51:41","slug":"peneda-geres-national-park-1200g","status":"publish","type":"product","link":"https:\/\/legendatours.com\/de\/produkt\/peneda-geres-national-park-1200g\/","title":{"rendered":"Wandern im Nationalpark Peneda Ger\u00eas"},"content":{"rendered":"<p><strong>Gruppen ab 6 Personen akzeptiert.<\/strong><\/p>\n<p>&nbsp;<\/p>\n<p>Im Norden Portugals ist die Serra do Ger\u00eas vielleicht die pr\u00e4chtigste aller Bergketten.<\/p>\n<p>Es umfasst die H\u00e4lfte von Portugals gr\u00f6\u00dftem Naturschutzgebiet und variiert von \u00fcppigen Tieflandseen und -fl\u00fcssen bis hin zu dramatischen Hochgebirgsgraten, die Portugal von Spanien trennen.<\/p>\n<div id=\"attachment_2777\" style=\"width: 1034px\" class=\"wp-caption alignnone\"><img loading=\"lazy\" decoding=\"async\" aria-describedby=\"caption-attachment-2777\" class=\"wp-image-2777 size-large\" src=\"https:\/\/legendatours.net\/wp-content\/uploads\/2020\/07\/geres_moorland-1024x731.jpg\" alt=\"Walking in Peneda National Park Portugal\" width=\"1024\" height=\"731\" \/><p id=\"caption-attachment-2777\" class=\"wp-caption-text\">Gehen Sie in der Gruppe in Geres spazieren, erkunden Sie das authentische Portugal, abseits der Massen, und wandern Sie durch atemberaubende Landschaften.<\/p><\/div>\n<p>Der Nationalpark Peneda Ger\u00eas ist aufgrund der seltenen und beeindruckenden Sch\u00f6nheit seiner Landschaft, seines \u00f6kologischen Werts und der Vielfalt seiner Fauna und Flora eine der gr\u00f6\u00dften Naturattraktionen Portugals.<\/p>\n<p>Schl\u00e4ngeln Sie sich ruhig entlang der verschlungenen K\u00fcstenlinien von Seen, die von uralten Feldern ges\u00e4umt sind, die von Wildblumen wimmeln und von Weinreben und Oliven ges\u00e4umt sind. In den unteren H\u00fcgeln erkunden wir alte D\u00f6rfer, die in einer l\u00e4ngst vergangenen Zeit noch zu existieren scheinen und deren Bewohner noch immer in enger Harmonie mit der Natur und ihrer Umgebung leben.<\/p>\n<p>Es gibt bewaldete T\u00e4ler, die von Fl\u00fcssen durchzogen sind, die in wundervolle Becken mit sprudelndem, sauberem, k\u00fchlem Wasser st\u00fcrzen. Dann f\u00fchren uns alte Granitpfade \u00fcber die Berge in hohe versteckte T\u00e4ler, wo man immer noch Ziegenherden auf ihrem t\u00e4glichen Rundgang und Kuhhirten begegnen wird, die ihr Vieh besch\u00fctzen, w\u00e4hrend sie sich langsam von einer Weide zur n\u00e4chsten bewegen, tief in den Bergen, bis sie bereit sind im Herbst herunterkommen.<\/p>\n<div id=\"attachment_2803\" style=\"width: 1034px\" class=\"wp-caption alignnone\"><img loading=\"lazy\" decoding=\"async\" aria-describedby=\"caption-attachment-2803\" class=\"wp-image-2803 size-large\" src=\"https:\/\/legendatours.net\/wp-content\/uploads\/2020\/07\/geres-2-1024x671.jpg\" alt=\"GER\u00caS NATIONAL PARK crystal clear waters\" width=\"1024\" height=\"671\" \/><p id=\"caption-attachment-2803\" class=\"wp-caption-text\">GER\u00caS NATIONALPARK kristallklares Wasser. Entdecken Sie die beliebtesten\u00a0<em>gehen<\/em>\u00a0Wanderwege im Parque Nacional da Peneda-<em>Ger\u00eas<\/em><\/p><\/div>\n<p>Hier laufen noch wilde Garrano-Pferde, deren Vorfahren diese H\u00fcgel bewohnten, noch bevor die Kelten kamen, frei herum.<\/p>\n<p>W\u00f6lfe und Wildschweine durchstreifen die abgelegensten Teile dieser Berge, w\u00e4hrend Adler und andere Raubv\u00f6gel \u00fcber ihnen schweben.<\/p>\n<p>Dies ist wirklich eine der letzten Wildnisse Europas.<\/p>\n<p>Am Ende unseres Tages, unten im gesch\u00fctzten Tal, bietet unser Hotel mit seiner Bar und Terrasse und seinem lokal bekannten Restaurant eine Oase des Komforts.<\/p>\n<p>Dieser Urlaub wurde von unseren portugiesischen Experten entworfen, die in der N\u00e4he des Parks wohnen; Eine h\u00f6here Empfehlung kann man nicht bekommen.<\/p>","protected":false},"excerpt":{"rendered":"<p>Im Norden Portugals ist die Serra do Ger\u00eas vielleicht die pr\u00e4chtigste aller Bergketten.<\/p>\n<p>Es umfasst die H\u00e4lfte von Portugals gr\u00f6\u00dftem Naturschutzgebiet und variiert von \u00fcppigen Tieflandseen und -fl\u00fcssen bis hin zu dramatischen Hochgebirgsgraten, die Portugal von Spanien trennen.<\/p>\n<p>Der Nationalpark Peneda Ger\u00eas ist aufgrund der seltenen und beeindruckenden Sch\u00f6nheit seiner Landschaft, seines \u00f6kologischen Werts und der Vielfalt seiner Fauna und Flora eine der gr\u00f6\u00dften Naturattraktionen Portugals.<\/p>","protected":false},"featured_media":7883,"comment_status":"closed","ping_status":"closed","template":"","meta":{"_acf_changed":false,"inline_featured_image":false},"product_brand":[],"product_cat":[28,30,31],"product_tag":[212,78,669,670,663,87,671,415,95,97,98,162,272,624,417,418,419,106,60,68,208,420,121,112,122,527,422,672,546],"class_list":{"0":"post-7885","1":"product","2":"type-product","3":"status-publish","4":"has-post-thumbnail","6":"product_cat-guided-group-tours","7":"product_cat-guided-sightseeing-holidays-portugal","8":"product_cat-guided-walking-holidays-in-portugal","9":"product_tag-ancient-buildings","10":"product_tag-beautiful-landscapes","11":"product_tag-cascata-do-arado","12":"product_tag-ecological-value","13":"product_tag-fauna-and-flora","14":"product_tag-green-landscape","15":"product_tag-harmony-with-nature","16":"product_tag-hidden-valleys","17":"product_tag-magnificent-landscape","18":"product_tag-natural-park","19":"product_tag-natural-reserves","20":"product_tag-nature-walks","21":"product_tag-north-of-portugal","22":"product_tag-peneda","23":"product_tag-peneda-geres","24":"product_tag-peneda-geres-national-park","25":"product_tag-peneda-geres-walking","26":"product_tag-picturesque-landscapes","27":"product_tag-portugal","28":"product_tag-tours-in-portugal","29":"product_tag-traditional-villages","30":"product_tag-typical-villages","31":"product_tag-walking","32":"product_tag-walking-holidays","33":"product_tag-walking-tours","34":"product_tag-waterfalls","35":"product_tag-wild-flowers","36":"product_tag-wildernesses","37":"product_tag-wildlife","39":"first","40":"instock","41":"virtual","42":"product-type-simple"},"acf":[],"yoast_head":"<!-- This site is optimized with the Yoast SEO Premium plugin v26.8 (Yoast SEO v27.4) - https:\/\/yoast.com\/product\/yoast-seo-premium-wordpress\/ -->\n<title>Walking in Peneda Ger\u00eas National Park - Legendary Adventure DMC Portugal<\/title>\n<meta name=\"robots\" content=\"index, follow, max-snippet:-1, max-image-preview:large, max-video-preview:-1\" \/>\n<link rel=\"canonical\" href=\"https:\/\/legendatours.com\/de\/produkt\/peneda-geres-national-park-1200g\/\" \/>\n<meta property=\"og:locale\" content=\"de_DE\" \/>\n<meta property=\"og:type\" content=\"article\" \/>\n<meta property=\"og:title\" content=\"Walking in Peneda Ger\u00eas National Park\" \/>\n<meta property=\"og:description\" content=\"In northern Portugal, perhaps the most magnificent of all the mountain ranges is the Serra do Ger\u00eas.  It comprises half of Portugal\u2019s biggest Natural Reserve and varies from lush lowland lakes and rivers to dramatic high mountain granite ridges separating Portugal from Spain.  The Peneda Ger\u00eas National Park is one of the greatest natural attractions in Portugal due to the rare and impressive beauty of its landscape, its ecological value, and the variety of its fauna and flora.\" \/>\n<meta property=\"og:url\" content=\"https:\/\/legendatours.com\/de\/produkt\/peneda-geres-national-park-1200g\/\" \/>\n<meta property=\"og:site_name\" content=\"Legendary Adventure DMC Portugal\" \/>\n<meta property=\"article:publisher\" content=\"https:\/\/www.facebook.com\/legendaryadventuredmc\/\" \/>\n<meta property=\"article:modified_time\" content=\"2021-08-11T17:51:41+00:00\" \/>\n<meta property=\"og:image\" content=\"https:\/\/legendatours.com\/wp-content\/uploads\/sites\/12\/2021\/04\/geres-e1611683616962.jpg\" \/>\n\t<meta property=\"og:image:width\" content=\"1024\" \/>\n\t<meta property=\"og:image:height\" content=\"697\" \/>\n\t<meta property=\"og:image:type\" content=\"image\/jpeg\" \/>\n<meta name=\"twitter:card\" content=\"summary_large_image\" \/>\n<meta name=\"twitter:label1\" content=\"Gesch\u00e4tzte Lesezeit\" \/>\n\t<meta name=\"twitter:data1\" content=\"2\u00a0Minuten\" \/>\n<script type=\"application\/ld+json\" class=\"yoast-schema-graph\">{\"@context\":\"https:\\\/\\\/schema.org\",\"@graph\":[{\"@type\":\"WebPage\",\"@id\":\"https:\\\/\\\/legendatours.com\\\/product\\\/peneda-geres-national-park-1200g\\\/\",\"url\":\"https:\\\/\\\/legendatours.com\\\/product\\\/peneda-geres-national-park-1200g\\\/\",\"name\":\"Walking in Peneda Ger\u00eas National Park - Legendary Adventure DMC Portugal\",\"isPartOf\":{\"@id\":\"https:\\\/\\\/legendatours.com\\\/#website\"},\"primaryImageOfPage\":{\"@id\":\"https:\\\/\\\/legendatours.com\\\/product\\\/peneda-geres-national-park-1200g\\\/#primaryimage\"},\"image\":{\"@id\":\"https:\\\/\\\/legendatours.com\\\/product\\\/peneda-geres-national-park-1200g\\\/#primaryimage\"},\"thumbnailUrl\":\"https:\\\/\\\/legendatours.com\\\/wp-content\\\/uploads\\\/sites\\\/12\\\/2021\\\/04\\\/geres-e1611683616962.jpg\",\"datePublished\":\"2020-07-02T15:15:46+00:00\",\"dateModified\":\"2021-08-11T17:51:41+00:00\",\"breadcrumb\":{\"@id\":\"https:\\\/\\\/legendatours.com\\\/product\\\/peneda-geres-national-park-1200g\\\/#breadcrumb\"},\"inLanguage\":\"de\",\"potentialAction\":[{\"@type\":\"ReadAction\",\"target\":[\"https:\\\/\\\/legendatours.com\\\/product\\\/peneda-geres-national-park-1200g\\\/\"]}]},{\"@type\":\"ImageObject\",\"inLanguage\":\"de\",\"@id\":\"https:\\\/\\\/legendatours.com\\\/product\\\/peneda-geres-national-park-1200g\\\/#primaryimage\",\"url\":\"https:\\\/\\\/legendatours.com\\\/wp-content\\\/uploads\\\/sites\\\/12\\\/2021\\\/04\\\/geres-e1611683616962.jpg\",\"contentUrl\":\"https:\\\/\\\/legendatours.com\\\/wp-content\\\/uploads\\\/sites\\\/12\\\/2021\\\/04\\\/geres-e1611683616962.jpg\",\"width\":1024,\"height\":697,\"caption\":\"Geres walking group\"},{\"@type\":\"BreadcrumbList\",\"@id\":\"https:\\\/\\\/legendatours.com\\\/product\\\/peneda-geres-national-park-1200g\\\/#breadcrumb\",\"itemListElement\":[{\"@type\":\"ListItem\",\"position\":1,\"name\":\"Home\",\"item\":\"https:\\\/\\\/legendatours.com\\\/\"},{\"@type\":\"ListItem\",\"position\":2,\"name\":\"Shop\",\"item\":\"https:\\\/\\\/legendatours.com\\\/sv\\\/?page_id=4\"},{\"@type\":\"ListItem\",\"position\":3,\"name\":\"Walking in Peneda Ger\u00eas National Park\"}]},{\"@type\":\"WebSite\",\"@id\":\"https:\\\/\\\/legendatours.com\\\/#website\",\"url\":\"https:\\\/\\\/legendatours.com\\\/\",\"name\":\"Legendary Adventure DMC Portugal\",\"description\":\"Responsible Walking &amp; Nature Holidays in Portugal\",\"publisher\":{\"@id\":\"https:\\\/\\\/legendatours.com\\\/#organization\"},\"alternateName\":\"Legendary Adventure Portugal\",\"potentialAction\":[{\"@type\":\"SearchAction\",\"target\":{\"@type\":\"EntryPoint\",\"urlTemplate\":\"https:\\\/\\\/legendatours.com\\\/?s={search_term_string}\"},\"query-input\":{\"@type\":\"PropertyValueSpecification\",\"valueRequired\":true,\"valueName\":\"search_term_string\"}}],\"inLanguage\":\"de\"},{\"@type\":\"Organization\",\"@id\":\"https:\\\/\\\/legendatours.com\\\/#organization\",\"name\":\"legendatours.com\",\"url\":\"https:\\\/\\\/legendatours.com\\\/\",\"logo\":{\"@type\":\"ImageObject\",\"inLanguage\":\"de\",\"@id\":\"https:\\\/\\\/legendatours.com\\\/#\\\/schema\\\/logo\\\/image\\\/\",\"url\":\"https:\\\/\\\/legendatours.com\\\/wp-content\\\/uploads\\\/sites\\\/12\\\/2021\\\/06\\\/legendary_adventure_dmc.png\",\"contentUrl\":\"https:\\\/\\\/legendatours.com\\\/wp-content\\\/uploads\\\/sites\\\/12\\\/2021\\\/06\\\/legendary_adventure_dmc.png\",\"width\":250,\"height\":74,\"caption\":\"legendatours.com\"},\"image\":{\"@id\":\"https:\\\/\\\/legendatours.com\\\/#\\\/schema\\\/logo\\\/image\\\/\"},\"sameAs\":[\"https:\\\/\\\/www.facebook.com\\\/legendaryadventuredmc\\\/\",\"https:\\\/\\\/www.linkedin.com\\\/company\\\/legendary-adventure-dmc-portugal\",\"https:\\\/\\\/www.youtube.com\\\/channel\\\/UCOIRDx_KM6ynIcacQkZjb6g\"]}]}<\/script>\n<!-- \/ Yoast SEO Premium plugin. -->","yoast_head_json":{"title":"Wandern im Nationalpark Peneda Ger\u00eas - Legend\u00e4res Abenteuer DMC Portugal","robots":{"index":"index","follow":"follow","max-snippet":"max-snippet:-1","max-image-preview":"max-image-preview:large","max-video-preview":"max-video-preview:-1"},"canonical":"https:\/\/legendatours.com\/de\/produkt\/peneda-geres-national-park-1200g\/","og_locale":"de_DE","og_type":"article","og_title":"Walking in Peneda Ger\u00eas National Park","og_description":"In northern Portugal, perhaps the most magnificent of all the mountain ranges is the Serra do Ger\u00eas.  It comprises half of Portugal\u2019s biggest Natural Reserve and varies from lush lowland lakes and rivers to dramatic high mountain granite ridges separating Portugal from Spain.  The Peneda Ger\u00eas National Park is one of the greatest natural attractions in Portugal due to the rare and impressive beauty of its landscape, its ecological value, and the variety of its fauna and flora.","og_url":"https:\/\/legendatours.com\/de\/produkt\/peneda-geres-national-park-1200g\/","og_site_name":"Legendary Adventure DMC Portugal","article_publisher":"https:\/\/www.facebook.com\/legendaryadventuredmc\/","article_modified_time":"2021-08-11T17:51:41+00:00","og_image":[{"width":1024,"height":697,"url":"https:\/\/legendatours.com\/wp-content\/uploads\/sites\/12\/2021\/04\/geres-e1611683616962.jpg","type":"image\/jpeg"}],"twitter_card":"summary_large_image","twitter_misc":{"Gesch\u00e4tzte Lesezeit":"2\u00a0Minuten"},"schema":{"@context":"https:\/\/schema.org","@graph":[{"@type":"WebPage","@id":"https:\/\/legendatours.com\/product\/peneda-geres-national-park-1200g\/","url":"https:\/\/legendatours.com\/product\/peneda-geres-national-park-1200g\/","name":"Wandern im Nationalpark Peneda Ger\u00eas - Legend\u00e4res Abenteuer DMC Portugal","isPartOf":{"@id":"https:\/\/legendatours.com\/#website"},"primaryImageOfPage":{"@id":"https:\/\/legendatours.com\/product\/peneda-geres-national-park-1200g\/#primaryimage"},"image":{"@id":"https:\/\/legendatours.com\/product\/peneda-geres-national-park-1200g\/#primaryimage"},"thumbnailUrl":"https:\/\/legendatours.com\/wp-content\/uploads\/sites\/12\/2021\/04\/geres-e1611683616962.jpg","datePublished":"2020-07-02T15:15:46+00:00","dateModified":"2021-08-11T17:51:41+00:00","breadcrumb":{"@id":"https:\/\/legendatours.com\/product\/peneda-geres-national-park-1200g\/#breadcrumb"},"inLanguage":"de","potentialAction":[{"@type":"ReadAction","target":["https:\/\/legendatours.com\/product\/peneda-geres-national-park-1200g\/"]}]},{"@type":"ImageObject","inLanguage":"de","@id":"https:\/\/legendatours.com\/product\/peneda-geres-national-park-1200g\/#primaryimage","url":"https:\/\/legendatours.com\/wp-content\/uploads\/sites\/12\/2021\/04\/geres-e1611683616962.jpg","contentUrl":"https:\/\/legendatours.com\/wp-content\/uploads\/sites\/12\/2021\/04\/geres-e1611683616962.jpg","width":1024,"height":697,"caption":"Geres walking group"},{"@type":"BreadcrumbList","@id":"https:\/\/legendatours.com\/product\/peneda-geres-national-park-1200g\/#breadcrumb","itemListElement":[{"@type":"ListItem","position":1,"name":"Home","item":"https:\/\/legendatours.com\/"},{"@type":"ListItem","position":2,"name":"Shop","item":"https:\/\/legendatours.com\/sv\/?page_id=4"},{"@type":"ListItem","position":3,"name":"Walking in Peneda Ger\u00eas National Park"}]},{"@type":"WebSite","@id":"https:\/\/legendatours.com\/#website","url":"https:\/\/legendatours.com\/","name":"Legend\u00e4res Abenteuer DMC Portugal","description":"Verantwortungsvolles Wandern und Natururlaub in Portugal","publisher":{"@id":"https:\/\/legendatours.com\/#organization"},"alternateName":"Legendary Adventure Portugal","potentialAction":[{"@type":"SearchAction","target":{"@type":"EntryPoint","urlTemplate":"https:\/\/legendatours.com\/?s={search_term_string}"},"query-input":{"@type":"PropertyValueSpecification","valueRequired":true,"valueName":"search_term_string"}}],"inLanguage":"de"},{"@type":"Organization","@id":"https:\/\/legendatours.com\/#organization","name":"legendatours.com","url":"https:\/\/legendatours.com\/","logo":{"@type":"ImageObject","inLanguage":"de","@id":"https:\/\/legendatours.com\/#\/schema\/logo\/image\/","url":"https:\/\/legendatours.com\/wp-content\/uploads\/sites\/12\/2021\/06\/legendary_adventure_dmc.png","contentUrl":"https:\/\/legendatours.com\/wp-content\/uploads\/sites\/12\/2021\/06\/legendary_adventure_dmc.png","width":250,"height":74,"caption":"legendatours.com"},"image":{"@id":"https:\/\/legendatours.com\/#\/schema\/logo\/image\/"},"sameAs":["https:\/\/www.facebook.com\/legendaryadventuredmc\/","https:\/\/www.linkedin.com\/company\/legendary-adventure-dmc-portugal","https:\/\/www.youtube.com\/channel\/UCOIRDx_KM6ynIcacQkZjb6g"]}]}},"_links":{"self":[{"href":"https:\/\/legendatours.com\/de\/wp-json\/wp\/v2\/product\/7885","targetHints":{"allow":["GET"]}}],"collection":[{"href":"https:\/\/legendatours.com\/de\/wp-json\/wp\/v2\/product"}],"about":[{"href":"https:\/\/legendatours.com\/de\/wp-json\/wp\/v2\/types\/product"}],"replies":[{"embeddable":true,"href":"https:\/\/legendatours.com\/de\/wp-json\/wp\/v2\/comments?post=7885"}],"wp:featuredmedia":[{"embeddable":true,"href":"https:\/\/legendatours.com\/de\/wp-json\/wp\/v2\/media\/7883"}],"wp:attachment":[{"href":"https:\/\/legendatours.com\/de\/wp-json\/wp\/v2\/media?parent=7885"}],"wp:term":[{"taxonomy":"product_brand","embeddable":true,"href":"https:\/\/legendatours.com\/de\/wp-json\/wp\/v2\/product_brand?post=7885"},{"taxonomy":"product_cat","embeddable":true,"href":"https:\/\/legendatours.com\/de\/wp-json\/wp\/v2\/product_cat?post=7885"},{"taxonomy":"product_tag","embeddable":true,"href":"https:\/\/legendatours.com\/de\/wp-json\/wp\/v2\/product_tag?post=7885"}],"curies":[{"name":"wp","href":"https:\/\/api.w.org\/{rel}","templated":true}]}}