{"id":7889,"date":"2020-07-02T13:54:13","date_gmt":"2020-07-02T13:54:13","guid":{"rendered":"https:\/\/legendatours.com\/product\/aspects-of-the-alentejo-walking-holiday\/"},"modified":"2021-08-11T17:54:19","modified_gmt":"2021-08-11T17:54:19","slug":"aspects-of-the-alentejo-1100g","status":"publish","type":"product","link":"https:\/\/legendatours.com\/de\/produkt\/aspects-of-the-alentejo-1100g\/","title":{"rendered":"Aspekte des Wanderurlaubs im Alentejo"},"content":{"rendered":"<p><strong>Gruppen ab 6 Personen akzeptiert.<\/strong><\/p>\n<p>&nbsp;<\/p>\n<p>Der Alentejo (w\u00f6rtlich \u201eLand jenseits des Tejo\u201c) ist eine warme, trockene, meist sanfte Region n\u00f6rdlich der Algarve, die bis auf wenige ignoriert wurde.<\/p>\n<p>Alentejo ist eine d\u00fcnn besiedelte Region mit offenen Horizonten, in der der Lebensrhythmus dem m\u00fc\u00dfigen Klang regionaler Lieder folgt.<\/p>\n<p>Es ist perfekt zum Wandern und Erleben eines unvergesslichen Abenteuers: ein Land der Tradition und des Erbes.<\/p>\n<div id=\"attachment_2705\" style=\"width: 1034px\" class=\"wp-caption alignnone\"><img loading=\"lazy\" decoding=\"async\" aria-describedby=\"caption-attachment-2705\" class=\"wp-image-2705 size-large\" title=\"Alc\u00e1cer do Sal, Schlossblick\" src=\"https:\/\/legendatours.net\/wp-content\/uploads\/2020\/07\/alcacer_sal_castle_view-1024x681.jpg\" alt=\"Alc\u00e1cer do Sal, Castle view\" width=\"1024\" height=\"681\" \/><p id=\"caption-attachment-2705\" class=\"wp-caption-text\">Alc\u00e1cer do Sal, Schloss man kann\u00a0<em>Aussicht<\/em>\u00a0den Fluss Sado und die Ebenen der Region Alentejo. Ideal um tolle Fotos zu machen.<\/p><\/div>\n<p>Diese Tour f\u00fchrt uns entlang der bemerkenswerten Spuren alter Kulturen: Dolmen und Cromlechs. R\u00f6mische und arabische \u00dcberreste vermischen sich mit den neuesten Zeichen des Christentums, wovon die zahlreichen mittelalterlichen Burgen nur ein Beispiel sind.<\/p>\n<p>Wir wandern an weiten Weizenfeldern und Weinbergen entlang, wo intensive gr\u00fcne und goldene Farben die Ebenen charakterisieren und wo im Fr\u00fchling die Felder mit Millionen von Wildblumen bedeckt sind, um die Augen zu erfreuen.<\/p>\n<p>Wir sehen weite Felder mit Kork- oder Olivenb\u00e4umen mit Herden von Weidetieren, K\u00fchen, Schafen oder manchmal auch Schweinen, die normalerweise den Schatten der B\u00e4ume genie\u00dfen.<\/p>\n<p>Die D\u00f6rfer mit ihren wei\u00df get\u00fcnchten H\u00e4usern blenden die Augen.<\/p>\n<p>Die Menschen hier sind sehr stolz auf ihr Erbe und bewahren die alten Geb\u00e4ude und auch die alten Praktiken. Dies ist eine Region mit einer sehr reichen Handwerkstradition \u2013 T\u00f6pferei, Stickereien, handbemalte M\u00f6bel, Schmiedearbeiten usw.<\/p>\n<p>Die lokale Gastronomie ist abwechslungsreich und lecker und passt perfekt zu den ber\u00fchmten lokalen Weinen.<\/p>\n<div id=\"attachment_2708\" style=\"width: 1034px\" class=\"wp-caption alignnone\"><img loading=\"lazy\" decoding=\"async\" aria-describedby=\"caption-attachment-2708\" class=\"wp-image-2708 size-large\" title=\"Marv\u00e3o ist eine kleine mittelalterliche Stadt auf der Spitze des H\u00fcgels\" src=\"https:\/\/legendatours.net\/wp-content\/uploads\/2020\/07\/marvao_village-1024x690.jpg\" alt=\"Marv\u00e3o is a small medieval town on the top of the hill\" width=\"1024\" height=\"690\" \/><p id=\"caption-attachment-2708\" class=\"wp-caption-text\">Marv\u00e3o ist eine kleine mittelalterliche Stadt auf der Spitze des H\u00fcgels<\/p><\/div>\n<p>Dies ist eine Tour, bei der die Stille und Stille der endlosen Landschaften uns einladen, die Natur in einer l\u00e4ndlichen Umgebung zu teilen und mit den Menschen, die dort leben und arbeiten, in Kontakt zu treten.<\/p>\n<p>Dies ist eine spektakul\u00e4re Tour, die uns drei sehr unterschiedliche Facetten dieser bemerkenswerten Region zeigt und uns zu den \u00e4ltesten \u00dcberresten unserer Geschichte und unseres Erbes f\u00fchrt.<\/p>\n<p>Wir beginnen unsere Entdeckung in Alc\u00e1cer do Sal. Alc\u00e1cer verbindet eine wundersch\u00f6ne Umgebung am Rande des Rio Sado mit einer beeindruckenden Landschaft und einer F\u00fclle historischer \u00dcberreste.<\/p>\n<p>Der Name der Stadt stammt aus dem maurischen al qasr, was \u201edie Burg\u201c bedeutet, und das \u201esal\u201c bezieht sich auf die uralte Salzgewinnung in dieser Gegend.<\/p>\n<p>Ein weiterer typischer Wirtschaftszweig der K\u00fcstenregion Alentejo in Portugal ist die Herstellung des \u201ewei\u00dfen Goldes von Alc\u00e1cer\u201c, Pinienkernen, wie die riesigen Pinienplantagen belegen.<\/p>\n<div id=\"attachment_2706\" style=\"width: 1034px\" class=\"wp-caption alignnone\"><img loading=\"lazy\" decoding=\"async\" aria-describedby=\"caption-attachment-2706\" class=\"wp-image-2706 size-large\" title=\"\u00c9vora ist eines der besten Reiseziele in Zentralportugal\" src=\"https:\/\/legendatours.net\/wp-content\/uploads\/2020\/07\/evora-1024x576.jpg\" alt=\"\u00c9vora is one of the best tourist destinations of central Portugal\" width=\"1024\" height=\"576\" \/><p id=\"caption-attachment-2706\" class=\"wp-caption-text\">\u00c9vora ist eines der besten Reiseziele in Zentralportugal<\/p><\/div>\n<p>Ins Landesinnere fahren wir ins Herz des Alentejo, in die malerische, ummauerte Stadt \u00c9vora, die zum UNESCO-Weltkulturerbe geh\u00f6rt.<\/p>\n<p>Hier finden wir eine faszinierende Mischung aus Architektur aus verschiedenen Epochen aus der Zeit vor der R\u00f6merzeit und charmante Stra\u00dfen voller Caf\u00e9s und attraktiver Restaurants mit lokaler alentejanischer K\u00fcche.<\/p>\n<p>In der umliegenden Landschaft sind wilde Fr\u00fchlingsblumen ein toller Begleiter f\u00fcr unsere ausgezeichneten Wanderungen.<\/p>\n<p>Unser letztes Zentrum befindet sich in Portalegre, dem Tor zum \u00f6stlichen Alentejo.<\/p>\n<p>Eine absolut herrliche Region von echter Sch\u00f6nheit, echtem l\u00e4ndlichem Leben, gro\u00dfartigen Landschaften und Menschen, die sehr stolz auf ihr Erbe sind.<\/p>\n<p>Am Fu\u00dfe des S\u00e3o Mamede-Gebirges und des Naturparks gelegen, bietet die Region eine F\u00fclle von historischen Denkm\u00e4lern und beeindruckenden Ausblicken.<\/p>\n<p>Hier finden wir fantastische Speisen und Weine, alte Traditionen, wundersch\u00f6nes Kunsthandwerk sowie herrliche Wanderungen inmitten einer beeindruckenden Landschaft.<\/p>","protected":false},"excerpt":{"rendered":"<p>Der Alentejo (w\u00f6rtlich \u201eLand jenseits des Tejo\u201c) ist eine warme, trockene, meist sanfte Region n\u00f6rdlich der Algarve, die bis auf wenige ignoriert wurde.<\/p>\n<p>Alentejo ist eine d\u00fcnn besiedelte Region mit offenen Horizonten, in der der Lebensrhythmus dem m\u00fc\u00dfigen Klang regionaler Lieder folgt.<\/p>\n<p>Es ist perfekt zum Wandern und Erleben eines unvergesslichen Abenteuers: ein Land der Tradition und des Erbes.<\/p>","protected":false},"featured_media":7593,"comment_status":"closed","ping_status":"closed","template":"","meta":{"_acf_changed":false,"inline_featured_image":false},"product_brand":[],"product_cat":[32,28,29,30,31],"product_tag":[330,332,210,211,73,212,333,183,213,186,673,565,215,216,46,674,675,192,52,195,219,55,220,199,225,64,676,677,678,208,70,71,232],"class_list":{"0":"post-7889","1":"product","2":"type-product","3":"status-publish","4":"has-post-thumbnail","6":"product_cat-cultural-tours-and-holidays-in-portugal","7":"product_cat-guided-group-tours","8":"product_cat-portugal-guided-historical-holidays","9":"product_cat-guided-sightseeing-holidays-portugal","10":"product_cat-guided-walking-holidays-in-portugal","11":"product_tag-alcacer-do-sal","12":"product_tag-alenteho","13":"product_tag-alentejo","14":"product_tag-alentejo-landscape","15":"product_tag-alentejo-walking","16":"product_tag-ancient-buildings","17":"product_tag-ancient-churches","18":"product_tag-ancient-villages-and-castles","19":"product_tag-castelo-de-vide","20":"product_tag-charming-historical-towns","21":"product_tag-cork-woods","22":"product_tag-estremoz-walking","23":"product_tag-evora","24":"product_tag-evora-walking","25":"product_tag-gastronomy-and-wines","26":"product_tag-golden-wheat-fields","27":"product_tag-handicraft-tradition","28":"product_tag-historic-buildings","29":"product_tag-historic-town","30":"product_tag-history-and-heritage","31":"product_tag-inland-alentejo","32":"product_tag-local-gastronomy","33":"product_tag-marvao","34":"product_tag-medieval-castle","35":"product_tag-portalegre-walking","36":"product_tag-roman-and-arab-vestiges","37":"product_tag-sao-mamede-mountains","38":"product_tag-spring","39":"product_tag-the-alentejo","40":"product_tag-traditional-villages","41":"product_tag-traditions","42":"product_tag-unesco-world-heritage-site","43":"product_tag-wild-flowers-alentejo","45":"first","46":"instock","47":"virtual","48":"product-type-simple"},"acf":[],"yoast_head":"<!-- This site is optimized with the Yoast SEO Premium plugin v26.8 (Yoast SEO v27.3) - https:\/\/yoast.com\/product\/yoast-seo-premium-wordpress\/ -->\n<title>Aspects of The Alentejo Walking Holiday - Legendary Adventure DMC Portugal<\/title>\n<meta name=\"robots\" content=\"index, follow, max-snippet:-1, max-image-preview:large, max-video-preview:-1\" \/>\n<link rel=\"canonical\" href=\"https:\/\/legendatours.com\/de\/produkt\/aspects-of-the-alentejo-1100g\/\" \/>\n<meta property=\"og:locale\" content=\"de_DE\" \/>\n<meta property=\"og:type\" content=\"article\" \/>\n<meta property=\"og:title\" content=\"Aspects of The Alentejo Walking Holiday\" \/>\n<meta property=\"og:description\" content=\"The Alentejo (literally &quot;land beyond the Tagus&quot;) is a warm, dry, mostly gentle region north of the Algarve that has been ignored by all but a few.  Alentejo is a sparsely populated region with open horizons, where the rhythm of life follows the idle sound of regional songs.  It is perfect for walking and experiencing an unforgettable adventure: a land of tradition and heritage.\" \/>\n<meta property=\"og:url\" content=\"https:\/\/legendatours.com\/de\/produkt\/aspects-of-the-alentejo-1100g\/\" \/>\n<meta property=\"og:site_name\" content=\"Legendary Adventure DMC Portugal\" \/>\n<meta property=\"article:publisher\" content=\"https:\/\/www.facebook.com\/legendaryadventuredmc\/\" \/>\n<meta property=\"article:modified_time\" content=\"2021-08-11T17:54:19+00:00\" \/>\n<meta property=\"og:image\" content=\"https:\/\/legendatours.com\/wp-content\/uploads\/sites\/12\/2021\/04\/marvao-e1611683554156.jpg\" \/>\n\t<meta property=\"og:image:width\" content=\"1023\" \/>\n\t<meta property=\"og:image:height\" content=\"768\" \/>\n\t<meta property=\"og:image:type\" content=\"image\/jpeg\" \/>\n<meta name=\"twitter:card\" content=\"summary_large_image\" \/>\n<meta name=\"twitter:label1\" content=\"Gesch\u00e4tzte Lesezeit\" \/>\n\t<meta name=\"twitter:data1\" content=\"3\u00a0Minuten\" \/>\n<script type=\"application\/ld+json\" class=\"yoast-schema-graph\">{\"@context\":\"https:\\\/\\\/schema.org\",\"@graph\":[{\"@type\":\"WebPage\",\"@id\":\"https:\\\/\\\/legendatours.com\\\/product\\\/aspects-of-the-alentejo-1100g\\\/\",\"url\":\"https:\\\/\\\/legendatours.com\\\/product\\\/aspects-of-the-alentejo-1100g\\\/\",\"name\":\"Aspects of The Alentejo Walking Holiday - Legendary Adventure DMC Portugal\",\"isPartOf\":{\"@id\":\"https:\\\/\\\/legendatours.com\\\/#website\"},\"primaryImageOfPage\":{\"@id\":\"https:\\\/\\\/legendatours.com\\\/product\\\/aspects-of-the-alentejo-1100g\\\/#primaryimage\"},\"image\":{\"@id\":\"https:\\\/\\\/legendatours.com\\\/product\\\/aspects-of-the-alentejo-1100g\\\/#primaryimage\"},\"thumbnailUrl\":\"https:\\\/\\\/legendatours.com\\\/wp-content\\\/uploads\\\/sites\\\/12\\\/2021\\\/04\\\/marvao-e1611683554156.jpg\",\"datePublished\":\"2020-07-02T13:54:13+00:00\",\"dateModified\":\"2021-08-11T17:54:19+00:00\",\"breadcrumb\":{\"@id\":\"https:\\\/\\\/legendatours.com\\\/product\\\/aspects-of-the-alentejo-1100g\\\/#breadcrumb\"},\"inLanguage\":\"de\",\"potentialAction\":[{\"@type\":\"ReadAction\",\"target\":[\"https:\\\/\\\/legendatours.com\\\/product\\\/aspects-of-the-alentejo-1100g\\\/\"]}]},{\"@type\":\"ImageObject\",\"inLanguage\":\"de\",\"@id\":\"https:\\\/\\\/legendatours.com\\\/product\\\/aspects-of-the-alentejo-1100g\\\/#primaryimage\",\"url\":\"https:\\\/\\\/legendatours.com\\\/wp-content\\\/uploads\\\/sites\\\/12\\\/2021\\\/04\\\/marvao-e1611683554156.jpg\",\"contentUrl\":\"https:\\\/\\\/legendatours.com\\\/wp-content\\\/uploads\\\/sites\\\/12\\\/2021\\\/04\\\/marvao-e1611683554156.jpg\",\"width\":1023,\"height\":768,\"caption\":\"Marvao\"},{\"@type\":\"BreadcrumbList\",\"@id\":\"https:\\\/\\\/legendatours.com\\\/product\\\/aspects-of-the-alentejo-1100g\\\/#breadcrumb\",\"itemListElement\":[{\"@type\":\"ListItem\",\"position\":1,\"name\":\"Home\",\"item\":\"https:\\\/\\\/legendatours.com\\\/\"},{\"@type\":\"ListItem\",\"position\":2,\"name\":\"Shop\",\"item\":\"https:\\\/\\\/legendatours.com\\\/sv\\\/?page_id=4\"},{\"@type\":\"ListItem\",\"position\":3,\"name\":\"Aspects of The Alentejo Walking Holiday\"}]},{\"@type\":\"WebSite\",\"@id\":\"https:\\\/\\\/legendatours.com\\\/#website\",\"url\":\"https:\\\/\\\/legendatours.com\\\/\",\"name\":\"Legendary Adventure DMC Portugal\",\"description\":\"Responsible Walking &amp; Nature Holidays in Portugal\",\"publisher\":{\"@id\":\"https:\\\/\\\/legendatours.com\\\/#organization\"},\"alternateName\":\"Legendary Adventure Portugal\",\"potentialAction\":[{\"@type\":\"SearchAction\",\"target\":{\"@type\":\"EntryPoint\",\"urlTemplate\":\"https:\\\/\\\/legendatours.com\\\/?s={search_term_string}\"},\"query-input\":{\"@type\":\"PropertyValueSpecification\",\"valueRequired\":true,\"valueName\":\"search_term_string\"}}],\"inLanguage\":\"de\"},{\"@type\":\"Organization\",\"@id\":\"https:\\\/\\\/legendatours.com\\\/#organization\",\"name\":\"legendatours.com\",\"url\":\"https:\\\/\\\/legendatours.com\\\/\",\"logo\":{\"@type\":\"ImageObject\",\"inLanguage\":\"de\",\"@id\":\"https:\\\/\\\/legendatours.com\\\/#\\\/schema\\\/logo\\\/image\\\/\",\"url\":\"https:\\\/\\\/legendatours.com\\\/wp-content\\\/uploads\\\/sites\\\/12\\\/2021\\\/06\\\/legendary_adventure_dmc.png\",\"contentUrl\":\"https:\\\/\\\/legendatours.com\\\/wp-content\\\/uploads\\\/sites\\\/12\\\/2021\\\/06\\\/legendary_adventure_dmc.png\",\"width\":250,\"height\":74,\"caption\":\"legendatours.com\"},\"image\":{\"@id\":\"https:\\\/\\\/legendatours.com\\\/#\\\/schema\\\/logo\\\/image\\\/\"},\"sameAs\":[\"https:\\\/\\\/www.facebook.com\\\/legendaryadventuredmc\\\/\",\"https:\\\/\\\/www.linkedin.com\\\/company\\\/legendary-adventure-dmc-portugal\",\"https:\\\/\\\/www.youtube.com\\\/channel\\\/UCOIRDx_KM6ynIcacQkZjb6g\"]}]}<\/script>\n<!-- \/ Yoast SEO Premium plugin. -->","yoast_head_json":{"title":"Aspekte des Wanderurlaubs im Alentejo - Legendary Adventure DMC Portugal","robots":{"index":"index","follow":"follow","max-snippet":"max-snippet:-1","max-image-preview":"max-image-preview:large","max-video-preview":"max-video-preview:-1"},"canonical":"https:\/\/legendatours.com\/de\/produkt\/aspects-of-the-alentejo-1100g\/","og_locale":"de_DE","og_type":"article","og_title":"Aspects of The Alentejo Walking Holiday","og_description":"The Alentejo (literally \"land beyond the Tagus\") is a warm, dry, mostly gentle region north of the Algarve that has been ignored by all but a few.  Alentejo is a sparsely populated region with open horizons, where the rhythm of life follows the idle sound of regional songs.  It is perfect for walking and experiencing an unforgettable adventure: a land of tradition and heritage.","og_url":"https:\/\/legendatours.com\/de\/produkt\/aspects-of-the-alentejo-1100g\/","og_site_name":"Legendary Adventure DMC Portugal","article_publisher":"https:\/\/www.facebook.com\/legendaryadventuredmc\/","article_modified_time":"2021-08-11T17:54:19+00:00","og_image":[{"width":1023,"height":768,"url":"https:\/\/legendatours.com\/wp-content\/uploads\/sites\/12\/2021\/04\/marvao-e1611683554156.jpg","type":"image\/jpeg"}],"twitter_card":"summary_large_image","twitter_misc":{"Gesch\u00e4tzte Lesezeit":"3\u00a0Minuten"},"schema":{"@context":"https:\/\/schema.org","@graph":[{"@type":"WebPage","@id":"https:\/\/legendatours.com\/product\/aspects-of-the-alentejo-1100g\/","url":"https:\/\/legendatours.com\/product\/aspects-of-the-alentejo-1100g\/","name":"Aspekte des Wanderurlaubs im Alentejo - Legendary Adventure DMC Portugal","isPartOf":{"@id":"https:\/\/legendatours.com\/#website"},"primaryImageOfPage":{"@id":"https:\/\/legendatours.com\/product\/aspects-of-the-alentejo-1100g\/#primaryimage"},"image":{"@id":"https:\/\/legendatours.com\/product\/aspects-of-the-alentejo-1100g\/#primaryimage"},"thumbnailUrl":"https:\/\/legendatours.com\/wp-content\/uploads\/sites\/12\/2021\/04\/marvao-e1611683554156.jpg","datePublished":"2020-07-02T13:54:13+00:00","dateModified":"2021-08-11T17:54:19+00:00","breadcrumb":{"@id":"https:\/\/legendatours.com\/product\/aspects-of-the-alentejo-1100g\/#breadcrumb"},"inLanguage":"de","potentialAction":[{"@type":"ReadAction","target":["https:\/\/legendatours.com\/product\/aspects-of-the-alentejo-1100g\/"]}]},{"@type":"ImageObject","inLanguage":"de","@id":"https:\/\/legendatours.com\/product\/aspects-of-the-alentejo-1100g\/#primaryimage","url":"https:\/\/legendatours.com\/wp-content\/uploads\/sites\/12\/2021\/04\/marvao-e1611683554156.jpg","contentUrl":"https:\/\/legendatours.com\/wp-content\/uploads\/sites\/12\/2021\/04\/marvao-e1611683554156.jpg","width":1023,"height":768,"caption":"Marvao"},{"@type":"BreadcrumbList","@id":"https:\/\/legendatours.com\/product\/aspects-of-the-alentejo-1100g\/#breadcrumb","itemListElement":[{"@type":"ListItem","position":1,"name":"Home","item":"https:\/\/legendatours.com\/"},{"@type":"ListItem","position":2,"name":"Shop","item":"https:\/\/legendatours.com\/sv\/?page_id=4"},{"@type":"ListItem","position":3,"name":"Aspects of The Alentejo Walking Holiday"}]},{"@type":"WebSite","@id":"https:\/\/legendatours.com\/#website","url":"https:\/\/legendatours.com\/","name":"Legend\u00e4res Abenteuer DMC Portugal","description":"Verantwortungsvolles Wandern und Natururlaub in Portugal","publisher":{"@id":"https:\/\/legendatours.com\/#organization"},"alternateName":"Legendary Adventure Portugal","potentialAction":[{"@type":"SearchAction","target":{"@type":"EntryPoint","urlTemplate":"https:\/\/legendatours.com\/?s={search_term_string}"},"query-input":{"@type":"PropertyValueSpecification","valueRequired":true,"valueName":"search_term_string"}}],"inLanguage":"de"},{"@type":"Organization","@id":"https:\/\/legendatours.com\/#organization","name":"legendatours.com","url":"https:\/\/legendatours.com\/","logo":{"@type":"ImageObject","inLanguage":"de","@id":"https:\/\/legendatours.com\/#\/schema\/logo\/image\/","url":"https:\/\/legendatours.com\/wp-content\/uploads\/sites\/12\/2021\/06\/legendary_adventure_dmc.png","contentUrl":"https:\/\/legendatours.com\/wp-content\/uploads\/sites\/12\/2021\/06\/legendary_adventure_dmc.png","width":250,"height":74,"caption":"legendatours.com"},"image":{"@id":"https:\/\/legendatours.com\/#\/schema\/logo\/image\/"},"sameAs":["https:\/\/www.facebook.com\/legendaryadventuredmc\/","https:\/\/www.linkedin.com\/company\/legendary-adventure-dmc-portugal","https:\/\/www.youtube.com\/channel\/UCOIRDx_KM6ynIcacQkZjb6g"]}]}},"_links":{"self":[{"href":"https:\/\/legendatours.com\/de\/wp-json\/wp\/v2\/product\/7889","targetHints":{"allow":["GET"]}}],"collection":[{"href":"https:\/\/legendatours.com\/de\/wp-json\/wp\/v2\/product"}],"about":[{"href":"https:\/\/legendatours.com\/de\/wp-json\/wp\/v2\/types\/product"}],"replies":[{"embeddable":true,"href":"https:\/\/legendatours.com\/de\/wp-json\/wp\/v2\/comments?post=7889"}],"wp:featuredmedia":[{"embeddable":true,"href":"https:\/\/legendatours.com\/de\/wp-json\/wp\/v2\/media\/7593"}],"wp:attachment":[{"href":"https:\/\/legendatours.com\/de\/wp-json\/wp\/v2\/media?parent=7889"}],"wp:term":[{"taxonomy":"product_brand","embeddable":true,"href":"https:\/\/legendatours.com\/de\/wp-json\/wp\/v2\/product_brand?post=7889"},{"taxonomy":"product_cat","embeddable":true,"href":"https:\/\/legendatours.com\/de\/wp-json\/wp\/v2\/product_cat?post=7889"},{"taxonomy":"product_tag","embeddable":true,"href":"https:\/\/legendatours.com\/de\/wp-json\/wp\/v2\/product_tag?post=7889"}],"curies":[{"name":"wp","href":"https:\/\/api.w.org\/{rel}","templated":true}]}}