{"id":7916,"date":"2020-06-30T14:53:40","date_gmt":"2020-06-30T14:53:40","guid":{"rendered":"https:\/\/legendatours.com\/product\/guided-walking-holidays-the-ultimate-coastal-algarve-walk\/"},"modified":"2025-07-23T15:01:56","modified_gmt":"2025-07-23T15:01:56","slug":"the-ultimate-coastal-algarve-walk-12500g","status":"publish","type":"product","link":"https:\/\/legendatours.com\/de\/produkt\/the-ultimate-coastal-algarve-walk-12500g\/","title":{"rendered":"Gef\u00fchrte Wanderferien \u2013 Der ultimative K\u00fcstenwanderweg an der Algarve"},"content":{"rendered":"<p><strong>Groups accepted with a minimum of 6 pax<\/strong><\/p>\n<p>In the tranquil East Algarve, secluded beaches can stretch for many kilometers with no one in sight and the Ria Formosa Nature Reserve teems with birds and sea life; tourist activity is secondary to the wildlife and work of the fishermen and shellfish farmers.<\/p>\n<p>The West Algarve is more populated but has cliffs, volcanic hills, and dramatic limestone escarpments. This diversity is complemented by the local flora and fauna that flourishes in its mild sunny winters and long hot summers.<\/p>\n<div id=\"attachment_1776\" style=\"width: 1034px\" class=\"wp-caption alignnone\"><img loading=\"lazy\" decoding=\"async\" aria-describedby=\"caption-attachment-1776\" class=\"wp-image-1776 size-large\" title=\"Anchor cemetery in Barril Beach Tavira, A real treat. One of finest beaches in the world\" src=\"https:\/\/legendatours.net\/wp-content\/uploads\/2020\/03\/Anchor-cemetery-in-Barril-Beach-1024x687.jpg\" alt=\"Anchor cemetery in Barril Beach Tavira, A real treat. One of finest beaches in the world\" width=\"1024\" height=\"687\" \/><p id=\"caption-attachment-1776\" class=\"wp-caption-text\">Anchor cemetery in Barril Beach Tavira, A real treat. One of the finest beaches in the world<\/p><\/div>\n<p>All this, combined, makes walking in the Coastal Algarve a fascinating experience with surprising sites and landscapes.<\/p>\n<p>Tavira, at the center of the Eastern Algarve, mixes old-Portuguese charm \u2013 cobbled streets, bougainvillea-hung balconies \u2013 with a workaday fisherman\u2019s riverfront.<\/p>\n<p>Its ruined castle, churches and elegant merchants\u2019 houses provide cultural interest, while the eight-mile beach, across the salt marshes of Ria Formosa Natural Park, is a perfect chill-out zone. The River Gil\u00e3o estuary meets the Ria Formosa and the Atlantic ocean in a tranquil and rich scenario, dotted with colorful traditional fishing boats.<\/p>\n<div id=\"attachment_1955\" style=\"width: 1034px\" class=\"wp-caption alignnone\"><img loading=\"lazy\" decoding=\"async\" aria-describedby=\"caption-attachment-1955\" class=\"wp-image-1955 size-large\" title=\"Whitewashed walls west Algarve village. A delightful mix of traditional Portuguese architecture with deep-rooted Moorish influences.\" src=\"https:\/\/legendatours.net\/wp-content\/uploads\/2020\/03\/Whitewashed_walls_west_Algarve_village-1-1024x683.jpg\" alt=\"Whitewashed walls west Algarve village. A delightful mix of traditional Portuguese architecture with deep-rooted Moorish influences.\" width=\"1024\" height=\"683\" \/><p id=\"caption-attachment-1955\" class=\"wp-caption-text\">Whitewashed walls west Algarve village. A delightful mix of traditional Portuguese architecture with deep-rooted Moorish influences.<\/p><\/div>\n<p>Portim\u00e3o, on the banks of the River Arade, was traditionally a center for sardine fishing and processing. Today the city\u2019s old and once bustling fishing docks have been remarkably transformed into a scenic promenade, leading to the quaint and tree-lined plazas of the old town. Bordering this is pleasant pedestrian shopping streets, a series of historic buildings, and a tantalizing selection of caf\u00e9s, bars, and restaurants.<\/p>\n<div id=\"attachment_1856\" style=\"width: 1034px\" class=\"wp-caption alignnone\"><img loading=\"lazy\" decoding=\"async\" aria-describedby=\"caption-attachment-1856\" class=\"wp-image-1856 size-large\" title=\"Walking in Lagos centre. The cosmopolitan city of Lagos, once a landmark of the Portuguese Discoveries, and refuge of pirates.\" src=\"https:\/\/legendatours.net\/wp-content\/uploads\/2020\/03\/Lagos_city_centre-1024x776.jpg\" alt=\"Walking in Lagos centre. The cosmopolitan city of Lagos, once a landmark of the Portuguese Discoveries, and refuge of pirates.\" width=\"1024\" height=\"776\" \/><p id=\"caption-attachment-1856\" class=\"wp-caption-text\">Walking in Lagos center. The cosmopolitan city of Lagos, once a landmark of the Portuguese Discoveries, and refuge of pirates.<\/p><\/div>\n<p>Lagos is a city that, from early on, was a gateway to the Mediterranean. It was from its wide bay, encircled by the fine sands of Meia Praia that Gil Eanes set off, the first to round Cape Bojador; it was here that privateers like Sir Francis Drake hid, and galleons full of gold and precious stones from the Americas or spices from India put into port.<\/p>\n<p>These are the three centers of our fantastic walking and sightseeing tour.<\/p>\n<div class=\"row\">\n<div class=\"column\" style=\"flex: 45%\">\n<p><iframe loading=\"lazy\" title=\"ALGARVE 360\u00ba - NATUREZA\" width=\"1080\" height=\"608\" src=\"https:\/\/www.youtube.com\/embed\/fVyjmDOmtKY?list=PLSsMxqnajQ5zPoY-sX9agbCcS1DV3kx0q\" frameborder=\"0\" allow=\"accelerometer; autoplay; clipboard-write; encrypted-media; gyroscope; picture-in-picture\" allowfullscreen><\/iframe><\/p>\n<\/div>\n<div class=\"column\" style=\"flex: 10%\"><\/div>\n<div class=\"column\" style=\"flex: 45%\">\n<p><iframe loading=\"lazy\" title=\"[Promotional video - UK] Algarve. Europe&#039;s most famous secret.\" width=\"1080\" height=\"810\" src=\"https:\/\/www.youtube.com\/embed\/EbG4M--OlsU?feature=oembed\" frameborder=\"0\" allow=\"accelerometer; autoplay; clipboard-write; encrypted-media; gyroscope; picture-in-picture\" allowfullscreen><\/iframe><\/p>\n<\/div>\n<\/div>\n","protected":false},"excerpt":{"rendered":"<p>Der ultimative K\u00fcstenwanderweg der Algarve: Von Ost nach West durch atemberaubende Landschaften ist eine gef\u00fchrte Wanderung in einigen der spektakul\u00e4rsten K\u00fcstenszenarien der Algarve.<\/p>\n<p>Sie werden sehen, dass es immer noch Orte mit mehr Flamingos als Touristen gibt und wo jahrhundertealte Traditionen Teil des t\u00e4glichen Lebens sind. Tavira, Portim\u00e3o und Lagos sind die Zentren unserer fantastischen Wander- und Sightseeing-Tour.<\/p>","protected":false},"featured_media":7890,"comment_status":"closed","ping_status":"closed","template":"","meta":{"_acf_changed":false,"inline_featured_image":false},"product_brand":[],"product_cat":[32,28,29,30,31],"product_tag":[679,147,367,647,680,34,681,214,337,154,155,682,90,91,156,157,158,191,159,160,270,683,100,101,162,106,640,60,167,168,642,228,173,174,68,684,685,177,121,112,122,645,145],"class_list":{"0":"post-7916","1":"product","2":"type-product","3":"status-publish","4":"has-post-thumbnail","6":"product_cat-cultural-tours-and-holidays-in-portugal","7":"product_cat-guided-group-tours","8":"product_cat-portugal-guided-historical-holidays","9":"product_cat-guided-sightseeing-holidays-portugal","10":"product_cat-guided-walking-holidays-in-portugal","11":"product_tag-age-of-discoveries","12":"product_tag-algarve","13":"product_tag-algarve-city","14":"product_tag-algarve-secluded-beaches","15":"product_tag-cape-st-vincent-day-tours","16":"product_tag-caves","17":"product_tag-cliffs","18":"product_tag-culture","19":"product_tag-delicious-food","20":"product_tag-east-algarve","21":"product_tag-europe","22":"product_tag-grottoes","23":"product_tag-guided-walking-holidays","24":"product_tag-guided-walking-tours","25":"product_tag-hiking","26":"product_tag-hiking-holidays","27":"product_tag-hiking-routes","28":"product_tag-hiking-tour","29":"product_tag-hiking-trails","30":"product_tag-holidays","31":"product_tag-lagos","32":"product_tag-limestone-rocks","33":"product_tag-nature-holidays","34":"product_tag-nature-tour","35":"product_tag-nature-walks","36":"product_tag-picturesque-landscapes","37":"product_tag-portimao","38":"product_tag-portugal","39":"product_tag-rambling","40":"product_tag-ria-formosa","41":"product_tag-sagres","42":"product_tag-sightseeing","43":"product_tag-sunny-winters","44":"product_tag-tavira","45":"product_tag-tours-in-portugal","46":"product_tag-trek-solo","47":"product_tag-trekking-solo","48":"product_tag-vacations","49":"product_tag-walking","50":"product_tag-walking-holidays","51":"product_tag-walking-tours","52":"product_tag-west-algarve","53":"product_tag-wines","55":"first","56":"instock","57":"virtual","58":"product-type-simple"},"acf":[],"yoast_head":"<!-- This site is optimized with the Yoast SEO Premium plugin v26.8 (Yoast SEO v27.3) - https:\/\/yoast.com\/product\/yoast-seo-premium-wordpress\/ -->\n<title>Guided Walking Holidays - The Ultimate Coastal Algarve Walk - Legendary Adventure DMC Portugal<\/title>\n<meta name=\"robots\" content=\"index, follow, max-snippet:-1, max-image-preview:large, max-video-preview:-1\" \/>\n<link rel=\"canonical\" href=\"https:\/\/legendatours.com\/de\/produkt\/the-ultimate-coastal-algarve-walk-12500g\/\" \/>\n<meta property=\"og:locale\" content=\"de_DE\" \/>\n<meta property=\"og:type\" content=\"article\" \/>\n<meta property=\"og:title\" content=\"Guided Walking Holidays - The Ultimate Coastal Algarve Walk\" \/>\n<meta property=\"og:description\" content=\"The Ultimate Coastal Algarve Walk: From East to West Crossing Stunning Landscapes is a Guided Walking Tour in some of the Algarve\u2019s most spectacular coastal scenarios.  You\u2019ll see that are still places with more flamingos than tourists, and where centuries-old traditions are part of daily life. Tavira, Portim\u00e3o, and Lagos are the centers of our fantastic walking and sightseeing tour.\" \/>\n<meta property=\"og:url\" content=\"https:\/\/legendatours.com\/de\/produkt\/the-ultimate-coastal-algarve-walk-12500g\/\" \/>\n<meta property=\"og:site_name\" content=\"Legendary Adventure DMC Portugal\" \/>\n<meta property=\"article:publisher\" content=\"https:\/\/www.facebook.com\/legendaryadventuredmc\/\" \/>\n<meta property=\"article:modified_time\" content=\"2025-07-23T15:01:56+00:00\" \/>\n<meta property=\"og:image\" content=\"https:\/\/legendatours.com\/wp-content\/uploads\/sites\/12\/2021\/04\/Praia_da_luz-e1611668787927.jpg\" \/>\n\t<meta property=\"og:image:width\" content=\"1024\" \/>\n\t<meta property=\"og:image:height\" content=\"686\" \/>\n\t<meta property=\"og:image:type\" content=\"image\/jpeg\" \/>\n<meta name=\"twitter:card\" content=\"summary_large_image\" \/>\n<meta name=\"twitter:label1\" content=\"Gesch\u00e4tzte Lesezeit\" \/>\n\t<meta name=\"twitter:data1\" content=\"2\u00a0Minuten\" \/>\n<script type=\"application\/ld+json\" class=\"yoast-schema-graph\">{\"@context\":\"https:\\\/\\\/schema.org\",\"@graph\":[{\"@type\":\"WebPage\",\"@id\":\"https:\\\/\\\/legendatours.com\\\/product\\\/the-ultimate-coastal-algarve-walk-12500g\\\/\",\"url\":\"https:\\\/\\\/legendatours.com\\\/product\\\/the-ultimate-coastal-algarve-walk-12500g\\\/\",\"name\":\"Guided Walking Holidays - The Ultimate Coastal Algarve Walk - Legendary Adventure DMC Portugal\",\"isPartOf\":{\"@id\":\"https:\\\/\\\/legendatours.com\\\/#website\"},\"primaryImageOfPage\":{\"@id\":\"https:\\\/\\\/legendatours.com\\\/product\\\/the-ultimate-coastal-algarve-walk-12500g\\\/#primaryimage\"},\"image\":{\"@id\":\"https:\\\/\\\/legendatours.com\\\/product\\\/the-ultimate-coastal-algarve-walk-12500g\\\/#primaryimage\"},\"thumbnailUrl\":\"https:\\\/\\\/legendatours.com\\\/wp-content\\\/uploads\\\/sites\\\/12\\\/2021\\\/04\\\/Praia_da_luz-e1611668787927.jpg\",\"datePublished\":\"2020-06-30T14:53:40+00:00\",\"dateModified\":\"2025-07-23T15:01:56+00:00\",\"breadcrumb\":{\"@id\":\"https:\\\/\\\/legendatours.com\\\/product\\\/the-ultimate-coastal-algarve-walk-12500g\\\/#breadcrumb\"},\"inLanguage\":\"de\",\"potentialAction\":[{\"@type\":\"ReadAction\",\"target\":[\"https:\\\/\\\/legendatours.com\\\/product\\\/the-ultimate-coastal-algarve-walk-12500g\\\/\"]}]},{\"@type\":\"ImageObject\",\"inLanguage\":\"de\",\"@id\":\"https:\\\/\\\/legendatours.com\\\/product\\\/the-ultimate-coastal-algarve-walk-12500g\\\/#primaryimage\",\"url\":\"https:\\\/\\\/legendatours.com\\\/wp-content\\\/uploads\\\/sites\\\/12\\\/2021\\\/04\\\/Praia_da_luz-e1611668787927.jpg\",\"contentUrl\":\"https:\\\/\\\/legendatours.com\\\/wp-content\\\/uploads\\\/sites\\\/12\\\/2021\\\/04\\\/Praia_da_luz-e1611668787927.jpg\",\"width\":1024,\"height\":686,\"caption\":\"Luz beach, lagos\"},{\"@type\":\"BreadcrumbList\",\"@id\":\"https:\\\/\\\/legendatours.com\\\/product\\\/the-ultimate-coastal-algarve-walk-12500g\\\/#breadcrumb\",\"itemListElement\":[{\"@type\":\"ListItem\",\"position\":1,\"name\":\"Home\",\"item\":\"https:\\\/\\\/legendatours.com\\\/\"},{\"@type\":\"ListItem\",\"position\":2,\"name\":\"Shop\",\"item\":\"https:\\\/\\\/legendatours.com\\\/sv\\\/?page_id=4\"},{\"@type\":\"ListItem\",\"position\":3,\"name\":\"Guided Walking Holidays &#8211; The Ultimate Coastal Algarve Walk\"}]},{\"@type\":\"WebSite\",\"@id\":\"https:\\\/\\\/legendatours.com\\\/#website\",\"url\":\"https:\\\/\\\/legendatours.com\\\/\",\"name\":\"Legendary Adventure DMC Portugal\",\"description\":\"Responsible Walking &amp; Nature Holidays in Portugal\",\"publisher\":{\"@id\":\"https:\\\/\\\/legendatours.com\\\/#organization\"},\"alternateName\":\"Legendary Adventure Portugal\",\"potentialAction\":[{\"@type\":\"SearchAction\",\"target\":{\"@type\":\"EntryPoint\",\"urlTemplate\":\"https:\\\/\\\/legendatours.com\\\/?s={search_term_string}\"},\"query-input\":{\"@type\":\"PropertyValueSpecification\",\"valueRequired\":true,\"valueName\":\"search_term_string\"}}],\"inLanguage\":\"de\"},{\"@type\":\"Organization\",\"@id\":\"https:\\\/\\\/legendatours.com\\\/#organization\",\"name\":\"legendatours.com\",\"url\":\"https:\\\/\\\/legendatours.com\\\/\",\"logo\":{\"@type\":\"ImageObject\",\"inLanguage\":\"de\",\"@id\":\"https:\\\/\\\/legendatours.com\\\/#\\\/schema\\\/logo\\\/image\\\/\",\"url\":\"https:\\\/\\\/legendatours.com\\\/wp-content\\\/uploads\\\/sites\\\/12\\\/2021\\\/06\\\/legendary_adventure_dmc.png\",\"contentUrl\":\"https:\\\/\\\/legendatours.com\\\/wp-content\\\/uploads\\\/sites\\\/12\\\/2021\\\/06\\\/legendary_adventure_dmc.png\",\"width\":250,\"height\":74,\"caption\":\"legendatours.com\"},\"image\":{\"@id\":\"https:\\\/\\\/legendatours.com\\\/#\\\/schema\\\/logo\\\/image\\\/\"},\"sameAs\":[\"https:\\\/\\\/www.facebook.com\\\/legendaryadventuredmc\\\/\",\"https:\\\/\\\/www.linkedin.com\\\/company\\\/legendary-adventure-dmc-portugal\",\"https:\\\/\\\/www.youtube.com\\\/channel\\\/UCOIRDx_KM6ynIcacQkZjb6g\"]}]}<\/script>\n<!-- \/ Yoast SEO Premium plugin. -->","yoast_head_json":{"title":"Gef\u00fchrte Wanderreisen - Der ultimative K\u00fcstenwanderweg an der Algarve - Legend\u00e4res Abenteuer DMC Portugal","robots":{"index":"index","follow":"follow","max-snippet":"max-snippet:-1","max-image-preview":"max-image-preview:large","max-video-preview":"max-video-preview:-1"},"canonical":"https:\/\/legendatours.com\/de\/produkt\/the-ultimate-coastal-algarve-walk-12500g\/","og_locale":"de_DE","og_type":"article","og_title":"Guided Walking Holidays - The Ultimate Coastal Algarve Walk","og_description":"The Ultimate Coastal Algarve Walk: From East to West Crossing Stunning Landscapes is a Guided Walking Tour in some of the Algarve\u2019s most spectacular coastal scenarios.  You\u2019ll see that are still places with more flamingos than tourists, and where centuries-old traditions are part of daily life. Tavira, Portim\u00e3o, and Lagos are the centers of our fantastic walking and sightseeing tour.","og_url":"https:\/\/legendatours.com\/de\/produkt\/the-ultimate-coastal-algarve-walk-12500g\/","og_site_name":"Legendary Adventure DMC Portugal","article_publisher":"https:\/\/www.facebook.com\/legendaryadventuredmc\/","article_modified_time":"2025-07-23T15:01:56+00:00","og_image":[{"width":1024,"height":686,"url":"https:\/\/legendatours.com\/wp-content\/uploads\/sites\/12\/2021\/04\/Praia_da_luz-e1611668787927.jpg","type":"image\/jpeg"}],"twitter_card":"summary_large_image","twitter_misc":{"Gesch\u00e4tzte Lesezeit":"2\u00a0Minuten"},"schema":{"@context":"https:\/\/schema.org","@graph":[{"@type":"WebPage","@id":"https:\/\/legendatours.com\/product\/the-ultimate-coastal-algarve-walk-12500g\/","url":"https:\/\/legendatours.com\/product\/the-ultimate-coastal-algarve-walk-12500g\/","name":"Gef\u00fchrte Wanderreisen - Der ultimative K\u00fcstenwanderweg an der Algarve - Legend\u00e4res Abenteuer DMC Portugal","isPartOf":{"@id":"https:\/\/legendatours.com\/#website"},"primaryImageOfPage":{"@id":"https:\/\/legendatours.com\/product\/the-ultimate-coastal-algarve-walk-12500g\/#primaryimage"},"image":{"@id":"https:\/\/legendatours.com\/product\/the-ultimate-coastal-algarve-walk-12500g\/#primaryimage"},"thumbnailUrl":"https:\/\/legendatours.com\/wp-content\/uploads\/sites\/12\/2021\/04\/Praia_da_luz-e1611668787927.jpg","datePublished":"2020-06-30T14:53:40+00:00","dateModified":"2025-07-23T15:01:56+00:00","breadcrumb":{"@id":"https:\/\/legendatours.com\/product\/the-ultimate-coastal-algarve-walk-12500g\/#breadcrumb"},"inLanguage":"de","potentialAction":[{"@type":"ReadAction","target":["https:\/\/legendatours.com\/product\/the-ultimate-coastal-algarve-walk-12500g\/"]}]},{"@type":"ImageObject","inLanguage":"de","@id":"https:\/\/legendatours.com\/product\/the-ultimate-coastal-algarve-walk-12500g\/#primaryimage","url":"https:\/\/legendatours.com\/wp-content\/uploads\/sites\/12\/2021\/04\/Praia_da_luz-e1611668787927.jpg","contentUrl":"https:\/\/legendatours.com\/wp-content\/uploads\/sites\/12\/2021\/04\/Praia_da_luz-e1611668787927.jpg","width":1024,"height":686,"caption":"Luz beach, lagos"},{"@type":"BreadcrumbList","@id":"https:\/\/legendatours.com\/product\/the-ultimate-coastal-algarve-walk-12500g\/#breadcrumb","itemListElement":[{"@type":"ListItem","position":1,"name":"Home","item":"https:\/\/legendatours.com\/"},{"@type":"ListItem","position":2,"name":"Shop","item":"https:\/\/legendatours.com\/sv\/?page_id=4"},{"@type":"ListItem","position":3,"name":"Guided Walking Holidays &#8211; The Ultimate Coastal Algarve Walk"}]},{"@type":"WebSite","@id":"https:\/\/legendatours.com\/#website","url":"https:\/\/legendatours.com\/","name":"Legend\u00e4res Abenteuer DMC Portugal","description":"Verantwortungsvolles Wandern und Natururlaub in Portugal","publisher":{"@id":"https:\/\/legendatours.com\/#organization"},"alternateName":"Legendary Adventure Portugal","potentialAction":[{"@type":"SearchAction","target":{"@type":"EntryPoint","urlTemplate":"https:\/\/legendatours.com\/?s={search_term_string}"},"query-input":{"@type":"PropertyValueSpecification","valueRequired":true,"valueName":"search_term_string"}}],"inLanguage":"de"},{"@type":"Organization","@id":"https:\/\/legendatours.com\/#organization","name":"legendatours.com","url":"https:\/\/legendatours.com\/","logo":{"@type":"ImageObject","inLanguage":"de","@id":"https:\/\/legendatours.com\/#\/schema\/logo\/image\/","url":"https:\/\/legendatours.com\/wp-content\/uploads\/sites\/12\/2021\/06\/legendary_adventure_dmc.png","contentUrl":"https:\/\/legendatours.com\/wp-content\/uploads\/sites\/12\/2021\/06\/legendary_adventure_dmc.png","width":250,"height":74,"caption":"legendatours.com"},"image":{"@id":"https:\/\/legendatours.com\/#\/schema\/logo\/image\/"},"sameAs":["https:\/\/www.facebook.com\/legendaryadventuredmc\/","https:\/\/www.linkedin.com\/company\/legendary-adventure-dmc-portugal","https:\/\/www.youtube.com\/channel\/UCOIRDx_KM6ynIcacQkZjb6g"]}]}},"_links":{"self":[{"href":"https:\/\/legendatours.com\/de\/wp-json\/wp\/v2\/product\/7916","targetHints":{"allow":["GET"]}}],"collection":[{"href":"https:\/\/legendatours.com\/de\/wp-json\/wp\/v2\/product"}],"about":[{"href":"https:\/\/legendatours.com\/de\/wp-json\/wp\/v2\/types\/product"}],"replies":[{"embeddable":true,"href":"https:\/\/legendatours.com\/de\/wp-json\/wp\/v2\/comments?post=7916"}],"wp:featuredmedia":[{"embeddable":true,"href":"https:\/\/legendatours.com\/de\/wp-json\/wp\/v2\/media\/7890"}],"wp:attachment":[{"href":"https:\/\/legendatours.com\/de\/wp-json\/wp\/v2\/media?parent=7916"}],"wp:term":[{"taxonomy":"product_brand","embeddable":true,"href":"https:\/\/legendatours.com\/de\/wp-json\/wp\/v2\/product_brand?post=7916"},{"taxonomy":"product_cat","embeddable":true,"href":"https:\/\/legendatours.com\/de\/wp-json\/wp\/v2\/product_cat?post=7916"},{"taxonomy":"product_tag","embeddable":true,"href":"https:\/\/legendatours.com\/de\/wp-json\/wp\/v2\/product_tag?post=7916"}],"curies":[{"name":"wp","href":"https:\/\/api.w.org\/{rel}","templated":true}]}}