{"id":7938,"date":"2020-06-25T16:32:30","date_gmt":"2020-06-25T16:32:30","guid":{"rendered":"https:\/\/legendatours.com\/product\/escape-to-monte-gordo\/"},"modified":"2021-08-11T18:04:50","modified_gmt":"2021-08-11T18:04:50","slug":"escape-to-monte-gordo-4500pk","status":"publish","type":"product","link":"https:\/\/legendatours.com\/de\/produkt\/escape-to-monte-gordo-4500pk\/","title":{"rendered":"Flucht nach Monte Gordo"},"content":{"rendered":"<p>Monte Gordo ist ein beliebter Ferienort an einem der sch\u00f6nsten Str\u00e4nde der Ostalgarve.<\/p>\n<p>Der atemberaubende, kilometerlange Streifen mit warmem und sanftem t\u00fcrkisfarbenem Wasser ist einer der sichersten der Algarve, ohne starke Str\u00f6mungen und kleine Wellen.<\/p>\n<p>Monte Gordo ist eine ausgezeichnete Urlaubswahl f\u00fcr Familien mit Kindern, \u00e4ltere Besucher, die nach entspannenden Tagen suchen, und f\u00fcr diejenigen, die erstaunliche Stranderlebnisse lieben!<\/p>\n<p>Die gro\u00dfe Promenade mit Blick auf die K\u00fcste ist ges\u00e4umt von Restaurants f\u00fcr jeden Geschmack, Bars, K\u00fcnstlern, Stra\u00dfenverk\u00e4ufern und einem Casino. Nachts str\u00f6men die Menschen zu einem gem\u00fctlichen Abendspaziergang und das famili\u00e4re Ambiente zieht Besucher verschiedener Nationalit\u00e4ten und Altersgruppen an.<\/p>\n<div id=\"attachment_2681\" style=\"width: 693px\" class=\"wp-caption alignnone\"><img loading=\"lazy\" decoding=\"async\" aria-describedby=\"caption-attachment-2681\" class=\"wp-image-2681 size-large\" src=\"https:\/\/legendatours.net\/wp-content\/uploads\/2020\/06\/Monte-Gordo-boardwalk-683x1024.jpg\" alt=\"Montegordo boardwalk\" width=\"683\" height=\"1024\" \/><p id=\"caption-attachment-2681\" class=\"wp-caption-text\">Promenade von Monte Gordo<\/p><\/div>\n<p>Das Nachtleben ist haupts\u00e4chlich entspannt und gesellig, ohne die schwere Trinkkultur anderer beliebter Ferienorte an der Algarve.<\/p>\n<p>Sie k\u00f6nnten Ihre Tage problemlos am herrlichen Strand von Monte Gordo verbringen, aber wenn Sie an mehr interessiert sind, gibt es an der Ostalgarve viel zu sehen und zu tun.<\/p>\n<p>In der N\u00e4he k\u00f6nnen Sie die historischen St\u00e4dte Tavira, Castro Marim und Vila Real de Santo Ant\u00f3nio besuchen.<\/p>\n<div id=\"attachment_1773\" style=\"width: 1034px\" class=\"wp-caption alignnone\"><img loading=\"lazy\" decoding=\"async\" aria-describedby=\"caption-attachment-1773\" class=\"wp-image-1773 size-large\" src=\"https:\/\/legendatours.net\/wp-content\/uploads\/2020\/03\/Roman-bridge-in-Tavira-Venice-of-Algarve-2-1024x685.jpg\" alt=\"Roman bridge in Tavira Venice of Algarve\" width=\"1024\" height=\"685\" \/><p id=\"caption-attachment-1773\" class=\"wp-caption-text\">R\u00f6mische Br\u00fccke in Tavira Venedig an der Algarve<\/p><\/div>\n<p>Von Tavira aus k\u00f6nnen Sie auch eine unterhaltsame Bootstour im Naturpark Ria Formosa unternehmen, einem System von Lagunen von erstaunlicher nat\u00fcrlicher Sch\u00f6nheit.<\/p>\n<p>Spanien ist nur eine Fahrt mit der F\u00e4hre entfernt, am anderen Ufer des sch\u00f6nen Flusses Guadiana.<br \/>\nEin Urlaub in dieser wunderbaren Region mit einem von Pinienw\u00e4ldern umgebenen Strand ist auch eine Gelegenheit f\u00fcr sportliche Freizeitaktivit\u00e4ten, indem Sie die flachen Wege zum Radfahren, Wandern oder Genie\u00dfen der vielen Aktivit\u00e4ten in Ihrem Hotel nutzen.<\/p>\n<p>Monte Gordo ist vielleicht nicht der ber\u00fchmteste Ferienort, aber Sie werden sich schwer tun, einen besseren Strand als diesen in Westeuropa zu finden, und Sie erhalten ein hervorragendes Preis-Leistungs-Verh\u00e4ltnis!<\/p>","protected":false},"excerpt":{"rendered":"<p>Monte Gordo ist ein beliebter Ferienort an einem der sch\u00f6nsten Str\u00e4nde der Ostalgarve.<\/p>\n<p>Der atemberaubende, kilometerlange Streifen mit warmem und sanftem t\u00fcrkisfarbenem Wasser ist einer der sichersten der Algarve, ohne starke Str\u00f6mungen und kleine Wellen.<\/p>\n<p>Monte Gordo ist eine ausgezeichnete Urlaubswahl f\u00fcr Familien mit Kindern, \u00e4ltere Besucher, die nach entspannenden Tagen suchen, und f\u00fcr diejenigen, die erstaunliche Stranderlebnisse lieben!<\/p>","protected":false},"featured_media":7918,"comment_status":"closed","ping_status":"closed","template":"","meta":{"_acf_changed":false,"inline_featured_image":false},"product_brand":[],"product_cat":[706,686],"product_tag":[707,147,472,36,154,46,160,55,478,690,691,169,692,228,677,693,694,695,368],"class_list":{"0":"post-7938","1":"product","2":"type-product","3":"status-publish","4":"has-post-thumbnail","6":"product_cat-escape-4-days-tour-portugal","7":"product_cat-holiday-packs-tours-portugal","8":"product_tag-4-days-tour","9":"product_tag-algarve","10":"product_tag-ayamonte","11":"product_tag-cultural-heritage","12":"product_tag-east-algarve","13":"product_tag-gastronomy-and-wines","14":"product_tag-holidays","15":"product_tag-local-gastronomy","16":"product_tag-monte-gordo","17":"product_tag-monte-gordos-glorious-beach","18":"product_tag-old-town","19":"product_tag-ria-formosa-natural-park","20":"product_tag-sandy-beach","21":"product_tag-sightseeing","22":"product_tag-spring","23":"product_tag-summer","24":"product_tag-sun-beach","25":"product_tag-sunny-days","26":"product_tag-vila-real-sto-antonio","28":"first","29":"instock","30":"virtual","31":"product-type-simple"},"acf":[],"yoast_head":"<!-- This site is optimized with the Yoast SEO Premium plugin v26.8 (Yoast SEO v27.5) - https:\/\/yoast.com\/product\/yoast-seo-premium-wordpress\/ -->\n<title>Escape to Monte Gordo - Legendary Adventure DMC Portugal<\/title>\n<meta name=\"description\" content=\"The Island of Tavira has a long sandy beach and salinas that attract flamingos, spoonbills and other wading birds. In the centre, the medieval castle of Tavira offers views of the city. The Church of Santa Maria do Castelo houses the tombs of 7 knights killed by the Moors.\" \/>\n<meta name=\"robots\" content=\"index, follow, max-snippet:-1, max-image-preview:large, max-video-preview:-1\" \/>\n<link rel=\"canonical\" href=\"https:\/\/legendatours.com\/de\/produkt\/escape-to-monte-gordo-4500pk\/\" \/>\n<meta property=\"og:locale\" content=\"de_DE\" \/>\n<meta property=\"og:type\" content=\"article\" \/>\n<meta property=\"og:title\" content=\"Escape to Monte Gordo\" \/>\n<meta property=\"og:description\" content=\"The Island of Tavira has a long sandy beach and salinas that attract flamingos, spoonbills and other wading birds. In the centre, the medieval castle of Tavira offers views of the city. The Church of Santa Maria do Castelo houses the tombs of 7 knights killed by the Moors.\" \/>\n<meta property=\"og:url\" content=\"https:\/\/legendatours.com\/de\/produkt\/escape-to-monte-gordo-4500pk\/\" \/>\n<meta property=\"og:site_name\" content=\"Legendary Adventure DMC Portugal\" \/>\n<meta property=\"article:publisher\" content=\"https:\/\/www.facebook.com\/legendaryadventuredmc\/\" \/>\n<meta property=\"article:modified_time\" content=\"2021-08-11T18:04:50+00:00\" \/>\n<meta property=\"og:image\" content=\"https:\/\/legendatours.com\/wp-content\/uploads\/sites\/12\/2021\/04\/monte_gordo_beach-e1611687592676.jpg\" \/>\n\t<meta property=\"og:image:width\" content=\"1024\" \/>\n\t<meta property=\"og:image:height\" content=\"683\" \/>\n\t<meta property=\"og:image:type\" content=\"image\/jpeg\" \/>\n<meta name=\"twitter:card\" content=\"summary_large_image\" \/>\n<meta name=\"twitter:label1\" content=\"Gesch\u00e4tzte Lesezeit\" \/>\n\t<meta name=\"twitter:data1\" content=\"2\u00a0Minuten\" \/>\n<script type=\"application\/ld+json\" class=\"yoast-schema-graph\">{\"@context\":\"https:\\\/\\\/schema.org\",\"@graph\":[{\"@type\":\"WebPage\",\"@id\":\"https:\\\/\\\/legendatours.com\\\/product\\\/escape-to-monte-gordo-4500pk\\\/\",\"url\":\"https:\\\/\\\/legendatours.com\\\/product\\\/escape-to-monte-gordo-4500pk\\\/\",\"name\":\"Escape to Monte Gordo - Legendary Adventure DMC Portugal\",\"isPartOf\":{\"@id\":\"https:\\\/\\\/legendatours.com\\\/#website\"},\"primaryImageOfPage\":{\"@id\":\"https:\\\/\\\/legendatours.com\\\/product\\\/escape-to-monte-gordo-4500pk\\\/#primaryimage\"},\"image\":{\"@id\":\"https:\\\/\\\/legendatours.com\\\/product\\\/escape-to-monte-gordo-4500pk\\\/#primaryimage\"},\"thumbnailUrl\":\"https:\\\/\\\/legendatours.com\\\/wp-content\\\/uploads\\\/sites\\\/12\\\/2021\\\/04\\\/monte_gordo_beach-e1611687592676.jpg\",\"datePublished\":\"2020-06-25T16:32:30+00:00\",\"dateModified\":\"2021-08-11T18:04:50+00:00\",\"description\":\"The Island of Tavira has a long sandy beach and salinas that attract flamingos, spoonbills and other wading birds. In the centre, the medieval castle of Tavira offers views of the city. The Church of Santa Maria do Castelo houses the tombs of 7 knights killed by the Moors.\",\"breadcrumb\":{\"@id\":\"https:\\\/\\\/legendatours.com\\\/product\\\/escape-to-monte-gordo-4500pk\\\/#breadcrumb\"},\"inLanguage\":\"de\",\"potentialAction\":[{\"@type\":\"ReadAction\",\"target\":[\"https:\\\/\\\/legendatours.com\\\/product\\\/escape-to-monte-gordo-4500pk\\\/\"]}]},{\"@type\":\"ImageObject\",\"inLanguage\":\"de\",\"@id\":\"https:\\\/\\\/legendatours.com\\\/product\\\/escape-to-monte-gordo-4500pk\\\/#primaryimage\",\"url\":\"https:\\\/\\\/legendatours.com\\\/wp-content\\\/uploads\\\/sites\\\/12\\\/2021\\\/04\\\/monte_gordo_beach-e1611687592676.jpg\",\"contentUrl\":\"https:\\\/\\\/legendatours.com\\\/wp-content\\\/uploads\\\/sites\\\/12\\\/2021\\\/04\\\/monte_gordo_beach-e1611687592676.jpg\",\"width\":1024,\"height\":683,\"caption\":\"Monte Gordo Beach holidays\"},{\"@type\":\"BreadcrumbList\",\"@id\":\"https:\\\/\\\/legendatours.com\\\/product\\\/escape-to-monte-gordo-4500pk\\\/#breadcrumb\",\"itemListElement\":[{\"@type\":\"ListItem\",\"position\":1,\"name\":\"Home\",\"item\":\"https:\\\/\\\/legendatours.com\\\/\"},{\"@type\":\"ListItem\",\"position\":2,\"name\":\"Shop\",\"item\":\"https:\\\/\\\/legendatours.com\\\/sv\\\/?page_id=4\"},{\"@type\":\"ListItem\",\"position\":3,\"name\":\"The Island of Tavira has a long sandy beach and salinas that attract flamingos, spoonbills and other wading birds. In the centre, the medieval castle of Tavira offers views of the city. The Church of Santa Maria do Castelo houses the tombs of 7 knights killed by the Moors.\"}]},{\"@type\":\"WebSite\",\"@id\":\"https:\\\/\\\/legendatours.com\\\/#website\",\"url\":\"https:\\\/\\\/legendatours.com\\\/\",\"name\":\"Legendary Adventure DMC Portugal\",\"description\":\"Responsible Walking &amp; Nature Holidays in Portugal\",\"publisher\":{\"@id\":\"https:\\\/\\\/legendatours.com\\\/#organization\"},\"alternateName\":\"Legendary Adventure Portugal\",\"potentialAction\":[{\"@type\":\"SearchAction\",\"target\":{\"@type\":\"EntryPoint\",\"urlTemplate\":\"https:\\\/\\\/legendatours.com\\\/?s={search_term_string}\"},\"query-input\":{\"@type\":\"PropertyValueSpecification\",\"valueRequired\":true,\"valueName\":\"search_term_string\"}}],\"inLanguage\":\"de\"},{\"@type\":\"Organization\",\"@id\":\"https:\\\/\\\/legendatours.com\\\/#organization\",\"name\":\"legendatours.com\",\"url\":\"https:\\\/\\\/legendatours.com\\\/\",\"logo\":{\"@type\":\"ImageObject\",\"inLanguage\":\"de\",\"@id\":\"https:\\\/\\\/legendatours.com\\\/#\\\/schema\\\/logo\\\/image\\\/\",\"url\":\"https:\\\/\\\/legendatours.com\\\/wp-content\\\/uploads\\\/sites\\\/12\\\/2021\\\/06\\\/legendary_adventure_dmc.png\",\"contentUrl\":\"https:\\\/\\\/legendatours.com\\\/wp-content\\\/uploads\\\/sites\\\/12\\\/2021\\\/06\\\/legendary_adventure_dmc.png\",\"width\":250,\"height\":74,\"caption\":\"legendatours.com\"},\"image\":{\"@id\":\"https:\\\/\\\/legendatours.com\\\/#\\\/schema\\\/logo\\\/image\\\/\"},\"sameAs\":[\"https:\\\/\\\/www.facebook.com\\\/legendaryadventuredmc\\\/\",\"https:\\\/\\\/www.linkedin.com\\\/company\\\/legendary-adventure-dmc-portugal\",\"https:\\\/\\\/www.youtube.com\\\/channel\\\/UCOIRDx_KM6ynIcacQkZjb6g\"]}]}<\/script>\n<!-- \/ Yoast SEO Premium plugin. -->","yoast_head_json":{"title":"Flucht nach Monte Gordo - Legend\u00e4res Abenteuer DMC Portugal","description":"Die Insel Tavira hat einen langen Sandstrand und Salinen, die Flamingos, L\u00f6ffler und andere Watv\u00f6gel anziehen. Im Zentrum bietet die mittelalterliche Burg von Tavira einen Blick auf die Stadt. Die Kirche Santa Maria do Castelo beherbergt die Gr\u00e4ber von 7 Rittern, die von den Mauren get\u00f6tet wurden.","robots":{"index":"index","follow":"follow","max-snippet":"max-snippet:-1","max-image-preview":"max-image-preview:large","max-video-preview":"max-video-preview:-1"},"canonical":"https:\/\/legendatours.com\/de\/produkt\/escape-to-monte-gordo-4500pk\/","og_locale":"de_DE","og_type":"article","og_title":"Escape to Monte Gordo","og_description":"The Island of Tavira has a long sandy beach and salinas that attract flamingos, spoonbills and other wading birds. In the centre, the medieval castle of Tavira offers views of the city. The Church of Santa Maria do Castelo houses the tombs of 7 knights killed by the Moors.","og_url":"https:\/\/legendatours.com\/de\/produkt\/escape-to-monte-gordo-4500pk\/","og_site_name":"Legendary Adventure DMC Portugal","article_publisher":"https:\/\/www.facebook.com\/legendaryadventuredmc\/","article_modified_time":"2021-08-11T18:04:50+00:00","og_image":[{"width":1024,"height":683,"url":"https:\/\/legendatours.com\/wp-content\/uploads\/sites\/12\/2021\/04\/monte_gordo_beach-e1611687592676.jpg","type":"image\/jpeg"}],"twitter_card":"summary_large_image","twitter_misc":{"Gesch\u00e4tzte Lesezeit":"2\u00a0Minuten"},"schema":{"@context":"https:\/\/schema.org","@graph":[{"@type":"WebPage","@id":"https:\/\/legendatours.com\/product\/escape-to-monte-gordo-4500pk\/","url":"https:\/\/legendatours.com\/product\/escape-to-monte-gordo-4500pk\/","name":"Flucht nach Monte Gordo - Legend\u00e4res Abenteuer DMC Portugal","isPartOf":{"@id":"https:\/\/legendatours.com\/#website"},"primaryImageOfPage":{"@id":"https:\/\/legendatours.com\/product\/escape-to-monte-gordo-4500pk\/#primaryimage"},"image":{"@id":"https:\/\/legendatours.com\/product\/escape-to-monte-gordo-4500pk\/#primaryimage"},"thumbnailUrl":"https:\/\/legendatours.com\/wp-content\/uploads\/sites\/12\/2021\/04\/monte_gordo_beach-e1611687592676.jpg","datePublished":"2020-06-25T16:32:30+00:00","dateModified":"2021-08-11T18:04:50+00:00","description":"Die Insel Tavira hat einen langen Sandstrand und Salinen, die Flamingos, L\u00f6ffler und andere Watv\u00f6gel anziehen. Im Zentrum bietet die mittelalterliche Burg von Tavira einen Blick auf die Stadt. Die Kirche Santa Maria do Castelo beherbergt die Gr\u00e4ber von 7 Rittern, die von den Mauren get\u00f6tet wurden.","breadcrumb":{"@id":"https:\/\/legendatours.com\/product\/escape-to-monte-gordo-4500pk\/#breadcrumb"},"inLanguage":"de","potentialAction":[{"@type":"ReadAction","target":["https:\/\/legendatours.com\/product\/escape-to-monte-gordo-4500pk\/"]}]},{"@type":"ImageObject","inLanguage":"de","@id":"https:\/\/legendatours.com\/product\/escape-to-monte-gordo-4500pk\/#primaryimage","url":"https:\/\/legendatours.com\/wp-content\/uploads\/sites\/12\/2021\/04\/monte_gordo_beach-e1611687592676.jpg","contentUrl":"https:\/\/legendatours.com\/wp-content\/uploads\/sites\/12\/2021\/04\/monte_gordo_beach-e1611687592676.jpg","width":1024,"height":683,"caption":"Monte Gordo Beach holidays"},{"@type":"BreadcrumbList","@id":"https:\/\/legendatours.com\/product\/escape-to-monte-gordo-4500pk\/#breadcrumb","itemListElement":[{"@type":"ListItem","position":1,"name":"Home","item":"https:\/\/legendatours.com\/"},{"@type":"ListItem","position":2,"name":"Shop","item":"https:\/\/legendatours.com\/sv\/?page_id=4"},{"@type":"ListItem","position":3,"name":"The Island of Tavira has a long sandy beach and salinas that attract flamingos, spoonbills and other wading birds. In the centre, the medieval castle of Tavira offers views of the city. The Church of Santa Maria do Castelo houses the tombs of 7 knights killed by the Moors."}]},{"@type":"WebSite","@id":"https:\/\/legendatours.com\/#website","url":"https:\/\/legendatours.com\/","name":"Legend\u00e4res Abenteuer DMC Portugal","description":"Verantwortungsvolles Wandern und Natururlaub in Portugal","publisher":{"@id":"https:\/\/legendatours.com\/#organization"},"alternateName":"Legendary Adventure Portugal","potentialAction":[{"@type":"SearchAction","target":{"@type":"EntryPoint","urlTemplate":"https:\/\/legendatours.com\/?s={search_term_string}"},"query-input":{"@type":"PropertyValueSpecification","valueRequired":true,"valueName":"search_term_string"}}],"inLanguage":"de"},{"@type":"Organization","@id":"https:\/\/legendatours.com\/#organization","name":"legendatours.com","url":"https:\/\/legendatours.com\/","logo":{"@type":"ImageObject","inLanguage":"de","@id":"https:\/\/legendatours.com\/#\/schema\/logo\/image\/","url":"https:\/\/legendatours.com\/wp-content\/uploads\/sites\/12\/2021\/06\/legendary_adventure_dmc.png","contentUrl":"https:\/\/legendatours.com\/wp-content\/uploads\/sites\/12\/2021\/06\/legendary_adventure_dmc.png","width":250,"height":74,"caption":"legendatours.com"},"image":{"@id":"https:\/\/legendatours.com\/#\/schema\/logo\/image\/"},"sameAs":["https:\/\/www.facebook.com\/legendaryadventuredmc\/","https:\/\/www.linkedin.com\/company\/legendary-adventure-dmc-portugal","https:\/\/www.youtube.com\/channel\/UCOIRDx_KM6ynIcacQkZjb6g"]}]}},"_links":{"self":[{"href":"https:\/\/legendatours.com\/de\/wp-json\/wp\/v2\/product\/7938","targetHints":{"allow":["GET"]}}],"collection":[{"href":"https:\/\/legendatours.com\/de\/wp-json\/wp\/v2\/product"}],"about":[{"href":"https:\/\/legendatours.com\/de\/wp-json\/wp\/v2\/types\/product"}],"replies":[{"embeddable":true,"href":"https:\/\/legendatours.com\/de\/wp-json\/wp\/v2\/comments?post=7938"}],"wp:featuredmedia":[{"embeddable":true,"href":"https:\/\/legendatours.com\/de\/wp-json\/wp\/v2\/media\/7918"}],"wp:attachment":[{"href":"https:\/\/legendatours.com\/de\/wp-json\/wp\/v2\/media?parent=7938"}],"wp:term":[{"taxonomy":"product_brand","embeddable":true,"href":"https:\/\/legendatours.com\/de\/wp-json\/wp\/v2\/product_brand?post=7938"},{"taxonomy":"product_cat","embeddable":true,"href":"https:\/\/legendatours.com\/de\/wp-json\/wp\/v2\/product_cat?post=7938"},{"taxonomy":"product_tag","embeddable":true,"href":"https:\/\/legendatours.com\/de\/wp-json\/wp\/v2\/product_tag?post=7938"}],"curies":[{"name":"wp","href":"https:\/\/api.w.org\/{rel}","templated":true}]}}