{"id":8052,"date":"2020-06-12T13:02:59","date_gmt":"2020-06-12T13:02:59","guid":{"rendered":"https:\/\/legendatours.com\/product\/enjoy-vilamoura\/"},"modified":"2021-08-13T09:38:52","modified_gmt":"2021-08-13T09:38:52","slug":"enjoy-vilamoura-6700pk","status":"publish","type":"product","link":"https:\/\/legendatours.com\/de\/produkt\/enjoy-vilamoura-6700pk\/","title":{"rendered":"Genie\u00dfen Sie Vilamoura"},"content":{"rendered":"<p>Vilamoura ist ein glamour\u00f6ses Strandresort, das von Grund auf neu gebaut wurde und nur eines im Sinn hat: Urlaub!<\/p>\n<p>Das Leben in Vilamoura dreht sich um den gehobenen Yachthafen, der von eleganten Yachten ges\u00e4umt ist, und nat\u00fcrlich um die Str\u00e4nde, wo Sie mit mehr Freizeit- und Entspannungsm\u00f6glichkeiten verw\u00f6hnt werden, als Sie sich w\u00fcnschen k\u00f6nnten!<\/p>\n<div id=\"attachment_2462\" style=\"width: 1034px\" class=\"wp-caption alignnone\"><img loading=\"lazy\" decoding=\"async\" aria-describedby=\"caption-attachment-2462\" class=\"wp-image-2462 size-large\" src=\"https:\/\/legendatours.net\/wp-content\/uploads\/2020\/06\/vilamoura_marina_night-1024x709.jpg\" alt=\"Vilamoura nightlife\" width=\"1024\" height=\"709\" \/><p id=\"caption-attachment-2462\" class=\"wp-caption-text\">Vilamouras Nachtleben<\/p><\/div>\n<p>In der N\u00e4he gibt es kulturelle, historische und nat\u00fcrliche Sehensw\u00fcrdigkeiten zu erleben.<\/p>\n<p>Gef\u00fcllt mit schicken Bars, Gesch\u00e4ften und Restaurants f\u00fcr jeden Geschmack ist der Jachthafen von Vilamoura das Herzst\u00fcck des fr\u00f6hlichen gesellschaftlichen Lebens des Resorts.<\/p>\n<p>In Bezug auf die Str\u00e4nde gibt es in beiden Richtungen, in die Sie abbiegen, riesige goldene Sandstr\u00e4nde mit warmem Wasser zur Auswahl, die zahlreiche Aktivit\u00e4ten im und au\u00dferhalb des Wassers bieten.<\/p>\n<p>Die Str\u00e4nde sind alle leicht zug\u00e4nglich und somit eine gute Option f\u00fcr Personen mit eingeschr\u00e4nkter Mobilit\u00e4t. Sie haben die \u00fcblichen Bars mit Sonnenuntergangspartys, Caf\u00e9s f\u00fcr Mahlzeiten und Erfrischungen sowie Sonnenliegen und Sonnenschirme zum Mieten.<\/p>\n<p>Wie zu erwarten, ist im Sommer an den zu Fu\u00df erreichbaren Str\u00e4nden sehr viel los. Aber Sie m\u00fcssen nur ein bisschen mehr laufen, um einen bequemen Platz zu finden!<\/p>\n<div id=\"attachment_2454\" style=\"width: 1034px\" class=\"wp-caption alignnone\"><img loading=\"lazy\" decoding=\"async\" aria-describedby=\"caption-attachment-2454\" class=\"wp-image-2454 size-large\" src=\"https:\/\/legendatours.net\/wp-content\/uploads\/2020\/06\/loule_market-1024x683.jpg\" alt=\"Loul\u00e9 market\" width=\"1024\" height=\"683\" \/><p id=\"caption-attachment-2454\" class=\"wp-caption-text\">Loul\u00e9-Markt<\/p><\/div>\n<p>Sie werden nicht entt\u00e4uscht sein, Ihr Handtuch in Quarteira, Vale do Lobo, Falesia oder einem anderen belebten Strand in der N\u00e4he auszubreiten, die alle mit einer blauen Flagge ausgezeichnet sind.<\/p>\n<p>In der N\u00e4he befinden sich die r\u00f6mischen Ruinen eines Fischerdorfes mit Wandmalereien und einem Badekomplex.<\/p>\n<p>Im Norden gibt es ein gesch\u00fctztes Feuchtgebiet, ideal f\u00fcr Naturaktivit\u00e4ten und Vogelbeobachtung.<\/p>\n<p>Vilamoura ist ein gut ausgestattetes Resort mit allen m\u00f6glichen Sportaktivit\u00e4ten, von ber\u00fchmten Golfpl\u00e4tzen bis hin zu Tennispl\u00e4tzen im Freien.<\/p>\n<div id=\"attachment_2369\" style=\"width: 1034px\" class=\"wp-caption alignnone\"><img loading=\"lazy\" decoding=\"async\" aria-describedby=\"caption-attachment-2369\" class=\"wp-image-2369 size-full\" src=\"https:\/\/legendatours.net\/wp-content\/uploads\/2020\/06\/Vilamoura_environmental_park.jpg\" alt=\"Vilamoura environmental park\" width=\"1024\" height=\"768\" \/><p id=\"caption-attachment-2369\" class=\"wp-caption-text\">Umweltpark Vilamoura<\/p><\/div>\n<p>Eine halbe Stunde Fahrt bringt Sie nach Faro, der Hauptstadt der Algarve, wo Sie eine kleine, aber h\u00fcbsche Altstadt mit Storchennestern auf den Spitzd\u00e4chern finden. Vom Turm der Kathedrale hat man einen fantastischen Blick auf die Stadt und die Ria Formosa.<\/p>\n<p>Ungef\u00e4hr zur gleichen Zeit gelangen Sie nach Loul\u00e9 in den Bergen, um die Algarve aus einer ganz anderen Perspektive zu sehen. Besuchen Sie das Schloss aus dem 13. Jahrhundert und den lebhaften Bauernmarkt.<\/p>\n<p>Egal zu welcher Jahreszeit Sie Vilamoura besuchen, Sie werden ein angenehmes und interessantes Erlebnis mit Weltklasse-Str\u00e4nden und viel Spa\u00df finden!<\/p>","protected":false},"excerpt":{"rendered":"<p>Vilamoura ist ein glamour\u00f6ses Strandresort, das von Grund auf neu gebaut wurde und nur eines im Sinn hat: Urlaub!<\/p>\n<p>Das Leben in Vilamoura dreht sich um den gehobenen Yachthafen, der von eleganten Yachten ges\u00e4umt ist, und nat\u00fcrlich um die Str\u00e4nde, wo Sie mit mehr Freizeit- und Entspannungsm\u00f6glichkeiten verw\u00f6hnt werden, als Sie sich w\u00fcnschen k\u00f6nnten!<\/p>\n<p>In der N\u00e4he gibt es kulturelle, historische und nat\u00fcrliche Sehensw\u00fcrdigkeiten zu erleben.<\/p>","protected":false},"featured_media":8035,"comment_status":"closed","ping_status":"closed","template":"","meta":{"_acf_changed":false,"inline_featured_image":false},"product_brand":[],"product_cat":[697,686],"product_tag":[147,36,130,46,50,195,160,270,782,783,692,228,343,677,693,694,695,784,546,785],"class_list":{"0":"post-8052","1":"product","2":"type-product","3":"status-publish","4":"has-post-thumbnail","6":"product_cat-enjoy-6-days-tour-portugal","7":"product_cat-holiday-packs-tours-portugal","8":"product_tag-algarve","9":"product_tag-cultural-heritage","10":"product_tag-gastronomy","11":"product_tag-gastronomy-and-wines","12":"product_tag-historic","13":"product_tag-history-and-heritage","14":"product_tag-holidays","15":"product_tag-lagos","16":"product_tag-night","17":"product_tag-praia-da-falesia","18":"product_tag-sandy-beach","19":"product_tag-sightseeing","20":"product_tag-silves","21":"product_tag-spring","22":"product_tag-summer","23":"product_tag-sun-beach","24":"product_tag-sunny-days","25":"product_tag-vilamoura","26":"product_tag-wildlife","27":"product_tag-wildlife-algarve","29":"first","30":"instock","31":"shipping-taxable","32":"product-type-simple"},"acf":[],"yoast_head":"<!-- This site is optimized with the Yoast SEO Premium plugin v26.8 (Yoast SEO v27.4) - https:\/\/yoast.com\/product\/yoast-seo-premium-wordpress\/ -->\n<title>Enjoy Vilamoura - Legendary Adventure DMC Portugal<\/title>\n<meta name=\"description\" content=\"The Island of Tavira has a long sandy beach and salinas that attract flamingos, spoonbills and other wading birds. In the centre, the medieval castle of Tavira offers views of the city. The Church of Santa Maria do Castelo houses the tombs of 7 knights killed by the Moors.\" \/>\n<meta name=\"robots\" content=\"index, follow, max-snippet:-1, max-image-preview:large, max-video-preview:-1\" \/>\n<link rel=\"canonical\" href=\"https:\/\/legendatours.com\/de\/produkt\/enjoy-vilamoura-6700pk\/\" \/>\n<meta property=\"og:locale\" content=\"de_DE\" \/>\n<meta property=\"og:type\" content=\"article\" \/>\n<meta property=\"og:title\" content=\"Enjoy Vilamoura\" \/>\n<meta property=\"og:description\" content=\"The Island of Tavira has a long sandy beach and salinas that attract flamingos, spoonbills and other wading birds. In the centre, the medieval castle of Tavira offers views of the city. The Church of Santa Maria do Castelo houses the tombs of 7 knights killed by the Moors.\" \/>\n<meta property=\"og:url\" content=\"https:\/\/legendatours.com\/de\/produkt\/enjoy-vilamoura-6700pk\/\" \/>\n<meta property=\"og:site_name\" content=\"Legendary Adventure DMC Portugal\" \/>\n<meta property=\"article:publisher\" content=\"https:\/\/www.facebook.com\/legendaryadventuredmc\/\" \/>\n<meta property=\"article:modified_time\" content=\"2021-08-13T09:38:52+00:00\" \/>\n<meta property=\"og:image\" content=\"https:\/\/legendatours.com\/wp-content\/uploads\/sites\/12\/2021\/04\/Scenic_view_Falesia.jpg\" \/>\n\t<meta property=\"og:image:width\" content=\"1200\" \/>\n\t<meta property=\"og:image:height\" content=\"675\" \/>\n\t<meta property=\"og:image:type\" content=\"image\/jpeg\" \/>\n<meta name=\"twitter:card\" content=\"summary_large_image\" \/>\n<meta name=\"twitter:label1\" content=\"Gesch\u00e4tzte Lesezeit\" \/>\n\t<meta name=\"twitter:data1\" content=\"2\u00a0Minuten\" \/>\n<script type=\"application\/ld+json\" class=\"yoast-schema-graph\">{\"@context\":\"https:\\\/\\\/schema.org\",\"@graph\":[{\"@type\":\"WebPage\",\"@id\":\"https:\\\/\\\/legendatours.com\\\/product\\\/enjoy-vilamoura-6700pk\\\/\",\"url\":\"https:\\\/\\\/legendatours.com\\\/product\\\/enjoy-vilamoura-6700pk\\\/\",\"name\":\"Enjoy Vilamoura - Legendary Adventure DMC Portugal\",\"isPartOf\":{\"@id\":\"https:\\\/\\\/legendatours.com\\\/#website\"},\"primaryImageOfPage\":{\"@id\":\"https:\\\/\\\/legendatours.com\\\/product\\\/enjoy-vilamoura-6700pk\\\/#primaryimage\"},\"image\":{\"@id\":\"https:\\\/\\\/legendatours.com\\\/product\\\/enjoy-vilamoura-6700pk\\\/#primaryimage\"},\"thumbnailUrl\":\"https:\\\/\\\/legendatours.com\\\/wp-content\\\/uploads\\\/sites\\\/12\\\/2021\\\/04\\\/Scenic_view_Falesia.jpg\",\"datePublished\":\"2020-06-12T13:02:59+00:00\",\"dateModified\":\"2021-08-13T09:38:52+00:00\",\"description\":\"The Island of Tavira has a long sandy beach and salinas that attract flamingos, spoonbills and other wading birds. In the centre, the medieval castle of Tavira offers views of the city. The Church of Santa Maria do Castelo houses the tombs of 7 knights killed by the Moors.\",\"breadcrumb\":{\"@id\":\"https:\\\/\\\/legendatours.com\\\/product\\\/enjoy-vilamoura-6700pk\\\/#breadcrumb\"},\"inLanguage\":\"de\",\"potentialAction\":[{\"@type\":\"ReadAction\",\"target\":[\"https:\\\/\\\/legendatours.com\\\/product\\\/enjoy-vilamoura-6700pk\\\/\"]}]},{\"@type\":\"ImageObject\",\"inLanguage\":\"de\",\"@id\":\"https:\\\/\\\/legendatours.com\\\/product\\\/enjoy-vilamoura-6700pk\\\/#primaryimage\",\"url\":\"https:\\\/\\\/legendatours.com\\\/wp-content\\\/uploads\\\/sites\\\/12\\\/2021\\\/04\\\/Scenic_view_Falesia.jpg\",\"contentUrl\":\"https:\\\/\\\/legendatours.com\\\/wp-content\\\/uploads\\\/sites\\\/12\\\/2021\\\/04\\\/Scenic_view_Falesia.jpg\",\"width\":1200,\"height\":675,\"caption\":\"Scenic view Falesia\"},{\"@type\":\"BreadcrumbList\",\"@id\":\"https:\\\/\\\/legendatours.com\\\/product\\\/enjoy-vilamoura-6700pk\\\/#breadcrumb\",\"itemListElement\":[{\"@type\":\"ListItem\",\"position\":1,\"name\":\"Home\",\"item\":\"https:\\\/\\\/legendatours.com\\\/\"},{\"@type\":\"ListItem\",\"position\":2,\"name\":\"Shop\",\"item\":\"https:\\\/\\\/legendatours.com\\\/sv\\\/?page_id=4\"},{\"@type\":\"ListItem\",\"position\":3,\"name\":\"The Island of Tavira has a long sandy beach and salinas that attract flamingos, spoonbills and other wading birds. In the centre, the medieval castle of Tavira offers views of the city. The Church of Santa Maria do Castelo houses the tombs of 7 knights killed by the Moors.\"}]},{\"@type\":\"WebSite\",\"@id\":\"https:\\\/\\\/legendatours.com\\\/#website\",\"url\":\"https:\\\/\\\/legendatours.com\\\/\",\"name\":\"Legendary Adventure DMC Portugal\",\"description\":\"Responsible Walking &amp; Nature Holidays in Portugal\",\"publisher\":{\"@id\":\"https:\\\/\\\/legendatours.com\\\/#organization\"},\"alternateName\":\"Legendary Adventure Portugal\",\"potentialAction\":[{\"@type\":\"SearchAction\",\"target\":{\"@type\":\"EntryPoint\",\"urlTemplate\":\"https:\\\/\\\/legendatours.com\\\/?s={search_term_string}\"},\"query-input\":{\"@type\":\"PropertyValueSpecification\",\"valueRequired\":true,\"valueName\":\"search_term_string\"}}],\"inLanguage\":\"de\"},{\"@type\":\"Organization\",\"@id\":\"https:\\\/\\\/legendatours.com\\\/#organization\",\"name\":\"legendatours.com\",\"url\":\"https:\\\/\\\/legendatours.com\\\/\",\"logo\":{\"@type\":\"ImageObject\",\"inLanguage\":\"de\",\"@id\":\"https:\\\/\\\/legendatours.com\\\/#\\\/schema\\\/logo\\\/image\\\/\",\"url\":\"https:\\\/\\\/legendatours.com\\\/wp-content\\\/uploads\\\/sites\\\/12\\\/2021\\\/06\\\/legendary_adventure_dmc.png\",\"contentUrl\":\"https:\\\/\\\/legendatours.com\\\/wp-content\\\/uploads\\\/sites\\\/12\\\/2021\\\/06\\\/legendary_adventure_dmc.png\",\"width\":250,\"height\":74,\"caption\":\"legendatours.com\"},\"image\":{\"@id\":\"https:\\\/\\\/legendatours.com\\\/#\\\/schema\\\/logo\\\/image\\\/\"},\"sameAs\":[\"https:\\\/\\\/www.facebook.com\\\/legendaryadventuredmc\\\/\",\"https:\\\/\\\/www.linkedin.com\\\/company\\\/legendary-adventure-dmc-portugal\",\"https:\\\/\\\/www.youtube.com\\\/channel\\\/UCOIRDx_KM6ynIcacQkZjb6g\"]}]}<\/script>\n<!-- \/ Yoast SEO Premium plugin. -->","yoast_head_json":{"title":"Genie\u00dfen Sie Vilamoura \u2013 Legend\u00e4res Abenteuer DMC Portugal","description":"Die Insel Tavira hat einen langen Sandstrand und Salinen, die Flamingos, L\u00f6ffler und andere Watv\u00f6gel anziehen. Im Zentrum bietet die mittelalterliche Burg von Tavira einen Blick auf die Stadt. Die Kirche Santa Maria do Castelo beherbergt die Gr\u00e4ber von 7 Rittern, die von den Mauren get\u00f6tet wurden.","robots":{"index":"index","follow":"follow","max-snippet":"max-snippet:-1","max-image-preview":"max-image-preview:large","max-video-preview":"max-video-preview:-1"},"canonical":"https:\/\/legendatours.com\/de\/produkt\/enjoy-vilamoura-6700pk\/","og_locale":"de_DE","og_type":"article","og_title":"Enjoy Vilamoura","og_description":"The Island of Tavira has a long sandy beach and salinas that attract flamingos, spoonbills and other wading birds. In the centre, the medieval castle of Tavira offers views of the city. The Church of Santa Maria do Castelo houses the tombs of 7 knights killed by the Moors.","og_url":"https:\/\/legendatours.com\/de\/produkt\/enjoy-vilamoura-6700pk\/","og_site_name":"Legendary Adventure DMC Portugal","article_publisher":"https:\/\/www.facebook.com\/legendaryadventuredmc\/","article_modified_time":"2021-08-13T09:38:52+00:00","og_image":[{"width":1200,"height":675,"url":"https:\/\/legendatours.com\/wp-content\/uploads\/sites\/12\/2021\/04\/Scenic_view_Falesia.jpg","type":"image\/jpeg"}],"twitter_card":"summary_large_image","twitter_misc":{"Gesch\u00e4tzte Lesezeit":"2\u00a0Minuten"},"schema":{"@context":"https:\/\/schema.org","@graph":[{"@type":"WebPage","@id":"https:\/\/legendatours.com\/product\/enjoy-vilamoura-6700pk\/","url":"https:\/\/legendatours.com\/product\/enjoy-vilamoura-6700pk\/","name":"Genie\u00dfen Sie Vilamoura \u2013 Legend\u00e4res Abenteuer DMC Portugal","isPartOf":{"@id":"https:\/\/legendatours.com\/#website"},"primaryImageOfPage":{"@id":"https:\/\/legendatours.com\/product\/enjoy-vilamoura-6700pk\/#primaryimage"},"image":{"@id":"https:\/\/legendatours.com\/product\/enjoy-vilamoura-6700pk\/#primaryimage"},"thumbnailUrl":"https:\/\/legendatours.com\/wp-content\/uploads\/sites\/12\/2021\/04\/Scenic_view_Falesia.jpg","datePublished":"2020-06-12T13:02:59+00:00","dateModified":"2021-08-13T09:38:52+00:00","description":"Die Insel Tavira hat einen langen Sandstrand und Salinen, die Flamingos, L\u00f6ffler und andere Watv\u00f6gel anziehen. Im Zentrum bietet die mittelalterliche Burg von Tavira einen Blick auf die Stadt. Die Kirche Santa Maria do Castelo beherbergt die Gr\u00e4ber von 7 Rittern, die von den Mauren get\u00f6tet wurden.","breadcrumb":{"@id":"https:\/\/legendatours.com\/product\/enjoy-vilamoura-6700pk\/#breadcrumb"},"inLanguage":"de","potentialAction":[{"@type":"ReadAction","target":["https:\/\/legendatours.com\/product\/enjoy-vilamoura-6700pk\/"]}]},{"@type":"ImageObject","inLanguage":"de","@id":"https:\/\/legendatours.com\/product\/enjoy-vilamoura-6700pk\/#primaryimage","url":"https:\/\/legendatours.com\/wp-content\/uploads\/sites\/12\/2021\/04\/Scenic_view_Falesia.jpg","contentUrl":"https:\/\/legendatours.com\/wp-content\/uploads\/sites\/12\/2021\/04\/Scenic_view_Falesia.jpg","width":1200,"height":675,"caption":"Scenic view Falesia"},{"@type":"BreadcrumbList","@id":"https:\/\/legendatours.com\/product\/enjoy-vilamoura-6700pk\/#breadcrumb","itemListElement":[{"@type":"ListItem","position":1,"name":"Home","item":"https:\/\/legendatours.com\/"},{"@type":"ListItem","position":2,"name":"Shop","item":"https:\/\/legendatours.com\/sv\/?page_id=4"},{"@type":"ListItem","position":3,"name":"The Island of Tavira has a long sandy beach and salinas that attract flamingos, spoonbills and other wading birds. In the centre, the medieval castle of Tavira offers views of the city. The Church of Santa Maria do Castelo houses the tombs of 7 knights killed by the Moors."}]},{"@type":"WebSite","@id":"https:\/\/legendatours.com\/#website","url":"https:\/\/legendatours.com\/","name":"Legend\u00e4res Abenteuer DMC Portugal","description":"Verantwortungsvolles Wandern und Natururlaub in Portugal","publisher":{"@id":"https:\/\/legendatours.com\/#organization"},"alternateName":"Legendary Adventure Portugal","potentialAction":[{"@type":"SearchAction","target":{"@type":"EntryPoint","urlTemplate":"https:\/\/legendatours.com\/?s={search_term_string}"},"query-input":{"@type":"PropertyValueSpecification","valueRequired":true,"valueName":"search_term_string"}}],"inLanguage":"de"},{"@type":"Organization","@id":"https:\/\/legendatours.com\/#organization","name":"legendatours.com","url":"https:\/\/legendatours.com\/","logo":{"@type":"ImageObject","inLanguage":"de","@id":"https:\/\/legendatours.com\/#\/schema\/logo\/image\/","url":"https:\/\/legendatours.com\/wp-content\/uploads\/sites\/12\/2021\/06\/legendary_adventure_dmc.png","contentUrl":"https:\/\/legendatours.com\/wp-content\/uploads\/sites\/12\/2021\/06\/legendary_adventure_dmc.png","width":250,"height":74,"caption":"legendatours.com"},"image":{"@id":"https:\/\/legendatours.com\/#\/schema\/logo\/image\/"},"sameAs":["https:\/\/www.facebook.com\/legendaryadventuredmc\/","https:\/\/www.linkedin.com\/company\/legendary-adventure-dmc-portugal","https:\/\/www.youtube.com\/channel\/UCOIRDx_KM6ynIcacQkZjb6g"]}]}},"_links":{"self":[{"href":"https:\/\/legendatours.com\/de\/wp-json\/wp\/v2\/product\/8052","targetHints":{"allow":["GET"]}}],"collection":[{"href":"https:\/\/legendatours.com\/de\/wp-json\/wp\/v2\/product"}],"about":[{"href":"https:\/\/legendatours.com\/de\/wp-json\/wp\/v2\/types\/product"}],"replies":[{"embeddable":true,"href":"https:\/\/legendatours.com\/de\/wp-json\/wp\/v2\/comments?post=8052"}],"wp:featuredmedia":[{"embeddable":true,"href":"https:\/\/legendatours.com\/de\/wp-json\/wp\/v2\/media\/8035"}],"wp:attachment":[{"href":"https:\/\/legendatours.com\/de\/wp-json\/wp\/v2\/media?parent=8052"}],"wp:term":[{"taxonomy":"product_brand","embeddable":true,"href":"https:\/\/legendatours.com\/de\/wp-json\/wp\/v2\/product_brand?post=8052"},{"taxonomy":"product_cat","embeddable":true,"href":"https:\/\/legendatours.com\/de\/wp-json\/wp\/v2\/product_cat?post=8052"},{"taxonomy":"product_tag","embeddable":true,"href":"https:\/\/legendatours.com\/de\/wp-json\/wp\/v2\/product_tag?post=8052"}],"curies":[{"name":"wp","href":"https:\/\/api.w.org\/{rel}","templated":true}]}}