{"id":8094,"date":"2020-06-02T16:47:03","date_gmt":"2020-06-02T16:47:03","guid":{"rendered":"https:\/\/legendatours.com\/product\/self-drive-holiday-in-albufeira-the-charming-central-algarve\/"},"modified":"2026-03-18T11:12:03","modified_gmt":"2026-03-18T11:12:03","slug":"albufeira-the-charming-central-algarve-55001sc","status":"publish","type":"product","link":"https:\/\/legendatours.com\/de\/produkt\/albufeira-the-charming-central-algarve-55001sc\/","title":{"rendered":"Selbstfahrerurlaub in Albufeira Zentralalgarve"},"content":{"rendered":"<p>Bei dieser Selbstfahrer-Sightseeing-Tour erkunden Sie unabh\u00e4ngig die verschiedenen Landschaften der Zentralalgarve.<\/p>\n<p>Im Herzen des ber\u00fchmtesten Ferienortes Portugals, Albufeira, werden Sie weit \u00fcber die sch\u00f6nen Str\u00e4nde und das pulsierende Nachtleben hinausgehen.<\/p>\n<p>Ihr Roadtrip f\u00fchrt Sie zu sch\u00f6nen D\u00f6rfern entlang der K\u00fcste und durch die Wege der weniger bekannten Landschaft.<\/p>\n<div id=\"attachment_1826\" style=\"width: 1034px\" class=\"wp-caption alignnone\"><img loading=\"lazy\" decoding=\"async\" aria-describedby=\"caption-attachment-1826\" class=\"wp-image-1826 size-large\" src=\"https:\/\/legendatours.net\/wp-content\/uploads\/2020\/03\/ria_formosa_east_algarve-1024x685.jpg\" alt=\"Walking The beauty of the Ria Formosa\" width=\"1024\" height=\"685\" \/><p id=\"caption-attachment-1826\" class=\"wp-caption-text\">Die Sch\u00f6nheit der Ria Formosa, eines nat\u00fcrlichen Systems an der Algarve-K\u00fcste, ist eine der reichsten Flora und Fauna Europas.<\/p><\/div>\n<p>Um Ihre Reise abzurunden, haben Sie eine Reiseroute an die Ostalgarve, um die beeindruckenden Landschaften der Ria Formosa zu treffen!<\/p>\n<p>\u00dcberall an der Algarve gibt es Kontraste, von den St\u00e4dten, in denen noch Fischer leben, bis zu den internationalen Zentren mit kosmopolitischen Gesch\u00e4ften und N\u00e4chten voller Musik und sch\u00f6nen Menschen.<\/p>\n<p>Von den gro\u00dfen Villen am Meer bis zu den bescheidenen wei\u00df get\u00fcnchten H\u00e4usern, die mit hundertj\u00e4hrigen Steinen gepflastert sind, neben Kopfsteinpflasterstra\u00dfen, die sich durch endlose Felder schl\u00e4ngeln.<\/p>\n<p>Vom kosmopolitischen Albufeira, das von den Arabern erbaut wurde, reisen Sie nach Ferreiras, nur wenige Kilometer entfernt. Der Unterschied ist frappierend. Hier haben die H\u00e4user noch die typischen Schornsteine, Br\u00fcstungen, die Terrassen verstecken, auf denen Feigen getrocknet werden, und Sie finden Windm\u00fchlen und Wasserr\u00e4der.<\/p>\n<p>In Vilamoura, vorbei an Golfpl\u00e4tzen und eleganten H\u00e4usern, befindet sich ein Umweltpark, der die lokale Fauna und Flora repr\u00e4sentiert, pflegt und sch\u00fctzt.<br \/>\nWir bringen Sie nach Rocha da Pena, einer Oase des Lebens f\u00fcr V\u00f6gel und Pflanzen, mit herrlichem Blick \u00fcber das Meer. Wir zeigen Ihnen Queren\u00e7a, wie wir es kennen. Sein Name bedeutet Zuneigung, Liebe, Wohlwollen.<\/p>\n<div id=\"attachment_2368\" style=\"width: 1034px\" class=\"wp-caption alignnone\"><img loading=\"lazy\" decoding=\"async\" aria-describedby=\"caption-attachment-2368\" class=\"wp-image-2368 size-large\" src=\"https:\/\/legendatours.net\/wp-content\/uploads\/2020\/06\/Albufeira_lovely_beaches-1024x683.jpg\" alt=\"Albufeira lovely beaches\" width=\"1024\" height=\"683\" \/><p id=\"caption-attachment-2368\" class=\"wp-caption-text\">Albufeira sch\u00f6ne Str\u00e4nde. Albufeira hat fast 30 km K\u00fcste und ist die portugiesische Gemeinde mit mehr Str\u00e4nden mit blauer Flagge<\/p><\/div>\n<p>In einem \u00fcberraschenden Museum mitten in S\u00e3o Br\u00e1s de Alportel, oben in den H\u00fcgeln, erz\u00e4hlen wir, wo der beste Kork der Welt herkommt.<\/p>\n<p>Wir teilen das Wissen und die Sch\u00f6nheit der Ria Formosa, Exlibris der Ostalgarve, Heimat einer exquisiten und einzigartigen Tierwelt, die von einem Naturschutzgebiet gesch\u00fctzt wird.<\/p>\n<p>Besuchen Sie Moncarapacho und entdecken Sie die traditionellen handgemachten Souvenirs aus der lokalen T\u00f6pferei.<\/p>\n<p>Verpassen Sie nicht die Gelegenheit, die Aussicht vom Cerro de S\u00e3o Miguel zu genie\u00dfen und die wunderbare Fauna und Flora dieses Teils der Algarve-K\u00fcste in Quinta de Marim zu entdecken.<\/p>\n<p>Verpassen Sie nicht die exquisiten regionalen Gerichte aus dem Meer und vom Land, begleitet von ausgezeichneten portugiesischen Weinen.<br \/>\nLassen Sie sich von uns die sch\u00f6nsten Seiten der Zentralalgarve zeigen und nehmen Sie eine andere Seite dieses gastfreundlichen Landes mit nach Hause!<\/p>\n<div class=\"row\">\n<div class=\"column\" style=\"flex: 45%\"><\/div>\n<div class=\"column\" style=\"flex: 10%\"><\/div>\n<div class=\"column\" style=\"flex: 45%\"><\/div>\n<\/div>","protected":false},"excerpt":{"rendered":"<p>Bei dieser Selbstfahrer-Sightseeing-Tour erkunden Sie unabh\u00e4ngig die verschiedenen Landschaften der Zentralalgarve.<\/p>\n<p>Im Herzen des ber\u00fchmtesten Ferienortes Portugals, Albufeira, werden Sie weit \u00fcber die sch\u00f6nen Str\u00e4nde und das pulsierende Nachtleben hinausgehen.<\/p>\n<p>Ihr Roadtrip f\u00fchrt Sie zu sch\u00f6nen D\u00f6rfern entlang der K\u00fcste und durch die Wege der weniger bekannten Landschaft.<\/p>\n<p>Um Ihre Reise abzurunden, haben Sie eine Reiseroute an die Ostalgarve, um die beeindruckenden Landschaften der Ria Formosa zu treffen!<\/p>","protected":false},"featured_media":7627,"comment_status":"closed","ping_status":"closed","template":"","meta":{"_acf_changed":false,"inline_featured_image":false},"product_brand":[],"product_cat":[327,734,301],"product_tag":[812,813,646,306,814,883,815,816,791,792,153,811,214,337,817,779,793,535,218,313,94,271,794,818,97,797,106,749,819,820,821,822,802,319,804,328,805,777,773,781,228,322,324,70,806,807,784,615,325,326,809,145],"class_list":{"0":"post-8094","1":"product","2":"type-product","3":"status-publish","4":"has-post-thumbnail","6":"product_cat-self-drive-holidays-portugal","7":"product_cat-self-guided-sightseeing-holidays-in-portugal","8":"product_cat-self-guided-tours-portugal","9":"product_tag-albufeira","10":"product_tag-albufeira-beautiful-historic-centre","11":"product_tag-algarve-coast","12":"product_tag-alleine-reisen","13":"product_tag-beaches-of-albufeira","14":"product_tag-beautiful-landscapes-albufeira","15":"product_tag-central-algarve","16":"product_tag-cerro-de-sao-miguel","17":"product_tag-coastal","18":"product_tag-colours","19":"product_tag-countryside","20":"product_tag-crafted-self-guided-tour","21":"product_tag-culture","22":"product_tag-delicious-food","23":"product_tag-ferreiras","24":"product_tag-fly-drive","25":"product_tag-hills","26":"product_tag-historic-centre","27":"product_tag-history","28":"product_tag-individuelle-touren","29":"product_tag-landscape","30":"product_tag-lush-green-hills","31":"product_tag-market","32":"product_tag-moncarapacho","33":"product_tag-natural-park","34":"product_tag-parapets","35":"product_tag-picturesque-landscapes","36":"product_tag-protected-area","37":"product_tag-quartzite-elevations","38":"product_tag-quinta-de-marim","39":"product_tag-relaxation-albufeira","40":"product_tag-rocha-da-pena-querenca","41":"product_tag-secluded-beaches","42":"product_tag-sejour-en-liberte","43":"product_tag-self-drive-holiday","44":"product_tag-self-guided","45":"product_tag-self-guided-holiday","46":"product_tag-self-guided-holidays","47":"product_tag-self-guided-sightseeing","48":"product_tag-self-guided-tours","49":"product_tag-sightseeing","50":"product_tag-solo-reisen","51":"product_tag-tours-autoguidees","52":"product_tag-traditions","53":"product_tag-undulating-plains","54":"product_tag-valleys","55":"product_tag-vilamoura","56":"product_tag-village","57":"product_tag-voyage-en-liberte","58":"product_tag-voyages-en-autonomie","59":"product_tag-white-washed-houses","60":"product_tag-wines","62":"first","63":"instock","64":"virtual","65":"product-type-simple"},"acf":[],"yoast_head":"<!-- This site is optimized with the Yoast SEO Premium plugin v26.8 (Yoast SEO v27.4) - https:\/\/yoast.com\/product\/yoast-seo-premium-wordpress\/ -->\n<title>Self-Drive Holiday in Albufeira Central Algarve - Legendary Adventure DMC Portugal<\/title>\n<meta name=\"description\" content=\"Self-guided Walking Tour based in Tavira, East Algarve, designed to explore the natural wonders of the Ria Formosa Nature Park and the peaceful countryside.\" \/>\n<meta name=\"robots\" content=\"index, follow, max-snippet:-1, max-image-preview:large, max-video-preview:-1\" \/>\n<link rel=\"canonical\" href=\"https:\/\/legendatours.com\/de\/produkt\/albufeira-the-charming-central-algarve-55001sc\/\" \/>\n<meta property=\"og:locale\" content=\"de_DE\" \/>\n<meta property=\"og:type\" content=\"article\" \/>\n<meta property=\"og:title\" content=\"Self-Drive Holiday in Albufeira Central Algarve\" \/>\n<meta property=\"og:description\" content=\"Self-guided Walking Tour based in Tavira, East Algarve, designed to explore the natural wonders of the Ria Formosa Nature Park and the peaceful countryside.\" \/>\n<meta property=\"og:url\" content=\"https:\/\/legendatours.com\/de\/produkt\/albufeira-the-charming-central-algarve-55001sc\/\" \/>\n<meta property=\"og:site_name\" content=\"Legendary Adventure DMC Portugal\" \/>\n<meta property=\"article:publisher\" content=\"https:\/\/www.facebook.com\/legendaryadventuredmc\/\" \/>\n<meta property=\"article:modified_time\" content=\"2026-03-18T11:12:03+00:00\" \/>\n<meta property=\"og:image\" content=\"https:\/\/legendatours.com\/wp-content\/uploads\/sites\/12\/2021\/04\/Albufeira_lovely_beaches.jpg\" \/>\n\t<meta property=\"og:image:width\" content=\"1600\" \/>\n\t<meta property=\"og:image:height\" content=\"1067\" \/>\n\t<meta property=\"og:image:type\" content=\"image\/jpeg\" \/>\n<meta name=\"twitter:card\" content=\"summary_large_image\" \/>\n<meta name=\"twitter:label1\" content=\"Gesch\u00e4tzte Lesezeit\" \/>\n\t<meta name=\"twitter:data1\" content=\"2\u00a0Minuten\" \/>\n<script type=\"application\/ld+json\" class=\"yoast-schema-graph\">{\"@context\":\"https:\\\/\\\/schema.org\",\"@graph\":[{\"@type\":\"WebPage\",\"@id\":\"https:\\\/\\\/legendatours.com\\\/product\\\/albufeira-the-charming-central-algarve-55001sc\\\/\",\"url\":\"https:\\\/\\\/legendatours.com\\\/product\\\/albufeira-the-charming-central-algarve-55001sc\\\/\",\"name\":\"Self-Drive Holiday in Albufeira Central Algarve - Legendary Adventure DMC Portugal\",\"isPartOf\":{\"@id\":\"https:\\\/\\\/legendatours.com\\\/#website\"},\"primaryImageOfPage\":{\"@id\":\"https:\\\/\\\/legendatours.com\\\/product\\\/albufeira-the-charming-central-algarve-55001sc\\\/#primaryimage\"},\"image\":{\"@id\":\"https:\\\/\\\/legendatours.com\\\/product\\\/albufeira-the-charming-central-algarve-55001sc\\\/#primaryimage\"},\"thumbnailUrl\":\"https:\\\/\\\/legendatours.com\\\/wp-content\\\/uploads\\\/sites\\\/12\\\/2021\\\/04\\\/Albufeira_lovely_beaches.jpg\",\"datePublished\":\"2020-06-02T16:47:03+00:00\",\"dateModified\":\"2026-03-18T11:12:03+00:00\",\"description\":\"Self-guided Walking Tour based in Tavira, East Algarve, designed to explore the natural wonders of the Ria Formosa Nature Park and the peaceful countryside.\",\"breadcrumb\":{\"@id\":\"https:\\\/\\\/legendatours.com\\\/product\\\/albufeira-the-charming-central-algarve-55001sc\\\/#breadcrumb\"},\"inLanguage\":\"de\",\"potentialAction\":[{\"@type\":\"ReadAction\",\"target\":[\"https:\\\/\\\/legendatours.com\\\/product\\\/albufeira-the-charming-central-algarve-55001sc\\\/\"]}]},{\"@type\":\"ImageObject\",\"inLanguage\":\"de\",\"@id\":\"https:\\\/\\\/legendatours.com\\\/product\\\/albufeira-the-charming-central-algarve-55001sc\\\/#primaryimage\",\"url\":\"https:\\\/\\\/legendatours.com\\\/wp-content\\\/uploads\\\/sites\\\/12\\\/2021\\\/04\\\/Albufeira_lovely_beaches.jpg\",\"contentUrl\":\"https:\\\/\\\/legendatours.com\\\/wp-content\\\/uploads\\\/sites\\\/12\\\/2021\\\/04\\\/Albufeira_lovely_beaches.jpg\",\"width\":1600,\"height\":1067,\"caption\":\"Albufeira lovely beaches\"},{\"@type\":\"BreadcrumbList\",\"@id\":\"https:\\\/\\\/legendatours.com\\\/product\\\/albufeira-the-charming-central-algarve-55001sc\\\/#breadcrumb\",\"itemListElement\":[{\"@type\":\"ListItem\",\"position\":1,\"name\":\"Home\",\"item\":\"https:\\\/\\\/legendatours.com\\\/\"},{\"@type\":\"ListItem\",\"position\":2,\"name\":\"Shop\",\"item\":\"https:\\\/\\\/legendatours.com\\\/sv\\\/?page_id=4\"},{\"@type\":\"ListItem\",\"position\":3,\"name\":\"The Algarve is so much more than sun and sea. In the little-visited East Algarve, it looks like time has stood still, and you\u2019ll feel how good it is to slow down and live the good life with this carefully crafted Self-Guided Walking Tour. Each day\u2019s walk highlights the contrasting landscape and wildlife of the region. This tour was put together for the enjoyment of those who have a special interest in rambling and nature.\"}]},{\"@type\":\"WebSite\",\"@id\":\"https:\\\/\\\/legendatours.com\\\/#website\",\"url\":\"https:\\\/\\\/legendatours.com\\\/\",\"name\":\"Legendary Adventure DMC Portugal\",\"description\":\"Responsible Walking &amp; Nature Holidays in Portugal\",\"publisher\":{\"@id\":\"https:\\\/\\\/legendatours.com\\\/#organization\"},\"alternateName\":\"Legendary Adventure Portugal\",\"potentialAction\":[{\"@type\":\"SearchAction\",\"target\":{\"@type\":\"EntryPoint\",\"urlTemplate\":\"https:\\\/\\\/legendatours.com\\\/?s={search_term_string}\"},\"query-input\":{\"@type\":\"PropertyValueSpecification\",\"valueRequired\":true,\"valueName\":\"search_term_string\"}}],\"inLanguage\":\"de\"},{\"@type\":\"Organization\",\"@id\":\"https:\\\/\\\/legendatours.com\\\/#organization\",\"name\":\"legendatours.com\",\"url\":\"https:\\\/\\\/legendatours.com\\\/\",\"logo\":{\"@type\":\"ImageObject\",\"inLanguage\":\"de\",\"@id\":\"https:\\\/\\\/legendatours.com\\\/#\\\/schema\\\/logo\\\/image\\\/\",\"url\":\"https:\\\/\\\/legendatours.com\\\/wp-content\\\/uploads\\\/sites\\\/12\\\/2021\\\/06\\\/legendary_adventure_dmc.png\",\"contentUrl\":\"https:\\\/\\\/legendatours.com\\\/wp-content\\\/uploads\\\/sites\\\/12\\\/2021\\\/06\\\/legendary_adventure_dmc.png\",\"width\":250,\"height\":74,\"caption\":\"legendatours.com\"},\"image\":{\"@id\":\"https:\\\/\\\/legendatours.com\\\/#\\\/schema\\\/logo\\\/image\\\/\"},\"sameAs\":[\"https:\\\/\\\/www.facebook.com\\\/legendaryadventuredmc\\\/\",\"https:\\\/\\\/www.linkedin.com\\\/company\\\/legendary-adventure-dmc-portugal\",\"https:\\\/\\\/www.youtube.com\\\/channel\\\/UCOIRDx_KM6ynIcacQkZjb6g\"]}]}<\/script>\n<!-- \/ Yoast SEO Premium plugin. -->","yoast_head_json":{"title":"Selbstfahrerurlaub in Albufeira Zentralalgarve - Legendary Adventure DMC Portugal","description":"Selbstgef\u00fchrter Rundgang in Tavira, Ostalgarve, um die Naturwunder des Naturparks Ria Formosa und die friedliche Landschaft zu erkunden.","robots":{"index":"index","follow":"follow","max-snippet":"max-snippet:-1","max-image-preview":"max-image-preview:large","max-video-preview":"max-video-preview:-1"},"canonical":"https:\/\/legendatours.com\/de\/produkt\/albufeira-the-charming-central-algarve-55001sc\/","og_locale":"de_DE","og_type":"article","og_title":"Self-Drive Holiday in Albufeira Central Algarve","og_description":"Self-guided Walking Tour based in Tavira, East Algarve, designed to explore the natural wonders of the Ria Formosa Nature Park and the peaceful countryside.","og_url":"https:\/\/legendatours.com\/de\/produkt\/albufeira-the-charming-central-algarve-55001sc\/","og_site_name":"Legendary Adventure DMC Portugal","article_publisher":"https:\/\/www.facebook.com\/legendaryadventuredmc\/","article_modified_time":"2026-03-18T11:12:03+00:00","og_image":[{"width":1600,"height":1067,"url":"https:\/\/legendatours.com\/wp-content\/uploads\/sites\/12\/2021\/04\/Albufeira_lovely_beaches.jpg","type":"image\/jpeg"}],"twitter_card":"summary_large_image","twitter_misc":{"Gesch\u00e4tzte Lesezeit":"2\u00a0Minuten"},"schema":{"@context":"https:\/\/schema.org","@graph":[{"@type":"WebPage","@id":"https:\/\/legendatours.com\/product\/albufeira-the-charming-central-algarve-55001sc\/","url":"https:\/\/legendatours.com\/product\/albufeira-the-charming-central-algarve-55001sc\/","name":"Selbstfahrerurlaub in Albufeira Zentralalgarve - Legendary Adventure DMC Portugal","isPartOf":{"@id":"https:\/\/legendatours.com\/#website"},"primaryImageOfPage":{"@id":"https:\/\/legendatours.com\/product\/albufeira-the-charming-central-algarve-55001sc\/#primaryimage"},"image":{"@id":"https:\/\/legendatours.com\/product\/albufeira-the-charming-central-algarve-55001sc\/#primaryimage"},"thumbnailUrl":"https:\/\/legendatours.com\/wp-content\/uploads\/sites\/12\/2021\/04\/Albufeira_lovely_beaches.jpg","datePublished":"2020-06-02T16:47:03+00:00","dateModified":"2026-03-18T11:12:03+00:00","description":"Selbstgef\u00fchrter Rundgang in Tavira, Ostalgarve, um die Naturwunder des Naturparks Ria Formosa und die friedliche Landschaft zu erkunden.","breadcrumb":{"@id":"https:\/\/legendatours.com\/product\/albufeira-the-charming-central-algarve-55001sc\/#breadcrumb"},"inLanguage":"de","potentialAction":[{"@type":"ReadAction","target":["https:\/\/legendatours.com\/product\/albufeira-the-charming-central-algarve-55001sc\/"]}]},{"@type":"ImageObject","inLanguage":"de","@id":"https:\/\/legendatours.com\/product\/albufeira-the-charming-central-algarve-55001sc\/#primaryimage","url":"https:\/\/legendatours.com\/wp-content\/uploads\/sites\/12\/2021\/04\/Albufeira_lovely_beaches.jpg","contentUrl":"https:\/\/legendatours.com\/wp-content\/uploads\/sites\/12\/2021\/04\/Albufeira_lovely_beaches.jpg","width":1600,"height":1067,"caption":"Albufeira lovely beaches"},{"@type":"BreadcrumbList","@id":"https:\/\/legendatours.com\/product\/albufeira-the-charming-central-algarve-55001sc\/#breadcrumb","itemListElement":[{"@type":"ListItem","position":1,"name":"Home","item":"https:\/\/legendatours.com\/"},{"@type":"ListItem","position":2,"name":"Shop","item":"https:\/\/legendatours.com\/sv\/?page_id=4"},{"@type":"ListItem","position":3,"name":"The Algarve is so much more than sun and sea. In the little-visited East Algarve, it looks like time has stood still, and you\u2019ll feel how good it is to slow down and live the good life with this carefully crafted Self-Guided Walking Tour. Each day\u2019s walk highlights the contrasting landscape and wildlife of the region. This tour was put together for the enjoyment of those who have a special interest in rambling and nature."}]},{"@type":"WebSite","@id":"https:\/\/legendatours.com\/#website","url":"https:\/\/legendatours.com\/","name":"Legend\u00e4res Abenteuer DMC Portugal","description":"Verantwortungsvolles Wandern und Natururlaub in Portugal","publisher":{"@id":"https:\/\/legendatours.com\/#organization"},"alternateName":"Legendary Adventure Portugal","potentialAction":[{"@type":"SearchAction","target":{"@type":"EntryPoint","urlTemplate":"https:\/\/legendatours.com\/?s={search_term_string}"},"query-input":{"@type":"PropertyValueSpecification","valueRequired":true,"valueName":"search_term_string"}}],"inLanguage":"de"},{"@type":"Organization","@id":"https:\/\/legendatours.com\/#organization","name":"legendatours.com","url":"https:\/\/legendatours.com\/","logo":{"@type":"ImageObject","inLanguage":"de","@id":"https:\/\/legendatours.com\/#\/schema\/logo\/image\/","url":"https:\/\/legendatours.com\/wp-content\/uploads\/sites\/12\/2021\/06\/legendary_adventure_dmc.png","contentUrl":"https:\/\/legendatours.com\/wp-content\/uploads\/sites\/12\/2021\/06\/legendary_adventure_dmc.png","width":250,"height":74,"caption":"legendatours.com"},"image":{"@id":"https:\/\/legendatours.com\/#\/schema\/logo\/image\/"},"sameAs":["https:\/\/www.facebook.com\/legendaryadventuredmc\/","https:\/\/www.linkedin.com\/company\/legendary-adventure-dmc-portugal","https:\/\/www.youtube.com\/channel\/UCOIRDx_KM6ynIcacQkZjb6g"]}]}},"_links":{"self":[{"href":"https:\/\/legendatours.com\/de\/wp-json\/wp\/v2\/product\/8094","targetHints":{"allow":["GET"]}}],"collection":[{"href":"https:\/\/legendatours.com\/de\/wp-json\/wp\/v2\/product"}],"about":[{"href":"https:\/\/legendatours.com\/de\/wp-json\/wp\/v2\/types\/product"}],"replies":[{"embeddable":true,"href":"https:\/\/legendatours.com\/de\/wp-json\/wp\/v2\/comments?post=8094"}],"wp:featuredmedia":[{"embeddable":true,"href":"https:\/\/legendatours.com\/de\/wp-json\/wp\/v2\/media\/7627"}],"wp:attachment":[{"href":"https:\/\/legendatours.com\/de\/wp-json\/wp\/v2\/media?parent=8094"}],"wp:term":[{"taxonomy":"product_brand","embeddable":true,"href":"https:\/\/legendatours.com\/de\/wp-json\/wp\/v2\/product_brand?post=8094"},{"taxonomy":"product_cat","embeddable":true,"href":"https:\/\/legendatours.com\/de\/wp-json\/wp\/v2\/product_cat?post=8094"},{"taxonomy":"product_tag","embeddable":true,"href":"https:\/\/legendatours.com\/de\/wp-json\/wp\/v2\/product_tag?post=8094"}],"curies":[{"name":"wp","href":"https:\/\/api.w.org\/{rel}","templated":true}]}}