{"id":8102,"date":"2020-06-02T14:30:26","date_gmt":"2020-06-02T14:30:26","guid":{"rendered":"https:\/\/legendatours.com\/product\/tavira-self-drive-road-trip-experience-the-east-algarve\/"},"modified":"2022-01-02T23:03:53","modified_gmt":"2022-01-02T23:03:53","slug":"tavira-experience-the-east-algarve-54001sc","status":"publish","type":"product","link":"https:\/\/legendatours.com\/de\/produkt\/tavira-experience-the-east-algarve-54001sc\/","title":{"rendered":"Tavira Selbstfahrer-Roadtrip: Erleben Sie die Ostalgarve"},"content":{"rendered":"<p>Tavira, der Ausgangspunkt f\u00fcr diesen Selbstfahrer-Roadtrip, ist eine friedliche K\u00fcstenstadt an der Ostalgarve.<\/p>\n<p>Von hier aus entdecken Sie herrliche K\u00fcstenlandschaften, unerwartete Landschaften und Lebensweisen im Landesinneren sowie bezaubernde historische St\u00e4dte.<\/p>\n<p>Diese ma\u00dfgeschneiderte Tour wurde von Anwohnern entworfen und bietet ein einzigartiges Erlebnis des nat\u00fcrlichen, menschlichen und kulturellen Erbes dieser Region.<\/p>\n<div id=\"attachment_1776\" style=\"width: 1034px\" class=\"wp-caption alignnone\"><img loading=\"lazy\" decoding=\"async\" aria-describedby=\"caption-attachment-1776\" class=\"wp-image-1776 size-large\" src=\"https:\/\/legendatours.net\/wp-content\/uploads\/2020\/03\/Anchor-cemetery-in-Barril-Beach-1024x687.jpg\" alt=\"Anchor cemetery in Barril Beach Tavira\" width=\"1024\" height=\"687\" \/><p id=\"caption-attachment-1776\" class=\"wp-caption-text\">Ankerfriedhof in Barril Beach Tavira. Diese seltsame Anordnung von Ankern ist in der Tat eine Art Denkmal f\u00fcr die verlorene Thunfischindustrie, die hier einst florierte.<\/p><\/div>\n<p>Das blaue Wasser des Atlantiks, die goldenen Sandstr\u00e4nde, die Ria Formosa, die exquisite Gastronomie, die freundlichen Menschen, all diese Eigenschaften der Algarve sind weithin bekannt.<\/p>\n<p>Aber es gibt immer noch geheime Orte, Landschaften, die entdeckt werden m\u00fcssen, und Wege und Traditionen, die vielen unbekannt sind.<\/p>\n<p>Tavira, an den S\u00fcdh\u00e4ngen der Serra do Caldeir\u00e3o, ist eine malerische und malerische Stadt, umgeben von einer Landschaft mit Oliven-, Mandel-, Feigen-, Johannisbrot- und Palmenb\u00e4umen.<\/p>\n<p>Gepr\u00e4gt von seiner historischen Vergangenheit hat Tavira ein attraktives Flussufer und eine ruhige Atmosph\u00e4re. Der Fluss Gil\u00e3o \u00f6ffnet sich zur Ria Formosa, einem System von Lagunen von gro\u00dfer nat\u00fcrlicher Sch\u00f6nheit.<\/p>\n<p>Diese unabh\u00e4ngige Tour gibt Ihnen einen Einblick in die Bedeutung des traditionellen Fischfangs in der Ria Formosa und die M\u00f6glichkeit, Meeresdelikatessen zu probieren, die mit Fachwissen und Einfachheit zubereitet werden.<\/p>\n<p>Sie werden die frischen Austern, die Oktopus-Eint\u00f6pfe, die Schwertmuscheln, die Thunfischgerichte mit Variationen, die es nur in dieser Region gibt, nicht vergessen, in der es eine wahre Kunst ist, die Fr\u00fcchte des Meeres zu fangen und zuzubereiten.<\/p>\n<div id=\"attachment_928\" style=\"width: 1034px\" class=\"wp-caption alignnone\"><img loading=\"lazy\" decoding=\"async\" aria-describedby=\"caption-attachment-928\" class=\"wp-image-928 size-large\" src=\"https:\/\/legendatours.net\/wp-content\/uploads\/2020\/03\/Azure-lagoons-of-the-Ria-Formosa-Natural-Park-1-1024x685.jpg\" alt=\"Walking Ria Formosa Natural Park\" width=\"1024\" height=\"685\" \/><p id=\"caption-attachment-928\" class=\"wp-caption-text\">Azurblaue Lagunen des Naturparks Ria Formosa. Dies ist eine einzigartige K\u00fcstenlagune, die sich aufgrund der st\u00e4ndigen Bewegung von Winden, Str\u00f6mungen und Gezeiten st\u00e4ndig ver\u00e4ndert.<\/p><\/div>\n<p>Wenn Sie sich nach Osten bewegen, besuchen Sie Cacela Velha, ein charmantes wei\u00df-blaues K\u00fcstendorf mit der einzigen Klippe an der Ostalgarve und der wohl sch\u00f6nsten Aussicht, die Sie auf dieser Tour sehen werden.<\/p>\n<p>Sie sehen sich Vila Real de Santo Ant\u00f3nio genauer an, eine Stadt, die 1774 nach den Prinzipien der Aufkl\u00e4rung gegr\u00fcndet wurde. Es wurde nach dem verheerenden Erdbeben von 1755 als Nachbildung der Stra\u00dfenf\u00fchrung im Zentrum von Lissabon erbaut.<\/p>\n<p>Bei Ausfl\u00fcgen ins Landesinnere zu den H\u00fcgeln oberhalb von Tavira entdecken Sie den Reiz verschlafener D\u00f6rfer wie Cachopo mit wei\u00df get\u00fcnchten H\u00e4usern und markant verzierten Br\u00fcstungen an den Fassaden. Einige verstecken Terrassen (A\u00e7oteias), auf denen Feigen und andere Produkte mit althergebrachten Konservierungstechniken getrocknet wurden. Andere sind rein dekorativ und ein Zeichen f\u00fcr den Reichtum und das Prestige des Hausbesitzers.<\/p>\n<p>S. Bras de Alportel, ein weiterer Stopp auf unserer Reiseroute, ist ber\u00fchmt f\u00fcr die Korkproduktion, bei der die Baumrinde in ein nachhaltiges und \u00f6kologisches Produkt umgewandelt wird. Die Qualit\u00e4t des Korks aus dieser Region ist weltweit f\u00fcr unz\u00e4hlige Anwendungen bekannt.<\/p>\n<div id=\"attachment_1872\" style=\"width: 1034px\" class=\"wp-caption alignnone\"><img loading=\"lazy\" decoding=\"async\" aria-describedby=\"caption-attachment-1872\" class=\"wp-image-1872 size-large\" src=\"https:\/\/legendatours.net\/wp-content\/uploads\/2020\/03\/Alcoutim_Smuggler_statue-1024x768.jpg\" alt=\"Alcoutim Smuggler Statue\" width=\"1024\" height=\"768\" \/><p id=\"caption-attachment-1872\" class=\"wp-caption-text\">Schmugglerstatue von Alcoutim, die die kollektive Erinnerung an die Geschichte dieses Landes und dieses Flusses hervorruft: der Fischer, der Steuerw\u00e4chter und der Schmuggler.<\/p><\/div>\n<p>Sie folgen dann den gr\u00fcnen H\u00fcgeln, die an den Fluss Guadiana grenzen, um Alcoutim zu erreichen. San Lucar del Guadiana ist die spanische Stadt am gegen\u00fcberliegenden Ufer.<br \/>\nDas Schloss von Alcoutim wurde im 16. Jahrhundert erbaut und von den perfekt gepflegten G\u00e4rten haben Sie einen hervorragenden Aussichtspunkt. Um die Burg ranken sich unz\u00e4hlige Legenden, die von tapferen Rittern und sch\u00f6nen maurischen Prinzessinnen erz\u00e4hlen, die in ihrer Liebe frustriert und verzaubert sind.<\/p>\n<p>Dies ist eine sorgf\u00e4ltig gestaltete Selbstfahrertour, bei der die Vergangenheit mit der Gegenwart verschmilzt und jeden Moment zu einer bleibenden Erinnerung macht: Kommen Sie als Besucher an, aber gehen Sie als Einheimischer!<\/p>\n<div class=\"row\" style=\"display: flex;\">\n<div class=\"column\" style=\"flex: 45%;\"><\/div>\n<div class=\"column\" style=\"flex: 10%;\"><\/div>\n<div class=\"column\" style=\"flex: 45%;\"><\/div>\n<\/div>","protected":false},"excerpt":{"rendered":"<p>Tavira, der Ausgangspunkt f\u00fcr diesen Selbstfahrer-Roadtrip, ist eine friedliche K\u00fcstenstadt an der Ostalgarve.<\/p>\n<p>Von hier aus entdecken Sie herrliche K\u00fcstenlandschaften, unerwartete Landschaften und Lebensweisen im Landesinneren sowie bezaubernde historische St\u00e4dte.<\/p>\n<p>Diese ma\u00dfgeschneiderte Tour wurde von Anwohnern entworfen und bietet ein einzigartiges Erlebnis des nat\u00fcrlichen, menschlichen und kulturellen Erbes dieser Region.<\/p>","protected":false},"featured_media":1717,"comment_status":"closed","ping_status":"closed","template":"","meta":{"_acf_changed":false,"inline_featured_image":false},"product_brand":[],"product_cat":[327,734,301],"product_tag":[547,367,306,827,828,727,829,152,830,831,460,738,83,153,214,337,389,832,833,834,835,836,837,554,838,218,313,271,478,97,558,839,106,749,819,169,480,1021,642,840,841,319,804,328,805,842,228,322,174,324,806,807,843,286,325,326,179,145],"class_list":{"0":"post-8102","1":"product","2":"type-product","3":"status-publish","4":"has-post-thumbnail","6":"product_cat-self-drive-holidays-portugal","7":"product_cat-self-guided-sightseeing-holidays-in-portugal","8":"product_cat-self-guided-tours-portugal","9":"product_tag-alcoutim","10":"product_tag-algarve-city","11":"product_tag-alleine-reisen","12":"product_tag-almonds","13":"product_tag-barranco-do-velho","14":"product_tag-barril-beach","15":"product_tag-blue-waters","16":"product_tag-cacela-velha","17":"product_tag-cachopo","18":"product_tag-carob-trees","19":"product_tag-castro-marim","20":"product_tag-central-portugal","21":"product_tag-cork-trees","22":"product_tag-countryside","23":"product_tag-culture","24":"product_tag-delicious-food","25":"product_tag-eastern-algarve","26":"product_tag-ferragudo","27":"product_tag-figs","28":"product_tag-fishing-heritage","29":"product_tag-foz-de-odeleite","30":"product_tag-golden-sandy-beaches","31":"product_tag-gorges","32":"product_tag-guadiana-river","33":"product_tag-guerreiros-do-rio","34":"product_tag-history","35":"product_tag-individuelle-touren","36":"product_tag-lush-green-hills","37":"product_tag-monte-gordo","38":"product_tag-natural-park","39":"product_tag-olives","40":"product_tag-palm-trees","41":"product_tag-picturesque-landscapes","42":"product_tag-protected-area","43":"product_tag-quartzite-elevations","44":"product_tag-ria-formosa-natural-park","45":"product_tag-ria-formosa-natural-reserve","46":"product_tag-ria-formosa-nature-reserve","47":"product_tag-sagres","48":"product_tag-santa-rita","49":"product_tag-sao-bras-de-alportel","50":"product_tag-sejour-en-liberte","51":"product_tag-self-drive-holiday","52":"product_tag-self-guided","53":"product_tag-self-guided-holiday","54":"product_tag-serra-do-caldeirao","55":"product_tag-sightseeing","56":"product_tag-solo-reisen","57":"product_tag-tavira","58":"product_tag-tours-autoguidees","59":"product_tag-undulating-plains","60":"product_tag-valleys","61":"product_tag-vila-do-vispo","62":"product_tag-vila-real-de-santo-antonio","63":"product_tag-voyage-en-liberte","64":"product_tag-voyages-en-autonomie","65":"product_tag-walking-in-tavira","66":"product_tag-wines","68":"first","69":"instock","70":"virtual","71":"product-type-simple"},"acf":[],"yoast_head":"<!-- This site is optimized with the Yoast SEO Premium plugin v26.8 (Yoast SEO v27.4) - https:\/\/yoast.com\/product\/yoast-seo-premium-wordpress\/ -->\n<title>Tavira Self-Drive Road Trip: Experience the East Algarve - Legendary Adventure DMC Portugal<\/title>\n<meta name=\"description\" content=\"Self-guided Walking Tour based in Tavira, East Algarve, designed to explore the natural wonders of the Ria Formosa Nature Park and the peaceful countryside.\" \/>\n<meta name=\"robots\" content=\"index, follow, max-snippet:-1, max-image-preview:large, max-video-preview:-1\" \/>\n<link rel=\"canonical\" href=\"https:\/\/legendatours.com\/de\/produkt\/tavira-experience-the-east-algarve-54001sc\/\" \/>\n<meta property=\"og:locale\" content=\"de_DE\" \/>\n<meta property=\"og:type\" content=\"article\" \/>\n<meta property=\"og:title\" content=\"Tavira Self-Drive Road Trip: Experience the East Algarve\" \/>\n<meta property=\"og:description\" content=\"Self-guided Walking Tour based in Tavira, East Algarve, designed to explore the natural wonders of the Ria Formosa Nature Park and the peaceful countryside.\" \/>\n<meta property=\"og:url\" content=\"https:\/\/legendatours.com\/de\/produkt\/tavira-experience-the-east-algarve-54001sc\/\" \/>\n<meta property=\"og:site_name\" content=\"Legendary Adventure DMC Portugal\" \/>\n<meta property=\"article:publisher\" content=\"https:\/\/www.facebook.com\/legendaryadventuredmc\/\" \/>\n<meta property=\"article:modified_time\" content=\"2022-01-02T23:03:53+00:00\" \/>\n<meta property=\"og:image\" content=\"https:\/\/legendatours.com\/wp-content\/uploads\/sites\/12\/2021\/04\/Roman-bridge-in-Tavira-Venice-of-Algarve-2-e1611676865827.jpg\" \/>\n\t<meta property=\"og:image:width\" content=\"1024\" \/>\n\t<meta property=\"og:image:height\" content=\"685\" \/>\n\t<meta property=\"og:image:type\" content=\"image\/jpeg\" \/>\n<meta name=\"twitter:card\" content=\"summary_large_image\" \/>\n<meta name=\"twitter:label1\" content=\"Gesch\u00e4tzte Lesezeit\" \/>\n\t<meta name=\"twitter:data1\" content=\"3\u00a0Minuten\" \/>\n<script type=\"application\/ld+json\" class=\"yoast-schema-graph\">{\"@context\":\"https:\\\/\\\/schema.org\",\"@graph\":[{\"@type\":\"WebPage\",\"@id\":\"https:\\\/\\\/legendatours.com\\\/product\\\/tavira-experience-the-east-algarve-54001sc\\\/\",\"url\":\"https:\\\/\\\/legendatours.com\\\/product\\\/tavira-experience-the-east-algarve-54001sc\\\/\",\"name\":\"Tavira Self-Drive Road Trip: Experience the East Algarve - Legendary Adventure DMC Portugal\",\"isPartOf\":{\"@id\":\"https:\\\/\\\/legendatours.com\\\/#website\"},\"primaryImageOfPage\":{\"@id\":\"https:\\\/\\\/legendatours.com\\\/product\\\/tavira-experience-the-east-algarve-54001sc\\\/#primaryimage\"},\"image\":{\"@id\":\"https:\\\/\\\/legendatours.com\\\/product\\\/tavira-experience-the-east-algarve-54001sc\\\/#primaryimage\"},\"thumbnailUrl\":\"https:\\\/\\\/legendatours.com\\\/wp-content\\\/uploads\\\/sites\\\/12\\\/2021\\\/04\\\/Roman-bridge-in-Tavira-Venice-of-Algarve-2-e1611676865827.jpg\",\"datePublished\":\"2020-06-02T14:30:26+00:00\",\"dateModified\":\"2022-01-02T23:03:53+00:00\",\"description\":\"Self-guided Walking Tour based in Tavira, East Algarve, designed to explore the natural wonders of the Ria Formosa Nature Park and the peaceful countryside.\",\"breadcrumb\":{\"@id\":\"https:\\\/\\\/legendatours.com\\\/product\\\/tavira-experience-the-east-algarve-54001sc\\\/#breadcrumb\"},\"inLanguage\":\"de\",\"potentialAction\":[{\"@type\":\"ReadAction\",\"target\":[\"https:\\\/\\\/legendatours.com\\\/product\\\/tavira-experience-the-east-algarve-54001sc\\\/\"]}]},{\"@type\":\"ImageObject\",\"inLanguage\":\"de\",\"@id\":\"https:\\\/\\\/legendatours.com\\\/product\\\/tavira-experience-the-east-algarve-54001sc\\\/#primaryimage\",\"url\":\"https:\\\/\\\/legendatours.com\\\/wp-content\\\/uploads\\\/sites\\\/12\\\/2021\\\/04\\\/Roman-bridge-in-Tavira-Venice-of-Algarve-2-e1611676865827.jpg\",\"contentUrl\":\"https:\\\/\\\/legendatours.com\\\/wp-content\\\/uploads\\\/sites\\\/12\\\/2021\\\/04\\\/Roman-bridge-in-Tavira-Venice-of-Algarve-2-e1611676865827.jpg\",\"width\":1024,\"height\":685,\"caption\":\"Roman bridge in Tavira Venice of Algarve\"},{\"@type\":\"BreadcrumbList\",\"@id\":\"https:\\\/\\\/legendatours.com\\\/product\\\/tavira-experience-the-east-algarve-54001sc\\\/#breadcrumb\",\"itemListElement\":[{\"@type\":\"ListItem\",\"position\":1,\"name\":\"Home\",\"item\":\"https:\\\/\\\/legendatours.com\\\/\"},{\"@type\":\"ListItem\",\"position\":2,\"name\":\"Shop\",\"item\":\"https:\\\/\\\/legendatours.com\\\/sv\\\/?page_id=4\"},{\"@type\":\"ListItem\",\"position\":3,\"name\":\"The Algarve is so much more than sun and sea. In the little-visited East Algarve, it looks like time has stood still, and you\u2019ll feel how good it is to slow down and live the good life with this carefully crafted Self-Guided Walking Tour. Each day\u2019s walk highlights the contrasting landscape and wildlife of the region. This tour was put together for the enjoyment of those who have a special interest in rambling and nature.\"}]},{\"@type\":\"WebSite\",\"@id\":\"https:\\\/\\\/legendatours.com\\\/#website\",\"url\":\"https:\\\/\\\/legendatours.com\\\/\",\"name\":\"Legendary Adventure DMC Portugal\",\"description\":\"Responsible Walking &amp; Nature Holidays in Portugal\",\"publisher\":{\"@id\":\"https:\\\/\\\/legendatours.com\\\/#organization\"},\"alternateName\":\"Legendary Adventure Portugal\",\"potentialAction\":[{\"@type\":\"SearchAction\",\"target\":{\"@type\":\"EntryPoint\",\"urlTemplate\":\"https:\\\/\\\/legendatours.com\\\/?s={search_term_string}\"},\"query-input\":{\"@type\":\"PropertyValueSpecification\",\"valueRequired\":true,\"valueName\":\"search_term_string\"}}],\"inLanguage\":\"de\"},{\"@type\":\"Organization\",\"@id\":\"https:\\\/\\\/legendatours.com\\\/#organization\",\"name\":\"legendatours.com\",\"url\":\"https:\\\/\\\/legendatours.com\\\/\",\"logo\":{\"@type\":\"ImageObject\",\"inLanguage\":\"de\",\"@id\":\"https:\\\/\\\/legendatours.com\\\/#\\\/schema\\\/logo\\\/image\\\/\",\"url\":\"https:\\\/\\\/legendatours.com\\\/wp-content\\\/uploads\\\/sites\\\/12\\\/2021\\\/06\\\/legendary_adventure_dmc.png\",\"contentUrl\":\"https:\\\/\\\/legendatours.com\\\/wp-content\\\/uploads\\\/sites\\\/12\\\/2021\\\/06\\\/legendary_adventure_dmc.png\",\"width\":250,\"height\":74,\"caption\":\"legendatours.com\"},\"image\":{\"@id\":\"https:\\\/\\\/legendatours.com\\\/#\\\/schema\\\/logo\\\/image\\\/\"},\"sameAs\":[\"https:\\\/\\\/www.facebook.com\\\/legendaryadventuredmc\\\/\",\"https:\\\/\\\/www.linkedin.com\\\/company\\\/legendary-adventure-dmc-portugal\",\"https:\\\/\\\/www.youtube.com\\\/channel\\\/UCOIRDx_KM6ynIcacQkZjb6g\"]}]}<\/script>\n<!-- \/ Yoast SEO Premium plugin. -->","yoast_head_json":{"title":"Tavira Selbstfahrer-Roadtrip: Erleben Sie die Ostalgarve - Legend\u00e4res Abenteuer DMC Portugal","description":"Selbstgef\u00fchrter Rundgang in Tavira, Ostalgarve, um die Naturwunder des Naturparks Ria Formosa und die friedliche Landschaft zu erkunden.","robots":{"index":"index","follow":"follow","max-snippet":"max-snippet:-1","max-image-preview":"max-image-preview:large","max-video-preview":"max-video-preview:-1"},"canonical":"https:\/\/legendatours.com\/de\/produkt\/tavira-experience-the-east-algarve-54001sc\/","og_locale":"de_DE","og_type":"article","og_title":"Tavira Self-Drive Road Trip: Experience the East Algarve","og_description":"Self-guided Walking Tour based in Tavira, East Algarve, designed to explore the natural wonders of the Ria Formosa Nature Park and the peaceful countryside.","og_url":"https:\/\/legendatours.com\/de\/produkt\/tavira-experience-the-east-algarve-54001sc\/","og_site_name":"Legendary Adventure DMC Portugal","article_publisher":"https:\/\/www.facebook.com\/legendaryadventuredmc\/","article_modified_time":"2022-01-02T23:03:53+00:00","og_image":[{"width":1024,"height":685,"url":"https:\/\/legendatours.com\/wp-content\/uploads\/sites\/12\/2021\/04\/Roman-bridge-in-Tavira-Venice-of-Algarve-2-e1611676865827.jpg","type":"image\/jpeg"}],"twitter_card":"summary_large_image","twitter_misc":{"Gesch\u00e4tzte Lesezeit":"3\u00a0Minuten"},"schema":{"@context":"https:\/\/schema.org","@graph":[{"@type":"WebPage","@id":"https:\/\/legendatours.com\/product\/tavira-experience-the-east-algarve-54001sc\/","url":"https:\/\/legendatours.com\/product\/tavira-experience-the-east-algarve-54001sc\/","name":"Tavira Selbstfahrer-Roadtrip: Erleben Sie die Ostalgarve - Legend\u00e4res Abenteuer DMC Portugal","isPartOf":{"@id":"https:\/\/legendatours.com\/#website"},"primaryImageOfPage":{"@id":"https:\/\/legendatours.com\/product\/tavira-experience-the-east-algarve-54001sc\/#primaryimage"},"image":{"@id":"https:\/\/legendatours.com\/product\/tavira-experience-the-east-algarve-54001sc\/#primaryimage"},"thumbnailUrl":"https:\/\/legendatours.com\/wp-content\/uploads\/sites\/12\/2021\/04\/Roman-bridge-in-Tavira-Venice-of-Algarve-2-e1611676865827.jpg","datePublished":"2020-06-02T14:30:26+00:00","dateModified":"2022-01-02T23:03:53+00:00","description":"Selbstgef\u00fchrter Rundgang in Tavira, Ostalgarve, um die Naturwunder des Naturparks Ria Formosa und die friedliche Landschaft zu erkunden.","breadcrumb":{"@id":"https:\/\/legendatours.com\/product\/tavira-experience-the-east-algarve-54001sc\/#breadcrumb"},"inLanguage":"de","potentialAction":[{"@type":"ReadAction","target":["https:\/\/legendatours.com\/product\/tavira-experience-the-east-algarve-54001sc\/"]}]},{"@type":"ImageObject","inLanguage":"de","@id":"https:\/\/legendatours.com\/product\/tavira-experience-the-east-algarve-54001sc\/#primaryimage","url":"https:\/\/legendatours.com\/wp-content\/uploads\/sites\/12\/2021\/04\/Roman-bridge-in-Tavira-Venice-of-Algarve-2-e1611676865827.jpg","contentUrl":"https:\/\/legendatours.com\/wp-content\/uploads\/sites\/12\/2021\/04\/Roman-bridge-in-Tavira-Venice-of-Algarve-2-e1611676865827.jpg","width":1024,"height":685,"caption":"Roman bridge in Tavira Venice of Algarve"},{"@type":"BreadcrumbList","@id":"https:\/\/legendatours.com\/product\/tavira-experience-the-east-algarve-54001sc\/#breadcrumb","itemListElement":[{"@type":"ListItem","position":1,"name":"Home","item":"https:\/\/legendatours.com\/"},{"@type":"ListItem","position":2,"name":"Shop","item":"https:\/\/legendatours.com\/sv\/?page_id=4"},{"@type":"ListItem","position":3,"name":"The Algarve is so much more than sun and sea. In the little-visited East Algarve, it looks like time has stood still, and you\u2019ll feel how good it is to slow down and live the good life with this carefully crafted Self-Guided Walking Tour. Each day\u2019s walk highlights the contrasting landscape and wildlife of the region. This tour was put together for the enjoyment of those who have a special interest in rambling and nature."}]},{"@type":"WebSite","@id":"https:\/\/legendatours.com\/#website","url":"https:\/\/legendatours.com\/","name":"Legend\u00e4res Abenteuer DMC Portugal","description":"Verantwortungsvolles Wandern und Natururlaub in Portugal","publisher":{"@id":"https:\/\/legendatours.com\/#organization"},"alternateName":"Legendary Adventure Portugal","potentialAction":[{"@type":"SearchAction","target":{"@type":"EntryPoint","urlTemplate":"https:\/\/legendatours.com\/?s={search_term_string}"},"query-input":{"@type":"PropertyValueSpecification","valueRequired":true,"valueName":"search_term_string"}}],"inLanguage":"de"},{"@type":"Organization","@id":"https:\/\/legendatours.com\/#organization","name":"legendatours.com","url":"https:\/\/legendatours.com\/","logo":{"@type":"ImageObject","inLanguage":"de","@id":"https:\/\/legendatours.com\/#\/schema\/logo\/image\/","url":"https:\/\/legendatours.com\/wp-content\/uploads\/sites\/12\/2021\/06\/legendary_adventure_dmc.png","contentUrl":"https:\/\/legendatours.com\/wp-content\/uploads\/sites\/12\/2021\/06\/legendary_adventure_dmc.png","width":250,"height":74,"caption":"legendatours.com"},"image":{"@id":"https:\/\/legendatours.com\/#\/schema\/logo\/image\/"},"sameAs":["https:\/\/www.facebook.com\/legendaryadventuredmc\/","https:\/\/www.linkedin.com\/company\/legendary-adventure-dmc-portugal","https:\/\/www.youtube.com\/channel\/UCOIRDx_KM6ynIcacQkZjb6g"]}]}},"_links":{"self":[{"href":"https:\/\/legendatours.com\/de\/wp-json\/wp\/v2\/product\/8102","targetHints":{"allow":["GET"]}}],"collection":[{"href":"https:\/\/legendatours.com\/de\/wp-json\/wp\/v2\/product"}],"about":[{"href":"https:\/\/legendatours.com\/de\/wp-json\/wp\/v2\/types\/product"}],"replies":[{"embeddable":true,"href":"https:\/\/legendatours.com\/de\/wp-json\/wp\/v2\/comments?post=8102"}],"wp:featuredmedia":[{"embeddable":true,"href":"https:\/\/legendatours.com\/de\/wp-json\/wp\/v2\/media\/1717"}],"wp:attachment":[{"href":"https:\/\/legendatours.com\/de\/wp-json\/wp\/v2\/media?parent=8102"}],"wp:term":[{"taxonomy":"product_brand","embeddable":true,"href":"https:\/\/legendatours.com\/de\/wp-json\/wp\/v2\/product_brand?post=8102"},{"taxonomy":"product_cat","embeddable":true,"href":"https:\/\/legendatours.com\/de\/wp-json\/wp\/v2\/product_cat?post=8102"},{"taxonomy":"product_tag","embeddable":true,"href":"https:\/\/legendatours.com\/de\/wp-json\/wp\/v2\/product_tag?post=8102"}],"curies":[{"name":"wp","href":"https:\/\/api.w.org\/{rel}","templated":true}]}}