{"id":8128,"date":"2020-06-01T12:00:18","date_gmt":"2020-06-01T12:00:18","guid":{"rendered":"https:\/\/legendatours.com\/product\/long-stay-portugal-lagos-aqualuz-suite-hotel-apartments\/"},"modified":"2021-08-13T10:33:28","modified_gmt":"2021-08-13T10:33:28","slug":"long-stay-lagos-aqualuz-suite-hotel-apartments-ls400pk","status":"publish","type":"product","link":"https:\/\/legendatours.com\/de\/produkt\/long-stay-lagos-aqualuz-suite-hotel-apartments-ls400pk\/","title":{"rendered":"Langzeitaufenthalt Portugal Lagos, Aqualuz Suite Hotel Apartments"},"content":{"rendered":"<p>Lagos ist eine historische und kosmopolitische Stadt an der spektakul\u00e4ren Westalgarve-K\u00fcste.<\/p>\n<p>In diesem Langzeiturlaub k\u00f6nnen Sie in aller Ruhe die dramatische Meereslandschaft der Westalgarve erkunden und viele interessante Sehensw\u00fcrdigkeiten in der Region besuchen.<\/p>\n<p>Mit Blick auf eine gro\u00dfe Bucht und den feinen Sand des Meia Praia Beach war Lagos ein Ausgangspunkt f\u00fcr die Galeonen der Discoveries und auch ein Zufluchtsort f\u00fcr Freibeuter wie Sir Francis Drake.<\/p>\n<div id=\"attachment_1928\" style=\"width: 1034px\" class=\"wp-caption alignnone\"><img loading=\"lazy\" decoding=\"async\" aria-describedby=\"caption-attachment-1928\" class=\"wp-image-1928 size-large\" src=\"https:\/\/legendatours.net\/wp-content\/uploads\/2020\/03\/Whitewashed_walls_west_Algarve_village-1024x683.jpg\" alt=\"Walking in Whitewashed walls west Algarve village\" width=\"1024\" height=\"683\" \/><p id=\"caption-attachment-1928\" class=\"wp-caption-text\">Wei\u00df get\u00fcnchte W\u00e4nde westliches Algarve-Dorf<\/p><\/div>\n<p>Eine sch\u00f6ne Mauer grenzt an die Uferpromenade und die Altstadt ist voller kleiner Boutiquen, Restaurants und einer F\u00fclle von Kulturerbe und Kulturst\u00e4tten.<\/p>\n<p>Selbst in den Wintermonaten ist das Wetter mild, was diese Region zu einer sch\u00f6nen Region zum Wandern und anderen Naturaktivit\u00e4ten macht.<\/p>\n<p>Entfliehen Sie dem Regen und den kalten Tagen! An der Algarve gibt es \u00fcber 300 Sonnentage im Jahr!<\/p>\n<p>Oben in den \u00fcppig gr\u00fcnen H\u00fcgeln finden Sie eine Lebensart, die aus vielen europ\u00e4ischen L\u00e4ndern verschwunden ist, wo sich die Tage um die Jahreszeiten drehen, zwischen duftenden Zitrusplantagen.<\/p>\n<p>Die f\u00fcr die Region typischen s\u00fc\u00dfen K\u00f6stlichkeiten werden mit Johannisbrot, Honig und Mandeln zubereitet, die hier reichlich vorhanden sind und leicht mit anderen frischen Produkten auf den lebhaften lokalen M\u00e4rkten zu finden sind.<\/p>\n<div id=\"attachment_1858\" style=\"width: 1034px\" class=\"wp-caption alignnone\"><img loading=\"lazy\" decoding=\"async\" aria-describedby=\"caption-attachment-1858\" class=\"wp-image-1858 size-large\" src=\"https:\/\/legendatours.net\/wp-content\/uploads\/2020\/03\/Lagos_pontaPiedade-1024x700.jpg\" alt=\"Stunning view from top of the cliff Lagos\" width=\"1024\" height=\"700\" \/><p id=\"caption-attachment-1858\" class=\"wp-caption-text\">Atemberaubende Aussicht von der Spitze der Klippe Lagos<\/p><\/div>\n<p>Lagos ist ein perfektes Ziel f\u00fcr einen Langzeiturlaub \u2013 Sie k\u00f6nnen eine Weile wie ein Einheimischer leben und das fantastische Essen, die Kultur, die Sehensw\u00fcrdigkeiten und die Menschen erleben, ohne sich gehetzt zu f\u00fchlen.<br \/>\nProfitieren Sie von den Nebensaison-Tarifen \u2013 Sie bekommen mehr f\u00fcr weniger Geld!<\/p>\n<p><iframe loading=\"lazy\" title=\"Algarve Visto do Ar - Concelho de Lagos\" width=\"1080\" height=\"608\" src=\"https:\/\/www.youtube.com\/embed\/ZY-lBUmDab4?feature=oembed\" frameborder=\"0\" allow=\"accelerometer; autoplay; clipboard-write; encrypted-media; gyroscope; picture-in-picture\" allowfullscreen><\/iframe><\/p>","protected":false},"excerpt":{"rendered":"<p>Lagos ist eine historische und kosmopolitische Stadt an der spektakul\u00e4ren Westalgarve-K\u00fcste.<\/p>\n<p>In diesem Langzeiturlaub k\u00f6nnen Sie in aller Ruhe die dramatische Meereslandschaft der Westalgarve erkunden und viele interessante Sehensw\u00fcrdigkeiten in der Region besuchen.<\/p>\n<p>Mit Blick auf eine gro\u00dfe Bucht und den feinen Sand des Meia Praia Beach war Lagos ein Ausgangspunkt f\u00fcr die Galeonen der Discoveries und auch ein Zufluchtsort f\u00fcr Freibeuter wie Sir Francis Drake.<\/p>","protected":false},"featured_media":8117,"comment_status":"closed","ping_status":"closed","template":"","meta":{"_acf_changed":false,"inline_featured_image":false},"product_brand":[],"product_cat":[686,844],"product_tag":[76,845,849,850,36,85,46,535,195,160,255,312,637,270,689,99,846,639,60,847,848,228,653,644,694,695,173,177,325],"class_list":{"0":"post-8128","1":"product","2":"type-product","3":"status-publish","4":"has-post-thumbnail","6":"product_cat-holiday-packs-tours-portugal","7":"product_cat-long-stays-portugal","8":"product_tag-beaches","9":"product_tag-beautiful-beaches-algarve","10":"product_tag-cabo-de-sao-vicente","11":"product_tag-cliff-top","12":"product_tag-cultural-heritage","13":"product_tag-dramatic-cliffs","14":"product_tag-gastronomy-and-wines","15":"product_tag-historic-centre","16":"product_tag-history-and-heritage","17":"product_tag-holidays","18":"product_tag-holidays-in-portugal","19":"product_tag-holidays-in-the-algarve","20":"product_tag-impressive-cliffs","21":"product_tag-lagos","22":"product_tag-longstay","23":"product_tag-natural-scenery","24":"product_tag-packages","25":"product_tag-ponta-da-piedade","26":"product_tag-portugal","27":"product_tag-retirement","28":"product_tag-seniors","29":"product_tag-sightseeing","30":"product_tag-slave-market-lagos","31":"product_tag-spectacular-cliffs","32":"product_tag-sun-beach","33":"product_tag-sunny-days","34":"product_tag-sunny-winters","35":"product_tag-vacations","36":"product_tag-voyage-en-liberte","38":"first","39":"instock","40":"virtual","41":"product-type-simple"},"acf":[],"yoast_head":"<!-- This site is optimized with the Yoast SEO Premium plugin v26.8 (Yoast SEO v27.5) - https:\/\/yoast.com\/product\/yoast-seo-premium-wordpress\/ -->\n<title>Long-Stay Portugal Lagos, Aqualuz Suite Hotel Apartments - Legendary Adventure DMC Portugal<\/title>\n<meta name=\"robots\" content=\"index, follow, max-snippet:-1, max-image-preview:large, max-video-preview:-1\" \/>\n<link rel=\"canonical\" href=\"https:\/\/legendatours.com\/de\/produkt\/long-stay-lagos-aqualuz-suite-hotel-apartments-ls400pk\/\" \/>\n<meta property=\"og:locale\" content=\"de_DE\" \/>\n<meta property=\"og:type\" content=\"article\" \/>\n<meta property=\"og:title\" content=\"Long-Stay Portugal Lagos, Aqualuz Suite Hotel Apartments\" \/>\n<meta property=\"og:description\" content=\"Lagos is a historical and cosmopolitan city on the spectacular West Algarve coast.  In this long-stay holiday, you can explore at your leisure the West Algarve&#039;s dramatic maritime scenery, and visit many interesting sites in the region.  Facing a large bay and the Meia Praia Beach fine sands, Lagos was a point of departure for the Discoveries&#039; galleons, and also a hideaway for privateers like Sir Francis Drake.\" \/>\n<meta property=\"og:url\" content=\"https:\/\/legendatours.com\/de\/produkt\/long-stay-lagos-aqualuz-suite-hotel-apartments-ls400pk\/\" \/>\n<meta property=\"og:site_name\" content=\"Legendary Adventure DMC Portugal\" \/>\n<meta property=\"article:publisher\" content=\"https:\/\/www.facebook.com\/legendaryadventuredmc\/\" \/>\n<meta property=\"article:modified_time\" content=\"2021-08-13T10:33:28+00:00\" \/>\n<meta property=\"og:image\" content=\"https:\/\/legendatours.com\/wp-content\/uploads\/sites\/12\/2021\/04\/long-stay-holidays-tavira.jpg\" \/>\n\t<meta property=\"og:image:width\" content=\"1200\" \/>\n\t<meta property=\"og:image:height\" content=\"782\" \/>\n\t<meta property=\"og:image:type\" content=\"image\/jpeg\" \/>\n<meta name=\"twitter:card\" content=\"summary_large_image\" \/>\n<meta name=\"twitter:label1\" content=\"Gesch\u00e4tzte Lesezeit\" \/>\n\t<meta name=\"twitter:data1\" content=\"1\u00a0Minute\" \/>\n<script type=\"application\/ld+json\" class=\"yoast-schema-graph\">{\"@context\":\"https:\\\/\\\/schema.org\",\"@graph\":[{\"@type\":\"WebPage\",\"@id\":\"https:\\\/\\\/legendatours.com\\\/product\\\/long-stay-lagos-aqualuz-suite-hotel-apartments-ls400pk\\\/\",\"url\":\"https:\\\/\\\/legendatours.com\\\/product\\\/long-stay-lagos-aqualuz-suite-hotel-apartments-ls400pk\\\/\",\"name\":\"Long-Stay Portugal Lagos, Aqualuz Suite Hotel Apartments - Legendary Adventure DMC Portugal\",\"isPartOf\":{\"@id\":\"https:\\\/\\\/legendatours.com\\\/#website\"},\"primaryImageOfPage\":{\"@id\":\"https:\\\/\\\/legendatours.com\\\/product\\\/long-stay-lagos-aqualuz-suite-hotel-apartments-ls400pk\\\/#primaryimage\"},\"image\":{\"@id\":\"https:\\\/\\\/legendatours.com\\\/product\\\/long-stay-lagos-aqualuz-suite-hotel-apartments-ls400pk\\\/#primaryimage\"},\"thumbnailUrl\":\"https:\\\/\\\/legendatours.com\\\/wp-content\\\/uploads\\\/sites\\\/12\\\/2021\\\/04\\\/long-stay-holidays-tavira.jpg\",\"datePublished\":\"2020-06-01T12:00:18+00:00\",\"dateModified\":\"2021-08-13T10:33:28+00:00\",\"breadcrumb\":{\"@id\":\"https:\\\/\\\/legendatours.com\\\/product\\\/long-stay-lagos-aqualuz-suite-hotel-apartments-ls400pk\\\/#breadcrumb\"},\"inLanguage\":\"de\",\"potentialAction\":[{\"@type\":\"ReadAction\",\"target\":[\"https:\\\/\\\/legendatours.com\\\/product\\\/long-stay-lagos-aqualuz-suite-hotel-apartments-ls400pk\\\/\"]}]},{\"@type\":\"ImageObject\",\"inLanguage\":\"de\",\"@id\":\"https:\\\/\\\/legendatours.com\\\/product\\\/long-stay-lagos-aqualuz-suite-hotel-apartments-ls400pk\\\/#primaryimage\",\"url\":\"https:\\\/\\\/legendatours.com\\\/wp-content\\\/uploads\\\/sites\\\/12\\\/2021\\\/04\\\/long-stay-holidays-tavira.jpg\",\"contentUrl\":\"https:\\\/\\\/legendatours.com\\\/wp-content\\\/uploads\\\/sites\\\/12\\\/2021\\\/04\\\/long-stay-holidays-tavira.jpg\",\"width\":1200,\"height\":782,\"caption\":\"Long-Stay Holidays algarve\"},{\"@type\":\"BreadcrumbList\",\"@id\":\"https:\\\/\\\/legendatours.com\\\/product\\\/long-stay-lagos-aqualuz-suite-hotel-apartments-ls400pk\\\/#breadcrumb\",\"itemListElement\":[{\"@type\":\"ListItem\",\"position\":1,\"name\":\"Home\",\"item\":\"https:\\\/\\\/legendatours.com\\\/\"},{\"@type\":\"ListItem\",\"position\":2,\"name\":\"Shop\",\"item\":\"https:\\\/\\\/legendatours.com\\\/sv\\\/?page_id=4\"},{\"@type\":\"ListItem\",\"position\":3,\"name\":\"Long-Stay Portugal Lagos, Aqualuz Suite Hotel Apartments\"}]},{\"@type\":\"WebSite\",\"@id\":\"https:\\\/\\\/legendatours.com\\\/#website\",\"url\":\"https:\\\/\\\/legendatours.com\\\/\",\"name\":\"Legendary Adventure DMC Portugal\",\"description\":\"Responsible Walking &amp; Nature Holidays in Portugal\",\"publisher\":{\"@id\":\"https:\\\/\\\/legendatours.com\\\/#organization\"},\"alternateName\":\"Legendary Adventure Portugal\",\"potentialAction\":[{\"@type\":\"SearchAction\",\"target\":{\"@type\":\"EntryPoint\",\"urlTemplate\":\"https:\\\/\\\/legendatours.com\\\/?s={search_term_string}\"},\"query-input\":{\"@type\":\"PropertyValueSpecification\",\"valueRequired\":true,\"valueName\":\"search_term_string\"}}],\"inLanguage\":\"de\"},{\"@type\":\"Organization\",\"@id\":\"https:\\\/\\\/legendatours.com\\\/#organization\",\"name\":\"legendatours.com\",\"url\":\"https:\\\/\\\/legendatours.com\\\/\",\"logo\":{\"@type\":\"ImageObject\",\"inLanguage\":\"de\",\"@id\":\"https:\\\/\\\/legendatours.com\\\/#\\\/schema\\\/logo\\\/image\\\/\",\"url\":\"https:\\\/\\\/legendatours.com\\\/wp-content\\\/uploads\\\/sites\\\/12\\\/2021\\\/06\\\/legendary_adventure_dmc.png\",\"contentUrl\":\"https:\\\/\\\/legendatours.com\\\/wp-content\\\/uploads\\\/sites\\\/12\\\/2021\\\/06\\\/legendary_adventure_dmc.png\",\"width\":250,\"height\":74,\"caption\":\"legendatours.com\"},\"image\":{\"@id\":\"https:\\\/\\\/legendatours.com\\\/#\\\/schema\\\/logo\\\/image\\\/\"},\"sameAs\":[\"https:\\\/\\\/www.facebook.com\\\/legendaryadventuredmc\\\/\",\"https:\\\/\\\/www.linkedin.com\\\/company\\\/legendary-adventure-dmc-portugal\",\"https:\\\/\\\/www.youtube.com\\\/channel\\\/UCOIRDx_KM6ynIcacQkZjb6g\"]}]}<\/script>\n<!-- \/ Yoast SEO Premium plugin. -->","yoast_head_json":{"title":"Langzeitaufenthalt Portugal Lagos, Aqualuz Suite Hotel Apartments - Legendary Adventure DMC Portugal","robots":{"index":"index","follow":"follow","max-snippet":"max-snippet:-1","max-image-preview":"max-image-preview:large","max-video-preview":"max-video-preview:-1"},"canonical":"https:\/\/legendatours.com\/de\/produkt\/long-stay-lagos-aqualuz-suite-hotel-apartments-ls400pk\/","og_locale":"de_DE","og_type":"article","og_title":"Long-Stay Portugal Lagos, Aqualuz Suite Hotel Apartments","og_description":"Lagos is a historical and cosmopolitan city on the spectacular West Algarve coast.  In this long-stay holiday, you can explore at your leisure the West Algarve's dramatic maritime scenery, and visit many interesting sites in the region.  Facing a large bay and the Meia Praia Beach fine sands, Lagos was a point of departure for the Discoveries' galleons, and also a hideaway for privateers like Sir Francis Drake.","og_url":"https:\/\/legendatours.com\/de\/produkt\/long-stay-lagos-aqualuz-suite-hotel-apartments-ls400pk\/","og_site_name":"Legendary Adventure DMC Portugal","article_publisher":"https:\/\/www.facebook.com\/legendaryadventuredmc\/","article_modified_time":"2021-08-13T10:33:28+00:00","og_image":[{"width":1200,"height":782,"url":"https:\/\/legendatours.com\/wp-content\/uploads\/sites\/12\/2021\/04\/long-stay-holidays-tavira.jpg","type":"image\/jpeg"}],"twitter_card":"summary_large_image","twitter_misc":{"Gesch\u00e4tzte Lesezeit":"1\u00a0Minute"},"schema":{"@context":"https:\/\/schema.org","@graph":[{"@type":"WebPage","@id":"https:\/\/legendatours.com\/product\/long-stay-lagos-aqualuz-suite-hotel-apartments-ls400pk\/","url":"https:\/\/legendatours.com\/product\/long-stay-lagos-aqualuz-suite-hotel-apartments-ls400pk\/","name":"Langzeitaufenthalt Portugal Lagos, Aqualuz Suite Hotel Apartments - Legendary Adventure DMC Portugal","isPartOf":{"@id":"https:\/\/legendatours.com\/#website"},"primaryImageOfPage":{"@id":"https:\/\/legendatours.com\/product\/long-stay-lagos-aqualuz-suite-hotel-apartments-ls400pk\/#primaryimage"},"image":{"@id":"https:\/\/legendatours.com\/product\/long-stay-lagos-aqualuz-suite-hotel-apartments-ls400pk\/#primaryimage"},"thumbnailUrl":"https:\/\/legendatours.com\/wp-content\/uploads\/sites\/12\/2021\/04\/long-stay-holidays-tavira.jpg","datePublished":"2020-06-01T12:00:18+00:00","dateModified":"2021-08-13T10:33:28+00:00","breadcrumb":{"@id":"https:\/\/legendatours.com\/product\/long-stay-lagos-aqualuz-suite-hotel-apartments-ls400pk\/#breadcrumb"},"inLanguage":"de","potentialAction":[{"@type":"ReadAction","target":["https:\/\/legendatours.com\/product\/long-stay-lagos-aqualuz-suite-hotel-apartments-ls400pk\/"]}]},{"@type":"ImageObject","inLanguage":"de","@id":"https:\/\/legendatours.com\/product\/long-stay-lagos-aqualuz-suite-hotel-apartments-ls400pk\/#primaryimage","url":"https:\/\/legendatours.com\/wp-content\/uploads\/sites\/12\/2021\/04\/long-stay-holidays-tavira.jpg","contentUrl":"https:\/\/legendatours.com\/wp-content\/uploads\/sites\/12\/2021\/04\/long-stay-holidays-tavira.jpg","width":1200,"height":782,"caption":"Long-Stay Holidays algarve"},{"@type":"BreadcrumbList","@id":"https:\/\/legendatours.com\/product\/long-stay-lagos-aqualuz-suite-hotel-apartments-ls400pk\/#breadcrumb","itemListElement":[{"@type":"ListItem","position":1,"name":"Home","item":"https:\/\/legendatours.com\/"},{"@type":"ListItem","position":2,"name":"Shop","item":"https:\/\/legendatours.com\/sv\/?page_id=4"},{"@type":"ListItem","position":3,"name":"Long-Stay Portugal Lagos, Aqualuz Suite Hotel Apartments"}]},{"@type":"WebSite","@id":"https:\/\/legendatours.com\/#website","url":"https:\/\/legendatours.com\/","name":"Legend\u00e4res Abenteuer DMC Portugal","description":"Verantwortungsvolles Wandern und Natururlaub in Portugal","publisher":{"@id":"https:\/\/legendatours.com\/#organization"},"alternateName":"Legendary Adventure Portugal","potentialAction":[{"@type":"SearchAction","target":{"@type":"EntryPoint","urlTemplate":"https:\/\/legendatours.com\/?s={search_term_string}"},"query-input":{"@type":"PropertyValueSpecification","valueRequired":true,"valueName":"search_term_string"}}],"inLanguage":"de"},{"@type":"Organization","@id":"https:\/\/legendatours.com\/#organization","name":"legendatours.com","url":"https:\/\/legendatours.com\/","logo":{"@type":"ImageObject","inLanguage":"de","@id":"https:\/\/legendatours.com\/#\/schema\/logo\/image\/","url":"https:\/\/legendatours.com\/wp-content\/uploads\/sites\/12\/2021\/06\/legendary_adventure_dmc.png","contentUrl":"https:\/\/legendatours.com\/wp-content\/uploads\/sites\/12\/2021\/06\/legendary_adventure_dmc.png","width":250,"height":74,"caption":"legendatours.com"},"image":{"@id":"https:\/\/legendatours.com\/#\/schema\/logo\/image\/"},"sameAs":["https:\/\/www.facebook.com\/legendaryadventuredmc\/","https:\/\/www.linkedin.com\/company\/legendary-adventure-dmc-portugal","https:\/\/www.youtube.com\/channel\/UCOIRDx_KM6ynIcacQkZjb6g"]}]}},"_links":{"self":[{"href":"https:\/\/legendatours.com\/de\/wp-json\/wp\/v2\/product\/8128","targetHints":{"allow":["GET"]}}],"collection":[{"href":"https:\/\/legendatours.com\/de\/wp-json\/wp\/v2\/product"}],"about":[{"href":"https:\/\/legendatours.com\/de\/wp-json\/wp\/v2\/types\/product"}],"replies":[{"embeddable":true,"href":"https:\/\/legendatours.com\/de\/wp-json\/wp\/v2\/comments?post=8128"}],"wp:featuredmedia":[{"embeddable":true,"href":"https:\/\/legendatours.com\/de\/wp-json\/wp\/v2\/media\/8117"}],"wp:attachment":[{"href":"https:\/\/legendatours.com\/de\/wp-json\/wp\/v2\/media?parent=8128"}],"wp:term":[{"taxonomy":"product_brand","embeddable":true,"href":"https:\/\/legendatours.com\/de\/wp-json\/wp\/v2\/product_brand?post=8128"},{"taxonomy":"product_cat","embeddable":true,"href":"https:\/\/legendatours.com\/de\/wp-json\/wp\/v2\/product_cat?post=8128"},{"taxonomy":"product_tag","embeddable":true,"href":"https:\/\/legendatours.com\/de\/wp-json\/wp\/v2\/product_tag?post=8128"}],"curies":[{"name":"wp","href":"https:\/\/api.w.org\/{rel}","templated":true}]}}