{"id":8135,"date":"2020-05-29T15:29:07","date_gmt":"2020-05-29T15:29:07","guid":{"rendered":"https:\/\/legendatours.com\/product\/long-stay-holidays-in-castro-marim-portugal\/"},"modified":"2021-08-13T10:34:57","modified_gmt":"2021-08-13T10:34:57","slug":"long-stay-castro-marim-ls300pk","status":"publish","type":"product","link":"https:\/\/legendatours.com\/de\/produkt\/long-stay-castro-marim-ls300pk\/","title":{"rendered":"Langzeiturlaub in Castro Marim Portugal"},"content":{"rendered":"<p>Castro Marim ist ein verstecktes Juwel an der Spitze der Ostalgarve, an der Grenze zu Spanien. Ein privilegiertes Reiseziel, das sich vom Meer bis ins Hinterland erstreckt, mit dem Fluss Guadiana als Grenze.<\/p>\n<p>Wenn Sie den kalten und regnerischen Tagen entfliehen m\u00f6chten, werfen Sie einen Blick auf diesen Langzeiturlaub.<\/p>\n<p>Sie haben die M\u00f6glichkeit, wie ein Einheimischer zu leben und in aller Ruhe zu reisen, um die \u00fcber 300 Sonnentage der Algarve im Jahr zu genie\u00dfen!<\/p>\n<div id=\"attachment_1818\" style=\"width: 1034px\" class=\"wp-caption alignnone\"><img loading=\"lazy\" decoding=\"async\" aria-describedby=\"caption-attachment-1818\" class=\"wp-image-1818 size-large\" src=\"https:\/\/legendatours.net\/wp-content\/uploads\/2020\/03\/Castro_Marim_nature_reserve-1024x681.jpg\" alt=\"Castro Marim Nature Reserve\" width=\"1024\" height=\"681\" \/><p id=\"caption-attachment-1818\" class=\"wp-caption-text\">Naturschutzgebiet Castro Marim<\/p><\/div>\n<p>Castro Marim ist eine der \u00e4ltesten Gemeinden der Algarve und war bis 1242 ein wichtiges Zentrum der arabischen Macht.<\/p>\n<p>Die strategische Lage an der Grenze und die Notwendigkeit, die maurischen Angriffe aus Nordafrika abzuwehren, waren die Gr\u00fcnde f\u00fcr den Bau der Burg, des Forts und der Mauern, die sehr gut erhalten und eine Besichtigung wert sind.<\/p>\n<p>Vom Wehrgangskommando aus hat man einen hervorragenden Blick \u00fcber die Umgebung bis hin zu den herrlichen Salinen, die das Sonnenlicht in ihrer wei\u00dfen Weite reflektieren, in denen traditionelles Salz hergestellt wird. Bei weitem schl\u00e4ngelt sich der Guadiana-Fluss.<\/p>\n<p>Der elegante Umriss der Flamingos ist ein allt\u00e4glicher Anblick. Diese sch\u00f6nen V\u00f6gel sind in den fruchtbaren Ebenen entlang der Ufer des Guadiana-Flusses reichlich vorhanden, Heimat einer Vielzahl anderer Arten, die im Naturschutzgebiet Castro Marim gedeihen.<\/p>\n<div id=\"attachment_1830\" style=\"width: 1034px\" class=\"wp-caption alignnone\"><img loading=\"lazy\" decoding=\"async\" aria-describedby=\"caption-attachment-1830\" class=\"wp-image-1830 size-large\" src=\"https:\/\/legendatours.net\/wp-content\/uploads\/2020\/03\/Castro_Marim-1024x680.jpg\" alt=\"Castro Marim\" width=\"1024\" height=\"680\" \/><p id=\"caption-attachment-1830\" class=\"wp-caption-text\">Castro Marim<\/p><\/div>\n<p>Die Landschaft erstreckt sich in einen \u00fcppigen Pinienwald und in sanfte H\u00fcgel, bedeckt mit einem leuchtenden Teppich aus Wildblumen.<\/p>\n<p>In der N\u00e4he finden Sie atemberaubende Str\u00e4nde, die sich \u00fcber Meilen von goldenem, weichem Sand erstrecken und am Ende des Sommers fast W\u00fcste sind.<\/p>\n<p>Es ist nicht schwer, echtes Kunsthandwerk zu finden, das Menschen, die Volkskunst sch\u00e4tzen, begeistern wird.<\/p>\n<p>Dies sind nur einige Facetten dieses ruhigen und interessanten Reiseziels.<\/p>\n<p>G\u00f6nnen Sie sich eine Verschnaufpause und genie\u00dfen Sie Ihren Ruhestand oder Ihre Auszeit ohne Hektik. Und profitieren Sie von den Nebensaison-Tarifen \u2013 Sie bekommen mehr f\u00fcr weniger Geld!<\/p>","protected":false},"excerpt":{"rendered":"<p>Castro Marim ist ein verstecktes Juwel an der Spitze der Ostalgarve, an der Grenze zu Spanien. Ein privilegiertes Reiseziel, das sich vom Meer bis ins Hinterland erstreckt, mit dem Fluss Guadiana als Grenze.<\/p>\n<p>Wenn Sie den kalten und regnerischen Tagen entfliehen m\u00f6chten, werfen Sie einen Blick auf diesen Langzeiturlaub.<\/p>\n<p>Sie haben die M\u00f6glichkeit, wie ein Einheimischer zu leben und in aller Ruhe zu reisen, um die \u00fcber 300 Sonnentage der Algarve im Jahr zu genie\u00dfen!<\/p>","protected":false},"featured_media":8129,"comment_status":"closed","ping_status":"closed","template":"","meta":{"_acf_changed":false,"inline_featured_image":false},"product_brand":[],"product_cat":[686,844],"product_tag":[147,76,845,851,460,474,36,130,46,554,50,160,689,95,97,98,846,60,847,848,694,173,208,177,286],"class_list":{"0":"post-8135","1":"product","2":"type-product","3":"status-publish","4":"has-post-thumbnail","6":"product_cat-holiday-packs-tours-portugal","7":"product_cat-long-stays-portugal","8":"product_tag-algarve","9":"product_tag-beaches","10":"product_tag-beautiful-beaches-algarve","11":"product_tag-castle-of-alcoutim","12":"product_tag-castro-marim","13":"product_tag-castro-marim-natural-reserve","14":"product_tag-cultural-heritage","15":"product_tag-gastronomy","16":"product_tag-gastronomy-and-wines","17":"product_tag-guadiana-river","18":"product_tag-historic","19":"product_tag-holidays","20":"product_tag-longstay","21":"product_tag-magnificent-landscape","22":"product_tag-natural-park","23":"product_tag-natural-reserves","24":"product_tag-packages","25":"product_tag-portugal","26":"product_tag-retirement","27":"product_tag-seniors","28":"product_tag-sun-beach","29":"product_tag-sunny-winters","30":"product_tag-traditional-villages","31":"product_tag-vacations","32":"product_tag-vila-real-de-santo-antonio","34":"first","35":"instock","36":"virtual","37":"product-type-simple"},"acf":[],"yoast_head":"<!-- This site is optimized with the Yoast SEO Premium plugin v26.8 (Yoast SEO v27.4) - https:\/\/yoast.com\/product\/yoast-seo-premium-wordpress\/ -->\n<title>Long-Stay Holidays in Castro Marim Portugal - Legendary Adventure DMC Portugal<\/title>\n<meta name=\"robots\" content=\"index, follow, max-snippet:-1, max-image-preview:large, max-video-preview:-1\" \/>\n<link rel=\"canonical\" href=\"https:\/\/legendatours.com\/de\/produkt\/long-stay-castro-marim-ls300pk\/\" \/>\n<meta property=\"og:locale\" content=\"de_DE\" \/>\n<meta property=\"og:type\" content=\"article\" \/>\n<meta property=\"og:title\" content=\"Long-Stay Holidays in Castro Marim Portugal\" \/>\n<meta property=\"og:description\" content=\"Castro Marim is a hidden gem on the tip of the East Algarve, on the border with Spain. A privileged destination that stretches from the sea to the hinterland, with the Guadiana River as its boundary.  If you are looking to escape from the cold and rainy days, take a look at this long-stay holiday.  You&#039;ll have the opportunity to live like a local, and travel at your leisure, to enjoy Algarve&#039;s over 300 days of sun per year!\" \/>\n<meta property=\"og:url\" content=\"https:\/\/legendatours.com\/de\/produkt\/long-stay-castro-marim-ls300pk\/\" \/>\n<meta property=\"og:site_name\" content=\"Legendary Adventure DMC Portugal\" \/>\n<meta property=\"article:publisher\" content=\"https:\/\/www.facebook.com\/legendaryadventuredmc\/\" \/>\n<meta property=\"article:modified_time\" content=\"2021-08-13T10:34:57+00:00\" \/>\n<meta property=\"og:image\" content=\"https:\/\/legendatours.com\/wp-content\/uploads\/sites\/12\/2021\/04\/long-stay-winter-algarve.jpg\" \/>\n\t<meta property=\"og:image:width\" content=\"1200\" \/>\n\t<meta property=\"og:image:height\" content=\"800\" \/>\n\t<meta property=\"og:image:type\" content=\"image\/jpeg\" \/>\n<meta name=\"twitter:card\" content=\"summary_large_image\" \/>\n<meta name=\"twitter:label1\" content=\"Gesch\u00e4tzte Lesezeit\" \/>\n\t<meta name=\"twitter:data1\" content=\"2\u00a0Minuten\" \/>\n<script type=\"application\/ld+json\" class=\"yoast-schema-graph\">{\"@context\":\"https:\\\/\\\/schema.org\",\"@graph\":[{\"@type\":\"WebPage\",\"@id\":\"https:\\\/\\\/legendatours.com\\\/product\\\/long-stay-castro-marim-ls300pk\\\/\",\"url\":\"https:\\\/\\\/legendatours.com\\\/product\\\/long-stay-castro-marim-ls300pk\\\/\",\"name\":\"Long-Stay Holidays in Castro Marim Portugal - Legendary Adventure DMC Portugal\",\"isPartOf\":{\"@id\":\"https:\\\/\\\/legendatours.com\\\/#website\"},\"primaryImageOfPage\":{\"@id\":\"https:\\\/\\\/legendatours.com\\\/product\\\/long-stay-castro-marim-ls300pk\\\/#primaryimage\"},\"image\":{\"@id\":\"https:\\\/\\\/legendatours.com\\\/product\\\/long-stay-castro-marim-ls300pk\\\/#primaryimage\"},\"thumbnailUrl\":\"https:\\\/\\\/legendatours.com\\\/wp-content\\\/uploads\\\/sites\\\/12\\\/2021\\\/04\\\/long-stay-winter-algarve.jpg\",\"datePublished\":\"2020-05-29T15:29:07+00:00\",\"dateModified\":\"2021-08-13T10:34:57+00:00\",\"breadcrumb\":{\"@id\":\"https:\\\/\\\/legendatours.com\\\/product\\\/long-stay-castro-marim-ls300pk\\\/#breadcrumb\"},\"inLanguage\":\"de\",\"potentialAction\":[{\"@type\":\"ReadAction\",\"target\":[\"https:\\\/\\\/legendatours.com\\\/product\\\/long-stay-castro-marim-ls300pk\\\/\"]}]},{\"@type\":\"ImageObject\",\"inLanguage\":\"de\",\"@id\":\"https:\\\/\\\/legendatours.com\\\/product\\\/long-stay-castro-marim-ls300pk\\\/#primaryimage\",\"url\":\"https:\\\/\\\/legendatours.com\\\/wp-content\\\/uploads\\\/sites\\\/12\\\/2021\\\/04\\\/long-stay-winter-algarve.jpg\",\"contentUrl\":\"https:\\\/\\\/legendatours.com\\\/wp-content\\\/uploads\\\/sites\\\/12\\\/2021\\\/04\\\/long-stay-winter-algarve.jpg\",\"width\":1200,\"height\":800,\"caption\":\"Algarve Long Stay\"},{\"@type\":\"BreadcrumbList\",\"@id\":\"https:\\\/\\\/legendatours.com\\\/product\\\/long-stay-castro-marim-ls300pk\\\/#breadcrumb\",\"itemListElement\":[{\"@type\":\"ListItem\",\"position\":1,\"name\":\"Home\",\"item\":\"https:\\\/\\\/legendatours.com\\\/\"},{\"@type\":\"ListItem\",\"position\":2,\"name\":\"Shop\",\"item\":\"https:\\\/\\\/legendatours.com\\\/sv\\\/?page_id=4\"},{\"@type\":\"ListItem\",\"position\":3,\"name\":\"Long-Stay Holidays in Castro Marim Portugal\"}]},{\"@type\":\"WebSite\",\"@id\":\"https:\\\/\\\/legendatours.com\\\/#website\",\"url\":\"https:\\\/\\\/legendatours.com\\\/\",\"name\":\"Legendary Adventure DMC Portugal\",\"description\":\"Responsible Walking &amp; Nature Holidays in Portugal\",\"publisher\":{\"@id\":\"https:\\\/\\\/legendatours.com\\\/#organization\"},\"alternateName\":\"Legendary Adventure Portugal\",\"potentialAction\":[{\"@type\":\"SearchAction\",\"target\":{\"@type\":\"EntryPoint\",\"urlTemplate\":\"https:\\\/\\\/legendatours.com\\\/?s={search_term_string}\"},\"query-input\":{\"@type\":\"PropertyValueSpecification\",\"valueRequired\":true,\"valueName\":\"search_term_string\"}}],\"inLanguage\":\"de\"},{\"@type\":\"Organization\",\"@id\":\"https:\\\/\\\/legendatours.com\\\/#organization\",\"name\":\"legendatours.com\",\"url\":\"https:\\\/\\\/legendatours.com\\\/\",\"logo\":{\"@type\":\"ImageObject\",\"inLanguage\":\"de\",\"@id\":\"https:\\\/\\\/legendatours.com\\\/#\\\/schema\\\/logo\\\/image\\\/\",\"url\":\"https:\\\/\\\/legendatours.com\\\/wp-content\\\/uploads\\\/sites\\\/12\\\/2021\\\/06\\\/legendary_adventure_dmc.png\",\"contentUrl\":\"https:\\\/\\\/legendatours.com\\\/wp-content\\\/uploads\\\/sites\\\/12\\\/2021\\\/06\\\/legendary_adventure_dmc.png\",\"width\":250,\"height\":74,\"caption\":\"legendatours.com\"},\"image\":{\"@id\":\"https:\\\/\\\/legendatours.com\\\/#\\\/schema\\\/logo\\\/image\\\/\"},\"sameAs\":[\"https:\\\/\\\/www.facebook.com\\\/legendaryadventuredmc\\\/\",\"https:\\\/\\\/www.linkedin.com\\\/company\\\/legendary-adventure-dmc-portugal\",\"https:\\\/\\\/www.youtube.com\\\/channel\\\/UCOIRDx_KM6ynIcacQkZjb6g\"]}]}<\/script>\n<!-- \/ Yoast SEO Premium plugin. -->","yoast_head_json":{"title":"Langzeiturlaub in Castro Marim Portugal - Legend\u00e4res Abenteuer DMC Portugal","robots":{"index":"index","follow":"follow","max-snippet":"max-snippet:-1","max-image-preview":"max-image-preview:large","max-video-preview":"max-video-preview:-1"},"canonical":"https:\/\/legendatours.com\/de\/produkt\/long-stay-castro-marim-ls300pk\/","og_locale":"de_DE","og_type":"article","og_title":"Long-Stay Holidays in Castro Marim Portugal","og_description":"Castro Marim is a hidden gem on the tip of the East Algarve, on the border with Spain. A privileged destination that stretches from the sea to the hinterland, with the Guadiana River as its boundary.  If you are looking to escape from the cold and rainy days, take a look at this long-stay holiday.  You'll have the opportunity to live like a local, and travel at your leisure, to enjoy Algarve's over 300 days of sun per year!","og_url":"https:\/\/legendatours.com\/de\/produkt\/long-stay-castro-marim-ls300pk\/","og_site_name":"Legendary Adventure DMC Portugal","article_publisher":"https:\/\/www.facebook.com\/legendaryadventuredmc\/","article_modified_time":"2021-08-13T10:34:57+00:00","og_image":[{"width":1200,"height":800,"url":"https:\/\/legendatours.com\/wp-content\/uploads\/sites\/12\/2021\/04\/long-stay-winter-algarve.jpg","type":"image\/jpeg"}],"twitter_card":"summary_large_image","twitter_misc":{"Gesch\u00e4tzte Lesezeit":"2\u00a0Minuten"},"schema":{"@context":"https:\/\/schema.org","@graph":[{"@type":"WebPage","@id":"https:\/\/legendatours.com\/product\/long-stay-castro-marim-ls300pk\/","url":"https:\/\/legendatours.com\/product\/long-stay-castro-marim-ls300pk\/","name":"Langzeiturlaub in Castro Marim Portugal - Legend\u00e4res Abenteuer DMC Portugal","isPartOf":{"@id":"https:\/\/legendatours.com\/#website"},"primaryImageOfPage":{"@id":"https:\/\/legendatours.com\/product\/long-stay-castro-marim-ls300pk\/#primaryimage"},"image":{"@id":"https:\/\/legendatours.com\/product\/long-stay-castro-marim-ls300pk\/#primaryimage"},"thumbnailUrl":"https:\/\/legendatours.com\/wp-content\/uploads\/sites\/12\/2021\/04\/long-stay-winter-algarve.jpg","datePublished":"2020-05-29T15:29:07+00:00","dateModified":"2021-08-13T10:34:57+00:00","breadcrumb":{"@id":"https:\/\/legendatours.com\/product\/long-stay-castro-marim-ls300pk\/#breadcrumb"},"inLanguage":"de","potentialAction":[{"@type":"ReadAction","target":["https:\/\/legendatours.com\/product\/long-stay-castro-marim-ls300pk\/"]}]},{"@type":"ImageObject","inLanguage":"de","@id":"https:\/\/legendatours.com\/product\/long-stay-castro-marim-ls300pk\/#primaryimage","url":"https:\/\/legendatours.com\/wp-content\/uploads\/sites\/12\/2021\/04\/long-stay-winter-algarve.jpg","contentUrl":"https:\/\/legendatours.com\/wp-content\/uploads\/sites\/12\/2021\/04\/long-stay-winter-algarve.jpg","width":1200,"height":800,"caption":"Algarve Long Stay"},{"@type":"BreadcrumbList","@id":"https:\/\/legendatours.com\/product\/long-stay-castro-marim-ls300pk\/#breadcrumb","itemListElement":[{"@type":"ListItem","position":1,"name":"Home","item":"https:\/\/legendatours.com\/"},{"@type":"ListItem","position":2,"name":"Shop","item":"https:\/\/legendatours.com\/sv\/?page_id=4"},{"@type":"ListItem","position":3,"name":"Long-Stay Holidays in Castro Marim Portugal"}]},{"@type":"WebSite","@id":"https:\/\/legendatours.com\/#website","url":"https:\/\/legendatours.com\/","name":"Legend\u00e4res Abenteuer DMC Portugal","description":"Verantwortungsvolles Wandern und Natururlaub in Portugal","publisher":{"@id":"https:\/\/legendatours.com\/#organization"},"alternateName":"Legendary Adventure Portugal","potentialAction":[{"@type":"SearchAction","target":{"@type":"EntryPoint","urlTemplate":"https:\/\/legendatours.com\/?s={search_term_string}"},"query-input":{"@type":"PropertyValueSpecification","valueRequired":true,"valueName":"search_term_string"}}],"inLanguage":"de"},{"@type":"Organization","@id":"https:\/\/legendatours.com\/#organization","name":"legendatours.com","url":"https:\/\/legendatours.com\/","logo":{"@type":"ImageObject","inLanguage":"de","@id":"https:\/\/legendatours.com\/#\/schema\/logo\/image\/","url":"https:\/\/legendatours.com\/wp-content\/uploads\/sites\/12\/2021\/06\/legendary_adventure_dmc.png","contentUrl":"https:\/\/legendatours.com\/wp-content\/uploads\/sites\/12\/2021\/06\/legendary_adventure_dmc.png","width":250,"height":74,"caption":"legendatours.com"},"image":{"@id":"https:\/\/legendatours.com\/#\/schema\/logo\/image\/"},"sameAs":["https:\/\/www.facebook.com\/legendaryadventuredmc\/","https:\/\/www.linkedin.com\/company\/legendary-adventure-dmc-portugal","https:\/\/www.youtube.com\/channel\/UCOIRDx_KM6ynIcacQkZjb6g"]}]}},"_links":{"self":[{"href":"https:\/\/legendatours.com\/de\/wp-json\/wp\/v2\/product\/8135","targetHints":{"allow":["GET"]}}],"collection":[{"href":"https:\/\/legendatours.com\/de\/wp-json\/wp\/v2\/product"}],"about":[{"href":"https:\/\/legendatours.com\/de\/wp-json\/wp\/v2\/types\/product"}],"replies":[{"embeddable":true,"href":"https:\/\/legendatours.com\/de\/wp-json\/wp\/v2\/comments?post=8135"}],"wp:featuredmedia":[{"embeddable":true,"href":"https:\/\/legendatours.com\/de\/wp-json\/wp\/v2\/media\/8129"}],"wp:attachment":[{"href":"https:\/\/legendatours.com\/de\/wp-json\/wp\/v2\/media?parent=8135"}],"wp:term":[{"taxonomy":"product_brand","embeddable":true,"href":"https:\/\/legendatours.com\/de\/wp-json\/wp\/v2\/product_brand?post=8135"},{"taxonomy":"product_cat","embeddable":true,"href":"https:\/\/legendatours.com\/de\/wp-json\/wp\/v2\/product_cat?post=8135"},{"taxonomy":"product_tag","embeddable":true,"href":"https:\/\/legendatours.com\/de\/wp-json\/wp\/v2\/product_tag?post=8135"}],"curies":[{"name":"wp","href":"https:\/\/api.w.org\/{rel}","templated":true}]}}