{"id":8212,"date":"2020-05-27T15:01:53","date_gmt":"2020-05-27T15:01:53","guid":{"rendered":"https:\/\/legendatours.com\/product\/self-drive-walking-independent-in-the-vicentina-route-and-the-untamed-atlantic\/"},"modified":"2022-01-02T23:07:33","modified_gmt":"2022-01-02T23:07:33","slug":"the-vicentina-route-and-the-untamed-atlantic-5200sc","status":"publish","type":"product","link":"https:\/\/legendatours.com\/de\/produkt\/the-vicentina-route-and-the-untamed-atlantic-5200sc\/","title":{"rendered":"Selbst\u00e4ndiges Wandern auf der Vicentina-Route"},"content":{"rendered":"<p>Die Vicentina Route und der ungez\u00e4hmte Atlantik ist eine Selbstfahrer-Wanderung f\u00fcr begeisterte Wanderer, die daran interessiert sind, eine andere Seite Portugals zu erleben.<\/p>\n<p>Entlang einer der sch\u00f6nsten und am besten erhaltenen K\u00fcstenregionen Europas wandern Sie zwischen zerkl\u00fcfteten Klippen, einsamen Str\u00e4nden, endlosen Wildblumenfeldern, Waldwegen und historischen D\u00f6rfern.<\/p>\n<p>Die k\u00f6stliche regionale K\u00fcche und Weine stechen hervor, mit einem Highlight f\u00fcr die Meeresfr\u00fcchte und frischen Fisch.<\/p>\n<p>Die Vicentina-Route ist Teil des europ\u00e4ischen Wanderwegnetzes und verbindet Binnen- (Historischer Weg) und K\u00fcstenwanderung (Fishermen&#039;s Trail) und umfasst 340 km Wanderwege zwischen der Stadt Santiago do Cac\u00e9m und dem Kap St. Vincent.<\/p>\n<div id=\"attachment_2209\" style=\"width: 1034px\" class=\"wp-caption alignnone\"><img loading=\"lazy\" decoding=\"async\" aria-describedby=\"caption-attachment-2209\" class=\"wp-image-2209 size-large\" title=\"Vicentina-Route, einer der sch\u00f6nsten Abschnitte der erhaltenen europ\u00e4ischen K\u00fcstenlinie, beherbergt das Gebiet die ber\u00fchmte Rota Vicentina \u2013 ein 340 km langer Fernwanderweg.\" src=\"https:\/\/legendatours.net\/wp-content\/uploads\/2020\/05\/Vicentina_Coast04-1024x678.jpg\" alt=\"Vicentina Route, one of the finest stretches of preserved European coastlines, the area is home to the famous Rota Vicentina \u2013 a 340km long-distance path .\" width=\"1024\" height=\"678\" \/><p id=\"caption-attachment-2209\" class=\"wp-caption-text\">Die Vicentina-Route, einer der sch\u00f6nsten Abschnitte der erhaltenen europ\u00e4ischen K\u00fcstenlinie, beherbergt die ber\u00fchmte Rota Vicentina \u2013 einen 340 km langen Fernwanderweg.<\/p><\/div>\n<p>Die Rundwanderungen auf dem Historischen Weg sind unvergessliche Routen voller Tradition. Sie werden seit Jahrhunderten verwendet, um die nahe gelegenen D\u00f6rfer und das Ackerland leicht zu erreichen, und sind eine herrliche M\u00f6glichkeit, das echte Alentejo und eine weitgehend unbekannte Algarve zu erkunden.<\/p>\n<p>Sie finden eine gr\u00fcne Landschaft mit Korkeichenw\u00e4ldern, sanften H\u00fcgeln, T\u00e4lern und m\u00e4andernden Fl\u00fcssen und B\u00e4chen. Eine wahre Reise durch Zeit, lokale Kultur und Natur.<\/p>\n<p>Der Fischerpfad, der ausschlie\u00dflich zu Fu\u00df f\u00fchrt, wurde traditionell von Fischern genutzt, um geheime Angelpl\u00e4tze zu erreichen. Sie k\u00f6nnen sie noch heute sehen, unglaublich hoch oben auf den felsigen Klippen.<\/p>\n<p>Ausgangspunkt der Tour ist ein kleines und zentral gelegenes Dorf, von dem aus Sie die Region und die Spuren dieser Route leicht erkunden k\u00f6nnen.<\/p>\n<p>Es beinhaltet ma\u00dfgeschneiderte Wanderungen, um Ihnen die besten Abschnitte der Vicentina und alle Wunder dieser Region zu zeigen.<\/p>\n<div id=\"attachment_2205\" style=\"width: 1034px\" class=\"wp-caption alignnone\"><img loading=\"lazy\" decoding=\"async\" aria-describedby=\"caption-attachment-2205\" class=\"wp-image-2205 size-large\" title=\"Vicentina-Route - Auf dem Land, entlang der Weidelandschaft und der landwirtschaftlichen Gebiete, die die kleinen H\u00e4usergruppen verbinden, die in diesem riesigen Gebiet verstreut sind.\" src=\"https:\/\/legendatours.net\/wp-content\/uploads\/2020\/05\/Odemira_countryside-1024x768.jpg\" alt=\"Vicentina Route - countryside, along the pastoral landscape and farming terrains that connect the small house clusters scattered in this vast area.\" width=\"1024\" height=\"768\" \/><p id=\"caption-attachment-2205\" class=\"wp-caption-text\">Vicentina-Route \u2013 auf dem Land, entlang der Weidelandschaft und der landwirtschaftlichen Gebiete, die die kleinen H\u00e4usergruppen verbinden, die in diesem riesigen Gebiet verstreut sind.<\/p><\/div>\n<p>Vom wilden und durchsichtigen blauen Wasser von Porto Covo, den atemberaubenden Ausblicken \u00fcber den Strand von Odeceixe bis hin zu den verlassenen Hochebenen rund um die Carrapateira.<\/p>\n<p>Die \u00dcberraschungen, die die Natur zu bieten hat, wie die bunten Blumenteppiche, der Duft von Kr\u00e4utern in der N\u00e4he der B\u00e4che und die Storchennester an den Steilk\u00fcsten, wie nirgendwo sonst auf der Welt!<\/p>\n<p>Finden Sie ruhige Str\u00e4nde, einige einsame Str\u00e4nde, an denen Sie sich von Ihren Wanderanstrengungen erholen k\u00f6nnen. Auf dem Land genie\u00dfen Sie die B\u00e4che und Fl\u00fcsse, die an hei\u00dfen Tagen eine willkommene Abwechslung von der Hitze sind.<\/p>\n<p>Au\u00dferdem haben Sie die M\u00f6glichkeit, die Authentizit\u00e4t, die Kultur, das Erbe und die Lebensweise der Menschen in kleinen D\u00f6rfern und St\u00e4dten wie Aljezur, Vila do Bispo und Sagres zu erleben.<\/p>\n<p>Das ganzj\u00e4hrig milde Wetter und die wunderbaren traditionellen Speisen und Weine runden dieses fantastische Urlaubsabenteuer ab, das sich perfekt f\u00fcr unabh\u00e4ngige Reisende eignet.<\/p>\n<div class=\"row\" style=\"display: flex;\">\n<div class=\"column\" style=\"flex: 45%;\">\n<p><iframe loading=\"lazy\" title=\"Verlieben Sie sich in dieses Land \/\/ Amor a esta Terra - Rota Vicentina\" width=\"1080\" height=\"608\" src=\"https:\/\/www.youtube.com\/embed\/xnabsip_w88?feature=oembed\" frameborder=\"0\" allow=\"accelerometer; autoplay; clipboard-write; encrypted-media; gyroscope; picture-in-picture\" allowfullscreen><\/iframe><\/p>\n<\/div>\n<div class=\"column\" style=\"flex: 10%;\"><\/div>\n<div class=\"column\" style=\"flex: 45%;\">\n<p><iframe loading=\"lazy\" title=\"Alentejo wie nie zuvor gesehen\" width=\"1080\" height=\"608\" src=\"https:\/\/www.youtube.com\/embed\/sK3NutFlvQ4?feature=oembed\" frameborder=\"0\" allow=\"accelerometer; autoplay; clipboard-write; encrypted-media; gyroscope; picture-in-picture\" allowfullscreen><\/iframe><\/p>\n<\/div>\n<\/div>","protected":false},"excerpt":{"rendered":"<p>Die Vicentina Route und der ungez\u00e4hmte Atlantik ist eine Selbstfahrer-Wanderung f\u00fcr begeisterte Wanderer, die daran interessiert sind, eine andere Seite Portugals zu erleben.<\/p>\n<p>Entlang einer der sch\u00f6nsten und am besten erhaltenen K\u00fcstenregionen Europas wandern Sie zwischen zerkl\u00fcfteten Klippen, einsamen Str\u00e4nden, endlosen Wildblumenfeldern, Waldwegen und historischen D\u00f6rfern.<\/p>\n<p>Die k\u00f6stliche regionale K\u00fcche und Weine stechen hervor, mit einem Highlight f\u00fcr die Meeresfr\u00fcchte und frischen Fisch.<\/p>","protected":false},"featured_media":1663,"comment_status":"closed","ping_status":"closed","template":"","meta":{"_acf_changed":false,"inline_featured_image":false},"product_brand":[],"product_cat":[327,301,856],"product_tag":[647,306,857,428,79,34,850,681,636,153,214,337,85,858,732,682,156,218,758,313,759,760,761,762,219,271,859,745,162,103,558,860,861,105,747,106,107,764,765,766,767,768,109,319,716,804,328,805,728,862,753,228,322,770,863,173,324,864,771,684,685,111,325,772,326,121,756,180,421,757,145,865],"class_list":{"0":"post-8212","1":"product","2":"type-product","3":"status-publish","4":"has-post-thumbnail","6":"product_cat-self-drive-holidays-portugal","7":"product_cat-self-guided-tours-portugal","8":"product_cat-self-guided-walking-holidays","9":"product_tag-algarve-secluded-beaches","10":"product_tag-alleine-reisen","11":"product_tag-alzejur","12":"product_tag-bird-watching","13":"product_tag-carrapateira","14":"product_tag-caves","15":"product_tag-cliff-top","16":"product_tag-cliffs","17":"product_tag-costa-vicentina","18":"product_tag-countryside","19":"product_tag-culture","20":"product_tag-delicious-food","21":"product_tag-dramatic-cliffs","22":"product_tag-fishermans-trail","23":"product_tag-golden-beaches","24":"product_tag-grottoes","25":"product_tag-hiking","26":"product_tag-history","27":"product_tag-individual-hiking","28":"product_tag-individuelle-touren","29":"product_tag-individuelle-trekkingreisen","30":"product_tag-individuelle-wandern","31":"product_tag-individuelle-wanderreisen","32":"product_tag-individuelle-wandertouren","33":"product_tag-inland-alentejo","34":"product_tag-lush-green-hills","35":"product_tag-markets","36":"product_tag-nature-hikes","37":"product_tag-nature-walks","38":"product_tag-odemira","39":"product_tag-olives","40":"product_tag-oranges","41":"product_tag-orchards","42":"product_tag-parque-natural-de-costa-vicentina","43":"product_tag-paths","44":"product_tag-picturesque-landscapes","45":"product_tag-porto-covo","46":"product_tag-rando-autoguidee","47":"product_tag-rando-liberte","48":"product_tag-randonnee-autoguidee","49":"product_tag-randonnee-en-liberte","50":"product_tag-randonnee-liberte","51":"product_tag-rota-vicentina","52":"product_tag-sejour-en-liberte","53":"product_tag-selected-walks","54":"product_tag-self-drive-holiday","55":"product_tag-self-guided","56":"product_tag-self-guided-holiday","57":"product_tag-self-guided-walking-holiday","58":"product_tag-self-guided-walking-holidays","59":"product_tag-self-guided-walking-tour","60":"product_tag-sightseeing","61":"product_tag-solo-reisen","62":"product_tag-solo-wandern","63":"product_tag-southwestern-portugal","64":"product_tag-sunny-winters","65":"product_tag-tours-autoguidees","66":"product_tag-trails","67":"product_tag-trek-en-liberte","68":"product_tag-trek-solo","69":"product_tag-trekking-solo","70":"product_tag-vicentina-route","71":"product_tag-voyage-en-liberte","72":"product_tag-voyages-a-pied-en-liberte","73":"product_tag-voyages-en-autonomie","74":"product_tag-walking","75":"product_tag-walking-holiday","76":"product_tag-walking-tour","77":"product_tag-walking-trails","78":"product_tag-walks","79":"product_tag-wines","80":"product_tag-zambujeira-do-mar","82":"first","83":"instock","84":"virtual","85":"product-type-simple"},"acf":[],"yoast_head":"<!-- This site is optimized with the Yoast SEO Premium plugin v26.8 (Yoast SEO v27.4) - https:\/\/yoast.com\/product\/yoast-seo-premium-wordpress\/ -->\n<title>Self-Drive Walking Independent in The Vicentina Route - Legendary Adventure DMC Portugal<\/title>\n<meta name=\"description\" content=\"An enjoyable Birdwatching Tour, no matter your level of birding ability and expertise. Focus on the Ria Formosa Park and in the Castro Marim Nature Reserve.\" \/>\n<meta name=\"robots\" content=\"index, follow, max-snippet:-1, max-image-preview:large, max-video-preview:-1\" \/>\n<link rel=\"canonical\" href=\"https:\/\/legendatours.com\/de\/produkt\/the-vicentina-route-and-the-untamed-atlantic-5200sc\/\" \/>\n<meta property=\"og:locale\" content=\"de_DE\" \/>\n<meta property=\"og:type\" content=\"article\" \/>\n<meta property=\"og:title\" content=\"Self-Drive Walking Independent in The Vicentina Route\" \/>\n<meta property=\"og:description\" content=\"An enjoyable Birdwatching Tour, no matter your level of birding ability and expertise. Focus on the Ria Formosa Park and in the Castro Marim Nature Reserve.\" \/>\n<meta property=\"og:url\" content=\"https:\/\/legendatours.com\/de\/produkt\/the-vicentina-route-and-the-untamed-atlantic-5200sc\/\" \/>\n<meta property=\"og:site_name\" content=\"Legendary Adventure DMC Portugal\" \/>\n<meta property=\"article:publisher\" content=\"https:\/\/www.facebook.com\/legendaryadventuredmc\/\" \/>\n<meta property=\"article:modified_time\" content=\"2022-01-02T23:07:33+00:00\" \/>\n<meta property=\"og:image\" content=\"https:\/\/legendatours.com\/wp-content\/uploads\/sites\/12\/2021\/04\/costavicentina.jpg\" \/>\n\t<meta property=\"og:image:width\" content=\"1200\" \/>\n\t<meta property=\"og:image:height\" content=\"781\" \/>\n\t<meta property=\"og:image:type\" content=\"image\/jpeg\" \/>\n<meta name=\"twitter:card\" content=\"summary_large_image\" \/>\n<meta name=\"twitter:label1\" content=\"Gesch\u00e4tzte Lesezeit\" \/>\n\t<meta name=\"twitter:data1\" content=\"2\u00a0Minuten\" \/>\n<script type=\"application\/ld+json\" class=\"yoast-schema-graph\">{\"@context\":\"https:\\\/\\\/schema.org\",\"@graph\":[{\"@type\":\"WebPage\",\"@id\":\"https:\\\/\\\/legendatours.com\\\/product\\\/the-vicentina-route-and-the-untamed-atlantic-5200sc\\\/\",\"url\":\"https:\\\/\\\/legendatours.com\\\/product\\\/the-vicentina-route-and-the-untamed-atlantic-5200sc\\\/\",\"name\":\"Self-Drive Walking Independent in The Vicentina Route - Legendary Adventure DMC Portugal\",\"isPartOf\":{\"@id\":\"https:\\\/\\\/legendatours.com\\\/#website\"},\"primaryImageOfPage\":{\"@id\":\"https:\\\/\\\/legendatours.com\\\/product\\\/the-vicentina-route-and-the-untamed-atlantic-5200sc\\\/#primaryimage\"},\"image\":{\"@id\":\"https:\\\/\\\/legendatours.com\\\/product\\\/the-vicentina-route-and-the-untamed-atlantic-5200sc\\\/#primaryimage\"},\"thumbnailUrl\":\"https:\\\/\\\/legendatours.com\\\/wp-content\\\/uploads\\\/sites\\\/12\\\/2021\\\/04\\\/costavicentina.jpg\",\"datePublished\":\"2020-05-27T15:01:53+00:00\",\"dateModified\":\"2022-01-02T23:07:33+00:00\",\"description\":\"An enjoyable Birdwatching Tour, no matter your level of birding ability and expertise. Focus on the Ria Formosa Park and in the Castro Marim Nature Reserve.\",\"breadcrumb\":{\"@id\":\"https:\\\/\\\/legendatours.com\\\/product\\\/the-vicentina-route-and-the-untamed-atlantic-5200sc\\\/#breadcrumb\"},\"inLanguage\":\"de\",\"potentialAction\":[{\"@type\":\"ReadAction\",\"target\":[\"https:\\\/\\\/legendatours.com\\\/product\\\/the-vicentina-route-and-the-untamed-atlantic-5200sc\\\/\"]}]},{\"@type\":\"ImageObject\",\"inLanguage\":\"de\",\"@id\":\"https:\\\/\\\/legendatours.com\\\/product\\\/the-vicentina-route-and-the-untamed-atlantic-5200sc\\\/#primaryimage\",\"url\":\"https:\\\/\\\/legendatours.com\\\/wp-content\\\/uploads\\\/sites\\\/12\\\/2021\\\/04\\\/costavicentina.jpg\",\"contentUrl\":\"https:\\\/\\\/legendatours.com\\\/wp-content\\\/uploads\\\/sites\\\/12\\\/2021\\\/04\\\/costavicentina.jpg\",\"width\":1200,\"height\":781,\"caption\":\"Stork nest - Vicentina Coast\"},{\"@type\":\"BreadcrumbList\",\"@id\":\"https:\\\/\\\/legendatours.com\\\/product\\\/the-vicentina-route-and-the-untamed-atlantic-5200sc\\\/#breadcrumb\",\"itemListElement\":[{\"@type\":\"ListItem\",\"position\":1,\"name\":\"Home\",\"item\":\"https:\\\/\\\/legendatours.com\\\/\"},{\"@type\":\"ListItem\",\"position\":2,\"name\":\"Shop\",\"item\":\"https:\\\/\\\/legendatours.com\\\/sv\\\/?page_id=4\"},{\"@type\":\"ListItem\",\"position\":3,\"name\":\"Birdwatching and Wildlife Tour in the Ria Formosa is a Self-Guided Tour with Car designed by keen local birders. Rightly famed for its golden beaches, golf courses, and wonderful year-round climate, the Algarve is also a secret destination for great birding. At almost any time of the year, there is something of interest to see!\"}]},{\"@type\":\"WebSite\",\"@id\":\"https:\\\/\\\/legendatours.com\\\/#website\",\"url\":\"https:\\\/\\\/legendatours.com\\\/\",\"name\":\"Legendary Adventure DMC Portugal\",\"description\":\"Responsible Walking &amp; Nature Holidays in Portugal\",\"publisher\":{\"@id\":\"https:\\\/\\\/legendatours.com\\\/#organization\"},\"alternateName\":\"Legendary Adventure Portugal\",\"potentialAction\":[{\"@type\":\"SearchAction\",\"target\":{\"@type\":\"EntryPoint\",\"urlTemplate\":\"https:\\\/\\\/legendatours.com\\\/?s={search_term_string}\"},\"query-input\":{\"@type\":\"PropertyValueSpecification\",\"valueRequired\":true,\"valueName\":\"search_term_string\"}}],\"inLanguage\":\"de\"},{\"@type\":\"Organization\",\"@id\":\"https:\\\/\\\/legendatours.com\\\/#organization\",\"name\":\"legendatours.com\",\"url\":\"https:\\\/\\\/legendatours.com\\\/\",\"logo\":{\"@type\":\"ImageObject\",\"inLanguage\":\"de\",\"@id\":\"https:\\\/\\\/legendatours.com\\\/#\\\/schema\\\/logo\\\/image\\\/\",\"url\":\"https:\\\/\\\/legendatours.com\\\/wp-content\\\/uploads\\\/sites\\\/12\\\/2021\\\/06\\\/legendary_adventure_dmc.png\",\"contentUrl\":\"https:\\\/\\\/legendatours.com\\\/wp-content\\\/uploads\\\/sites\\\/12\\\/2021\\\/06\\\/legendary_adventure_dmc.png\",\"width\":250,\"height\":74,\"caption\":\"legendatours.com\"},\"image\":{\"@id\":\"https:\\\/\\\/legendatours.com\\\/#\\\/schema\\\/logo\\\/image\\\/\"},\"sameAs\":[\"https:\\\/\\\/www.facebook.com\\\/legendaryadventuredmc\\\/\",\"https:\\\/\\\/www.linkedin.com\\\/company\\\/legendary-adventure-dmc-portugal\",\"https:\\\/\\\/www.youtube.com\\\/channel\\\/UCOIRDx_KM6ynIcacQkZjb6g\"]}]}<\/script>\n<!-- \/ Yoast SEO Premium plugin. -->","yoast_head_json":{"title":"Selbst\u00e4ndiges Wandern auf der Vicentina-Route - Legend\u00e4res Abenteuer DMC Portugal","description":"Eine unterhaltsame Vogelbeobachtungstour, unabh\u00e4ngig von Ihren F\u00e4higkeiten und Kenntnissen in der Vogelbeobachtung. Konzentrieren Sie sich auf den Ria Formosa Park und das Castro Marim Nature Reserve.","robots":{"index":"index","follow":"follow","max-snippet":"max-snippet:-1","max-image-preview":"max-image-preview:large","max-video-preview":"max-video-preview:-1"},"canonical":"https:\/\/legendatours.com\/de\/produkt\/the-vicentina-route-and-the-untamed-atlantic-5200sc\/","og_locale":"de_DE","og_type":"article","og_title":"Self-Drive Walking Independent in The Vicentina Route","og_description":"An enjoyable Birdwatching Tour, no matter your level of birding ability and expertise. Focus on the Ria Formosa Park and in the Castro Marim Nature Reserve.","og_url":"https:\/\/legendatours.com\/de\/produkt\/the-vicentina-route-and-the-untamed-atlantic-5200sc\/","og_site_name":"Legendary Adventure DMC Portugal","article_publisher":"https:\/\/www.facebook.com\/legendaryadventuredmc\/","article_modified_time":"2022-01-02T23:07:33+00:00","og_image":[{"width":1200,"height":781,"url":"https:\/\/legendatours.com\/wp-content\/uploads\/sites\/12\/2021\/04\/costavicentina.jpg","type":"image\/jpeg"}],"twitter_card":"summary_large_image","twitter_misc":{"Gesch\u00e4tzte Lesezeit":"2\u00a0Minuten"},"schema":{"@context":"https:\/\/schema.org","@graph":[{"@type":"WebPage","@id":"https:\/\/legendatours.com\/product\/the-vicentina-route-and-the-untamed-atlantic-5200sc\/","url":"https:\/\/legendatours.com\/product\/the-vicentina-route-and-the-untamed-atlantic-5200sc\/","name":"Selbst\u00e4ndiges Wandern auf der Vicentina-Route - Legend\u00e4res Abenteuer DMC Portugal","isPartOf":{"@id":"https:\/\/legendatours.com\/#website"},"primaryImageOfPage":{"@id":"https:\/\/legendatours.com\/product\/the-vicentina-route-and-the-untamed-atlantic-5200sc\/#primaryimage"},"image":{"@id":"https:\/\/legendatours.com\/product\/the-vicentina-route-and-the-untamed-atlantic-5200sc\/#primaryimage"},"thumbnailUrl":"https:\/\/legendatours.com\/wp-content\/uploads\/sites\/12\/2021\/04\/costavicentina.jpg","datePublished":"2020-05-27T15:01:53+00:00","dateModified":"2022-01-02T23:07:33+00:00","description":"Eine unterhaltsame Vogelbeobachtungstour, unabh\u00e4ngig von Ihren F\u00e4higkeiten und Kenntnissen in der Vogelbeobachtung. Konzentrieren Sie sich auf den Ria Formosa Park und das Castro Marim Nature Reserve.","breadcrumb":{"@id":"https:\/\/legendatours.com\/product\/the-vicentina-route-and-the-untamed-atlantic-5200sc\/#breadcrumb"},"inLanguage":"de","potentialAction":[{"@type":"ReadAction","target":["https:\/\/legendatours.com\/product\/the-vicentina-route-and-the-untamed-atlantic-5200sc\/"]}]},{"@type":"ImageObject","inLanguage":"de","@id":"https:\/\/legendatours.com\/product\/the-vicentina-route-and-the-untamed-atlantic-5200sc\/#primaryimage","url":"https:\/\/legendatours.com\/wp-content\/uploads\/sites\/12\/2021\/04\/costavicentina.jpg","contentUrl":"https:\/\/legendatours.com\/wp-content\/uploads\/sites\/12\/2021\/04\/costavicentina.jpg","width":1200,"height":781,"caption":"Stork nest - Vicentina Coast"},{"@type":"BreadcrumbList","@id":"https:\/\/legendatours.com\/product\/the-vicentina-route-and-the-untamed-atlantic-5200sc\/#breadcrumb","itemListElement":[{"@type":"ListItem","position":1,"name":"Home","item":"https:\/\/legendatours.com\/"},{"@type":"ListItem","position":2,"name":"Shop","item":"https:\/\/legendatours.com\/sv\/?page_id=4"},{"@type":"ListItem","position":3,"name":"Birdwatching and Wildlife Tour in the Ria Formosa is a Self-Guided Tour with Car designed by keen local birders. Rightly famed for its golden beaches, golf courses, and wonderful year-round climate, the Algarve is also a secret destination for great birding. At almost any time of the year, there is something of interest to see!"}]},{"@type":"WebSite","@id":"https:\/\/legendatours.com\/#website","url":"https:\/\/legendatours.com\/","name":"Legend\u00e4res Abenteuer DMC Portugal","description":"Verantwortungsvolles Wandern und Natururlaub in Portugal","publisher":{"@id":"https:\/\/legendatours.com\/#organization"},"alternateName":"Legendary Adventure Portugal","potentialAction":[{"@type":"SearchAction","target":{"@type":"EntryPoint","urlTemplate":"https:\/\/legendatours.com\/?s={search_term_string}"},"query-input":{"@type":"PropertyValueSpecification","valueRequired":true,"valueName":"search_term_string"}}],"inLanguage":"de"},{"@type":"Organization","@id":"https:\/\/legendatours.com\/#organization","name":"legendatours.com","url":"https:\/\/legendatours.com\/","logo":{"@type":"ImageObject","inLanguage":"de","@id":"https:\/\/legendatours.com\/#\/schema\/logo\/image\/","url":"https:\/\/legendatours.com\/wp-content\/uploads\/sites\/12\/2021\/06\/legendary_adventure_dmc.png","contentUrl":"https:\/\/legendatours.com\/wp-content\/uploads\/sites\/12\/2021\/06\/legendary_adventure_dmc.png","width":250,"height":74,"caption":"legendatours.com"},"image":{"@id":"https:\/\/legendatours.com\/#\/schema\/logo\/image\/"},"sameAs":["https:\/\/www.facebook.com\/legendaryadventuredmc\/","https:\/\/www.linkedin.com\/company\/legendary-adventure-dmc-portugal","https:\/\/www.youtube.com\/channel\/UCOIRDx_KM6ynIcacQkZjb6g"]}]}},"_links":{"self":[{"href":"https:\/\/legendatours.com\/de\/wp-json\/wp\/v2\/product\/8212","targetHints":{"allow":["GET"]}}],"collection":[{"href":"https:\/\/legendatours.com\/de\/wp-json\/wp\/v2\/product"}],"about":[{"href":"https:\/\/legendatours.com\/de\/wp-json\/wp\/v2\/types\/product"}],"replies":[{"embeddable":true,"href":"https:\/\/legendatours.com\/de\/wp-json\/wp\/v2\/comments?post=8212"}],"wp:featuredmedia":[{"embeddable":true,"href":"https:\/\/legendatours.com\/de\/wp-json\/wp\/v2\/media\/1663"}],"wp:attachment":[{"href":"https:\/\/legendatours.com\/de\/wp-json\/wp\/v2\/media?parent=8212"}],"wp:term":[{"taxonomy":"product_brand","embeddable":true,"href":"https:\/\/legendatours.com\/de\/wp-json\/wp\/v2\/product_brand?post=8212"},{"taxonomy":"product_cat","embeddable":true,"href":"https:\/\/legendatours.com\/de\/wp-json\/wp\/v2\/product_cat?post=8212"},{"taxonomy":"product_tag","embeddable":true,"href":"https:\/\/legendatours.com\/de\/wp-json\/wp\/v2\/product_tag?post=8212"}],"curies":[{"name":"wp","href":"https:\/\/api.w.org\/{rel}","templated":true}]}}