{"id":8254,"date":"2020-04-24T12:05:32","date_gmt":"2020-04-24T12:05:32","guid":{"rendered":"https:\/\/legendatours.com\/product\/explore-albufeira-11102pk\/"},"modified":"2021-08-13T11:15:56","modified_gmt":"2021-08-13T11:15:56","slug":"explore-albufeira-sun-beach-11-days-11102pk","status":"publish","type":"product","link":"https:\/\/legendatours.com\/de\/produkt\/explore-albufeira-sun-beach-11-days-11102pk\/","title":{"rendered":"Entdecken Sie Albufeira"},"content":{"rendered":"<p>Albufeira ist international bekannt f\u00fcr seine goldenen Sandstr\u00e4nde und das t\u00fcrkisblaue Wasser, das von ockerfarbenen Klippen gesch\u00fctzt wird.<\/p>\n<p>Die Landschaft zieht eine F\u00fclle von Besuchern an, die es lieben, sich tags\u00fcber zu sonnen. Wenn die Sonne untergeht, beginnt die Party mit sch\u00f6nen Menschen, die herbeistr\u00f6men, um die Restaurants, Bars, Terrassen und das epische Nachtleben von Albufeira zu genie\u00dfen.<\/p>\n<p>Runden Sie Ihre Tage der Freizeit und Entspannung auf einer Terrasse mit Blick auf das Meer ab, mit einem frischen Getr\u00e4nk in der Hand, um das gute Leben zu feiern!<\/p>\n<p>Die K\u00fcste von Albufeira l\u00e4dt zum Wassersport ein, sei es Windsurfen, Tauchen oder Segeln. Eine Bootstour durch die H\u00f6hlen ist eine wunderbare Gelegenheit f\u00fcr einen anderen Tag mit Besuchen an einsamen Str\u00e4nden, die nur \u00fcber das Meer erreichbar sind.<\/p>\n<p>Albufeira ist nicht nur perfekt f\u00fcr Sonnenhungrige und Erholungssuchende. Viele Golfpl\u00e4tze erstrecken sich fast bis zum Meer und es werden alle m\u00f6glichen Freizeitaktivit\u00e4ten angeboten, wie zum Beispiel Reiten im Schatten der Pinien.<\/p>\n<p>Als beliebter Ferienort wimmelt Albufeira von urbanen Boutiquen und Kunsthandwerksl\u00e4den, in denen Sie noch immer die Authentizit\u00e4t der Arbeit lokaler Kunsthandwerker finden. Diese Gegenst\u00e4nde aus Ton, Palmbl\u00e4ttern, Kupfer und Spitze folgen jahrhundertealten Traditionen.<\/p>\n<p>Der Charme von Albufeira endet hier nicht. In der fruchtbaren gr\u00fcnen Landschaft liegt eine duftende Landschaft mit Mandel-, Feigen-, Orangen- und Pinienb\u00e4umen.<\/p>\n<p>Die typischen Schornsteine, ein Erbe der maurischen Architektur, heben sich vom Rot der Ziegeld\u00e4cher und dem blauen Himmel ab.<\/p>\n<p>Verschlafene, wei\u00df get\u00fcnchte D\u00f6rfer laden Sie ein, ein mit der Natur verbundenes Lebensgef\u00fchl zu erleben und Ihrem Urlaub an der Algarve eine weitere Dimension zu verleihen.<\/p>\n<p>Zu guter Letzt lassen Sie sich von den hervorragenden portugiesischen Speisen und Weinen verf\u00fchren. Von frischem Fisch und Schalentieren bis hin zu den s\u00fc\u00dfen lokalen K\u00f6stlichkeiten aus Mandeln, Honig und Feigen haben Sie die Qual der Wahl!<\/p>","protected":false},"excerpt":{"rendered":"<p>Albufeira ist international bekannt f\u00fcr seine goldenen Sandstr\u00e4nde und das t\u00fcrkisblaue Wasser, das von ockerfarbenen Klippen gesch\u00fctzt wird.<\/p>\n<p>Die Landschaft zieht eine F\u00fclle von Besuchern an, die es lieben, sich tags\u00fcber zu sonnen. Wenn die Sonne untergeht, beginnt die Party mit sch\u00f6nen Menschen, die herbeistr\u00f6men, um die Restaurants, Bars, Terrassen und das epische Nachtleben von Albufeira zu genie\u00dfen.<\/p>\n<p>Runden Sie Ihre Tage der Freizeit und Entspannung auf einer Terrasse mit Blick auf das Meer ab, mit einem frischen Getr\u00e4nk in der Hand, um das gute Leben zu feiern!<\/p>","protected":false},"featured_media":8175,"comment_status":"closed","ping_status":"closed","template":"","meta":{"_acf_changed":false,"inline_featured_image":false},"product_brand":[],"product_cat":[687,686],"product_tag":[147,882,76,883,884,876,154,155,885,391,130,886,887,99,495,888,889,692,879,695,890,123,891],"class_list":{"0":"post-8254","1":"product","2":"type-product","3":"status-publish","4":"has-post-thumbnail","6":"product_cat-explore-11-days-tour-portugal","7":"product_cat-holiday-packs-tours-portugal","8":"product_tag-algarve","9":"product_tag-algarve-jeep-safari","10":"product_tag-beaches","11":"product_tag-beautiful-landscapes-albufeira","12":"product_tag-beautiful-local-beaches","13":"product_tag-coastal-algarve","14":"product_tag-east-algarve","15":"product_tag-europe","16":"product_tag-falesia-beach","17":"product_tag-family-holidays","18":"product_tag-gastronomy","19":"product_tag-half-board-hotel-albufeira","20":"product_tag-lagoon-nature-reserve","21":"product_tag-natural-scenery","22":"product_tag-nature-paradise","23":"product_tag-pure-relaxation","24":"product_tag-romantic-break-algarve","25":"product_tag-sandy-beach","26":"product_tag-sun-and-beach","27":"product_tag-sunny-days","28":"product_tag-west-of-albufeira","29":"product_tag-western-europe","30":"product_tag-winery-algarve","32":"first","33":"instock","34":"shipping-taxable","35":"product-type-simple"},"acf":[],"yoast_head":"<!-- This site is optimized with the Yoast SEO Premium plugin v26.8 (Yoast SEO v27.5) - https:\/\/yoast.com\/product\/yoast-seo-premium-wordpress\/ -->\n<title>Explore Albufeira - Legendary Adventure DMC Portugal<\/title>\n<meta name=\"description\" content=\"Albufeira is known for its turquoise blue beaches and beautiful landscapes where the rocks stand out. They are beaches with a lot of charm and personality.\u00a0The town centre is a pedestrian-only square adorned with tropical trees. There are numerous companies that offer boat trips all over the coast, organize fishing and all kinds of amusements.\" \/>\n<meta name=\"robots\" content=\"index, follow, max-snippet:-1, max-image-preview:large, max-video-preview:-1\" \/>\n<link rel=\"canonical\" href=\"https:\/\/legendatours.com\/de\/produkt\/explore-albufeira-sun-beach-11-days-11102pk\/\" \/>\n<meta property=\"og:locale\" content=\"de_DE\" \/>\n<meta property=\"og:type\" content=\"article\" \/>\n<meta property=\"og:title\" content=\"Explore Albufeira\" \/>\n<meta property=\"og:description\" content=\"Albufeira is known for its turquoise blue beaches and beautiful landscapes where the rocks stand out. They are beaches with a lot of charm and personality.\u00a0The town centre is a pedestrian-only square adorned with tropical trees. There are numerous companies that offer boat trips all over the coast, organize fishing and all kinds of amusements.\" \/>\n<meta property=\"og:url\" content=\"https:\/\/legendatours.com\/de\/produkt\/explore-albufeira-sun-beach-11-days-11102pk\/\" \/>\n<meta property=\"og:site_name\" content=\"Legendary Adventure DMC Portugal\" \/>\n<meta property=\"article:publisher\" content=\"https:\/\/www.facebook.com\/legendaryadventuredmc\/\" \/>\n<meta property=\"article:modified_time\" content=\"2021-08-13T11:15:56+00:00\" \/>\n<meta property=\"og:image\" content=\"https:\/\/legendatours.com\/wp-content\/uploads\/sites\/12\/2021\/04\/Albufeira_beach-e1611681074787.jpg\" \/>\n\t<meta property=\"og:image:width\" content=\"1022\" \/>\n\t<meta property=\"og:image:height\" content=\"800\" \/>\n\t<meta property=\"og:image:type\" content=\"image\/jpeg\" \/>\n<meta name=\"twitter:card\" content=\"summary_large_image\" \/>\n<meta name=\"twitter:label1\" content=\"Gesch\u00e4tzte Lesezeit\" \/>\n\t<meta name=\"twitter:data1\" content=\"1\u00a0Minute\" \/>\n<script type=\"application\/ld+json\" class=\"yoast-schema-graph\">{\"@context\":\"https:\\\/\\\/schema.org\",\"@graph\":[{\"@type\":\"WebPage\",\"@id\":\"https:\\\/\\\/legendatours.com\\\/product\\\/explore-albufeira-sun-beach-11-days-11102pk\\\/\",\"url\":\"https:\\\/\\\/legendatours.com\\\/product\\\/explore-albufeira-sun-beach-11-days-11102pk\\\/\",\"name\":\"Explore Albufeira - Legendary Adventure DMC Portugal\",\"isPartOf\":{\"@id\":\"https:\\\/\\\/legendatours.com\\\/#website\"},\"primaryImageOfPage\":{\"@id\":\"https:\\\/\\\/legendatours.com\\\/product\\\/explore-albufeira-sun-beach-11-days-11102pk\\\/#primaryimage\"},\"image\":{\"@id\":\"https:\\\/\\\/legendatours.com\\\/product\\\/explore-albufeira-sun-beach-11-days-11102pk\\\/#primaryimage\"},\"thumbnailUrl\":\"https:\\\/\\\/legendatours.com\\\/wp-content\\\/uploads\\\/sites\\\/12\\\/2021\\\/04\\\/Albufeira_beach-e1611681074787.jpg\",\"datePublished\":\"2020-04-24T12:05:32+00:00\",\"dateModified\":\"2021-08-13T11:15:56+00:00\",\"description\":\"Albufeira is known for its turquoise blue beaches and beautiful landscapes where the rocks stand out. They are beaches with a lot of charm and personality.\u00a0The town centre is a pedestrian-only square adorned with tropical trees. There are numerous companies that offer boat trips all over the coast, organize fishing and all kinds of amusements.\",\"breadcrumb\":{\"@id\":\"https:\\\/\\\/legendatours.com\\\/product\\\/explore-albufeira-sun-beach-11-days-11102pk\\\/#breadcrumb\"},\"inLanguage\":\"de\",\"potentialAction\":[{\"@type\":\"ReadAction\",\"target\":[\"https:\\\/\\\/legendatours.com\\\/product\\\/explore-albufeira-sun-beach-11-days-11102pk\\\/\"]}]},{\"@type\":\"ImageObject\",\"inLanguage\":\"de\",\"@id\":\"https:\\\/\\\/legendatours.com\\\/product\\\/explore-albufeira-sun-beach-11-days-11102pk\\\/#primaryimage\",\"url\":\"https:\\\/\\\/legendatours.com\\\/wp-content\\\/uploads\\\/sites\\\/12\\\/2021\\\/04\\\/Albufeira_beach-e1611681074787.jpg\",\"contentUrl\":\"https:\\\/\\\/legendatours.com\\\/wp-content\\\/uploads\\\/sites\\\/12\\\/2021\\\/04\\\/Albufeira_beach-e1611681074787.jpg\",\"width\":1022,\"height\":800,\"caption\":\"Holidays in Albufeira\"},{\"@type\":\"BreadcrumbList\",\"@id\":\"https:\\\/\\\/legendatours.com\\\/product\\\/explore-albufeira-sun-beach-11-days-11102pk\\\/#breadcrumb\",\"itemListElement\":[{\"@type\":\"ListItem\",\"position\":1,\"name\":\"Home\",\"item\":\"https:\\\/\\\/legendatours.com\\\/\"},{\"@type\":\"ListItem\",\"position\":2,\"name\":\"Shop\",\"item\":\"https:\\\/\\\/legendatours.com\\\/sv\\\/?page_id=4\"},{\"@type\":\"ListItem\",\"position\":3,\"name\":\"The beaches of Albufeira are the number one tourist destination in the Algarve. This is a developed city with a beautiful historic centre of narrow streets, surrounded by apartments and white houses, next to the beautiful local beaches. Nearby is the marina of Albufeira, heavily frequented by hundreds of recreational craft.\"}]},{\"@type\":\"WebSite\",\"@id\":\"https:\\\/\\\/legendatours.com\\\/#website\",\"url\":\"https:\\\/\\\/legendatours.com\\\/\",\"name\":\"Legendary Adventure DMC Portugal\",\"description\":\"Responsible Walking &amp; Nature Holidays in Portugal\",\"publisher\":{\"@id\":\"https:\\\/\\\/legendatours.com\\\/#organization\"},\"alternateName\":\"Legendary Adventure Portugal\",\"potentialAction\":[{\"@type\":\"SearchAction\",\"target\":{\"@type\":\"EntryPoint\",\"urlTemplate\":\"https:\\\/\\\/legendatours.com\\\/?s={search_term_string}\"},\"query-input\":{\"@type\":\"PropertyValueSpecification\",\"valueRequired\":true,\"valueName\":\"search_term_string\"}}],\"inLanguage\":\"de\"},{\"@type\":\"Organization\",\"@id\":\"https:\\\/\\\/legendatours.com\\\/#organization\",\"name\":\"legendatours.com\",\"url\":\"https:\\\/\\\/legendatours.com\\\/\",\"logo\":{\"@type\":\"ImageObject\",\"inLanguage\":\"de\",\"@id\":\"https:\\\/\\\/legendatours.com\\\/#\\\/schema\\\/logo\\\/image\\\/\",\"url\":\"https:\\\/\\\/legendatours.com\\\/wp-content\\\/uploads\\\/sites\\\/12\\\/2021\\\/06\\\/legendary_adventure_dmc.png\",\"contentUrl\":\"https:\\\/\\\/legendatours.com\\\/wp-content\\\/uploads\\\/sites\\\/12\\\/2021\\\/06\\\/legendary_adventure_dmc.png\",\"width\":250,\"height\":74,\"caption\":\"legendatours.com\"},\"image\":{\"@id\":\"https:\\\/\\\/legendatours.com\\\/#\\\/schema\\\/logo\\\/image\\\/\"},\"sameAs\":[\"https:\\\/\\\/www.facebook.com\\\/legendaryadventuredmc\\\/\",\"https:\\\/\\\/www.linkedin.com\\\/company\\\/legendary-adventure-dmc-portugal\",\"https:\\\/\\\/www.youtube.com\\\/channel\\\/UCOIRDx_KM6ynIcacQkZjb6g\"]}]}<\/script>\n<!-- \/ Yoast SEO Premium plugin. -->","yoast_head_json":{"title":"Entdecken Sie Albufeira - Legendary Adventure DMC Portugal","description":"Albufeira ist bekannt f\u00fcr seine t\u00fcrkisblauen Str\u00e4nde und wundersch\u00f6nen Landschaften, in denen die Felsen auffallen. Es sind Str\u00e4nde mit viel Charme und Pers\u00f6nlichkeit. Das Stadtzentrum ist ein Platz nur f\u00fcr Fu\u00dfg\u00e4nger, der mit tropischen B\u00e4umen geschm\u00fcckt ist. Es gibt zahlreiche Unternehmen, die Bootsfahrten entlang der K\u00fcste anbieten, Angeln und alle Arten von Vergn\u00fcgungen organisieren.","robots":{"index":"index","follow":"follow","max-snippet":"max-snippet:-1","max-image-preview":"max-image-preview:large","max-video-preview":"max-video-preview:-1"},"canonical":"https:\/\/legendatours.com\/de\/produkt\/explore-albufeira-sun-beach-11-days-11102pk\/","og_locale":"de_DE","og_type":"article","og_title":"Explore Albufeira","og_description":"Albufeira is known for its turquoise blue beaches and beautiful landscapes where the rocks stand out. They are beaches with a lot of charm and personality.\u00a0The town centre is a pedestrian-only square adorned with tropical trees. There are numerous companies that offer boat trips all over the coast, organize fishing and all kinds of amusements.","og_url":"https:\/\/legendatours.com\/de\/produkt\/explore-albufeira-sun-beach-11-days-11102pk\/","og_site_name":"Legendary Adventure DMC Portugal","article_publisher":"https:\/\/www.facebook.com\/legendaryadventuredmc\/","article_modified_time":"2021-08-13T11:15:56+00:00","og_image":[{"width":1022,"height":800,"url":"https:\/\/legendatours.com\/wp-content\/uploads\/sites\/12\/2021\/04\/Albufeira_beach-e1611681074787.jpg","type":"image\/jpeg"}],"twitter_card":"summary_large_image","twitter_misc":{"Gesch\u00e4tzte Lesezeit":"1\u00a0Minute"},"schema":{"@context":"https:\/\/schema.org","@graph":[{"@type":"WebPage","@id":"https:\/\/legendatours.com\/product\/explore-albufeira-sun-beach-11-days-11102pk\/","url":"https:\/\/legendatours.com\/product\/explore-albufeira-sun-beach-11-days-11102pk\/","name":"Entdecken Sie Albufeira - Legendary Adventure DMC Portugal","isPartOf":{"@id":"https:\/\/legendatours.com\/#website"},"primaryImageOfPage":{"@id":"https:\/\/legendatours.com\/product\/explore-albufeira-sun-beach-11-days-11102pk\/#primaryimage"},"image":{"@id":"https:\/\/legendatours.com\/product\/explore-albufeira-sun-beach-11-days-11102pk\/#primaryimage"},"thumbnailUrl":"https:\/\/legendatours.com\/wp-content\/uploads\/sites\/12\/2021\/04\/Albufeira_beach-e1611681074787.jpg","datePublished":"2020-04-24T12:05:32+00:00","dateModified":"2021-08-13T11:15:56+00:00","description":"Albufeira ist bekannt f\u00fcr seine t\u00fcrkisblauen Str\u00e4nde und wundersch\u00f6nen Landschaften, in denen die Felsen auffallen. Es sind Str\u00e4nde mit viel Charme und Pers\u00f6nlichkeit. Das Stadtzentrum ist ein Platz nur f\u00fcr Fu\u00dfg\u00e4nger, der mit tropischen B\u00e4umen geschm\u00fcckt ist. Es gibt zahlreiche Unternehmen, die Bootsfahrten entlang der K\u00fcste anbieten, Angeln und alle Arten von Vergn\u00fcgungen organisieren.","breadcrumb":{"@id":"https:\/\/legendatours.com\/product\/explore-albufeira-sun-beach-11-days-11102pk\/#breadcrumb"},"inLanguage":"de","potentialAction":[{"@type":"ReadAction","target":["https:\/\/legendatours.com\/product\/explore-albufeira-sun-beach-11-days-11102pk\/"]}]},{"@type":"ImageObject","inLanguage":"de","@id":"https:\/\/legendatours.com\/product\/explore-albufeira-sun-beach-11-days-11102pk\/#primaryimage","url":"https:\/\/legendatours.com\/wp-content\/uploads\/sites\/12\/2021\/04\/Albufeira_beach-e1611681074787.jpg","contentUrl":"https:\/\/legendatours.com\/wp-content\/uploads\/sites\/12\/2021\/04\/Albufeira_beach-e1611681074787.jpg","width":1022,"height":800,"caption":"Holidays in Albufeira"},{"@type":"BreadcrumbList","@id":"https:\/\/legendatours.com\/product\/explore-albufeira-sun-beach-11-days-11102pk\/#breadcrumb","itemListElement":[{"@type":"ListItem","position":1,"name":"Home","item":"https:\/\/legendatours.com\/"},{"@type":"ListItem","position":2,"name":"Shop","item":"https:\/\/legendatours.com\/sv\/?page_id=4"},{"@type":"ListItem","position":3,"name":"The beaches of Albufeira are the number one tourist destination in the Algarve. This is a developed city with a beautiful historic centre of narrow streets, surrounded by apartments and white houses, next to the beautiful local beaches. Nearby is the marina of Albufeira, heavily frequented by hundreds of recreational craft."}]},{"@type":"WebSite","@id":"https:\/\/legendatours.com\/#website","url":"https:\/\/legendatours.com\/","name":"Legend\u00e4res Abenteuer DMC Portugal","description":"Verantwortungsvolles Wandern und Natururlaub in Portugal","publisher":{"@id":"https:\/\/legendatours.com\/#organization"},"alternateName":"Legendary Adventure Portugal","potentialAction":[{"@type":"SearchAction","target":{"@type":"EntryPoint","urlTemplate":"https:\/\/legendatours.com\/?s={search_term_string}"},"query-input":{"@type":"PropertyValueSpecification","valueRequired":true,"valueName":"search_term_string"}}],"inLanguage":"de"},{"@type":"Organization","@id":"https:\/\/legendatours.com\/#organization","name":"legendatours.com","url":"https:\/\/legendatours.com\/","logo":{"@type":"ImageObject","inLanguage":"de","@id":"https:\/\/legendatours.com\/#\/schema\/logo\/image\/","url":"https:\/\/legendatours.com\/wp-content\/uploads\/sites\/12\/2021\/06\/legendary_adventure_dmc.png","contentUrl":"https:\/\/legendatours.com\/wp-content\/uploads\/sites\/12\/2021\/06\/legendary_adventure_dmc.png","width":250,"height":74,"caption":"legendatours.com"},"image":{"@id":"https:\/\/legendatours.com\/#\/schema\/logo\/image\/"},"sameAs":["https:\/\/www.facebook.com\/legendaryadventuredmc\/","https:\/\/www.linkedin.com\/company\/legendary-adventure-dmc-portugal","https:\/\/www.youtube.com\/channel\/UCOIRDx_KM6ynIcacQkZjb6g"]}]}},"_links":{"self":[{"href":"https:\/\/legendatours.com\/de\/wp-json\/wp\/v2\/product\/8254","targetHints":{"allow":["GET"]}}],"collection":[{"href":"https:\/\/legendatours.com\/de\/wp-json\/wp\/v2\/product"}],"about":[{"href":"https:\/\/legendatours.com\/de\/wp-json\/wp\/v2\/types\/product"}],"replies":[{"embeddable":true,"href":"https:\/\/legendatours.com\/de\/wp-json\/wp\/v2\/comments?post=8254"}],"wp:featuredmedia":[{"embeddable":true,"href":"https:\/\/legendatours.com\/de\/wp-json\/wp\/v2\/media\/8175"}],"wp:attachment":[{"href":"https:\/\/legendatours.com\/de\/wp-json\/wp\/v2\/media?parent=8254"}],"wp:term":[{"taxonomy":"product_brand","embeddable":true,"href":"https:\/\/legendatours.com\/de\/wp-json\/wp\/v2\/product_brand?post=8254"},{"taxonomy":"product_cat","embeddable":true,"href":"https:\/\/legendatours.com\/de\/wp-json\/wp\/v2\/product_cat?post=8254"},{"taxonomy":"product_tag","embeddable":true,"href":"https:\/\/legendatours.com\/de\/wp-json\/wp\/v2\/product_tag?post=8254"}],"curies":[{"name":"wp","href":"https:\/\/api.w.org\/{rel}","templated":true}]}}