{"id":8282,"date":"2020-03-06T18:54:55","date_gmt":"2020-03-06T18:54:55","guid":{"rendered":"https:\/\/legendatours.com\/product\/relax-in-tavira\/"},"modified":"2021-08-13T12:10:42","modified_gmt":"2021-08-13T12:10:42","slug":"relax-in-tavira-8-days-8300pk","status":"publish","type":"product","link":"https:\/\/legendatours.com\/de\/produkt\/relax-in-tavira-8-days-8300pk\/","title":{"rendered":"Entspannen Sie sich in Tavira"},"content":{"rendered":"<p>Tavira ist eine charmante Stadt an der Ostalgarve, nicht weit von der Grenze zu Spanien entfernt.<\/p>\n<p>Am Rande des Flusses Gil\u00e3o, neben der Ria Formosa und einem acht Meilen langen Strand gelegen, ist Tavira ein entspannender R\u00fcckzugsort!<\/p>\n<p>Die Stadt zeigt einen verf\u00fchrerischen portugiesischen Charme mit strahlend wei\u00dfen W\u00e4nden, feinen Azulejo-Fliesen und Wellen aus dreieckigen D\u00e4chern.<\/p>\n<div id=\"attachment_2496\" style=\"width: 1034px\" class=\"wp-caption alignnone\"><img loading=\"lazy\" decoding=\"async\" aria-describedby=\"caption-attachment-2496\" class=\"wp-image-2496 size-large\" src=\"https:\/\/legendatours.net\/wp-content\/uploads\/2020\/03\/Tavira_river_Gilao-1024x683.jpg\" alt=\"Tavira, river Gilao\" width=\"1024\" height=\"683\" \/><p id=\"caption-attachment-2496\" class=\"wp-caption-text\">Tavira, Fluss Gilao<\/p><\/div>\n<p>Entlang der ruhigen Stra\u00dfen sind Schichten der Geschichte zu sehen, von mit islamischen Motiven geschm\u00fcckten T\u00fcren bis hin zu barocken Schn\u00f6rkeln.<\/p>\n<p>Von den Ruinen des Schlosses, umgeben von Oleandern, Jacarandab\u00e4umen und Bougainvilleen, haben Sie einen privilegierten Blick auf die typischen D\u00e4cher der Stadt und ihre \u00fcber 30 Kirchen.<\/p>\n<p>Nehmen Sie ein Boot vom gesch\u00e4ftigen Fischerhafen und verlassen Sie den Fluss, um den Hauptkanal der Lagune Ria Formosa zu \u00fcberqueren, ein reiches Naturschutzgebiet von au\u00dfergew\u00f6hnlicher Sch\u00f6nheit, perfekt f\u00fcr die Vogel- und Naturbeobachtung.<\/p>\n<p>Die F\u00e4hre beendet ihre kurze Reise an einem der sch\u00f6nsten Str\u00e4nde der Welt, der Insel Tavira. Seien Sie auf kilometerlange goldene Sandstr\u00e4nde und t\u00fcrkisfarbenes Wasser gefasst, die mit der Blauen Flagge ausgezeichnet sind.<\/p>\n<div id=\"attachment_2024\" style=\"width: 1034px\" class=\"wp-caption alignnone\"><img loading=\"lazy\" decoding=\"async\" aria-describedby=\"caption-attachment-2024\" class=\"wp-image-2024 size-large\" src=\"https:\/\/legendatours.net\/wp-content\/uploads\/2020\/03\/Fishing-boats-Tavira-1024x720.jpg\" alt=\"Fishing boats in Tavira\" width=\"1024\" height=\"720\" \/><p id=\"caption-attachment-2024\" class=\"wp-caption-text\">Fischerboote in Tavira<\/p><\/div>\n<p>Mit nur wenigen Restaurants und Bars ist es ein ruhiger und sicherer Strand, der sich hervorragend f\u00fcr Kinder eignet.<\/p>\n<p>In der n\u00e4heren Umgebung genie\u00dfen Sie auf kurze Distanz eine ganz andere Landschaft und Lebensweise, gepr\u00e4gt von bl\u00fctenduftenden Orangenhainen.<\/p>\n<p>Vereinzelte wei\u00dfe H\u00e4user mit Spitzenschornsteinen zeigen eine ungew\u00f6hnliche Algarve, in der Adler schweben.<\/p>\n<p>Wenn Sie in Portugal sind, wissen Sie, dass Sie mit ausgezeichnetem Essen und Wein verw\u00f6hnt werden.<\/p>\n<div id=\"attachment_1780\" style=\"width: 1034px\" class=\"wp-caption alignnone\"><img loading=\"lazy\" decoding=\"async\" aria-describedby=\"caption-attachment-1780\" class=\"wp-image-1780 size-large\" src=\"https:\/\/legendatours.net\/wp-content\/uploads\/2020\/03\/Colorful-tipical-houses-in-Tavira-1024x768.jpg\" alt=\"Colorful tipical houses in Tavira\" width=\"1024\" height=\"768\" \/><p id=\"caption-attachment-1780\" class=\"wp-caption-text\">Bunte typische H\u00e4user in Tavira<\/p><\/div>\n<p>In Tavira gibt es eine Kombination aus Zutaten von der K\u00fcste und dem Land. Aus dem Meer kommen die frischesten Fische und Meeresfr\u00fcchte, die mit Einfachheit und Respekt zubereitet werden, gepaart mit Salaten, die mit einem der besten Oliven\u00f6le der Welt gew\u00fcrzt sind.<\/p>\n<p>Wenn Sie ein Fleischliebhaber sind, werden Sie mit Eint\u00f6pfen und Grillgerichten nicht entt\u00e4uscht sein.<\/p>\n<p>Und die S\u00fc\u00dfigkeiten sind eine exquisite Mischung aus Mandeln, Feigen, Honig und Johannisbrot, die in der Gegend reichlich vorhanden sind.<\/p>\n<p>In Tavira werden Sie sicherlich eine entspannte Zeit haben, mit Erbe, Natur, atemberaubenden Str\u00e4nden und lustigen Aktivit\u00e4ten!<\/p>","protected":false},"excerpt":{"rendered":"<p>Tavira ist eine charmante Stadt an der Ostalgarve, nicht weit von der Grenze zu Spanien entfernt.<\/p>\n<p>Am Rande des Flusses Gil\u00e3o, neben der Ria Formosa und einem acht Meilen langen Strand gelegen, ist Tavira ein entspannender R\u00fcckzugsort!<\/p>\n<p>Die Stadt zeigt einen verf\u00fchrerischen portugiesischen Charme mit strahlend wei\u00dfen W\u00e4nden, feinen Azulejo-Fliesen und Wellen aus dreieckigen D\u00e4chern.<\/p>","protected":false},"featured_media":7894,"comment_status":"closed","ping_status":"closed","template":"","meta":{"_acf_changed":false,"inline_featured_image":false},"product_brand":[],"product_cat":[686,696],"product_tag":[147,431,433,36,154,914,130,195,394,915,60,894,903,64,693,694,695,173,174],"class_list":{"0":"post-8282","1":"product","2":"type-product","3":"status-publish","4":"has-post-thumbnail","6":"product_cat-holiday-packs-tours-portugal","7":"product_cat-relax-8-days-holidays-portugal","8":"product_tag-algarve","9":"product_tag-birds","10":"product_tag-birdwatching","11":"product_tag-cultural-heritage","12":"product_tag-east-algarve","13":"product_tag-fresh-fish-and-seafood","14":"product_tag-gastronomy","15":"product_tag-history-and-heritage","16":"product_tag-island-of-tavira","17":"product_tag-medieval-castle-of-tavira","18":"product_tag-portugal","19":"product_tag-relax","20":"product_tag-river-gilao","21":"product_tag-roman-and-arab-vestiges","22":"product_tag-summer","23":"product_tag-sun-beach","24":"product_tag-sunny-days","25":"product_tag-sunny-winters","26":"product_tag-tavira","28":"first","29":"instock","30":"virtual","31":"product-type-simple"},"acf":[],"yoast_head":"<!-- This site is optimized with the Yoast SEO Premium plugin v26.8 (Yoast SEO v27.4) - https:\/\/yoast.com\/product\/yoast-seo-premium-wordpress\/ -->\n<title>Relax in Tavira - Legendary Adventure DMC Portugal<\/title>\n<meta name=\"robots\" content=\"index, follow, max-snippet:-1, max-image-preview:large, max-video-preview:-1\" \/>\n<link rel=\"canonical\" href=\"https:\/\/legendatours.com\/de\/produkt\/relax-in-tavira-8-days-8300pk\/\" \/>\n<meta property=\"og:locale\" content=\"de_DE\" \/>\n<meta property=\"og:type\" content=\"article\" \/>\n<meta property=\"og:title\" content=\"Relax in Tavira\" \/>\n<meta property=\"og:description\" content=\"Tavira is a charming town in the East Algarve, not far from the border with Spain.  Set in the margins of the River Gil\u00e3o, next to the Ria Formosa and an eight-mile-long beach, Tavira is a relaxing retreat!  The town shows an alluring Portuguese appeal, with crisp white walls, fine azulejo tiles, and waves of triangular roofs.\" \/>\n<meta property=\"og:url\" content=\"https:\/\/legendatours.com\/de\/produkt\/relax-in-tavira-8-days-8300pk\/\" \/>\n<meta property=\"og:site_name\" content=\"Legendary Adventure DMC Portugal\" \/>\n<meta property=\"article:publisher\" content=\"https:\/\/www.facebook.com\/legendaryadventuredmc\/\" \/>\n<meta property=\"article:modified_time\" content=\"2021-08-13T12:10:42+00:00\" \/>\n<meta property=\"og:image\" content=\"https:\/\/legendatours.com\/wp-content\/uploads\/sites\/12\/2021\/04\/Colorful-tipical-houses-in-Tavira-e1611676933129.jpg\" \/>\n\t<meta property=\"og:image:width\" content=\"1024\" \/>\n\t<meta property=\"og:image:height\" content=\"768\" \/>\n\t<meta property=\"og:image:type\" content=\"image\/jpeg\" \/>\n<meta name=\"twitter:card\" content=\"summary_large_image\" \/>\n<meta name=\"twitter:label1\" content=\"Gesch\u00e4tzte Lesezeit\" \/>\n\t<meta name=\"twitter:data1\" content=\"2\u00a0Minuten\" \/>\n<script type=\"application\/ld+json\" class=\"yoast-schema-graph\">{\"@context\":\"https:\\\/\\\/schema.org\",\"@graph\":[{\"@type\":\"WebPage\",\"@id\":\"https:\\\/\\\/legendatours.com\\\/product\\\/relax-in-tavira-8-days-8300pk\\\/\",\"url\":\"https:\\\/\\\/legendatours.com\\\/product\\\/relax-in-tavira-8-days-8300pk\\\/\",\"name\":\"Relax in Tavira - Legendary Adventure DMC Portugal\",\"isPartOf\":{\"@id\":\"https:\\\/\\\/legendatours.com\\\/#website\"},\"primaryImageOfPage\":{\"@id\":\"https:\\\/\\\/legendatours.com\\\/product\\\/relax-in-tavira-8-days-8300pk\\\/#primaryimage\"},\"image\":{\"@id\":\"https:\\\/\\\/legendatours.com\\\/product\\\/relax-in-tavira-8-days-8300pk\\\/#primaryimage\"},\"thumbnailUrl\":\"https:\\\/\\\/legendatours.com\\\/wp-content\\\/uploads\\\/sites\\\/12\\\/2021\\\/04\\\/Colorful-tipical-houses-in-Tavira-e1611676933129.jpg\",\"datePublished\":\"2020-03-06T18:54:55+00:00\",\"dateModified\":\"2021-08-13T12:10:42+00:00\",\"breadcrumb\":{\"@id\":\"https:\\\/\\\/legendatours.com\\\/product\\\/relax-in-tavira-8-days-8300pk\\\/#breadcrumb\"},\"inLanguage\":\"de\",\"potentialAction\":[{\"@type\":\"ReadAction\",\"target\":[\"https:\\\/\\\/legendatours.com\\\/product\\\/relax-in-tavira-8-days-8300pk\\\/\"]}]},{\"@type\":\"ImageObject\",\"inLanguage\":\"de\",\"@id\":\"https:\\\/\\\/legendatours.com\\\/product\\\/relax-in-tavira-8-days-8300pk\\\/#primaryimage\",\"url\":\"https:\\\/\\\/legendatours.com\\\/wp-content\\\/uploads\\\/sites\\\/12\\\/2021\\\/04\\\/Colorful-tipical-houses-in-Tavira-e1611676933129.jpg\",\"contentUrl\":\"https:\\\/\\\/legendatours.com\\\/wp-content\\\/uploads\\\/sites\\\/12\\\/2021\\\/04\\\/Colorful-tipical-houses-in-Tavira-e1611676933129.jpg\",\"width\":1024,\"height\":768,\"caption\":\"Colorful tipical houses in Tavira\"},{\"@type\":\"BreadcrumbList\",\"@id\":\"https:\\\/\\\/legendatours.com\\\/product\\\/relax-in-tavira-8-days-8300pk\\\/#breadcrumb\",\"itemListElement\":[{\"@type\":\"ListItem\",\"position\":1,\"name\":\"Home\",\"item\":\"https:\\\/\\\/legendatours.com\\\/\"},{\"@type\":\"ListItem\",\"position\":2,\"name\":\"Shop\",\"item\":\"https:\\\/\\\/legendatours.com\\\/sv\\\/?page_id=4\"},{\"@type\":\"ListItem\",\"position\":3,\"name\":\"Relax in Tavira\"}]},{\"@type\":\"WebSite\",\"@id\":\"https:\\\/\\\/legendatours.com\\\/#website\",\"url\":\"https:\\\/\\\/legendatours.com\\\/\",\"name\":\"Legendary Adventure DMC Portugal\",\"description\":\"Responsible Walking &amp; Nature Holidays in Portugal\",\"publisher\":{\"@id\":\"https:\\\/\\\/legendatours.com\\\/#organization\"},\"alternateName\":\"Legendary Adventure Portugal\",\"potentialAction\":[{\"@type\":\"SearchAction\",\"target\":{\"@type\":\"EntryPoint\",\"urlTemplate\":\"https:\\\/\\\/legendatours.com\\\/?s={search_term_string}\"},\"query-input\":{\"@type\":\"PropertyValueSpecification\",\"valueRequired\":true,\"valueName\":\"search_term_string\"}}],\"inLanguage\":\"de\"},{\"@type\":\"Organization\",\"@id\":\"https:\\\/\\\/legendatours.com\\\/#organization\",\"name\":\"legendatours.com\",\"url\":\"https:\\\/\\\/legendatours.com\\\/\",\"logo\":{\"@type\":\"ImageObject\",\"inLanguage\":\"de\",\"@id\":\"https:\\\/\\\/legendatours.com\\\/#\\\/schema\\\/logo\\\/image\\\/\",\"url\":\"https:\\\/\\\/legendatours.com\\\/wp-content\\\/uploads\\\/sites\\\/12\\\/2021\\\/06\\\/legendary_adventure_dmc.png\",\"contentUrl\":\"https:\\\/\\\/legendatours.com\\\/wp-content\\\/uploads\\\/sites\\\/12\\\/2021\\\/06\\\/legendary_adventure_dmc.png\",\"width\":250,\"height\":74,\"caption\":\"legendatours.com\"},\"image\":{\"@id\":\"https:\\\/\\\/legendatours.com\\\/#\\\/schema\\\/logo\\\/image\\\/\"},\"sameAs\":[\"https:\\\/\\\/www.facebook.com\\\/legendaryadventuredmc\\\/\",\"https:\\\/\\\/www.linkedin.com\\\/company\\\/legendary-adventure-dmc-portugal\",\"https:\\\/\\\/www.youtube.com\\\/channel\\\/UCOIRDx_KM6ynIcacQkZjb6g\"]}]}<\/script>\n<!-- \/ Yoast SEO Premium plugin. -->","yoast_head_json":{"title":"Relax in Tavira - Legendary Adventure DMC Portugal","robots":{"index":"index","follow":"follow","max-snippet":"max-snippet:-1","max-image-preview":"max-image-preview:large","max-video-preview":"max-video-preview:-1"},"canonical":"https:\/\/legendatours.com\/de\/produkt\/relax-in-tavira-8-days-8300pk\/","og_locale":"de_DE","og_type":"article","og_title":"Relax in Tavira","og_description":"Tavira is a charming town in the East Algarve, not far from the border with Spain.  Set in the margins of the River Gil\u00e3o, next to the Ria Formosa and an eight-mile-long beach, Tavira is a relaxing retreat!  The town shows an alluring Portuguese appeal, with crisp white walls, fine azulejo tiles, and waves of triangular roofs.","og_url":"https:\/\/legendatours.com\/de\/produkt\/relax-in-tavira-8-days-8300pk\/","og_site_name":"Legendary Adventure DMC Portugal","article_publisher":"https:\/\/www.facebook.com\/legendaryadventuredmc\/","article_modified_time":"2021-08-13T12:10:42+00:00","og_image":[{"width":1024,"height":768,"url":"https:\/\/legendatours.com\/wp-content\/uploads\/sites\/12\/2021\/04\/Colorful-tipical-houses-in-Tavira-e1611676933129.jpg","type":"image\/jpeg"}],"twitter_card":"summary_large_image","twitter_misc":{"Gesch\u00e4tzte Lesezeit":"2\u00a0Minuten"},"schema":{"@context":"https:\/\/schema.org","@graph":[{"@type":"WebPage","@id":"https:\/\/legendatours.com\/product\/relax-in-tavira-8-days-8300pk\/","url":"https:\/\/legendatours.com\/product\/relax-in-tavira-8-days-8300pk\/","name":"Relax in Tavira - Legendary Adventure DMC Portugal","isPartOf":{"@id":"https:\/\/legendatours.com\/#website"},"primaryImageOfPage":{"@id":"https:\/\/legendatours.com\/product\/relax-in-tavira-8-days-8300pk\/#primaryimage"},"image":{"@id":"https:\/\/legendatours.com\/product\/relax-in-tavira-8-days-8300pk\/#primaryimage"},"thumbnailUrl":"https:\/\/legendatours.com\/wp-content\/uploads\/sites\/12\/2021\/04\/Colorful-tipical-houses-in-Tavira-e1611676933129.jpg","datePublished":"2020-03-06T18:54:55+00:00","dateModified":"2021-08-13T12:10:42+00:00","breadcrumb":{"@id":"https:\/\/legendatours.com\/product\/relax-in-tavira-8-days-8300pk\/#breadcrumb"},"inLanguage":"de","potentialAction":[{"@type":"ReadAction","target":["https:\/\/legendatours.com\/product\/relax-in-tavira-8-days-8300pk\/"]}]},{"@type":"ImageObject","inLanguage":"de","@id":"https:\/\/legendatours.com\/product\/relax-in-tavira-8-days-8300pk\/#primaryimage","url":"https:\/\/legendatours.com\/wp-content\/uploads\/sites\/12\/2021\/04\/Colorful-tipical-houses-in-Tavira-e1611676933129.jpg","contentUrl":"https:\/\/legendatours.com\/wp-content\/uploads\/sites\/12\/2021\/04\/Colorful-tipical-houses-in-Tavira-e1611676933129.jpg","width":1024,"height":768,"caption":"Colorful tipical houses in Tavira"},{"@type":"BreadcrumbList","@id":"https:\/\/legendatours.com\/product\/relax-in-tavira-8-days-8300pk\/#breadcrumb","itemListElement":[{"@type":"ListItem","position":1,"name":"Home","item":"https:\/\/legendatours.com\/"},{"@type":"ListItem","position":2,"name":"Shop","item":"https:\/\/legendatours.com\/sv\/?page_id=4"},{"@type":"ListItem","position":3,"name":"Relax in Tavira"}]},{"@type":"WebSite","@id":"https:\/\/legendatours.com\/#website","url":"https:\/\/legendatours.com\/","name":"Legend\u00e4res Abenteuer DMC Portugal","description":"Verantwortungsvolles Wandern und Natururlaub in Portugal","publisher":{"@id":"https:\/\/legendatours.com\/#organization"},"alternateName":"Legendary Adventure Portugal","potentialAction":[{"@type":"SearchAction","target":{"@type":"EntryPoint","urlTemplate":"https:\/\/legendatours.com\/?s={search_term_string}"},"query-input":{"@type":"PropertyValueSpecification","valueRequired":true,"valueName":"search_term_string"}}],"inLanguage":"de"},{"@type":"Organization","@id":"https:\/\/legendatours.com\/#organization","name":"legendatours.com","url":"https:\/\/legendatours.com\/","logo":{"@type":"ImageObject","inLanguage":"de","@id":"https:\/\/legendatours.com\/#\/schema\/logo\/image\/","url":"https:\/\/legendatours.com\/wp-content\/uploads\/sites\/12\/2021\/06\/legendary_adventure_dmc.png","contentUrl":"https:\/\/legendatours.com\/wp-content\/uploads\/sites\/12\/2021\/06\/legendary_adventure_dmc.png","width":250,"height":74,"caption":"legendatours.com"},"image":{"@id":"https:\/\/legendatours.com\/#\/schema\/logo\/image\/"},"sameAs":["https:\/\/www.facebook.com\/legendaryadventuredmc\/","https:\/\/www.linkedin.com\/company\/legendary-adventure-dmc-portugal","https:\/\/www.youtube.com\/channel\/UCOIRDx_KM6ynIcacQkZjb6g"]}]}},"_links":{"self":[{"href":"https:\/\/legendatours.com\/de\/wp-json\/wp\/v2\/product\/8282","targetHints":{"allow":["GET"]}}],"collection":[{"href":"https:\/\/legendatours.com\/de\/wp-json\/wp\/v2\/product"}],"about":[{"href":"https:\/\/legendatours.com\/de\/wp-json\/wp\/v2\/types\/product"}],"replies":[{"embeddable":true,"href":"https:\/\/legendatours.com\/de\/wp-json\/wp\/v2\/comments?post=8282"}],"wp:featuredmedia":[{"embeddable":true,"href":"https:\/\/legendatours.com\/de\/wp-json\/wp\/v2\/media\/7894"}],"wp:attachment":[{"href":"https:\/\/legendatours.com\/de\/wp-json\/wp\/v2\/media?parent=8282"}],"wp:term":[{"taxonomy":"product_brand","embeddable":true,"href":"https:\/\/legendatours.com\/de\/wp-json\/wp\/v2\/product_brand?post=8282"},{"taxonomy":"product_cat","embeddable":true,"href":"https:\/\/legendatours.com\/de\/wp-json\/wp\/v2\/product_cat?post=8282"},{"taxonomy":"product_tag","embeddable":true,"href":"https:\/\/legendatours.com\/de\/wp-json\/wp\/v2\/product_tag?post=8282"}],"curies":[{"name":"wp","href":"https:\/\/api.w.org\/{rel}","templated":true}]}}