{"id":8329,"date":"2020-03-06T16:08:29","date_gmt":"2020-03-06T16:08:29","guid":{"rendered":"https:\/\/legendatours.com\/product\/holidays-in-lisbon-riverside-gem\/"},"modified":"2022-01-02T23:11:15","modified_gmt":"2022-01-02T23:11:15","slug":"sightseeing-tour-in-lisbon-5-days-6100s","status":"publish","type":"product","link":"https:\/\/legendatours.com\/de\/produkt\/sightseeing-tour-in-lisbon-5-days-6100s\/","title":{"rendered":"Urlaub in Lissabon, Riverside Gem"},"content":{"rendered":"<p>Umgeben von Tradition und gesegnet mit Modernit\u00e4t, sind Lissabons sieben H\u00fcgel mit Schichten von Geschichte und Erbe bedeckt.<\/p>\n<p>Die Stadt ist aufgrund ihrer aufregenden Vielfalt, der historischen Stra\u00dfenbahnen, der Kopfsteinpflasterstra\u00dfen, der Fado-Lieder, der majest\u00e4tischen Azulejo-verzierten Architektur und des beneidenswerten Klimas zu einem beliebten europ\u00e4ischen Reiseziel geworden.<\/p>\n<p>Nehmen Sie an dieser Tour teil und erleben Sie alle Sch\u00e4tze, die diese attraktive Stadt zu bieten hat!<\/p>\n<div id=\"attachment_2504\" style=\"width: 1034px\" class=\"wp-caption alignnone\"><img loading=\"lazy\" decoding=\"async\" aria-describedby=\"caption-attachment-2504\" class=\"wp-image-2504 size-large\" src=\"https:\/\/legendatours.net\/wp-content\/uploads\/2020\/03\/belem_tower-1024x716.jpg\" alt=\"Portugal\u2019s UNESCO World Heritage Sites\" width=\"1024\" height=\"716\" \/><p id=\"caption-attachment-2504\" class=\"wp-caption-text\">Belem Tower, offiziell der Turm von Saint Vincent, ist eine Festung aus dem 16. Jahrhundert in Lissabon, die als Ein- und Ausschiffungspunkt diente.<\/p><\/div>\n<p>Das Licht von Lissabon, besungen von Dichtern und Schriftstellern und verewigt von Malern, Fotografen, Filmemachern und anderen K\u00fcnstlern, gilt weithin als immaterielle Ikone der Stadt.<\/p>\n<p>Dies verleiht der ohnehin schon anmutigen Stadt, die sich entlang der Ufer des Flusses Tejo erstreckt, einen Hauch von Charme.<\/p>\n<div id=\"attachment_2502\" style=\"width: 1034px\" class=\"wp-caption alignnone\"><img loading=\"lazy\" decoding=\"async\" aria-describedby=\"caption-attachment-2502\" class=\"wp-image-2502 size-large\" src=\"https:\/\/legendatours.net\/wp-content\/uploads\/2020\/03\/Lisbon_sightseeing-1024x684.jpg\" alt=\"Sightseeing in Lisbon - Bica elevator tram\" width=\"1024\" height=\"684\" \/><p id=\"caption-attachment-2502\" class=\"wp-caption-text\">Sightseeing in Lissabon \u2013 Bica-Aufzugsstra\u00dfenbahn. Die Standseilbahn durchquert das Viertel Bica auf dem Weg nach Bairro Alto<\/p><\/div>\n<p>Die r\u00f6mischen und maurischen Spuren sind \u00fcberall, und ihr Einfluss h\u00e4lt im heutigen Lissabon an.<\/p>\n<p>Sie finden es zum Beispiel in den engen Kopfsteinpflasterstra\u00dfen und den wei\u00df get\u00fcnchten Mauern des Alfama-Viertels, dem \u00e4ltesten Viertel Lissabons, das als Wiege der Fado-Musik ber\u00fchmt ist.<\/p>\n<p>Im 16. Jahrhundert war Lissabon ein Handelszentrum zwischen Afrika, Indien, dem Fernen Osten und Brasilien.<\/p>\n<p>Der gro\u00dfe Reichtum, der in dieser Zeit durch den Handel mit Gew\u00fcrzen, Sklaven, Zucker, Textilien und anderen Waren erworben wurde, finanzierte den \u00fcppigen manuelinischen Architekturstil, der in vielen Geb\u00e4uden zu sehen ist, darunter der Bel\u00e9m-Turm und das Jer\u00f3nimos-Kloster (beide Weltkulturerbe). Websites).<\/p>\n<div id=\"attachment_2510\" style=\"width: 1034px\" class=\"wp-caption alignnone\"><img loading=\"lazy\" decoding=\"async\" aria-describedby=\"caption-attachment-2510\" class=\"wp-image-2510 size-large\" title=\"Aussichtspunkt in Lisboa Gra\u00e7a\" src=\"https:\/\/legendatours.net\/wp-content\/uploads\/2020\/03\/Lisbon_Graca_river-1024x576.jpg\" alt=\"Viewpoint in Lisboa Gra\u00e7a\" width=\"1024\" height=\"576\" \/><p id=\"caption-attachment-2510\" class=\"wp-caption-text\">Aussichtspunkt in Gra\u00e7a, auch bekannt als Aussichtspunkt Sophia de Mello Breyner Andersen.<\/p><\/div>\n<p>1755 wurde Lissabon von einem verheerenden Erdbeben heimgesucht, gefolgt von einem Tsunami, der Tausende t\u00f6tete und einen bedeutenden Teil der Stadt zerst\u00f6rte.<\/p>\n<p>Die Stadt wurde dann nach einem akribischen Rasterplan wieder aufgebaut, mit wahrscheinlich den ersten Beispielen f\u00fcr erdbebensichere Konstruktionen in gro\u00dfem Ma\u00dfstab auf der Welt.<\/p>\n<p>Dies verlieh Lissabon ein unverwechselbares Layout und Farbschema, wobei der gro\u00dfe Platz mit Blick auf den Fluss das Design kr\u00f6nte.<\/p>\n<p>Als eine der \u00e4ltesten St\u00e4dte der Welt lebten hier im Laufe der Jahrhunderte verschiedene Menschen und Kulturen. Das hat die Stadt von heute gepr\u00e4gt, eine fr\u00f6hliche Mischung aus Menschen aus der ganzen Welt, in der ihre freigeistigen Bewohner einen m\u00fchelosen Charme haben, wie es in keiner anderen Stadt Portugals der Fall ist!<\/p>\n<div class=\"row\" style=\"display: flex;\">\n<div class=\"column\" style=\"flex: 45%;\">\n<p><iframe loading=\"lazy\" title=\"BEGEISTERUNG AUF LISSABON | Ihr Lissabon Reisef\u00fchrer 2019 | Warum ich nach Lissabon, Portugal gezogen bin \ud83c\uddf5\ud83c\uddf9\" width=\"1080\" height=\"608\" src=\"https:\/\/www.youtube.com\/embed\/Qv7CtN1mOlc?feature=oembed\" frameborder=\"0\" allow=\"accelerometer; autoplay; clipboard-write; encrypted-media; gyroscope; picture-in-picture\" allowfullscreen><\/iframe><\/p>\n<\/div>\n<div class=\"column\" style=\"flex: 10%;\"><\/div>\n<div class=\"column\" style=\"flex: 45%;\">\n<p><iframe loading=\"lazy\" title=\"Region Lissabon wie nie zuvor\" width=\"1080\" height=\"608\" src=\"https:\/\/www.youtube.com\/embed\/mK7rgh4fhYQ?feature=oembed\" frameborder=\"0\" allow=\"accelerometer; autoplay; clipboard-write; encrypted-media; gyroscope; picture-in-picture\" allowfullscreen><\/iframe><\/p>\n<\/div>\n<\/div>","protected":false},"excerpt":{"rendered":"<p>Umgeben von Tradition und gesegnet mit Modernit\u00e4t, sind Lissabons sieben H\u00fcgel mit Schichten von Geschichte und Erbe bedeckt.<\/p>\n<p>Die Stadt ist aufgrund ihrer aufregenden Vielfalt, der historischen Stra\u00dfenbahnen, der Kopfsteinpflasterstra\u00dfen, der Fado-Lieder, der majest\u00e4tischen Azulejo-verzierten Architektur und des beneidenswerten Klimas zu einem beliebten europ\u00e4ischen Reiseziel geworden.<\/p>\n<p>Nehmen Sie an dieser Tour teil und erleben Sie alle Sch\u00e4tze, die diese attraktive Stadt zu bieten hat!<\/p>","protected":false},"featured_media":1698,"comment_status":"closed","ping_status":"closed","template":"","meta":{"_acf_changed":false,"inline_featured_image":false},"product_brand":[],"product_cat":[734,301],"product_tag":[126,306,985,127,253,986,987,988,129,989,43,44,990,991,131,53,195,313,256,351,138,139,992,60,993,994,342,319,320,777,773,774,261,143,322,995,324,209,263,325,326],"class_list":{"0":"post-8329","1":"product","2":"type-product","3":"status-publish","4":"has-post-thumbnail","6":"product_cat-self-guided-sightseeing-holidays-in-portugal","7":"product_cat-self-guided-tours-portugal","8":"product_tag-alfama","9":"product_tag-alleine-reisen","10":"product_tag-architecture","11":"product_tag-bairro-alto","12":"product_tag-belem-tower","13":"product_tag-brazil","14":"product_tag-chiado","15":"product_tag-citys-seven-hills","16":"product_tag-cobblestone-streets","17":"product_tag-european-destination","18":"product_tag-fado","19":"product_tag-fado-music","20":"product_tag-fresh-orange-juice","21":"product_tag-grilled-chicke","22":"product_tag-heritage-in-lisbon","23":"product_tag-historical-monuments-in-lisbon","24":"product_tag-history-and-heritage","25":"product_tag-individuelle-touren","26":"product_tag-jeronimos-monastery","27":"product_tag-largest-city-of-portugal","28":"product_tag-lisbon","29":"product_tag-lisbon-holidays","30":"product_tag-narrow-cobbled-streets","31":"product_tag-portugal","32":"product_tag-praca-do-comercio","33":"product_tag-s-jorge-castle","34":"product_tag-seafood","35":"product_tag-sejour-en-liberte","36":"product_tag-self-guide-tour","37":"product_tag-self-guided-holidays","38":"product_tag-self-guided-sightseeing","39":"product_tag-self-guided-tour","40":"product_tag-shopping-in-lisbon","41":"product_tag-sightseeing-lisbon","42":"product_tag-solo-reisen","43":"product_tag-terreiro-do-paco","44":"product_tag-tours-autoguidees","45":"product_tag-typical-quarters-of-lisbon","46":"product_tag-vintage-trams","47":"product_tag-voyage-en-liberte","48":"product_tag-voyages-en-autonomie","50":"first","51":"instock","52":"virtual","53":"product-type-simple"},"acf":[],"yoast_head":"<!-- This site is optimized with the Yoast SEO Premium plugin v26.8 (Yoast SEO v27.6) - https:\/\/yoast.com\/product\/yoast-seo-premium-wordpress\/ -->\n<title>Holidays in Lisbon, Riverside Gem - Legendary Adventure DMC Portugal<\/title>\n<meta name=\"description\" content=\"Lisbon is the capital and the largest city of Portugal. Known as the \u201ccity of light\u201d, this feature is widely considered as an immaterial icon of the city. The light of Lisbon has been sung by poets and writers, and immortalised by painters, photographers, filmmakers and other artists\" \/>\n<meta name=\"robots\" content=\"index, follow, max-snippet:-1, max-image-preview:large, max-video-preview:-1\" \/>\n<link rel=\"canonical\" href=\"https:\/\/legendatours.com\/de\/produkt\/sightseeing-tour-in-lisbon-5-days-6100s\/\" \/>\n<meta property=\"og:locale\" content=\"de_DE\" \/>\n<meta property=\"og:type\" content=\"article\" \/>\n<meta property=\"og:title\" content=\"Holidays in Lisbon, Riverside Gem\" \/>\n<meta property=\"og:description\" content=\"Lisbon is the capital and the largest city of Portugal. Known as the \u201ccity of light\u201d, this feature is widely considered as an immaterial icon of the city. The light of Lisbon has been sung by poets and writers, and immortalised by painters, photographers, filmmakers and other artists\" \/>\n<meta property=\"og:url\" content=\"https:\/\/legendatours.com\/de\/produkt\/sightseeing-tour-in-lisbon-5-days-6100s\/\" \/>\n<meta property=\"og:site_name\" content=\"Legendary Adventure DMC Portugal\" \/>\n<meta property=\"article:publisher\" content=\"https:\/\/www.facebook.com\/legendaryadventuredmc\/\" \/>\n<meta property=\"article:modified_time\" content=\"2022-01-02T23:11:15+00:00\" \/>\n<meta property=\"og:image\" content=\"https:\/\/legendatours.com\/wp-content\/uploads\/sites\/12\/2021\/04\/Lisbon_sightseeing.jpg\" \/>\n\t<meta property=\"og:image:width\" content=\"1200\" \/>\n\t<meta property=\"og:image:height\" content=\"801\" \/>\n\t<meta property=\"og:image:type\" content=\"image\/jpeg\" \/>\n<meta name=\"twitter:card\" content=\"summary_large_image\" \/>\n<meta name=\"twitter:label1\" content=\"Gesch\u00e4tzte Lesezeit\" \/>\n\t<meta name=\"twitter:data1\" content=\"2\u00a0Minuten\" \/>\n<script type=\"application\/ld+json\" class=\"yoast-schema-graph\">{\"@context\":\"https:\\\/\\\/schema.org\",\"@graph\":[{\"@type\":\"WebPage\",\"@id\":\"https:\\\/\\\/legendatours.com\\\/product\\\/sightseeing-tour-in-lisbon-5-days-6100s\\\/\",\"url\":\"https:\\\/\\\/legendatours.com\\\/product\\\/sightseeing-tour-in-lisbon-5-days-6100s\\\/\",\"name\":\"Holidays in Lisbon, Riverside Gem - Legendary Adventure DMC Portugal\",\"isPartOf\":{\"@id\":\"https:\\\/\\\/legendatours.com\\\/#website\"},\"primaryImageOfPage\":{\"@id\":\"https:\\\/\\\/legendatours.com\\\/product\\\/sightseeing-tour-in-lisbon-5-days-6100s\\\/#primaryimage\"},\"image\":{\"@id\":\"https:\\\/\\\/legendatours.com\\\/product\\\/sightseeing-tour-in-lisbon-5-days-6100s\\\/#primaryimage\"},\"thumbnailUrl\":\"https:\\\/\\\/legendatours.com\\\/wp-content\\\/uploads\\\/sites\\\/12\\\/2021\\\/04\\\/Lisbon_sightseeing.jpg\",\"datePublished\":\"2020-03-06T16:08:29+00:00\",\"dateModified\":\"2022-01-02T23:11:15+00:00\",\"description\":\"Lisbon is the capital and the largest city of Portugal. Known as the \u201ccity of light\u201d, this feature is widely considered as an immaterial icon of the city. The light of Lisbon has been sung by poets and writers, and immortalised by painters, photographers, filmmakers and other artists\",\"breadcrumb\":{\"@id\":\"https:\\\/\\\/legendatours.com\\\/product\\\/sightseeing-tour-in-lisbon-5-days-6100s\\\/#breadcrumb\"},\"inLanguage\":\"de\",\"potentialAction\":[{\"@type\":\"ReadAction\",\"target\":[\"https:\\\/\\\/legendatours.com\\\/product\\\/sightseeing-tour-in-lisbon-5-days-6100s\\\/\"]}]},{\"@type\":\"ImageObject\",\"inLanguage\":\"de\",\"@id\":\"https:\\\/\\\/legendatours.com\\\/product\\\/sightseeing-tour-in-lisbon-5-days-6100s\\\/#primaryimage\",\"url\":\"https:\\\/\\\/legendatours.com\\\/wp-content\\\/uploads\\\/sites\\\/12\\\/2021\\\/04\\\/Lisbon_sightseeing.jpg\",\"contentUrl\":\"https:\\\/\\\/legendatours.com\\\/wp-content\\\/uploads\\\/sites\\\/12\\\/2021\\\/04\\\/Lisbon_sightseeing.jpg\",\"width\":1200,\"height\":801,\"caption\":\"Sightseeing in Lisbon - Bica elevator tram\"},{\"@type\":\"BreadcrumbList\",\"@id\":\"https:\\\/\\\/legendatours.com\\\/product\\\/sightseeing-tour-in-lisbon-5-days-6100s\\\/#breadcrumb\",\"itemListElement\":[{\"@type\":\"ListItem\",\"position\":1,\"name\":\"Home\",\"item\":\"https:\\\/\\\/legendatours.com\\\/\"},{\"@type\":\"ListItem\",\"position\":2,\"name\":\"Shop\",\"item\":\"https:\\\/\\\/legendatours.com\\\/sv\\\/?page_id=4\"},{\"@type\":\"ListItem\",\"position\":3,\"name\":\"Lisbon is the capital and the largest city of Portugal. Known as the \u201ccity of light\u201d, this feature is widely considered as an immaterial icon of the city. The light of Lisbon has been sung by poets and writers, and immortalised by painters, photographers, filmmakers and other artists\"}]},{\"@type\":\"WebSite\",\"@id\":\"https:\\\/\\\/legendatours.com\\\/#website\",\"url\":\"https:\\\/\\\/legendatours.com\\\/\",\"name\":\"Legendary Adventure DMC Portugal\",\"description\":\"Responsible Walking &amp; Nature Holidays in Portugal\",\"publisher\":{\"@id\":\"https:\\\/\\\/legendatours.com\\\/#organization\"},\"alternateName\":\"Legendary Adventure Portugal\",\"potentialAction\":[{\"@type\":\"SearchAction\",\"target\":{\"@type\":\"EntryPoint\",\"urlTemplate\":\"https:\\\/\\\/legendatours.com\\\/?s={search_term_string}\"},\"query-input\":{\"@type\":\"PropertyValueSpecification\",\"valueRequired\":true,\"valueName\":\"search_term_string\"}}],\"inLanguage\":\"de\"},{\"@type\":\"Organization\",\"@id\":\"https:\\\/\\\/legendatours.com\\\/#organization\",\"name\":\"legendatours.com\",\"url\":\"https:\\\/\\\/legendatours.com\\\/\",\"logo\":{\"@type\":\"ImageObject\",\"inLanguage\":\"de\",\"@id\":\"https:\\\/\\\/legendatours.com\\\/#\\\/schema\\\/logo\\\/image\\\/\",\"url\":\"https:\\\/\\\/legendatours.com\\\/wp-content\\\/uploads\\\/sites\\\/12\\\/2021\\\/06\\\/legendary_adventure_dmc.png\",\"contentUrl\":\"https:\\\/\\\/legendatours.com\\\/wp-content\\\/uploads\\\/sites\\\/12\\\/2021\\\/06\\\/legendary_adventure_dmc.png\",\"width\":250,\"height\":74,\"caption\":\"legendatours.com\"},\"image\":{\"@id\":\"https:\\\/\\\/legendatours.com\\\/#\\\/schema\\\/logo\\\/image\\\/\"},\"sameAs\":[\"https:\\\/\\\/www.facebook.com\\\/legendaryadventuredmc\\\/\",\"https:\\\/\\\/www.linkedin.com\\\/company\\\/legendary-adventure-dmc-portugal\",\"https:\\\/\\\/www.youtube.com\\\/channel\\\/UCOIRDx_KM6ynIcacQkZjb6g\"]}]}<\/script>\n<!-- \/ Yoast SEO Premium plugin. -->","yoast_head_json":{"title":"Urlaub in Lissabon, Juwel am Flussufer - Legendary Adventure DMC Portugal","description":"Lissabon ist die Hauptstadt und die gr\u00f6\u00dfte Stadt Portugals. Dieses Merkmal, das als \u201eStadt des Lichts\u201c bekannt ist, gilt weithin als immaterielle Ikone der Stadt. Das Licht von Lissabon wurde von Dichtern und Schriftstellern besungen und von Malern, Fotografen, Filmemachern und anderen K\u00fcnstlern verewigt","robots":{"index":"index","follow":"follow","max-snippet":"max-snippet:-1","max-image-preview":"max-image-preview:large","max-video-preview":"max-video-preview:-1"},"canonical":"https:\/\/legendatours.com\/de\/produkt\/sightseeing-tour-in-lisbon-5-days-6100s\/","og_locale":"de_DE","og_type":"article","og_title":"Holidays in Lisbon, Riverside Gem","og_description":"Lisbon is the capital and the largest city of Portugal. Known as the \u201ccity of light\u201d, this feature is widely considered as an immaterial icon of the city. The light of Lisbon has been sung by poets and writers, and immortalised by painters, photographers, filmmakers and other artists","og_url":"https:\/\/legendatours.com\/de\/produkt\/sightseeing-tour-in-lisbon-5-days-6100s\/","og_site_name":"Legendary Adventure DMC Portugal","article_publisher":"https:\/\/www.facebook.com\/legendaryadventuredmc\/","article_modified_time":"2022-01-02T23:11:15+00:00","og_image":[{"width":1200,"height":801,"url":"https:\/\/legendatours.com\/wp-content\/uploads\/sites\/12\/2021\/04\/Lisbon_sightseeing.jpg","type":"image\/jpeg"}],"twitter_card":"summary_large_image","twitter_misc":{"Gesch\u00e4tzte Lesezeit":"2\u00a0Minuten"},"schema":{"@context":"https:\/\/schema.org","@graph":[{"@type":"WebPage","@id":"https:\/\/legendatours.com\/product\/sightseeing-tour-in-lisbon-5-days-6100s\/","url":"https:\/\/legendatours.com\/product\/sightseeing-tour-in-lisbon-5-days-6100s\/","name":"Urlaub in Lissabon, Juwel am Flussufer - Legendary Adventure DMC Portugal","isPartOf":{"@id":"https:\/\/legendatours.com\/#website"},"primaryImageOfPage":{"@id":"https:\/\/legendatours.com\/product\/sightseeing-tour-in-lisbon-5-days-6100s\/#primaryimage"},"image":{"@id":"https:\/\/legendatours.com\/product\/sightseeing-tour-in-lisbon-5-days-6100s\/#primaryimage"},"thumbnailUrl":"https:\/\/legendatours.com\/wp-content\/uploads\/sites\/12\/2021\/04\/Lisbon_sightseeing.jpg","datePublished":"2020-03-06T16:08:29+00:00","dateModified":"2022-01-02T23:11:15+00:00","description":"Lissabon ist die Hauptstadt und die gr\u00f6\u00dfte Stadt Portugals. Dieses Merkmal, das als \u201eStadt des Lichts\u201c bekannt ist, gilt weithin als immaterielle Ikone der Stadt. Das Licht von Lissabon wurde von Dichtern und Schriftstellern besungen und von Malern, Fotografen, Filmemachern und anderen K\u00fcnstlern verewigt","breadcrumb":{"@id":"https:\/\/legendatours.com\/product\/sightseeing-tour-in-lisbon-5-days-6100s\/#breadcrumb"},"inLanguage":"de","potentialAction":[{"@type":"ReadAction","target":["https:\/\/legendatours.com\/product\/sightseeing-tour-in-lisbon-5-days-6100s\/"]}]},{"@type":"ImageObject","inLanguage":"de","@id":"https:\/\/legendatours.com\/product\/sightseeing-tour-in-lisbon-5-days-6100s\/#primaryimage","url":"https:\/\/legendatours.com\/wp-content\/uploads\/sites\/12\/2021\/04\/Lisbon_sightseeing.jpg","contentUrl":"https:\/\/legendatours.com\/wp-content\/uploads\/sites\/12\/2021\/04\/Lisbon_sightseeing.jpg","width":1200,"height":801,"caption":"Sightseeing in Lisbon - Bica elevator tram"},{"@type":"BreadcrumbList","@id":"https:\/\/legendatours.com\/product\/sightseeing-tour-in-lisbon-5-days-6100s\/#breadcrumb","itemListElement":[{"@type":"ListItem","position":1,"name":"Home","item":"https:\/\/legendatours.com\/"},{"@type":"ListItem","position":2,"name":"Shop","item":"https:\/\/legendatours.com\/sv\/?page_id=4"},{"@type":"ListItem","position":3,"name":"Lisbon is the capital and the largest city of Portugal. Known as the \u201ccity of light\u201d, this feature is widely considered as an immaterial icon of the city. The light of Lisbon has been sung by poets and writers, and immortalised by painters, photographers, filmmakers and other artists"}]},{"@type":"WebSite","@id":"https:\/\/legendatours.com\/#website","url":"https:\/\/legendatours.com\/","name":"Legend\u00e4res Abenteuer DMC Portugal","description":"Verantwortungsvolles Wandern und Natururlaub in Portugal","publisher":{"@id":"https:\/\/legendatours.com\/#organization"},"alternateName":"Legendary Adventure Portugal","potentialAction":[{"@type":"SearchAction","target":{"@type":"EntryPoint","urlTemplate":"https:\/\/legendatours.com\/?s={search_term_string}"},"query-input":{"@type":"PropertyValueSpecification","valueRequired":true,"valueName":"search_term_string"}}],"inLanguage":"de"},{"@type":"Organization","@id":"https:\/\/legendatours.com\/#organization","name":"legendatours.com","url":"https:\/\/legendatours.com\/","logo":{"@type":"ImageObject","inLanguage":"de","@id":"https:\/\/legendatours.com\/#\/schema\/logo\/image\/","url":"https:\/\/legendatours.com\/wp-content\/uploads\/sites\/12\/2021\/06\/legendary_adventure_dmc.png","contentUrl":"https:\/\/legendatours.com\/wp-content\/uploads\/sites\/12\/2021\/06\/legendary_adventure_dmc.png","width":250,"height":74,"caption":"legendatours.com"},"image":{"@id":"https:\/\/legendatours.com\/#\/schema\/logo\/image\/"},"sameAs":["https:\/\/www.facebook.com\/legendaryadventuredmc\/","https:\/\/www.linkedin.com\/company\/legendary-adventure-dmc-portugal","https:\/\/www.youtube.com\/channel\/UCOIRDx_KM6ynIcacQkZjb6g"]}]}},"_links":{"self":[{"href":"https:\/\/legendatours.com\/de\/wp-json\/wp\/v2\/product\/8329","targetHints":{"allow":["GET"]}}],"collection":[{"href":"https:\/\/legendatours.com\/de\/wp-json\/wp\/v2\/product"}],"about":[{"href":"https:\/\/legendatours.com\/de\/wp-json\/wp\/v2\/types\/product"}],"replies":[{"embeddable":true,"href":"https:\/\/legendatours.com\/de\/wp-json\/wp\/v2\/comments?post=8329"}],"wp:featuredmedia":[{"embeddable":true,"href":"https:\/\/legendatours.com\/de\/wp-json\/wp\/v2\/media\/1698"}],"wp:attachment":[{"href":"https:\/\/legendatours.com\/de\/wp-json\/wp\/v2\/media?parent=8329"}],"wp:term":[{"taxonomy":"product_brand","embeddable":true,"href":"https:\/\/legendatours.com\/de\/wp-json\/wp\/v2\/product_brand?post=8329"},{"taxonomy":"product_cat","embeddable":true,"href":"https:\/\/legendatours.com\/de\/wp-json\/wp\/v2\/product_cat?post=8329"},{"taxonomy":"product_tag","embeddable":true,"href":"https:\/\/legendatours.com\/de\/wp-json\/wp\/v2\/product_tag?post=8329"}],"curies":[{"name":"wp","href":"https:\/\/api.w.org\/{rel}","templated":true}]}}