{"id":8345,"date":"2020-03-06T15:04:24","date_gmt":"2020-03-06T15:04:24","guid":{"rendered":"https:\/\/legendatours.com\/product\/birding-holiday-in-tavira-and-the-ria-formosa-your-nemesis-bird-destination\/"},"modified":"2025-03-03T17:17:32","modified_gmt":"2025-03-03T17:17:32","slug":"birding-in-tavira-and-the-ria-formosa-fly-drive-3300s","status":"publish","type":"product","link":"https:\/\/legendatours.com\/de\/produkt\/birding-in-tavira-and-the-ria-formosa-fly-drive-3300s\/","title":{"rendered":"Vogelbeobachtungsurlaub in Tavira und der Ria Formosa \u2013 Ihr Nemesis Bird Destination"},"content":{"rendered":"<p>Vogelbeobachtung in Tavira und Ria Formosa: Ihr Nemesis Bird Destination ist eine 5-t\u00e4gige Selbstfahrer-Vogelbeobachtungstour in einer der typischsten und malerischsten St\u00e4dte der Algarve, Tavira. Die Algarve-Region ist ein ber\u00fchmter Sommerurlaubsort, aber auch ein erstaunlicher Ort f\u00fcr Naturbeobachtungen, da sie Hunderte von endemischen Vogelarten beheimatet und eine \u00dcberwinterungs- und Futterstation f\u00fcr viele andere ist, die in ihren reichen Feuchtgebieten, Salzwiesen, Salinen, und Wald.<\/p>\n<div id=\"attachment_1732\" style=\"width: 1034px\" class=\"wp-caption alignnone\"><img loading=\"lazy\" decoding=\"async\" aria-describedby=\"caption-attachment-1732\" class=\"wp-image-1732 size-large\" title=\"Westliches Sumpfhenne\" src=\"https:\/\/legendatours.net\/wp-content\/uploads\/2020\/03\/Western-Swamp-hen-1024x683.jpg\" alt=\"Western Swamp-hen\" width=\"1024\" height=\"683\" \/><p id=\"caption-attachment-1732\" class=\"wp-caption-text\">Westliche Sumpfhenne, gut zu sehen an der S\u00fcdk\u00fcste und auf dem\u00a0<em>Westen<\/em> K\u00fcste bis einschlie\u00dflich Tejo-M\u00fcndung \u2013 Foto Peter Dedicoat<\/p><\/div>\n<p>Diese professionell gestaltete Vogelbeobachtungstour soll Ihnen mit detaillierten Anweisungen und Routenhinweisen das Beste aus der vielf\u00e4ltigen Tierwelt und Flora des Naturparks Ria Formosa zeigen.<\/p>\n<p>Der Naturpark Ria Formosa umfasst eine Fl\u00e4che von rund 16.000 Hektar, die sich von Manta Rota im Osten bis zum Strand von Anc\u00e3o 60 km westlich erstreckt. Die Ria besteht aus K\u00fcstenlagunen, weiten Wattfl\u00e4chen, Salzwiesen und Salzpfannen, die von einem G\u00fcrtel aus Sandd\u00fcneninseln und Halbinseln umgeben sind.<\/p>\n<p>Es ist von besonderer Bedeutung als \u00dcberwinterungsgebiet f\u00fcr viele V\u00f6gel aus Nordeuropa und als Rast- und Futterstelle f\u00fcr Zugv\u00f6gel zwischen Afrika und Europa.<\/p>\n<div id=\"attachment_1760\" style=\"width: 1034px\" class=\"wp-caption alignnone\"><img loading=\"lazy\" decoding=\"async\" aria-describedby=\"caption-attachment-1760\" class=\"wp-image-1760 size-large\" title=\"Eurasische Krickente\" src=\"https:\/\/legendatours.net\/wp-content\/uploads\/2020\/03\/Eurasian-Teal-1024x683.jpg\" alt=\"Eurasian Teal\" width=\"1024\" height=\"683\" \/><p id=\"caption-attachment-1760\" class=\"wp-caption-text\">Eurasische Krickente, normalerweise eine \u00fcberwinternde Art \u2013 Foto Peter Dedicoat<\/p><\/div>\n<p>In den 70er Jahren als Naturschutzgebiet klassifiziert, wurde dieser Schutzstatus 1987 in einen Naturpark erhoben. Die Ria Formosa ist auch gem\u00e4\u00df der Ramsar-Konvention als Feuchtgebiet von internationaler Bedeutung und als besonderes Schutzgebiet gem\u00e4\u00df der EU-Richtlinie zur Erhaltung von eingestuft Wilde V\u00f6gel.<\/p>\n<p>Der Winter bringt \u00fcberwinternde Watv\u00f6gel, wie unter anderem Austernfischer, S\u00e4belschn\u00e4bler, Alpenstrandl\u00e4ufer, Little Stint und Stelzenl\u00e4ufer. Arten wie Curlew Sandpiper, Red Knot oder Ruff ziehen haupts\u00e4chlich w\u00e4hrend des Herbstzuges durch. Wildv\u00f6gel sind auch in den Teichen und T\u00fcmpeln in beeindruckender Zahl vorhanden, und einige der h\u00e4ufigsten Arten sind Pfeifente, Sholever, Spie\u00dfenten und Tafelenten. Andere interessante V\u00f6gel sind der Rosaflamingo, der Glossy Ibis, der L\u00f6ffler, der Schwarzfl\u00fcgelmilan, die Kaspische Seeschwalbe, das Blaukehlchen und die seltenere Pendelmeise. Schlankschnabelm\u00f6we wurde in den letzten Jahren regelm\u00e4\u00dfig gesichtet.<\/p>\n<div id=\"attachment_1699\" style=\"width: 1034px\" class=\"wp-caption alignnone\"><img loading=\"lazy\" decoding=\"async\" aria-describedby=\"caption-attachment-1699\" class=\"wp-image-1699 size-large\" title=\"Vogelbeobachtung Algarve Ria Formosa Wiedehopf\" src=\"https:\/\/legendatours.net\/wp-content\/uploads\/2020\/05\/Birdwatching-Algarve-Ria-Formosa-Hoopoe-1024x683.jpg\" alt=\"Birdwatching Algarve Ria Formosa Hoopoe\" width=\"1024\" height=\"683\" \/><p id=\"caption-attachment-1699\" class=\"wp-caption-text\">Vogelbeobachtung Algarve Ria Formosa Wiedehopf, gedeihen in den Pinienw\u00e4ldern. \u2013 Foto Peter Dedicoat<\/p><\/div>\n<p>Brutv\u00f6gel sind Purple Swamphen, Little Rohrdommel, Purple Heron, Collared Pratincole und Audouin&#039;s Gull, die regelm\u00e4\u00dfig, aber in schwankender Zahl br\u00fcten. Der Standort hat auch den besonderen Aspekt, dass er der einzige in Portugal ist, an dem die Kleine Kurzzehenlerche vorkommt. Die vorgelagerten Inseln beherbergen die gr\u00f6\u00dften Kolonien von Zwergseeschwalbe in Portugal, die regelm\u00e4\u00dfig in den seichten Gew\u00e4ssern beim Fischen beobachtet werden, sowie eine kleine Population von eurasischen Dickknie- und Kleintrappen. Interessante Brutv\u00f6gel sind auch Pallid Swift, Spectacled Warbler, European Bienenfresser und Black-eared Steinschm\u00e4tzer.<\/p>\n<p>In den umliegenden W\u00e4ldern gibt es Arten wie Buntspecht, Waldschnabelw\u00fcrger und Pirol.<\/p>\n<div id=\"attachment_1769\" style=\"width: 1034px\" class=\"wp-caption alignnone\"><img loading=\"lazy\" decoding=\"async\" aria-describedby=\"caption-attachment-1769\" class=\"wp-image-1769 size-large\" title=\"L\u00f6ffler\" src=\"https:\/\/legendatours.net\/wp-content\/uploads\/2020\/03\/Spoonbills-1-1024x683.jpg\" alt=\"Spoonbills\" width=\"1024\" height=\"683\" \/><p id=\"caption-attachment-1769\" class=\"wp-caption-text\">L\u00f6ffler, ganzj\u00e4hrig beheimatet, die Zahl nimmt im Winter deutlich zu - Foto Peter Dedicoat<\/p><\/div>\n<p>Diese selbstgef\u00fchrte Vogelbeobachtungstour eignet sich hervorragend f\u00fcr die Naturfotografie im Allgemeinen und die Vogelfotografie im Besonderen. Malerei und Illustration; wissenschaftliche Forschung; die Jagd nach Rarit\u00e4ten (Zucken) etc. Finden Sie bei uns eine Flucht aus dem hektischen Alltag!<\/p>\n<p>Die Routenbeschreibungen sind als einfacher, leicht zu verwendender Feldf\u00fchrer f\u00fcr alle gedacht, die gerne V\u00f6gel in ihrem nat\u00fcrlichen Lebensraum beobachten. Jede Reiseroute wird von einer Karte und einer Wegbeschreibung, den interessantesten Arten, die dort zu finden sind, und verschiedenen Tipps f\u00fcr die beste Reiseroute begleitet.<\/p>\n<p>Wir sorgen daf\u00fcr, dass Sie ein unvergessliches Erlebnis haben, ohne zeitaufw\u00e4ndige Suche nach Unterk\u00fcnften, keine Recherche nach den besten Vogelbeobachtungspl\u00e4tzen \u2013 unsere Touren sind vollst\u00e4ndig und vor allem perfekt durchdacht und organisiert! Die Tour ist so konzipiert, dass Sie unabh\u00e4ngig von Ihren F\u00e4higkeiten und Kenntnissen in der Vogelbeobachtung genossen werden k\u00f6nnen.<\/p>\n<p>Und um alle Wunder dieser Tour in vollen Z\u00fcgen genie\u00dfen zu k\u00f6nnen, \u00fcbernachten Sie im Zentrum von Tavira, nur 2 km vom n\u00e4chsten Vogelbeobachtungspunkt entfernt!<\/p>\n<div class=\"row\">\n<div class=\"column\" style=\"flex: 45%\">\n<p><iframe loading=\"lazy\" title=\"V\u00f6gel S\u00fcdportugals\" width=\"1080\" height=\"608\" src=\"https:\/\/www.youtube.com\/embed\/q4ezd_AIbYM?feature=oembed\" frameborder=\"0\" allow=\"accelerometer; autoplay; clipboard-write; encrypted-media; gyroscope; picture-in-picture\" allowfullscreen><\/iframe><\/p>\n<\/div>\n<div class=\"column\" style=\"flex: 10%\"><\/div>\n<div class=\"column\" style=\"flex: 45%\"><\/div>\n<\/div>","protected":false},"excerpt":{"rendered":"<p>Vogelbeobachtung in Tavira und Ria Formosa: Ihr Nemesis Bird Destination ist eine 5-t\u00e4gige Selbstfahrer-Vogelbeobachtungstour in einer der typischsten und malerischsten St\u00e4dte der Algarve, Tavira. Die Algarve-Region ist ein ber\u00fchmter Sommerurlaubsort, aber auch ein erstaunlicher Ort f\u00fcr Naturbeobachtungen, da sie Hunderte von endemischen Vogelarten beheimatet und eine \u00dcberwinterungs- und Futterstation f\u00fcr viele andere ist, die in ihren reichen Feuchtgebieten, Salzwiesen, Salinen, und Wald.<\/p>","protected":false},"featured_media":8343,"comment_status":"closed","ping_status":"closed","template":"","meta":{"_acf_changed":false,"inline_featured_image":false},"product_brand":[],"product_cat":[327,778,301],"product_tag":[147,306,424,428,429,433,434,435,1149,436,437,438,439,440,441,442,779,160,313,443,444,445,446,447,449,162,450,60,451,452,453,454,455,168,169,456,319,328,780,777,781,322,457,173,174,324,68,177,325,326,458,459],"class_list":{"0":"post-8345","1":"product","2":"type-product","3":"status-publish","4":"has-post-thumbnail","6":"product_cat-self-drive-holidays-portugal","7":"product_cat-portugal-self-guided-birdwatching-holidays","8":"product_cat-self-guided-tours-portugal","9":"product_tag-algarve","10":"product_tag-alleine-reisen","11":"product_tag-best-birding-spots","12":"product_tag-bird-watching","13":"product_tag-birding","14":"product_tag-birdwatching","15":"product_tag-birdwatching-algarve","16":"product_tag-birdwatching-portugal","17":"product_tag-birdwatching-tour-in-the-algarve","18":"product_tag-black-tailed-godwits","19":"product_tag-black-winged-kite","20":"product_tag-blackheaded-weaver","21":"product_tag-booted-eagles","22":"product_tag-collared-pratincole","23":"product_tag-european-bee-eater","24":"product_tag-ferruginous-duck","25":"product_tag-fly-drive","26":"product_tag-holidays","27":"product_tag-individuelle-touren","28":"product_tag-kentish-plover","29":"product_tag-little-bittern","30":"product_tag-little-stints","31":"product_tag-little-tern","32":"product_tag-marsh-harriers","33":"product_tag-nature-observation","34":"product_tag-nature-walks","35":"product_tag-penduline-tits","36":"product_tag-portugal","37":"product_tag-purple-heron","38":"product_tag-purple-swamp-hen","39":"product_tag-ramsar","40":"product_tag-red-crested-pochard","41":"product_tag-red-necked-nightjar","42":"product_tag-ria-formosa","43":"product_tag-ria-formosa-natural-park","44":"product_tag-ringed-plovers","45":"product_tag-sejour-en-liberte","46":"product_tag-self-guided","47":"product_tag-self-guided-birdwatching","48":"product_tag-self-guided-holidays","49":"product_tag-self-guided-tours","50":"product_tag-solo-reisen","51":"product_tag-southern-grey-shrikes","52":"product_tag-sunny-winters","53":"product_tag-tavira","54":"product_tag-tours-autoguidees","55":"product_tag-tours-in-portugal","56":"product_tag-vacations","57":"product_tag-voyage-en-liberte","58":"product_tag-voyages-en-autonomie","59":"product_tag-wintering-birds","60":"product_tag-woodchat","62":"first","63":"instock","64":"virtual","65":"product-type-simple"},"acf":[],"yoast_head":"<!-- This site is optimized with the Yoast SEO Premium plugin v26.8 (Yoast SEO v27.3) - https:\/\/yoast.com\/product\/yoast-seo-premium-wordpress\/ -->\n<title>Birding Holiday in Tavira and the Ria Formosa - Your Nemesis Bird Destination - Legendary Adventure DMC Portugal<\/title>\n<meta name=\"description\" content=\"The Algarve wet areas hold hundreds of endemic bird species. This personalised self-drive birdwatching tour shows the best birding spots of the Ria Formosa.\" \/>\n<meta name=\"robots\" content=\"index, follow, max-snippet:-1, max-image-preview:large, max-video-preview:-1\" \/>\n<link rel=\"canonical\" href=\"https:\/\/legendatours.com\/de\/produkt\/birding-in-tavira-and-the-ria-formosa-fly-drive-3300s\/\" \/>\n<meta property=\"og:locale\" content=\"de_DE\" \/>\n<meta property=\"og:type\" content=\"article\" \/>\n<meta property=\"og:title\" content=\"Birding Holiday in Tavira and the Ria Formosa - Your Nemesis Bird Destination\" \/>\n<meta property=\"og:description\" content=\"The Algarve wet areas hold hundreds of endemic bird species. This personalised self-drive birdwatching tour shows the best birding spots of the Ria Formosa.\" \/>\n<meta property=\"og:url\" content=\"https:\/\/legendatours.com\/de\/produkt\/birding-in-tavira-and-the-ria-formosa-fly-drive-3300s\/\" \/>\n<meta property=\"og:site_name\" content=\"Legendary Adventure DMC Portugal\" \/>\n<meta property=\"article:publisher\" content=\"https:\/\/www.facebook.com\/legendaryadventuredmc\/\" \/>\n<meta property=\"article:modified_time\" content=\"2025-03-03T17:17:32+00:00\" \/>\n<meta property=\"og:image\" content=\"https:\/\/legendatours.com\/wp-content\/uploads\/sites\/12\/2021\/04\/riaformosa_nemesis_bird_destination-e1611676768506.jpg\" \/>\n\t<meta property=\"og:image:width\" content=\"1024\" \/>\n\t<meta property=\"og:image:height\" content=\"686\" \/>\n\t<meta property=\"og:image:type\" content=\"image\/jpeg\" \/>\n<meta name=\"twitter:card\" content=\"summary_large_image\" \/>\n<meta name=\"twitter:label1\" content=\"Gesch\u00e4tzte Lesezeit\" \/>\n\t<meta name=\"twitter:data1\" content=\"3\u00a0Minuten\" \/>\n<script type=\"application\/ld+json\" class=\"yoast-schema-graph\">{\"@context\":\"https:\\\/\\\/schema.org\",\"@graph\":[{\"@type\":\"WebPage\",\"@id\":\"https:\\\/\\\/legendatours.com\\\/product\\\/birding-in-tavira-and-the-ria-formosa-fly-drive-3300s\\\/\",\"url\":\"https:\\\/\\\/legendatours.com\\\/product\\\/birding-in-tavira-and-the-ria-formosa-fly-drive-3300s\\\/\",\"name\":\"Birding Holiday in Tavira and the Ria Formosa - Your Nemesis Bird Destination - Legendary Adventure DMC Portugal\",\"isPartOf\":{\"@id\":\"https:\\\/\\\/legendatours.com\\\/#website\"},\"primaryImageOfPage\":{\"@id\":\"https:\\\/\\\/legendatours.com\\\/product\\\/birding-in-tavira-and-the-ria-formosa-fly-drive-3300s\\\/#primaryimage\"},\"image\":{\"@id\":\"https:\\\/\\\/legendatours.com\\\/product\\\/birding-in-tavira-and-the-ria-formosa-fly-drive-3300s\\\/#primaryimage\"},\"thumbnailUrl\":\"https:\\\/\\\/legendatours.com\\\/wp-content\\\/uploads\\\/sites\\\/12\\\/2021\\\/04\\\/riaformosa_nemesis_bird_destination-e1611676768506.jpg\",\"datePublished\":\"2020-03-06T15:04:24+00:00\",\"dateModified\":\"2025-03-03T17:17:32+00:00\",\"description\":\"The Algarve wet areas hold hundreds of endemic bird species. This personalised self-drive birdwatching tour shows the best birding spots of the Ria Formosa.\",\"breadcrumb\":{\"@id\":\"https:\\\/\\\/legendatours.com\\\/product\\\/birding-in-tavira-and-the-ria-formosa-fly-drive-3300s\\\/#breadcrumb\"},\"inLanguage\":\"de\",\"potentialAction\":[{\"@type\":\"ReadAction\",\"target\":[\"https:\\\/\\\/legendatours.com\\\/product\\\/birding-in-tavira-and-the-ria-formosa-fly-drive-3300s\\\/\"]}]},{\"@type\":\"ImageObject\",\"inLanguage\":\"de\",\"@id\":\"https:\\\/\\\/legendatours.com\\\/product\\\/birding-in-tavira-and-the-ria-formosa-fly-drive-3300s\\\/#primaryimage\",\"url\":\"https:\\\/\\\/legendatours.com\\\/wp-content\\\/uploads\\\/sites\\\/12\\\/2021\\\/04\\\/riaformosa_nemesis_bird_destination-e1611676768506.jpg\",\"contentUrl\":\"https:\\\/\\\/legendatours.com\\\/wp-content\\\/uploads\\\/sites\\\/12\\\/2021\\\/04\\\/riaformosa_nemesis_bird_destination-e1611676768506.jpg\",\"width\":1024,\"height\":686,\"caption\":\"Ria Formosa Birdwatching\"},{\"@type\":\"BreadcrumbList\",\"@id\":\"https:\\\/\\\/legendatours.com\\\/product\\\/birding-in-tavira-and-the-ria-formosa-fly-drive-3300s\\\/#breadcrumb\",\"itemListElement\":[{\"@type\":\"ListItem\",\"position\":1,\"name\":\"Home\",\"item\":\"https:\\\/\\\/legendatours.com\\\/\"},{\"@type\":\"ListItem\",\"position\":2,\"name\":\"Shop\",\"item\":\"https:\\\/\\\/legendatours.com\\\/sv\\\/?page_id=4\"},{\"@type\":\"ListItem\",\"position\":3,\"name\":\"Birding in Tavira and Ria Formosa: Your Nemesis Bird Destination is a 5 days Self-Guided Tour with Car based in one of the most typical and quaint towns in the Algarve, Tavira. The Algarve region is a famous summer resort, but is also an amazing site for nature observation, being home for hundreds of endemic bird species, and a wintering and feeding station for many others, which thrive in its rich wetlands, saltmarshes, saltpans, and woods.\"}]},{\"@type\":\"WebSite\",\"@id\":\"https:\\\/\\\/legendatours.com\\\/#website\",\"url\":\"https:\\\/\\\/legendatours.com\\\/\",\"name\":\"Legendary Adventure DMC Portugal\",\"description\":\"Responsible Walking &amp; Nature Holidays in Portugal\",\"publisher\":{\"@id\":\"https:\\\/\\\/legendatours.com\\\/#organization\"},\"alternateName\":\"Legendary Adventure Portugal\",\"potentialAction\":[{\"@type\":\"SearchAction\",\"target\":{\"@type\":\"EntryPoint\",\"urlTemplate\":\"https:\\\/\\\/legendatours.com\\\/?s={search_term_string}\"},\"query-input\":{\"@type\":\"PropertyValueSpecification\",\"valueRequired\":true,\"valueName\":\"search_term_string\"}}],\"inLanguage\":\"de\"},{\"@type\":\"Organization\",\"@id\":\"https:\\\/\\\/legendatours.com\\\/#organization\",\"name\":\"legendatours.com\",\"url\":\"https:\\\/\\\/legendatours.com\\\/\",\"logo\":{\"@type\":\"ImageObject\",\"inLanguage\":\"de\",\"@id\":\"https:\\\/\\\/legendatours.com\\\/#\\\/schema\\\/logo\\\/image\\\/\",\"url\":\"https:\\\/\\\/legendatours.com\\\/wp-content\\\/uploads\\\/sites\\\/12\\\/2021\\\/06\\\/legendary_adventure_dmc.png\",\"contentUrl\":\"https:\\\/\\\/legendatours.com\\\/wp-content\\\/uploads\\\/sites\\\/12\\\/2021\\\/06\\\/legendary_adventure_dmc.png\",\"width\":250,\"height\":74,\"caption\":\"legendatours.com\"},\"image\":{\"@id\":\"https:\\\/\\\/legendatours.com\\\/#\\\/schema\\\/logo\\\/image\\\/\"},\"sameAs\":[\"https:\\\/\\\/www.facebook.com\\\/legendaryadventuredmc\\\/\",\"https:\\\/\\\/www.linkedin.com\\\/company\\\/legendary-adventure-dmc-portugal\",\"https:\\\/\\\/www.youtube.com\\\/channel\\\/UCOIRDx_KM6ynIcacQkZjb6g\"]}]}<\/script>\n<!-- \/ Yoast SEO Premium plugin. -->","yoast_head_json":{"title":"Vogelbeobachtungsurlaub in Tavira und der Ria Formosa - Your Nemesis Bird Destination - Legendary Adventure DMC Portugal","description":"Die Feuchtgebiete der Algarve beherbergen Hunderte endemischer Vogelarten. Diese personalisierte Selbstfahrer-Vogelbeobachtungstour zeigt die besten Vogelbeobachtungspl\u00e4tze der Ria Formosa.","robots":{"index":"index","follow":"follow","max-snippet":"max-snippet:-1","max-image-preview":"max-image-preview:large","max-video-preview":"max-video-preview:-1"},"canonical":"https:\/\/legendatours.com\/de\/produkt\/birding-in-tavira-and-the-ria-formosa-fly-drive-3300s\/","og_locale":"de_DE","og_type":"article","og_title":"Birding Holiday in Tavira and the Ria Formosa - Your Nemesis Bird Destination","og_description":"The Algarve wet areas hold hundreds of endemic bird species. This personalised self-drive birdwatching tour shows the best birding spots of the Ria Formosa.","og_url":"https:\/\/legendatours.com\/de\/produkt\/birding-in-tavira-and-the-ria-formosa-fly-drive-3300s\/","og_site_name":"Legendary Adventure DMC Portugal","article_publisher":"https:\/\/www.facebook.com\/legendaryadventuredmc\/","article_modified_time":"2025-03-03T17:17:32+00:00","og_image":[{"width":1024,"height":686,"url":"https:\/\/legendatours.com\/wp-content\/uploads\/sites\/12\/2021\/04\/riaformosa_nemesis_bird_destination-e1611676768506.jpg","type":"image\/jpeg"}],"twitter_card":"summary_large_image","twitter_misc":{"Gesch\u00e4tzte Lesezeit":"3\u00a0Minuten"},"schema":{"@context":"https:\/\/schema.org","@graph":[{"@type":"WebPage","@id":"https:\/\/legendatours.com\/product\/birding-in-tavira-and-the-ria-formosa-fly-drive-3300s\/","url":"https:\/\/legendatours.com\/product\/birding-in-tavira-and-the-ria-formosa-fly-drive-3300s\/","name":"Vogelbeobachtungsurlaub in Tavira und der Ria Formosa - Your Nemesis Bird Destination - Legendary Adventure DMC Portugal","isPartOf":{"@id":"https:\/\/legendatours.com\/#website"},"primaryImageOfPage":{"@id":"https:\/\/legendatours.com\/product\/birding-in-tavira-and-the-ria-formosa-fly-drive-3300s\/#primaryimage"},"image":{"@id":"https:\/\/legendatours.com\/product\/birding-in-tavira-and-the-ria-formosa-fly-drive-3300s\/#primaryimage"},"thumbnailUrl":"https:\/\/legendatours.com\/wp-content\/uploads\/sites\/12\/2021\/04\/riaformosa_nemesis_bird_destination-e1611676768506.jpg","datePublished":"2020-03-06T15:04:24+00:00","dateModified":"2025-03-03T17:17:32+00:00","description":"Die Feuchtgebiete der Algarve beherbergen Hunderte endemischer Vogelarten. Diese personalisierte Selbstfahrer-Vogelbeobachtungstour zeigt die besten Vogelbeobachtungspl\u00e4tze der Ria Formosa.","breadcrumb":{"@id":"https:\/\/legendatours.com\/product\/birding-in-tavira-and-the-ria-formosa-fly-drive-3300s\/#breadcrumb"},"inLanguage":"de","potentialAction":[{"@type":"ReadAction","target":["https:\/\/legendatours.com\/product\/birding-in-tavira-and-the-ria-formosa-fly-drive-3300s\/"]}]},{"@type":"ImageObject","inLanguage":"de","@id":"https:\/\/legendatours.com\/product\/birding-in-tavira-and-the-ria-formosa-fly-drive-3300s\/#primaryimage","url":"https:\/\/legendatours.com\/wp-content\/uploads\/sites\/12\/2021\/04\/riaformosa_nemesis_bird_destination-e1611676768506.jpg","contentUrl":"https:\/\/legendatours.com\/wp-content\/uploads\/sites\/12\/2021\/04\/riaformosa_nemesis_bird_destination-e1611676768506.jpg","width":1024,"height":686,"caption":"Ria Formosa Birdwatching"},{"@type":"BreadcrumbList","@id":"https:\/\/legendatours.com\/product\/birding-in-tavira-and-the-ria-formosa-fly-drive-3300s\/#breadcrumb","itemListElement":[{"@type":"ListItem","position":1,"name":"Home","item":"https:\/\/legendatours.com\/"},{"@type":"ListItem","position":2,"name":"Shop","item":"https:\/\/legendatours.com\/sv\/?page_id=4"},{"@type":"ListItem","position":3,"name":"Birding in Tavira and Ria Formosa: Your Nemesis Bird Destination is a 5 days Self-Guided Tour with Car based in one of the most typical and quaint towns in the Algarve, Tavira. The Algarve region is a famous summer resort, but is also an amazing site for nature observation, being home for hundreds of endemic bird species, and a wintering and feeding station for many others, which thrive in its rich wetlands, saltmarshes, saltpans, and woods."}]},{"@type":"WebSite","@id":"https:\/\/legendatours.com\/#website","url":"https:\/\/legendatours.com\/","name":"Legend\u00e4res Abenteuer DMC Portugal","description":"Verantwortungsvolles Wandern und Natururlaub in Portugal","publisher":{"@id":"https:\/\/legendatours.com\/#organization"},"alternateName":"Legendary Adventure Portugal","potentialAction":[{"@type":"SearchAction","target":{"@type":"EntryPoint","urlTemplate":"https:\/\/legendatours.com\/?s={search_term_string}"},"query-input":{"@type":"PropertyValueSpecification","valueRequired":true,"valueName":"search_term_string"}}],"inLanguage":"de"},{"@type":"Organization","@id":"https:\/\/legendatours.com\/#organization","name":"legendatours.com","url":"https:\/\/legendatours.com\/","logo":{"@type":"ImageObject","inLanguage":"de","@id":"https:\/\/legendatours.com\/#\/schema\/logo\/image\/","url":"https:\/\/legendatours.com\/wp-content\/uploads\/sites\/12\/2021\/06\/legendary_adventure_dmc.png","contentUrl":"https:\/\/legendatours.com\/wp-content\/uploads\/sites\/12\/2021\/06\/legendary_adventure_dmc.png","width":250,"height":74,"caption":"legendatours.com"},"image":{"@id":"https:\/\/legendatours.com\/#\/schema\/logo\/image\/"},"sameAs":["https:\/\/www.facebook.com\/legendaryadventuredmc\/","https:\/\/www.linkedin.com\/company\/legendary-adventure-dmc-portugal","https:\/\/www.youtube.com\/channel\/UCOIRDx_KM6ynIcacQkZjb6g"]}]}},"_links":{"self":[{"href":"https:\/\/legendatours.com\/de\/wp-json\/wp\/v2\/product\/8345","targetHints":{"allow":["GET"]}}],"collection":[{"href":"https:\/\/legendatours.com\/de\/wp-json\/wp\/v2\/product"}],"about":[{"href":"https:\/\/legendatours.com\/de\/wp-json\/wp\/v2\/types\/product"}],"replies":[{"embeddable":true,"href":"https:\/\/legendatours.com\/de\/wp-json\/wp\/v2\/comments?post=8345"}],"wp:featuredmedia":[{"embeddable":true,"href":"https:\/\/legendatours.com\/de\/wp-json\/wp\/v2\/media\/8343"}],"wp:attachment":[{"href":"https:\/\/legendatours.com\/de\/wp-json\/wp\/v2\/media?parent=8345"}],"wp:term":[{"taxonomy":"product_brand","embeddable":true,"href":"https:\/\/legendatours.com\/de\/wp-json\/wp\/v2\/product_brand?post=8345"},{"taxonomy":"product_cat","embeddable":true,"href":"https:\/\/legendatours.com\/de\/wp-json\/wp\/v2\/product_cat?post=8345"},{"taxonomy":"product_tag","embeddable":true,"href":"https:\/\/legendatours.com\/de\/wp-json\/wp\/v2\/product_tag?post=8345"}],"curies":[{"name":"wp","href":"https:\/\/api.w.org\/{rel}","templated":true}]}}