{"id":8362,"date":"2020-03-06T15:03:11","date_gmt":"2020-03-06T15:03:11","guid":{"rendered":"https:\/\/legendatours.com\/product\/birding-holidays-under-blue-skyes-the-great-bustard-adventure\/"},"modified":"2025-03-03T17:18:22","modified_gmt":"2025-03-03T17:18:22","slug":"birding-under-blue-skyes-the-great-bustard-adventure-fly-drive-3201s","status":"publish","type":"product","link":"https:\/\/legendatours.com\/de\/produkt\/birding-under-blue-skyes-the-great-bustard-adventure-fly-drive-3201s\/","title":{"rendered":"Vogelbeobachtungsurlaub unter blauem Himmel: Das gro\u00dfe Bustard-Abenteuer"},"content":{"rendered":"<p>Vogelbeobachtung unter blauem Himmel: Das Gro\u00dftrappen-Abenteuer ist eine selbstfahrende Vogelbeobachtungstour, die von professionellen lokalen Vogelbeobachtern entworfen wurde, um Ihnen dabei zu helfen, so viel wie m\u00f6glich von der Vogelwelt und Flora zu sehen, einschlie\u00dflich der r\u00e4tselhaften Gro\u00dftrappe! Um diese personalisierte Tour in vollen Z\u00fcgen zu genie\u00dfen, werden Sie im Herzen von Monte Gordo untergebracht, mit einfachem Zugang zu einer F\u00fclle von Vogelbeobachtungspl\u00e4tzen, die \u00fcber die Lebensliste eines jeden Vogelbeobachters hinausgehen!<\/p>\n<p>Zwischen den Sandstr\u00e4nden der Ostk\u00fcste und dem Fluss Guadiana liegt ein kleines Fischerdorf. Monte Gordo mit seinem warmen Wetter, traditionellen Stra\u00dfen und Gesch\u00e4ften, Sandd\u00fcnen, Pinienw\u00e4ldern und ber\u00fchmten frischen Meeresfr\u00fcchten ist ein gro\u00dfartiger Ausgangspunkt f\u00fcr unsere Vogelbeobachtungsferien.<\/p>\n<div id=\"attachment_1748\" style=\"width: 1034px\" class=\"wp-caption alignnone\"><img loading=\"lazy\" decoding=\"async\" aria-describedby=\"caption-attachment-1748\" class=\"wp-image-1748 size-large\" title=\"Gro\u00dfe Trappen\" src=\"https:\/\/legendatours.net\/wp-content\/uploads\/2020\/03\/Great_Bustards-1024x683.jpg\" alt=\"Great Bustards\" width=\"1024\" height=\"683\" \/><p id=\"caption-attachment-1748\" class=\"wp-caption-text\">Die Gro\u00dftrappe, einer der schwersten flugf\u00e4higen V\u00f6gel der Welt, bewohnt ein riesiges Gebiet einheitlicher Landschaft im Baixo Alentejo \u2013 Foto Peter Dedicoat<\/p><\/div>\n<p>Seine privilegierte Lage in der N\u00e4he der Guadiana-M\u00fcndung ist mit besonderen und vielf\u00e4ltigen nat\u00fcrlichen \u00d6kosystemen gesegnet, in denen Hunderte von Vogelarten leben, von denen einige endemisch und typisch f\u00fcr die mediterranen Lebensr\u00e4ume sind.<\/p>\n<p>Diese Vogelbeobachtungstour befindet sich in einigen wichtigen Feuchtgebieten der Algarve, darunter der Naturpark Ria Formosa, die Guadiana-M\u00fcndung und das Naturschutzgebiet Castro Marim, und z\u00e4hlt mit einem Ausflug in den Alentejo, um die schwer fassbare Gro\u00dftrappe zu beobachten, eine der weltweit schwersten V\u00f6gel und auch ein freier Tag, um Ihnen die M\u00f6glichkeit zu geben, die Gegend zu erkunden.<\/p>\n<p>Der Naturpark Ria Formosa ist von besonderer Bedeutung als \u00dcberwinterungsgebiet f\u00fcr viele V\u00f6gel aus Nordeuropa und als Rast- und Futterstation f\u00fcr Zugv\u00f6gel zwischen Afrika und Europa. Das Gebiet ist nach der Ramsar-Konvention als Feuchtgebiet von internationaler Bedeutung und als besonderes Schutzgebiet nach der EU-Vogelschutzrichtlinie eingestuft.<\/p>\n<div id=\"attachment_1723\" style=\"width: 1034px\" class=\"wp-caption alignnone\"><img loading=\"lazy\" decoding=\"async\" aria-describedby=\"caption-attachment-1723\" class=\"wp-image-1723 size-large\" title=\"Gl\u00e4nzender Ibis\" src=\"https:\/\/legendatours.net\/wp-content\/uploads\/2020\/03\/Glossy-Ibis-1024x683.jpg\" alt=\"Glossy Ibis\" width=\"1024\" height=\"683\" \/><p id=\"caption-attachment-1723\" class=\"wp-caption-text\">Gl\u00e4nzender Ibis \u2013 Foto Peter Dedicoat<\/p><\/div>\n<p>Unter anderem k\u00f6nnen Sie Uferschnepfe, Flussregenpfeifer, Zwergdommel, Zwergdommel, Purpur-Sumpfhenne, Purpurreiher, Tafelente, Halsbandregenpfeifer, Kentish-Regenpfeifer, Bienenfresser, Rothals-Zwergschwalbe, Woodchat und Southern Grey Shrikes und Little Tern. Rohrweihen sind hier ans\u00e4ssig, ebenso wie eine kleine Anzahl von Booted Eagles, die jetzt im Winter regelm\u00e4\u00dfig zu sehen sind. Wo in der Saison Ferruginous Duck, Purple Heron, Black-winged Kite, Penduline Tits und Blackheaded Weaver zu finden sind.<\/p>\n<p>Der in den spanischen H\u00fcgeln geborene Fluss Guadiana markiert die Grenze zwischen Portugal und Spanien und schl\u00e4ngelt sich durch H\u00fcgel, die von Zistrosen-, Oliven-, Johannisbrot- und Mandelb\u00e4umen und den traditionellen Schieferh\u00e4usern ges\u00e4umt sind. Das Gebiet bietet Schutz f\u00fcr unz\u00e4hlige Tier- und Pflanzenarten.<\/p>\n<div id=\"attachment_1695\" style=\"width: 1034px\" class=\"wp-caption alignnone\"><img loading=\"lazy\" decoding=\"async\" aria-describedby=\"caption-attachment-1695\" class=\"wp-image-1695 size-large\" title=\"Vogelbeobachtung Algarve Europ\u00e4ischer Bienenfresser\" src=\"https:\/\/legendatours.net\/wp-content\/uploads\/2020\/05\/Birdwatching-Algarve-European-Bee-eater-1024x683.jpg\" alt=\"Birdwatching Algarve European Bee-eater\" width=\"1024\" height=\"683\" \/><p id=\"caption-attachment-1695\" class=\"wp-caption-text\">Vogelbeobachtung Algarve Europ\u00e4ischer Bienenfresser \u2013 Foto Peter Dedicoat<\/p><\/div>\n<p>\u00d6stlich von Monte Gordo bietet das Naturschutzgebiet Castro Marim den Besuchern Einblicke in europ\u00e4ische Stieglitz, Schlangenbauml\u00e4ufer und Sardiniengrasm\u00fccke, um nur einige zu nennen. An den Salzpfannen ist es m\u00f6glich, mehrere Arten von Wasserv\u00f6geln zu beobachten, darunter die Audouin-M\u00f6we, Zwergseeschwalbe, Halsschwalbe und Bachstelze (Fr\u00fchling\/Sommer); Brandgans, L\u00f6ffelente, Schwarzhalstaucher und Raubseeschwalbe.<\/p>\n<p>Das ganze Jahr \u00fcber kann man Flamingos, Stelzenl\u00e4ufer, L\u00f6ffler, Gr\u00fcnschenkel und S\u00e4belschn\u00e4bler finden. Kingfisher ist an diesem Ort regelm\u00e4\u00dfig und w\u00e4hrend der Migrationszeiten taucht oft Black Tern auf.<\/p>\n<p>Diese selbstgef\u00fchrte Vogelbeobachtungstour erm\u00f6glicht es Ihnen, sich Zeit zu nehmen und die Aktivit\u00e4ten Ihrer Wahl auszu\u00fcben, vom einfachen Vergn\u00fcgen, V\u00f6gel in ihren nat\u00fcrlichen Lebensr\u00e4umen zu beobachten; Naturfotografie im Allgemeinen und Vogelfotografie im Besonderen; Malerei und Illustration; wissenschaftliche Forschung; die Jagd nach Rarit\u00e4ten (Zucken) etc.<\/p>\n<div id=\"attachment_1961\" style=\"width: 1034px\" class=\"wp-caption alignnone\"><img loading=\"lazy\" decoding=\"async\" aria-describedby=\"caption-attachment-1961\" class=\"wp-image-1961 size-large\" title=\"Gemeiner Rotschenkel\" src=\"https:\/\/legendatours.net\/wp-content\/uploads\/2020\/03\/Common-Redshank-1024x683.jpg\" alt=\"Common Redshank\" width=\"1024\" height=\"683\" \/><p id=\"caption-attachment-1961\" class=\"wp-caption-text\">Rotschenkel \u2013 Foto Peter Dedicoat<\/p><\/div>\n<p>Die Beobachtung und der Kontakt mit der Natur sind ein wahrer Balsam mit unz\u00e4hligen Vorteilen!<\/p>\n<p>Die Routennotizen sind als einfacher, benutzerfreundlicher Feldf\u00fchrer f\u00fcr alle gedacht, die gerne V\u00f6gel in ihrem nat\u00fcrlichen Lebensraum beobachten. Jede Route wird von einer Karte und einer Beschreibung der Anfahrt, der interessantesten Arten, die dort zu finden sind, und verschiedenen Tipps f\u00fcr die beste Art des Besuchs begleitet.<\/p>\n<p>Wir sorgen daf\u00fcr, dass Sie ein unvergessliches Erlebnis haben, ohne zeitaufw\u00e4ndige Suche nach Unterk\u00fcnften, keine Recherche nach den besten Vogelbeobachtungspl\u00e4tzen \u2013 unsere Touren sind vollst\u00e4ndig und vor allem perfekt durchdacht und organisiert! Die Tour ist so konzipiert, dass Sie unabh\u00e4ngig von Ihren F\u00e4higkeiten und Kenntnissen in der Vogelbeobachtung genossen werden k\u00f6nnen.<\/p>\n<div class=\"row\">\n<div class=\"column\" style=\"flex: 45%\">\n<p><iframe loading=\"lazy\" title=\"Castro Marim\" width=\"1080\" height=\"608\" src=\"https:\/\/www.youtube.com\/embed\/sbJjXvbNWho?list=PL_6Umd8jb1qvBUfpmdNirAfZNGPDknjjw\" frameborder=\"0\" allow=\"accelerometer; autoplay; clipboard-write; encrypted-media; gyroscope; picture-in-picture\" allowfullscreen><\/iframe><\/p>\n<\/div>\n<div class=\"column\" style=\"flex: 10%\"><\/div>\n<div class=\"column\" style=\"flex: 45%\">\n<p><iframe loading=\"lazy\" title=\"LPN | Centro de Educa\u00e7\u00e3o Ambiental do Vale Gon\u00e7alinho ea estepe cereal\u00edfera de Castro Verde\" width=\"1080\" height=\"608\" src=\"https:\/\/www.youtube.com\/embed\/FW0VbEbC0cw?feature=oembed\" frameborder=\"0\" allow=\"accelerometer; autoplay; clipboard-write; encrypted-media; gyroscope; picture-in-picture\" allowfullscreen><\/iframe><\/p>\n<\/div>\n<\/div>\n<p><iframe loading=\"lazy\" title=\"LPN | CEAVG - Centro de Educa\u00e7\u00e3o Ambiental do Vale Gon\u00e7alinho_Video Institucional PT\" width=\"1080\" height=\"608\" src=\"https:\/\/www.youtube.com\/embed\/EkOB_oYZ5wQ?feature=oembed\" frameborder=\"0\" allow=\"accelerometer; autoplay; clipboard-write; encrypted-media; gyroscope; picture-in-picture\" allowfullscreen><\/iframe><\/p>","protected":false},"excerpt":{"rendered":"<p>Vogelbeobachtung unter blauem Himmel: Das Gro\u00dftrappen-Abenteuer ist eine selbstfahrende Vogelbeobachtungstour, die von professionellen lokalen Vogelbeobachtern entworfen wurde, um Ihnen dabei zu helfen, so viel wie m\u00f6glich von der Vogelwelt und Flora zu sehen, einschlie\u00dflich der r\u00e4tselhaften Gro\u00dftrappe! Um diese personalisierte Tour in vollen Z\u00fcgen zu genie\u00dfen, werden Sie im Herzen von Monte Gordo untergebracht, mit einfachem Zugang zu einer F\u00fclle von Vogelbeobachtungspl\u00e4tzen, die \u00fcber die Lebensliste eines jeden Vogelbeobachters hinausgehen!<\/p>","protected":false},"featured_media":7661,"comment_status":"closed","ping_status":"closed","template":"","meta":{"_acf_changed":false,"inline_featured_image":false},"product_brand":[],"product_cat":[327,778,301],"product_tag":[147,306,424,425,427,428,429,433,434,436,437,438,439,440,441,442,779,1000,160,313,443,444,445,446,447,449,162,397,450,60,451,452,453,454,455,168,169,456,319,328,780,777,781,322,457,173,465,324,68,177,325,326,458,459],"class_list":{"0":"post-8362","1":"product","2":"type-product","3":"status-publish","4":"has-post-thumbnail","6":"product_cat-self-drive-holidays-portugal","7":"product_cat-portugal-self-guided-birdwatching-holidays","8":"product_cat-self-guided-tours-portugal","9":"product_tag-algarve","10":"product_tag-alleine-reisen","11":"product_tag-best-birding-spots","12":"product_tag-best-of-the-algarvian-bird-life","13":"product_tag-bird-watching-tours","14":"product_tag-bird-watching","15":"product_tag-birding","16":"product_tag-birdwatching","17":"product_tag-birdwatching-algarve","18":"product_tag-black-tailed-godwits","19":"product_tag-black-winged-kite","20":"product_tag-blackheaded-weaver","21":"product_tag-booted-eagles","22":"product_tag-collared-pratincole","23":"product_tag-european-bee-eater","24":"product_tag-ferruginous-duck","25":"product_tag-fly-drive","26":"product_tag-great-bustard","27":"product_tag-holidays","28":"product_tag-individuelle-touren","29":"product_tag-kentish-plover","30":"product_tag-little-bittern","31":"product_tag-little-stints","32":"product_tag-little-tern","33":"product_tag-marsh-harriers","34":"product_tag-nature-observation","35":"product_tag-nature-walks","36":"product_tag-observe-birds","37":"product_tag-penduline-tits","38":"product_tag-portugal","39":"product_tag-purple-heron","40":"product_tag-purple-swamp-hen","41":"product_tag-ramsar","42":"product_tag-red-crested-pochard","43":"product_tag-red-necked-nightjar","44":"product_tag-ria-formosa","45":"product_tag-ria-formosa-natural-park","46":"product_tag-ringed-plovers","47":"product_tag-sejour-en-liberte","48":"product_tag-self-guided","49":"product_tag-self-guided-birdwatching","50":"product_tag-self-guided-holidays","51":"product_tag-self-guided-tours","52":"product_tag-solo-reisen","53":"product_tag-southern-grey-shrikes","54":"product_tag-sunny-winters","55":"product_tag-top-class-birding","56":"product_tag-tours-autoguidees","57":"product_tag-tours-in-portugal","58":"product_tag-vacations","59":"product_tag-voyage-en-liberte","60":"product_tag-voyages-en-autonomie","61":"product_tag-wintering-birds","62":"product_tag-woodchat","64":"first","65":"instock","66":"virtual","67":"product-type-simple"},"acf":[],"yoast_head":"<!-- This site is optimized with the Yoast SEO Premium plugin v26.8 (Yoast SEO v27.5) - https:\/\/yoast.com\/product\/yoast-seo-premium-wordpress\/ -->\n<title>Birding Holidays Under Blue Skyes: The Great Bustard Adventure - Legendary Adventure DMC Portugal<\/title>\n<meta name=\"description\" content=\"A personalised Self-Drive Birdwatching tour with easy access to the region&#039;s best birding spots. Includes a trip to see the enigmatic Great Bustard!\" \/>\n<meta name=\"robots\" content=\"index, follow, max-snippet:-1, max-image-preview:large, max-video-preview:-1\" \/>\n<link rel=\"canonical\" href=\"https:\/\/legendatours.com\/de\/produkt\/birding-under-blue-skyes-the-great-bustard-adventure-fly-drive-3201s\/\" \/>\n<meta property=\"og:locale\" content=\"de_DE\" \/>\n<meta property=\"og:type\" content=\"article\" \/>\n<meta property=\"og:title\" content=\"Birding Holidays Under Blue Skyes: The Great Bustard Adventure\" \/>\n<meta property=\"og:description\" content=\"A personalised Self-Drive Birdwatching tour with easy access to the region&#039;s best birding spots. Includes a trip to see the enigmatic Great Bustard!\" \/>\n<meta property=\"og:url\" content=\"https:\/\/legendatours.com\/de\/produkt\/birding-under-blue-skyes-the-great-bustard-adventure-fly-drive-3201s\/\" \/>\n<meta property=\"og:site_name\" content=\"Legendary Adventure DMC Portugal\" \/>\n<meta property=\"article:publisher\" content=\"https:\/\/www.facebook.com\/legendaryadventuredmc\/\" \/>\n<meta property=\"article:modified_time\" content=\"2025-03-03T17:18:22+00:00\" \/>\n<meta property=\"og:image\" content=\"https:\/\/legendatours.com\/wp-content\/uploads\/sites\/12\/2021\/04\/Great_bustard_birdwatching-e1611676653444.jpg\" \/>\n\t<meta property=\"og:image:width\" content=\"1024\" \/>\n\t<meta property=\"og:image:height\" content=\"672\" \/>\n\t<meta property=\"og:image:type\" content=\"image\/jpeg\" \/>\n<meta name=\"twitter:card\" content=\"summary_large_image\" \/>\n<meta name=\"twitter:label1\" content=\"Gesch\u00e4tzte Lesezeit\" \/>\n\t<meta name=\"twitter:data1\" content=\"4\u00a0Minuten\" \/>\n<script type=\"application\/ld+json\" class=\"yoast-schema-graph\">{\"@context\":\"https:\\\/\\\/schema.org\",\"@graph\":[{\"@type\":\"WebPage\",\"@id\":\"https:\\\/\\\/legendatours.com\\\/product\\\/birding-under-blue-skyes-the-great-bustard-adventure-fly-drive-3201s\\\/\",\"url\":\"https:\\\/\\\/legendatours.com\\\/product\\\/birding-under-blue-skyes-the-great-bustard-adventure-fly-drive-3201s\\\/\",\"name\":\"Birding Holidays Under Blue Skyes: The Great Bustard Adventure - Legendary Adventure DMC Portugal\",\"isPartOf\":{\"@id\":\"https:\\\/\\\/legendatours.com\\\/#website\"},\"primaryImageOfPage\":{\"@id\":\"https:\\\/\\\/legendatours.com\\\/product\\\/birding-under-blue-skyes-the-great-bustard-adventure-fly-drive-3201s\\\/#primaryimage\"},\"image\":{\"@id\":\"https:\\\/\\\/legendatours.com\\\/product\\\/birding-under-blue-skyes-the-great-bustard-adventure-fly-drive-3201s\\\/#primaryimage\"},\"thumbnailUrl\":\"https:\\\/\\\/legendatours.com\\\/wp-content\\\/uploads\\\/sites\\\/12\\\/2021\\\/04\\\/Great_bustard_birdwatching-e1611676653444.jpg\",\"datePublished\":\"2020-03-06T15:03:11+00:00\",\"dateModified\":\"2025-03-03T17:18:22+00:00\",\"description\":\"A personalised Self-Drive Birdwatching tour with easy access to the region's best birding spots. Includes a trip to see the enigmatic Great Bustard!\",\"breadcrumb\":{\"@id\":\"https:\\\/\\\/legendatours.com\\\/product\\\/birding-under-blue-skyes-the-great-bustard-adventure-fly-drive-3201s\\\/#breadcrumb\"},\"inLanguage\":\"de\",\"potentialAction\":[{\"@type\":\"ReadAction\",\"target\":[\"https:\\\/\\\/legendatours.com\\\/product\\\/birding-under-blue-skyes-the-great-bustard-adventure-fly-drive-3201s\\\/\"]}]},{\"@type\":\"ImageObject\",\"inLanguage\":\"de\",\"@id\":\"https:\\\/\\\/legendatours.com\\\/product\\\/birding-under-blue-skyes-the-great-bustard-adventure-fly-drive-3201s\\\/#primaryimage\",\"url\":\"https:\\\/\\\/legendatours.com\\\/wp-content\\\/uploads\\\/sites\\\/12\\\/2021\\\/04\\\/Great_bustard_birdwatching-e1611676653444.jpg\",\"contentUrl\":\"https:\\\/\\\/legendatours.com\\\/wp-content\\\/uploads\\\/sites\\\/12\\\/2021\\\/04\\\/Great_bustard_birdwatching-e1611676653444.jpg\",\"width\":1024,\"height\":672,\"caption\":\"Birdwatching - looking for the Great Bustard\"},{\"@type\":\"BreadcrumbList\",\"@id\":\"https:\\\/\\\/legendatours.com\\\/product\\\/birding-under-blue-skyes-the-great-bustard-adventure-fly-drive-3201s\\\/#breadcrumb\",\"itemListElement\":[{\"@type\":\"ListItem\",\"position\":1,\"name\":\"Home\",\"item\":\"https:\\\/\\\/legendatours.com\\\/\"},{\"@type\":\"ListItem\",\"position\":2,\"name\":\"Shop\",\"item\":\"https:\\\/\\\/legendatours.com\\\/sv\\\/?page_id=4\"},{\"@type\":\"ListItem\",\"position\":3,\"name\":\"Birding Under Blue Skies: The Great Bustard Adventure is a Self-Guided Tour with Car, designed by professional local birders to help you see as much of the avifauna and flora as possible, including the enigmatic Great Bustard! In order to fully enjoy this personalised tour, you\u2019ll be lodged in the heart of Monte Gordo, with easy access to a wealth of bird observation settings, beyond any birder\u2019s life list!\"}]},{\"@type\":\"WebSite\",\"@id\":\"https:\\\/\\\/legendatours.com\\\/#website\",\"url\":\"https:\\\/\\\/legendatours.com\\\/\",\"name\":\"Legendary Adventure DMC Portugal\",\"description\":\"Responsible Walking &amp; Nature Holidays in Portugal\",\"publisher\":{\"@id\":\"https:\\\/\\\/legendatours.com\\\/#organization\"},\"alternateName\":\"Legendary Adventure Portugal\",\"potentialAction\":[{\"@type\":\"SearchAction\",\"target\":{\"@type\":\"EntryPoint\",\"urlTemplate\":\"https:\\\/\\\/legendatours.com\\\/?s={search_term_string}\"},\"query-input\":{\"@type\":\"PropertyValueSpecification\",\"valueRequired\":true,\"valueName\":\"search_term_string\"}}],\"inLanguage\":\"de\"},{\"@type\":\"Organization\",\"@id\":\"https:\\\/\\\/legendatours.com\\\/#organization\",\"name\":\"legendatours.com\",\"url\":\"https:\\\/\\\/legendatours.com\\\/\",\"logo\":{\"@type\":\"ImageObject\",\"inLanguage\":\"de\",\"@id\":\"https:\\\/\\\/legendatours.com\\\/#\\\/schema\\\/logo\\\/image\\\/\",\"url\":\"https:\\\/\\\/legendatours.com\\\/wp-content\\\/uploads\\\/sites\\\/12\\\/2021\\\/06\\\/legendary_adventure_dmc.png\",\"contentUrl\":\"https:\\\/\\\/legendatours.com\\\/wp-content\\\/uploads\\\/sites\\\/12\\\/2021\\\/06\\\/legendary_adventure_dmc.png\",\"width\":250,\"height\":74,\"caption\":\"legendatours.com\"},\"image\":{\"@id\":\"https:\\\/\\\/legendatours.com\\\/#\\\/schema\\\/logo\\\/image\\\/\"},\"sameAs\":[\"https:\\\/\\\/www.facebook.com\\\/legendaryadventuredmc\\\/\",\"https:\\\/\\\/www.linkedin.com\\\/company\\\/legendary-adventure-dmc-portugal\",\"https:\\\/\\\/www.youtube.com\\\/channel\\\/UCOIRDx_KM6ynIcacQkZjb6g\"]}]}<\/script>\n<!-- \/ Yoast SEO Premium plugin. -->","yoast_head_json":{"title":"Vogelbeobachtungsurlaub unter blauem Himmel: Das Gro\u00dftrappen-Abenteuer - Legend\u00e4res Abenteuer DMC Portugal","description":"Eine personalisierte Selbstfahrer-Vogelbeobachtungstour mit einfachem Zugang zu den besten Vogelbeobachtungspl\u00e4tzen der Region. Beinhaltet einen Ausflug zur r\u00e4tselhaften Gro\u00dftrappe!","robots":{"index":"index","follow":"follow","max-snippet":"max-snippet:-1","max-image-preview":"max-image-preview:large","max-video-preview":"max-video-preview:-1"},"canonical":"https:\/\/legendatours.com\/de\/produkt\/birding-under-blue-skyes-the-great-bustard-adventure-fly-drive-3201s\/","og_locale":"de_DE","og_type":"article","og_title":"Birding Holidays Under Blue Skyes: The Great Bustard Adventure","og_description":"A personalised Self-Drive Birdwatching tour with easy access to the region's best birding spots. Includes a trip to see the enigmatic Great Bustard!","og_url":"https:\/\/legendatours.com\/de\/produkt\/birding-under-blue-skyes-the-great-bustard-adventure-fly-drive-3201s\/","og_site_name":"Legendary Adventure DMC Portugal","article_publisher":"https:\/\/www.facebook.com\/legendaryadventuredmc\/","article_modified_time":"2025-03-03T17:18:22+00:00","og_image":[{"width":1024,"height":672,"url":"https:\/\/legendatours.com\/wp-content\/uploads\/sites\/12\/2021\/04\/Great_bustard_birdwatching-e1611676653444.jpg","type":"image\/jpeg"}],"twitter_card":"summary_large_image","twitter_misc":{"Gesch\u00e4tzte Lesezeit":"4\u00a0Minuten"},"schema":{"@context":"https:\/\/schema.org","@graph":[{"@type":"WebPage","@id":"https:\/\/legendatours.com\/product\/birding-under-blue-skyes-the-great-bustard-adventure-fly-drive-3201s\/","url":"https:\/\/legendatours.com\/product\/birding-under-blue-skyes-the-great-bustard-adventure-fly-drive-3201s\/","name":"Vogelbeobachtungsurlaub unter blauem Himmel: Das Gro\u00dftrappen-Abenteuer - Legend\u00e4res Abenteuer DMC Portugal","isPartOf":{"@id":"https:\/\/legendatours.com\/#website"},"primaryImageOfPage":{"@id":"https:\/\/legendatours.com\/product\/birding-under-blue-skyes-the-great-bustard-adventure-fly-drive-3201s\/#primaryimage"},"image":{"@id":"https:\/\/legendatours.com\/product\/birding-under-blue-skyes-the-great-bustard-adventure-fly-drive-3201s\/#primaryimage"},"thumbnailUrl":"https:\/\/legendatours.com\/wp-content\/uploads\/sites\/12\/2021\/04\/Great_bustard_birdwatching-e1611676653444.jpg","datePublished":"2020-03-06T15:03:11+00:00","dateModified":"2025-03-03T17:18:22+00:00","description":"Eine personalisierte Selbstfahrer-Vogelbeobachtungstour mit einfachem Zugang zu den besten Vogelbeobachtungspl\u00e4tzen der Region. Beinhaltet einen Ausflug zur r\u00e4tselhaften Gro\u00dftrappe!","breadcrumb":{"@id":"https:\/\/legendatours.com\/product\/birding-under-blue-skyes-the-great-bustard-adventure-fly-drive-3201s\/#breadcrumb"},"inLanguage":"de","potentialAction":[{"@type":"ReadAction","target":["https:\/\/legendatours.com\/product\/birding-under-blue-skyes-the-great-bustard-adventure-fly-drive-3201s\/"]}]},{"@type":"ImageObject","inLanguage":"de","@id":"https:\/\/legendatours.com\/product\/birding-under-blue-skyes-the-great-bustard-adventure-fly-drive-3201s\/#primaryimage","url":"https:\/\/legendatours.com\/wp-content\/uploads\/sites\/12\/2021\/04\/Great_bustard_birdwatching-e1611676653444.jpg","contentUrl":"https:\/\/legendatours.com\/wp-content\/uploads\/sites\/12\/2021\/04\/Great_bustard_birdwatching-e1611676653444.jpg","width":1024,"height":672,"caption":"Birdwatching - looking for the Great Bustard"},{"@type":"BreadcrumbList","@id":"https:\/\/legendatours.com\/product\/birding-under-blue-skyes-the-great-bustard-adventure-fly-drive-3201s\/#breadcrumb","itemListElement":[{"@type":"ListItem","position":1,"name":"Home","item":"https:\/\/legendatours.com\/"},{"@type":"ListItem","position":2,"name":"Shop","item":"https:\/\/legendatours.com\/sv\/?page_id=4"},{"@type":"ListItem","position":3,"name":"Birding Under Blue Skies: The Great Bustard Adventure is a Self-Guided Tour with Car, designed by professional local birders to help you see as much of the avifauna and flora as possible, including the enigmatic Great Bustard! In order to fully enjoy this personalised tour, you\u2019ll be lodged in the heart of Monte Gordo, with easy access to a wealth of bird observation settings, beyond any birder\u2019s life list!"}]},{"@type":"WebSite","@id":"https:\/\/legendatours.com\/#website","url":"https:\/\/legendatours.com\/","name":"Legend\u00e4res Abenteuer DMC Portugal","description":"Verantwortungsvolles Wandern und Natururlaub in Portugal","publisher":{"@id":"https:\/\/legendatours.com\/#organization"},"alternateName":"Legendary Adventure Portugal","potentialAction":[{"@type":"SearchAction","target":{"@type":"EntryPoint","urlTemplate":"https:\/\/legendatours.com\/?s={search_term_string}"},"query-input":{"@type":"PropertyValueSpecification","valueRequired":true,"valueName":"search_term_string"}}],"inLanguage":"de"},{"@type":"Organization","@id":"https:\/\/legendatours.com\/#organization","name":"legendatours.com","url":"https:\/\/legendatours.com\/","logo":{"@type":"ImageObject","inLanguage":"de","@id":"https:\/\/legendatours.com\/#\/schema\/logo\/image\/","url":"https:\/\/legendatours.com\/wp-content\/uploads\/sites\/12\/2021\/06\/legendary_adventure_dmc.png","contentUrl":"https:\/\/legendatours.com\/wp-content\/uploads\/sites\/12\/2021\/06\/legendary_adventure_dmc.png","width":250,"height":74,"caption":"legendatours.com"},"image":{"@id":"https:\/\/legendatours.com\/#\/schema\/logo\/image\/"},"sameAs":["https:\/\/www.facebook.com\/legendaryadventuredmc\/","https:\/\/www.linkedin.com\/company\/legendary-adventure-dmc-portugal","https:\/\/www.youtube.com\/channel\/UCOIRDx_KM6ynIcacQkZjb6g"]}]}},"_links":{"self":[{"href":"https:\/\/legendatours.com\/de\/wp-json\/wp\/v2\/product\/8362","targetHints":{"allow":["GET"]}}],"collection":[{"href":"https:\/\/legendatours.com\/de\/wp-json\/wp\/v2\/product"}],"about":[{"href":"https:\/\/legendatours.com\/de\/wp-json\/wp\/v2\/types\/product"}],"replies":[{"embeddable":true,"href":"https:\/\/legendatours.com\/de\/wp-json\/wp\/v2\/comments?post=8362"}],"wp:featuredmedia":[{"embeddable":true,"href":"https:\/\/legendatours.com\/de\/wp-json\/wp\/v2\/media\/7661"}],"wp:attachment":[{"href":"https:\/\/legendatours.com\/de\/wp-json\/wp\/v2\/media?parent=8362"}],"wp:term":[{"taxonomy":"product_brand","embeddable":true,"href":"https:\/\/legendatours.com\/de\/wp-json\/wp\/v2\/product_brand?post=8362"},{"taxonomy":"product_cat","embeddable":true,"href":"https:\/\/legendatours.com\/de\/wp-json\/wp\/v2\/product_cat?post=8362"},{"taxonomy":"product_tag","embeddable":true,"href":"https:\/\/legendatours.com\/de\/wp-json\/wp\/v2\/product_tag?post=8362"}],"curies":[{"name":"wp","href":"https:\/\/api.w.org\/{rel}","templated":true}]}}