{"id":8374,"date":"2020-03-06T15:01:29","date_gmt":"2020-03-06T15:01:29","guid":{"rendered":"https:\/\/legendatours.com\/product\/birdwatching-and-wildlife-holidays-in-the-ria-formosa\/"},"modified":"2025-03-03T17:18:40","modified_gmt":"2025-03-03T17:18:40","slug":"birdwatching-and-wildlife-tour-in-the-ria-formosa-fly-drive-3100s","status":"publish","type":"product","link":"https:\/\/legendatours.com\/de\/produkt\/birdwatching-and-wildlife-tour-in-the-ria-formosa-fly-drive-3100s\/","title":{"rendered":"Vogelbeobachtung und Wildtierurlaub in der Ria Formosa"},"content":{"rendered":"<p>Birdwatching and Wildlife Tour in der Ria Formosa ist eine Selbstfahrer-Vogelbeobachtungstour, die von begeisterten lokalen Vogelbeobachtern entworfen wurde.<\/p>\n<p>Die Algarve ist zu Recht ber\u00fchmt f\u00fcr ihre goldenen Str\u00e4nde, Golfpl\u00e4tze und das wundervolle Klima das ganze Jahr \u00fcber und ist auch ein Geheimziel f\u00fcr gro\u00dfartige Vogelbeobachtungen. Zu fast jeder Jahreszeit gibt es etwas Interessantes zu sehen!<\/p>\n<div id=\"attachment_1692\" style=\"width: 1034px\" class=\"wp-caption alignnone\"><img loading=\"lazy\" decoding=\"async\" aria-describedby=\"caption-attachment-1692\" class=\"wp-image-1692 size-large\" title=\"Vogelbeobachtung Algarve Schwarzkopfweber\" src=\"https:\/\/legendatours.net\/wp-content\/uploads\/2020\/05\/Birdwatching-Algarve-Black-headed-Weaver-1024x683.jpg\" alt=\"Birdwatching Algarve Black-headed Weaver\" width=\"1024\" height=\"683\" \/><p id=\"caption-attachment-1692\" class=\"wp-caption-text\">Vogelbeobachtung Algarve Schwarzkopfweber \u2013 Foto Peter Dedicoat<\/p><\/div>\n<p>Ob Sie ein erfahrener Vogelbeobachter oder ein Anf\u00e4nger sind, Vogelbeobachtung ist immer ein Vergn\u00fcgen. Sie sind so faszinierende Gesch\u00f6pfe, und es gibt immer etwas Neues zu entdecken oder zu l\u00e4cheln! Diese Tour ist so konzipiert, dass sie Spa\u00df macht, unabh\u00e4ngig von Ihren F\u00e4higkeiten und Kenntnissen in der Vogelbeobachtung.<\/p>\n<p>Im Zentrum des Naturparks Ria Formosa, einem Komplex aus Salzwasserlagunen und Barriereinseln, mit Wattfl\u00e4chen, Sandb\u00e4nken, D\u00fcnensystemen und Salzwiesen, erstreckt sich die Tour zu einem anderen Feuchtgebiet im Castro Marim Nature Reserve.<\/p>\n<p>Die Ria ist ein besonderes Schutzgebiet im Rahmen der Ramsar-Konvention und von gro\u00dfer Bedeutung f\u00fcr zahlreiche Brut-, \u00dcberwinterungs- und Rastwasservogelarten.<\/p>\n<div id=\"attachment_1694\" style=\"width: 1034px\" class=\"wp-caption alignnone\"><img loading=\"lazy\" decoding=\"async\" aria-describedby=\"caption-attachment-1694\" class=\"wp-image-1694 size-large\" title=\"Vogelbeobachtung Algarve Collared Pratincole\" src=\"https:\/\/legendatours.net\/wp-content\/uploads\/2020\/05\/Birdwatching-Algarve-Collared-Pratincole-1024x683.jpg\" alt=\"Birdwatching Algarve Collared Pratincole\" width=\"1024\" height=\"683\" \/><p id=\"caption-attachment-1694\" class=\"wp-caption-text\"><a href=\"..\/..\/?s=Collared+Pratincole\" target=\"_blank\" rel=\"noopener noreferrer\">Vogelbeobachtung Algarve Collared Pratincole<\/a> \u2013 Foto Peter Dedicoat<\/p><\/div>\n<p>Es ist ein Ort von erstaunlicher Sch\u00f6nheit und nat\u00fcrlichem Interesse, an dem es nicht ungew\u00f6hnlich ist, in nur wenigen Stunden 40 oder mehr Vogelarten zu beobachten. Zur richtigen Jahreszeit k\u00f6nnen Sie Hunderte davon sehen! Unsere ortsans\u00e4ssigen Vogelbeobachter wissen, wo sie nisten und f\u00fcttern und geben Ihnen wertvolle Tipps, um das Beste aus Ihrem Vogelbeobachtungsurlaub zu machen.<\/p>\n<p>Zwischen ganzj\u00e4hrigen Bewohnern und \u00fcberwinternden Arten finden wir Uferschnepfe, Flussregenpfeifer, Zwergtaucher, Zwergdommel, Purpur-Sumpfhenne, Purpurreiher, Tafelente, Halsbandregenpfeifer, Kentish Plover, Europ\u00e4ischer Bienenfresser, Red-necked Nightjar, Woodchat, Southern Grey Shrikes, Little Tern und Rohrweihe. Booted Eagles sind im Winter ein regelm\u00e4\u00dfiger Anblick.<\/p>\n<div id=\"attachment_1698\" style=\"width: 1034px\" class=\"wp-caption alignnone\"><img loading=\"lazy\" decoding=\"async\" aria-describedby=\"caption-attachment-1698\" class=\"wp-image-1698 size-large\" title=\"Vogelbeobachtung Algarve Ria Formosa Rosaflamingo\" src=\"https:\/\/legendatours.net\/wp-content\/uploads\/2020\/05\/Birdwatching-Algarve-Ria-Formosa-Greater-Flamingo-1024x683.jpg\" alt=\"Birdwatching Algarve Ria Formosa Greater Flamingo\" width=\"1024\" height=\"683\" \/><p id=\"caption-attachment-1698\" class=\"wp-caption-text\">Vogelbeobachtung Algarve Ria Formosa Rosaflamingo \u2013 Foto Peter Dedicoat<\/p><\/div>\n<p>Im gr\u00f6\u00dften Schilfgebiet der Algarve k\u00f6nnen Sie in der Saison Eisenenten, Purpurreiher, Schwarzfl\u00fcgeldrachen, Pendelmeisen und Schwarzkopfweber sehen.<\/p>\n<p>Diese selbstgef\u00fchrte Tour enth\u00e4lt einfache und leicht zu verwendende Routenhinweise und Sie k\u00f6nnen sie in Ihrem eigenen Tempo und Willen durchf\u00fchren. Auf jeder Reiseroute finden Sie Karten, Beschreibungen und Hinweise zu den interessantesten Arten mit wertvollen Tipps.<\/p>\n<p>Wir sorgen daf\u00fcr, dass Sie ein unvergessliches Erlebnis haben: Verschwenden Sie keine Zeit mit der Suche nach Unterk\u00fcnften, der Organisation von Transporten oder der Suche nach den besten Vogelbeobachtungspl\u00e4tzen!<\/p>\n<p>Unsere Tour ist komplett, beinhaltet alle notwendigen Dienstleistungen und vor allem ist sie perfekt durchdacht und organisiert!<\/p>\n<div class=\"row\">\n<div class=\"column\" style=\"flex: 45%\">\n<p><iframe loading=\"lazy\" title=\"V\u00f6gel S\u00fcdportugals\" width=\"1080\" height=\"608\" src=\"https:\/\/www.youtube.com\/embed\/q4ezd_AIbYM?feature=oembed\" frameborder=\"0\" allow=\"accelerometer; autoplay; clipboard-write; encrypted-media; gyroscope; picture-in-picture\" allowfullscreen><\/iframe><\/p>\n<\/div>\n<div class=\"column\" style=\"flex: 10%\"><\/div>\n<div class=\"column\" style=\"flex: 45%\">\n<p><iframe loading=\"lazy\" title=\"Castro Marim\" width=\"1080\" height=\"608\" src=\"https:\/\/www.youtube.com\/embed\/sbJjXvbNWho?list=PL_6Umd8jb1qvBUfpmdNirAfZNGPDknjjw\" frameborder=\"0\" allow=\"accelerometer; autoplay; clipboard-write; encrypted-media; gyroscope; picture-in-picture\" allowfullscreen><\/iframe><\/p>\n<\/div>\n<\/div>","protected":false},"excerpt":{"rendered":"<p>Birdwatching and Wildlife Tour in der Ria Formosa ist eine Selbstfahrer-Vogelbeobachtungstour, die von begeisterten lokalen Vogelbeobachtern entworfen wurde. Die Algarve ist zu Recht ber\u00fchmt f\u00fcr ihre goldenen Str\u00e4nde, Golfpl\u00e4tze und das wundervolle Klima das ganze Jahr \u00fcber und ist auch ein Geheimziel f\u00fcr gro\u00dfartige Vogelbeobachtungen. Zu fast jeder Jahreszeit gibt es etwas Interessantes zu sehen!<\/p>","protected":false},"featured_media":8365,"comment_status":"closed","ping_status":"closed","template":"","meta":{"_acf_changed":false,"inline_featured_image":false},"product_brand":[],"product_cat":[327,778,301],"product_tag":[147,306,424,425,428,429,430,432,433,436,437,438,439,440,441,442,779,160,313,443,444,445,446,447,449,162,450,60,451,452,453,454,455,462,168,169,456,319,328,780,777,781,322,457,173,465,324,68,177,325,326,458,459],"class_list":{"0":"post-8374","1":"product","2":"type-product","3":"status-publish","4":"has-post-thumbnail","6":"product_cat-self-drive-holidays-portugal","7":"product_cat-portugal-self-guided-birdwatching-holidays","8":"product_cat-self-guided-tours-portugal","9":"product_tag-algarve","10":"product_tag-alleine-reisen","11":"product_tag-best-birding-spots","12":"product_tag-best-of-the-algarvian-bird-life","13":"product_tag-bird-watching","14":"product_tag-birding","15":"product_tag-birding-algarve","16":"product_tag-birdwatchers-paradise","17":"product_tag-birdwatching","18":"product_tag-black-tailed-godwits","19":"product_tag-black-winged-kite","20":"product_tag-blackheaded-weaver","21":"product_tag-booted-eagles","22":"product_tag-collared-pratincole","23":"product_tag-european-bee-eater","24":"product_tag-ferruginous-duck","25":"product_tag-fly-drive","26":"product_tag-holidays","27":"product_tag-individuelle-touren","28":"product_tag-kentish-plover","29":"product_tag-little-bittern","30":"product_tag-little-stints","31":"product_tag-little-tern","32":"product_tag-marsh-harriers","33":"product_tag-nature-observation","34":"product_tag-nature-walks","35":"product_tag-penduline-tits","36":"product_tag-portugal","37":"product_tag-purple-heron","38":"product_tag-purple-swamp-hen","39":"product_tag-ramsar","40":"product_tag-red-crested-pochard","41":"product_tag-red-necked-nightjar","42":"product_tag-resident-and-migrant-birds","43":"product_tag-ria-formosa","44":"product_tag-ria-formosa-natural-park","45":"product_tag-ringed-plovers","46":"product_tag-sejour-en-liberte","47":"product_tag-self-guided","48":"product_tag-self-guided-birdwatching","49":"product_tag-self-guided-holidays","50":"product_tag-self-guided-tours","51":"product_tag-solo-reisen","52":"product_tag-southern-grey-shrikes","53":"product_tag-sunny-winters","54":"product_tag-top-class-birding","55":"product_tag-tours-autoguidees","56":"product_tag-tours-in-portugal","57":"product_tag-vacations","58":"product_tag-voyage-en-liberte","59":"product_tag-voyages-en-autonomie","60":"product_tag-wintering-birds","61":"product_tag-woodchat","63":"first","64":"instock","65":"virtual","66":"product-type-simple"},"acf":[],"yoast_head":"<!-- This site is optimized with the Yoast SEO Premium plugin v26.8 (Yoast SEO v27.5) - https:\/\/yoast.com\/product\/yoast-seo-premium-wordpress\/ -->\n<title>Birdwatching and Wildlife Holidays in the Ria Formosa - Legendary Adventure DMC Portugal<\/title>\n<meta name=\"description\" content=\"An enjoyable Birdwatching Tour, no matter your level of birding ability and expertise. Focus on the Ria Formosa Park and in the Castro Marim Nature Reserve.\" \/>\n<meta name=\"robots\" content=\"index, follow, max-snippet:-1, max-image-preview:large, max-video-preview:-1\" \/>\n<link rel=\"canonical\" href=\"https:\/\/legendatours.com\/de\/produkt\/birdwatching-and-wildlife-tour-in-the-ria-formosa-fly-drive-3100s\/\" \/>\n<meta property=\"og:locale\" content=\"de_DE\" \/>\n<meta property=\"og:type\" content=\"article\" \/>\n<meta property=\"og:title\" content=\"Birdwatching and Wildlife Holidays in the Ria Formosa\" \/>\n<meta property=\"og:description\" content=\"An enjoyable Birdwatching Tour, no matter your level of birding ability and expertise. Focus on the Ria Formosa Park and in the Castro Marim Nature Reserve.\" \/>\n<meta property=\"og:url\" content=\"https:\/\/legendatours.com\/de\/produkt\/birdwatching-and-wildlife-tour-in-the-ria-formosa-fly-drive-3100s\/\" \/>\n<meta property=\"og:site_name\" content=\"Legendary Adventure DMC Portugal\" \/>\n<meta property=\"article:publisher\" content=\"https:\/\/www.facebook.com\/legendaryadventuredmc\/\" \/>\n<meta property=\"article:modified_time\" content=\"2025-03-03T17:18:40+00:00\" \/>\n<meta property=\"og:image\" content=\"https:\/\/legendatours.com\/wp-content\/uploads\/sites\/12\/2021\/04\/Birdwatching-Ria-Formosa-e1611672355742.jpg\" \/>\n\t<meta property=\"og:image:width\" content=\"1024\" \/>\n\t<meta property=\"og:image:height\" content=\"683\" \/>\n\t<meta property=\"og:image:type\" content=\"image\/jpeg\" \/>\n<meta name=\"twitter:card\" content=\"summary_large_image\" \/>\n<meta name=\"twitter:label1\" content=\"Gesch\u00e4tzte Lesezeit\" \/>\n\t<meta name=\"twitter:data1\" content=\"2\u00a0Minuten\" \/>\n<script type=\"application\/ld+json\" class=\"yoast-schema-graph\">{\"@context\":\"https:\\\/\\\/schema.org\",\"@graph\":[{\"@type\":\"WebPage\",\"@id\":\"https:\\\/\\\/legendatours.com\\\/product\\\/birdwatching-and-wildlife-tour-in-the-ria-formosa-fly-drive-3100s\\\/\",\"url\":\"https:\\\/\\\/legendatours.com\\\/product\\\/birdwatching-and-wildlife-tour-in-the-ria-formosa-fly-drive-3100s\\\/\",\"name\":\"Birdwatching and Wildlife Holidays in the Ria Formosa - Legendary Adventure DMC Portugal\",\"isPartOf\":{\"@id\":\"https:\\\/\\\/legendatours.com\\\/#website\"},\"primaryImageOfPage\":{\"@id\":\"https:\\\/\\\/legendatours.com\\\/product\\\/birdwatching-and-wildlife-tour-in-the-ria-formosa-fly-drive-3100s\\\/#primaryimage\"},\"image\":{\"@id\":\"https:\\\/\\\/legendatours.com\\\/product\\\/birdwatching-and-wildlife-tour-in-the-ria-formosa-fly-drive-3100s\\\/#primaryimage\"},\"thumbnailUrl\":\"https:\\\/\\\/legendatours.com\\\/wp-content\\\/uploads\\\/sites\\\/12\\\/2021\\\/04\\\/Birdwatching-Ria-Formosa-e1611672355742.jpg\",\"datePublished\":\"2020-03-06T15:01:29+00:00\",\"dateModified\":\"2025-03-03T17:18:40+00:00\",\"description\":\"An enjoyable Birdwatching Tour, no matter your level of birding ability and expertise. Focus on the Ria Formosa Park and in the Castro Marim Nature Reserve.\",\"breadcrumb\":{\"@id\":\"https:\\\/\\\/legendatours.com\\\/product\\\/birdwatching-and-wildlife-tour-in-the-ria-formosa-fly-drive-3100s\\\/#breadcrumb\"},\"inLanguage\":\"de\",\"potentialAction\":[{\"@type\":\"ReadAction\",\"target\":[\"https:\\\/\\\/legendatours.com\\\/product\\\/birdwatching-and-wildlife-tour-in-the-ria-formosa-fly-drive-3100s\\\/\"]}]},{\"@type\":\"ImageObject\",\"inLanguage\":\"de\",\"@id\":\"https:\\\/\\\/legendatours.com\\\/product\\\/birdwatching-and-wildlife-tour-in-the-ria-formosa-fly-drive-3100s\\\/#primaryimage\",\"url\":\"https:\\\/\\\/legendatours.com\\\/wp-content\\\/uploads\\\/sites\\\/12\\\/2021\\\/04\\\/Birdwatching-Ria-Formosa-e1611672355742.jpg\",\"contentUrl\":\"https:\\\/\\\/legendatours.com\\\/wp-content\\\/uploads\\\/sites\\\/12\\\/2021\\\/04\\\/Birdwatching-Ria-Formosa-e1611672355742.jpg\",\"width\":1024,\"height\":683,\"caption\":\"Birdwatching Ria Formosa\"},{\"@type\":\"BreadcrumbList\",\"@id\":\"https:\\\/\\\/legendatours.com\\\/product\\\/birdwatching-and-wildlife-tour-in-the-ria-formosa-fly-drive-3100s\\\/#breadcrumb\",\"itemListElement\":[{\"@type\":\"ListItem\",\"position\":1,\"name\":\"Home\",\"item\":\"https:\\\/\\\/legendatours.com\\\/\"},{\"@type\":\"ListItem\",\"position\":2,\"name\":\"Shop\",\"item\":\"https:\\\/\\\/legendatours.com\\\/sv\\\/?page_id=4\"},{\"@type\":\"ListItem\",\"position\":3,\"name\":\"Birdwatching and Wildlife Tour in the Ria Formosa is a Self-Guided Tour with Car designed by keen local birders. Rightly famed for its golden beaches, golf courses, and wonderful year-round climate, the Algarve is also a secret destination for great birding. At almost any time of the year, there is something of interest to see!\"}]},{\"@type\":\"WebSite\",\"@id\":\"https:\\\/\\\/legendatours.com\\\/#website\",\"url\":\"https:\\\/\\\/legendatours.com\\\/\",\"name\":\"Legendary Adventure DMC Portugal\",\"description\":\"Responsible Walking &amp; Nature Holidays in Portugal\",\"publisher\":{\"@id\":\"https:\\\/\\\/legendatours.com\\\/#organization\"},\"alternateName\":\"Legendary Adventure Portugal\",\"potentialAction\":[{\"@type\":\"SearchAction\",\"target\":{\"@type\":\"EntryPoint\",\"urlTemplate\":\"https:\\\/\\\/legendatours.com\\\/?s={search_term_string}\"},\"query-input\":{\"@type\":\"PropertyValueSpecification\",\"valueRequired\":true,\"valueName\":\"search_term_string\"}}],\"inLanguage\":\"de\"},{\"@type\":\"Organization\",\"@id\":\"https:\\\/\\\/legendatours.com\\\/#organization\",\"name\":\"legendatours.com\",\"url\":\"https:\\\/\\\/legendatours.com\\\/\",\"logo\":{\"@type\":\"ImageObject\",\"inLanguage\":\"de\",\"@id\":\"https:\\\/\\\/legendatours.com\\\/#\\\/schema\\\/logo\\\/image\\\/\",\"url\":\"https:\\\/\\\/legendatours.com\\\/wp-content\\\/uploads\\\/sites\\\/12\\\/2021\\\/06\\\/legendary_adventure_dmc.png\",\"contentUrl\":\"https:\\\/\\\/legendatours.com\\\/wp-content\\\/uploads\\\/sites\\\/12\\\/2021\\\/06\\\/legendary_adventure_dmc.png\",\"width\":250,\"height\":74,\"caption\":\"legendatours.com\"},\"image\":{\"@id\":\"https:\\\/\\\/legendatours.com\\\/#\\\/schema\\\/logo\\\/image\\\/\"},\"sameAs\":[\"https:\\\/\\\/www.facebook.com\\\/legendaryadventuredmc\\\/\",\"https:\\\/\\\/www.linkedin.com\\\/company\\\/legendary-adventure-dmc-portugal\",\"https:\\\/\\\/www.youtube.com\\\/channel\\\/UCOIRDx_KM6ynIcacQkZjb6g\"]}]}<\/script>\n<!-- \/ Yoast SEO Premium plugin. -->","yoast_head_json":{"title":"Vogelbeobachtung und Wildtierurlaub in der Ria Formosa - Legendary Adventure DMC Portugal","description":"Eine unterhaltsame Vogelbeobachtungstour, unabh\u00e4ngig von Ihren F\u00e4higkeiten und Kenntnissen in der Vogelbeobachtung. Konzentrieren Sie sich auf den Ria Formosa Park und das Castro Marim Nature Reserve.","robots":{"index":"index","follow":"follow","max-snippet":"max-snippet:-1","max-image-preview":"max-image-preview:large","max-video-preview":"max-video-preview:-1"},"canonical":"https:\/\/legendatours.com\/de\/produkt\/birdwatching-and-wildlife-tour-in-the-ria-formosa-fly-drive-3100s\/","og_locale":"de_DE","og_type":"article","og_title":"Birdwatching and Wildlife Holidays in the Ria Formosa","og_description":"An enjoyable Birdwatching Tour, no matter your level of birding ability and expertise. Focus on the Ria Formosa Park and in the Castro Marim Nature Reserve.","og_url":"https:\/\/legendatours.com\/de\/produkt\/birdwatching-and-wildlife-tour-in-the-ria-formosa-fly-drive-3100s\/","og_site_name":"Legendary Adventure DMC Portugal","article_publisher":"https:\/\/www.facebook.com\/legendaryadventuredmc\/","article_modified_time":"2025-03-03T17:18:40+00:00","og_image":[{"width":1024,"height":683,"url":"https:\/\/legendatours.com\/wp-content\/uploads\/sites\/12\/2021\/04\/Birdwatching-Ria-Formosa-e1611672355742.jpg","type":"image\/jpeg"}],"twitter_card":"summary_large_image","twitter_misc":{"Gesch\u00e4tzte Lesezeit":"2\u00a0Minuten"},"schema":{"@context":"https:\/\/schema.org","@graph":[{"@type":"WebPage","@id":"https:\/\/legendatours.com\/product\/birdwatching-and-wildlife-tour-in-the-ria-formosa-fly-drive-3100s\/","url":"https:\/\/legendatours.com\/product\/birdwatching-and-wildlife-tour-in-the-ria-formosa-fly-drive-3100s\/","name":"Vogelbeobachtung und Wildtierurlaub in der Ria Formosa - Legendary Adventure DMC Portugal","isPartOf":{"@id":"https:\/\/legendatours.com\/#website"},"primaryImageOfPage":{"@id":"https:\/\/legendatours.com\/product\/birdwatching-and-wildlife-tour-in-the-ria-formosa-fly-drive-3100s\/#primaryimage"},"image":{"@id":"https:\/\/legendatours.com\/product\/birdwatching-and-wildlife-tour-in-the-ria-formosa-fly-drive-3100s\/#primaryimage"},"thumbnailUrl":"https:\/\/legendatours.com\/wp-content\/uploads\/sites\/12\/2021\/04\/Birdwatching-Ria-Formosa-e1611672355742.jpg","datePublished":"2020-03-06T15:01:29+00:00","dateModified":"2025-03-03T17:18:40+00:00","description":"Eine unterhaltsame Vogelbeobachtungstour, unabh\u00e4ngig von Ihren F\u00e4higkeiten und Kenntnissen in der Vogelbeobachtung. Konzentrieren Sie sich auf den Ria Formosa Park und das Castro Marim Nature Reserve.","breadcrumb":{"@id":"https:\/\/legendatours.com\/product\/birdwatching-and-wildlife-tour-in-the-ria-formosa-fly-drive-3100s\/#breadcrumb"},"inLanguage":"de","potentialAction":[{"@type":"ReadAction","target":["https:\/\/legendatours.com\/product\/birdwatching-and-wildlife-tour-in-the-ria-formosa-fly-drive-3100s\/"]}]},{"@type":"ImageObject","inLanguage":"de","@id":"https:\/\/legendatours.com\/product\/birdwatching-and-wildlife-tour-in-the-ria-formosa-fly-drive-3100s\/#primaryimage","url":"https:\/\/legendatours.com\/wp-content\/uploads\/sites\/12\/2021\/04\/Birdwatching-Ria-Formosa-e1611672355742.jpg","contentUrl":"https:\/\/legendatours.com\/wp-content\/uploads\/sites\/12\/2021\/04\/Birdwatching-Ria-Formosa-e1611672355742.jpg","width":1024,"height":683,"caption":"Birdwatching Ria Formosa"},{"@type":"BreadcrumbList","@id":"https:\/\/legendatours.com\/product\/birdwatching-and-wildlife-tour-in-the-ria-formosa-fly-drive-3100s\/#breadcrumb","itemListElement":[{"@type":"ListItem","position":1,"name":"Home","item":"https:\/\/legendatours.com\/"},{"@type":"ListItem","position":2,"name":"Shop","item":"https:\/\/legendatours.com\/sv\/?page_id=4"},{"@type":"ListItem","position":3,"name":"Birdwatching and Wildlife Tour in the Ria Formosa is a Self-Guided Tour with Car designed by keen local birders. Rightly famed for its golden beaches, golf courses, and wonderful year-round climate, the Algarve is also a secret destination for great birding. At almost any time of the year, there is something of interest to see!"}]},{"@type":"WebSite","@id":"https:\/\/legendatours.com\/#website","url":"https:\/\/legendatours.com\/","name":"Legend\u00e4res Abenteuer DMC Portugal","description":"Verantwortungsvolles Wandern und Natururlaub in Portugal","publisher":{"@id":"https:\/\/legendatours.com\/#organization"},"alternateName":"Legendary Adventure Portugal","potentialAction":[{"@type":"SearchAction","target":{"@type":"EntryPoint","urlTemplate":"https:\/\/legendatours.com\/?s={search_term_string}"},"query-input":{"@type":"PropertyValueSpecification","valueRequired":true,"valueName":"search_term_string"}}],"inLanguage":"de"},{"@type":"Organization","@id":"https:\/\/legendatours.com\/#organization","name":"legendatours.com","url":"https:\/\/legendatours.com\/","logo":{"@type":"ImageObject","inLanguage":"de","@id":"https:\/\/legendatours.com\/#\/schema\/logo\/image\/","url":"https:\/\/legendatours.com\/wp-content\/uploads\/sites\/12\/2021\/06\/legendary_adventure_dmc.png","contentUrl":"https:\/\/legendatours.com\/wp-content\/uploads\/sites\/12\/2021\/06\/legendary_adventure_dmc.png","width":250,"height":74,"caption":"legendatours.com"},"image":{"@id":"https:\/\/legendatours.com\/#\/schema\/logo\/image\/"},"sameAs":["https:\/\/www.facebook.com\/legendaryadventuredmc\/","https:\/\/www.linkedin.com\/company\/legendary-adventure-dmc-portugal","https:\/\/www.youtube.com\/channel\/UCOIRDx_KM6ynIcacQkZjb6g"]}]}},"_links":{"self":[{"href":"https:\/\/legendatours.com\/de\/wp-json\/wp\/v2\/product\/8374","targetHints":{"allow":["GET"]}}],"collection":[{"href":"https:\/\/legendatours.com\/de\/wp-json\/wp\/v2\/product"}],"about":[{"href":"https:\/\/legendatours.com\/de\/wp-json\/wp\/v2\/types\/product"}],"replies":[{"embeddable":true,"href":"https:\/\/legendatours.com\/de\/wp-json\/wp\/v2\/comments?post=8374"}],"wp:featuredmedia":[{"embeddable":true,"href":"https:\/\/legendatours.com\/de\/wp-json\/wp\/v2\/media\/8365"}],"wp:attachment":[{"href":"https:\/\/legendatours.com\/de\/wp-json\/wp\/v2\/media?parent=8374"}],"wp:term":[{"taxonomy":"product_brand","embeddable":true,"href":"https:\/\/legendatours.com\/de\/wp-json\/wp\/v2\/product_brand?post=8374"},{"taxonomy":"product_cat","embeddable":true,"href":"https:\/\/legendatours.com\/de\/wp-json\/wp\/v2\/product_cat?post=8374"},{"taxonomy":"product_tag","embeddable":true,"href":"https:\/\/legendatours.com\/de\/wp-json\/wp\/v2\/product_tag?post=8374"}],"curies":[{"name":"wp","href":"https:\/\/api.w.org\/{rel}","templated":true}]}}