{"id":8379,"date":"2020-03-06T14:28:07","date_gmt":"2020-03-06T14:28:07","guid":{"rendered":"https:\/\/legendatours.com\/product\/the-ultimate-coastal-algarve-walk\/"},"modified":"2022-01-02T22:41:50","modified_gmt":"2022-01-02T22:41:50","slug":"ultimate-coastal-algarve-walk-1800s","status":"publish","type":"product","link":"https:\/\/legendatours.com\/de\/produkt\/ultimate-coastal-algarve-walk-1800s\/","title":{"rendered":"Der ultimative K\u00fcstenwanderweg an der Algarve"},"content":{"rendered":"<p>Der ultimative K\u00fcstenalgarve-Spaziergang: Von Ost nach West durch atemberaubende Landschaften ist eine selbstgef\u00fchrte Wanderung in einigen der spektakul\u00e4rsten K\u00fcstenszenarien der Algarve. Sie werden sehen, dass es immer noch Orte mit mehr Flamingos als Touristen gibt und wo jahrhundertealte Traditionen Teil des t\u00e4glichen Lebens sind. Tavira, Portim\u00e3o und Lagos sind die Zentren unserer fantastischen Wander- und Sightseeing-Tour.<\/p>\n<p>An der ruhigen K\u00fcste der Ostalgarve k\u00f6nnen sich abgelegene Str\u00e4nde \u00fcber viele Kilometer erstrecken, ohne dass jemand in Sicht ist, und das Naturschutzgebiet Ria Formosa wimmelt von V\u00f6geln und Meereslebewesen; Die touristische Aktivit\u00e4t ist zweitrangig gegen\u00fcber der Tierwelt und der Arbeit der Fischer und Muschelz\u00fcchter.<\/p>\n<div id=\"attachment_1966\" style=\"width: 1034px\" class=\"wp-caption alignnone\"><img loading=\"lazy\" decoding=\"async\" aria-describedby=\"caption-attachment-1966\" class=\"wp-image-1966 size-large\" title=\"Passadicos, Spaziergang in Alvor\" src=\"https:\/\/legendatours.net\/wp-content\/uploads\/2020\/03\/passadicos_alvor-1024x657.jpg\" alt=\"Passadicos, walk in Alvor\" width=\"1024\" height=\"657\" \/><p id=\"caption-attachment-1966\" class=\"wp-caption-text\">Passadicos, begehbares Alvor, ein fantastischer K\u00fcstenspaziergang, der die Herrlichkeit in sich aufnimmt<a href=\"..\/..\/?s=sandy+beaches\" target=\"_blank\" rel=\"noopener\"> sandige Str\u00e4nde<\/a> und dramatische Landzungen zwischen Alvor und Portim\u00e3o<\/p><\/div>\n<p>Die erste Basis der Tour ist Tavira an der Ostalgarve. Die Stadt verbindet charmante Kopfsteinpflasterstra\u00dfen, die von bl\u00fchenden Balkonen ges\u00e4umt sind, mit der Fischereit\u00e4tigkeit am Flussufer. Sein Schloss, die zahlreichen wei\u00df get\u00fcnchten Kirchen und die eleganten Herrenh\u00e4user sorgen f\u00fcr kulturelles Interesse, w\u00e4hrend der acht Meilen lange Strand \u00fcber den Salzwiesen des Naturparks Ria Formosa ein entspannendes und reichhaltiges Szenario schafft, das mit farbenfrohen traditionellen Fischerbooten \u00fcbers\u00e4t ist.<\/p>\n<p>Die K\u00fcste der Westalgarve gibt sich der Kraft des Atlantischen Ozeans hin. Mehr bev\u00f6lkert als am anderen Ende, wird die Landschaft hier von Pfaden auf Klippen, vulkanischen H\u00fcgeln und dramatischen Kalksteinfelsen gepr\u00e4gt. Diese Vielfalt wird durch die lokale Flora und Fauna erg\u00e4nzt, die in den milden, sonnigen Wintern und langen, hei\u00dfen Sommern gedeiht.<\/p>\n<div id=\"attachment_1955\" style=\"width: 1034px\" class=\"wp-caption alignnone\"><img loading=\"lazy\" decoding=\"async\" aria-describedby=\"caption-attachment-1955\" class=\"wp-image-1955 size-large\" src=\"https:\/\/legendatours.net\/wp-content\/uploads\/2020\/03\/Whitewashed_walls_west_Algarve_village-1-1024x683.jpg\" alt=\"Whitewashed walls west Algarve village\" width=\"1024\" height=\"683\" \/><p id=\"caption-attachment-1955\" class=\"wp-caption-text\">Wei\u00df get\u00fcnchte W\u00e4nde im Dorf der Westalgarve. Das malerische Dorf von<a href=\"..\/..\/?s=Ferragudo\" target=\"_blank\" rel=\"noopener\"> Ferragudo<\/a>, ein hervorragendes Beispiel f\u00fcr ein typisches Fischerdorf, mit einer Reihe von bunten Fischerbooten und wei\u00df get\u00fcnchten H\u00e4usern, die in k\u00fchlem Blau ges\u00e4umt sind.<\/p><\/div>\n<p>Portim\u00e3o, am Ufer des Flusses Arade, ist der erste St\u00fctzpunkt an der Westalgarve. Traditionell ein Zentrum f\u00fcr Sardinenfischerei und -verarbeitung, haben sich die alten und einst gesch\u00e4ftigen Fischerdocks der Stadt heute auf bemerkenswerte Weise in eine malerische Promenade verwandelt, die zu den malerischen und von B\u00e4umen ges\u00e4umten Pl\u00e4tzen der Altstadt f\u00fchrt. Angenehme Fu\u00dfg\u00e4nger-Einkaufsstra\u00dfen s\u00e4umen das Gebiet mit einer Reihe historischer Geb\u00e4ude und einer verlockenden Auswahl an Caf\u00e9s, Bars und Restaurants.<\/p>\n<p>Anschlie\u00dfend fahren Sie nach Lagos, einer Stadt, die schon fr\u00fch das Tor zum Mittelmeer war. Von seiner weiten Bucht, die von den feinen Sandstr\u00e4nden von Meia Praia umgeben ist, brach Gil Eanes auf, um als erster Cape Bojador zu umrunden; Hier versteckten sich Freibeuter wie Sir Francis Drake, und hier liefen Galeonen voller Gold und Edelsteine aus Amerika oder Gew\u00fcrzen aus Indien in den Hafen ein.<\/p>\n<p>Der Abschnitt der Mauer, der an die Uferpromenade grenzt, ist wundersch\u00f6n und in der Altstadt finden Sie Gesch\u00e4fte, Restaurants, jede Menge Geschichte und Kultur. Last but not least lebt Lagos nachts mit Stra\u00dfenk\u00fcnstlern und Bars f\u00fcr jeden Geschmack mit Live-Musik auf.<\/p>\n<div id=\"attachment_1855\" style=\"width: 1034px\" class=\"wp-caption alignnone\"><img loading=\"lazy\" decoding=\"async\" aria-describedby=\"caption-attachment-1855\" class=\"wp-image-1855 size-large\" title=\"Attraktive Stadt am Wasser von Lagos, die eine wichtige r\u00f6mische Siedlung war\" src=\"https:\/\/legendatours.net\/wp-content\/uploads\/2020\/03\/Lagos-waterfront-2-1024x686.jpg\" alt=\"Lagos waterfront attractive town that was an important Roman settlement\" width=\"1024\" height=\"686\" \/><p id=\"caption-attachment-1855\" class=\"wp-caption-text\">Attraktive Stadt am Wasser von Lagos, die eine wichtige r\u00f6mische Siedlung war<\/p><\/div>\n<p>Zu welchem Teil der K\u00fcstenalgarve Ihre Wanderpfade Sie auch f\u00fchren, Sie werden einladende, freundliche Menschen, ausgezeichnete lokale Weine und k\u00f6stliches Essen finden, vom frisch gefangenen des Tages bis hin zu regionalen Gerichten voller Geschmack.<\/p>\n<p>Um die K\u00fcstenalgarve von ihrer besten Seite zu sehen, genie\u00dfen Sie unsere ausgesuchten Wanderungen, denn sie vereinen alle Zutaten f\u00fcr einen perfekten Wanderurlaub.<\/p>\n<p>Unsere selbstgef\u00fchrten Wanderungen sind sorgf\u00e4ltig konzipiert und enthalten alle Informationen, die Sie ben\u00f6tigen, von detaillierten Karten und Routenhinweisen bis hin zu einer 24-Stunden-Hotline. Die Unterkunft, Flughafentransfers und Transporte sind im Wanderprogramm enthalten.<\/p>\n<p>&nbsp;<\/p>\n<div class=\"row\" style=\"display: flex;\">\n<div class=\"column\" style=\"flex: 45%;\"><\/div>\n<div class=\"column\" style=\"flex: 10%;\"><\/div>\n<div class=\"column\" style=\"flex: 45%;\"><\/div>\n<\/div>","protected":false},"excerpt":{"rendered":"<p>Der ultimative K\u00fcstenalgarve-Spaziergang: Von Ost nach West durch atemberaubende Landschaften ist eine selbstgef\u00fchrte Wanderung in einigen der spektakul\u00e4rsten K\u00fcstenszenarien der Algarve. Sie werden sehen, dass es immer noch Orte mit mehr Flamingos als Touristen gibt und wo jahrhundertealte Traditionen Teil des t\u00e4glichen Lebens sind. Tavira, Portim\u00e3o und Lagos sind die Zentren unserer fantastischen Wander- und Sightseeing-Tour.<\/p>","protected":false},"featured_media":8375,"comment_status":"closed","ping_status":"closed","template":"","meta":{"_acf_changed":false,"inline_featured_image":false},"product_brand":[],"product_cat":[301,856],"product_tag":[468,147,943,632,306,1011,76,997,427,434,435,680,34,681,388,214,337,38,154,1012,155,1013,268,1014,877,1015,613,682,156,192,404,160,758,313,759,760,761,762,270,683,138,492,1016,100,101,162,56,609,106,640,60,341,1017,1018,1019,1020,167,764,765,766,767,768,168,169,1021,973,642,1022,319,1023,862,1024,228,951,1025,322,770,1026,1027,1028,174,1029,1030,1031,1032,1033,1034,324,68,1035,1036,400,481,285,771,684,685,177,721,1037,1038,325,772,326,121,112,122,421,645,1039,546,145],"class_list":{"0":"post-8379","1":"product","2":"type-product","3":"status-publish","4":"has-post-thumbnail","6":"product_cat-self-guided-tours-portugal","7":"product_cat-self-guided-walking-holidays","8":"product_tag-activities-algarve","9":"product_tag-algarve","10":"product_tag-algarve-sightseeing-tours","11":"product_tag-algarve-way","12":"product_tag-alleine-reisen","13":"product_tag-azores","14":"product_tag-beaches","15":"product_tag-bird-watching-holidays","16":"product_tag-bird-watching-tours","17":"product_tag-birdwatching-algarve","18":"product_tag-birdwatching-portugal","19":"product_tag-cape-st-vincent-day-tours","20":"product_tag-caves","21":"product_tag-cliffs","22":"product_tag-coastal-east-algarve","23":"product_tag-culture","24":"product_tag-delicious-food","25":"product_tag-douro","26":"product_tag-east-algarve","27":"product_tag-east-to-west","28":"product_tag-europe","29":"product_tag-excursions","30":"product_tag-faro","31":"product_tag-fishermen","32":"product_tag-flamingos","33":"product_tag-food-wine-tours","34":"product_tag-gastronomy-holidays","35":"product_tag-grottoes","36":"product_tag-hiking","37":"product_tag-historic-buildings","38":"product_tag-holiday-activities-walking-guides","39":"product_tag-holidays","40":"product_tag-individual-hiking","41":"product_tag-individuelle-touren","42":"product_tag-individuelle-trekkingreisen","43":"product_tag-individuelle-wandern","44":"product_tag-individuelle-wanderreisen","45":"product_tag-individuelle-wandertouren","46":"product_tag-lagos","47":"product_tag-limestone-rocks","48":"product_tag-lisbon","49":"product_tag-madeira","50":"product_tag-meia-praia","51":"product_tag-nature-holidays","52":"product_tag-nature-tour","53":"product_tag-nature-walks","54":"product_tag-oporto","55":"product_tag-perfect-walking-holiday","56":"product_tag-picturesque-landscapes","57":"product_tag-portimao","58":"product_tag-portugal","59":"product_tag-portugal-great-food-and-wine","60":"product_tag-portugal-tours","61":"product_tag-private-excursions","62":"product_tag-private-tours","63":"product_tag-private-tours-algarve","64":"product_tag-rambling","65":"product_tag-rando-autoguidee","66":"product_tag-rando-liberte","67":"product_tag-randonnee-autoguidee","68":"product_tag-randonnee-en-liberte","69":"product_tag-randonnee-liberte","70":"product_tag-ria-formosa","71":"product_tag-ria-formosa-natural-park","72":"product_tag-ria-formosa-nature-reserve","73":"product_tag-river-arade","74":"product_tag-sagres","75":"product_tag-sardine-fishing","76":"product_tag-sejour-en-liberte","77":"product_tag-self-guided-walking","78":"product_tag-self-guided-walking-holidays","79":"product_tag-self-guided-walking-tours","80":"product_tag-sightseeing","81":"product_tag-sightseeing-tours","82":"product_tag-sir-francis-drake","83":"product_tag-solo-reisen","84":"product_tag-solo-wandern","85":"product_tag-special-interest","86":"product_tag-spectacular-coastal-scenarios","87":"product_tag-summer-breaks","88":"product_tag-tavira","89":"product_tag-tour","90":"product_tag-tour-algarve","91":"product_tag-tour-of-algarve","92":"product_tag-tour-of-the-algarve","93":"product_tag-tours","94":"product_tag-tours-algarve","95":"product_tag-tours-autoguidees","96":"product_tag-tours-in-portugal","97":"product_tag-tours-portugal","98":"product_tag-tours-town","99":"product_tag-traditional-fishing-boats","100":"product_tag-travel-algarve","101":"product_tag-travel-train-tour-in-portugal","102":"product_tag-trek-en-liberte","103":"product_tag-trek-solo","104":"product_tag-trekking-solo","105":"product_tag-vacations","106":"product_tag-via-algarviana","107":"product_tag-vicentina","108":"product_tag-visit-algarve","109":"product_tag-voyage-en-liberte","110":"product_tag-voyages-a-pied-en-liberte","111":"product_tag-voyages-en-autonomie","112":"product_tag-walking","113":"product_tag-walking-holidays","114":"product_tag-walking-tours","115":"product_tag-walking-trails","116":"product_tag-west-algarve","117":"product_tag-west-algarve-coast","118":"product_tag-wildlife","119":"product_tag-wines","121":"first","122":"instock","123":"virtual","124":"product-type-simple"},"acf":[],"yoast_head":"<!-- This site is optimized with the Yoast SEO Premium plugin v26.8 (Yoast SEO v27.3) - https:\/\/yoast.com\/product\/yoast-seo-premium-wordpress\/ -->\n<title>The Ultimate Coastal Algarve Walk - Legendary Adventure DMC Portugal<\/title>\n<meta name=\"description\" content=\"Self-Guided walk in East and West Algarve spectacular coastal scenarios, with more flamingos than tourists, and where traditions are part of daily life.\" \/>\n<meta name=\"robots\" content=\"index, follow, max-snippet:-1, max-image-preview:large, max-video-preview:-1\" \/>\n<link rel=\"canonical\" href=\"https:\/\/legendatours.com\/de\/produkt\/ultimate-coastal-algarve-walk-1800s\/\" \/>\n<meta property=\"og:locale\" content=\"de_DE\" \/>\n<meta property=\"og:type\" content=\"article\" \/>\n<meta property=\"og:title\" content=\"The Ultimate Coastal Algarve Walk\" \/>\n<meta property=\"og:description\" content=\"Self-Guided walk in East and West Algarve spectacular coastal scenarios, with more flamingos than tourists, and where traditions are part of daily life.\" \/>\n<meta property=\"og:url\" content=\"https:\/\/legendatours.com\/de\/produkt\/ultimate-coastal-algarve-walk-1800s\/\" \/>\n<meta property=\"og:site_name\" content=\"Legendary Adventure DMC Portugal\" \/>\n<meta property=\"article:publisher\" content=\"https:\/\/www.facebook.com\/legendaryadventuredmc\/\" \/>\n<meta property=\"article:modified_time\" content=\"2022-01-02T22:41:50+00:00\" \/>\n<meta property=\"og:image\" content=\"https:\/\/legendatours.com\/wp-content\/uploads\/sites\/12\/2021\/04\/Algarve_Coastal_selfguided_walk-e1611680820857.jpg\" \/>\n\t<meta property=\"og:image:width\" content=\"1024\" \/>\n\t<meta property=\"og:image:height\" content=\"685\" \/>\n\t<meta property=\"og:image:type\" content=\"image\/jpeg\" \/>\n<meta name=\"twitter:card\" content=\"summary_large_image\" \/>\n<meta name=\"twitter:label1\" content=\"Gesch\u00e4tzte Lesezeit\" \/>\n\t<meta name=\"twitter:data1\" content=\"3\u00a0Minuten\" \/>\n<script type=\"application\/ld+json\" class=\"yoast-schema-graph\">{\"@context\":\"https:\\\/\\\/schema.org\",\"@graph\":[{\"@type\":\"WebPage\",\"@id\":\"https:\\\/\\\/legendatours.com\\\/product\\\/ultimate-coastal-algarve-walk-1800s\\\/\",\"url\":\"https:\\\/\\\/legendatours.com\\\/product\\\/ultimate-coastal-algarve-walk-1800s\\\/\",\"name\":\"The Ultimate Coastal Algarve Walk - Legendary Adventure DMC Portugal\",\"isPartOf\":{\"@id\":\"https:\\\/\\\/legendatours.com\\\/#website\"},\"primaryImageOfPage\":{\"@id\":\"https:\\\/\\\/legendatours.com\\\/product\\\/ultimate-coastal-algarve-walk-1800s\\\/#primaryimage\"},\"image\":{\"@id\":\"https:\\\/\\\/legendatours.com\\\/product\\\/ultimate-coastal-algarve-walk-1800s\\\/#primaryimage\"},\"thumbnailUrl\":\"https:\\\/\\\/legendatours.com\\\/wp-content\\\/uploads\\\/sites\\\/12\\\/2021\\\/04\\\/Algarve_Coastal_selfguided_walk-e1611680820857.jpg\",\"datePublished\":\"2020-03-06T14:28:07+00:00\",\"dateModified\":\"2022-01-02T22:41:50+00:00\",\"description\":\"Self-Guided walk in East and West Algarve spectacular coastal scenarios, with more flamingos than tourists, and where traditions are part of daily life.\",\"breadcrumb\":{\"@id\":\"https:\\\/\\\/legendatours.com\\\/product\\\/ultimate-coastal-algarve-walk-1800s\\\/#breadcrumb\"},\"inLanguage\":\"de\",\"potentialAction\":[{\"@type\":\"ReadAction\",\"target\":[\"https:\\\/\\\/legendatours.com\\\/product\\\/ultimate-coastal-algarve-walk-1800s\\\/\"]}]},{\"@type\":\"ImageObject\",\"inLanguage\":\"de\",\"@id\":\"https:\\\/\\\/legendatours.com\\\/product\\\/ultimate-coastal-algarve-walk-1800s\\\/#primaryimage\",\"url\":\"https:\\\/\\\/legendatours.com\\\/wp-content\\\/uploads\\\/sites\\\/12\\\/2021\\\/04\\\/Algarve_Coastal_selfguided_walk-e1611680820857.jpg\",\"contentUrl\":\"https:\\\/\\\/legendatours.com\\\/wp-content\\\/uploads\\\/sites\\\/12\\\/2021\\\/04\\\/Algarve_Coastal_selfguided_walk-e1611680820857.jpg\",\"width\":1024,\"height\":685,\"caption\":\"Algarve Coastal self-guided walk\"},{\"@type\":\"BreadcrumbList\",\"@id\":\"https:\\\/\\\/legendatours.com\\\/product\\\/ultimate-coastal-algarve-walk-1800s\\\/#breadcrumb\",\"itemListElement\":[{\"@type\":\"ListItem\",\"position\":1,\"name\":\"Home\",\"item\":\"https:\\\/\\\/legendatours.com\\\/\"},{\"@type\":\"ListItem\",\"position\":2,\"name\":\"Shop\",\"item\":\"https:\\\/\\\/legendatours.com\\\/sv\\\/?page_id=4\"},{\"@type\":\"ListItem\",\"position\":3,\"name\":\"The Ultimate Coastal Algarve Walk: From East to West Crossing Stunning Landscapes is a Self-Guided Walking Tour in some of the Algarve\u2019s most spectacular coastal scenarios. You\u2019ll see that there are still places with more flamingos than tourists, and where centuries\u2019 old traditions are part of daily life. Tavira, Portim\u00e3o, and Lagos are the centers of our fantastic walking and sightseeing tour.\"}]},{\"@type\":\"WebSite\",\"@id\":\"https:\\\/\\\/legendatours.com\\\/#website\",\"url\":\"https:\\\/\\\/legendatours.com\\\/\",\"name\":\"Legendary Adventure DMC Portugal\",\"description\":\"Responsible Walking &amp; Nature Holidays in Portugal\",\"publisher\":{\"@id\":\"https:\\\/\\\/legendatours.com\\\/#organization\"},\"alternateName\":\"Legendary Adventure Portugal\",\"potentialAction\":[{\"@type\":\"SearchAction\",\"target\":{\"@type\":\"EntryPoint\",\"urlTemplate\":\"https:\\\/\\\/legendatours.com\\\/?s={search_term_string}\"},\"query-input\":{\"@type\":\"PropertyValueSpecification\",\"valueRequired\":true,\"valueName\":\"search_term_string\"}}],\"inLanguage\":\"de\"},{\"@type\":\"Organization\",\"@id\":\"https:\\\/\\\/legendatours.com\\\/#organization\",\"name\":\"legendatours.com\",\"url\":\"https:\\\/\\\/legendatours.com\\\/\",\"logo\":{\"@type\":\"ImageObject\",\"inLanguage\":\"de\",\"@id\":\"https:\\\/\\\/legendatours.com\\\/#\\\/schema\\\/logo\\\/image\\\/\",\"url\":\"https:\\\/\\\/legendatours.com\\\/wp-content\\\/uploads\\\/sites\\\/12\\\/2021\\\/06\\\/legendary_adventure_dmc.png\",\"contentUrl\":\"https:\\\/\\\/legendatours.com\\\/wp-content\\\/uploads\\\/sites\\\/12\\\/2021\\\/06\\\/legendary_adventure_dmc.png\",\"width\":250,\"height\":74,\"caption\":\"legendatours.com\"},\"image\":{\"@id\":\"https:\\\/\\\/legendatours.com\\\/#\\\/schema\\\/logo\\\/image\\\/\"},\"sameAs\":[\"https:\\\/\\\/www.facebook.com\\\/legendaryadventuredmc\\\/\",\"https:\\\/\\\/www.linkedin.com\\\/company\\\/legendary-adventure-dmc-portugal\",\"https:\\\/\\\/www.youtube.com\\\/channel\\\/UCOIRDx_KM6ynIcacQkZjb6g\"]}]}<\/script>\n<!-- \/ Yoast SEO Premium plugin. -->","yoast_head_json":{"title":"Der ultimative K\u00fcsten-Algarve-Spaziergang - Legend\u00e4res Abenteuer DMC Portugal","description":"Selbstgef\u00fchrte Wanderung in den spektakul\u00e4ren K\u00fcstenszenarien der Ost- und Westalgarve, mit mehr Flamingos als Touristen und wo Traditionen Teil des t\u00e4glichen Lebens sind.","robots":{"index":"index","follow":"follow","max-snippet":"max-snippet:-1","max-image-preview":"max-image-preview:large","max-video-preview":"max-video-preview:-1"},"canonical":"https:\/\/legendatours.com\/de\/produkt\/ultimate-coastal-algarve-walk-1800s\/","og_locale":"de_DE","og_type":"article","og_title":"The Ultimate Coastal Algarve Walk","og_description":"Self-Guided walk in East and West Algarve spectacular coastal scenarios, with more flamingos than tourists, and where traditions are part of daily life.","og_url":"https:\/\/legendatours.com\/de\/produkt\/ultimate-coastal-algarve-walk-1800s\/","og_site_name":"Legendary Adventure DMC Portugal","article_publisher":"https:\/\/www.facebook.com\/legendaryadventuredmc\/","article_modified_time":"2022-01-02T22:41:50+00:00","og_image":[{"width":1024,"height":685,"url":"https:\/\/legendatours.com\/wp-content\/uploads\/sites\/12\/2021\/04\/Algarve_Coastal_selfguided_walk-e1611680820857.jpg","type":"image\/jpeg"}],"twitter_card":"summary_large_image","twitter_misc":{"Gesch\u00e4tzte Lesezeit":"3\u00a0Minuten"},"schema":{"@context":"https:\/\/schema.org","@graph":[{"@type":"WebPage","@id":"https:\/\/legendatours.com\/product\/ultimate-coastal-algarve-walk-1800s\/","url":"https:\/\/legendatours.com\/product\/ultimate-coastal-algarve-walk-1800s\/","name":"Der ultimative K\u00fcsten-Algarve-Spaziergang - Legend\u00e4res Abenteuer DMC Portugal","isPartOf":{"@id":"https:\/\/legendatours.com\/#website"},"primaryImageOfPage":{"@id":"https:\/\/legendatours.com\/product\/ultimate-coastal-algarve-walk-1800s\/#primaryimage"},"image":{"@id":"https:\/\/legendatours.com\/product\/ultimate-coastal-algarve-walk-1800s\/#primaryimage"},"thumbnailUrl":"https:\/\/legendatours.com\/wp-content\/uploads\/sites\/12\/2021\/04\/Algarve_Coastal_selfguided_walk-e1611680820857.jpg","datePublished":"2020-03-06T14:28:07+00:00","dateModified":"2022-01-02T22:41:50+00:00","description":"Selbstgef\u00fchrte Wanderung in den spektakul\u00e4ren K\u00fcstenszenarien der Ost- und Westalgarve, mit mehr Flamingos als Touristen und wo Traditionen Teil des t\u00e4glichen Lebens sind.","breadcrumb":{"@id":"https:\/\/legendatours.com\/product\/ultimate-coastal-algarve-walk-1800s\/#breadcrumb"},"inLanguage":"de","potentialAction":[{"@type":"ReadAction","target":["https:\/\/legendatours.com\/product\/ultimate-coastal-algarve-walk-1800s\/"]}]},{"@type":"ImageObject","inLanguage":"de","@id":"https:\/\/legendatours.com\/product\/ultimate-coastal-algarve-walk-1800s\/#primaryimage","url":"https:\/\/legendatours.com\/wp-content\/uploads\/sites\/12\/2021\/04\/Algarve_Coastal_selfguided_walk-e1611680820857.jpg","contentUrl":"https:\/\/legendatours.com\/wp-content\/uploads\/sites\/12\/2021\/04\/Algarve_Coastal_selfguided_walk-e1611680820857.jpg","width":1024,"height":685,"caption":"Algarve Coastal self-guided walk"},{"@type":"BreadcrumbList","@id":"https:\/\/legendatours.com\/product\/ultimate-coastal-algarve-walk-1800s\/#breadcrumb","itemListElement":[{"@type":"ListItem","position":1,"name":"Home","item":"https:\/\/legendatours.com\/"},{"@type":"ListItem","position":2,"name":"Shop","item":"https:\/\/legendatours.com\/sv\/?page_id=4"},{"@type":"ListItem","position":3,"name":"The Ultimate Coastal Algarve Walk: From East to West Crossing Stunning Landscapes is a Self-Guided Walking Tour in some of the Algarve\u2019s most spectacular coastal scenarios. You\u2019ll see that there are still places with more flamingos than tourists, and where centuries\u2019 old traditions are part of daily life. Tavira, Portim\u00e3o, and Lagos are the centers of our fantastic walking and sightseeing tour."}]},{"@type":"WebSite","@id":"https:\/\/legendatours.com\/#website","url":"https:\/\/legendatours.com\/","name":"Legend\u00e4res Abenteuer DMC Portugal","description":"Verantwortungsvolles Wandern und Natururlaub in Portugal","publisher":{"@id":"https:\/\/legendatours.com\/#organization"},"alternateName":"Legendary Adventure Portugal","potentialAction":[{"@type":"SearchAction","target":{"@type":"EntryPoint","urlTemplate":"https:\/\/legendatours.com\/?s={search_term_string}"},"query-input":{"@type":"PropertyValueSpecification","valueRequired":true,"valueName":"search_term_string"}}],"inLanguage":"de"},{"@type":"Organization","@id":"https:\/\/legendatours.com\/#organization","name":"legendatours.com","url":"https:\/\/legendatours.com\/","logo":{"@type":"ImageObject","inLanguage":"de","@id":"https:\/\/legendatours.com\/#\/schema\/logo\/image\/","url":"https:\/\/legendatours.com\/wp-content\/uploads\/sites\/12\/2021\/06\/legendary_adventure_dmc.png","contentUrl":"https:\/\/legendatours.com\/wp-content\/uploads\/sites\/12\/2021\/06\/legendary_adventure_dmc.png","width":250,"height":74,"caption":"legendatours.com"},"image":{"@id":"https:\/\/legendatours.com\/#\/schema\/logo\/image\/"},"sameAs":["https:\/\/www.facebook.com\/legendaryadventuredmc\/","https:\/\/www.linkedin.com\/company\/legendary-adventure-dmc-portugal","https:\/\/www.youtube.com\/channel\/UCOIRDx_KM6ynIcacQkZjb6g"]}]}},"_links":{"self":[{"href":"https:\/\/legendatours.com\/de\/wp-json\/wp\/v2\/product\/8379","targetHints":{"allow":["GET"]}}],"collection":[{"href":"https:\/\/legendatours.com\/de\/wp-json\/wp\/v2\/product"}],"about":[{"href":"https:\/\/legendatours.com\/de\/wp-json\/wp\/v2\/types\/product"}],"replies":[{"embeddable":true,"href":"https:\/\/legendatours.com\/de\/wp-json\/wp\/v2\/comments?post=8379"}],"wp:featuredmedia":[{"embeddable":true,"href":"https:\/\/legendatours.com\/de\/wp-json\/wp\/v2\/media\/8375"}],"wp:attachment":[{"href":"https:\/\/legendatours.com\/de\/wp-json\/wp\/v2\/media?parent=8379"}],"wp:term":[{"taxonomy":"product_brand","embeddable":true,"href":"https:\/\/legendatours.com\/de\/wp-json\/wp\/v2\/product_brand?post=8379"},{"taxonomy":"product_cat","embeddable":true,"href":"https:\/\/legendatours.com\/de\/wp-json\/wp\/v2\/product_cat?post=8379"},{"taxonomy":"product_tag","embeddable":true,"href":"https:\/\/legendatours.com\/de\/wp-json\/wp\/v2\/product_tag?post=8379"}],"curies":[{"name":"wp","href":"https:\/\/api.w.org\/{rel}","templated":true}]}}