{"id":8397,"date":"2020-03-06T13:33:45","date_gmt":"2020-03-06T13:33:45","guid":{"rendered":"https:\/\/legendatours.com\/product\/holidays-in-lagos-walking-towards-the-sunset-in-the-west-algarve\/"},"modified":"2022-01-02T22:47:07","modified_gmt":"2022-01-02T22:47:07","slug":"walking-towards-the-sunset-in-the-west-algarve-lagos-1601s","status":"publish","type":"product","link":"https:\/\/legendatours.com\/de\/produkt\/walking-towards-the-sunset-in-the-west-algarve-lagos-1601s\/","title":{"rendered":"Urlaub in Lagos: Dem Sonnenuntergang entgegen an der Westalgarve"},"content":{"rendered":"<p>Die Westalgarve hat spektakul\u00e4re Klippen, H\u00f6hlen, Grotten und maritime Landschaften. Seine abwechslungsreiche Geologie hat eine reiche Auswahl an Landschaften hervorgebracht, von vulkanischen H\u00fcgeln bis hin zu dramatischen Kalksteinfelsen, die sich hervorragend zum Wandern und Sightseeing eignen.<\/p>\n<p>Diese Vielfalt wird durch die lokale Flora und Fauna erg\u00e4nzt, die in den milden, sonnigen Wintern und langen, hei\u00dfen Sommern gedeiht. All dies zusammen macht das Wandern hier faszinierend.<\/p>\n<div id=\"attachment_2088\" style=\"width: 1034px\" class=\"wp-caption alignnone\"><img loading=\"lazy\" decoding=\"async\" aria-describedby=\"caption-attachment-2088\" class=\"wp-image-2088 size-large\" title=\"Wandern an der Westalgarve\" src=\"https:\/\/legendatours.net\/wp-content\/uploads\/2020\/03\/west_algarve-1024x770.jpg\" alt=\"Walking in the West Algarve\" width=\"1024\" height=\"770\" \/><p id=\"caption-attachment-2088\" class=\"wp-caption-text\">Wandern an der Westalgarve, eine fantastische Wanderroute, die von einheimischen F\u00fchrern entworfen wurde<\/p><\/div>\n<p>Es gibt so viele interessante Schichten in der Westalgarve. Im Landesinneren, oben in den \u00fcppig gr\u00fcnen H\u00fcgeln, werden Sie eine Lebensweise sehen, die aus vielen europ\u00e4ischen L\u00e4ndern verschwunden ist, wo sich die Tage um die Jahreszeiten drehen. Duftende Zitrusplantagen, Oliven-, Johannisbrot- und Mandelkulturen, die Grundzutaten der Gastronomie und der s\u00fc\u00dfen K\u00f6stlichkeiten sind und auf lebhaften lokalen M\u00e4rkten verkauft werden. In den kleinen Kopfsteinpflasterstra\u00dfen malerischer D\u00f6rfer finden Sie wei\u00df get\u00fcnchte H\u00e4user, Caf\u00e9s und eine ruhige Lebensweise.<\/p>\n<p>Das Meer und die Wasserkan\u00e4le sind ein weiterer Teil der Natur der Westalgarve. Entlang der K\u00fcste fahren Fischer aufs Meer hinaus, um Sardinen und Tintenfische zu fangen, und in der Alvor-M\u00fcndung k\u00f6nnen Sie bei Ebbe Menschen beobachten, die auf der Suche nach Meeresfr\u00fcchten spazieren gehen.<\/p>\n<div id=\"attachment_2084\" style=\"width: 1034px\" class=\"wp-caption alignnone\"><img loading=\"lazy\" decoding=\"async\" aria-describedby=\"caption-attachment-2084\" class=\"wp-image-2084 size-large\" src=\"https:\/\/legendatours.net\/wp-content\/uploads\/2020\/03\/barao_sao_joao-1024x694.jpg\" alt=\"Barao de Sao Joao\" width=\"1024\" height=\"694\" \/><p id=\"caption-attachment-2084\" class=\"wp-caption-text\">Barao de Sao Joao, ein charmantes Dorf, eingebettet in eine l\u00e4ndliche und friedliche Landschaft mit einer Mischung aus Feldern und W\u00e4ldern, die Naturliebhabern einen wahren Genuss bietet.<\/p><\/div>\n<p>Ausgangspunkt dieser Wanderung ist Lagos, eine kosmopolitische Stadt, die schon fr\u00fch das Tor zum Mittelmeer war. Von seiner weiten Bucht, umgeben vom feinen Sand von Meia Praia, brach Gil Eanes auf, um als erster Cape Bojador zu umrunden; Hier versteckten sich Freibeuter wie Sir Francis Drake und Galeonen voller Gold und Edelsteine aus Amerika oder Gew\u00fcrzen aus Indien liefen in den Hafen ein.<\/p>\n<p>Die Mauer, die an die Uferpromenade von Lagos grenzt, ist wundersch\u00f6n und in der Altstadt finden Sie Gesch\u00e4fte, Restaurants, jede Menge Geschichte und Kultur. Last but not least lebt Lagos nachts mit Stra\u00dfenk\u00fcnstlern und Bars f\u00fcr jeden Geschmack mit Live-Musik auf.<\/p>\n<div id=\"attachment_1845\" style=\"width: 1034px\" class=\"wp-caption alignnone\"><img loading=\"lazy\" decoding=\"async\" aria-describedby=\"caption-attachment-1845\" class=\"wp-image-1845 size-large\" title=\"Orangenb\u00e4ume duften die Luft in der Landschaft der Algarve\" src=\"https:\/\/legendatours.net\/wp-content\/uploads\/2020\/03\/Orange-trees-1024x683.jpg\" alt=\"Orange trees perfume the air in the Algarve countryside\" width=\"1024\" height=\"683\" \/><p id=\"caption-attachment-1845\" class=\"wp-caption-text\">Orangenb\u00e4ume duften die Luft in der Landschaft der Algarve<\/p><\/div>\n<p>Zu welchem Teil der Westalgarve Sie Ihre Wanderwege auch f\u00fchren, Sie werden einladende, freundliche Menschen, ausgezeichnete lokale Weine und k\u00f6stliches Essen finden, vom frischesten Fisch bis hin zu regionalen Gerichten voller Geschmack.<\/p>\n<p>Unsere selbstgef\u00fchrten Wanderungen sind sorgf\u00e4ltig konzipiert und enthalten alle Informationen, die Sie ben\u00f6tigen, von detaillierten Karten und Routenhinweisen bis hin zu einer 24-Stunden-Hotline. Die Unterkunft, Flughafentransfers und Transporte sind im Wanderprogramm enthalten.<\/p>\n<p>&nbsp;<\/p>\n<p>&nbsp;<\/p>\n<div class=\"row\" style=\"display: flex;\">\n<div class=\"column\" style=\"flex: 45%;\"><\/div>\n<div class=\"column\" style=\"flex: 10%;\"><\/div>\n<div class=\"column\" style=\"flex: 45%;\">\n<p><iframe loading=\"lazy\" title=\"Lagos, Land der Neuentdeckungen - Erbe\" width=\"1080\" height=\"608\" src=\"https:\/\/www.youtube.com\/embed\/1KkHCrpRIGQ?feature=oembed\" frameborder=\"0\" allow=\"accelerometer; autoplay; clipboard-write; encrypted-media; gyroscope; picture-in-picture\" allowfullscreen><\/iframe><\/p>\n<\/div>\n<\/div>","protected":false},"excerpt":{"rendered":"<p>Towards the Sunset: Walking in the West Algarve ist eine selbst gef\u00fchrte Wandertour, die eine interessante Mischung aus Naturwanderungen an der K\u00fcste und im Landesinneren bietet und es Ihnen erm\u00f6glicht, die weniger bekannten Wunder der Westalgarve zu entdecken. Unsere Basis ist die kosmopolitische Stadt Lagos, nicht weit entfernt von all diesen verschiedenen Wandererlebnissen.<\/p>","protected":false},"featured_media":7667,"comment_status":"closed","ping_status":"closed","template":"","meta":{"_acf_changed":false,"inline_featured_image":false},"product_brand":[],"product_cat":[301,856],"product_tag":[646,383,306,1050,428,635,84,85,155,86,900,1150,758,313,759,760,761,762,270,664,1051,1016,315,162,60,341,407,764,765,766,767,768,973,319,328,1023,728,1025,322,770,324,771,684,685,933,325,772,326,610,112,658,122,1052,645,123],"class_list":{"0":"post-8397","1":"product","2":"type-product","3":"status-publish","4":"has-post-thumbnail","6":"product_cat-self-guided-tours-portugal","7":"product_cat-self-guided-walking-holidays","8":"product_tag-algarve-coast","9":"product_tag-algarve-coastal-strip","10":"product_tag-alleine-reisen","11":"product_tag-along-the-coast","12":"product_tag-bird-watching","13":"product_tag-coastal-algarve-walk","14":"product_tag-dramatic-beauty-of-the-atlantic-coast","15":"product_tag-dramatic-cliffs","16":"product_tag-europe","17":"product_tag-fabulous-walks-along-the-coast","18":"product_tag-green-countryside","19":"product_tag-hikes-in-the-cliffs","20":"product_tag-individual-hiking","21":"product_tag-individuelle-touren","22":"product_tag-individuelle-trekkingreisen","23":"product_tag-individuelle-wandern","24":"product_tag-individuelle-wanderreisen","25":"product_tag-individuelle-wandertouren","26":"product_tag-lagos","27":"product_tag-local-fauna","28":"product_tag-local-markets","29":"product_tag-meia-praia","30":"product_tag-nature-activities","31":"product_tag-nature-walks","32":"product_tag-portugal","33":"product_tag-portugal-great-food-and-wine","34":"product_tag-portugal-perfect-walking-holiday","35":"product_tag-rando-autoguidee","36":"product_tag-rando-liberte","37":"product_tag-randonnee-autoguidee","38":"product_tag-randonnee-en-liberte","39":"product_tag-randonnee-liberte","40":"product_tag-river-arade","41":"product_tag-sejour-en-liberte","42":"product_tag-self-guided","43":"product_tag-self-guided-walking","44":"product_tag-self-guided-walking-holiday","45":"product_tag-sir-francis-drake","46":"product_tag-solo-reisen","47":"product_tag-solo-wandern","48":"product_tag-tours-autoguidees","49":"product_tag-trek-en-liberte","50":"product_tag-trek-solo","51":"product_tag-trekking-solo","52":"product_tag-undisturbed-places-in-portugal","53":"product_tag-voyage-en-liberte","54":"product_tag-voyages-a-pied-en-liberte","55":"product_tag-voyages-en-autonomie","56":"product_tag-walking-experiences","57":"product_tag-walking-holidays","58":"product_tag-walking-program","59":"product_tag-walking-tours","60":"product_tag-walking-towards-the-sunset","61":"product_tag-west-algarve","62":"product_tag-western-europe","64":"first","65":"instock","66":"virtual","67":"product-type-simple"},"acf":[],"yoast_head":"<!-- This site is optimized with the Yoast SEO Premium plugin v26.8 (Yoast SEO v27.5) - https:\/\/yoast.com\/product\/yoast-seo-premium-wordpress\/ -->\n<title>Holidays in Lagos: Walking Towards the Sunset in the West Algarve - Legendary Adventure DMC Portugal<\/title>\n<meta name=\"description\" content=\"A Self-Guided walking tour with an interesting mix of coastal and inland nature walks, allowing you to discover the less known wonders of the West Algarve.\" \/>\n<meta name=\"robots\" content=\"index, follow, max-snippet:-1, max-image-preview:large, max-video-preview:-1\" \/>\n<link rel=\"canonical\" href=\"https:\/\/legendatours.com\/de\/produkt\/walking-towards-the-sunset-in-the-west-algarve-lagos-1601s\/\" \/>\n<meta property=\"og:locale\" content=\"de_DE\" \/>\n<meta property=\"og:type\" content=\"article\" \/>\n<meta property=\"og:title\" content=\"Holidays in Lagos: Walking Towards the Sunset in the West Algarve\" \/>\n<meta property=\"og:description\" content=\"A Self-Guided walking tour with an interesting mix of coastal and inland nature walks, allowing you to discover the less known wonders of the West Algarve.\" \/>\n<meta property=\"og:url\" content=\"https:\/\/legendatours.com\/de\/produkt\/walking-towards-the-sunset-in-the-west-algarve-lagos-1601s\/\" \/>\n<meta property=\"og:site_name\" content=\"Legendary Adventure DMC Portugal\" \/>\n<meta property=\"article:publisher\" content=\"https:\/\/www.facebook.com\/legendaryadventuredmc\/\" \/>\n<meta property=\"article:modified_time\" content=\"2022-01-02T22:47:07+00:00\" \/>\n<meta property=\"og:image\" content=\"https:\/\/legendatours.com\/wp-content\/uploads\/sites\/12\/2021\/04\/Sagres_dramatic_views_cliffs-e1611677789487.jpg\" \/>\n\t<meta property=\"og:image:width\" content=\"1024\" \/>\n\t<meta property=\"og:image:height\" content=\"686\" \/>\n\t<meta property=\"og:image:type\" content=\"image\/jpeg\" \/>\n<meta name=\"twitter:card\" content=\"summary_large_image\" \/>\n<meta name=\"twitter:label1\" content=\"Gesch\u00e4tzte Lesezeit\" \/>\n\t<meta name=\"twitter:data1\" content=\"2\u00a0Minuten\" \/>\n<script type=\"application\/ld+json\" class=\"yoast-schema-graph\">{\"@context\":\"https:\\\/\\\/schema.org\",\"@graph\":[{\"@type\":\"WebPage\",\"@id\":\"https:\\\/\\\/legendatours.com\\\/product\\\/walking-towards-the-sunset-in-the-west-algarve-lagos-1601s\\\/\",\"url\":\"https:\\\/\\\/legendatours.com\\\/product\\\/walking-towards-the-sunset-in-the-west-algarve-lagos-1601s\\\/\",\"name\":\"Holidays in Lagos: Walking Towards the Sunset in the West Algarve - Legendary Adventure DMC Portugal\",\"isPartOf\":{\"@id\":\"https:\\\/\\\/legendatours.com\\\/#website\"},\"primaryImageOfPage\":{\"@id\":\"https:\\\/\\\/legendatours.com\\\/product\\\/walking-towards-the-sunset-in-the-west-algarve-lagos-1601s\\\/#primaryimage\"},\"image\":{\"@id\":\"https:\\\/\\\/legendatours.com\\\/product\\\/walking-towards-the-sunset-in-the-west-algarve-lagos-1601s\\\/#primaryimage\"},\"thumbnailUrl\":\"https:\\\/\\\/legendatours.com\\\/wp-content\\\/uploads\\\/sites\\\/12\\\/2021\\\/04\\\/Sagres_dramatic_views_cliffs-e1611677789487.jpg\",\"datePublished\":\"2020-03-06T13:33:45+00:00\",\"dateModified\":\"2022-01-02T22:47:07+00:00\",\"description\":\"A Self-Guided walking tour with an interesting mix of coastal and inland nature walks, allowing you to discover the less known wonders of the West Algarve.\",\"breadcrumb\":{\"@id\":\"https:\\\/\\\/legendatours.com\\\/product\\\/walking-towards-the-sunset-in-the-west-algarve-lagos-1601s\\\/#breadcrumb\"},\"inLanguage\":\"de\",\"potentialAction\":[{\"@type\":\"ReadAction\",\"target\":[\"https:\\\/\\\/legendatours.com\\\/product\\\/walking-towards-the-sunset-in-the-west-algarve-lagos-1601s\\\/\"]}]},{\"@type\":\"ImageObject\",\"inLanguage\":\"de\",\"@id\":\"https:\\\/\\\/legendatours.com\\\/product\\\/walking-towards-the-sunset-in-the-west-algarve-lagos-1601s\\\/#primaryimage\",\"url\":\"https:\\\/\\\/legendatours.com\\\/wp-content\\\/uploads\\\/sites\\\/12\\\/2021\\\/04\\\/Sagres_dramatic_views_cliffs-e1611677789487.jpg\",\"contentUrl\":\"https:\\\/\\\/legendatours.com\\\/wp-content\\\/uploads\\\/sites\\\/12\\\/2021\\\/04\\\/Sagres_dramatic_views_cliffs-e1611677789487.jpg\",\"width\":1024,\"height\":686,\"caption\":\"Dramatic Views from West Algarve cliffs\"},{\"@type\":\"BreadcrumbList\",\"@id\":\"https:\\\/\\\/legendatours.com\\\/product\\\/walking-towards-the-sunset-in-the-west-algarve-lagos-1601s\\\/#breadcrumb\",\"itemListElement\":[{\"@type\":\"ListItem\",\"position\":1,\"name\":\"Home\",\"item\":\"https:\\\/\\\/legendatours.com\\\/\"},{\"@type\":\"ListItem\",\"position\":2,\"name\":\"Shop\",\"item\":\"https:\\\/\\\/legendatours.com\\\/sv\\\/?page_id=4\"},{\"@type\":\"ListItem\",\"position\":3,\"name\":\"Walking Towards the Sunset in the West Algarve (Lagos) Towards the Sunset: Walking in the West Algarve, is a Self-Guided walking tour designed to offer an interesting mix of coastal and inland nature walks, allowing you to discover the less known wonders of the West Algarve. Our base is the cosmopolitan city of Lagos, a short distance away from all these different walking experiences.\"}]},{\"@type\":\"WebSite\",\"@id\":\"https:\\\/\\\/legendatours.com\\\/#website\",\"url\":\"https:\\\/\\\/legendatours.com\\\/\",\"name\":\"Legendary Adventure DMC Portugal\",\"description\":\"Responsible Walking &amp; Nature Holidays in Portugal\",\"publisher\":{\"@id\":\"https:\\\/\\\/legendatours.com\\\/#organization\"},\"alternateName\":\"Legendary Adventure Portugal\",\"potentialAction\":[{\"@type\":\"SearchAction\",\"target\":{\"@type\":\"EntryPoint\",\"urlTemplate\":\"https:\\\/\\\/legendatours.com\\\/?s={search_term_string}\"},\"query-input\":{\"@type\":\"PropertyValueSpecification\",\"valueRequired\":true,\"valueName\":\"search_term_string\"}}],\"inLanguage\":\"de\"},{\"@type\":\"Organization\",\"@id\":\"https:\\\/\\\/legendatours.com\\\/#organization\",\"name\":\"legendatours.com\",\"url\":\"https:\\\/\\\/legendatours.com\\\/\",\"logo\":{\"@type\":\"ImageObject\",\"inLanguage\":\"de\",\"@id\":\"https:\\\/\\\/legendatours.com\\\/#\\\/schema\\\/logo\\\/image\\\/\",\"url\":\"https:\\\/\\\/legendatours.com\\\/wp-content\\\/uploads\\\/sites\\\/12\\\/2021\\\/06\\\/legendary_adventure_dmc.png\",\"contentUrl\":\"https:\\\/\\\/legendatours.com\\\/wp-content\\\/uploads\\\/sites\\\/12\\\/2021\\\/06\\\/legendary_adventure_dmc.png\",\"width\":250,\"height\":74,\"caption\":\"legendatours.com\"},\"image\":{\"@id\":\"https:\\\/\\\/legendatours.com\\\/#\\\/schema\\\/logo\\\/image\\\/\"},\"sameAs\":[\"https:\\\/\\\/www.facebook.com\\\/legendaryadventuredmc\\\/\",\"https:\\\/\\\/www.linkedin.com\\\/company\\\/legendary-adventure-dmc-portugal\",\"https:\\\/\\\/www.youtube.com\\\/channel\\\/UCOIRDx_KM6ynIcacQkZjb6g\"]}]}<\/script>\n<!-- \/ Yoast SEO Premium plugin. -->","yoast_head_json":{"title":"Urlaub in Lagos: Dem Sonnenuntergang entgegen an der Westalgarve - Legend\u00e4res Abenteuer DMC Portugal","description":"Eine selbstgef\u00fchrte Wandertour mit einer interessanten Mischung aus Naturwanderungen an der K\u00fcste und im Landesinneren, bei der Sie die weniger bekannten Wunder der Westalgarve entdecken k\u00f6nnen.","robots":{"index":"index","follow":"follow","max-snippet":"max-snippet:-1","max-image-preview":"max-image-preview:large","max-video-preview":"max-video-preview:-1"},"canonical":"https:\/\/legendatours.com\/de\/produkt\/walking-towards-the-sunset-in-the-west-algarve-lagos-1601s\/","og_locale":"de_DE","og_type":"article","og_title":"Holidays in Lagos: Walking Towards the Sunset in the West Algarve","og_description":"A Self-Guided walking tour with an interesting mix of coastal and inland nature walks, allowing you to discover the less known wonders of the West Algarve.","og_url":"https:\/\/legendatours.com\/de\/produkt\/walking-towards-the-sunset-in-the-west-algarve-lagos-1601s\/","og_site_name":"Legendary Adventure DMC Portugal","article_publisher":"https:\/\/www.facebook.com\/legendaryadventuredmc\/","article_modified_time":"2022-01-02T22:47:07+00:00","og_image":[{"width":1024,"height":686,"url":"https:\/\/legendatours.com\/wp-content\/uploads\/sites\/12\/2021\/04\/Sagres_dramatic_views_cliffs-e1611677789487.jpg","type":"image\/jpeg"}],"twitter_card":"summary_large_image","twitter_misc":{"Gesch\u00e4tzte Lesezeit":"2\u00a0Minuten"},"schema":{"@context":"https:\/\/schema.org","@graph":[{"@type":"WebPage","@id":"https:\/\/legendatours.com\/product\/walking-towards-the-sunset-in-the-west-algarve-lagos-1601s\/","url":"https:\/\/legendatours.com\/product\/walking-towards-the-sunset-in-the-west-algarve-lagos-1601s\/","name":"Urlaub in Lagos: Dem Sonnenuntergang entgegen an der Westalgarve - Legend\u00e4res Abenteuer DMC Portugal","isPartOf":{"@id":"https:\/\/legendatours.com\/#website"},"primaryImageOfPage":{"@id":"https:\/\/legendatours.com\/product\/walking-towards-the-sunset-in-the-west-algarve-lagos-1601s\/#primaryimage"},"image":{"@id":"https:\/\/legendatours.com\/product\/walking-towards-the-sunset-in-the-west-algarve-lagos-1601s\/#primaryimage"},"thumbnailUrl":"https:\/\/legendatours.com\/wp-content\/uploads\/sites\/12\/2021\/04\/Sagres_dramatic_views_cliffs-e1611677789487.jpg","datePublished":"2020-03-06T13:33:45+00:00","dateModified":"2022-01-02T22:47:07+00:00","description":"Eine selbstgef\u00fchrte Wandertour mit einer interessanten Mischung aus Naturwanderungen an der K\u00fcste und im Landesinneren, bei der Sie die weniger bekannten Wunder der Westalgarve entdecken k\u00f6nnen.","breadcrumb":{"@id":"https:\/\/legendatours.com\/product\/walking-towards-the-sunset-in-the-west-algarve-lagos-1601s\/#breadcrumb"},"inLanguage":"de","potentialAction":[{"@type":"ReadAction","target":["https:\/\/legendatours.com\/product\/walking-towards-the-sunset-in-the-west-algarve-lagos-1601s\/"]}]},{"@type":"ImageObject","inLanguage":"de","@id":"https:\/\/legendatours.com\/product\/walking-towards-the-sunset-in-the-west-algarve-lagos-1601s\/#primaryimage","url":"https:\/\/legendatours.com\/wp-content\/uploads\/sites\/12\/2021\/04\/Sagres_dramatic_views_cliffs-e1611677789487.jpg","contentUrl":"https:\/\/legendatours.com\/wp-content\/uploads\/sites\/12\/2021\/04\/Sagres_dramatic_views_cliffs-e1611677789487.jpg","width":1024,"height":686,"caption":"Dramatic Views from West Algarve cliffs"},{"@type":"BreadcrumbList","@id":"https:\/\/legendatours.com\/product\/walking-towards-the-sunset-in-the-west-algarve-lagos-1601s\/#breadcrumb","itemListElement":[{"@type":"ListItem","position":1,"name":"Home","item":"https:\/\/legendatours.com\/"},{"@type":"ListItem","position":2,"name":"Shop","item":"https:\/\/legendatours.com\/sv\/?page_id=4"},{"@type":"ListItem","position":3,"name":"Walking Towards the Sunset in the West Algarve (Lagos) Towards the Sunset: Walking in the West Algarve, is a Self-Guided walking tour designed to offer an interesting mix of coastal and inland nature walks, allowing you to discover the less known wonders of the West Algarve. Our base is the cosmopolitan city of Lagos, a short distance away from all these different walking experiences."}]},{"@type":"WebSite","@id":"https:\/\/legendatours.com\/#website","url":"https:\/\/legendatours.com\/","name":"Legend\u00e4res Abenteuer DMC Portugal","description":"Verantwortungsvolles Wandern und Natururlaub in Portugal","publisher":{"@id":"https:\/\/legendatours.com\/#organization"},"alternateName":"Legendary Adventure Portugal","potentialAction":[{"@type":"SearchAction","target":{"@type":"EntryPoint","urlTemplate":"https:\/\/legendatours.com\/?s={search_term_string}"},"query-input":{"@type":"PropertyValueSpecification","valueRequired":true,"valueName":"search_term_string"}}],"inLanguage":"de"},{"@type":"Organization","@id":"https:\/\/legendatours.com\/#organization","name":"legendatours.com","url":"https:\/\/legendatours.com\/","logo":{"@type":"ImageObject","inLanguage":"de","@id":"https:\/\/legendatours.com\/#\/schema\/logo\/image\/","url":"https:\/\/legendatours.com\/wp-content\/uploads\/sites\/12\/2021\/06\/legendary_adventure_dmc.png","contentUrl":"https:\/\/legendatours.com\/wp-content\/uploads\/sites\/12\/2021\/06\/legendary_adventure_dmc.png","width":250,"height":74,"caption":"legendatours.com"},"image":{"@id":"https:\/\/legendatours.com\/#\/schema\/logo\/image\/"},"sameAs":["https:\/\/www.facebook.com\/legendaryadventuredmc\/","https:\/\/www.linkedin.com\/company\/legendary-adventure-dmc-portugal","https:\/\/www.youtube.com\/channel\/UCOIRDx_KM6ynIcacQkZjb6g"]}]}},"_links":{"self":[{"href":"https:\/\/legendatours.com\/de\/wp-json\/wp\/v2\/product\/8397","targetHints":{"allow":["GET"]}}],"collection":[{"href":"https:\/\/legendatours.com\/de\/wp-json\/wp\/v2\/product"}],"about":[{"href":"https:\/\/legendatours.com\/de\/wp-json\/wp\/v2\/types\/product"}],"replies":[{"embeddable":true,"href":"https:\/\/legendatours.com\/de\/wp-json\/wp\/v2\/comments?post=8397"}],"wp:featuredmedia":[{"embeddable":true,"href":"https:\/\/legendatours.com\/de\/wp-json\/wp\/v2\/media\/7667"}],"wp:attachment":[{"href":"https:\/\/legendatours.com\/de\/wp-json\/wp\/v2\/media?parent=8397"}],"wp:term":[{"taxonomy":"product_brand","embeddable":true,"href":"https:\/\/legendatours.com\/de\/wp-json\/wp\/v2\/product_brand?post=8397"},{"taxonomy":"product_cat","embeddable":true,"href":"https:\/\/legendatours.com\/de\/wp-json\/wp\/v2\/product_cat?post=8397"},{"taxonomy":"product_tag","embeddable":true,"href":"https:\/\/legendatours.com\/de\/wp-json\/wp\/v2\/product_tag?post=8397"}],"curies":[{"name":"wp","href":"https:\/\/api.w.org\/{rel}","templated":true}]}}