{"id":8419,"date":"2020-03-06T13:13:14","date_gmt":"2020-03-06T13:13:14","guid":{"rendered":"https:\/\/legendatours.com\/product\/walking-holidays-in-tavira-the-venice-of-algarve\/"},"modified":"2026-03-18T14:40:12","modified_gmt":"2026-03-18T14:40:12","slug":"tavira-the-venice-of-algarve-1200s","status":"publish","type":"product","link":"https:\/\/legendatours.com\/de\/produkt\/tavira-the-venice-of-algarve-1200s\/","title":{"rendered":"Wanderurlaub in Tavira, dem Venedig der Algarve"},"content":{"rendered":"<p>Die Algarve ist so viel mehr als Sonne und Meer. In der wenig besuchten Ostalgarve scheint die Zeit stehen geblieben zu sein, und Sie werden sp\u00fcren, wie gut es ist, bei diesem sorgf\u00e4ltig gestalteten selbstgef\u00fchrten Wanderurlaub langsamer zu werden und ein gutes Leben zu f\u00fchren.<\/p>\n<p>Jede Tageswanderung zeigt die kontrastreiche Landschaft und Tierwelt der Region. Diese Tour wurde f\u00fcr diejenigen zusammengestellt, die ein besonderes Interesse an Wandern und Natur haben.<\/p>\n<div id=\"attachment_1776\" style=\"width: 1034px\" class=\"wp-caption alignnone\"><img loading=\"lazy\" decoding=\"async\" aria-describedby=\"caption-attachment-1776\" class=\"wp-image-1776 size-large\" src=\"https:\/\/legendatours.net\/wp-content\/uploads\/2020\/03\/Anchor-cemetery-in-Barril-Beach-1024x687.jpg\" alt=\"Anchor cemetery in Barril Beach Tavira\" width=\"1024\" height=\"687\" \/><p id=\"caption-attachment-1776\" class=\"wp-caption-text\">Ankerfriedhof in Barril Beach Tavira, ein symbolisches Denkmal f\u00fcr das nahe Aussterben des Roten Thuns an der Algarve<\/p><\/div>\n<p>Tavira, der Ausgangspunkt unseres Wanderurlaubs, ist ein reizender und malerischer altportugiesischer Charme mit \u00fcber 30 Kirchen, Kopfsteinpflasterstra\u00dfen und von Bougainvillaen ges\u00e4umten Balkonen. Sein Schloss in der historischen Altstadt, die Kirchen und die typischen H\u00e4user vermitteln kulturelles Interesse und besondere Ausstrahlung. Der Fluss Gil\u00e3o, mit einem Flussufer f\u00fcr den Alltag der Fischer, flie\u00dft zu den azurblauen Lagunen des Naturparks Ria Formosa.<\/p>\n<p>In Tavira, der wohl charmantesten Stadt der Algarve, bev\u00f6lkern die Fischerboote den Fluss Gil\u00e3o und Sie k\u00f6nnen viele Schichten der Geschichte sehen, von ph\u00f6nizischen Ausgrabungen \u00fcber islamisch dekorierte T\u00fcren bis hin zu Renaissance- und Barock-Schn\u00f6rkeln. Von den W\u00e4llen der Burgruine blicken Sie \u00fcber Wellen dreieckiger Walmd\u00e4cher, Spitzen wei\u00dfer Schornsteine und die anmutigen Kuppeln und T\u00fcrme der 33 Kirchen der Stadt.<\/p>\n<p>Von Tavira aus haben wir eine Reihe von Wanderungen vorbereitet, um Ihnen die unglaubliche Sch\u00f6nheit der Gegend, die K\u00fcsten- und Binnennatur sowie die Menschen und ihre Lebensweise zu zeigen.<\/p>\n<div id=\"attachment_1780\" style=\"width: 1034px\" class=\"wp-caption alignnone\"><img loading=\"lazy\" decoding=\"async\" aria-describedby=\"caption-attachment-1780\" class=\"wp-image-1780 size-large\" src=\"https:\/\/legendatours.net\/wp-content\/uploads\/2020\/03\/Colorful-tipical-houses-in-Tavira-1024x768.jpg\" alt=\"Colorful tipical houses in Tavira, a peaceful coastal town on the East Algarve.\" width=\"1024\" height=\"768\" \/><p id=\"caption-attachment-1780\" class=\"wp-caption-text\">Bunte typische H\u00e4user in Tavira, einer ruhigen K\u00fcstenstadt an der Ostalgarve.<\/p><\/div>\n<p>Die Landschaft der Ostalgarve zeigt eine ruhige Landschaft mit wei\u00df get\u00fcnchten D\u00f6rfern und Kork- und Olivenhainen. Die selbstgef\u00fchrten Wanderungen im Landesinneren schl\u00e4ngeln sich durch bezaubernde gr\u00fcne T\u00e4ler, mit Vogelgezwitscher als Soundtrack. Du wirst wenige Leute sehen und Frieden finden. Zitronen- und Orangenplantagen, Mandelb\u00e4ume, Olivenhaine und verschlafene D\u00f6rfer\u2026 Jeder Spaziergang ist voller Farben, Pflanzen, Tierwelt und Geschichte und alle sind unterschiedlich und bieten einzigartige Sehensw\u00fcrdigkeiten.<\/p>\n<p>Der Naturpark Ria Formosa umfasst 18.000 Hektar. Es ist ein System von Lagunen und Inseln und umfasst ein riesiges Gebiet von S\u00fcmpfen, Salzpfannen, B\u00e4chen und D\u00fcneninseln. Die vorgelagerten Inseln werden von ausgedehnten Sandstr\u00e4nden und malerischen typischen Fischerd\u00f6rfern ges\u00e4umt.<\/p>\n<p>Der Naturpark Ria Formosa ist ein unverzichtbares Gebiet f\u00fcr Zug- und Nistv\u00f6gel. Die Wanderungen dieses selbstgef\u00fchrten Programms f\u00fchren Sie in den Park, wo es eine gro\u00dfe Vielfalt an Watv\u00f6geln und vielen anderen Arten gibt. Flamingos sind im \u00dcberfluss vorhanden und eine Augenweide.<\/p>\n<p>An der Ostalgarve ist das Wetter gut, die Menschen sind freundlich und einladend, die Natur ist verlockend, das Essen und die Weine sind lecker und dieses Wanderprogramm ist darauf ausgerichtet, Ihnen das Beste dieser Region zu bieten, basierend auf den charmante Stadt Tavira. Sie werden ein Portugal sehen, von dem Sie nie gedacht h\u00e4tten, dass es existiert und das Sie nie vergessen werden!<\/p>\n<p>Unsere selbstgef\u00fchrten Wanderreisen sind sorgf\u00e4ltig konzipiert und enthalten alle Informationen, die Sie ben\u00f6tigen, von detaillierten Karten und Routenhinweisen bis hin zu einer 24-Stunden-Hotline. Die Unterkunft, Flughafentransfers und Transporte sind im Wanderprogramm enthalten.<\/p>\n<p>&nbsp;<\/p>\n<p>&nbsp;<\/p>\n<div class=\"row\">\n<div class=\"column\" style=\"flex: 45%\"><\/div>\n<div class=\"column\" style=\"flex: 10%\"><\/div>\n<div class=\"column\" style=\"flex: 45%\">\n<p><iframe loading=\"lazy\" title=\"Tavira Video-Promo\" width=\"1080\" height=\"608\" src=\"https:\/\/www.youtube.com\/embed\/W01BbUS0VNI?feature=oembed\" frameborder=\"0\" allow=\"accelerometer; autoplay; clipboard-write; encrypted-media; gyroscope; picture-in-picture; web-share\" allowfullscreen><\/iframe><\/p>\n<\/div>\n<\/div>","protected":false},"excerpt":{"rendered":"<p>Wandern in Tavira: Das Venedig der Algarve ist eine individuelle Wanderreise ab Tavira in der Ostalgarve. Diese speziell konzipierte Tour erkundet die Landschaft der Algarve und die Naturwunder des Naturparks Ria Formosa. Sie ist ein Genuss f\u00fcr alle, die K\u00fcstenwanderungen mit ihrer vielf\u00e4ltigen Tierwelt lieben, aber auch Wanderungen im ruhigen und traditionsreichen Hinterland der Algarve genie\u00dfen m\u00f6chten.<\/p>","protected":false},"featured_media":8097,"comment_status":"closed","ping_status":"closed","template":"","meta":{"_acf_changed":false,"inline_featured_image":false},"product_brand":[],"product_cat":[301,856],"product_tag":[147,306,876,154,155,338,758,313,759,760,761,762,1086,163,60,341,764,765,766,767,768,169,542,319,328,1087,322,770,174,1088,324,771,684,685,1089,933,325,772,326,911,112,658,122,466,123,1090,422,1091],"class_list":{"0":"post-8419","1":"product","2":"type-product","3":"status-publish","4":"has-post-thumbnail","6":"product_cat-self-guided-tours-portugal","7":"product_cat-self-guided-walking-holidays","8":"product_tag-algarve","9":"product_tag-alleine-reisen","10":"product_tag-coastal-algarve","11":"product_tag-east-algarve","12":"product_tag-europe","13":"product_tag-food-and-wines-are-tasty","14":"product_tag-individual-hiking","15":"product_tag-individuelle-touren","16":"product_tag-individuelle-trekkingreisen","17":"product_tag-individuelle-wandern","18":"product_tag-individuelle-wanderreisen","19":"product_tag-individuelle-wandertouren","20":"product_tag-olive-groves","21":"product_tag-orange","22":"product_tag-portugal","23":"product_tag-portugal-great-food-and-wine","24":"product_tag-rando-autoguidee","25":"product_tag-rando-liberte","26":"product_tag-randonnee-autoguidee","27":"product_tag-randonnee-en-liberte","28":"product_tag-randonnee-liberte","29":"product_tag-ria-formosa-natural-park","30":"product_tag-sandy-beaches","31":"product_tag-sejour-en-liberte","32":"product_tag-self-guided","33":"product_tag-self-guided-walks","34":"product_tag-solo-reisen","35":"product_tag-solo-wandern","36":"product_tag-tavira","37":"product_tag-the-algarve","38":"product_tag-tours-autoguidees","39":"product_tag-trek-en-liberte","40":"product_tag-trek-solo","41":"product_tag-trekking-solo","42":"product_tag-typical-fishing-villages","43":"product_tag-undisturbed-places-in-portugal","44":"product_tag-voyage-en-liberte","45":"product_tag-voyages-a-pied-en-liberte","46":"product_tag-voyages-en-autonomie","47":"product_tag-wading-birds","48":"product_tag-walking-holidays","49":"product_tag-walking-program","50":"product_tag-walking-tours","51":"product_tag-water-birds","52":"product_tag-western-europe","53":"product_tag-whitewashed-villages","54":"product_tag-wild-flowers","55":"product_tag-wildlife-and-history","57":"first","58":"instock","59":"virtual","60":"product-type-simple"},"acf":[],"yoast_head":"<!-- This site is optimized with the Yoast SEO Premium plugin v26.8 (Yoast SEO v27.5) - https:\/\/yoast.com\/product\/yoast-seo-premium-wordpress\/ -->\n<title>Walking Holidays in Tavira, the Venice of Algarve<\/title>\n<meta name=\"description\" content=\"Self-guided Walking Tour based in Tavira, East Algarve, designed to explore the natural wonders of the Ria Formosa Nature Park and the peaceful countryside.\" \/>\n<meta name=\"robots\" content=\"index, follow, max-snippet:-1, max-image-preview:large, max-video-preview:-1\" \/>\n<link rel=\"canonical\" href=\"https:\/\/legendatours.com\/de\/produkt\/tavira-the-venice-of-algarve-1200s\/\" \/>\n<meta property=\"og:locale\" content=\"de_DE\" \/>\n<meta property=\"og:type\" content=\"article\" \/>\n<meta property=\"og:title\" content=\"Self-guided Walking Tavira\" \/>\n<meta property=\"og:description\" content=\"Specially designed to explore the Algarve&#039;s countryside and the natural wonders of the Ria Formosa Natural Park\" \/>\n<meta property=\"og:url\" content=\"https:\/\/legendatours.com\/de\/produkt\/tavira-the-venice-of-algarve-1200s\/\" \/>\n<meta property=\"og:site_name\" content=\"Legendary Adventure DMC Portugal\" \/>\n<meta property=\"article:publisher\" content=\"https:\/\/www.facebook.com\/legendaryadventuredmc\/\" \/>\n<meta property=\"article:modified_time\" content=\"2026-03-18T14:40:12+00:00\" \/>\n<meta property=\"og:image\" content=\"https:\/\/legendatours.com\/wp-content\/uploads\/sites\/12\/2021\/04\/Walking_East_Algarve_Coast.jpg\" \/>\n\t<meta property=\"og:image:width\" content=\"1196\" \/>\n\t<meta property=\"og:image:height\" content=\"800\" \/>\n\t<meta property=\"og:image:type\" content=\"image\/jpeg\" \/>\n<meta name=\"twitter:card\" content=\"summary_large_image\" \/>\n<meta name=\"twitter:title\" content=\"Self-guided Walking Tavira\" \/>\n<meta name=\"twitter:description\" content=\"Specially designed to explore the Algarve&#039;s countryside and the natural wonders of the Ria Formosa Natural Park\" \/>\n<meta name=\"twitter:label1\" content=\"Gesch\u00e4tzte Lesezeit\" \/>\n\t<meta name=\"twitter:data1\" content=\"3\u00a0Minuten\" \/>\n<script type=\"application\/ld+json\" class=\"yoast-schema-graph\">{\"@context\":\"https:\\\/\\\/schema.org\",\"@graph\":[{\"@type\":\"WebPage\",\"@id\":\"https:\\\/\\\/legendatours.com\\\/product\\\/tavira-the-venice-of-algarve-1200s\\\/\",\"url\":\"https:\\\/\\\/legendatours.com\\\/product\\\/tavira-the-venice-of-algarve-1200s\\\/\",\"name\":\"Walking Holidays in Tavira, the Venice of Algarve\",\"isPartOf\":{\"@id\":\"https:\\\/\\\/legendatours.com\\\/#website\"},\"primaryImageOfPage\":{\"@id\":\"https:\\\/\\\/legendatours.com\\\/product\\\/tavira-the-venice-of-algarve-1200s\\\/#primaryimage\"},\"image\":{\"@id\":\"https:\\\/\\\/legendatours.com\\\/product\\\/tavira-the-venice-of-algarve-1200s\\\/#primaryimage\"},\"thumbnailUrl\":\"https:\\\/\\\/legendatours.com\\\/wp-content\\\/uploads\\\/sites\\\/12\\\/2021\\\/04\\\/Walking_East_Algarve_Coast.jpg\",\"datePublished\":\"2020-03-06T13:13:14+00:00\",\"dateModified\":\"2026-03-18T14:40:12+00:00\",\"description\":\"Self-guided Walking Tour based in Tavira, East Algarve, designed to explore the natural wonders of the Ria Formosa Nature Park and the peaceful countryside.\",\"breadcrumb\":{\"@id\":\"https:\\\/\\\/legendatours.com\\\/product\\\/tavira-the-venice-of-algarve-1200s\\\/#breadcrumb\"},\"inLanguage\":\"de\",\"potentialAction\":[{\"@type\":\"ReadAction\",\"target\":[\"https:\\\/\\\/legendatours.com\\\/product\\\/tavira-the-venice-of-algarve-1200s\\\/\"]}]},{\"@type\":\"ImageObject\",\"inLanguage\":\"de\",\"@id\":\"https:\\\/\\\/legendatours.com\\\/product\\\/tavira-the-venice-of-algarve-1200s\\\/#primaryimage\",\"url\":\"https:\\\/\\\/legendatours.com\\\/wp-content\\\/uploads\\\/sites\\\/12\\\/2021\\\/04\\\/Walking_East_Algarve_Coast.jpg\",\"contentUrl\":\"https:\\\/\\\/legendatours.com\\\/wp-content\\\/uploads\\\/sites\\\/12\\\/2021\\\/04\\\/Walking_East_Algarve_Coast.jpg\",\"width\":1196,\"height\":800,\"caption\":\"Walking in the East Algarve Coast\"},{\"@type\":\"BreadcrumbList\",\"@id\":\"https:\\\/\\\/legendatours.com\\\/product\\\/tavira-the-venice-of-algarve-1200s\\\/#breadcrumb\",\"itemListElement\":[{\"@type\":\"ListItem\",\"position\":1,\"name\":\"Home\",\"item\":\"https:\\\/\\\/legendatours.com\\\/\"},{\"@type\":\"ListItem\",\"position\":2,\"name\":\"Shop\",\"item\":\"https:\\\/\\\/legendatours.com\\\/sv\\\/?page_id=4\"},{\"@type\":\"ListItem\",\"position\":3,\"name\":\"The Algarve is so much more than sun and sea. In the little-visited East Algarve, it looks like time has stood still, and you\u2019ll feel how good it is to slow down and live the good life with this carefully crafted Self-Guided Walking Tour. Each day\u2019s walk highlights the contrasting landscape and wildlife of the region. This tour was put together for the enjoyment of those who have a special interest in rambling and nature.\"}]},{\"@type\":\"WebSite\",\"@id\":\"https:\\\/\\\/legendatours.com\\\/#website\",\"url\":\"https:\\\/\\\/legendatours.com\\\/\",\"name\":\"Legendary Adventure DMC Portugal\",\"description\":\"Responsible Walking &amp; Nature Holidays in Portugal\",\"publisher\":{\"@id\":\"https:\\\/\\\/legendatours.com\\\/#organization\"},\"alternateName\":\"Legendary Adventure Portugal\",\"potentialAction\":[{\"@type\":\"SearchAction\",\"target\":{\"@type\":\"EntryPoint\",\"urlTemplate\":\"https:\\\/\\\/legendatours.com\\\/?s={search_term_string}\"},\"query-input\":{\"@type\":\"PropertyValueSpecification\",\"valueRequired\":true,\"valueName\":\"search_term_string\"}}],\"inLanguage\":\"de\"},{\"@type\":\"Organization\",\"@id\":\"https:\\\/\\\/legendatours.com\\\/#organization\",\"name\":\"legendatours.com\",\"url\":\"https:\\\/\\\/legendatours.com\\\/\",\"logo\":{\"@type\":\"ImageObject\",\"inLanguage\":\"de\",\"@id\":\"https:\\\/\\\/legendatours.com\\\/#\\\/schema\\\/logo\\\/image\\\/\",\"url\":\"https:\\\/\\\/legendatours.com\\\/wp-content\\\/uploads\\\/sites\\\/12\\\/2021\\\/06\\\/legendary_adventure_dmc.png\",\"contentUrl\":\"https:\\\/\\\/legendatours.com\\\/wp-content\\\/uploads\\\/sites\\\/12\\\/2021\\\/06\\\/legendary_adventure_dmc.png\",\"width\":250,\"height\":74,\"caption\":\"legendatours.com\"},\"image\":{\"@id\":\"https:\\\/\\\/legendatours.com\\\/#\\\/schema\\\/logo\\\/image\\\/\"},\"sameAs\":[\"https:\\\/\\\/www.facebook.com\\\/legendaryadventuredmc\\\/\",\"https:\\\/\\\/www.linkedin.com\\\/company\\\/legendary-adventure-dmc-portugal\",\"https:\\\/\\\/www.youtube.com\\\/channel\\\/UCOIRDx_KM6ynIcacQkZjb6g\"]}]}<\/script>\n<!-- \/ Yoast SEO Premium plugin. -->","yoast_head_json":{"title":"Wanderurlaub in Tavira, dem Venedig der Algarve","description":"Selbstgef\u00fchrter Rundgang in Tavira, Ostalgarve, um die Naturwunder des Naturparks Ria Formosa und die friedliche Landschaft zu erkunden.","robots":{"index":"index","follow":"follow","max-snippet":"max-snippet:-1","max-image-preview":"max-image-preview:large","max-video-preview":"max-video-preview:-1"},"canonical":"https:\/\/legendatours.com\/de\/produkt\/tavira-the-venice-of-algarve-1200s\/","og_locale":"de_DE","og_type":"article","og_title":"Self-guided Walking Tavira","og_description":"Specially designed to explore the Algarve's countryside and the natural wonders of the Ria Formosa Natural Park","og_url":"https:\/\/legendatours.com\/de\/produkt\/tavira-the-venice-of-algarve-1200s\/","og_site_name":"Legendary Adventure DMC Portugal","article_publisher":"https:\/\/www.facebook.com\/legendaryadventuredmc\/","article_modified_time":"2026-03-18T14:40:12+00:00","og_image":[{"width":1196,"height":800,"url":"https:\/\/legendatours.com\/wp-content\/uploads\/sites\/12\/2021\/04\/Walking_East_Algarve_Coast.jpg","type":"image\/jpeg"}],"twitter_card":"summary_large_image","twitter_title":"Self-guided Walking Tavira","twitter_description":"Specially designed to explore the Algarve's countryside and the natural wonders of the Ria Formosa Natural Park","twitter_misc":{"Gesch\u00e4tzte Lesezeit":"3\u00a0Minuten"},"schema":{"@context":"https:\/\/schema.org","@graph":[{"@type":"WebPage","@id":"https:\/\/legendatours.com\/product\/tavira-the-venice-of-algarve-1200s\/","url":"https:\/\/legendatours.com\/product\/tavira-the-venice-of-algarve-1200s\/","name":"Wanderurlaub in Tavira, dem Venedig der Algarve","isPartOf":{"@id":"https:\/\/legendatours.com\/#website"},"primaryImageOfPage":{"@id":"https:\/\/legendatours.com\/product\/tavira-the-venice-of-algarve-1200s\/#primaryimage"},"image":{"@id":"https:\/\/legendatours.com\/product\/tavira-the-venice-of-algarve-1200s\/#primaryimage"},"thumbnailUrl":"https:\/\/legendatours.com\/wp-content\/uploads\/sites\/12\/2021\/04\/Walking_East_Algarve_Coast.jpg","datePublished":"2020-03-06T13:13:14+00:00","dateModified":"2026-03-18T14:40:12+00:00","description":"Selbstgef\u00fchrter Rundgang in Tavira, Ostalgarve, um die Naturwunder des Naturparks Ria Formosa und die friedliche Landschaft zu erkunden.","breadcrumb":{"@id":"https:\/\/legendatours.com\/product\/tavira-the-venice-of-algarve-1200s\/#breadcrumb"},"inLanguage":"de","potentialAction":[{"@type":"ReadAction","target":["https:\/\/legendatours.com\/product\/tavira-the-venice-of-algarve-1200s\/"]}]},{"@type":"ImageObject","inLanguage":"de","@id":"https:\/\/legendatours.com\/product\/tavira-the-venice-of-algarve-1200s\/#primaryimage","url":"https:\/\/legendatours.com\/wp-content\/uploads\/sites\/12\/2021\/04\/Walking_East_Algarve_Coast.jpg","contentUrl":"https:\/\/legendatours.com\/wp-content\/uploads\/sites\/12\/2021\/04\/Walking_East_Algarve_Coast.jpg","width":1196,"height":800,"caption":"Walking in the East Algarve Coast"},{"@type":"BreadcrumbList","@id":"https:\/\/legendatours.com\/product\/tavira-the-venice-of-algarve-1200s\/#breadcrumb","itemListElement":[{"@type":"ListItem","position":1,"name":"Home","item":"https:\/\/legendatours.com\/"},{"@type":"ListItem","position":2,"name":"Shop","item":"https:\/\/legendatours.com\/sv\/?page_id=4"},{"@type":"ListItem","position":3,"name":"The Algarve is so much more than sun and sea. In the little-visited East Algarve, it looks like time has stood still, and you\u2019ll feel how good it is to slow down and live the good life with this carefully crafted Self-Guided Walking Tour. Each day\u2019s walk highlights the contrasting landscape and wildlife of the region. This tour was put together for the enjoyment of those who have a special interest in rambling and nature."}]},{"@type":"WebSite","@id":"https:\/\/legendatours.com\/#website","url":"https:\/\/legendatours.com\/","name":"Legend\u00e4res Abenteuer DMC Portugal","description":"Verantwortungsvolles Wandern und Natururlaub in Portugal","publisher":{"@id":"https:\/\/legendatours.com\/#organization"},"alternateName":"Legendary Adventure Portugal","potentialAction":[{"@type":"SearchAction","target":{"@type":"EntryPoint","urlTemplate":"https:\/\/legendatours.com\/?s={search_term_string}"},"query-input":{"@type":"PropertyValueSpecification","valueRequired":true,"valueName":"search_term_string"}}],"inLanguage":"de"},{"@type":"Organization","@id":"https:\/\/legendatours.com\/#organization","name":"legendatours.com","url":"https:\/\/legendatours.com\/","logo":{"@type":"ImageObject","inLanguage":"de","@id":"https:\/\/legendatours.com\/#\/schema\/logo\/image\/","url":"https:\/\/legendatours.com\/wp-content\/uploads\/sites\/12\/2021\/06\/legendary_adventure_dmc.png","contentUrl":"https:\/\/legendatours.com\/wp-content\/uploads\/sites\/12\/2021\/06\/legendary_adventure_dmc.png","width":250,"height":74,"caption":"legendatours.com"},"image":{"@id":"https:\/\/legendatours.com\/#\/schema\/logo\/image\/"},"sameAs":["https:\/\/www.facebook.com\/legendaryadventuredmc\/","https:\/\/www.linkedin.com\/company\/legendary-adventure-dmc-portugal","https:\/\/www.youtube.com\/channel\/UCOIRDx_KM6ynIcacQkZjb6g"]}]}},"_links":{"self":[{"href":"https:\/\/legendatours.com\/de\/wp-json\/wp\/v2\/product\/8419","targetHints":{"allow":["GET"]}}],"collection":[{"href":"https:\/\/legendatours.com\/de\/wp-json\/wp\/v2\/product"}],"about":[{"href":"https:\/\/legendatours.com\/de\/wp-json\/wp\/v2\/types\/product"}],"replies":[{"embeddable":true,"href":"https:\/\/legendatours.com\/de\/wp-json\/wp\/v2\/comments?post=8419"}],"wp:featuredmedia":[{"embeddable":true,"href":"https:\/\/legendatours.com\/de\/wp-json\/wp\/v2\/media\/8097"}],"wp:attachment":[{"href":"https:\/\/legendatours.com\/de\/wp-json\/wp\/v2\/media?parent=8419"}],"wp:term":[{"taxonomy":"product_brand","embeddable":true,"href":"https:\/\/legendatours.com\/de\/wp-json\/wp\/v2\/product_brand?post=8419"},{"taxonomy":"product_cat","embeddable":true,"href":"https:\/\/legendatours.com\/de\/wp-json\/wp\/v2\/product_cat?post=8419"},{"taxonomy":"product_tag","embeddable":true,"href":"https:\/\/legendatours.com\/de\/wp-json\/wp\/v2\/product_tag?post=8419"}],"curies":[{"name":"wp","href":"https:\/\/api.w.org\/{rel}","templated":true}]}}