{"id":8428,"date":"2020-03-06T13:12:09","date_gmt":"2020-03-06T13:12:09","guid":{"rendered":"https:\/\/legendatours.com\/product\/self-guided-walking-holiday-in-porto-city-heritage-nature\/"},"modified":"2022-01-02T22:52:40","modified_gmt":"2022-01-02T22:52:40","slug":"porto-city-nature-1100s","status":"publish","type":"product","link":"https:\/\/legendatours.com\/de\/produkt\/porto-city-nature-1100s\/","title":{"rendered":"Selbstgef\u00fchrter Wanderurlaub in Porto: Stadt, Kulturerbe &amp; Natur"},"content":{"rendered":"<p>Ein selbstgef\u00fchrter Wanderurlaub in Porto, um die faszinierende Stadt zu erkunden, die dem Portwein seinen Namen gab. Prachtvolle historische Geb\u00e4ude und pr\u00e4chtige Kirchen treffen auf malerische Altstadtviertel und eine lebendige, moderne Atmosph\u00e4re.<\/p>\n<p>Die Tour beinhaltet auch sch\u00f6ne K\u00fcstenwanderungen entlang der K\u00fcste, Besuche in nahe gelegenen St\u00e4dten und Guimar\u00e3es, dem Geburtsort Portugals.<\/p>\n<div id=\"attachment_1936\" style=\"width: 1034px\" class=\"wp-caption alignnone\"><img loading=\"lazy\" decoding=\"async\" aria-describedby=\"caption-attachment-1936\" class=\"wp-image-1936 size-large\" title=\"Clerigos-Turm in Porto. Die Altstadt ist ein UNESCO-Weltkulturerbe voller historischer Geb\u00e4ude\" src=\"https:\/\/legendatours.net\/wp-content\/uploads\/2020\/03\/Clerigos-Tower-1024x683.jpg\" alt=\"Clerigos Tower in Porto\" width=\"1024\" height=\"683\" \/><p id=\"caption-attachment-1936\" class=\"wp-caption-text\">Clerigos-Turm in Porto. Die Altstadt ist ein UNESCO-Weltkulturerbe voller historischer Geb\u00e4ude<\/p><\/div>\n<p>Porto, am Fluss Douro gelegen, ist die Hauptstadt des Nordens und die zweitgr\u00f6\u00dfte Stadt Portugals. Sie geh\u00f6rt zum Weltkulturerbe und ist seit Jahren das Zentrum des Portweinhandels.<\/p>\n<p>Der beste Weg, diese Stadt und ihre Umgebung zu erkunden, ist immer zu Fu\u00df, und die Wanderungen dieser selbstgef\u00fchrten Tour bieten einen guten Einblick in die Region.<\/p>\n<p>Folgen Sie dem fantasievoll angelegten Gehweg am Ufer des Flusses Douro entlang der K\u00fcste nach S\u00fcden und erkunden Sie das traditionelle Fischerdorf Afurada.<\/p>\n<p>In der Stadt k\u00f6nnen Sie sch\u00f6ne Spazierg\u00e4nge durch einige sch\u00f6ne Parks und G\u00e4rten machen, entlang begr\u00fcnter, ruhiger Gassen, die den ruhigeren Teil der Stadt zeigen, durch einige malerische und alte Viertel.<\/p>\n<p>Sie haben Zeit, einige der ber\u00fchmtesten Monumente und St\u00e4tten von Porto zu besuchen, wie die Pra\u00e7a da Ribeira und die Port Lodges, die entlang des Flusses Douro verstreut sind. Ein Zwischenstopp, um ein Glas Portwein zu probieren, ist obligatorisch.<\/p>\n<div id=\"attachment_1939\" style=\"width: 1034px\" class=\"wp-caption alignnone\"><img loading=\"lazy\" decoding=\"async\" aria-describedby=\"caption-attachment-1939\" class=\"wp-image-1939 size-large\" title=\"Bahnhof Porto S\u00e3o Bento, wo die Kacheln Szenen k\u00f6niglicher Versammlungen und das traditionelle Landleben darstellen.\" src=\"https:\/\/legendatours.net\/wp-content\/uploads\/2020\/03\/Estacao-Sao-Bento-tiles-1024x683.jpg\" alt=\"Porto S\u00e3o Bento station where the tiles depict scenes of royal gatherings and traditional rural life.\" width=\"1024\" height=\"683\" \/><p id=\"caption-attachment-1939\" class=\"wp-caption-text\">Bahnhof Porto S\u00e3o Bento, wo die Kacheln Szenen k\u00f6niglicher Versammlungen und das traditionelle Landleben darstellen.<\/p><\/div>\n<p>Besuchen Sie auch die Kathedrale, die B\u00f6rse, den Bahnhof S. Bento, das Museu Romantico, Casa Tait, den Crystal Palace und den herrlichen Parque da Cidade.<\/p>\n<p>Von der Br\u00fccke D. Luis I (entworfen von Te\u00f3filo Seyrig, einem Sch\u00fcler von Gustave Eiffel, dem Autor des Pariser Symbols), werden wir einige herrliche Ausblicke auf die Serra do Pilar sehen.<\/p>\n<p>Guimar\u00e3es ist eine bezaubernde mittelalterliche Stadt und der Geburtsort Portugals.<\/p>\n<p>Das Zentrum ist ein Labyrinth aus engen Gassen und malerischen Pl\u00e4tzen, eingerahmt von Geb\u00e4uden aus dem 14. Jahrhundert, w\u00e4hrend auf einem H\u00fcgel die 1000 Jahre alte Burg und der massive Palast des ersten Herzogs von Bragan\u00e7a im 15. Die Altstadt von Guimar\u00e3es wurde 2001 von der Unesco zum Weltkulturerbe erkl\u00e4rt.<\/p>\n<div id=\"attachment_2532\" style=\"width: 1031px\" class=\"wp-caption alignnone\"><img loading=\"lazy\" decoding=\"async\" aria-describedby=\"caption-attachment-2532\" class=\"wp-image-2532 size-full\" title=\"Porto, am Fluss Douro gelegen, ist die Hauptstadt des Nordens und die zweitgr\u00f6\u00dfte Stadt Portugals. \" src=\"https:\/\/legendatours.net\/wp-content\/uploads\/2020\/06\/Porto_night.jpg\" alt=\"Porto, situated on the Douro River, is the capital of the north and the second largest city in Portugal. \" width=\"1021\" height=\"800\" \/><p id=\"caption-attachment-2532\" class=\"wp-caption-text\">Porto, am Fluss Douro gelegen, ist die Hauptstadt des Nordens und die zweitgr\u00f6\u00dfte Stadt Portugals.<\/p><\/div>\n<p>Im Zeitalter der Entdeckungen war P\u00f3voa de Varzim historisch ein Fischerhafen und Schiffbauzentrum und heute ein beliebter Ferienort mit 12 km atemberaubenden Str\u00e4nden. Seit Ende des 19. Dies wird das Ziel einer der Wanderungen entlang der K\u00fcste sein.<\/p>\n<p>Ebenfalls an der K\u00fcste liegt Vila do Conde, eine h\u00fcbsche K\u00fcstenstadt an der M\u00fcndung der Ave. Die Region ist ber\u00fchmt f\u00fcr den traditionellen Bootsbau und die exquisite Spitzenherstellung. Die Altstadt beh\u00e4lt ihren kleinen Fischerhafen und es gibt mehrere historische Geb\u00e4ude zu bewundern, darunter das Kloster Santa Clara, das f\u00fcr seine \u201edoces conventuais\u201c ber\u00fchmt ist \u2013 k\u00f6stliche S\u00fc\u00dfigkeiten, die urspr\u00fcnglich nur in Kl\u00f6stern hergestellt wurden und heute in Caf\u00e9s in der ganzen Stadt gekauft werden k\u00f6nnen.<\/p>\n<p>Im Norden Portugals sind die Menschen sprichw\u00f6rtlich gro\u00dfz\u00fcgig und gastfreundlich. Der Fluss Douro und die kilometerlangen Sandstr\u00e4nde sind eine Oase, gleichg\u00fcltig gegen\u00fcber der Hektik der Stadt.<\/p>\n<p>Die Stadt Porto hat Jahrhunderte an Geschichte zu bieten, mit d\u00fcsteren mittelalterlichen Geb\u00e4uden, architektonischen Br\u00fccken und Jugendstil-Caf\u00e9s, die gl\u00fccklich mit einer sehr modernen und vielseitigen Atmosph\u00e4re leben, in der f\u00fcr jeden etwas dabei ist.<\/p>\n<p>Ganz zu schweigen davon, dass das Essen und die Weine episch und eine wahre Lebensart sind, die Teil der Identit\u00e4t der Stadt und der Region sind.<\/p>\n<div id=\"attachment_1940\" style=\"width: 1034px\" class=\"wp-caption alignnone\"><img loading=\"lazy\" decoding=\"async\" aria-describedby=\"caption-attachment-1940\" class=\"wp-image-1940 size-large\" title=\"Fischerdorf in der N\u00e4he von Porto, erkunden Sie die unbekannte K\u00fcste s\u00fcdlich von Porto und die sch\u00f6nen Str\u00e4nde entlang des Atlantiks.\" src=\"https:\/\/legendatours.net\/wp-content\/uploads\/2020\/03\/Fishing-village-near-Porto-1024x678.jpg\" alt=\"Fishing village near Porto, explore the unknown coast south of Porto and the beautiful beaches along the Atlantic.\" width=\"1024\" height=\"678\" \/><p id=\"caption-attachment-1940\" class=\"wp-caption-text\">Fischerdorf in der N\u00e4he von Porto, erkunden Sie die unbekannte K\u00fcste s\u00fcdlich von Porto und die sch\u00f6nen Str\u00e4nde entlang des Atlantiks.<\/p><\/div>\n<p>Aus all diesen Gr\u00fcnden ist dieser selbstgef\u00fchrte Wanderurlaub in Porto ein Muss!<\/p>\n<p>Unsere selbstgef\u00fchrten Wanderungen sind sorgf\u00e4ltig konzipiert und enthalten alle Informationen, die Sie ben\u00f6tigen, von detaillierten Karten und Routenhinweisen bis hin zu einer 24-Stunden-Hotline. Die Unterkunft, Flughafentransfers und Transporte sind im Wanderprogramm enthalten.<\/p>\n<div class=\"row\" style=\"display: flex;\">\n<div class=\"column\" style=\"flex: 45%;\">\n<p><iframe loading=\"lazy\" title=\"Turismo do Porto e Norte de Portugal Stadt &amp; Kurzurlaub\" width=\"1080\" height=\"608\" src=\"https:\/\/www.youtube.com\/embed\/pZV6Ve8PQHM?feature=oembed\" frameborder=\"0\" allow=\"accelerometer; autoplay; clipboard-write; encrypted-media; gyroscope; picture-in-picture\" allowfullscreen><\/iframe><\/p>\n<\/div>\n<div class=\"column\" style=\"flex: 10%;\"><\/div>\n<div class=\"column\" style=\"flex: 45%;\">\n<p><iframe loading=\"lazy\" title=\"Rundgang durch Turismo do Porto und Norte de Portugal\" width=\"1080\" height=\"608\" src=\"https:\/\/www.youtube.com\/embed\/KO4kd3cx9wQ?feature=oembed\" frameborder=\"0\" allow=\"accelerometer; autoplay; clipboard-write; encrypted-media; gyroscope; picture-in-picture\" allowfullscreen><\/iframe><\/p>\n<\/div>\n<\/div>","protected":false},"excerpt":{"rendered":"<p>Ein selbstgef\u00fchrter Wanderurlaub in Porto, um die faszinierende Stadt zu erkunden, die dem Portwein seinen Namen gab. Prachtvolle historische Geb\u00e4ude und pr\u00e4chtige Kirchen treffen auf malerische Altstadtviertel und eine lebendige, moderne Atmosph\u00e4re. Die Tour beinhaltet auch sch\u00f6ne K\u00fcstenwanderungen entlang der K\u00fcste, Besuche in nahe gelegenen St\u00e4dten und Guimar\u00e3es, dem Geburtsort Portugals.<\/p>","protected":false},"featured_media":1774,"comment_status":"closed","ping_status":"closed","template":"","meta":{"_acf_changed":false,"inline_featured_image":false},"product_brand":[],"product_cat":[301,856],"product_tag":[306,33,333,985,1092,1140,128,81,35,37,38,39,40,1094,1013,1015,613,117,1095,217,191,159,192,404,758,313,759,760,761,762,221,745,162,272,56,1096,353,354,57,58,618,60,341,1017,1097,1098,1018,1019,1020,764,765,766,767,768,63,277,1099,319,328,753,228,951,322,770,1026,1100,1028,1101,1029,1030,1031,1032,1033,1034,324,1035,1036,481,285,771,684,685,71,721,230,1037,409,1038,325,772,326,180,359,123,360,346,410],"class_list":{"0":"post-8428","1":"product","2":"type-product","3":"status-publish","4":"has-post-thumbnail","6":"product_cat-self-guided-tours-portugal","7":"product_cat-self-guided-walking-holidays","8":"product_tag-alleine-reisen","9":"product_tag-alto-douro-wine-region","10":"product_tag-ancient-churches","11":"product_tag-architecture","12":"product_tag-art-nouveau-cafes-day-tours","13":"product_tag-casa-tait","14":"product_tag-city-walks","15":"product_tag-coastal-walks","16":"product_tag-crystal-palace","17":"product_tag-d-luis-i-bridge","18":"product_tag-douro","19":"product_tag-douro-river","20":"product_tag-douro-valley","21":"product_tag-duke-of-braganca","22":"product_tag-excursions","23":"product_tag-food-wine-tours","24":"product_tag-gastronomy-holidays","25":"product_tag-guimaraes","26":"product_tag-gustave-eiffel","27":"product_tag-heritage","28":"product_tag-hiking-tour","29":"product_tag-hiking-trails","30":"product_tag-historic-buildings","31":"product_tag-holiday-activities-walking-guides","32":"product_tag-individual-hiking","33":"product_tag-individuelle-touren","34":"product_tag-individuelle-trekkingreisen","35":"product_tag-individuelle-wandern","36":"product_tag-individuelle-wanderreisen","37":"product_tag-individuelle-wandertouren","38":"product_tag-minho-region-portugal","39":"product_tag-nature-hikes","40":"product_tag-nature-walks","41":"product_tag-north-of-portugal","42":"product_tag-oporto","43":"product_tag-parque-da-cidade","44":"product_tag-port-lodges","45":"product_tag-port-wine","46":"product_tag-porto","47":"product_tag-porto-bridges","48":"product_tag-porto-cathedral","49":"product_tag-portugal","50":"product_tag-portugal-great-food-and-wine","51":"product_tag-portugal-tours","52":"product_tag-povoa-de-varzim","53":"product_tag-praca-da-ribeira","54":"product_tag-private-excursions","55":"product_tag-private-tours","56":"product_tag-private-tours-algarve","57":"product_tag-rando-autoguidee","58":"product_tag-rando-liberte","59":"product_tag-randonnee-autoguidee","60":"product_tag-randonnee-en-liberte","61":"product_tag-randonnee-liberte","62":"product_tag-river-cruise-douro","63":"product_tag-river-douro","64":"product_tag-s-bento-station","65":"product_tag-sejour-en-liberte","66":"product_tag-self-guided","67":"product_tag-self-guided-walking-tour","68":"product_tag-sightseeing","69":"product_tag-sightseeing-tours","70":"product_tag-solo-reisen","71":"product_tag-solo-wandern","72":"product_tag-special-interest","73":"product_tag-stock-exchange","74":"product_tag-summer-breaks","75":"product_tag-teofilo-seyrig","76":"product_tag-tour","77":"product_tag-tour-algarve","78":"product_tag-tour-of-algarve","79":"product_tag-tour-of-the-algarve","80":"product_tag-tours","81":"product_tag-tours-algarve","82":"product_tag-tours-autoguidees","83":"product_tag-tours-portugal","84":"product_tag-tours-town","85":"product_tag-travel-algarve","86":"product_tag-travel-train-tour-in-portugal","87":"product_tag-trek-en-liberte","88":"product_tag-trek-solo","89":"product_tag-trekking-solo","90":"product_tag-unesco-world-heritage-site","91":"product_tag-via-algarviana","92":"product_tag-viana-do-castelo","93":"product_tag-vicentina","94":"product_tag-vineyards-and-terraces","95":"product_tag-visit-algarve","96":"product_tag-voyage-en-liberte","97":"product_tag-voyages-a-pied-en-liberte","98":"product_tag-voyages-en-autonomie","99":"product_tag-walking-tour","100":"product_tag-walks-porto","101":"product_tag-western-europe","102":"product_tag-wine-lovers","103":"product_tag-world-heritage-city","104":"product_tag-worlds-best-wines","106":"first","107":"instock","108":"virtual","109":"product-type-simple"},"acf":[],"yoast_head":"<!-- This site is optimized with the Yoast SEO Premium plugin v26.8 (Yoast SEO v27.4) - https:\/\/yoast.com\/product\/yoast-seo-premium-wordpress\/ -->\n<title>Self-guided Walking Holiday in Porto: City, Heritage &amp; Nature - Legendary Adventure DMC Portugal<\/title>\n<meta name=\"description\" content=\"A Self-guided Walking Holiday in Porto to explore the city that gave its name to Port wine. Includes beautiful coastal walks and visits to nearby cities.\" \/>\n<meta name=\"robots\" content=\"index, follow, max-snippet:-1, max-image-preview:large, max-video-preview:-1\" \/>\n<link rel=\"canonical\" href=\"https:\/\/legendatours.com\/de\/produkt\/porto-city-nature-1100s\/\" \/>\n<meta property=\"og:locale\" content=\"de_DE\" \/>\n<meta property=\"og:type\" content=\"article\" \/>\n<meta property=\"og:title\" content=\"Self-guided Walking Holiday in Porto: City, Heritage &amp; Nature\" \/>\n<meta property=\"og:description\" content=\"A Self-guided Walking Holiday in Porto to explore the city that gave its name to Port wine. Includes beautiful coastal walks and visits to nearby cities.\" \/>\n<meta property=\"og:url\" content=\"https:\/\/legendatours.com\/de\/produkt\/porto-city-nature-1100s\/\" \/>\n<meta property=\"og:site_name\" content=\"Legendary Adventure DMC Portugal\" \/>\n<meta property=\"article:publisher\" content=\"https:\/\/www.facebook.com\/legendaryadventuredmc\/\" \/>\n<meta property=\"article:modified_time\" content=\"2022-01-02T22:52:40+00:00\" \/>\n<meta property=\"og:image\" content=\"https:\/\/legendatours.com\/wp-content\/uploads\/sites\/12\/2021\/04\/Porto-self-guided-walking-e1611680357605.jpg\" \/>\n\t<meta property=\"og:image:width\" content=\"1024\" \/>\n\t<meta property=\"og:image:height\" content=\"683\" \/>\n\t<meta property=\"og:image:type\" content=\"image\/jpeg\" \/>\n<meta name=\"twitter:card\" content=\"summary_large_image\" \/>\n<meta name=\"twitter:label1\" content=\"Gesch\u00e4tzte Lesezeit\" \/>\n\t<meta name=\"twitter:data1\" content=\"4\u00a0Minuten\" \/>\n<script type=\"application\/ld+json\" class=\"yoast-schema-graph\">{\"@context\":\"https:\\\/\\\/schema.org\",\"@graph\":[{\"@type\":\"WebPage\",\"@id\":\"https:\\\/\\\/legendatours.com\\\/product\\\/porto-city-nature-1100s\\\/\",\"url\":\"https:\\\/\\\/legendatours.com\\\/product\\\/porto-city-nature-1100s\\\/\",\"name\":\"Self-guided Walking Holiday in Porto: City, Heritage &amp; Nature - Legendary Adventure DMC Portugal\",\"isPartOf\":{\"@id\":\"https:\\\/\\\/legendatours.com\\\/#website\"},\"primaryImageOfPage\":{\"@id\":\"https:\\\/\\\/legendatours.com\\\/product\\\/porto-city-nature-1100s\\\/#primaryimage\"},\"image\":{\"@id\":\"https:\\\/\\\/legendatours.com\\\/product\\\/porto-city-nature-1100s\\\/#primaryimage\"},\"thumbnailUrl\":\"https:\\\/\\\/legendatours.com\\\/wp-content\\\/uploads\\\/sites\\\/12\\\/2021\\\/04\\\/Porto-self-guided-walking-e1611680357605.jpg\",\"datePublished\":\"2020-03-06T13:12:09+00:00\",\"dateModified\":\"2022-01-02T22:52:40+00:00\",\"description\":\"A Self-guided Walking Holiday in Porto to explore the city that gave its name to Port wine. Includes beautiful coastal walks and visits to nearby cities.\",\"breadcrumb\":{\"@id\":\"https:\\\/\\\/legendatours.com\\\/product\\\/porto-city-nature-1100s\\\/#breadcrumb\"},\"inLanguage\":\"de\",\"potentialAction\":[{\"@type\":\"ReadAction\",\"target\":[\"https:\\\/\\\/legendatours.com\\\/product\\\/porto-city-nature-1100s\\\/\"]}]},{\"@type\":\"ImageObject\",\"inLanguage\":\"de\",\"@id\":\"https:\\\/\\\/legendatours.com\\\/product\\\/porto-city-nature-1100s\\\/#primaryimage\",\"url\":\"https:\\\/\\\/legendatours.com\\\/wp-content\\\/uploads\\\/sites\\\/12\\\/2021\\\/04\\\/Porto-self-guided-walking-e1611680357605.jpg\",\"contentUrl\":\"https:\\\/\\\/legendatours.com\\\/wp-content\\\/uploads\\\/sites\\\/12\\\/2021\\\/04\\\/Porto-self-guided-walking-e1611680357605.jpg\",\"width\":1024,\"height\":683,\"caption\":\"Porto, old town skyline from across the Douro River\"},{\"@type\":\"BreadcrumbList\",\"@id\":\"https:\\\/\\\/legendatours.com\\\/product\\\/porto-city-nature-1100s\\\/#breadcrumb\",\"itemListElement\":[{\"@type\":\"ListItem\",\"position\":1,\"name\":\"Home\",\"item\":\"https:\\\/\\\/legendatours.com\\\/\"},{\"@type\":\"ListItem\",\"position\":2,\"name\":\"Shop\",\"item\":\"https:\\\/\\\/legendatours.com\\\/sv\\\/?page_id=4\"},{\"@type\":\"ListItem\",\"position\":3,\"name\":\"A Self-guided Walking Holiday in Porto crafted to explore the intriguing city that gave its name to Port wine. Grand historic buildings and magnificent churches rub shoulders with picturesque old quarters and a vibrant contemporary atmosphere.\"}]},{\"@type\":\"WebSite\",\"@id\":\"https:\\\/\\\/legendatours.com\\\/#website\",\"url\":\"https:\\\/\\\/legendatours.com\\\/\",\"name\":\"Legendary Adventure DMC Portugal\",\"description\":\"Responsible Walking &amp; Nature Holidays in Portugal\",\"publisher\":{\"@id\":\"https:\\\/\\\/legendatours.com\\\/#organization\"},\"alternateName\":\"Legendary Adventure Portugal\",\"potentialAction\":[{\"@type\":\"SearchAction\",\"target\":{\"@type\":\"EntryPoint\",\"urlTemplate\":\"https:\\\/\\\/legendatours.com\\\/?s={search_term_string}\"},\"query-input\":{\"@type\":\"PropertyValueSpecification\",\"valueRequired\":true,\"valueName\":\"search_term_string\"}}],\"inLanguage\":\"de\"},{\"@type\":\"Organization\",\"@id\":\"https:\\\/\\\/legendatours.com\\\/#organization\",\"name\":\"legendatours.com\",\"url\":\"https:\\\/\\\/legendatours.com\\\/\",\"logo\":{\"@type\":\"ImageObject\",\"inLanguage\":\"de\",\"@id\":\"https:\\\/\\\/legendatours.com\\\/#\\\/schema\\\/logo\\\/image\\\/\",\"url\":\"https:\\\/\\\/legendatours.com\\\/wp-content\\\/uploads\\\/sites\\\/12\\\/2021\\\/06\\\/legendary_adventure_dmc.png\",\"contentUrl\":\"https:\\\/\\\/legendatours.com\\\/wp-content\\\/uploads\\\/sites\\\/12\\\/2021\\\/06\\\/legendary_adventure_dmc.png\",\"width\":250,\"height\":74,\"caption\":\"legendatours.com\"},\"image\":{\"@id\":\"https:\\\/\\\/legendatours.com\\\/#\\\/schema\\\/logo\\\/image\\\/\"},\"sameAs\":[\"https:\\\/\\\/www.facebook.com\\\/legendaryadventuredmc\\\/\",\"https:\\\/\\\/www.linkedin.com\\\/company\\\/legendary-adventure-dmc-portugal\",\"https:\\\/\\\/www.youtube.com\\\/channel\\\/UCOIRDx_KM6ynIcacQkZjb6g\"]}]}<\/script>\n<!-- \/ Yoast SEO Premium plugin. -->","yoast_head_json":{"title":"Selbstgef\u00fchrter Wanderurlaub in Porto: Stadt, Kulturerbe &amp; Natur - Legendary Adventure DMC Portugal","description":"Ein selbstgef\u00fchrter Wanderurlaub in Porto, um die Stadt zu erkunden, die dem Portwein seinen Namen gegeben hat. Beinhaltet sch\u00f6ne K\u00fcstenwanderungen und Besuche in nahe gelegenen St\u00e4dten.","robots":{"index":"index","follow":"follow","max-snippet":"max-snippet:-1","max-image-preview":"max-image-preview:large","max-video-preview":"max-video-preview:-1"},"canonical":"https:\/\/legendatours.com\/de\/produkt\/porto-city-nature-1100s\/","og_locale":"de_DE","og_type":"article","og_title":"Self-guided Walking Holiday in Porto: City, Heritage &amp; Nature","og_description":"A Self-guided Walking Holiday in Porto to explore the city that gave its name to Port wine. Includes beautiful coastal walks and visits to nearby cities.","og_url":"https:\/\/legendatours.com\/de\/produkt\/porto-city-nature-1100s\/","og_site_name":"Legendary Adventure DMC Portugal","article_publisher":"https:\/\/www.facebook.com\/legendaryadventuredmc\/","article_modified_time":"2022-01-02T22:52:40+00:00","og_image":[{"width":1024,"height":683,"url":"https:\/\/legendatours.com\/wp-content\/uploads\/sites\/12\/2021\/04\/Porto-self-guided-walking-e1611680357605.jpg","type":"image\/jpeg"}],"twitter_card":"summary_large_image","twitter_misc":{"Gesch\u00e4tzte Lesezeit":"4\u00a0Minuten"},"schema":{"@context":"https:\/\/schema.org","@graph":[{"@type":"WebPage","@id":"https:\/\/legendatours.com\/product\/porto-city-nature-1100s\/","url":"https:\/\/legendatours.com\/product\/porto-city-nature-1100s\/","name":"Selbstgef\u00fchrter Wanderurlaub in Porto: Stadt, Kulturerbe &amp; Natur - Legendary Adventure DMC Portugal","isPartOf":{"@id":"https:\/\/legendatours.com\/#website"},"primaryImageOfPage":{"@id":"https:\/\/legendatours.com\/product\/porto-city-nature-1100s\/#primaryimage"},"image":{"@id":"https:\/\/legendatours.com\/product\/porto-city-nature-1100s\/#primaryimage"},"thumbnailUrl":"https:\/\/legendatours.com\/wp-content\/uploads\/sites\/12\/2021\/04\/Porto-self-guided-walking-e1611680357605.jpg","datePublished":"2020-03-06T13:12:09+00:00","dateModified":"2022-01-02T22:52:40+00:00","description":"Ein selbstgef\u00fchrter Wanderurlaub in Porto, um die Stadt zu erkunden, die dem Portwein seinen Namen gegeben hat. Beinhaltet sch\u00f6ne K\u00fcstenwanderungen und Besuche in nahe gelegenen St\u00e4dten.","breadcrumb":{"@id":"https:\/\/legendatours.com\/product\/porto-city-nature-1100s\/#breadcrumb"},"inLanguage":"de","potentialAction":[{"@type":"ReadAction","target":["https:\/\/legendatours.com\/product\/porto-city-nature-1100s\/"]}]},{"@type":"ImageObject","inLanguage":"de","@id":"https:\/\/legendatours.com\/product\/porto-city-nature-1100s\/#primaryimage","url":"https:\/\/legendatours.com\/wp-content\/uploads\/sites\/12\/2021\/04\/Porto-self-guided-walking-e1611680357605.jpg","contentUrl":"https:\/\/legendatours.com\/wp-content\/uploads\/sites\/12\/2021\/04\/Porto-self-guided-walking-e1611680357605.jpg","width":1024,"height":683,"caption":"Porto, old town skyline from across the Douro River"},{"@type":"BreadcrumbList","@id":"https:\/\/legendatours.com\/product\/porto-city-nature-1100s\/#breadcrumb","itemListElement":[{"@type":"ListItem","position":1,"name":"Home","item":"https:\/\/legendatours.com\/"},{"@type":"ListItem","position":2,"name":"Shop","item":"https:\/\/legendatours.com\/sv\/?page_id=4"},{"@type":"ListItem","position":3,"name":"A Self-guided Walking Holiday in Porto crafted to explore the intriguing city that gave its name to Port wine. Grand historic buildings and magnificent churches rub shoulders with picturesque old quarters and a vibrant contemporary atmosphere."}]},{"@type":"WebSite","@id":"https:\/\/legendatours.com\/#website","url":"https:\/\/legendatours.com\/","name":"Legend\u00e4res Abenteuer DMC Portugal","description":"Verantwortungsvolles Wandern und Natururlaub in Portugal","publisher":{"@id":"https:\/\/legendatours.com\/#organization"},"alternateName":"Legendary Adventure Portugal","potentialAction":[{"@type":"SearchAction","target":{"@type":"EntryPoint","urlTemplate":"https:\/\/legendatours.com\/?s={search_term_string}"},"query-input":{"@type":"PropertyValueSpecification","valueRequired":true,"valueName":"search_term_string"}}],"inLanguage":"de"},{"@type":"Organization","@id":"https:\/\/legendatours.com\/#organization","name":"legendatours.com","url":"https:\/\/legendatours.com\/","logo":{"@type":"ImageObject","inLanguage":"de","@id":"https:\/\/legendatours.com\/#\/schema\/logo\/image\/","url":"https:\/\/legendatours.com\/wp-content\/uploads\/sites\/12\/2021\/06\/legendary_adventure_dmc.png","contentUrl":"https:\/\/legendatours.com\/wp-content\/uploads\/sites\/12\/2021\/06\/legendary_adventure_dmc.png","width":250,"height":74,"caption":"legendatours.com"},"image":{"@id":"https:\/\/legendatours.com\/#\/schema\/logo\/image\/"},"sameAs":["https:\/\/www.facebook.com\/legendaryadventuredmc\/","https:\/\/www.linkedin.com\/company\/legendary-adventure-dmc-portugal","https:\/\/www.youtube.com\/channel\/UCOIRDx_KM6ynIcacQkZjb6g"]}]}},"_links":{"self":[{"href":"https:\/\/legendatours.com\/de\/wp-json\/wp\/v2\/product\/8428","targetHints":{"allow":["GET"]}}],"collection":[{"href":"https:\/\/legendatours.com\/de\/wp-json\/wp\/v2\/product"}],"about":[{"href":"https:\/\/legendatours.com\/de\/wp-json\/wp\/v2\/types\/product"}],"replies":[{"embeddable":true,"href":"https:\/\/legendatours.com\/de\/wp-json\/wp\/v2\/comments?post=8428"}],"wp:featuredmedia":[{"embeddable":true,"href":"https:\/\/legendatours.com\/de\/wp-json\/wp\/v2\/media\/1774"}],"wp:attachment":[{"href":"https:\/\/legendatours.com\/de\/wp-json\/wp\/v2\/media?parent=8428"}],"wp:term":[{"taxonomy":"product_brand","embeddable":true,"href":"https:\/\/legendatours.com\/de\/wp-json\/wp\/v2\/product_brand?post=8428"},{"taxonomy":"product_cat","embeddable":true,"href":"https:\/\/legendatours.com\/de\/wp-json\/wp\/v2\/product_cat?post=8428"},{"taxonomy":"product_tag","embeddable":true,"href":"https:\/\/legendatours.com\/de\/wp-json\/wp\/v2\/product_tag?post=8428"}],"curies":[{"name":"wp","href":"https:\/\/api.w.org\/{rel}","templated":true}]}}