{"id":10180,"date":"2021-07-12T17:12:01","date_gmt":"2021-07-12T17:12:01","guid":{"rendered":"https:\/\/legendatours.com\/?page_id=10180"},"modified":"2021-08-22T18:37:29","modified_gmt":"2021-08-22T18:37:29","slug":"declaring-climate-emergency","status":"publish","type":"page","link":"https:\/\/legendatours.com\/fr\/declaring-climate-emergency\/","title":{"rendered":"Legendary Adventure d\u00e9clare l&#039;urgence climatique"},"content":{"rendered":"<div id=\"testimonials\"  data-column-margin=\"default\" data-midnight=\"dark\" data-bottom-percent=\"8%\"  class=\"wpb_row vc_row-fluid vc_row full-width-content vc_row-o-equal-height vc_row-flex vc_row-o-content-top\"  style=\"padding-top: 0px; padding-bottom: calc(100vw * 0.08); \"><div class=\"row-bg-wrap\" data-bg-animation=\"none\" data-bg-animation-delay=\"\" data-bg-overlay=\"false\"><div class=\"inner-wrap row-bg-layer\" ><div class=\"row-bg viewport-desktop\"  style=\"\"><\/div><\/div><\/div><div class=\"row_col_wrap_12 col span_12 dark left\">\n\t<div  class=\"vc_col-sm-12 wpb_column column_container vc_column_container col no-extra-padding inherit_tablet inherit_phone\"  data-padding-pos=\"all\" data-has-bg-color=\"false\" data-bg-color=\"\" data-bg-opacity=\"1\" data-animation=\"\" data-delay=\"0\" >\n\t\t<div class=\"vc_column-inner\" >\n\t\t\t<div class=\"wpb_wrapper\">\n\t\t\t\t\n\t\t\t<\/div> \n\t\t<\/div>\n\t<\/div> \n<\/div><\/div>\n\t\t<div id=\"testimonials\"  data-column-margin=\"default\" data-midnight=\"dark\"  class=\"wpb_row vc_row-fluid vc_row full-width-section\"  style=\"padding-top: 0px; padding-bottom: 0px; \"><div class=\"row-bg-wrap\" data-bg-animation=\"none\" data-bg-animation-delay=\"\" data-bg-overlay=\"false\"><div class=\"inner-wrap row-bg-layer\" ><div class=\"row-bg viewport-desktop\"  style=\"\"><\/div><\/div><\/div><div class=\"row_col_wrap_12 col span_12 dark left\">\n\t<div  class=\"vc_col-sm-12 wpb_column column_container vc_column_container col no-extra-padding inherit_tablet inherit_phone\"  data-padding-pos=\"all\" data-has-bg-color=\"false\" data-bg-color=\"\" data-bg-opacity=\"1\" data-animation=\"\" data-delay=\"0\" >\n\t\t<div class=\"vc_column-inner\" >\n\t\t\t<div class=\"wpb_wrapper\">\n\t\t\t\t<div id=\"fws_69f40a5222924\" data-midnight=\"\" data-column-margin=\"default\" class=\"wpb_row vc_row-fluid vc_row inner_row\"  style=\"\"><div class=\"row-bg-wrap\"> <div class=\"row-bg\" ><\/div> <\/div><div class=\"row_col_wrap_12_inner col span_12  left\">\n\t<div  class=\"vc_col-sm-12 wpb_column column_container vc_column_container col child_column no-extra-padding inherit_tablet inherit_phone\"   data-padding-pos=\"all\" data-has-bg-color=\"false\" data-bg-color=\"\" data-bg-opacity=\"1\" data-animation=\"\" data-delay=\"0\" >\n\t\t<div class=\"vc_column-inner\" >\n\t\t<div class=\"wpb_wrapper\">\n\t\t\t<h2 style=\"color: #1e1e31;text-align: left;font-family:Yanone Kaffeesatz;font-weight:400;font-style:normal\" class=\"vc_custom_heading vc_do_custom_heading\" >LEGENDARY ADVENTURE D\u00c9CLARE UNE URGENCE CLIMATIQUE<\/h2><div class=\"divider-wrap\" data-alignment=\"default\"><div style=\"margin-top: 10px; height: 1px; margin-bottom: 10px;\" data-width=\"100%\" data-animate=\"\" data-animation-delay=\"\" data-color=\"default\" class=\"divider-border\"><\/div><\/div>\n<div class=\"wpb_text_column wpb_content_element  vc_custom_1626111380280\" >\n\t<p>&nbsp;<\/p>\n<h3>C&#039;est pourquoi:<\/h3>\n<p>&nbsp;<\/p>\n<p>Au cours des 10 derni\u00e8res ann\u00e9es, Legendary Adventure a accueilli de petits groupes de randonneurs et de voyageurs de la nature au Portugal, leur offrant un contact \u00e9troit avec les merveilles naturelles et la culture de notre pays.<\/p>\n<p>Nous avons toujours eu une approche du voyage lent, avec des exp\u00e9riences qui renvoient aux lieux que nous visitons et aux personnes que nous rencontrons. Nous utilisons des fournisseurs locaux, d\u00e9tenus et g\u00e9r\u00e9s par des populations locales, mangeons dans des restaurants locaux et s\u00e9journons dans des h\u00e9bergements g\u00e9r\u00e9s localement.<\/p>\n<p>Nous sommes reconnus comme une entreprise de tourisme durable par l&#039;Office du tourisme portugais, et le c\u0153ur de notre activit\u00e9 est d&#039;explorer notre beau pays \u00e0 pied ou \u00e0 v\u00e9lo, mais nous ne pouvons pas ignorer que nous faisons partie d&#039;une industrie avec un \u00e9norme impact n\u00e9gatif sur notre plan\u00e8te et sur nos ressources communes.<\/p>\n<p>L&#039;industrie du tourisme est responsable \u00e0 elle seule de 8% de l&#039;empreinte carbone mondiale. Pour cela, et parce qu&#039;un changement est absolument n\u00e9cessaire et in\u00e9vitable, nous avons d\u00e9cid\u00e9 de rejoindre le <a href=\"https:\/\/www.tourismdeclares.com\/\" target=\"_blank\" rel=\"noopener\">r\u00e9seau d&#039;organisations, d&#039;entreprises et de personnes travaillant dans le tourisme qui ont d\u00e9clar\u00e9 une urgence climatique<\/a>.<\/p>\n<p>Nous croyons qu&#039;il est de notre responsabilit\u00e9 personnelle et sociale, en tant qu&#039;entreprise et groupe d&#039;\u00eatres humains qui aiment la nature et voyager, de faire tout notre possible pour pr\u00e9server cette terre pour nos g\u00e9n\u00e9rations futures.<\/p>\n<p>Nous travaillons d\u00e9j\u00e0 sur une politique de z\u00e9ro d\u00e9chet en d\u00e9charge dans notre si\u00e8ge social, et nous \u00e9tudions des solutions pour r\u00e9duire encore plus notre empreinte.<\/p>\n<p>Pour tout cela, nous avons rejoint le Tourisme D\u00e9clare une Urgence Climatique, un collectif de 287 organisations de voyages, entreprises et professionnels qui ont d\u00e9clar\u00e9 une urgence climatique et se r\u00e9unissent pour trouver des solutions.<\/p>\n<p>Nous reconnaissons que la science d\u00e9clare que nous devons agir maintenant pour faire face \u00e0 cette crise au cours de la prochaine d\u00e9cennie.<\/p>\n<p>Nous acceptons notre responsabilit\u00e9 de dire la v\u00e9rit\u00e9, de travailler ensemble et d&#039;aider \u00e0 construire une nouvelle industrie du tourisme r\u00e9g\u00e9n\u00e9ratrice.<\/p>\n<p>Nous nous sommes engag\u00e9s dans les cinq actions suivantes :<\/p>\n<ol>\n<li>\u00c9laborer un \u00ab\u00a0plan d&#039;urgence climatique\u00a0\u00bb au cours des 12 prochains mois, qui d\u00e9finit nos intentions de r\u00e9duire les \u00e9missions de carbone au cours de la prochaine d\u00e9cennie.<\/li>\n<li>Partagez une premi\u00e8re d\u00e9claration publique de notre \u00ab\u00a0Plan d&#039;urgence climatique\u00a0\u00bb et faites le point sur les progr\u00e8s r\u00e9alis\u00e9s chaque ann\u00e9e.<\/li>\n<li>Acceptez les conseils actuels du GIEC indiquant la n\u00e9cessit\u00e9 de r\u00e9duire les \u00e9missions mondiales de carbone \u00e0 55% en dessous des niveaux de 2017 d&#039;ici 2030 afin de maintenir la plan\u00e8te \u00e0 moins de 1,5 degr\u00e9 de r\u00e9chauffement. Nous veillerons \u00e0 ce que notre \u00ab\u00a0plan d&#039;urgence climatique\u00a0\u00bb repr\u00e9sente des actions con\u00e7ues pour atteindre cet objectif au minimum, en offrant des r\u00e9ductions transparentes, mesurables et croissantes des \u00e9missions totales de carbone par client r\u00e9sultant de nos op\u00e9rations et des services de voyage que nous vendons.<\/li>\n<li>Inciter nos fournisseurs et partenaires \u00e0 faire la m\u00eame d\u00e9claration ; partager les meilleures pratiques entre pairs; et participer activement \u00e0 la communaut\u00e9 des D\u00e9clarations Tourisme<\/li>\n<li>Plaider pour le changement. Nous reconnaissons la n\u00e9cessit\u00e9 d&#039;un changement de syst\u00e8me dans l&#039;ensemble de l&#039;industrie et appelons \u00e0 une action r\u00e9glementaire urgente pour acc\u00e9l\u00e9rer la transition vers un transport a\u00e9rien z\u00e9ro carbone.<\/li>\n<\/ol>\n<p>Nous partageons la conviction profonde que le voyage responsable m\u00e8ne au tourisme durable, et les principes et objectifs fondamentaux de nos politiques de d\u00e9veloppement durable peuvent \u00eatre lus <a href=\"https:\/\/legendatours.com\/fr\/sustainable-tourism\/\">ici<\/a>.<\/p>\n<p>Il s&#039;agit d&#039;un document et d&#039;un processus en marche, vers une fa\u00e7on de voyager meilleure et plus juste.<\/p>\n<\/div>\n\n\n\n\n\t\t<\/div> \n\t<\/div>\n\t<\/div> \n<\/div><\/div>\n\t\t\t<\/div> \n\t\t<\/div>\n\t<\/div> \n<\/div><\/div>","protected":false},"excerpt":{"rendered":"LEGENDARY ADVENTURE D\u00c9CLARE UNE URGENCE CLIMATIQUE C&#039;est pourquoi : Depuis 10 ans, Legendary Adventure accueille de petits groupes de randonneurs et de voyageurs de la nature au Portugal, leur offrant un contact \u00e9troit avec les merveilles naturelles et la culture de notre pays. Nous avons toujours eu une approche du voyage lent, avec des exp\u00e9riences qui redonnent aux endroits que nous visitons, et le...","protected":false},"author":8,"featured_media":0,"parent":0,"menu_order":0,"comment_status":"closed","ping_status":"closed","template":"","meta":{"_acf_changed":false,"inline_featured_image":false,"footnotes":""},"class_list":["post-10180","page","type-page","status-publish"],"acf":[],"yoast_head":"<!-- This site is optimized with the Yoast SEO Premium plugin v26.8 (Yoast SEO v27.5) - https:\/\/yoast.com\/product\/yoast-seo-premium-wordpress\/ -->\n<title>Legendary Adventure is declaring Climate Emergency<\/title>\n<meta name=\"description\" content=\"LEGENDARY ADVENTURE DECLARES A CLIMATE EMERGENCY\" \/>\n<meta name=\"robots\" content=\"index, follow, max-snippet:-1, max-image-preview:large, max-video-preview:-1\" \/>\n<link rel=\"canonical\" href=\"https:\/\/legendatours.com\/fr\/declaring-climate-emergency\/\" \/>\n<meta property=\"og:locale\" content=\"fr_FR\" \/>\n<meta property=\"og:type\" content=\"article\" \/>\n<meta property=\"og:title\" content=\"LEGENDARY ADVENTURE DECLARES A CLIMATE EMERGENCY\" \/>\n<meta property=\"og:description\" content=\"LEGENDARY ADVENTURE DECLARES A CLIMATE EMERGENCY\" \/>\n<meta property=\"og:url\" content=\"https:\/\/legendatours.com\/fr\/declaring-climate-emergency\/\" \/>\n<meta property=\"og:site_name\" content=\"Legendary Adventure DMC Portugal\" \/>\n<meta property=\"article:publisher\" content=\"https:\/\/www.facebook.com\/legendaryadventuredmc\/\" \/>\n<meta property=\"article:modified_time\" content=\"2021-08-22T18:37:29+00:00\" \/>\n<meta property=\"og:image\" content=\"https:\/\/legendatours.com\/wp-content\/uploads\/sites\/12\/2021\/06\/legendary_adventure_declares_climate_emergency.png\" \/>\n\t<meta property=\"og:image:width\" content=\"134\" \/>\n\t<meta property=\"og:image:height\" content=\"59\" \/>\n\t<meta property=\"og:image:type\" content=\"image\/png\" \/>\n<meta name=\"twitter:card\" content=\"summary_large_image\" \/>\n<meta name=\"twitter:title\" content=\"LEGENDARY ADVENTURE DECLARES A CLIMATE EMERGENCY\" \/>\n<meta name=\"twitter:description\" content=\"LEGENDARY ADVENTURE DECLARES A CLIMATE EMERGENCY\" \/>\n<meta name=\"twitter:image\" content=\"https:\/\/legendatours.com\/wp-content\/uploads\/sites\/12\/2021\/06\/legendary_adventure_declares_climate_emergency.png\" \/>\n<meta name=\"twitter:label1\" content=\"Dur\u00e9e de lecture estim\u00e9e\" \/>\n\t<meta name=\"twitter:data1\" content=\"3 minutes\" \/>\n<script type=\"application\/ld+json\" class=\"yoast-schema-graph\">{\"@context\":\"https:\\\/\\\/schema.org\",\"@graph\":[{\"@type\":\"WebPage\",\"@id\":\"https:\\\/\\\/legendatours.com\\\/fr\\\/declaring-climate-emergency\\\/\",\"url\":\"https:\\\/\\\/legendatours.com\\\/fr\\\/declaring-climate-emergency\\\/\",\"name\":\"Legendary Adventure is declaring Climate Emergency\",\"isPartOf\":{\"@id\":\"https:\\\/\\\/legendatours.com\\\/#website\"},\"datePublished\":\"2021-07-12T17:12:01+00:00\",\"dateModified\":\"2021-08-22T18:37:29+00:00\",\"description\":\"LEGENDARY ADVENTURE DECLARES A CLIMATE EMERGENCY\",\"breadcrumb\":{\"@id\":\"https:\\\/\\\/legendatours.com\\\/fr\\\/declaring-climate-emergency\\\/#breadcrumb\"},\"inLanguage\":\"fr-FR\",\"potentialAction\":[{\"@type\":\"ReadAction\",\"target\":[\"https:\\\/\\\/legendatours.com\\\/fr\\\/declaring-climate-emergency\\\/\"]}]},{\"@type\":\"BreadcrumbList\",\"@id\":\"https:\\\/\\\/legendatours.com\\\/fr\\\/declaring-climate-emergency\\\/#breadcrumb\",\"itemListElement\":[{\"@type\":\"ListItem\",\"position\":1,\"name\":\"Home\",\"item\":\"https:\\\/\\\/legendatours.com\\\/\"},{\"@type\":\"ListItem\",\"position\":2,\"name\":\"Legendary Adventure is declaring Climate Emergency\"}]},{\"@type\":\"WebSite\",\"@id\":\"https:\\\/\\\/legendatours.com\\\/#website\",\"url\":\"https:\\\/\\\/legendatours.com\\\/\",\"name\":\"Legendary Adventure DMC Portugal\",\"description\":\"Responsible Walking &amp; Nature Holidays in Portugal\",\"publisher\":{\"@id\":\"https:\\\/\\\/legendatours.com\\\/#organization\"},\"alternateName\":\"Legendary Adventure Portugal\",\"potentialAction\":[{\"@type\":\"SearchAction\",\"target\":{\"@type\":\"EntryPoint\",\"urlTemplate\":\"https:\\\/\\\/legendatours.com\\\/?s={search_term_string}\"},\"query-input\":{\"@type\":\"PropertyValueSpecification\",\"valueRequired\":true,\"valueName\":\"search_term_string\"}}],\"inLanguage\":\"fr-FR\"},{\"@type\":\"Organization\",\"@id\":\"https:\\\/\\\/legendatours.com\\\/#organization\",\"name\":\"legendatours.com\",\"url\":\"https:\\\/\\\/legendatours.com\\\/\",\"logo\":{\"@type\":\"ImageObject\",\"inLanguage\":\"fr-FR\",\"@id\":\"https:\\\/\\\/legendatours.com\\\/#\\\/schema\\\/logo\\\/image\\\/\",\"url\":\"https:\\\/\\\/legendatours.com\\\/wp-content\\\/uploads\\\/sites\\\/12\\\/2021\\\/06\\\/legendary_adventure_dmc.png\",\"contentUrl\":\"https:\\\/\\\/legendatours.com\\\/wp-content\\\/uploads\\\/sites\\\/12\\\/2021\\\/06\\\/legendary_adventure_dmc.png\",\"width\":250,\"height\":74,\"caption\":\"legendatours.com\"},\"image\":{\"@id\":\"https:\\\/\\\/legendatours.com\\\/#\\\/schema\\\/logo\\\/image\\\/\"},\"sameAs\":[\"https:\\\/\\\/www.facebook.com\\\/legendaryadventuredmc\\\/\",\"https:\\\/\\\/www.linkedin.com\\\/company\\\/legendary-adventure-dmc-portugal\",\"https:\\\/\\\/www.youtube.com\\\/channel\\\/UCOIRDx_KM6ynIcacQkZjb6g\"]}]}<\/script>\n<!-- \/ Yoast SEO Premium plugin. -->","yoast_head_json":{"title":"Legendary Adventure d\u00e9clare l&#039;urgence climatique","description":"LEGENDARY ADVENTURE D\u00c9CLARE UNE URGENCE CLIMATIQUE","robots":{"index":"index","follow":"follow","max-snippet":"max-snippet:-1","max-image-preview":"max-image-preview:large","max-video-preview":"max-video-preview:-1"},"canonical":"https:\/\/legendatours.com\/fr\/declaring-climate-emergency\/","og_locale":"fr_FR","og_type":"article","og_title":"LEGENDARY ADVENTURE DECLARES A CLIMATE EMERGENCY","og_description":"LEGENDARY ADVENTURE DECLARES A CLIMATE EMERGENCY","og_url":"https:\/\/legendatours.com\/fr\/declaring-climate-emergency\/","og_site_name":"Legendary Adventure DMC Portugal","article_publisher":"https:\/\/www.facebook.com\/legendaryadventuredmc\/","article_modified_time":"2021-08-22T18:37:29+00:00","og_image":[{"width":134,"height":59,"url":"https:\/\/legendatours.com\/wp-content\/uploads\/sites\/12\/2021\/06\/legendary_adventure_declares_climate_emergency.png","type":"image\/png"}],"twitter_card":"summary_large_image","twitter_title":"LEGENDARY ADVENTURE DECLARES A CLIMATE EMERGENCY","twitter_description":"LEGENDARY ADVENTURE DECLARES A CLIMATE EMERGENCY","twitter_image":"https:\/\/legendatours.com\/wp-content\/uploads\/sites\/12\/2021\/06\/legendary_adventure_declares_climate_emergency.png","twitter_misc":{"Dur\u00e9e de lecture estim\u00e9e":"3 minutes"},"schema":{"@context":"https:\/\/schema.org","@graph":[{"@type":"WebPage","@id":"https:\/\/legendatours.com\/fr\/declaring-climate-emergency\/","url":"https:\/\/legendatours.com\/fr\/declaring-climate-emergency\/","name":"Legendary Adventure d\u00e9clare l&#039;urgence climatique","isPartOf":{"@id":"https:\/\/legendatours.com\/#website"},"datePublished":"2021-07-12T17:12:01+00:00","dateModified":"2021-08-22T18:37:29+00:00","description":"LEGENDARY ADVENTURE D\u00c9CLARE UNE URGENCE CLIMATIQUE","breadcrumb":{"@id":"https:\/\/legendatours.com\/fr\/declaring-climate-emergency\/#breadcrumb"},"inLanguage":"fr-FR","potentialAction":[{"@type":"ReadAction","target":["https:\/\/legendatours.com\/fr\/declaring-climate-emergency\/"]}]},{"@type":"BreadcrumbList","@id":"https:\/\/legendatours.com\/fr\/declaring-climate-emergency\/#breadcrumb","itemListElement":[{"@type":"ListItem","position":1,"name":"Home","item":"https:\/\/legendatours.com\/"},{"@type":"ListItem","position":2,"name":"Legendary Adventure is declaring Climate Emergency"}]},{"@type":"WebSite","@id":"https:\/\/legendatours.com\/#website","url":"https:\/\/legendatours.com\/","name":"Aventure l\u00e9gendaire DMC Portugal","description":"Randonn\u00e9es responsables et vacances nature au Portugal","publisher":{"@id":"https:\/\/legendatours.com\/#organization"},"alternateName":"Legendary Adventure Portugal","potentialAction":[{"@type":"SearchAction","target":{"@type":"EntryPoint","urlTemplate":"https:\/\/legendatours.com\/?s={search_term_string}"},"query-input":{"@type":"PropertyValueSpecification","valueRequired":true,"valueName":"search_term_string"}}],"inLanguage":"fr-FR"},{"@type":"Organization","@id":"https:\/\/legendatours.com\/#organization","name":"legendatours.com","url":"https:\/\/legendatours.com\/","logo":{"@type":"ImageObject","inLanguage":"fr-FR","@id":"https:\/\/legendatours.com\/#\/schema\/logo\/image\/","url":"https:\/\/legendatours.com\/wp-content\/uploads\/sites\/12\/2021\/06\/legendary_adventure_dmc.png","contentUrl":"https:\/\/legendatours.com\/wp-content\/uploads\/sites\/12\/2021\/06\/legendary_adventure_dmc.png","width":250,"height":74,"caption":"legendatours.com"},"image":{"@id":"https:\/\/legendatours.com\/#\/schema\/logo\/image\/"},"sameAs":["https:\/\/www.facebook.com\/legendaryadventuredmc\/","https:\/\/www.linkedin.com\/company\/legendary-adventure-dmc-portugal","https:\/\/www.youtube.com\/channel\/UCOIRDx_KM6ynIcacQkZjb6g"]}]}},"_links":{"self":[{"href":"https:\/\/legendatours.com\/fr\/wp-json\/wp\/v2\/pages\/10180","targetHints":{"allow":["GET"]}}],"collection":[{"href":"https:\/\/legendatours.com\/fr\/wp-json\/wp\/v2\/pages"}],"about":[{"href":"https:\/\/legendatours.com\/fr\/wp-json\/wp\/v2\/types\/page"}],"author":[{"embeddable":true,"href":"https:\/\/legendatours.com\/fr\/wp-json\/wp\/v2\/users\/8"}],"replies":[{"embeddable":true,"href":"https:\/\/legendatours.com\/fr\/wp-json\/wp\/v2\/comments?post=10180"}],"version-history":[{"count":0,"href":"https:\/\/legendatours.com\/fr\/wp-json\/wp\/v2\/pages\/10180\/revisions"}],"wp:attachment":[{"href":"https:\/\/legendatours.com\/fr\/wp-json\/wp\/v2\/media?parent=10180"}],"curies":[{"name":"wp","href":"https:\/\/api.w.org\/{rel}","templated":true}]}}